{"id":11961,"date":"2020-12-21T10:00:07","date_gmt":"2020-12-21T09:00:07","guid":{"rendered":"http:\/\/onlinelotto365.net\/?page_id=11961"},"modified":"2021-01-06T14:51:22","modified_gmt":"2021-01-06T13:51:22","slug":"oz-lotto","status":"publish","type":"page","link":"https:\/\/onlinelotto365.com\/pt-pt\/jogar\/oz-lotto\/","title":{"rendered":"Jogar na Oz Lotto \u00e9 apenas uma das op\u00e7\u00f5es para os f\u00e3s da lotaria do Brasil"},"content":{"rendered":"<h2>Como jogar on-line Oz Lotto<\/h2>\n<p>Quer more na Austr\u00e1lia ou n\u00e3o, voc\u00ea pode <strong> jogar on-line Oz Lotto <\/strong> com facilidade. Isso porque tudo que voc\u00ea precisa fazer \u00e9 encontrar a p\u00e1gina certa em nosso site, clicar em alguns bot\u00f5es e, antes que voc\u00ea perceba, ter\u00e1 os ingressos que deseja.<\/p>\n<p>Melhor ainda, basta configurar uma conta totalmente gratuita, <a href=\"https:\/\/onlinelotto365.com\/pt-pt\/jogar\"> escolher os ingressos <\/a> e os n\u00fameros que deseja, selecionar a op\u00e7\u00e3o de pagamento que funciona melhor para voc\u00ea e pronto. \u00c9 realmente simples assim.<\/p>\n<p>Se voc\u00ea estiver pronto para ir, a primeira coisa que voc\u00ea precisa fazer \u00e9 escolher a loteria que deseja. Nesse caso, voc\u00ea est\u00e1 olhando para a Oz Lotto. Depois de entrar, basta escolher os n\u00fameros que deseja jogar. Voc\u00ea nem mesmo precisa se preocupar em escolher seus n\u00fameros incorretamente porque o sistema avisar\u00e1 do que voc\u00ea precisa.<\/p>\n<p>Isso significa a quantidade de n\u00fameros tamb\u00e9m. Al\u00e9m disso, voc\u00ea pode escolher uma escolha r\u00e1pida para que o computador selecione aleatoriamente seus n\u00fameros e, em seguida, edite esses n\u00fameros tamb\u00e9m.<br \/>\nDepois de obter os ingressos que deseja para a Oz Lotto, voc\u00ea pode optar por adicionar ainda mais ingressos, escolher um jogo diferente e adicionar esses ingressos ou apenas adicionar seus ingressos a um pedido de compra. Fa\u00e7a check-out e pague do Brasil com o seu m\u00e9todo de pagamento preferido e pronto. Embora, \u00e9 claro, voc\u00ea precise criar uma conta para concluir o processo de finaliza\u00e7\u00e3o da compra.<\/p>\n<p>Criar a conta \u00e9 f\u00e1cil e recebemos um e-mail de verifica\u00e7\u00e3o e um link imediatamente. Dessa forma, voc\u00ea pode come\u00e7ar a <a href=\"https:\/\/onlinelotto365.com\/pt-pt\/comprar-bilhetes\"> comprar os ingressos <\/a> sem ter que esperar. Certifique-se de que est\u00e1 verificando sua caixa de entrada e sua pasta de spam, porque voc\u00ea n\u00e3o conseguir\u00e1 obter seus t\u00edquetes a menos que confirme. Voc\u00ea estar\u00e1 pronto para ir em nenhum momento.<br \/>\n<a href=\"https:\/\/redfoxlotto.com\/pt\/oz-lotto\/?ref=a8564250a2&amp;medium=ol365\" target=\"_blank\" rel=\"noopener noreferrer\"> <img decoding=\"async\" class=\"aligncenter\" src=\" https:\/\/redfoxlotto.com\/image?size=8&amp;lottery=oz-lotto \" alt=\" Oz Lotto \" \/> <\/a><\/p>\n<h2>Sobre a Oz Lotto<\/h2>\n<ul>\n<li style=\"list-style-type: none;\">\n<ul>\n<li>Pa\u00eds: Austr\u00e1lia<\/li>\n<li>Faixa de n\u00fameros principais: 45<\/li>\n<li>Voc\u00ea deve selecionar: 7<\/li>\n<li>Dias, horas dos sorteios: ter\u00e7a-feira, 21:30 GMT + 11 &#8211; 10:30 CET<\/li>\n<li>O jackpot come\u00e7a em: AU $ 2 milh\u00f5es<\/li>\n<li>O jackpot \u00e9 limitado a: nenhum<\/li>\n<li>Chance de ganhar o jackpot: 1 em 45379620<\/li>\n<li>Chance de ganhar o segundo pr\u00eamio: 1 em 3241401<\/li>\n<li>Chance de ganhar qualquer pr\u00eamio: 1 em 54,59<\/li>\n<li>N\u00famero de categorias de pr\u00eamios: 7<\/li>\n<\/ul>\n<\/li>\n<\/ul>\n<h2>Melhores recursos da Oz Lotto<\/h2>\n<p>A Oz Lotto oferece aos f\u00e3s de loteria do Brasil a <strong> oportunidade de ganhar em sete divis\u00f5es diferentes <\/strong>, aumentando suas chances de ganhar um grande pr\u00eamio. N\u00e3o s\u00f3 isso, mas se voc\u00ea ganhar na Divis\u00e3o 1, voc\u00ea tem a garantia de dividir um pr\u00eamio de $ 2 milh\u00f5es, e geralmente muito mais alto. Isso significa que voc\u00ea n\u00e3o ter\u00e1 nenhum problema em ganhar algo grande, ou pelo menos ganhar uma parte de uma das op\u00e7\u00f5es de grandes pr\u00eamios.<\/p>\n<h2>Como verificar os resultados da Oz Lotto<\/h2>\n<p>Existem v\u00e1rias maneiras de <a href=\"https:\/\/onlinelotto365.com\/pt-pt\/numeros-vencedores\"> verificar os n\u00fameros vencedores <\/a> da Oz Lotto. A primeira \u00e9 acessando o site oficial ou conferindo as loterias locais em seu pr\u00f3prio jornal ou canal de not\u00edcias favorito. Mas isso s\u00f3 funciona se o jogo for local. E a melhor maneira de obter seus n\u00fameros de loteria \u00e9 voltando ao nosso site.<br \/>\nAfinal, voc\u00ea comprou seus ingressos aqui, por que n\u00e3o? Voc\u00ea poder\u00e1 fazer login diretamente em sua conta e comparar seus n\u00fameros com os n\u00fameros vencedores para ver o quanto voc\u00ea ganhou.<\/p>\n<h2>Voc\u00ea \u00e9 um Vencedor da Oz Lotto! &#8211; E agora? <img loading=\"lazy\" decoding=\"async\" width=\"300\" height=\"300\" class=\"alignright wp-image-3635\" src=\"https:\/\/onlinelotto365.com\/wp-content\/uploads\/2020\/11\/online_lottery-123-300x300.jpg\" alt=\"play oz lotto online \" srcset=\"https:\/\/onlinelotto365.com\/wp-content\/uploads\/2020\/11\/online_lottery-123-300x300.jpg 300w, https:\/\/onlinelotto365.com\/wp-content\/uploads\/2020\/11\/online_lottery-123-100x100.jpg 100w, https:\/\/onlinelotto365.com\/wp-content\/uploads\/2020\/11\/online_lottery-123-150x150.jpg 150w, https:\/\/onlinelotto365.com\/wp-content\/uploads\/2020\/11\/online_lottery-123.jpg 320w\" sizes=\"auto, (max-width: 300px) 100vw, 300px\" \/><\/h2>\n<p>A primeira coisa que voc\u00ea vai querer saber \u00e9 quanto voc\u00ea vai receber. Afinal, todo mundo quer saber sobre seus ganhos, certo? Se voc\u00ea ganhou menos de \u20ac 2500, n\u00e3o ter\u00e1 que fazer nada. N\u00f3s nos encarregamos de reivindicar o pr\u00eamio e coloc\u00e1-lo diretamente em sua conta online. A partir da\u00ed, voc\u00ea pode escolher entre retir\u00e1-lo, comprar novos ingressos ou qualquer outra coisa que quiser, desde que voc\u00ea tenha mais de \u20ac 10, isto \u00e9.<\/p>\n<p>Agora, se voc\u00ea ganhou mais de \u20ac 2.500, h\u00e1 um pouco mais envolvido no processo, mas n\u00e3o se preocupe porque n\u00f3s o ajudaremos em tudo isso. Entraremos em contato com voc\u00ea e obteremos uma c\u00f3pia do formul\u00e1rio de reivindica\u00e7\u00e3o que deve ser enviado \u00e0 comiss\u00e3o de loteria. Depois de preench\u00ea-lo, voc\u00ea poder\u00e1 receber seus ganhos de acordo com o que enviou no papel. Voc\u00ea pode obter um cheque ou transfer\u00eancia banc\u00e1ria.<\/p>\n","protected":false},"excerpt":{"rendered":"<p>Como jogar on-line Oz Lotto Quer more na Austr\u00e1lia ou n\u00e3o, voc\u00ea pode jogar on-line Oz Lotto com facilidade. Isso porque tudo que voc\u00ea precisa fazer \u00e9 encontrar a p\u00e1gina certa em nosso site, clicar em alguns bot\u00f5es e, antes que voc\u00ea perceba, ter\u00e1 os ingressos que deseja. Melhor ainda, basta configurar uma conta totalmente [&hellip;]<\/p>\n","protected":false},"author":1,"featured_media":0,"parent":5031,"menu_order":14,"comment_status":"closed","ping_status":"closed","template":"template-rightsidebar.php","meta":{"_et_pb_use_builder":"","_et_pb_old_content":"","_et_gb_content_width":"","exclude_from_search":false,"footnotes":""},"class_list":["post-11961","page","type-page","status-publish","hentry"],"yoast_head":"<!-- This site is optimized with the Yoast SEO plugin v23.4 - https:\/\/yoast.com\/wordpress\/plugins\/seo\/ -->\n<title>Jogue Oz Lotto aqui mesmo - as maiores lotarias do planeta, dispon\u00edveis online a partir do Brasil<\/title>\n<meta name=\"description\" content=\"Jogar muitas lotarias internacionais online, incluindo OzLotto\" \/>\n<meta name=\"robots\" content=\"index, follow, max-snippet:-1, max-image-preview:large, max-video-preview:-1\" \/>\n<link rel=\"canonical\" href=\"https:\/\/onlinelotto365.com\/pt-pt\/jogar\/oz-lotto\/\" \/>\n<meta property=\"og:locale\" content=\"pt_PT\" \/>\n<meta property=\"og:type\" content=\"article\" \/>\n<meta property=\"og:title\" content=\"Jogue Oz Lotto aqui mesmo - as maiores lotarias do planeta, dispon\u00edveis online a partir do Brasil\" \/>\n<meta property=\"og:description\" content=\"Jogar muitas lotarias internacionais online, incluindo OzLotto\" \/>\n<meta property=\"og:url\" content=\"https:\/\/onlinelotto365.com\/pt-pt\/jogar\/oz-lotto\/\" \/>\n<meta property=\"og:site_name\" content=\"OnlineLotto365\" \/>\n<meta property=\"article:modified_time\" content=\"2021-01-06T13:51:22+00:00\" \/>\n<meta property=\"og:image\" content=\"https:\/\/onlinelotto365.com\/wp-content\/uploads\/2020\/11\/online_lottery-123-300x300.jpg\" \/>\n<meta name=\"twitter:card\" content=\"summary_large_image\" \/>\n<meta name=\"twitter:label1\" content=\"Tempo estimado de leitura\" \/>\n\t<meta name=\"twitter:data1\" content=\"4 minutos\" \/>\n<script type=\"application\/ld+json\" class=\"yoast-schema-graph\">{\"@context\":\"https:\/\/schema.org\",\"@graph\":[{\"@type\":\"WebPage\",\"@id\":\"https:\/\/onlinelotto365.com\/pt-pt\/jogar\/oz-lotto\/\",\"url\":\"https:\/\/onlinelotto365.com\/pt-pt\/jogar\/oz-lotto\/\",\"name\":\"Jogue Oz Lotto aqui mesmo - as maiores lotarias do planeta, dispon\u00edveis online a partir do Brasil\",\"isPartOf\":{\"@id\":\"https:\/\/onlinelotto365.com\/pt-pt\/#website\"},\"primaryImageOfPage\":{\"@id\":\"https:\/\/onlinelotto365.com\/pt-pt\/jogar\/oz-lotto\/#primaryimage\"},\"image\":{\"@id\":\"https:\/\/onlinelotto365.com\/pt-pt\/jogar\/oz-lotto\/#primaryimage\"},\"thumbnailUrl\":\"https:\/\/onlinelotto365.com\/wp-content\/uploads\/2020\/11\/online_lottery-123-300x300.jpg\",\"datePublished\":\"2020-12-21T09:00:07+00:00\",\"dateModified\":\"2021-01-06T13:51:22+00:00\",\"description\":\"Jogar muitas lotarias internacionais online, incluindo OzLotto\",\"breadcrumb\":{\"@id\":\"https:\/\/onlinelotto365.com\/pt-pt\/jogar\/oz-lotto\/#breadcrumb\"},\"inLanguage\":\"pt-PT\",\"potentialAction\":[{\"@type\":\"ReadAction\",\"target\":[\"https:\/\/onlinelotto365.com\/pt-pt\/jogar\/oz-lotto\/\"]}]},{\"@type\":\"ImageObject\",\"inLanguage\":\"pt-PT\",\"@id\":\"https:\/\/onlinelotto365.com\/pt-pt\/jogar\/oz-lotto\/#primaryimage\",\"url\":\"https:\/\/onlinelotto365.com\/wp-content\/uploads\/2020\/11\/online_lottery-123-300x300.jpg\",\"contentUrl\":\"https:\/\/onlinelotto365.com\/wp-content\/uploads\/2020\/11\/online_lottery-123-300x300.jpg\"},{\"@type\":\"BreadcrumbList\",\"@id\":\"https:\/\/onlinelotto365.com\/pt-pt\/jogar\/oz-lotto\/#breadcrumb\",\"itemListElement\":[{\"@type\":\"ListItem\",\"position\":1,\"name\":\"Home\",\"item\":\"https:\/\/onlinelotto365.com\/pt-pt\/\"},{\"@type\":\"ListItem\",\"position\":2,\"name\":\"Tudo o que precisa de saber sobre as suas op\u00e7\u00f5es para jogar as melhores lotarias online\",\"item\":\"https:\/\/onlinelotto365.com\/pt-pt\/play\/\"},{\"@type\":\"ListItem\",\"position\":3,\"name\":\"Jogar na Oz Lotto \u00e9 apenas uma das op\u00e7\u00f5es para os f\u00e3s da lotaria do Brasil\"}]},{\"@type\":\"WebSite\",\"@id\":\"https:\/\/onlinelotto365.com\/pt-pt\/#website\",\"url\":\"https:\/\/onlinelotto365.com\/pt-pt\/\",\"name\":\"OnlineLotto365\",\"description\":\"\",\"potentialAction\":[{\"@type\":\"SearchAction\",\"target\":{\"@type\":\"EntryPoint\",\"urlTemplate\":\"https:\/\/onlinelotto365.com\/pt-pt\/?s={search_term_string}\"},\"query-input\":{\"@type\":\"PropertyValueSpecification\",\"valueRequired\":true,\"valueName\":\"search_term_string\"}}],\"inLanguage\":\"pt-PT\"}]}<\/script>\n<!-- \/ Yoast SEO plugin. -->","yoast_head_json":{"title":"Jogue Oz Lotto aqui mesmo - as maiores lotarias do planeta, dispon\u00edveis online a partir do Brasil","description":"Jogar muitas lotarias internacionais online, incluindo OzLotto","robots":{"index":"index","follow":"follow","max-snippet":"max-snippet:-1","max-image-preview":"max-image-preview:large","max-video-preview":"max-video-preview:-1"},"canonical":"https:\/\/onlinelotto365.com\/pt-pt\/jogar\/oz-lotto\/","og_locale":"pt_PT","og_type":"article","og_title":"Jogue Oz Lotto aqui mesmo - as maiores lotarias do planeta, dispon\u00edveis online a partir do Brasil","og_description":"Jogar muitas lotarias internacionais online, incluindo OzLotto","og_url":"https:\/\/onlinelotto365.com\/pt-pt\/jogar\/oz-lotto\/","og_site_name":"OnlineLotto365","article_modified_time":"2021-01-06T13:51:22+00:00","og_image":[{"url":"https:\/\/onlinelotto365.com\/wp-content\/uploads\/2020\/11\/online_lottery-123-300x300.jpg"}],"twitter_card":"summary_large_image","twitter_misc":{"Tempo estimado de leitura":"4 minutos"},"schema":{"@context":"https:\/\/schema.org","@graph":[{"@type":"WebPage","@id":"https:\/\/onlinelotto365.com\/pt-pt\/jogar\/oz-lotto\/","url":"https:\/\/onlinelotto365.com\/pt-pt\/jogar\/oz-lotto\/","name":"Jogue Oz Lotto aqui mesmo - as maiores lotarias do planeta, dispon\u00edveis online a partir do Brasil","isPartOf":{"@id":"https:\/\/onlinelotto365.com\/pt-pt\/#website"},"primaryImageOfPage":{"@id":"https:\/\/onlinelotto365.com\/pt-pt\/jogar\/oz-lotto\/#primaryimage"},"image":{"@id":"https:\/\/onlinelotto365.com\/pt-pt\/jogar\/oz-lotto\/#primaryimage"},"thumbnailUrl":"https:\/\/onlinelotto365.com\/wp-content\/uploads\/2020\/11\/online_lottery-123-300x300.jpg","datePublished":"2020-12-21T09:00:07+00:00","dateModified":"2021-01-06T13:51:22+00:00","description":"Jogar muitas lotarias internacionais online, incluindo OzLotto","breadcrumb":{"@id":"https:\/\/onlinelotto365.com\/pt-pt\/jogar\/oz-lotto\/#breadcrumb"},"inLanguage":"pt-PT","potentialAction":[{"@type":"ReadAction","target":["https:\/\/onlinelotto365.com\/pt-pt\/jogar\/oz-lotto\/"]}]},{"@type":"ImageObject","inLanguage":"pt-PT","@id":"https:\/\/onlinelotto365.com\/pt-pt\/jogar\/oz-lotto\/#primaryimage","url":"https:\/\/onlinelotto365.com\/wp-content\/uploads\/2020\/11\/online_lottery-123-300x300.jpg","contentUrl":"https:\/\/onlinelotto365.com\/wp-content\/uploads\/2020\/11\/online_lottery-123-300x300.jpg"},{"@type":"BreadcrumbList","@id":"https:\/\/onlinelotto365.com\/pt-pt\/jogar\/oz-lotto\/#breadcrumb","itemListElement":[{"@type":"ListItem","position":1,"name":"Home","item":"https:\/\/onlinelotto365.com\/pt-pt\/"},{"@type":"ListItem","position":2,"name":"Tudo o que precisa de saber sobre as suas op\u00e7\u00f5es para jogar as melhores lotarias online","item":"https:\/\/onlinelotto365.com\/pt-pt\/play\/"},{"@type":"ListItem","position":3,"name":"Jogar na Oz Lotto \u00e9 apenas uma das op\u00e7\u00f5es para os f\u00e3s da lotaria do Brasil"}]},{"@type":"WebSite","@id":"https:\/\/onlinelotto365.com\/pt-pt\/#website","url":"https:\/\/onlinelotto365.com\/pt-pt\/","name":"OnlineLotto365","description":"","potentialAction":[{"@type":"SearchAction","target":{"@type":"EntryPoint","urlTemplate":"https:\/\/onlinelotto365.com\/pt-pt\/?s={search_term_string}"},"query-input":{"@type":"PropertyValueSpecification","valueRequired":true,"valueName":"search_term_string"}}],"inLanguage":"pt-PT"}]}},"_links":{"self":[{"href":"https:\/\/onlinelotto365.com\/pt-pt\/wp-json\/wp\/v2\/pages\/11961","targetHints":{"allow":["GET"]}}],"collection":[{"href":"https:\/\/onlinelotto365.com\/pt-pt\/wp-json\/wp\/v2\/pages"}],"about":[{"href":"https:\/\/onlinelotto365.com\/pt-pt\/wp-json\/wp\/v2\/types\/page"}],"author":[{"embeddable":true,"href":"https:\/\/onlinelotto365.com\/pt-pt\/wp-json\/wp\/v2\/users\/1"}],"replies":[{"embeddable":true,"href":"https:\/\/onlinelotto365.com\/pt-pt\/wp-json\/wp\/v2\/comments?post=11961"}],"version-history":[{"count":0,"href":"https:\/\/onlinelotto365.com\/pt-pt\/wp-json\/wp\/v2\/pages\/11961\/revisions"}],"up":[{"embeddable":true,"href":"https:\/\/onlinelotto365.com\/pt-pt\/wp-json\/wp\/v2\/pages\/5031"}],"wp:attachment":[{"href":"https:\/\/onlinelotto365.com\/pt-pt\/wp-json\/wp\/v2\/media?parent=11961"}],"curies":[{"name":"wp","href":"https:\/\/api.w.org\/{rel}","templated":true}]}}