{"id":11963,"date":"2020-12-21T10:00:52","date_gmt":"2020-12-21T09:00:52","guid":{"rendered":"http:\/\/onlinelotto365.net\/?page_id=11963"},"modified":"2021-01-10T11:07:06","modified_gmt":"2021-01-10T10:07:06","slug":"saturday-lotto-australia","status":"publish","type":"page","link":"https:\/\/onlinelotto365.com\/pt-pt\/jogar\/saturday-lotto-australia\/","title":{"rendered":"Jogar Saturday Lotto Australia \u00e9 apenas uma das op\u00e7\u00f5es para os f\u00e3s da lotaria do Brasil"},"content":{"rendered":"<h2>Como jogar online no s\u00e1bado Lotto Austr\u00e1lia<\/h2>\n<p>Se voc\u00ea <strong> mora no Brasil <\/strong> ou em outro lugar, descobrir\u00e1 que n\u00e3o \u00e9 t\u00e3o dif\u00edcil quanto voc\u00ea imagina <strong> jogar no Saturday Lotto Australia <\/strong>. Al\u00e9m disso, voc\u00ea ter\u00e1 as op\u00e7\u00f5es de conseguir os ingressos que deseja sem ter que gastar muito tempo com isso, o que poderia ser melhor do que isso?<\/p>\n<p>Bem, o fato de que iremos ajud\u00e1-lo ao longo do caminho certamente ser\u00e1 um grande benef\u00edcio tamb\u00e9m. Voc\u00ea pode escolher todas as op\u00e7\u00f5es que deseja, criar sua conta, comprar seus ingressos e tudo o mais que voc\u00ea precisa com seu m\u00e9todo de pagamento preferido em um piscar de olhos. E vamos garantir que esses ingressos estejam prontos para voc\u00ea quando o sorteio chegar.<\/p>\n<p>Tudo o que voc\u00ea precisa fazer \u00e9 verificar as diferentes <a href=\"https:\/\/onlinelotto365.com\/pt-pt\"> op\u00e7\u00f5es de loteria <\/a> e escolher Saturday Lotto Brazil. Depois de fazer isso, voc\u00ea ter\u00e1 a op\u00e7\u00e3o de escolher seus n\u00fameros para cada passagem que desejar.<br \/>\nN\u00e3o se preocupe em escolher a quantidade errada de n\u00fameros, porque <strong> o sistema o guiar\u00e1 <\/strong> para obter a quantidade certa. E se voc\u00ea n\u00e3o tem certeza sobre os n\u00fameros que deseja, pode simplesmente escolher uma escolha r\u00e1pida para deixar o computador escolher seus n\u00fameros para voc\u00ea.<\/p>\n<p>Depois de obter seus ingressos, voc\u00ea pode optar por adicionar mais, escolher ingressos para outro jogo ou apenas adicionar ao seu pedido e se preparar para fazer uma compra. O processo de finaliza\u00e7\u00e3o da compra foi projetado para ser o mais simples poss\u00edvel, para que voc\u00ea possa pagar seus ingressos e embarcar imediatamente. Tudo que voc\u00ea precisa fazer \u00e9 criar sua conta.<\/p>\n<p>Criar uma conta \u00e9 muito f\u00e1cil, porque n\u00e3o precisamos de muitas informa\u00e7\u00f5es. Em seguida, enviaremos um e-mail de verifica\u00e7\u00e3o para permitir que voc\u00ea finalize sua conta. Lembre-se de que isso pode acabar em sua pasta de spam (o que significa que voc\u00ea precisa nos adicionar \u00e0 sua lista de endere\u00e7os) e, com isso, voc\u00ea ter\u00e1 uma conta e a <strong> capacidade de comprar mais ingressos sempre que quiser . <\/strong><br \/>\n<a href=\"https:\/\/redfoxlotto.com\/pt\/saturday-lotto-au\/?ref=a8564250a2&amp;medium=ol365\" target=\"_blank\" rel=\"noopener noreferrer\"> <img decoding=\"async\" class=\"aligncenter\" src=\"https:\/\/redfoxlotto.com\/image?size=8&amp;lottery=saturday-lotto-au\" alt=\"Saturday Lotto Australia\" \/> <\/a><\/p>\n<h2>Sobre a loteria de s\u00e1bado na Austr\u00e1lia<\/h2>\n<ul>\n<li style=\"list-style-type: none;\">\n<ul>\n<li>Pa\u00eds: Brasil<\/li>\n<li>Faixa de n\u00fameros principais: 45<\/li>\n<li>Voc\u00ea deve selecionar: 6<\/li>\n<li>Dias, horas dos sorteios: s\u00e1bado, 21:30 GMT + 11 &#8211; 10:30 CET<\/li>\n<li>O jackpot come\u00e7a em: AU $ 5 milh\u00f5es<\/li>\n<li>O jackpot \u00e9 limitado a: AU $ 150 milh\u00f5es<\/li>\n<li>Chance de ganhar o jackpot: 1 em 8145060<\/li>\n<li>Chance de ganhar o segundo pr\u00eamio: 1 em 678755<\/li>\n<li>Chance de ganhar qualquer pr\u00eamio: 1 em 85,44<\/li>\n<li>N\u00famero de categorias de pr\u00eamios: 6<\/li>\n<\/ul>\n<\/li>\n<\/ul>\n<h2>Melhores recursos do Saturday Lotto Brazil<\/h2>\n<p>O Saturday Lotto Australia oferece muitas chances de ganhar e jackpots de v\u00e1rios milh\u00f5es. O que \u00e9 ainda melhor \u00e9 que existem centenas de milhares de vencedores em cada sorteio. Voc\u00ea pode ganhar um pequeno pr\u00eamio de menos de $ 10 ou pode ganhar grandes pr\u00eamios de centenas de milhares de d\u00f3lares. Tudo o que voc\u00ea precisa fazer \u00e9 escolher os n\u00fameros certos.<\/p>\n<h2>Como verificar os resultados do Saturday Lotto Australia<\/h2>\n<p>Na hora de conferir os resultados do S\u00e1bado Lotto Brasil voc\u00ea tem v\u00e1rias op\u00e7\u00f5es diferentes. A primeira \u00e9 dar uma olhada no site oficial da loteria. Eles sempre postam os <a href=\"https:\/\/onlinelotto365.com\/pt-pt\/numeros-vencedores\"> n\u00fameros vencedores <\/a> ap\u00f3s serem sorteados.<br \/>\nMas voc\u00ea tamb\u00e9m pode verificar os jornais locais e canais de televis\u00e3o, se voc\u00ea mora na regi\u00e3o. Obviamente, se voc\u00ea mora no Brasil, a melhor e mais f\u00e1cil maneira de verificar \u00e9 voltar ao nosso site e fazer login na sua conta. A partir da\u00ed, voc\u00ea poder\u00e1 ver os \u00faltimos n\u00fameros vencedores, bem como compar\u00e1-los com os seus.<\/p>\n<h2>Voc\u00ea jogou no Saturday Lotto Australia online e ganhou &#8211; o que acontece a seguir?<\/h2>\n<p>Voc\u00ea ganhou algo no \u00faltimo sorteio? Se voc\u00ea fez isso, voc\u00ea vai querer saber quanto e isso vai afetar a forma como voc\u00ea recebe seu dinheiro. Qualquer quantia inferior a \u20ac 2500 pode ser depositada diretamente em sua conta, e assim ser\u00e1. Isso significa que voc\u00ea pode fazer o que quiser com ele, desde retir\u00e1-lo (se for superior a \u20ac 10), at\u00e9 comprar mais alguns bilhetes para este ou qualquer outro jogo que desejar.<br \/>\nPor outro lado, se voc\u00ea teve a sorte de ganhar mais de \u20ac 2.500, n\u00f3s o ajudaremos no processo de reclama\u00e7\u00e3o de seus ganhos, que exige um pouco mais de esfor\u00e7o. Para este processo, voc\u00ea precisar\u00e1 preencher um formul\u00e1rio de solicita\u00e7\u00e3o de comiss\u00e3o de loteria e decidir se deseja que seu dinheiro seja enviado a voc\u00ea por meio de transfer\u00eancia banc\u00e1ria ou cheque. Depende inteiramente de voc\u00ea.<\/p>\n","protected":false},"excerpt":{"rendered":"<p>Como jogar online no s\u00e1bado Lotto Austr\u00e1lia Se voc\u00ea mora no Brasil ou em outro lugar, descobrir\u00e1 que n\u00e3o \u00e9 t\u00e3o dif\u00edcil quanto voc\u00ea imagina jogar no Saturday Lotto Australia . Al\u00e9m disso, voc\u00ea ter\u00e1 as op\u00e7\u00f5es de conseguir os ingressos que deseja sem ter que gastar muito tempo com isso, o que poderia ser [&hellip;]<\/p>\n","protected":false},"author":1,"featured_media":0,"parent":5031,"menu_order":15,"comment_status":"closed","ping_status":"closed","template":"saturday-lotto.php","meta":{"_et_pb_use_builder":"","_et_pb_old_content":"","_et_gb_content_width":"","exclude_from_search":false,"footnotes":""},"class_list":["post-11963","page","type-page","status-publish","hentry"],"yoast_head":"<!-- This site is optimized with the Yoast SEO plugin v23.4 - https:\/\/yoast.com\/wordpress\/plugins\/seo\/ -->\n<title>O nosso servi\u00e7o permite-lhe jogar o Saturday Lotto Australia online a partir do Brasil<\/title>\n<meta name=\"description\" content=\"Tamb\u00e9m h\u00e1 uma lotaria de s\u00e1bado na Austr\u00e1lia - jogue-a online agora\" \/>\n<meta name=\"robots\" content=\"index, follow, max-snippet:-1, max-image-preview:large, max-video-preview:-1\" \/>\n<link rel=\"canonical\" href=\"https:\/\/onlinelotto365.com\/pt-pt\/jogar\/saturday-lotto-australia\/\" \/>\n<meta property=\"og:locale\" content=\"pt_PT\" \/>\n<meta property=\"og:type\" content=\"article\" \/>\n<meta property=\"og:title\" content=\"O nosso servi\u00e7o permite-lhe jogar o Saturday Lotto Australia online a partir do Brasil\" \/>\n<meta property=\"og:description\" content=\"Tamb\u00e9m h\u00e1 uma lotaria de s\u00e1bado na Austr\u00e1lia - jogue-a online agora\" \/>\n<meta property=\"og:url\" content=\"https:\/\/onlinelotto365.com\/pt-pt\/jogar\/saturday-lotto-australia\/\" \/>\n<meta property=\"og:site_name\" content=\"OnlineLotto365\" \/>\n<meta property=\"article:modified_time\" content=\"2021-01-10T10:07:06+00:00\" \/>\n<meta property=\"og:image\" content=\"https:\/\/redfoxlotto.com\/image?size=8&amp;lottery=saturday-lotto-au\" \/>\n<meta name=\"twitter:card\" content=\"summary_large_image\" \/>\n<meta name=\"twitter:label1\" content=\"Tempo estimado de leitura\" \/>\n\t<meta name=\"twitter:data1\" content=\"4 minutos\" \/>\n<script type=\"application\/ld+json\" class=\"yoast-schema-graph\">{\"@context\":\"https:\/\/schema.org\",\"@graph\":[{\"@type\":\"WebPage\",\"@id\":\"https:\/\/onlinelotto365.com\/pt-pt\/jogar\/saturday-lotto-australia\/\",\"url\":\"https:\/\/onlinelotto365.com\/pt-pt\/jogar\/saturday-lotto-australia\/\",\"name\":\"O nosso servi\u00e7o permite-lhe jogar o Saturday Lotto Australia online a partir do Brasil\",\"isPartOf\":{\"@id\":\"https:\/\/onlinelotto365.com\/pt-pt\/#website\"},\"primaryImageOfPage\":{\"@id\":\"https:\/\/onlinelotto365.com\/pt-pt\/jogar\/saturday-lotto-australia\/#primaryimage\"},\"image\":{\"@id\":\"https:\/\/onlinelotto365.com\/pt-pt\/jogar\/saturday-lotto-australia\/#primaryimage\"},\"thumbnailUrl\":\"https:\/\/redfoxlotto.com\/image?size=8&amp;lottery=saturday-lotto-au\",\"datePublished\":\"2020-12-21T09:00:52+00:00\",\"dateModified\":\"2021-01-10T10:07:06+00:00\",\"description\":\"Tamb\u00e9m h\u00e1 uma lotaria de s\u00e1bado na Austr\u00e1lia - jogue-a online agora\",\"breadcrumb\":{\"@id\":\"https:\/\/onlinelotto365.com\/pt-pt\/jogar\/saturday-lotto-australia\/#breadcrumb\"},\"inLanguage\":\"pt-PT\",\"potentialAction\":[{\"@type\":\"ReadAction\",\"target\":[\"https:\/\/onlinelotto365.com\/pt-pt\/jogar\/saturday-lotto-australia\/\"]}]},{\"@type\":\"ImageObject\",\"inLanguage\":\"pt-PT\",\"@id\":\"https:\/\/onlinelotto365.com\/pt-pt\/jogar\/saturday-lotto-australia\/#primaryimage\",\"url\":\"https:\/\/redfoxlotto.com\/image?size=8&amp;lottery=saturday-lotto-au\",\"contentUrl\":\"https:\/\/redfoxlotto.com\/image?size=8&amp;lottery=saturday-lotto-au\"},{\"@type\":\"BreadcrumbList\",\"@id\":\"https:\/\/onlinelotto365.com\/pt-pt\/jogar\/saturday-lotto-australia\/#breadcrumb\",\"itemListElement\":[{\"@type\":\"ListItem\",\"position\":1,\"name\":\"Home\",\"item\":\"https:\/\/onlinelotto365.com\/pt-pt\/\"},{\"@type\":\"ListItem\",\"position\":2,\"name\":\"Tudo o que precisa de saber sobre as suas op\u00e7\u00f5es para jogar as melhores lotarias online\",\"item\":\"https:\/\/onlinelotto365.com\/pt-pt\/play\/\"},{\"@type\":\"ListItem\",\"position\":3,\"name\":\"Jogar Saturday Lotto Australia \u00e9 apenas uma das op\u00e7\u00f5es para os f\u00e3s da lotaria do Brasil\"}]},{\"@type\":\"WebSite\",\"@id\":\"https:\/\/onlinelotto365.com\/pt-pt\/#website\",\"url\":\"https:\/\/onlinelotto365.com\/pt-pt\/\",\"name\":\"OnlineLotto365\",\"description\":\"\",\"potentialAction\":[{\"@type\":\"SearchAction\",\"target\":{\"@type\":\"EntryPoint\",\"urlTemplate\":\"https:\/\/onlinelotto365.com\/pt-pt\/?s={search_term_string}\"},\"query-input\":{\"@type\":\"PropertyValueSpecification\",\"valueRequired\":true,\"valueName\":\"search_term_string\"}}],\"inLanguage\":\"pt-PT\"}]}<\/script>\n<!-- \/ Yoast SEO plugin. -->","yoast_head_json":{"title":"O nosso servi\u00e7o permite-lhe jogar o Saturday Lotto Australia online a partir do Brasil","description":"Tamb\u00e9m h\u00e1 uma lotaria de s\u00e1bado na Austr\u00e1lia - jogue-a online agora","robots":{"index":"index","follow":"follow","max-snippet":"max-snippet:-1","max-image-preview":"max-image-preview:large","max-video-preview":"max-video-preview:-1"},"canonical":"https:\/\/onlinelotto365.com\/pt-pt\/jogar\/saturday-lotto-australia\/","og_locale":"pt_PT","og_type":"article","og_title":"O nosso servi\u00e7o permite-lhe jogar o Saturday Lotto Australia online a partir do Brasil","og_description":"Tamb\u00e9m h\u00e1 uma lotaria de s\u00e1bado na Austr\u00e1lia - jogue-a online agora","og_url":"https:\/\/onlinelotto365.com\/pt-pt\/jogar\/saturday-lotto-australia\/","og_site_name":"OnlineLotto365","article_modified_time":"2021-01-10T10:07:06+00:00","og_image":[{"url":"https:\/\/redfoxlotto.com\/image?size=8&amp;lottery=saturday-lotto-au"}],"twitter_card":"summary_large_image","twitter_misc":{"Tempo estimado de leitura":"4 minutos"},"schema":{"@context":"https:\/\/schema.org","@graph":[{"@type":"WebPage","@id":"https:\/\/onlinelotto365.com\/pt-pt\/jogar\/saturday-lotto-australia\/","url":"https:\/\/onlinelotto365.com\/pt-pt\/jogar\/saturday-lotto-australia\/","name":"O nosso servi\u00e7o permite-lhe jogar o Saturday Lotto Australia online a partir do Brasil","isPartOf":{"@id":"https:\/\/onlinelotto365.com\/pt-pt\/#website"},"primaryImageOfPage":{"@id":"https:\/\/onlinelotto365.com\/pt-pt\/jogar\/saturday-lotto-australia\/#primaryimage"},"image":{"@id":"https:\/\/onlinelotto365.com\/pt-pt\/jogar\/saturday-lotto-australia\/#primaryimage"},"thumbnailUrl":"https:\/\/redfoxlotto.com\/image?size=8&amp;lottery=saturday-lotto-au","datePublished":"2020-12-21T09:00:52+00:00","dateModified":"2021-01-10T10:07:06+00:00","description":"Tamb\u00e9m h\u00e1 uma lotaria de s\u00e1bado na Austr\u00e1lia - jogue-a online agora","breadcrumb":{"@id":"https:\/\/onlinelotto365.com\/pt-pt\/jogar\/saturday-lotto-australia\/#breadcrumb"},"inLanguage":"pt-PT","potentialAction":[{"@type":"ReadAction","target":["https:\/\/onlinelotto365.com\/pt-pt\/jogar\/saturday-lotto-australia\/"]}]},{"@type":"ImageObject","inLanguage":"pt-PT","@id":"https:\/\/onlinelotto365.com\/pt-pt\/jogar\/saturday-lotto-australia\/#primaryimage","url":"https:\/\/redfoxlotto.com\/image?size=8&amp;lottery=saturday-lotto-au","contentUrl":"https:\/\/redfoxlotto.com\/image?size=8&amp;lottery=saturday-lotto-au"},{"@type":"BreadcrumbList","@id":"https:\/\/onlinelotto365.com\/pt-pt\/jogar\/saturday-lotto-australia\/#breadcrumb","itemListElement":[{"@type":"ListItem","position":1,"name":"Home","item":"https:\/\/onlinelotto365.com\/pt-pt\/"},{"@type":"ListItem","position":2,"name":"Tudo o que precisa de saber sobre as suas op\u00e7\u00f5es para jogar as melhores lotarias online","item":"https:\/\/onlinelotto365.com\/pt-pt\/play\/"},{"@type":"ListItem","position":3,"name":"Jogar Saturday Lotto Australia \u00e9 apenas uma das op\u00e7\u00f5es para os f\u00e3s da lotaria do Brasil"}]},{"@type":"WebSite","@id":"https:\/\/onlinelotto365.com\/pt-pt\/#website","url":"https:\/\/onlinelotto365.com\/pt-pt\/","name":"OnlineLotto365","description":"","potentialAction":[{"@type":"SearchAction","target":{"@type":"EntryPoint","urlTemplate":"https:\/\/onlinelotto365.com\/pt-pt\/?s={search_term_string}"},"query-input":{"@type":"PropertyValueSpecification","valueRequired":true,"valueName":"search_term_string"}}],"inLanguage":"pt-PT"}]}},"_links":{"self":[{"href":"https:\/\/onlinelotto365.com\/pt-pt\/wp-json\/wp\/v2\/pages\/11963","targetHints":{"allow":["GET"]}}],"collection":[{"href":"https:\/\/onlinelotto365.com\/pt-pt\/wp-json\/wp\/v2\/pages"}],"about":[{"href":"https:\/\/onlinelotto365.com\/pt-pt\/wp-json\/wp\/v2\/types\/page"}],"author":[{"embeddable":true,"href":"https:\/\/onlinelotto365.com\/pt-pt\/wp-json\/wp\/v2\/users\/1"}],"replies":[{"embeddable":true,"href":"https:\/\/onlinelotto365.com\/pt-pt\/wp-json\/wp\/v2\/comments?post=11963"}],"version-history":[{"count":0,"href":"https:\/\/onlinelotto365.com\/pt-pt\/wp-json\/wp\/v2\/pages\/11963\/revisions"}],"up":[{"embeddable":true,"href":"https:\/\/onlinelotto365.com\/pt-pt\/wp-json\/wp\/v2\/pages\/5031"}],"wp:attachment":[{"href":"https:\/\/onlinelotto365.com\/pt-pt\/wp-json\/wp\/v2\/media?parent=11963"}],"curies":[{"name":"wp","href":"https:\/\/api.w.org\/{rel}","templated":true}]}}