{"id":11965,"date":"2020-12-21T10:01:59","date_gmt":"2020-12-21T09:01:59","guid":{"rendered":"http:\/\/onlinelotto365.net\/?page_id=11965"},"modified":"2021-01-06T14:51:46","modified_gmt":"2021-01-06T13:51:46","slug":"mon-wed-lotto-australia","status":"publish","type":"page","link":"https:\/\/onlinelotto365.com\/pt-pt\/jogar\/mon-wed-lotto-australia\/","title":{"rendered":"Jogar Mon &#038; Wed Lotto Australia \u00e9 apenas uma das op\u00e7\u00f5es para os f\u00e3s da lotaria do Brasil"},"content":{"rendered":"<h2>Como jogar Seg &amp; amp; Quarta Lotto Austr\u00e1lia online<\/h2>\n<p>Se voc\u00ea est\u00e1 no Brasil, n\u00e3o precisa ser dif\u00edcil jogar Mon &amp; amp; Quarta Lotto Brasil online. Tudo que voc\u00ea precisa fazer \u00e9 descobrir de que forma voc\u00ea vai fazer isso e como voc\u00ea vai conseguir os ingressos que deseja para o pr\u00f3ximo sorteio. Podemos ajud\u00e1-lo nisso.<\/p>\n<p>Nosso sistema garante que voc\u00ea esteja no caminho certo em todo o caminho. Tudo que voc\u00ea precisa fazer \u00e9 criar sua conta, escolher os ingressos e n\u00fameros que deseja e pagar por eles com o m\u00e9todo de pagamento de sua prefer\u00eancia. S\u00f3 assim voc\u00ea vai estar pronto para sair e aguardar o pr\u00f3ximo sorteio para verificar seus ingressos.<\/p>\n<p>Se voc\u00ea est\u00e1 pronto para <a href=\"https:\/\/onlinelotto365.com\/pt-pt\/comprar-bilhetes\"> escolher os primeiros ingressos <\/a>, voc\u00ea s\u00f3 precisa escolher o jogo certo. Neste caso, estamos falando sobre o Mon &amp; amp; Quarta Lotto Austr\u00e1lia. Ent\u00e3o, selecione o jogo certo e comece a escolher seus n\u00fameros.<br \/>\nOu escolha uma escolha r\u00e1pida onde o computador escolher\u00e1 n\u00fameros aleat\u00f3rios para voc\u00ea. Voc\u00ea ainda pode ajustar esses n\u00fameros se mudar de ideia, para obter os n\u00fameros que deseja para cada sorteio.<\/p>\n<p>Depois de escolher seu <a href=\"https:\/\/onlinelotto365.com\/pt-pt\/numeros-vencedores\/mon-wed-lotto\"> Seg &amp; amp; Quarta, n\u00fameros da Lotto Austr\u00e1lia <\/a> voc\u00ea pode escolher alguns bilhetes para quaisquer outros jogos que deseja jogar e conferir. O processo de checkout \u00e9 seguro e tamb\u00e9m garante que voc\u00ea seja o \u00fanico comprando os ingressos. Voc\u00ea precisar\u00e1 verificar sua conta (e criar uma) e ent\u00e3o poder\u00e1 come\u00e7ar a comprar os ingressos que desejar.<\/p>\n<p>Basta criar uma conta com suas informa\u00e7\u00f5es pessoais e clicar no link do e-mail de verifica\u00e7\u00e3o que enviamos. Ele pode estar na sua pasta de spam, se voc\u00ea ainda n\u00e3o nos adicionou ao seu cat\u00e1logo de endere\u00e7os, portanto, fique de olho nele. A partir da\u00ed, sua conta estar\u00e1 pronta e voc\u00ea poder\u00e1 come\u00e7ar a comprar os ingressos que desejar.<br \/>\n<a href=\"https:\/\/redfoxlotto.com\/pt\/jogar\/monday-wednesday-lotto-au\/?ref=a8564250a2&amp;medium=ol365\" target=\"_blank\" rel=\"noopener noreferrer\"> <img decoding=\"async\" class=\"aligncenter\" src=\"https:\/\/redfoxlotto.com\/image?size=8&amp;lottery=monday-wednesday-lotto-au\" alt=\"Mon &amp; Wed Lotto Australia\" \/> <\/a><\/p>\n<h2>Sobre Mon &amp; amp; Quarta Lotto Austr\u00e1lia<\/h2>\n<ul>\n<li style=\"list-style-type: none;\">\n<ul>\n<li>Pa\u00eds: Austr\u00e1lia<\/li>\n<li>Faixa de n\u00fameros principais: 45<\/li>\n<li>Voc\u00ea deve selecionar: 6<\/li>\n<li>Dias, horas de sorteios: segunda, quarta, 21:30 GMT + 11 &#8211; 10:30 CET<\/li>\n<li>O jackpot come\u00e7a em: AU $ 2,5 milh\u00f5es<\/li>\n<li>O jackpot \u00e9 limitado a: jackpot fixo<\/li>\n<li>Chance de ganhar o jackpot: 1 em 8145060<\/li>\n<li>Chance de ganhar o segundo pr\u00eamio: 1 em 678755<\/li>\n<li>Chance de ganhar qualquer pr\u00eamio: 1 em 85,44<\/li>\n<li>N\u00famero de categorias de pr\u00eamios: 6<\/li>\n<\/ul>\n<\/li>\n<\/ul>\n<h2>Melhores recursos de Mon &amp; amp; Quarta Lotto Austr\u00e1lia<\/h2>\n<p>Tirado duas vezes por semana, o Mon &amp; amp; O Wed Lotto Australia d\u00e1 a voc\u00ea a chance de ganhar milh\u00f5es em pr\u00eamios. E tudo o que voc\u00ea precisa fazer \u00e9 dar uma chance e entrar no pr\u00eamio da primeira divis\u00e3o. Voc\u00ea nunca sabe o que voc\u00ea poderia levar embora.<\/p>\n<h2>Como verificar o Mon &amp; amp; Resultados da Quarta Lotto Austr\u00e1lia<\/h2>\n<p>Quando se trata de verificar os resultados, voc\u00ea pode se surpreender com todos os lugares que pode visitar. Voc\u00ea pode conferir o site da loteria para encontrar os n\u00fameros logo ap\u00f3s o sorteio. Voc\u00ea tamb\u00e9m pode verificar os jornais locais e esta\u00e7\u00f5es de TV ap\u00f3s o sorteio.<br \/>\nMas se voc\u00ea deseja obter seus resultados de forma r\u00e1pida e f\u00e1cil do Brasil, deve dar uma olhada em nosso site, onde comprou seus ingressos. <strong> Voc\u00ea encontrar\u00e1 n\u00e3o apenas os n\u00fameros vencedores, mas tamb\u00e9m uma compara\u00e7\u00e3o com seus n\u00fameros. <\/strong><\/p>\n<h2>Voc\u00ea jogou Mon &amp; amp; Qua Lotto Australia online e ganha &#8211; o que acontece a seguir?<\/h2>\n<p>Confira os n\u00fameros vencedores, seus n\u00fameros e quanto voc\u00ea ganhou no jogo. Se voc\u00ea ganhou menos de \u20ac 2500, n\u00e3o ter\u00e1 que fazer nada. O dinheiro j\u00e1 estar\u00e1 na sua conta.<br \/>\nE quando estiver na sua conta, tudo o que voc\u00ea precisa fazer \u00e9 retir\u00e1-lo (se for mais de \u20ac 10) ou gast\u00e1-lo em mais alguns bilhetes de loteria. Voc\u00ea pode deix\u00e1-lo em sua conta para gastar o tempo que quiser para que esteja sempre l\u00e1.<br \/>\nSe voc\u00ea tiver sorte e ganhar mais de \u20ac 2.500, no entanto, receber\u00e1 uma mensagem da nossa equipe de suporte. Eles o ajudar\u00e3o a descobrir suas pr\u00f3ximas etapas, incluindo preencher um formul\u00e1rio de reivindica\u00e7\u00e3o para receber seus ganhos. E ent\u00e3o seu dinheiro ser\u00e1 depositado diretamente em sua conta banc\u00e1ria ou enviado a voc\u00ea em cheque.<\/p>\n","protected":false},"excerpt":{"rendered":"<p>Como jogar Seg &amp; amp; Quarta Lotto Austr\u00e1lia online Se voc\u00ea est\u00e1 no Brasil, n\u00e3o precisa ser dif\u00edcil jogar Mon &amp; amp; Quarta Lotto Brasil online. Tudo que voc\u00ea precisa fazer \u00e9 descobrir de que forma voc\u00ea vai fazer isso e como voc\u00ea vai conseguir os ingressos que deseja para o pr\u00f3ximo sorteio. Podemos ajud\u00e1-lo [&hellip;]<\/p>\n","protected":false},"author":1,"featured_media":0,"parent":5031,"menu_order":16,"comment_status":"closed","ping_status":"closed","template":"template-rightsidebar.php","meta":{"_et_pb_use_builder":"","_et_pb_old_content":"","_et_gb_content_width":"","exclude_from_search":false,"footnotes":""},"class_list":["post-11965","page","type-page","status-publish","hentry"],"yoast_head":"<!-- This site is optimized with the Yoast SEO plugin v23.4 - https:\/\/yoast.com\/wordpress\/plugins\/seo\/ -->\n<title>Participar na Mon &amp; Wed Lotto Australia mesmo do Brasil<\/title>\n<meta name=\"description\" content=\"Quer jogar na Australias Mon &amp; Wed lotto? Adquira aqui os seus bilhetes!\" \/>\n<meta name=\"robots\" content=\"index, follow, max-snippet:-1, max-image-preview:large, max-video-preview:-1\" \/>\n<link rel=\"canonical\" href=\"https:\/\/onlinelotto365.com\/pt-pt\/jogar\/mon-wed-lotto-australia\/\" \/>\n<meta property=\"og:locale\" content=\"pt_PT\" \/>\n<meta property=\"og:type\" content=\"article\" \/>\n<meta property=\"og:title\" content=\"Participar na Mon &amp; Wed Lotto Australia mesmo do Brasil\" \/>\n<meta property=\"og:description\" content=\"Quer jogar na Australias Mon &amp; Wed lotto? Adquira aqui os seus bilhetes!\" \/>\n<meta property=\"og:url\" content=\"https:\/\/onlinelotto365.com\/pt-pt\/jogar\/mon-wed-lotto-australia\/\" \/>\n<meta property=\"og:site_name\" content=\"OnlineLotto365\" \/>\n<meta property=\"article:modified_time\" content=\"2021-01-06T13:51:46+00:00\" \/>\n<meta property=\"og:image\" content=\"https:\/\/redfoxlotto.com\/image?size=8&amp;lottery=monday-wednesday-lotto-au\" \/>\n<meta name=\"twitter:card\" content=\"summary_large_image\" \/>\n<meta name=\"twitter:label1\" content=\"Tempo estimado de leitura\" \/>\n\t<meta name=\"twitter:data1\" content=\"4 minutos\" \/>\n<script type=\"application\/ld+json\" class=\"yoast-schema-graph\">{\"@context\":\"https:\/\/schema.org\",\"@graph\":[{\"@type\":\"WebPage\",\"@id\":\"https:\/\/onlinelotto365.com\/pt-pt\/jogar\/mon-wed-lotto-australia\/\",\"url\":\"https:\/\/onlinelotto365.com\/pt-pt\/jogar\/mon-wed-lotto-australia\/\",\"name\":\"Participar na Mon & Wed Lotto Australia mesmo do Brasil\",\"isPartOf\":{\"@id\":\"https:\/\/onlinelotto365.com\/pt-pt\/#website\"},\"primaryImageOfPage\":{\"@id\":\"https:\/\/onlinelotto365.com\/pt-pt\/jogar\/mon-wed-lotto-australia\/#primaryimage\"},\"image\":{\"@id\":\"https:\/\/onlinelotto365.com\/pt-pt\/jogar\/mon-wed-lotto-australia\/#primaryimage\"},\"thumbnailUrl\":\"https:\/\/redfoxlotto.com\/image?size=8&amp;lottery=monday-wednesday-lotto-au\",\"datePublished\":\"2020-12-21T09:01:59+00:00\",\"dateModified\":\"2021-01-06T13:51:46+00:00\",\"description\":\"Quer jogar na Australias Mon & Wed lotto? Adquira aqui os seus bilhetes!\",\"breadcrumb\":{\"@id\":\"https:\/\/onlinelotto365.com\/pt-pt\/jogar\/mon-wed-lotto-australia\/#breadcrumb\"},\"inLanguage\":\"pt-PT\",\"potentialAction\":[{\"@type\":\"ReadAction\",\"target\":[\"https:\/\/onlinelotto365.com\/pt-pt\/jogar\/mon-wed-lotto-australia\/\"]}]},{\"@type\":\"ImageObject\",\"inLanguage\":\"pt-PT\",\"@id\":\"https:\/\/onlinelotto365.com\/pt-pt\/jogar\/mon-wed-lotto-australia\/#primaryimage\",\"url\":\"https:\/\/redfoxlotto.com\/image?size=8&amp;lottery=monday-wednesday-lotto-au\",\"contentUrl\":\"https:\/\/redfoxlotto.com\/image?size=8&amp;lottery=monday-wednesday-lotto-au\"},{\"@type\":\"BreadcrumbList\",\"@id\":\"https:\/\/onlinelotto365.com\/pt-pt\/jogar\/mon-wed-lotto-australia\/#breadcrumb\",\"itemListElement\":[{\"@type\":\"ListItem\",\"position\":1,\"name\":\"Home\",\"item\":\"https:\/\/onlinelotto365.com\/pt-pt\/\"},{\"@type\":\"ListItem\",\"position\":2,\"name\":\"Tudo o que precisa de saber sobre as suas op\u00e7\u00f5es para jogar as melhores lotarias online\",\"item\":\"https:\/\/onlinelotto365.com\/pt-pt\/play\/\"},{\"@type\":\"ListItem\",\"position\":3,\"name\":\"Jogar Mon &#038; Wed Lotto Australia \u00e9 apenas uma das op\u00e7\u00f5es para os f\u00e3s da lotaria do Brasil\"}]},{\"@type\":\"WebSite\",\"@id\":\"https:\/\/onlinelotto365.com\/pt-pt\/#website\",\"url\":\"https:\/\/onlinelotto365.com\/pt-pt\/\",\"name\":\"OnlineLotto365\",\"description\":\"\",\"potentialAction\":[{\"@type\":\"SearchAction\",\"target\":{\"@type\":\"EntryPoint\",\"urlTemplate\":\"https:\/\/onlinelotto365.com\/pt-pt\/?s={search_term_string}\"},\"query-input\":{\"@type\":\"PropertyValueSpecification\",\"valueRequired\":true,\"valueName\":\"search_term_string\"}}],\"inLanguage\":\"pt-PT\"}]}<\/script>\n<!-- \/ Yoast SEO plugin. -->","yoast_head_json":{"title":"Participar na Mon & Wed Lotto Australia mesmo do Brasil","description":"Quer jogar na Australias Mon & Wed lotto? Adquira aqui os seus bilhetes!","robots":{"index":"index","follow":"follow","max-snippet":"max-snippet:-1","max-image-preview":"max-image-preview:large","max-video-preview":"max-video-preview:-1"},"canonical":"https:\/\/onlinelotto365.com\/pt-pt\/jogar\/mon-wed-lotto-australia\/","og_locale":"pt_PT","og_type":"article","og_title":"Participar na Mon & Wed Lotto Australia mesmo do Brasil","og_description":"Quer jogar na Australias Mon & Wed lotto? Adquira aqui os seus bilhetes!","og_url":"https:\/\/onlinelotto365.com\/pt-pt\/jogar\/mon-wed-lotto-australia\/","og_site_name":"OnlineLotto365","article_modified_time":"2021-01-06T13:51:46+00:00","og_image":[{"url":"https:\/\/redfoxlotto.com\/image?size=8&amp;lottery=monday-wednesday-lotto-au"}],"twitter_card":"summary_large_image","twitter_misc":{"Tempo estimado de leitura":"4 minutos"},"schema":{"@context":"https:\/\/schema.org","@graph":[{"@type":"WebPage","@id":"https:\/\/onlinelotto365.com\/pt-pt\/jogar\/mon-wed-lotto-australia\/","url":"https:\/\/onlinelotto365.com\/pt-pt\/jogar\/mon-wed-lotto-australia\/","name":"Participar na Mon & Wed Lotto Australia mesmo do Brasil","isPartOf":{"@id":"https:\/\/onlinelotto365.com\/pt-pt\/#website"},"primaryImageOfPage":{"@id":"https:\/\/onlinelotto365.com\/pt-pt\/jogar\/mon-wed-lotto-australia\/#primaryimage"},"image":{"@id":"https:\/\/onlinelotto365.com\/pt-pt\/jogar\/mon-wed-lotto-australia\/#primaryimage"},"thumbnailUrl":"https:\/\/redfoxlotto.com\/image?size=8&amp;lottery=monday-wednesday-lotto-au","datePublished":"2020-12-21T09:01:59+00:00","dateModified":"2021-01-06T13:51:46+00:00","description":"Quer jogar na Australias Mon & Wed lotto? Adquira aqui os seus bilhetes!","breadcrumb":{"@id":"https:\/\/onlinelotto365.com\/pt-pt\/jogar\/mon-wed-lotto-australia\/#breadcrumb"},"inLanguage":"pt-PT","potentialAction":[{"@type":"ReadAction","target":["https:\/\/onlinelotto365.com\/pt-pt\/jogar\/mon-wed-lotto-australia\/"]}]},{"@type":"ImageObject","inLanguage":"pt-PT","@id":"https:\/\/onlinelotto365.com\/pt-pt\/jogar\/mon-wed-lotto-australia\/#primaryimage","url":"https:\/\/redfoxlotto.com\/image?size=8&amp;lottery=monday-wednesday-lotto-au","contentUrl":"https:\/\/redfoxlotto.com\/image?size=8&amp;lottery=monday-wednesday-lotto-au"},{"@type":"BreadcrumbList","@id":"https:\/\/onlinelotto365.com\/pt-pt\/jogar\/mon-wed-lotto-australia\/#breadcrumb","itemListElement":[{"@type":"ListItem","position":1,"name":"Home","item":"https:\/\/onlinelotto365.com\/pt-pt\/"},{"@type":"ListItem","position":2,"name":"Tudo o que precisa de saber sobre as suas op\u00e7\u00f5es para jogar as melhores lotarias online","item":"https:\/\/onlinelotto365.com\/pt-pt\/play\/"},{"@type":"ListItem","position":3,"name":"Jogar Mon &#038; Wed Lotto Australia \u00e9 apenas uma das op\u00e7\u00f5es para os f\u00e3s da lotaria do Brasil"}]},{"@type":"WebSite","@id":"https:\/\/onlinelotto365.com\/pt-pt\/#website","url":"https:\/\/onlinelotto365.com\/pt-pt\/","name":"OnlineLotto365","description":"","potentialAction":[{"@type":"SearchAction","target":{"@type":"EntryPoint","urlTemplate":"https:\/\/onlinelotto365.com\/pt-pt\/?s={search_term_string}"},"query-input":{"@type":"PropertyValueSpecification","valueRequired":true,"valueName":"search_term_string"}}],"inLanguage":"pt-PT"}]}},"_links":{"self":[{"href":"https:\/\/onlinelotto365.com\/pt-pt\/wp-json\/wp\/v2\/pages\/11965","targetHints":{"allow":["GET"]}}],"collection":[{"href":"https:\/\/onlinelotto365.com\/pt-pt\/wp-json\/wp\/v2\/pages"}],"about":[{"href":"https:\/\/onlinelotto365.com\/pt-pt\/wp-json\/wp\/v2\/types\/page"}],"author":[{"embeddable":true,"href":"https:\/\/onlinelotto365.com\/pt-pt\/wp-json\/wp\/v2\/users\/1"}],"replies":[{"embeddable":true,"href":"https:\/\/onlinelotto365.com\/pt-pt\/wp-json\/wp\/v2\/comments?post=11965"}],"version-history":[{"count":0,"href":"https:\/\/onlinelotto365.com\/pt-pt\/wp-json\/wp\/v2\/pages\/11965\/revisions"}],"up":[{"embeddable":true,"href":"https:\/\/onlinelotto365.com\/pt-pt\/wp-json\/wp\/v2\/pages\/5031"}],"wp:attachment":[{"href":"https:\/\/onlinelotto365.com\/pt-pt\/wp-json\/wp\/v2\/media?parent=11965"}],"curies":[{"name":"wp","href":"https:\/\/api.w.org\/{rel}","templated":true}]}}