{"id":11967,"date":"2020-12-21T10:03:26","date_gmt":"2020-12-21T09:03:26","guid":{"rendered":"http:\/\/onlinelotto365.net\/?page_id=11967"},"modified":"2021-01-10T11:07:09","modified_gmt":"2021-01-10T10:07:09","slug":"powerball","status":"publish","type":"page","link":"https:\/\/onlinelotto365.com\/pt-pt\/comprar-bilhetes\/powerball\/","title":{"rendered":"Como comprar bilhetes Powerball online a partir do Brasil"},"content":{"rendered":"<p>Obviamente, \u00e9 a internet que permite adquirir online os ingressos das grandes loterias dos Estados Unidos. Voc\u00ea n\u00e3o precisa morar nos EUA para participar e ter a chance de ganhar jackpots inacredit\u00e1veis \u200b\u200bcomo a Powerball. Voc\u00ea pode comprar sua passagem do Brasil, usando nosso servi\u00e7o online.<\/p>\n<p>Voc\u00ea pode registrar uma conta conosco primeiro e, em seguida, selecionar qualquer uma de nossas loterias e escolher seus n\u00fameros. Ou voc\u00ea pode apenas verificar as loterias primeiro e criar bilhetes com seus n\u00fameros. Quando estiver satisfeito com sua escolha, voc\u00ea pode fazer o checkout. Nesse ponto, voc\u00ea ser\u00e1 solicitado a criar uma conta.<\/p>\n<p>Em ambos os casos, ap\u00f3s registrar sua nova conta, voc\u00ea ter\u00e1 que verificar sua caixa de entrada de e-mail. Voc\u00ea receber\u00e1 um e-mail de verifica\u00e7\u00e3o com um link. Clique nesse link para verificar o seu endere\u00e7o de e-mail. Depois de fazer isso, sua conta ser\u00e1 ativada. Se voc\u00ea n\u00e3o conseguir encontrar o e-mail de verifica\u00e7\u00e3o, verifique sua pasta de spam. Depois de encontrar o e-mail, \u00e9 importante marc\u00e1-lo como &#8220;n\u00e3o \u00e9 spam&#8221; ou &#8220;n\u00e3o \u00e9 lixo eletr\u00f4nico&#8221;. Isso garante que nossos futuros e-mails n\u00e3o acabem na sua pasta de spam. Imagine que voc\u00ea perdeu uma vit\u00f3ria porque n\u00e3o recebeu a notifica\u00e7\u00e3o por e-mail sobre isso!<br \/>\n<a href=\"https:\/\/redfoxlotto.com\/pt\/powerball\/?ref=a8564250a2&amp;medium=ol365\" target=\"_blank\" rel=\"noopener noreferrer\"> <img decoding=\"async\" class=\"aligncenter\" src=\"https:\/\/redfoxlotto.com\/image?size=8&amp;lottery=powerball\" alt=\"powerball\" \/> <\/a><\/p>\n<h2>Como pagar pelo seu ingresso Powerball online<\/h2>\n<p>Existem <strong> duas maneiras de pagar pelos bilhetes de loteria online <\/strong> que voc\u00ea deseja.<\/p>\n<ul>\n<li>Primeiro, voc\u00ea pode fazer um dep\u00f3sito em sua conta. Depois disso, voc\u00ea pode comprar quantos bilhetes quiser e usar seu saldo para pagar por eles.<\/li>\n<li>Em segundo lugar, voc\u00ea escolhe seus ingressos primeiro e, em seguida, paga o valor do pedido.<\/li>\n<\/ul>\n<p>Existem v\u00e1rias op\u00e7\u00f5es de pagamento dispon\u00edveis para voc\u00ea e todas s\u00e3o criptografadas com seguran\u00e7a. Os m\u00e9todos mais populares s\u00e3o cart\u00e3o de cr\u00e9dito e Bitcoin.<\/p>\n<h2>Mais informa\u00e7\u00f5es sobre Powerball<\/h2>\n<ul>\n<li>Loteria \u00e9 realizada onde: EUA<\/li>\n<li>Quantos n\u00fameros principais escolher: 69<\/li>\n<li>Voc\u00ea deve selecionar: 5<\/li>\n<li>Quantos n\u00fameros extras para escolher: 26<\/li>\n<li>Voc\u00ea deve selecionar: 1<\/li>\n<li>Dias e horas do sorteio: quarta-feira, s\u00e1bado, 21:00 EST, +1 dia 3:00 CET<\/li>\n<li>Jackpot m\u00ednimo: $ 40 milh\u00f5es<\/li>\n<li>Montante m\u00e1ximo do jackpot: nenhum<\/li>\n<li>Poss\u00edveis combina\u00e7\u00f5es de n\u00fameros para ganhar o jackpot: 1 em 175.223.510<\/li>\n<li>Combina\u00e7\u00e3o de n\u00fameros poss\u00edveis para uma vit\u00f3ria de n\u00edvel 2: 1 em 5.006.386<\/li>\n<li><a href=\"https:\/\/onlinelotto365.com\/pt-pt\/news\/calcule-as-chances-de-qualquer-loteria\"> Probabilidade de ganhar <\/a> em qualquer n\u00edvel: 1 em 24,87<\/li>\n<li>Quantos n\u00edveis de pr\u00eamio: 9<\/li>\n<\/ul>\n<p>H\u00e1 pouco tempo, em 13 de fevereiro de 2016, o <a href=\"https:\/\/onlinelotto365.com\/pt-pt\/news\/os-maiores-jackpots-de-loteria-da-historia\"> <strong> maior pr\u00eamio de loteria dos EUA da hist\u00f3ria\u00a0 <\/strong><\/a>foi ganho por tr\u00eas jogadores sortudos. Com um jackpot inacredit\u00e1vel de um total de 1,5 bilh\u00e3o de d\u00f3lares, os f\u00e3s de loteria de todos os Estados Unidos passaram horas na fila por um bilhete. <strong> Mas e os jogadores de loteria do Brasil? <\/strong> Eles foram exclu\u00eddos da <a href=\"https:\/\/onlinelotto365.com\/pt-pt\/jogar\/powerball\"> obten\u00e7\u00e3o de um bilhete da Powerball <\/a> a menos que estivessem realmente dentro os EUA naquela \u00e9poca? N\u00e3o, n\u00e3o eram &#8211; se soubessem que <strong> voc\u00ea pode realmente jogar na loteria Powerball do Brasil! <\/strong><\/p>\n<h2>Vantagens de comprar ingressos da Powerball online<\/h2>\n<p>Por meio deste <a href=\"https:\/\/onlinelotto365.com\/pt-pt\/news\/servico-de-ingressos-para-loterias-internacionais\"> o <strong> servi\u00e7o de entrega de bilhetes de loteria on-line <\/strong> <\/a>, voc\u00ea pode comprar bilhetes para mais de 20 das <a href=\"https:\/\/onlinelotto365.com\/pt-pt\"> maiores loterias do planeta <\/a>. Mesmo morando no Brasil, voc\u00ea pode escolher loterias que est\u00e3o sendo sorteadas em outros pa\u00edses. Claro, se voc\u00ea n\u00e3o mora no Brasil, mas gostaria de conseguir um bilhete para a loteria do Brasil, isso tamb\u00e9m \u00e9 algo que voc\u00ea pode fazer online!<\/p>\n<h2>\u00c9 legal comprar ingressos da Powerball online?<\/h2>\n<p>\u00c9 importante saber que este \u00e9 um servi\u00e7o de mensageiro de bilhetes legal e confi\u00e1vel. Portanto, se voc\u00ea ganhar muito, pode ter certeza de que receber\u00e1 seus ganhos.<\/p>\n<h2>Como recebo o pagamento se ganhar Powerball online?<\/h2>\n<p>Se voc\u00ea ganhar, o procedimento de pagamento depende da quantia que voc\u00ea ganhou. Quantias menores abaixo de \u20ac 2500 ser\u00e3o creditadas em sua conta online. Voc\u00ea pode sacar esse dinheiro ou us\u00e1-lo para comprar mais bilhetes de loteria online. Se voc\u00ea ganhar uma quantia maior, enviaremos um formul\u00e1rio que voc\u00ea dever\u00e1 preencher e nos enviaremos um e-mail. Em seguida, enviamos o formul\u00e1rio para a comiss\u00e3o da loteria e eles pagam a voc\u00ea. Este servi\u00e7o \u00e9 gratuito para voc\u00ea.<\/p>\n<p>Se ganhar o jackpot Powerball com o seu bilhete online, ter\u00e1 de fazer uma escolha. Voc\u00ea pode obter um pagamento \u00fanico, que ser\u00e1 inferior ao jackpot real, ou pode obter tO valor integral, pago em 30 parcelas anuais mais juros.<\/p>\n","protected":false},"excerpt":{"rendered":"<p>Obviamente, \u00e9 a internet que permite adquirir online os ingressos das grandes loterias dos Estados Unidos. Voc\u00ea n\u00e3o precisa morar nos EUA para participar e ter a chance de ganhar jackpots inacredit\u00e1veis \u200b\u200bcomo a Powerball. Voc\u00ea pode comprar sua passagem do Brasil, usando nosso servi\u00e7o online. Voc\u00ea pode registrar uma conta conosco primeiro e, em [&hellip;]<\/p>\n","protected":false},"author":1,"featured_media":0,"parent":4636,"menu_order":0,"comment_status":"closed","ping_status":"closed","template":"powerball-usa-info.php","meta":{"_et_pb_use_builder":"","_et_pb_old_content":"","_et_gb_content_width":"","exclude_from_search":false,"footnotes":""},"class_list":["post-11967","page","type-page","status-publish","hentry"],"yoast_head":"<!-- This site is optimized with the Yoast SEO plugin v23.4 - https:\/\/yoast.com\/wordpress\/plugins\/seo\/ -->\n<title>Comprar bilhetes para Powerball online a partir do Brasil | Sobre Powerball, como comprar bilhetes online<\/title>\n<meta name=\"description\" content=\"Comprar bilhetes para a famosa lotaria Powerball \u00e9 agora f\u00e1cil, adquira-os online a partir do Brasil e de outros lugares\" \/>\n<meta name=\"robots\" content=\"index, follow, max-snippet:-1, max-image-preview:large, max-video-preview:-1\" \/>\n<link rel=\"canonical\" href=\"https:\/\/onlinelotto365.com\/pt-pt\/comprar-bilhetes\/powerball\/\" \/>\n<meta property=\"og:locale\" content=\"pt_PT\" \/>\n<meta property=\"og:type\" content=\"article\" \/>\n<meta property=\"og:title\" content=\"Comprar bilhetes para Powerball online a partir do Brasil | Sobre Powerball, como comprar bilhetes online\" \/>\n<meta property=\"og:description\" content=\"Comprar bilhetes para a famosa lotaria Powerball \u00e9 agora f\u00e1cil, adquira-os online a partir do Brasil e de outros lugares\" \/>\n<meta property=\"og:url\" content=\"https:\/\/onlinelotto365.com\/pt-pt\/comprar-bilhetes\/powerball\/\" \/>\n<meta property=\"og:site_name\" content=\"OnlineLotto365\" \/>\n<meta property=\"article:modified_time\" content=\"2021-01-10T10:07:09+00:00\" \/>\n<meta property=\"og:image\" content=\"https:\/\/redfoxlotto.com\/image?size=8&amp;lottery=powerball\" \/>\n<meta name=\"twitter:card\" content=\"summary_large_image\" \/>\n<meta name=\"twitter:label1\" content=\"Tempo estimado de leitura\" \/>\n\t<meta name=\"twitter:data1\" content=\"4 minutos\" \/>\n<script type=\"application\/ld+json\" class=\"yoast-schema-graph\">{\"@context\":\"https:\/\/schema.org\",\"@graph\":[{\"@type\":\"WebPage\",\"@id\":\"https:\/\/onlinelotto365.com\/pt-pt\/comprar-bilhetes\/powerball\/\",\"url\":\"https:\/\/onlinelotto365.com\/pt-pt\/comprar-bilhetes\/powerball\/\",\"name\":\"Comprar bilhetes para Powerball online a partir do Brasil | Sobre Powerball, como comprar bilhetes online\",\"isPartOf\":{\"@id\":\"https:\/\/onlinelotto365.com\/pt-pt\/#website\"},\"primaryImageOfPage\":{\"@id\":\"https:\/\/onlinelotto365.com\/pt-pt\/comprar-bilhetes\/powerball\/#primaryimage\"},\"image\":{\"@id\":\"https:\/\/onlinelotto365.com\/pt-pt\/comprar-bilhetes\/powerball\/#primaryimage\"},\"thumbnailUrl\":\"https:\/\/redfoxlotto.com\/image?size=8&amp;lottery=powerball\",\"datePublished\":\"2020-12-21T09:03:26+00:00\",\"dateModified\":\"2021-01-10T10:07:09+00:00\",\"description\":\"Comprar bilhetes para a famosa lotaria Powerball \u00e9 agora f\u00e1cil, adquira-os online a partir do Brasil e de outros lugares\",\"breadcrumb\":{\"@id\":\"https:\/\/onlinelotto365.com\/pt-pt\/comprar-bilhetes\/powerball\/#breadcrumb\"},\"inLanguage\":\"pt-PT\",\"potentialAction\":[{\"@type\":\"ReadAction\",\"target\":[\"https:\/\/onlinelotto365.com\/pt-pt\/comprar-bilhetes\/powerball\/\"]}]},{\"@type\":\"ImageObject\",\"inLanguage\":\"pt-PT\",\"@id\":\"https:\/\/onlinelotto365.com\/pt-pt\/comprar-bilhetes\/powerball\/#primaryimage\",\"url\":\"https:\/\/redfoxlotto.com\/image?size=8&amp;lottery=powerball\",\"contentUrl\":\"https:\/\/redfoxlotto.com\/image?size=8&amp;lottery=powerball\"},{\"@type\":\"BreadcrumbList\",\"@id\":\"https:\/\/onlinelotto365.com\/pt-pt\/comprar-bilhetes\/powerball\/#breadcrumb\",\"itemListElement\":[{\"@type\":\"ListItem\",\"position\":1,\"name\":\"Home\",\"item\":\"https:\/\/onlinelotto365.com\/pt-pt\/\"},{\"@type\":\"ListItem\",\"position\":2,\"name\":\"Porque \u00e9 que faz mais sentido comprar bilhetes de lotaria online\",\"item\":\"https:\/\/onlinelotto365.com\/pt-pt\/buy-tickets\/\"},{\"@type\":\"ListItem\",\"position\":3,\"name\":\"Como comprar bilhetes Powerball online a partir do Brasil\"}]},{\"@type\":\"WebSite\",\"@id\":\"https:\/\/onlinelotto365.com\/pt-pt\/#website\",\"url\":\"https:\/\/onlinelotto365.com\/pt-pt\/\",\"name\":\"OnlineLotto365\",\"description\":\"\",\"potentialAction\":[{\"@type\":\"SearchAction\",\"target\":{\"@type\":\"EntryPoint\",\"urlTemplate\":\"https:\/\/onlinelotto365.com\/pt-pt\/?s={search_term_string}\"},\"query-input\":{\"@type\":\"PropertyValueSpecification\",\"valueRequired\":true,\"valueName\":\"search_term_string\"}}],\"inLanguage\":\"pt-PT\"}]}<\/script>\n<!-- \/ Yoast SEO plugin. -->","yoast_head_json":{"title":"Comprar bilhetes para Powerball online a partir do Brasil | Sobre Powerball, como comprar bilhetes online","description":"Comprar bilhetes para a famosa lotaria Powerball \u00e9 agora f\u00e1cil, adquira-os online a partir do Brasil e de outros lugares","robots":{"index":"index","follow":"follow","max-snippet":"max-snippet:-1","max-image-preview":"max-image-preview:large","max-video-preview":"max-video-preview:-1"},"canonical":"https:\/\/onlinelotto365.com\/pt-pt\/comprar-bilhetes\/powerball\/","og_locale":"pt_PT","og_type":"article","og_title":"Comprar bilhetes para Powerball online a partir do Brasil | Sobre Powerball, como comprar bilhetes online","og_description":"Comprar bilhetes para a famosa lotaria Powerball \u00e9 agora f\u00e1cil, adquira-os online a partir do Brasil e de outros lugares","og_url":"https:\/\/onlinelotto365.com\/pt-pt\/comprar-bilhetes\/powerball\/","og_site_name":"OnlineLotto365","article_modified_time":"2021-01-10T10:07:09+00:00","og_image":[{"url":"https:\/\/redfoxlotto.com\/image?size=8&amp;lottery=powerball"}],"twitter_card":"summary_large_image","twitter_misc":{"Tempo estimado de leitura":"4 minutos"},"schema":{"@context":"https:\/\/schema.org","@graph":[{"@type":"WebPage","@id":"https:\/\/onlinelotto365.com\/pt-pt\/comprar-bilhetes\/powerball\/","url":"https:\/\/onlinelotto365.com\/pt-pt\/comprar-bilhetes\/powerball\/","name":"Comprar bilhetes para Powerball online a partir do Brasil | Sobre Powerball, como comprar bilhetes online","isPartOf":{"@id":"https:\/\/onlinelotto365.com\/pt-pt\/#website"},"primaryImageOfPage":{"@id":"https:\/\/onlinelotto365.com\/pt-pt\/comprar-bilhetes\/powerball\/#primaryimage"},"image":{"@id":"https:\/\/onlinelotto365.com\/pt-pt\/comprar-bilhetes\/powerball\/#primaryimage"},"thumbnailUrl":"https:\/\/redfoxlotto.com\/image?size=8&amp;lottery=powerball","datePublished":"2020-12-21T09:03:26+00:00","dateModified":"2021-01-10T10:07:09+00:00","description":"Comprar bilhetes para a famosa lotaria Powerball \u00e9 agora f\u00e1cil, adquira-os online a partir do Brasil e de outros lugares","breadcrumb":{"@id":"https:\/\/onlinelotto365.com\/pt-pt\/comprar-bilhetes\/powerball\/#breadcrumb"},"inLanguage":"pt-PT","potentialAction":[{"@type":"ReadAction","target":["https:\/\/onlinelotto365.com\/pt-pt\/comprar-bilhetes\/powerball\/"]}]},{"@type":"ImageObject","inLanguage":"pt-PT","@id":"https:\/\/onlinelotto365.com\/pt-pt\/comprar-bilhetes\/powerball\/#primaryimage","url":"https:\/\/redfoxlotto.com\/image?size=8&amp;lottery=powerball","contentUrl":"https:\/\/redfoxlotto.com\/image?size=8&amp;lottery=powerball"},{"@type":"BreadcrumbList","@id":"https:\/\/onlinelotto365.com\/pt-pt\/comprar-bilhetes\/powerball\/#breadcrumb","itemListElement":[{"@type":"ListItem","position":1,"name":"Home","item":"https:\/\/onlinelotto365.com\/pt-pt\/"},{"@type":"ListItem","position":2,"name":"Porque \u00e9 que faz mais sentido comprar bilhetes de lotaria online","item":"https:\/\/onlinelotto365.com\/pt-pt\/buy-tickets\/"},{"@type":"ListItem","position":3,"name":"Como comprar bilhetes Powerball online a partir do Brasil"}]},{"@type":"WebSite","@id":"https:\/\/onlinelotto365.com\/pt-pt\/#website","url":"https:\/\/onlinelotto365.com\/pt-pt\/","name":"OnlineLotto365","description":"","potentialAction":[{"@type":"SearchAction","target":{"@type":"EntryPoint","urlTemplate":"https:\/\/onlinelotto365.com\/pt-pt\/?s={search_term_string}"},"query-input":{"@type":"PropertyValueSpecification","valueRequired":true,"valueName":"search_term_string"}}],"inLanguage":"pt-PT"}]}},"_links":{"self":[{"href":"https:\/\/onlinelotto365.com\/pt-pt\/wp-json\/wp\/v2\/pages\/11967","targetHints":{"allow":["GET"]}}],"collection":[{"href":"https:\/\/onlinelotto365.com\/pt-pt\/wp-json\/wp\/v2\/pages"}],"about":[{"href":"https:\/\/onlinelotto365.com\/pt-pt\/wp-json\/wp\/v2\/types\/page"}],"author":[{"embeddable":true,"href":"https:\/\/onlinelotto365.com\/pt-pt\/wp-json\/wp\/v2\/users\/1"}],"replies":[{"embeddable":true,"href":"https:\/\/onlinelotto365.com\/pt-pt\/wp-json\/wp\/v2\/comments?post=11967"}],"version-history":[{"count":0,"href":"https:\/\/onlinelotto365.com\/pt-pt\/wp-json\/wp\/v2\/pages\/11967\/revisions"}],"up":[{"embeddable":true,"href":"https:\/\/onlinelotto365.com\/pt-pt\/wp-json\/wp\/v2\/pages\/4636"}],"wp:attachment":[{"href":"https:\/\/onlinelotto365.com\/pt-pt\/wp-json\/wp\/v2\/media?parent=11967"}],"curies":[{"name":"wp","href":"https:\/\/api.w.org\/{rel}","templated":true}]}}