{"id":11970,"date":"2020-12-21T10:05:13","date_gmt":"2020-12-21T09:05:13","guid":{"rendered":"http:\/\/onlinelotto365.net\/?page_id=11970"},"modified":"2021-01-06T14:53:19","modified_gmt":"2021-01-06T13:53:19","slug":"mega-millions","status":"publish","type":"page","link":"https:\/\/onlinelotto365.com\/pt-pt\/comprar-bilhetes\/mega-millions\/","title":{"rendered":"Mega Millions \u00e9 uma das melhores lotarias do planeta"},"content":{"rendered":"<h2>Agora voc\u00ea pode comprar bilhetes de loteria Mega Millions online<\/h2>\n<p>Voc\u00ea n\u00e3o precisa mais se aventurar para <strong> comprar bilhetes de loteria para a Mega Millions <\/strong>. Gra\u00e7as \u00e0 comodidade da internet, voc\u00ea pode simplesmente comprar quantos bilhetes quiser para esta loteria agora, a qualquer hora, no Brasil direto do seu computador.<\/p>\n<p>Voc\u00ea n\u00e3o precisa mais morar nos Estados Unidos, pois residentes de todos os pa\u00edses do mundo, incluindo o Brasil, podem aproveitar este \u00f3timo servi\u00e7o <a href=\"https:\/\/onlinelotto365.com\/pt-pt\/news\/idade-minima-para-comprar-bilhetes-de-loteria\"> se eles forem maiores de idade <\/a>. Depois de anos tendo jogadores de loteria limitados apenas \u00e0s suas loterias locais, e com a Internet abrindo todo o mundo para n\u00f3s, \u00e9 definitivamente uma ideia cujo tempo chegou.<\/p>\n<p>Oferecemos a voc\u00ea a possibilidade de comprar ingressos online n\u00e3o apenas para a Mega Millions, mas tamb\u00e9m para todas as outras <a href=\"https:\/\/onlinelotto365.com\/pt-pt\/news\/as-melhores-lotarias-do-mundo\"> maiores e mais emocionantes loterias do mundo <\/a> tamb\u00e9m. Tudo o que voc\u00ea faz \u00e9 configurar uma conta gratuita, escolher em quais loterias deseja jogar, escolher seus n\u00fameros ou deixar que o computador os escolha para voc\u00ea, pagar por seus bilhetes atrav\u00e9s de uma de nossas muitas op\u00e7\u00f5es de pagamento convenientes, e voc\u00ea est\u00e1 completamente no jogo.<\/p>\n<h2>Cuidamos de voc\u00ea em cada etapa do caminho<\/h2>\n<p>Depois que voc\u00ea comprou seus bilhetes para a loteria ou loterias de sua escolha, n\u00f3s ent\u00e3o entramos em a\u00e7\u00e3o e obtemos seus bilhetes para voc\u00ea, guardamos para voc\u00ea por seguran\u00e7a. Voc\u00ea nem mesmo precisa acompanhar os sorteios ou <a href=\"https:\/\/onlinelotto365.com\/pt-pt\/jogar\/mega-millions\"> os n\u00fameros sorteados <\/a>, pois fazemos tudo isso para voc\u00ea tamb\u00e9m. Embora seja certamente uma grande parte da divers\u00e3o <a href=\"https:\/\/onlinelotto365.com\/pt-pt\/news\/ver-bilhete-de-lotaria-online\"> verificar seus pr\u00f3prios n\u00fameros <\/a>, voc\u00ea nem mesmo precisa incomode-se com isso se n\u00e3o quiser, pois eles v\u00e3o deixar voc\u00ea saber se voc\u00ea ganhou e quanto.<br \/>\n<a href=\"https:\/\/redfoxlotto.com\/pt\/mega-millions\/?ref=a8564250a2&amp;medium=ol365\" target=\"_blank\" rel=\"noopener noreferrer\"> <img decoding=\"async\" class=\"aligncenter\" src=\" https:\/\/redfoxlotto.com\/image?size=8&amp;lottery=mega-millions \" alt=\" mega milh\u00f5es \" \/> <\/a><\/p>\n<h2>Como pagar pelo seu bilhete Mega Millions online<\/h2>\n<p>Depois de registrar sua conta em nosso site, voc\u00ea pode primeiro depositar algum dinheiro para suas compras posteriores. Ou voc\u00ea cria um ou mais ingressos primeiro e depois paga por eles. Voc\u00ea encontrar\u00e1 v\u00e1rias op\u00e7\u00f5es de pagamento. Se voc\u00ea tiver problemas para pagar, leia nosso FAQ. Voc\u00ea encontrar\u00e1 algumas dicas sobre como fazer pagamentos, bem como sobre saques de ganhos em sua conta banc\u00e1ria no Brasil e muitos outros t\u00f3picos.<\/p>\n<h2>Mais informa\u00e7\u00f5es sobre Mega Millions<\/h2>\n<ul>\n<li>A loteria \u00e9 realizada onde: EUA<\/li>\n<li>Quantos n\u00fameros principais escolher: 70<\/li>\n<li>Voc\u00ea deve selecionar: 5<\/li>\n<li>Quantos n\u00fameros extras para escolher: 25<\/li>\n<li>Voc\u00ea deve selecionar: 1<\/li>\n<li>Dias e horas do sorteio: ter\u00e7a, sexta, 21:00 EST, +1 dia 3:00 CET<\/li>\n<li>Jackpot m\u00ednimo: $ 40 milh\u00f5es<\/li>\n<li>Montante m\u00e1ximo do jackpot: nenhum<\/li>\n<li>Poss\u00edveis combina\u00e7\u00f5es de n\u00fameros para ganhar o jackpot: 1 em 175.711.536<\/li>\n<li>Combina\u00e7\u00e3o de n\u00fameros poss\u00edveis para uma vit\u00f3ria de n\u00edvel 2: 1 em 3.819.816<\/li>\n<li>Probabilidade de vencer em qualquer n\u00edvel: 1 em 24,12<\/li>\n<li>Quantos n\u00edveis de pr\u00eamio: 9<\/li>\n<\/ul>\n<h2>Vantagens de comprar ingressos da Mega Millions online<\/h2>\n<p>Mega Millions oferece dois sorteios por semana, \u00e0s ter\u00e7as e sextas-feiras. Semelhante a Powerball , os jogadores escolhem 5 n\u00fameros principais, no entanto, em vez dos 59 n\u00fameros que voc\u00ea escolhe na loteria Powerball, Mega Millions tem apenas 56 bolas, tornando suas chances de acertar os 5 n\u00fameros ainda maiores.<\/p>\n<p>Tamb\u00e9m existe uma bola adicional com esta loteria, chamada Mega Ball, onde voc\u00ea seleciona entre 46 n\u00fameros. Se voc\u00ea acertar todos os 5 n\u00fameros regulares mais a Mega Ball, voc\u00ea ganhou o enorme jackpot que a Mega Millions sempre oferece.<\/p>\n<p>Como todas as loterias, <strong> se n\u00e3o houver ganhador do jackpot, o jackpot cresce <\/strong> e cresce at\u00e9 que algu\u00e9m ganhe. Ent\u00e3o, isso s\u00f3 aumenta a emo\u00e7\u00e3o, al\u00e9m de aumentar o valor da loteria a cada vez o valor do jackpot aumenta . Custa a mesma quantidade de dinheiro para jogar, mas quanto mais dinheiro estiver em jogo, melhor ser\u00e1 o neg\u00f3cio para voc\u00ea.<\/p>\n<p>Portanto, esta \u00e9 uma das raz\u00f5es pelas quais tantas pessoas jogam mais quando os jackpots realmente disparam. A outra raz\u00e3o \u00e9, obviamente, que \u00e9 simplesmente mais emocionante jogar por quantias maiores. Ent\u00e3o, loterias como Mega Millions ou Powerball garantem que at\u00e9 mesmo seu menor jackpot seja enorme, para que os jogadores nunca tenham que esperar para entrar em toda a divers\u00e3o que as loterias enormes trazem.<\/p>\n<h2>\u00c9 legal comprar ingressos da Mega Millions onlinee?<\/h2>\n<p>\u00c9 <strong> perfeitamente legal usar nosso <a href=\"https:\/\/onlinelotto365.com\/pt-pt\/news\/servico-de-ingressos-para-loterias-internacionais\"> servi\u00e7o de mensageiro de bilhetes <\/a> <\/strong> no Brasil. Apenas certifique-se de que voc\u00ea \u00e9 maior de idade, o que significa que voc\u00ea deve ter pelo menos 18 anos para comprar bilhetes de loteria.<\/p>\n<h2>Como recebo o pagamento se ganhar Mega Millions online?<\/h2>\n<p>Depois de ganhar, tamb\u00e9m oferecemos assist\u00eancia na coleta de seu dinheiro. Se for uma quantia menor (inferior a \u20ac 2500), voc\u00ea nem precisa fazer nada &#8211; n\u00f3s apenas colocaremos seu dinheiro direto na sua conta com eles. Para pr\u00eamios maiores, vamos ajud\u00e1-lo a preencher alguns pap\u00e9is para reivindicar um pr\u00eamio e providenciar o pagamento. E para os pr\u00eamios enormes (o que significa um jackpot), bem, voc\u00ea pode simplesmente decidir fazer uma viagem para ganhar todos aqueles milh\u00f5es, mas tenho certeza de que n\u00e3o se importar\u00e1 de fazer isso. Se voc\u00ea n\u00e3o quer viajar, n\u00e3o tem problema. Podemos providenciar uma transfer\u00eancia banc\u00e1ria ou verificar o pagamento com a autoridade da loteria tamb\u00e9m.<\/p>\n<h2>Voc\u00ea se tornar\u00e1 um grande vencedor de mega milh\u00f5es?<\/h2>\n<p>S\u00f3 h\u00e1 uma maneira de ter certeza: <strong> jogar na loteria Mega Millions tamb\u00e9m <\/strong> como em quaisquer outras grandes loterias que voc\u00ea queira jogar. Apenas a mera chance de voc\u00ea ganhar \u00e9 motivo suficiente para jogar. Se voc\u00ea n\u00e3o jogar, pode ter certeza que n\u00e3o vai ganhar. Se o fizer, bem, quem sabe?<\/p>\n<p>Ent\u00e3o, se voc\u00ea nunca jogou Mega Millions antes, quem sabe quanto dinheiro voc\u00ea poderia ter ganho se estivesse jogando todo esse tempo? O tempo para pensar sobre isso acabou. A bola est\u00e1 agora em suas m\u00e3os e dada <strong> como \u00e9 f\u00e1cil <a href=\"https:\/\/onlinelotto365.com\/pt-pt\/comprar-bilhetes\"> comprar bilhetes de loteria online agora <\/a> <\/strong>, \u00e9 n\u00e3o \u00e9 \u00e0 toa que tantas pessoas est\u00e3o entusiasmadas com isso.<\/p>\n","protected":false},"excerpt":{"rendered":"<p>Agora voc\u00ea pode comprar bilhetes de loteria Mega Millions online Voc\u00ea n\u00e3o precisa mais se aventurar para comprar bilhetes de loteria para a Mega Millions . Gra\u00e7as \u00e0 comodidade da internet, voc\u00ea pode simplesmente comprar quantos bilhetes quiser para esta loteria agora, a qualquer hora, no Brasil direto do seu computador. Voc\u00ea n\u00e3o precisa mais [&hellip;]<\/p>\n","protected":false},"author":1,"featured_media":0,"parent":4636,"menu_order":2,"comment_status":"closed","ping_status":"closed","template":"megamillion-info.php","meta":{"_et_pb_use_builder":"","_et_pb_old_content":"","_et_gb_content_width":"","exclude_from_search":false,"footnotes":""},"class_list":["post-11970","page","type-page","status-publish","hentry"],"yoast_head":"<!-- This site is optimized with the Yoast SEO plugin v23.4 - https:\/\/yoast.com\/wordpress\/plugins\/seo\/ -->\n<title>Comprar bilhetes para Mega Millions online do Brasil | Mega Millions info, adquirir bilhetes online<\/title>\n<meta name=\"description\" content=\"Mega Millions Lotto agora dispon\u00edvel para os residentes do Brasil - compre aqui os bilhetes legais para a Mega Millions online\" \/>\n<meta name=\"robots\" content=\"index, follow, max-snippet:-1, max-image-preview:large, max-video-preview:-1\" \/>\n<link rel=\"canonical\" href=\"https:\/\/onlinelotto365.com\/pt-pt\/comprar-bilhetes\/mega-millions\/\" \/>\n<meta property=\"og:locale\" content=\"pt_PT\" \/>\n<meta property=\"og:type\" content=\"article\" \/>\n<meta property=\"og:title\" content=\"Comprar bilhetes para Mega Millions online do Brasil | Mega Millions info, adquirir bilhetes online\" \/>\n<meta property=\"og:description\" content=\"Mega Millions Lotto agora dispon\u00edvel para os residentes do Brasil - compre aqui os bilhetes legais para a Mega Millions online\" \/>\n<meta property=\"og:url\" content=\"https:\/\/onlinelotto365.com\/pt-pt\/comprar-bilhetes\/mega-millions\/\" \/>\n<meta property=\"og:site_name\" content=\"OnlineLotto365\" \/>\n<meta property=\"article:modified_time\" content=\"2021-01-06T13:53:19+00:00\" \/>\n<meta name=\"twitter:card\" content=\"summary_large_image\" \/>\n<meta name=\"twitter:label1\" content=\"Tempo estimado de leitura\" \/>\n\t<meta name=\"twitter:data1\" content=\"5 minutos\" \/>\n<script type=\"application\/ld+json\" class=\"yoast-schema-graph\">{\"@context\":\"https:\/\/schema.org\",\"@graph\":[{\"@type\":\"WebPage\",\"@id\":\"https:\/\/onlinelotto365.com\/pt-pt\/comprar-bilhetes\/mega-millions\/\",\"url\":\"https:\/\/onlinelotto365.com\/pt-pt\/comprar-bilhetes\/mega-millions\/\",\"name\":\"Comprar bilhetes para Mega Millions online do Brasil | Mega Millions info, adquirir bilhetes online\",\"isPartOf\":{\"@id\":\"https:\/\/onlinelotto365.com\/pt-pt\/#website\"},\"datePublished\":\"2020-12-21T09:05:13+00:00\",\"dateModified\":\"2021-01-06T13:53:19+00:00\",\"description\":\"Mega Millions Lotto agora dispon\u00edvel para os residentes do Brasil - compre aqui os bilhetes legais para a Mega Millions online\",\"breadcrumb\":{\"@id\":\"https:\/\/onlinelotto365.com\/pt-pt\/comprar-bilhetes\/mega-millions\/#breadcrumb\"},\"inLanguage\":\"pt-PT\",\"potentialAction\":[{\"@type\":\"ReadAction\",\"target\":[\"https:\/\/onlinelotto365.com\/pt-pt\/comprar-bilhetes\/mega-millions\/\"]}]},{\"@type\":\"BreadcrumbList\",\"@id\":\"https:\/\/onlinelotto365.com\/pt-pt\/comprar-bilhetes\/mega-millions\/#breadcrumb\",\"itemListElement\":[{\"@type\":\"ListItem\",\"position\":1,\"name\":\"Home\",\"item\":\"https:\/\/onlinelotto365.com\/pt-pt\/\"},{\"@type\":\"ListItem\",\"position\":2,\"name\":\"Porque \u00e9 que faz mais sentido comprar bilhetes de lotaria online\",\"item\":\"https:\/\/onlinelotto365.com\/pt-pt\/buy-tickets\/\"},{\"@type\":\"ListItem\",\"position\":3,\"name\":\"Mega Millions \u00e9 uma das melhores lotarias do planeta\"}]},{\"@type\":\"WebSite\",\"@id\":\"https:\/\/onlinelotto365.com\/pt-pt\/#website\",\"url\":\"https:\/\/onlinelotto365.com\/pt-pt\/\",\"name\":\"OnlineLotto365\",\"description\":\"\",\"potentialAction\":[{\"@type\":\"SearchAction\",\"target\":{\"@type\":\"EntryPoint\",\"urlTemplate\":\"https:\/\/onlinelotto365.com\/pt-pt\/?s={search_term_string}\"},\"query-input\":{\"@type\":\"PropertyValueSpecification\",\"valueRequired\":true,\"valueName\":\"search_term_string\"}}],\"inLanguage\":\"pt-PT\"}]}<\/script>\n<!-- \/ Yoast SEO plugin. -->","yoast_head_json":{"title":"Comprar bilhetes para Mega Millions online do Brasil | Mega Millions info, adquirir bilhetes online","description":"Mega Millions Lotto agora dispon\u00edvel para os residentes do Brasil - compre aqui os bilhetes legais para a Mega Millions online","robots":{"index":"index","follow":"follow","max-snippet":"max-snippet:-1","max-image-preview":"max-image-preview:large","max-video-preview":"max-video-preview:-1"},"canonical":"https:\/\/onlinelotto365.com\/pt-pt\/comprar-bilhetes\/mega-millions\/","og_locale":"pt_PT","og_type":"article","og_title":"Comprar bilhetes para Mega Millions online do Brasil | Mega Millions info, adquirir bilhetes online","og_description":"Mega Millions Lotto agora dispon\u00edvel para os residentes do Brasil - compre aqui os bilhetes legais para a Mega Millions online","og_url":"https:\/\/onlinelotto365.com\/pt-pt\/comprar-bilhetes\/mega-millions\/","og_site_name":"OnlineLotto365","article_modified_time":"2021-01-06T13:53:19+00:00","twitter_card":"summary_large_image","twitter_misc":{"Tempo estimado de leitura":"5 minutos"},"schema":{"@context":"https:\/\/schema.org","@graph":[{"@type":"WebPage","@id":"https:\/\/onlinelotto365.com\/pt-pt\/comprar-bilhetes\/mega-millions\/","url":"https:\/\/onlinelotto365.com\/pt-pt\/comprar-bilhetes\/mega-millions\/","name":"Comprar bilhetes para Mega Millions online do Brasil | Mega Millions info, adquirir bilhetes online","isPartOf":{"@id":"https:\/\/onlinelotto365.com\/pt-pt\/#website"},"datePublished":"2020-12-21T09:05:13+00:00","dateModified":"2021-01-06T13:53:19+00:00","description":"Mega Millions Lotto agora dispon\u00edvel para os residentes do Brasil - compre aqui os bilhetes legais para a Mega Millions online","breadcrumb":{"@id":"https:\/\/onlinelotto365.com\/pt-pt\/comprar-bilhetes\/mega-millions\/#breadcrumb"},"inLanguage":"pt-PT","potentialAction":[{"@type":"ReadAction","target":["https:\/\/onlinelotto365.com\/pt-pt\/comprar-bilhetes\/mega-millions\/"]}]},{"@type":"BreadcrumbList","@id":"https:\/\/onlinelotto365.com\/pt-pt\/comprar-bilhetes\/mega-millions\/#breadcrumb","itemListElement":[{"@type":"ListItem","position":1,"name":"Home","item":"https:\/\/onlinelotto365.com\/pt-pt\/"},{"@type":"ListItem","position":2,"name":"Porque \u00e9 que faz mais sentido comprar bilhetes de lotaria online","item":"https:\/\/onlinelotto365.com\/pt-pt\/buy-tickets\/"},{"@type":"ListItem","position":3,"name":"Mega Millions \u00e9 uma das melhores lotarias do planeta"}]},{"@type":"WebSite","@id":"https:\/\/onlinelotto365.com\/pt-pt\/#website","url":"https:\/\/onlinelotto365.com\/pt-pt\/","name":"OnlineLotto365","description":"","potentialAction":[{"@type":"SearchAction","target":{"@type":"EntryPoint","urlTemplate":"https:\/\/onlinelotto365.com\/pt-pt\/?s={search_term_string}"},"query-input":{"@type":"PropertyValueSpecification","valueRequired":true,"valueName":"search_term_string"}}],"inLanguage":"pt-PT"}]}},"_links":{"self":[{"href":"https:\/\/onlinelotto365.com\/pt-pt\/wp-json\/wp\/v2\/pages\/11970","targetHints":{"allow":["GET"]}}],"collection":[{"href":"https:\/\/onlinelotto365.com\/pt-pt\/wp-json\/wp\/v2\/pages"}],"about":[{"href":"https:\/\/onlinelotto365.com\/pt-pt\/wp-json\/wp\/v2\/types\/page"}],"author":[{"embeddable":true,"href":"https:\/\/onlinelotto365.com\/pt-pt\/wp-json\/wp\/v2\/users\/1"}],"replies":[{"embeddable":true,"href":"https:\/\/onlinelotto365.com\/pt-pt\/wp-json\/wp\/v2\/comments?post=11970"}],"version-history":[{"count":0,"href":"https:\/\/onlinelotto365.com\/pt-pt\/wp-json\/wp\/v2\/pages\/11970\/revisions"}],"up":[{"embeddable":true,"href":"https:\/\/onlinelotto365.com\/pt-pt\/wp-json\/wp\/v2\/pages\/4636"}],"wp:attachment":[{"href":"https:\/\/onlinelotto365.com\/pt-pt\/wp-json\/wp\/v2\/media?parent=11970"}],"curies":[{"name":"wp","href":"https:\/\/api.w.org\/{rel}","templated":true}]}}