{"id":11972,"date":"2020-12-21T10:06:27","date_gmt":"2020-12-21T09:06:27","guid":{"rendered":"http:\/\/onlinelotto365.net\/?page_id=11972"},"modified":"2021-01-10T11:07:10","modified_gmt":"2021-01-10T10:07:10","slug":"euromillions","status":"publish","type":"page","link":"https:\/\/onlinelotto365.com\/pt-pt\/comprar-bilhetes\/euromillions\/","title":{"rendered":"Como comprar bilhetes Euromilh\u00f5es online"},"content":{"rendered":"<p>Voc\u00ea <strong> quer comprar ingressos da EuroMilh\u00f5es para o pr\u00f3ximo sorteio <\/strong>? Voc\u00ea deseja retirar seus ingressos inteiramente online? Voc\u00ea <a href=\"https:\/\/onlinelotto365.com\/pt-pt\/jogar\"> deseja apostar em loterias que n\u00e3o est\u00e3o dispon\u00edveis no Brasil <\/a>? Bem, ent\u00e3o, voc\u00ea vai querer dar uma olhada mais de perto aqui, onde vamos repassar as etapas envolvidas. E, felizmente para voc\u00ea, \u00e9 super simples para come\u00e7ar.<\/p>\n<ul>\n<li>Escolha a loteria que deseja jogar e escolha os n\u00fameros que deseja jogar ou escolha uma escolha r\u00e1pida para que o computador escolha para voc\u00ea<\/li>\n<li>Adicione ainda <a href=\"https:\/\/onlinelotto365.com\/pt-pt\"> mais jogos de loteria <\/a> e mais bilhetes para qualquer jogo, mesmo fora do Brasil, para que seu pedido reflita o total de bilhetes que voc\u00ea deseja<\/li>\n<li>Selecione a op\u00e7\u00e3o pagar agora<\/li>\n<li>Crie e registre sua conta ou fa\u00e7a login em sua conta de membro existente para comprar seus ingressos<\/li>\n<li>Para aqueles que precisam se registrar, verifique se h\u00e1 um link de verifica\u00e7\u00e3o em seu e-mail para que possa finalizar o processo<\/li>\n<li>Observe sua pasta de spam, caso o e-mail seja enviado para l\u00e1 por engano<\/li>\n<li>Verifique seu e-mail e clique no carrinho de compras no site<\/li>\n<li>Escolha sua op\u00e7\u00e3o de pagamento preferida e siga as instru\u00e7\u00f5es para pagar pelos ingressos<\/li>\n<\/ul>\n<p><a href=\"https:\/\/redfoxlotto.com\/pt\/euromillions\/?ref=a8564250a2&amp;medium=ol365\" target=\"_blank\" rel=\"noopener noreferrer\"> <img decoding=\"async\" class=\"aligncenter\" src=\"https:\/\/redfoxlotto.com\/image?size=8&amp;lottery=euromillions\" alt=\"euromillions\" \/> <\/a><\/p>\n<h2>Como pagar o seu bilhete EuroMilh\u00f5es online<\/h2>\n<p>Pagar pelos seus bilhetes <a href=\"https:\/\/onlinelotto365.com\/pt-pt\/news\/idade-minima-para-comprar-bilhetes-de-loteria\"> EuroMilh\u00f5es <\/a> online \u00e9 simples porque existem v\u00e1rios m\u00e9todos de pagamento seguros dispon\u00edveis. Basta escolher o que voc\u00ea preferir.<br \/>\nCompre e pague por seus ingressos fazendo o seguinte:<\/p>\n<ul>\n<li>Pague o pedido com uma conta de pagamento<\/li>\n<li>Adicione dinheiro \u00e0 sua conta de jogador e compre ingressos da conta de jogador<\/li>\n<\/ul>\n<p>Para aqueles que optam por adicionar dinheiro diretamente em sua conta de jogador, voc\u00ea s\u00f3 precisa se certificar de que tem mais do que o suficiente dispon\u00edvel para o pedido que est\u00e1 prestes a fazer.<\/p>\n<h2>Mais informa\u00e7\u00f5es sobre o EuroMilh\u00f5es<\/h2>\n<ul>\n<li>Pa\u00eds: misc. Europa<\/li>\n<li>Faixa de n\u00fameros principais: 50<\/li>\n<li>Voc\u00ea escolhe: 5<\/li>\n<li>Intervalo de n\u00fameros extras: 12<\/li>\n<li>Voc\u00ea escolhe: 2<\/li>\n<li>Dias e horas do sorteio: ter\u00e7a, sexta, 19:30 GMT, 20:30 CET<\/li>\n<li>Jackpot m\u00ednimo: \u20ac 17 milh\u00f5es<\/li>\n<li>Jackpot m\u00e1ximo: \u20ac 190 milh\u00f5es<\/li>\n<li>Probabilidade de ganhar o jackpot: 1 em 186450880<\/li>\n<li>Probabilidade de vit\u00f3ria de n\u00edvel 2: 1 em 2118760<\/li>\n<li>Probabilidade de vencer em qualquer n\u00edvel: 1 em 12,98<\/li>\n<li>N\u00famero de categorias de pr\u00eamios: 13<\/li>\n<\/ul>\n<h2>Vantagens de comprar bilhetes da EuroMilh\u00f5es online<\/h2>\n<ul>\n<li>N\u00e3o h\u00e1 necessidade de sair de casa para pegar os ingressos que deseja<\/li>\n<li>Escolha entre <strong> v\u00e1rias loterias diferentes <\/strong><\/li>\n<li>Obtenha melhores chances de ganhos escolhendo jogos com jackpots maiores<\/li>\n<li>Adicione dinheiro diretamente \u00e0 sua conta e use-o para comprar ingressos<\/li>\n<li>Sem chance de perder seu ingresso<\/li>\n<li>Notifica\u00e7\u00f5es instant\u00e2neas para pr\u00eamios ganhos<\/li>\n<li>Op\u00e7\u00f5es de escolha f\u00e1cil para gera\u00e7\u00e3o de n\u00fameros aleat\u00f3rios<\/li>\n<\/ul>\n<h2>\u00c9 legal comprar bilhetes da EuroMilh\u00f5es online?<\/h2>\n<p>Voc\u00ea deve estar se perguntando se a compra de bilhetes de loteria online \u00e9 mesmo legal, especialmente se o seu pa\u00eds de resid\u00eancia tem regras r\u00edgidas. Mas o que \u00e9 \u00f3timo \u00e9 que voc\u00ea n\u00e3o precisa se preocupar com nada com nosso servi\u00e7o. <strong> Corremos tudo de acordo com os regulamentos <\/strong> e garantimos que n\u00e3o importa o que voc\u00ea ganhe ou onde ganhe, voc\u00ea poder\u00e1 receber seu pr\u00eamio e at\u00e9 mesmo ganhar o jackpot.<br \/>\nA \u00fanica coisa que voc\u00ea precisa fazer \u00e9 <a href=\"https:\/\/onlinelotto365.com\/pt-pt\/news\/idade-minima-para-comprar-bilhetes-de-loteria\"> garantir que voc\u00ea tenha pelo menos 18 anos. <\/a><\/p>\n<h2>Como recebo o pagamento se ganhar o EuroMilh\u00f5es online?<\/h2>\n<p>Quando voc\u00ea ganha dinheiro, n\u00f3s garantimos que voc\u00ea o receba o mais facilmente poss\u00edvel. Tudo o que voc\u00ea precisa fazer \u00e9 comprar o seu bilhete conosco e n\u00f3s nos encarregamos de reivindicar seus ganhos e entreg\u00e1-los a voc\u00ea. N\u00e3o cobramos comiss\u00e3o de seus ganhos, a menos que voc\u00ea opte por ser <strong> pago por transfer\u00eancia banc\u00e1ria para uma conta banc\u00e1ria no Brasil. <\/strong><\/p>\n<p>Quando isso acontece, o banco nos cobra uma taxa e solicitamos que voc\u00ea pague a taxa tamb\u00e9m. Isso varia de acordo com o local para onde o dinheiro est\u00e1 sendo enviado. Al\u00e9m disso, tudo que voc\u00ea precisa saber sobre pagamentos \u00e9:<\/p>\n<ul>\n<li>Se voc\u00ea ganhar \u20ac 2.500 ou menos, o dinheiro \u00e9 automaticamente e imediatamente creditado diretamente na sua conta de jogador.<\/li>\n<li>Se voc\u00ea ganhar mais de \u20ac 2.500, receber\u00e1 um e-mail com um formul\u00e1rio de reivindica\u00e7\u00e3o a ser enviado \u00e0 comiss\u00e3o de loteria. Isso ir\u00e1 detalhar como voc\u00ea deseja ser pago, incluindo transfer\u00eancia banc\u00e1ria ou cheque. Sua solicita\u00e7\u00e3o ser\u00e1 processada e pode demorar um foitos dias antes de seu dinheiro estar dispon\u00edvel para voc\u00ea.<\/li>\n<\/ul>\n","protected":false},"excerpt":{"rendered":"<p>Voc\u00ea quer comprar ingressos da EuroMilh\u00f5es para o pr\u00f3ximo sorteio ? Voc\u00ea deseja retirar seus ingressos inteiramente online? Voc\u00ea deseja apostar em loterias que n\u00e3o est\u00e3o dispon\u00edveis no Brasil ? Bem, ent\u00e3o, voc\u00ea vai querer dar uma olhada mais de perto aqui, onde vamos repassar as etapas envolvidas. E, felizmente para voc\u00ea, \u00e9 super simples [&hellip;]<\/p>\n","protected":false},"author":1,"featured_media":0,"parent":4636,"menu_order":3,"comment_status":"closed","ping_status":"closed","template":"euromillions-info.php","meta":{"_et_pb_use_builder":"","_et_pb_old_content":"","_et_gb_content_width":"","exclude_from_search":false,"footnotes":""},"class_list":["post-11972","page","type-page","status-publish","hentry"],"yoast_head":"<!-- This site is optimized with the Yoast SEO plugin v23.4 - https:\/\/yoast.com\/wordpress\/plugins\/seo\/ -->\n<title>Comprar bilhetes para Euromilh\u00f5es online<\/title>\n<meta name=\"description\" content=\"Os f\u00e3s da lotaria de qualquer pa\u00eds, incluindo o Brasil, podem agora comprar bilhetes Euromilh\u00f5es aqui\" \/>\n<meta name=\"robots\" content=\"index, follow, max-snippet:-1, max-image-preview:large, max-video-preview:-1\" \/>\n<link rel=\"canonical\" href=\"https:\/\/onlinelotto365.com\/pt-pt\/comprar-bilhetes\/euromillions\/\" \/>\n<meta property=\"og:locale\" content=\"pt_PT\" \/>\n<meta property=\"og:type\" content=\"article\" \/>\n<meta property=\"og:title\" content=\"Comprar bilhetes para Euromilh\u00f5es online\" \/>\n<meta property=\"og:description\" content=\"Os f\u00e3s da lotaria de qualquer pa\u00eds, incluindo o Brasil, podem agora comprar bilhetes Euromilh\u00f5es aqui\" \/>\n<meta property=\"og:url\" content=\"https:\/\/onlinelotto365.com\/pt-pt\/comprar-bilhetes\/euromillions\/\" \/>\n<meta property=\"og:site_name\" content=\"OnlineLotto365\" \/>\n<meta property=\"article:modified_time\" content=\"2021-01-10T10:07:10+00:00\" \/>\n<meta property=\"og:image\" content=\"https:\/\/redfoxlotto.com\/image?size=8&amp;lottery=euromillions\" \/>\n<meta name=\"twitter:card\" content=\"summary_large_image\" \/>\n<meta name=\"twitter:label1\" content=\"Tempo estimado de leitura\" \/>\n\t<meta name=\"twitter:data1\" content=\"4 minutos\" \/>\n<script type=\"application\/ld+json\" class=\"yoast-schema-graph\">{\"@context\":\"https:\/\/schema.org\",\"@graph\":[{\"@type\":\"WebPage\",\"@id\":\"https:\/\/onlinelotto365.com\/pt-pt\/comprar-bilhetes\/euromillions\/\",\"url\":\"https:\/\/onlinelotto365.com\/pt-pt\/comprar-bilhetes\/euromillions\/\",\"name\":\"Comprar bilhetes para Euromilh\u00f5es online\",\"isPartOf\":{\"@id\":\"https:\/\/onlinelotto365.com\/pt-pt\/#website\"},\"primaryImageOfPage\":{\"@id\":\"https:\/\/onlinelotto365.com\/pt-pt\/comprar-bilhetes\/euromillions\/#primaryimage\"},\"image\":{\"@id\":\"https:\/\/onlinelotto365.com\/pt-pt\/comprar-bilhetes\/euromillions\/#primaryimage\"},\"thumbnailUrl\":\"https:\/\/redfoxlotto.com\/image?size=8&amp;lottery=euromillions\",\"datePublished\":\"2020-12-21T09:06:27+00:00\",\"dateModified\":\"2021-01-10T10:07:10+00:00\",\"description\":\"Os f\u00e3s da lotaria de qualquer pa\u00eds, incluindo o Brasil, podem agora comprar bilhetes Euromilh\u00f5es aqui\",\"breadcrumb\":{\"@id\":\"https:\/\/onlinelotto365.com\/pt-pt\/comprar-bilhetes\/euromillions\/#breadcrumb\"},\"inLanguage\":\"pt-PT\",\"potentialAction\":[{\"@type\":\"ReadAction\",\"target\":[\"https:\/\/onlinelotto365.com\/pt-pt\/comprar-bilhetes\/euromillions\/\"]}]},{\"@type\":\"ImageObject\",\"inLanguage\":\"pt-PT\",\"@id\":\"https:\/\/onlinelotto365.com\/pt-pt\/comprar-bilhetes\/euromillions\/#primaryimage\",\"url\":\"https:\/\/redfoxlotto.com\/image?size=8&amp;lottery=euromillions\",\"contentUrl\":\"https:\/\/redfoxlotto.com\/image?size=8&amp;lottery=euromillions\"},{\"@type\":\"BreadcrumbList\",\"@id\":\"https:\/\/onlinelotto365.com\/pt-pt\/comprar-bilhetes\/euromillions\/#breadcrumb\",\"itemListElement\":[{\"@type\":\"ListItem\",\"position\":1,\"name\":\"Home\",\"item\":\"https:\/\/onlinelotto365.com\/pt-pt\/\"},{\"@type\":\"ListItem\",\"position\":2,\"name\":\"Porque \u00e9 que faz mais sentido comprar bilhetes de lotaria online\",\"item\":\"https:\/\/onlinelotto365.com\/pt-pt\/buy-tickets\/\"},{\"@type\":\"ListItem\",\"position\":3,\"name\":\"Como comprar bilhetes Euromilh\u00f5es online\"}]},{\"@type\":\"WebSite\",\"@id\":\"https:\/\/onlinelotto365.com\/pt-pt\/#website\",\"url\":\"https:\/\/onlinelotto365.com\/pt-pt\/\",\"name\":\"OnlineLotto365\",\"description\":\"\",\"potentialAction\":[{\"@type\":\"SearchAction\",\"target\":{\"@type\":\"EntryPoint\",\"urlTemplate\":\"https:\/\/onlinelotto365.com\/pt-pt\/?s={search_term_string}\"},\"query-input\":{\"@type\":\"PropertyValueSpecification\",\"valueRequired\":true,\"valueName\":\"search_term_string\"}}],\"inLanguage\":\"pt-PT\"}]}<\/script>\n<!-- \/ Yoast SEO plugin. -->","yoast_head_json":{"title":"Comprar bilhetes para Euromilh\u00f5es online","description":"Os f\u00e3s da lotaria de qualquer pa\u00eds, incluindo o Brasil, podem agora comprar bilhetes Euromilh\u00f5es aqui","robots":{"index":"index","follow":"follow","max-snippet":"max-snippet:-1","max-image-preview":"max-image-preview:large","max-video-preview":"max-video-preview:-1"},"canonical":"https:\/\/onlinelotto365.com\/pt-pt\/comprar-bilhetes\/euromillions\/","og_locale":"pt_PT","og_type":"article","og_title":"Comprar bilhetes para Euromilh\u00f5es online","og_description":"Os f\u00e3s da lotaria de qualquer pa\u00eds, incluindo o Brasil, podem agora comprar bilhetes Euromilh\u00f5es aqui","og_url":"https:\/\/onlinelotto365.com\/pt-pt\/comprar-bilhetes\/euromillions\/","og_site_name":"OnlineLotto365","article_modified_time":"2021-01-10T10:07:10+00:00","og_image":[{"url":"https:\/\/redfoxlotto.com\/image?size=8&amp;lottery=euromillions"}],"twitter_card":"summary_large_image","twitter_misc":{"Tempo estimado de leitura":"4 minutos"},"schema":{"@context":"https:\/\/schema.org","@graph":[{"@type":"WebPage","@id":"https:\/\/onlinelotto365.com\/pt-pt\/comprar-bilhetes\/euromillions\/","url":"https:\/\/onlinelotto365.com\/pt-pt\/comprar-bilhetes\/euromillions\/","name":"Comprar bilhetes para Euromilh\u00f5es online","isPartOf":{"@id":"https:\/\/onlinelotto365.com\/pt-pt\/#website"},"primaryImageOfPage":{"@id":"https:\/\/onlinelotto365.com\/pt-pt\/comprar-bilhetes\/euromillions\/#primaryimage"},"image":{"@id":"https:\/\/onlinelotto365.com\/pt-pt\/comprar-bilhetes\/euromillions\/#primaryimage"},"thumbnailUrl":"https:\/\/redfoxlotto.com\/image?size=8&amp;lottery=euromillions","datePublished":"2020-12-21T09:06:27+00:00","dateModified":"2021-01-10T10:07:10+00:00","description":"Os f\u00e3s da lotaria de qualquer pa\u00eds, incluindo o Brasil, podem agora comprar bilhetes Euromilh\u00f5es aqui","breadcrumb":{"@id":"https:\/\/onlinelotto365.com\/pt-pt\/comprar-bilhetes\/euromillions\/#breadcrumb"},"inLanguage":"pt-PT","potentialAction":[{"@type":"ReadAction","target":["https:\/\/onlinelotto365.com\/pt-pt\/comprar-bilhetes\/euromillions\/"]}]},{"@type":"ImageObject","inLanguage":"pt-PT","@id":"https:\/\/onlinelotto365.com\/pt-pt\/comprar-bilhetes\/euromillions\/#primaryimage","url":"https:\/\/redfoxlotto.com\/image?size=8&amp;lottery=euromillions","contentUrl":"https:\/\/redfoxlotto.com\/image?size=8&amp;lottery=euromillions"},{"@type":"BreadcrumbList","@id":"https:\/\/onlinelotto365.com\/pt-pt\/comprar-bilhetes\/euromillions\/#breadcrumb","itemListElement":[{"@type":"ListItem","position":1,"name":"Home","item":"https:\/\/onlinelotto365.com\/pt-pt\/"},{"@type":"ListItem","position":2,"name":"Porque \u00e9 que faz mais sentido comprar bilhetes de lotaria online","item":"https:\/\/onlinelotto365.com\/pt-pt\/buy-tickets\/"},{"@type":"ListItem","position":3,"name":"Como comprar bilhetes Euromilh\u00f5es online"}]},{"@type":"WebSite","@id":"https:\/\/onlinelotto365.com\/pt-pt\/#website","url":"https:\/\/onlinelotto365.com\/pt-pt\/","name":"OnlineLotto365","description":"","potentialAction":[{"@type":"SearchAction","target":{"@type":"EntryPoint","urlTemplate":"https:\/\/onlinelotto365.com\/pt-pt\/?s={search_term_string}"},"query-input":{"@type":"PropertyValueSpecification","valueRequired":true,"valueName":"search_term_string"}}],"inLanguage":"pt-PT"}]}},"_links":{"self":[{"href":"https:\/\/onlinelotto365.com\/pt-pt\/wp-json\/wp\/v2\/pages\/11972","targetHints":{"allow":["GET"]}}],"collection":[{"href":"https:\/\/onlinelotto365.com\/pt-pt\/wp-json\/wp\/v2\/pages"}],"about":[{"href":"https:\/\/onlinelotto365.com\/pt-pt\/wp-json\/wp\/v2\/types\/page"}],"author":[{"embeddable":true,"href":"https:\/\/onlinelotto365.com\/pt-pt\/wp-json\/wp\/v2\/users\/1"}],"replies":[{"embeddable":true,"href":"https:\/\/onlinelotto365.com\/pt-pt\/wp-json\/wp\/v2\/comments?post=11972"}],"version-history":[{"count":0,"href":"https:\/\/onlinelotto365.com\/pt-pt\/wp-json\/wp\/v2\/pages\/11972\/revisions"}],"up":[{"embeddable":true,"href":"https:\/\/onlinelotto365.com\/pt-pt\/wp-json\/wp\/v2\/pages\/4636"}],"wp:attachment":[{"href":"https:\/\/onlinelotto365.com\/pt-pt\/wp-json\/wp\/v2\/media?parent=11972"}],"curies":[{"name":"wp","href":"https:\/\/api.w.org\/{rel}","templated":true}]}}