{"id":11974,"date":"2020-12-21T10:07:32","date_gmt":"2020-12-21T09:07:32","guid":{"rendered":"http:\/\/onlinelotto365.net\/?page_id=11974"},"modified":"2021-01-06T14:54:08","modified_gmt":"2021-01-06T13:54:08","slug":"eurojackpot","status":"publish","type":"page","link":"https:\/\/onlinelotto365.com\/pt-pt\/comprar-bilhetes\/eurojackpot\/","title":{"rendered":"Como comprar bilhetes para o Eurojackpot online"},"content":{"rendered":"<p>Caso voc\u00ea esteja se perguntando <strong> como comprar seus bilhetes do Eurojackpot online <\/strong>, n\u00f3s descrevemos o processo em etapas f\u00e1ceis. Mas, na verdade, nosso site ir\u00e1 gui\u00e1-lo por todo o processo. Tentamos mant\u00ea-lo o mais simples poss\u00edvel.<\/p>\n<ul>\n<li>Quando estiver na p\u00e1gina do Eurojackpot, selecione seus n\u00fameros ou deixe o computador escolher os n\u00fameros para voc\u00ea<\/li>\n<li>Voc\u00ea pode adicionar mais loterias e mais bilhetes ao seu pedido, se desejar<\/li>\n<li>Clique em pagar agora<\/li>\n<li>Registre sua conta em nosso site (se voc\u00ea j\u00e1 fez isso, pode pular essa etapa e apenas fazer login em sua conta existente<\/li>\n<li>Se voc\u00ea estiver registrando uma nova conta, <strong> verifique em sua caixa de entrada de e-mail a mensagem com o link de verifica\u00e7\u00e3o <\/strong><\/li>\n<li>Caso voc\u00ea n\u00e3o consiga encontrar o e-mail, d\u00ea uma olhada na sua caixa de spam, pode estar l\u00e1<\/li>\n<li>Clique no s\u00edmbolo do carrinho de compras<\/li>\n<li>Selecione um m\u00e9todo de pagamento, clique para pagar e siga as instru\u00e7\u00f5es de pagamento.<\/li>\n<\/ul>\n<p><a href=\"https:\/\/redfoxlotto.com\/pt\/eurojackpot\/?ref=a8564250a2&amp;medium=ol365\" target=\"_blank\" rel=\"noopener noreferrer\"> <img decoding=\"async\" class=\"aligncenter\" src=\"https:\/\/redfoxlotto.com\/image?size=8&amp;lottery=eurojackpot\" alt=\"eurojackpot\" \/> <\/a><\/p>\n<h2>Como pagar o seu bilhete Eurojackpot online<\/h2>\n<p>Existem v\u00e1rios m\u00e9todos de pagamento seguros dispon\u00edveis para nossos clientes. Selecione o m\u00e9todo mais conveniente para voc\u00ea.<\/p>\n<p><strong> Voc\u00ea pode comprar seus ingressos online e pagar por eles de duas maneiras: <\/strong><\/p>\n<ul>\n<li>Pague seu pedido diretamente<\/li>\n<li>Deposite dinheiro em sua conta de jogador e use seu saldo para comprar bilhetes de loteria<\/li>\n<\/ul>\n<p>Se voc\u00ea usar o segundo m\u00e9todo, certifique-se de que o valor do seu saldo seja superior ao valor do pedido do bilhete.<\/p>\n<h2>Mais informa\u00e7\u00f5es sobre o Eurojackpot<\/h2>\n<ul>\n<li>Pa\u00eds: diversos pa\u00edses europeus<\/li>\n<li>Faixa de n\u00fameros principais: 50<\/li>\n<li>Voc\u00ea escolhe: 5<\/li>\n<li>Intervalo de n\u00fameros extras: 10<\/li>\n<li>Voc\u00ea escolhe: 2<\/li>\n<li>Dias e horas do sorteio: sexta-feira, 21:00 CET<\/li>\n<li>Jackpot m\u00ednimo: \u20ac 10 milh\u00f5es<\/li>\n<li>Jackpot m\u00e1ximo: \u20ac 90 milh\u00f5es<\/li>\n<li>Probabilidade de ganhar o jackpot: 1 em 135.600.640<\/li>\n<li>Probabilidade de vit\u00f3ria de n\u00edvel 2: 1 em 2.118.760<\/li>\n<li>Probabilidade de vencer em qualquer n\u00edvel: 1 em 26,39<\/li>\n<li>N\u00famero de categorias de pr\u00eamios: 12<\/li>\n<\/ul>\n<h2>Vantagens de comprar bilhetes Eurojackpot online<\/h2>\n<ul>\n<li>compre seus ingressos no conforto da sua casa<\/li>\n<li>uma escolha maior de loterias<\/li>\n<li><a href=\"https:\/\/onlinelotto365.com\/pt-pt\/news\/maneiras-inteligentes-de-selecionar-numeros-de-loteria-e-melhorar-suas-chances\"> melhore suas chances de ganhar <\/a> indo para o <a href=\"https:\/\/onlinelotto365.com\/pt-pt\/news\/que-lotarias-tem-melhores-hipoteses-de-ganhar\">lotaria com os maiores jackpots <\/a><\/li>\n<li>op\u00e7\u00e3o de depositar dinheiro primeiro e depois pagar com seu saldo<\/li>\n<li>nunca mais perca um ingresso<\/li>\n<li>seja notificado quando voc\u00ea vencer<\/li>\n<li>op\u00e7\u00e3o de escolha r\u00e1pida com um gerador de n\u00fameros aleat\u00f3rios<\/li>\n<\/ul>\n<h2>\u00c9 legal comprar bilhetes do Eurojackpot online?<\/h2>\n<p>Voc\u00ea n\u00e3o precisa se preocupar se a compra de bilhetes de loteria online ou da forma tradicional \u00e9 legal em seu pa\u00eds de resid\u00eancia. Ao mesmo tempo, voc\u00ea n\u00e3o precisa se preocupar com a quest\u00e3o de saber se \u00e9 legal usar nosso servi\u00e7o no que diz respeito aos regulamentos do pa\u00eds onde a loteria \u00e9 realizada. A forma como administramos nosso servi\u00e7o foi projetada para que <strong> seja garantido que voc\u00ea receber\u00e1 o pagamento, mesmo que ganhe um jackpot. <\/strong><\/p>\n<p><a href=\"https:\/\/onlinelotto365.com\/pt-pt\/news\/idade-minima-para-comprar-bilhetes-de-loteria\"> Voc\u00ea precisa ter pelo menos 18 anos para usar nosso servi\u00e7o. <\/a><\/p>\n<h2>Como recebo o pagamento se ganhar o Eurojackpot online?<\/h2>\n<p>O pagamento dos ganhos \u00e9 uma parte importante do nosso servi\u00e7o aos nossos clientes. \u00c9 importante que voc\u00ea saiba que n\u00e3o deduzimos nenhum tipo de comiss\u00e3o aos seus ganhos na loteria. Pode haver uma pequena taxa em apenas uma situa\u00e7\u00e3o, se voc\u00ea decidir receber o pagamento por meio de transfer\u00eancia banc\u00e1ria. Isso \u00e9 o que o banco cobra de n\u00f3s, e estamos falando de talvez US $ 5 por transfer\u00eancia aqui, se for uma transfer\u00eancia internacional.<\/p>\n<p>Existem duas situa\u00e7\u00f5es diferentes para o pagamento:<\/p>\n<ul>\n<li>Voc\u00ea ganha uma quantia de \u20ac 2.500 ou menos. Nesse caso, o valor ganho ser\u00e1 creditado na sua conta de jogador conosco.<\/li>\n<li>Voc\u00ea ganha mais de \u20ac 2.500. Nesse caso, enviaremos um e-mail para voc\u00ea com um formul\u00e1rio que dever\u00e1 ser preenchido. Voc\u00ea decide como deseja receber o pagamento. Nesse caso, transfer\u00eancia banc\u00e1ria e cheque s\u00e3o as \u00fanicas op\u00e7\u00f5es. Processaremos a solicita\u00e7\u00e3o para voc\u00ea e, alguns dias depois, voc\u00ea ter\u00e1 o dinheiro em sua conta banc\u00e1ria ou receber\u00e1 um cheque.<\/li>\n<\/ul>\n","protected":false},"excerpt":{"rendered":"<p>Caso voc\u00ea esteja se perguntando como comprar seus bilhetes do Eurojackpot online , n\u00f3s descrevemos o processo em etapas f\u00e1ceis. Mas, na verdade, nosso site ir\u00e1 gui\u00e1-lo por todo o processo. Tentamos mant\u00ea-lo o mais simples poss\u00edvel. Quando estiver na p\u00e1gina do Eurojackpot, selecione seus n\u00fameros ou deixe o computador escolher os n\u00fameros para voc\u00ea [&hellip;]<\/p>\n","protected":false},"author":1,"featured_media":0,"parent":4636,"menu_order":4,"comment_status":"closed","ping_status":"closed","template":"eurojackpot-info.php","meta":{"_et_pb_use_builder":"","_et_pb_old_content":"","_et_gb_content_width":"","exclude_from_search":false,"footnotes":""},"class_list":["post-11974","page","type-page","status-publish","hentry"],"yoast_head":"<!-- This site is optimized with the Yoast SEO plugin v23.4 - https:\/\/yoast.com\/wordpress\/plugins\/seo\/ -->\n<title>Comprar bilhetes para o Eurojackpot online do Brasil | Eurojackpot info, como comprar bilhetes<\/title>\n<meta name=\"description\" content=\"Vive no Brasil, mas quer comprar bilhetes para o Eurojackpot? Compre-os online aqui!\" \/>\n<meta name=\"robots\" content=\"index, follow, max-snippet:-1, max-image-preview:large, max-video-preview:-1\" \/>\n<link rel=\"canonical\" href=\"https:\/\/onlinelotto365.com\/pt-pt\/comprar-bilhetes\/eurojackpot\/\" \/>\n<meta property=\"og:locale\" content=\"pt_PT\" \/>\n<meta property=\"og:type\" content=\"article\" \/>\n<meta property=\"og:title\" content=\"Comprar bilhetes para o Eurojackpot online do Brasil | Eurojackpot info, como comprar bilhetes\" \/>\n<meta property=\"og:description\" content=\"Vive no Brasil, mas quer comprar bilhetes para o Eurojackpot? Compre-os online aqui!\" \/>\n<meta property=\"og:url\" content=\"https:\/\/onlinelotto365.com\/pt-pt\/comprar-bilhetes\/eurojackpot\/\" \/>\n<meta property=\"og:site_name\" content=\"OnlineLotto365\" \/>\n<meta property=\"article:modified_time\" content=\"2021-01-06T13:54:08+00:00\" \/>\n<meta property=\"og:image\" content=\"https:\/\/redfoxlotto.com\/image?size=8&amp;lottery=eurojackpot\" \/>\n<meta name=\"twitter:card\" content=\"summary_large_image\" \/>\n<meta name=\"twitter:label1\" content=\"Tempo estimado de leitura\" \/>\n\t<meta name=\"twitter:data1\" content=\"3 minutos\" \/>\n<script type=\"application\/ld+json\" class=\"yoast-schema-graph\">{\"@context\":\"https:\/\/schema.org\",\"@graph\":[{\"@type\":\"WebPage\",\"@id\":\"https:\/\/onlinelotto365.com\/pt-pt\/comprar-bilhetes\/eurojackpot\/\",\"url\":\"https:\/\/onlinelotto365.com\/pt-pt\/comprar-bilhetes\/eurojackpot\/\",\"name\":\"Comprar bilhetes para o Eurojackpot online do Brasil | Eurojackpot info, como comprar bilhetes\",\"isPartOf\":{\"@id\":\"https:\/\/onlinelotto365.com\/pt-pt\/#website\"},\"primaryImageOfPage\":{\"@id\":\"https:\/\/onlinelotto365.com\/pt-pt\/comprar-bilhetes\/eurojackpot\/#primaryimage\"},\"image\":{\"@id\":\"https:\/\/onlinelotto365.com\/pt-pt\/comprar-bilhetes\/eurojackpot\/#primaryimage\"},\"thumbnailUrl\":\"https:\/\/redfoxlotto.com\/image?size=8&amp;lottery=eurojackpot\",\"datePublished\":\"2020-12-21T09:07:32+00:00\",\"dateModified\":\"2021-01-06T13:54:08+00:00\",\"description\":\"Vive no Brasil, mas quer comprar bilhetes para o Eurojackpot? Compre-os online aqui!\",\"breadcrumb\":{\"@id\":\"https:\/\/onlinelotto365.com\/pt-pt\/comprar-bilhetes\/eurojackpot\/#breadcrumb\"},\"inLanguage\":\"pt-PT\",\"potentialAction\":[{\"@type\":\"ReadAction\",\"target\":[\"https:\/\/onlinelotto365.com\/pt-pt\/comprar-bilhetes\/eurojackpot\/\"]}]},{\"@type\":\"ImageObject\",\"inLanguage\":\"pt-PT\",\"@id\":\"https:\/\/onlinelotto365.com\/pt-pt\/comprar-bilhetes\/eurojackpot\/#primaryimage\",\"url\":\"https:\/\/redfoxlotto.com\/image?size=8&amp;lottery=eurojackpot\",\"contentUrl\":\"https:\/\/redfoxlotto.com\/image?size=8&amp;lottery=eurojackpot\"},{\"@type\":\"BreadcrumbList\",\"@id\":\"https:\/\/onlinelotto365.com\/pt-pt\/comprar-bilhetes\/eurojackpot\/#breadcrumb\",\"itemListElement\":[{\"@type\":\"ListItem\",\"position\":1,\"name\":\"Home\",\"item\":\"https:\/\/onlinelotto365.com\/pt-pt\/\"},{\"@type\":\"ListItem\",\"position\":2,\"name\":\"Porque \u00e9 que faz mais sentido comprar bilhetes de lotaria online\",\"item\":\"https:\/\/onlinelotto365.com\/pt-pt\/buy-tickets\/\"},{\"@type\":\"ListItem\",\"position\":3,\"name\":\"Como comprar bilhetes para o Eurojackpot online\"}]},{\"@type\":\"WebSite\",\"@id\":\"https:\/\/onlinelotto365.com\/pt-pt\/#website\",\"url\":\"https:\/\/onlinelotto365.com\/pt-pt\/\",\"name\":\"OnlineLotto365\",\"description\":\"\",\"potentialAction\":[{\"@type\":\"SearchAction\",\"target\":{\"@type\":\"EntryPoint\",\"urlTemplate\":\"https:\/\/onlinelotto365.com\/pt-pt\/?s={search_term_string}\"},\"query-input\":{\"@type\":\"PropertyValueSpecification\",\"valueRequired\":true,\"valueName\":\"search_term_string\"}}],\"inLanguage\":\"pt-PT\"}]}<\/script>\n<!-- \/ Yoast SEO plugin. -->","yoast_head_json":{"title":"Comprar bilhetes para o Eurojackpot online do Brasil | Eurojackpot info, como comprar bilhetes","description":"Vive no Brasil, mas quer comprar bilhetes para o Eurojackpot? Compre-os online aqui!","robots":{"index":"index","follow":"follow","max-snippet":"max-snippet:-1","max-image-preview":"max-image-preview:large","max-video-preview":"max-video-preview:-1"},"canonical":"https:\/\/onlinelotto365.com\/pt-pt\/comprar-bilhetes\/eurojackpot\/","og_locale":"pt_PT","og_type":"article","og_title":"Comprar bilhetes para o Eurojackpot online do Brasil | Eurojackpot info, como comprar bilhetes","og_description":"Vive no Brasil, mas quer comprar bilhetes para o Eurojackpot? Compre-os online aqui!","og_url":"https:\/\/onlinelotto365.com\/pt-pt\/comprar-bilhetes\/eurojackpot\/","og_site_name":"OnlineLotto365","article_modified_time":"2021-01-06T13:54:08+00:00","og_image":[{"url":"https:\/\/redfoxlotto.com\/image?size=8&amp;lottery=eurojackpot"}],"twitter_card":"summary_large_image","twitter_misc":{"Tempo estimado de leitura":"3 minutos"},"schema":{"@context":"https:\/\/schema.org","@graph":[{"@type":"WebPage","@id":"https:\/\/onlinelotto365.com\/pt-pt\/comprar-bilhetes\/eurojackpot\/","url":"https:\/\/onlinelotto365.com\/pt-pt\/comprar-bilhetes\/eurojackpot\/","name":"Comprar bilhetes para o Eurojackpot online do Brasil | Eurojackpot info, como comprar bilhetes","isPartOf":{"@id":"https:\/\/onlinelotto365.com\/pt-pt\/#website"},"primaryImageOfPage":{"@id":"https:\/\/onlinelotto365.com\/pt-pt\/comprar-bilhetes\/eurojackpot\/#primaryimage"},"image":{"@id":"https:\/\/onlinelotto365.com\/pt-pt\/comprar-bilhetes\/eurojackpot\/#primaryimage"},"thumbnailUrl":"https:\/\/redfoxlotto.com\/image?size=8&amp;lottery=eurojackpot","datePublished":"2020-12-21T09:07:32+00:00","dateModified":"2021-01-06T13:54:08+00:00","description":"Vive no Brasil, mas quer comprar bilhetes para o Eurojackpot? Compre-os online aqui!","breadcrumb":{"@id":"https:\/\/onlinelotto365.com\/pt-pt\/comprar-bilhetes\/eurojackpot\/#breadcrumb"},"inLanguage":"pt-PT","potentialAction":[{"@type":"ReadAction","target":["https:\/\/onlinelotto365.com\/pt-pt\/comprar-bilhetes\/eurojackpot\/"]}]},{"@type":"ImageObject","inLanguage":"pt-PT","@id":"https:\/\/onlinelotto365.com\/pt-pt\/comprar-bilhetes\/eurojackpot\/#primaryimage","url":"https:\/\/redfoxlotto.com\/image?size=8&amp;lottery=eurojackpot","contentUrl":"https:\/\/redfoxlotto.com\/image?size=8&amp;lottery=eurojackpot"},{"@type":"BreadcrumbList","@id":"https:\/\/onlinelotto365.com\/pt-pt\/comprar-bilhetes\/eurojackpot\/#breadcrumb","itemListElement":[{"@type":"ListItem","position":1,"name":"Home","item":"https:\/\/onlinelotto365.com\/pt-pt\/"},{"@type":"ListItem","position":2,"name":"Porque \u00e9 que faz mais sentido comprar bilhetes de lotaria online","item":"https:\/\/onlinelotto365.com\/pt-pt\/buy-tickets\/"},{"@type":"ListItem","position":3,"name":"Como comprar bilhetes para o Eurojackpot online"}]},{"@type":"WebSite","@id":"https:\/\/onlinelotto365.com\/pt-pt\/#website","url":"https:\/\/onlinelotto365.com\/pt-pt\/","name":"OnlineLotto365","description":"","potentialAction":[{"@type":"SearchAction","target":{"@type":"EntryPoint","urlTemplate":"https:\/\/onlinelotto365.com\/pt-pt\/?s={search_term_string}"},"query-input":{"@type":"PropertyValueSpecification","valueRequired":true,"valueName":"search_term_string"}}],"inLanguage":"pt-PT"}]}},"_links":{"self":[{"href":"https:\/\/onlinelotto365.com\/pt-pt\/wp-json\/wp\/v2\/pages\/11974","targetHints":{"allow":["GET"]}}],"collection":[{"href":"https:\/\/onlinelotto365.com\/pt-pt\/wp-json\/wp\/v2\/pages"}],"about":[{"href":"https:\/\/onlinelotto365.com\/pt-pt\/wp-json\/wp\/v2\/types\/page"}],"author":[{"embeddable":true,"href":"https:\/\/onlinelotto365.com\/pt-pt\/wp-json\/wp\/v2\/users\/1"}],"replies":[{"embeddable":true,"href":"https:\/\/onlinelotto365.com\/pt-pt\/wp-json\/wp\/v2\/comments?post=11974"}],"version-history":[{"count":0,"href":"https:\/\/onlinelotto365.com\/pt-pt\/wp-json\/wp\/v2\/pages\/11974\/revisions"}],"up":[{"embeddable":true,"href":"https:\/\/onlinelotto365.com\/pt-pt\/wp-json\/wp\/v2\/pages\/4636"}],"wp:attachment":[{"href":"https:\/\/onlinelotto365.com\/pt-pt\/wp-json\/wp\/v2\/media?parent=11974"}],"curies":[{"name":"wp","href":"https:\/\/api.w.org\/{rel}","templated":true}]}}