{"id":11976,"date":"2020-12-21T10:08:42","date_gmt":"2020-12-21T09:08:42","guid":{"rendered":"http:\/\/onlinelotto365.net\/?page_id=11976"},"modified":"2021-01-06T14:54:28","modified_gmt":"2021-01-06T13:54:28","slug":"superenalotto","status":"publish","type":"page","link":"https:\/\/onlinelotto365.com\/pt-pt\/comprar-bilhetes\/superenalotto\/","title":{"rendered":"Como comprar bilhetes para o Superenalotto online"},"content":{"rendered":"<p>Voc\u00ea est\u00e1 interessado em <strong> comprar ingressos da Superenalotto online do Brasil <\/strong>, mas n\u00e3o tem certeza de como fazer isso? Pois bem, voc\u00ea est\u00e1 no lugar certo porque n\u00f3s vamos cuidar disso para voc\u00ea. Tudo que voc\u00ea precisa fazer \u00e9 seguir as etapas simples que discutiremos a seguir e voc\u00ea ter\u00e1 seus ingressos rapidamente.<\/p>\n<ul>\n<li>Escolha o jogo de loteria para o qual deseja <strong> comprar bilhetes e escolha os n\u00fameros <\/strong> que deseja jogar ou escolha a op\u00e7\u00e3o de escolha r\u00e1pida para permitir que o computador escolha por voc\u00ea<\/li>\n<li>Adicione bilhetes adicionais ou <a href=\"https:\/\/onlinelotto365.com\/pt-pt\/comprar-bilhetes\"> loterias adicionais <\/a> para criar seu pedido<\/li>\n<li>Escolha a op\u00e7\u00e3o de pagar agora<\/li>\n<li>Crie uma conta conosco ou fa\u00e7a login em sua conta para comprar seus ingressos<\/li>\n<li>Aqueles que precisam registrar uma conta precisar\u00e3o procurar um link de verifica\u00e7\u00e3o em seu e-mail para ter certeza de que sua conta est\u00e1 completamente configurada<\/li>\n<li>Lembre-se de que o link pode ir para a sua pasta de spam se o nosso endere\u00e7o de e-mail n\u00e3o for adicionado ao seu cat\u00e1logo de endere\u00e7os, portanto, certifique-se de verificar novamente<\/li>\n<li>Escolha o \u00edcone de pagamento na parte superior da tela<\/li>\n<li>Escolha o seu m\u00e9todo de pagamento e siga as instru\u00e7\u00f5es para concluir o processo de pagamento<\/li>\n<\/ul>\n<p><a href=\"https:\/\/redfoxlotto.com\/pt\/superenalotto\/?ref=a8564250a2&amp;medium=ol365\" target=\"_blank\" rel=\"noopener noreferrer\"> <img decoding=\"async\" class=\"aligncenter\" src=\"https:\/\/redfoxlotto.com\/image?size=8&amp;lottery=superenalotto\" alt=\"superenalotto\" \/> <\/a><\/p>\n<h2>Como pagar o seu bilhete Superenalotto online<\/h2>\n<p>Tornamos o pagamento do seu <strong> bilhete Superenalotto do Brasil o mais simples poss\u00edvel <\/strong>, oferecendo uma ampla variedade de m\u00e9todos de pagamento. Voc\u00ea apenas escolhe o que prefere e voc\u00ea estar\u00e1 no seu caminho em nenhum momento.<\/p>\n<p>Quando voc\u00ea estiver pronto para comprar seus ingressos online, voc\u00ea s\u00f3 precisa escolher entre:<\/p>\n<ul>\n<li>Use um m\u00e9todo de pagamento preferido para pagar as passagens diretamente<\/li>\n<li>Coloque dinheiro em sua conta e use esse dinheiro para comprar seus ingressos<\/li>\n<\/ul>\n<p>Apenas certifique-se de depositar em sua conta mais do que o valor necess\u00e1rio para os seus ingressos, se optar por pagar dessa forma.<\/p>\n<h2>Mais informa\u00e7\u00f5es sobre Superenalotto<\/h2>\n<ul>\n<li>Pa\u00eds: It\u00e1lia<\/li>\n<li>Faixa de n\u00fameros principais: 90<\/li>\n<li>Voc\u00ea escolhe: 6<\/li>\n<li>Dias e horas do sorteio: ter\u00e7a, quinta, s\u00e1bado, 19:00 GMT, 21:00 CET<\/li>\n<li>Jackpot m\u00ednimo: \u20ac 2 milh\u00f5es<\/li>\n<li>Jackpot m\u00e1ximo: nenhum<\/li>\n<li>Probabilidade de ganhar o jackpot: 1 em 622614630<\/li>\n<li>Probabilidade de vit\u00f3ria de n\u00edvel 2: 1 em 103769105<\/li>\n<li>Probabilidade de vencer em qualquer n\u00edvel: 1 em 20,58<\/li>\n<li>N\u00famero de categorias de pr\u00eamios: 6<\/li>\n<\/ul>\n<h2>Vantagens de comprar ingressos da Superenalotto online<\/h2>\n<ul>\n<li><a href=\"https:\/\/onlinelotto365.com\/pt-pt\/comprar-bilhetes\"> A compra de ingressos <\/a> \u00e9 feita onde voc\u00ea se sentir mais confort\u00e1vel, incluindo o Brasil <img decoding=\"async\" class=\"alignright size-medium wp-image -3615 \" src=\" https:\/\/onlinelotto365.com\/wp-content\/uploads\/2020\/11\/online_lottery-52-300x169.jpg \" alt=\" jogar superenalotto online Reino Unido \" \/><\/li>\n<li>Escolha entre v\u00e1rias loterias diferentes<\/li>\n<li>Obtenha as <a href=\"https:\/\/onlinelotto365.com\/pt-pt\/news\/que-lotarias-tem-melhores-hipoteses-de-ganhar\"> melhores chances de ganhar nas loterias <\/a> com os melhores jackpots<\/li>\n<li>Adicione dinheiro \u00e0 sua conta para pagar diretamente as passagens<\/li>\n<li>N\u00e3o se preocupe em perder seu ingresso<\/li>\n<li>Notifica\u00e7\u00f5es instant\u00e2neas quando voc\u00ea ganha<\/li>\n<li>Gerador de n\u00fameros aleat\u00f3rios para op\u00e7\u00f5es de t\u00edquetes de escolha r\u00e1pida<\/li>\n<\/ul>\n<h2>\u00c9 legal comprar ingressos da Superenalotto online?<\/h2>\n<p>E se voc\u00ea estiver preocupado com a legalidade de comprar seus bilhetes de loteria online? Ou at\u00e9 da forma tradicional? Se o seu pa\u00eds de resid\u00eancia tiver algumas leis r\u00edgidas, voc\u00ea pode se preocupar, mas n\u00e3o precisa se preocupar. Isso porque nosso servi\u00e7o segue os regulamentos e garante que voc\u00ea receber\u00e1 seus ganhos, n\u00e3o importa o quanto voc\u00ea ganhe ou onde more. <a href=\"https:\/\/onlinelotto365.com\/pt-pt\/news\/idade-minima-para-comprar-bilhetes-de-loteria\"> Voc\u00ea s\u00f3 precisa ter 18 anos para usar o servi\u00e7o. <\/a><\/p>\n<h2>Como recebo o pagamento se ganhar Superenalotto online?<\/h2>\n<p>Se voc\u00ea ganhar, o processo de pagamento \u00e9 f\u00e1cil porque voc\u00ea tem que fazer muito pouco. E voc\u00ea n\u00e3o precisa se preocupar em perder nenhum de seus ganhos. N\u00e3o cobramos comiss\u00e3o quando voc\u00ea ganha e n\u00e3o cobramos nenhuma taxa, a menos que voc\u00ea opte por concluir uma transfer\u00eancia banc\u00e1ria. Nesse caso, se o banco nos cobrar taxas pela transfer\u00eancia, n\u00f3s repassamos essas taxas e voc\u00ea poder\u00e1 ver uma pequena quantia retirada de seus ganhos.<\/p>\n<p><strong> Caso contr\u00e1rio, h\u00e1 duas coisas que voc\u00ea deve saber: <\/strong><\/p>\n<ul>\n<li>As quantias ganhas abaixo de \u20ac 2.500 s\u00e3o imediatamente depositadas diretamente na sua conta de jogador para que voc\u00ea possa us\u00e1-las como quiser.<\/li>\n<li>Valores acima de \u20ac 2.500 precisar\u00e3o de uma etapa adicional. Nossa equipe de suporte entrar\u00e1 em contato com voc\u00ea com um formul\u00e1rio que dever\u00e1 preencher para a comiss\u00e3o de loteria. O formul\u00e1rio ir\u00e1 detalhar como voc\u00ea deseja que seus pagamentos sejam feitos evoc\u00ea poder\u00e1 obter uma transfer\u00eancia banc\u00e1ria ou um cheque com o valor que ganhou.<\/li>\n<\/ul>\n","protected":false},"excerpt":{"rendered":"<p>Voc\u00ea est\u00e1 interessado em comprar ingressos da Superenalotto online do Brasil , mas n\u00e3o tem certeza de como fazer isso? Pois bem, voc\u00ea est\u00e1 no lugar certo porque n\u00f3s vamos cuidar disso para voc\u00ea. Tudo que voc\u00ea precisa fazer \u00e9 seguir as etapas simples que discutiremos a seguir e voc\u00ea ter\u00e1 seus ingressos rapidamente. Escolha [&hellip;]<\/p>\n","protected":false},"author":1,"featured_media":0,"parent":4636,"menu_order":5,"comment_status":"closed","ping_status":"closed","template":"superenalotto-info.php","meta":{"_et_pb_use_builder":"","_et_pb_old_content":"","_et_gb_content_width":"","exclude_from_search":false,"footnotes":""},"class_list":["post-11976","page","type-page","status-publish","hentry"],"yoast_head":"<!-- This site is optimized with the Yoast SEO plugin v23.4 - https:\/\/yoast.com\/wordpress\/plugins\/seo\/ -->\n<title>Sobre a compra de bilhetes para o Superenalotto online a partir do Brasil<\/title>\n<meta name=\"description\" content=\"Saiba como comprar bilhetes para o Superenalotto em qualquer lugar, incluindo o Brasil\" \/>\n<meta name=\"robots\" content=\"index, follow, max-snippet:-1, max-image-preview:large, max-video-preview:-1\" \/>\n<link rel=\"canonical\" href=\"https:\/\/onlinelotto365.com\/pt-pt\/comprar-bilhetes\/superenalotto\/\" \/>\n<meta property=\"og:locale\" content=\"pt_PT\" \/>\n<meta property=\"og:type\" content=\"article\" \/>\n<meta property=\"og:title\" content=\"Sobre a compra de bilhetes para o Superenalotto online a partir do Brasil\" \/>\n<meta property=\"og:description\" content=\"Saiba como comprar bilhetes para o Superenalotto em qualquer lugar, incluindo o Brasil\" \/>\n<meta property=\"og:url\" content=\"https:\/\/onlinelotto365.com\/pt-pt\/comprar-bilhetes\/superenalotto\/\" \/>\n<meta property=\"og:site_name\" content=\"OnlineLotto365\" \/>\n<meta property=\"article:modified_time\" content=\"2021-01-06T13:54:28+00:00\" \/>\n<meta property=\"og:image\" content=\"https:\/\/redfoxlotto.com\/image?size=8&amp;lottery=superenalotto\" \/>\n<meta name=\"twitter:card\" content=\"summary_large_image\" \/>\n<meta name=\"twitter:label1\" content=\"Tempo estimado de leitura\" \/>\n\t<meta name=\"twitter:data1\" content=\"4 minutos\" \/>\n<script type=\"application\/ld+json\" class=\"yoast-schema-graph\">{\"@context\":\"https:\/\/schema.org\",\"@graph\":[{\"@type\":\"WebPage\",\"@id\":\"https:\/\/onlinelotto365.com\/pt-pt\/comprar-bilhetes\/superenalotto\/\",\"url\":\"https:\/\/onlinelotto365.com\/pt-pt\/comprar-bilhetes\/superenalotto\/\",\"name\":\"Sobre a compra de bilhetes para o Superenalotto online a partir do Brasil\",\"isPartOf\":{\"@id\":\"https:\/\/onlinelotto365.com\/pt-pt\/#website\"},\"primaryImageOfPage\":{\"@id\":\"https:\/\/onlinelotto365.com\/pt-pt\/comprar-bilhetes\/superenalotto\/#primaryimage\"},\"image\":{\"@id\":\"https:\/\/onlinelotto365.com\/pt-pt\/comprar-bilhetes\/superenalotto\/#primaryimage\"},\"thumbnailUrl\":\"https:\/\/redfoxlotto.com\/image?size=8&amp;lottery=superenalotto\",\"datePublished\":\"2020-12-21T09:08:42+00:00\",\"dateModified\":\"2021-01-06T13:54:28+00:00\",\"description\":\"Saiba como comprar bilhetes para o Superenalotto em qualquer lugar, incluindo o Brasil\",\"breadcrumb\":{\"@id\":\"https:\/\/onlinelotto365.com\/pt-pt\/comprar-bilhetes\/superenalotto\/#breadcrumb\"},\"inLanguage\":\"pt-PT\",\"potentialAction\":[{\"@type\":\"ReadAction\",\"target\":[\"https:\/\/onlinelotto365.com\/pt-pt\/comprar-bilhetes\/superenalotto\/\"]}]},{\"@type\":\"ImageObject\",\"inLanguage\":\"pt-PT\",\"@id\":\"https:\/\/onlinelotto365.com\/pt-pt\/comprar-bilhetes\/superenalotto\/#primaryimage\",\"url\":\"https:\/\/redfoxlotto.com\/image?size=8&amp;lottery=superenalotto\",\"contentUrl\":\"https:\/\/redfoxlotto.com\/image?size=8&amp;lottery=superenalotto\"},{\"@type\":\"BreadcrumbList\",\"@id\":\"https:\/\/onlinelotto365.com\/pt-pt\/comprar-bilhetes\/superenalotto\/#breadcrumb\",\"itemListElement\":[{\"@type\":\"ListItem\",\"position\":1,\"name\":\"Home\",\"item\":\"https:\/\/onlinelotto365.com\/pt-pt\/\"},{\"@type\":\"ListItem\",\"position\":2,\"name\":\"Porque \u00e9 que faz mais sentido comprar bilhetes de lotaria online\",\"item\":\"https:\/\/onlinelotto365.com\/pt-pt\/buy-tickets\/\"},{\"@type\":\"ListItem\",\"position\":3,\"name\":\"Como comprar bilhetes para o Superenalotto online\"}]},{\"@type\":\"WebSite\",\"@id\":\"https:\/\/onlinelotto365.com\/pt-pt\/#website\",\"url\":\"https:\/\/onlinelotto365.com\/pt-pt\/\",\"name\":\"OnlineLotto365\",\"description\":\"\",\"potentialAction\":[{\"@type\":\"SearchAction\",\"target\":{\"@type\":\"EntryPoint\",\"urlTemplate\":\"https:\/\/onlinelotto365.com\/pt-pt\/?s={search_term_string}\"},\"query-input\":{\"@type\":\"PropertyValueSpecification\",\"valueRequired\":true,\"valueName\":\"search_term_string\"}}],\"inLanguage\":\"pt-PT\"}]}<\/script>\n<!-- \/ Yoast SEO plugin. -->","yoast_head_json":{"title":"Sobre a compra de bilhetes para o Superenalotto online a partir do Brasil","description":"Saiba como comprar bilhetes para o Superenalotto em qualquer lugar, incluindo o Brasil","robots":{"index":"index","follow":"follow","max-snippet":"max-snippet:-1","max-image-preview":"max-image-preview:large","max-video-preview":"max-video-preview:-1"},"canonical":"https:\/\/onlinelotto365.com\/pt-pt\/comprar-bilhetes\/superenalotto\/","og_locale":"pt_PT","og_type":"article","og_title":"Sobre a compra de bilhetes para o Superenalotto online a partir do Brasil","og_description":"Saiba como comprar bilhetes para o Superenalotto em qualquer lugar, incluindo o Brasil","og_url":"https:\/\/onlinelotto365.com\/pt-pt\/comprar-bilhetes\/superenalotto\/","og_site_name":"OnlineLotto365","article_modified_time":"2021-01-06T13:54:28+00:00","og_image":[{"url":"https:\/\/redfoxlotto.com\/image?size=8&amp;lottery=superenalotto"}],"twitter_card":"summary_large_image","twitter_misc":{"Tempo estimado de leitura":"4 minutos"},"schema":{"@context":"https:\/\/schema.org","@graph":[{"@type":"WebPage","@id":"https:\/\/onlinelotto365.com\/pt-pt\/comprar-bilhetes\/superenalotto\/","url":"https:\/\/onlinelotto365.com\/pt-pt\/comprar-bilhetes\/superenalotto\/","name":"Sobre a compra de bilhetes para o Superenalotto online a partir do Brasil","isPartOf":{"@id":"https:\/\/onlinelotto365.com\/pt-pt\/#website"},"primaryImageOfPage":{"@id":"https:\/\/onlinelotto365.com\/pt-pt\/comprar-bilhetes\/superenalotto\/#primaryimage"},"image":{"@id":"https:\/\/onlinelotto365.com\/pt-pt\/comprar-bilhetes\/superenalotto\/#primaryimage"},"thumbnailUrl":"https:\/\/redfoxlotto.com\/image?size=8&amp;lottery=superenalotto","datePublished":"2020-12-21T09:08:42+00:00","dateModified":"2021-01-06T13:54:28+00:00","description":"Saiba como comprar bilhetes para o Superenalotto em qualquer lugar, incluindo o Brasil","breadcrumb":{"@id":"https:\/\/onlinelotto365.com\/pt-pt\/comprar-bilhetes\/superenalotto\/#breadcrumb"},"inLanguage":"pt-PT","potentialAction":[{"@type":"ReadAction","target":["https:\/\/onlinelotto365.com\/pt-pt\/comprar-bilhetes\/superenalotto\/"]}]},{"@type":"ImageObject","inLanguage":"pt-PT","@id":"https:\/\/onlinelotto365.com\/pt-pt\/comprar-bilhetes\/superenalotto\/#primaryimage","url":"https:\/\/redfoxlotto.com\/image?size=8&amp;lottery=superenalotto","contentUrl":"https:\/\/redfoxlotto.com\/image?size=8&amp;lottery=superenalotto"},{"@type":"BreadcrumbList","@id":"https:\/\/onlinelotto365.com\/pt-pt\/comprar-bilhetes\/superenalotto\/#breadcrumb","itemListElement":[{"@type":"ListItem","position":1,"name":"Home","item":"https:\/\/onlinelotto365.com\/pt-pt\/"},{"@type":"ListItem","position":2,"name":"Porque \u00e9 que faz mais sentido comprar bilhetes de lotaria online","item":"https:\/\/onlinelotto365.com\/pt-pt\/buy-tickets\/"},{"@type":"ListItem","position":3,"name":"Como comprar bilhetes para o Superenalotto online"}]},{"@type":"WebSite","@id":"https:\/\/onlinelotto365.com\/pt-pt\/#website","url":"https:\/\/onlinelotto365.com\/pt-pt\/","name":"OnlineLotto365","description":"","potentialAction":[{"@type":"SearchAction","target":{"@type":"EntryPoint","urlTemplate":"https:\/\/onlinelotto365.com\/pt-pt\/?s={search_term_string}"},"query-input":{"@type":"PropertyValueSpecification","valueRequired":true,"valueName":"search_term_string"}}],"inLanguage":"pt-PT"}]}},"_links":{"self":[{"href":"https:\/\/onlinelotto365.com\/pt-pt\/wp-json\/wp\/v2\/pages\/11976","targetHints":{"allow":["GET"]}}],"collection":[{"href":"https:\/\/onlinelotto365.com\/pt-pt\/wp-json\/wp\/v2\/pages"}],"about":[{"href":"https:\/\/onlinelotto365.com\/pt-pt\/wp-json\/wp\/v2\/types\/page"}],"author":[{"embeddable":true,"href":"https:\/\/onlinelotto365.com\/pt-pt\/wp-json\/wp\/v2\/users\/1"}],"replies":[{"embeddable":true,"href":"https:\/\/onlinelotto365.com\/pt-pt\/wp-json\/wp\/v2\/comments?post=11976"}],"version-history":[{"count":0,"href":"https:\/\/onlinelotto365.com\/pt-pt\/wp-json\/wp\/v2\/pages\/11976\/revisions"}],"up":[{"embeddable":true,"href":"https:\/\/onlinelotto365.com\/pt-pt\/wp-json\/wp\/v2\/pages\/4636"}],"wp:attachment":[{"href":"https:\/\/onlinelotto365.com\/pt-pt\/wp-json\/wp\/v2\/media?parent=11976"}],"curies":[{"name":"wp","href":"https:\/\/api.w.org\/{rel}","templated":true}]}}