{"id":11978,"date":"2020-12-21T10:09:25","date_gmt":"2020-12-21T09:09:25","guid":{"rendered":"http:\/\/onlinelotto365.net\/?page_id=11978"},"modified":"2021-01-06T14:54:48","modified_gmt":"2021-01-06T13:54:48","slug":"el-gordo","status":"publish","type":"page","link":"https:\/\/onlinelotto365.com\/pt-pt\/comprar-bilhetes\/el-gordo\/","title":{"rendered":"Como comprar bilhetes para El Gordo online"},"content":{"rendered":"<p>Voc\u00ea est\u00e1 curioso para <strong> comprar ingressos para El Gordo online, enquanto morava no Brasil <\/strong>? Bem, ent\u00e3o voc\u00ea n\u00e3o vai querer perder este artigo porque vamos orient\u00e1-lo durante todo o processo para que voc\u00ea possa conseguir as passagens que deseja sem complica\u00e7\u00f5es e sem ter que viajar para um pa\u00eds que normalmente joga este jogo tamb\u00e9m.<\/p>\n<ul>\n<li>Confira a p\u00e1gina principal da <strong> loteria que voc\u00ea deseja jogar e escolha os n\u00fameros <\/strong> que deseja em seus bilhetes<\/li>\n<li>Adicione ainda mais ingressos para o mesmo jogo ou para <a href=\"https:\/\/onlinelotto365.com\/pt-pt\/jogar\"> outros jogos que voc\u00ea deseja jogar <\/a> para ter um pedido completo<\/li>\n<li>Escolha a op\u00e7\u00e3o de pagar agora<\/li>\n<li>Siga o processo de registro da sua conta, se nunca tiver comprado conosco antes, ou fa\u00e7a login na sua conta existente, se j\u00e1 tiver uma.<\/li>\n<li>Verifique em seu e-mail se h\u00e1 um link de verifica\u00e7\u00e3o para contas que precisam de verifica\u00e7\u00e3o e registro<\/li>\n<li>Se o e-mail n\u00e3o aparecer na sua caixa de entrada, verifique a pasta de spam para ter certeza de que n\u00e3o foi parar l\u00e1<\/li>\n<li>Clique no carrinho de compras para pagar seu pedido<\/li>\n<li>Escolha a op\u00e7\u00e3o de pagamento que deseja usar e siga as instru\u00e7\u00f5es de pagamento<\/li>\n<\/ul>\n<p><a href=\"https:\/\/redfoxlotto.com\/pt\/jogar\/el-gordo-primitiva\/?ref=a8564250a2&amp;medium=ol365\" target=\"_blank\" rel=\"noopener noreferrer\"> <img decoding=\"async\" class=\"aligncenter\" src=\"https:\/\/redfoxlotto.com\/image?size=8&amp;lottery=el-gordo-primitiva\" alt=\"el gordo\" \/> <\/a><\/p>\n<h2>Como pagar pela sua passagem El Gordo online<\/h2>\n<p>Efetuar o pagamento dos seus ingressos \u00e9 f\u00e1cil e r\u00e1pido porque queremos ter certeza de que nossos clientes do Brasil possam escolher os ingressos que quiserem, quando quiserem.<br \/>\nVoc\u00ea pode optar por pagar pelos seus ingressos fazendo o seguinte:<\/p>\n<ul>\n<li>Insira um m\u00e9todo de pagamento para fazer uma compra diretamente<\/li>\n<li>Adicione dinheiro \u00e0 sua conta para fazer um pagamento diretamente de l\u00e1<\/li>\n<\/ul>\n<p>Certifique-se de adicionar mais do que o suficiente \u00e0 sua conta de jogador se estiver planejando fazer uma compra diretamente por aqui.<\/p>\n<h2>Mais informa\u00e7\u00f5es sobre El Gordo<\/h2>\n<ul>\n<li>Pa\u00eds: Espanha<\/li>\n<li>Faixa de n\u00fameros principais: 54<\/li>\n<li>Voc\u00ea escolhe: 5<\/li>\n<li>Intervalo de n\u00fameros extras: nenhum<\/li>\n<li>Voc\u00ea escolhe: nenhum<\/li>\n<li>Dias e horas do sorteio: domingo, 21:30 CET, 21:30 CET<\/li>\n<li>Jackpot m\u00ednimo: \u20ac 4 milh\u00f5es<\/li>\n<li>Jackpot m\u00e1ximo: nenhum<\/li>\n<li>Probabilidade de ganhar o jackpot: 1 em 31625100<\/li>\n<li>Probabilidade de vit\u00f3ria de n\u00edvel 2: 1 em 3513900<\/li>\n<li>Probabilidade de vencer em qualquer n\u00edvel: 1 em 6,16<\/li>\n<li>N\u00famero de categorias de pr\u00eamios: 9<\/li>\n<\/ul>\n<h2>Vantagens de comprar ingressos para El Gordo online<\/h2>\n<ul>\n<li>Obtenha os ingressos que deseja sem sair de casa <img loading=\"lazy\" decoding=\"async\" class=\"alignright wp-image-3585\" src=\"https:\/\/onlinelotto365.com\/wp-content\/uploads\/2020\/11\/online_lottery-106.jpg\" alt=\"play el gordo online UK\" width=\"282\" height=\"169\" \/><\/li>\n<li>Escolha entre ainda mais jogos de loteria<\/li>\n<li>Obtenha ainda <a href=\"https:\/\/onlinelotto365.com\/pt-pt\/news\/calcule-as-chances-de-qualquer-loteria\"> melhores chances de ganhar <\/a> escolhendo jogos de loteria com os melhores jackpots<\/li>\n<li>Adicione dinheiro \u00e0 sua conta e pague os bilhetes usando o saldo da loteria<\/li>\n<li>Acompanhe seus ingressos facilmente<\/li>\n<li>Obtenha uma notifica\u00e7\u00e3o instant\u00e2nea para <a href=\"https:\/\/onlinelotto365.com\/pt-pt\/numeros-vencedores\"> bilhetes premiados <\/a><\/li>\n<li>Deixe o computador escolher os n\u00fameros dos t\u00edquetes que voc\u00ea usa<\/li>\n<\/ul>\n<h2>\u00c9 legal comprar ingressos para El Gordo online?<\/h2>\n<p>N\u00e3o se preocupe se seus ingressos e compras online ou da forma tradicional s\u00e3o legais para voc\u00ea no Brasil. Nosso sistema faz tudo legalmente e de acordo com os regulamentos. Sem mencionar que voc\u00ea receber\u00e1 seu pagamento e seus ganhos, n\u00e3o importa o que aconte\u00e7a. Garantimos que ele seja transferido para sua conta o mais r\u00e1pido poss\u00edvel.<br \/>\nTudo que voc\u00ea precisa fazer \u00e9 ter 18 anos para usar nosso site.<\/p>\n<h2>Como recebo o pagamento se ganhar El Gordo online?<\/h2>\n<p>Sabemos que receber pagamentos \u00e9 extremamente importante para voc\u00ea, por isso colocamos muito tempo e esfor\u00e7o nesse processo. Garantimos que <strong> voc\u00ea obtenha todos os seus ganhos sem cobrar taxas ou comiss\u00f5es para n\u00f3s <\/strong>. A \u00fanica vez que voc\u00ea paga algo para n\u00f3s \u00e9 se voc\u00ea escolher uma transfer\u00eancia banc\u00e1ria como seu m\u00e9todo de pagamento. Em algumas \u00e1reas, isso pode exigir uma taxa do <strong> banco para uma transfer\u00eancia para o Brasil <\/strong> e iremos repassar essa pequena taxa para voc\u00ea tamb\u00e9m.<\/p>\n<p>Caso contr\u00e1rio, o pagamento ocorre de duas maneiras:<\/p>\n<ul>\n<li>Se voc\u00ea ganhar menos de \u20ac 2500, n\u00f3s o depositaremos automaticamente diretamente em sua conta, para que voc\u00ea n\u00e3o precise fazer mais nada.<\/li>\n<li>Se voc\u00ea ganhar mais de \u20ac 2.500, precisar\u00e1 aguardar um e-mail de nossa equipe de suporte para preencher o formul\u00e1rio de reivindica\u00e7\u00e3o. Isso permitir\u00e1 que voc\u00ea obtenha seus ganhos depositados diretamente por transfer\u00eancia banc\u00e1ria ou por meio de um cheque que \u00e9 enviado para voc\u00ea.<\/li>\n<\/ul>\n","protected":false},"excerpt":{"rendered":"<p>Voc\u00ea est\u00e1 curioso para comprar ingressos para El Gordo online, enquanto morava no Brasil ? Bem, ent\u00e3o voc\u00ea n\u00e3o vai querer perder este artigo porque vamos orient\u00e1-lo durante todo o processo para que voc\u00ea possa conseguir as passagens que deseja sem complica\u00e7\u00f5es e sem ter que viajar para um pa\u00eds que normalmente joga este jogo [&hellip;]<\/p>\n","protected":false},"author":1,"featured_media":0,"parent":4636,"menu_order":6,"comment_status":"closed","ping_status":"closed","template":"el-gordo-info.php","meta":{"_et_pb_use_builder":"","_et_pb_old_content":"","_et_gb_content_width":"","exclude_from_search":false,"footnotes":""},"class_list":["post-11978","page","type-page","status-publish","hentry"],"yoast_head":"<!-- This site is optimized with the Yoast SEO plugin v23.4 - https:\/\/yoast.com\/wordpress\/plugins\/seo\/ -->\n<title>El Gordo do Brasil - como comprar bilhetes online<\/title>\n<meta name=\"description\" content=\"Esta lotaria espanhola est\u00e1 agora dispon\u00edvel a partir do Brasil - compre bilhetes online\" \/>\n<meta name=\"robots\" content=\"index, follow, max-snippet:-1, max-image-preview:large, max-video-preview:-1\" \/>\n<link rel=\"canonical\" href=\"https:\/\/onlinelotto365.com\/pt-pt\/comprar-bilhetes\/el-gordo\/\" \/>\n<meta property=\"og:locale\" content=\"pt_PT\" \/>\n<meta property=\"og:type\" content=\"article\" \/>\n<meta property=\"og:title\" content=\"El Gordo do Brasil - como comprar bilhetes online\" \/>\n<meta property=\"og:description\" content=\"Esta lotaria espanhola est\u00e1 agora dispon\u00edvel a partir do Brasil - compre bilhetes online\" \/>\n<meta property=\"og:url\" content=\"https:\/\/onlinelotto365.com\/pt-pt\/comprar-bilhetes\/el-gordo\/\" \/>\n<meta property=\"og:site_name\" content=\"OnlineLotto365\" \/>\n<meta property=\"article:modified_time\" content=\"2021-01-06T13:54:48+00:00\" \/>\n<meta property=\"og:image\" content=\"https:\/\/redfoxlotto.com\/image?size=8&amp;lottery=el-gordo-primitiva\" \/>\n<meta name=\"twitter:card\" content=\"summary_large_image\" \/>\n<meta name=\"twitter:label1\" content=\"Tempo estimado de leitura\" \/>\n\t<meta name=\"twitter:data1\" content=\"4 minutos\" \/>\n<script type=\"application\/ld+json\" class=\"yoast-schema-graph\">{\"@context\":\"https:\/\/schema.org\",\"@graph\":[{\"@type\":\"WebPage\",\"@id\":\"https:\/\/onlinelotto365.com\/pt-pt\/comprar-bilhetes\/el-gordo\/\",\"url\":\"https:\/\/onlinelotto365.com\/pt-pt\/comprar-bilhetes\/el-gordo\/\",\"name\":\"El Gordo do Brasil - como comprar bilhetes online\",\"isPartOf\":{\"@id\":\"https:\/\/onlinelotto365.com\/pt-pt\/#website\"},\"primaryImageOfPage\":{\"@id\":\"https:\/\/onlinelotto365.com\/pt-pt\/comprar-bilhetes\/el-gordo\/#primaryimage\"},\"image\":{\"@id\":\"https:\/\/onlinelotto365.com\/pt-pt\/comprar-bilhetes\/el-gordo\/#primaryimage\"},\"thumbnailUrl\":\"https:\/\/redfoxlotto.com\/image?size=8&amp;lottery=el-gordo-primitiva\",\"datePublished\":\"2020-12-21T09:09:25+00:00\",\"dateModified\":\"2021-01-06T13:54:48+00:00\",\"description\":\"Esta lotaria espanhola est\u00e1 agora dispon\u00edvel a partir do Brasil - compre bilhetes online\",\"breadcrumb\":{\"@id\":\"https:\/\/onlinelotto365.com\/pt-pt\/comprar-bilhetes\/el-gordo\/#breadcrumb\"},\"inLanguage\":\"pt-PT\",\"potentialAction\":[{\"@type\":\"ReadAction\",\"target\":[\"https:\/\/onlinelotto365.com\/pt-pt\/comprar-bilhetes\/el-gordo\/\"]}]},{\"@type\":\"ImageObject\",\"inLanguage\":\"pt-PT\",\"@id\":\"https:\/\/onlinelotto365.com\/pt-pt\/comprar-bilhetes\/el-gordo\/#primaryimage\",\"url\":\"https:\/\/redfoxlotto.com\/image?size=8&amp;lottery=el-gordo-primitiva\",\"contentUrl\":\"https:\/\/redfoxlotto.com\/image?size=8&amp;lottery=el-gordo-primitiva\"},{\"@type\":\"BreadcrumbList\",\"@id\":\"https:\/\/onlinelotto365.com\/pt-pt\/comprar-bilhetes\/el-gordo\/#breadcrumb\",\"itemListElement\":[{\"@type\":\"ListItem\",\"position\":1,\"name\":\"Home\",\"item\":\"https:\/\/onlinelotto365.com\/pt-pt\/\"},{\"@type\":\"ListItem\",\"position\":2,\"name\":\"Porque \u00e9 que faz mais sentido comprar bilhetes de lotaria online\",\"item\":\"https:\/\/onlinelotto365.com\/pt-pt\/buy-tickets\/\"},{\"@type\":\"ListItem\",\"position\":3,\"name\":\"Como comprar bilhetes para El Gordo online\"}]},{\"@type\":\"WebSite\",\"@id\":\"https:\/\/onlinelotto365.com\/pt-pt\/#website\",\"url\":\"https:\/\/onlinelotto365.com\/pt-pt\/\",\"name\":\"OnlineLotto365\",\"description\":\"\",\"potentialAction\":[{\"@type\":\"SearchAction\",\"target\":{\"@type\":\"EntryPoint\",\"urlTemplate\":\"https:\/\/onlinelotto365.com\/pt-pt\/?s={search_term_string}\"},\"query-input\":{\"@type\":\"PropertyValueSpecification\",\"valueRequired\":true,\"valueName\":\"search_term_string\"}}],\"inLanguage\":\"pt-PT\"}]}<\/script>\n<!-- \/ Yoast SEO plugin. -->","yoast_head_json":{"title":"El Gordo do Brasil - como comprar bilhetes online","description":"Esta lotaria espanhola est\u00e1 agora dispon\u00edvel a partir do Brasil - compre bilhetes online","robots":{"index":"index","follow":"follow","max-snippet":"max-snippet:-1","max-image-preview":"max-image-preview:large","max-video-preview":"max-video-preview:-1"},"canonical":"https:\/\/onlinelotto365.com\/pt-pt\/comprar-bilhetes\/el-gordo\/","og_locale":"pt_PT","og_type":"article","og_title":"El Gordo do Brasil - como comprar bilhetes online","og_description":"Esta lotaria espanhola est\u00e1 agora dispon\u00edvel a partir do Brasil - compre bilhetes online","og_url":"https:\/\/onlinelotto365.com\/pt-pt\/comprar-bilhetes\/el-gordo\/","og_site_name":"OnlineLotto365","article_modified_time":"2021-01-06T13:54:48+00:00","og_image":[{"url":"https:\/\/redfoxlotto.com\/image?size=8&amp;lottery=el-gordo-primitiva"}],"twitter_card":"summary_large_image","twitter_misc":{"Tempo estimado de leitura":"4 minutos"},"schema":{"@context":"https:\/\/schema.org","@graph":[{"@type":"WebPage","@id":"https:\/\/onlinelotto365.com\/pt-pt\/comprar-bilhetes\/el-gordo\/","url":"https:\/\/onlinelotto365.com\/pt-pt\/comprar-bilhetes\/el-gordo\/","name":"El Gordo do Brasil - como comprar bilhetes online","isPartOf":{"@id":"https:\/\/onlinelotto365.com\/pt-pt\/#website"},"primaryImageOfPage":{"@id":"https:\/\/onlinelotto365.com\/pt-pt\/comprar-bilhetes\/el-gordo\/#primaryimage"},"image":{"@id":"https:\/\/onlinelotto365.com\/pt-pt\/comprar-bilhetes\/el-gordo\/#primaryimage"},"thumbnailUrl":"https:\/\/redfoxlotto.com\/image?size=8&amp;lottery=el-gordo-primitiva","datePublished":"2020-12-21T09:09:25+00:00","dateModified":"2021-01-06T13:54:48+00:00","description":"Esta lotaria espanhola est\u00e1 agora dispon\u00edvel a partir do Brasil - compre bilhetes online","breadcrumb":{"@id":"https:\/\/onlinelotto365.com\/pt-pt\/comprar-bilhetes\/el-gordo\/#breadcrumb"},"inLanguage":"pt-PT","potentialAction":[{"@type":"ReadAction","target":["https:\/\/onlinelotto365.com\/pt-pt\/comprar-bilhetes\/el-gordo\/"]}]},{"@type":"ImageObject","inLanguage":"pt-PT","@id":"https:\/\/onlinelotto365.com\/pt-pt\/comprar-bilhetes\/el-gordo\/#primaryimage","url":"https:\/\/redfoxlotto.com\/image?size=8&amp;lottery=el-gordo-primitiva","contentUrl":"https:\/\/redfoxlotto.com\/image?size=8&amp;lottery=el-gordo-primitiva"},{"@type":"BreadcrumbList","@id":"https:\/\/onlinelotto365.com\/pt-pt\/comprar-bilhetes\/el-gordo\/#breadcrumb","itemListElement":[{"@type":"ListItem","position":1,"name":"Home","item":"https:\/\/onlinelotto365.com\/pt-pt\/"},{"@type":"ListItem","position":2,"name":"Porque \u00e9 que faz mais sentido comprar bilhetes de lotaria online","item":"https:\/\/onlinelotto365.com\/pt-pt\/buy-tickets\/"},{"@type":"ListItem","position":3,"name":"Como comprar bilhetes para El Gordo online"}]},{"@type":"WebSite","@id":"https:\/\/onlinelotto365.com\/pt-pt\/#website","url":"https:\/\/onlinelotto365.com\/pt-pt\/","name":"OnlineLotto365","description":"","potentialAction":[{"@type":"SearchAction","target":{"@type":"EntryPoint","urlTemplate":"https:\/\/onlinelotto365.com\/pt-pt\/?s={search_term_string}"},"query-input":{"@type":"PropertyValueSpecification","valueRequired":true,"valueName":"search_term_string"}}],"inLanguage":"pt-PT"}]}},"_links":{"self":[{"href":"https:\/\/onlinelotto365.com\/pt-pt\/wp-json\/wp\/v2\/pages\/11978","targetHints":{"allow":["GET"]}}],"collection":[{"href":"https:\/\/onlinelotto365.com\/pt-pt\/wp-json\/wp\/v2\/pages"}],"about":[{"href":"https:\/\/onlinelotto365.com\/pt-pt\/wp-json\/wp\/v2\/types\/page"}],"author":[{"embeddable":true,"href":"https:\/\/onlinelotto365.com\/pt-pt\/wp-json\/wp\/v2\/users\/1"}],"replies":[{"embeddable":true,"href":"https:\/\/onlinelotto365.com\/pt-pt\/wp-json\/wp\/v2\/comments?post=11978"}],"version-history":[{"count":0,"href":"https:\/\/onlinelotto365.com\/pt-pt\/wp-json\/wp\/v2\/pages\/11978\/revisions"}],"up":[{"embeddable":true,"href":"https:\/\/onlinelotto365.com\/pt-pt\/wp-json\/wp\/v2\/pages\/4636"}],"wp:attachment":[{"href":"https:\/\/onlinelotto365.com\/pt-pt\/wp-json\/wp\/v2\/media?parent=11978"}],"curies":[{"name":"wp","href":"https:\/\/api.w.org\/{rel}","templated":true}]}}