{"id":11980,"date":"2020-12-21T10:10:08","date_gmt":"2020-12-21T09:10:08","guid":{"rendered":"http:\/\/onlinelotto365.net\/?page_id=11980"},"modified":"2021-01-06T14:55:03","modified_gmt":"2021-01-06T13:55:03","slug":"la-primitiva","status":"publish","type":"page","link":"https:\/\/onlinelotto365.com\/pt-pt\/comprar-bilhetes\/la-primitiva\/","title":{"rendered":"Como comprar bilhetes para La Primitiva online"},"content":{"rendered":"<p>Se voc\u00ea deseja <strong> comprar ingressos para a La Primitiva on-line <\/strong>, mas ainda n\u00e3o tem certeza de como faz\u00ea-lo, certifique-se de dar uma olhada neste processo. \u00c9 muito mais f\u00e1cil do que voc\u00ea imagina para os f\u00e3s de loteria do Reino Unido, e voc\u00ea pode estar esperando pelo sorteio mais r\u00e1pido do que pensa.<\/p>\n<ul>\n<li>Escolha o jogo de loteria que deseja jogar e <strong> escolha os n\u00fameros de cada um de seus bilhetes <\/strong>. Ou deixe o computador escolher o n\u00famero do seu bilhete para voc\u00ea.<\/li>\n<li>Adicione quantos <a href=\"https:\/\/onlinelotto365.com\/pt-pt\/jogar\"> diferentes bilhetes e jogos de loteria <\/a> ao seu pedido quanto desejar antes de estar pronto para finalizar a compra<\/li>\n<li>Selecione a op\u00e7\u00e3o de pagar agora<\/li>\n<li>Registre uma nova conta se voc\u00ea nunca comprou conosco antes ou fa\u00e7a login se voc\u00ea for um cliente existente<\/li>\n<li>Conclua o processo de registro clicando no link de verifica\u00e7\u00e3o que \u00e9 enviado para o seu endere\u00e7o de e-mail<\/li>\n<li>Verifique sua caixa de entrada e sua pasta de spam para ver o e-mail de confirma\u00e7\u00e3o<\/li>\n<li>V\u00e1 para o carrinho de compras no site<\/li>\n<li>Siga as instru\u00e7\u00f5es para selecionar uma op\u00e7\u00e3o de pagamento e pagar pelos seus ingressos<\/li>\n<\/ul>\n<p><a href=\"https:\/\/redfoxlotto.com\/pt\/jogar\/la-primitiva\/?ref=a8564250a2&amp;medium=ol365\" target=\"_blank\" rel=\"noopener noreferrer\"> <img decoding=\"async\" class=\"aligncenter\" src=\" https:\/\/redfoxlotto.com\/image?size=8&amp;lottery=la-primitiva \" alt=\" la primitiva \" \/> <\/a><\/p>\n<h2>Como pagar pela sua passagem La Primitiva online<\/h2>\n<p>Voc\u00ea pode escolher entre v\u00e1rias op\u00e7\u00f5es de pagamento diferentes que s\u00e3o altamente seguras para nossos usu\u00e1rios. Deixamos voc\u00ea escolher a op\u00e7\u00e3o mais conveniente.<br \/>\nEscolha uma das duas op\u00e7\u00f5es para come\u00e7ar:<\/p>\n<ul>\n<li>Efetue um pagamento diretamente com um cart\u00e3o de cr\u00e9dito, conta banc\u00e1ria ou outro m\u00e9todo de pagamento<\/li>\n<li>Adicione dinheiro em sua conta e use-o para <a href=\"https:\/\/onlinelotto365.com\/pt-pt\/comprar-bilhetes\"> comprar seus ingressos de sua conta de jogador <\/a><\/li>\n<\/ul>\n<p>Aqueles que adicionarem \u00e0 sua conta de jogador para fazer uma compra, ter\u00e3o de depositar dinheiro mais do que o suficiente para a compra que escolherem fazer.<\/p>\n<h2>Mais informa\u00e7\u00f5es sobre La Primitiva<\/h2>\n<ul>\n<li>Pa\u00eds: Espanha<\/li>\n<li>Faixa de n\u00fameros principais: 49<\/li>\n<li>Voc\u00ea escolhe: 6<\/li>\n<li>Intervalo de n\u00fameros extras:<\/li>\n<li>Voc\u00ea escolhe: 1<\/li>\n<li>Dias e hor\u00e1rios do sorteio: quinta-feira, s\u00e1bado, 21:30 CET, 21:30 CET<\/li>\n<li>Jackpot m\u00ednimo: \u20ac 2 milh\u00f5es<\/li>\n<li>Jackpot m\u00e1ximo: nenhum<\/li>\n<li>Probabilidade de ganhar o jackpot: 1 em 15537573<\/li>\n<li>Probabilidade de vit\u00f3ria de n\u00edvel 2: 1 em 542008<\/li>\n<li>Probabilidade de vencer em qualquer n\u00edvel: 1 em 8,43<\/li>\n<li>N\u00famero de categorias de pr\u00eamios: 9<\/li>\n<\/ul>\n<h2>Vantagens de comprar ingressos para La Primitiva online<\/h2>\n<ul>\n<li>Escolha seus ingressos sem sair de casa <img decoding=\"async\" class=\"alignright wp-image-3535\" src=\"https:\/\/onlinelotto365.com\/wp-content\/uploads\/2020\/11\/online_lottery-141-296x300.jpg \" alt=\" la primitiva online \" height=\" 166 \" \/><\/li>\n<li>Escolha ainda mais op\u00e7\u00f5es de loteria<\/li>\n<li>D\u00ea uma olhada <strong> em diferentes jackpots <\/strong> para ver onde voc\u00ea pode ganhar mais<\/li>\n<li>Coloque dinheiro em sua conta para pagar as passagens<\/li>\n<li>N\u00e3o se preocupe em perder seus ingressos<\/li>\n<li>Voc\u00ea receber\u00e1 uma <a href=\"https:\/\/onlinelotto365.com\/pt-pt\/numeros-vencedores\"> notifica\u00e7\u00e3o se ganhar <\/a><\/li>\n<li>Voc\u00ea pode escolher um t\u00edquete gerado aleatoriamente<\/li>\n<\/ul>\n<h2>\u00c9 legal comprar ingressos para a La Primitiva online?<\/h2>\n<p>Algumas pessoas se preocupam se a compra de bilhetes de loteria online \u00e9 permitida em seu pa\u00eds de resid\u00eancia. Ou mesmo se puderem comprar os ingressos da maneira tradicional. Mas voc\u00ea n\u00e3o precisa se preocupar se \u00e9 legal usar nosso sistema, pois cuidamos dos regulamentos da \u00e1rea onde a loteria \u00e9 realizada. Dessa forma, voc\u00ea obt\u00e9m seus ganhos, n\u00e3o importa o que esteja acontecendo e n\u00e3o importa o quanto voc\u00ea ganhe.<br \/>\nBasta ter no m\u00ednimo 18 anos para usar nosso servi\u00e7o.<\/p>\n<h2>Como recebo o pagamento se ganhar La Primitiva online?<\/h2>\n<p>Quando se trata de receber pagamentos, sabemos como isso \u00e9 importante para voc\u00ea. \u00c9 por isso que tornamos o processo de pagamento o mais f\u00e1cil poss\u00edvel. E fazemos tudo isso sem cobrar taxas ou comiss\u00f5es. Pelo menos, a menos que <strong> voc\u00ea opte por ter seu pagamento enviado <\/strong> por transfer\u00eancia banc\u00e1ria. Nesse caso, poderemos ser cobrados pelo seu banco. Quando isso acontece, repassamos essa taxa para voc\u00ea.<br \/>\nTudo o que voc\u00ea precisa fazer \u00e9 saber o que acontece quando voc\u00ea ganha:<\/p>\n<ul>\n<li>Se voc\u00ea ganhar menos de \u20ac 2.500, n\u00e3o precisa fazer nada porque n\u00f3s cuidamos de tudo para voc\u00ea. Garantimos que voc\u00ea obtenha todo o seu dinheiro diretamente na sua conta de jogador<\/li>\n<li>Se voc\u00ea ganhar mais de \u20ac 2500, poder\u00e1 receber seu dinheiro em cheque ou transfer\u00eancia banc\u00e1ria. Nesse caso, voc\u00ea precisar\u00e1 preencher um formul\u00e1rio de reivindica\u00e7\u00e3o, que nossa equipe de suporte enviar\u00e1 a voc\u00ea e, em seguida, ajudaremos com o restante<\/li>\n<\/ul>\n","protected":false},"excerpt":{"rendered":"<p>Se voc\u00ea deseja comprar ingressos para a La Primitiva on-line , mas ainda n\u00e3o tem certeza de como faz\u00ea-lo, certifique-se de dar uma olhada neste processo. \u00c9 muito mais f\u00e1cil do que voc\u00ea imagina para os f\u00e3s de loteria do Reino Unido, e voc\u00ea pode estar esperando pelo sorteio mais r\u00e1pido do que pensa. Escolha [&hellip;]<\/p>\n","protected":false},"author":1,"featured_media":0,"parent":4636,"menu_order":7,"comment_status":"closed","ping_status":"closed","template":"la-primitiva-info.php","meta":{"_et_pb_use_builder":"","_et_pb_old_content":"","_et_gb_content_width":"","exclude_from_search":false,"footnotes":""},"class_list":["post-11980","page","type-page","status-publish","hentry"],"yoast_head":"<!-- This site is optimized with the Yoast SEO plugin v23.4 - https:\/\/yoast.com\/wordpress\/plugins\/seo\/ -->\n<title>Servi\u00e7o online para bilhetes La Primitiva | La Primitiva a partir do Brasil<\/title>\n<meta name=\"description\" content=\"Descubra como pode comprar bilhetes para a lotaria espanhola La Primitiva do Brasil\" \/>\n<meta name=\"robots\" content=\"index, follow, max-snippet:-1, max-image-preview:large, max-video-preview:-1\" \/>\n<link rel=\"canonical\" href=\"https:\/\/onlinelotto365.com\/pt-pt\/comprar-bilhetes\/la-primitiva\/\" \/>\n<meta property=\"og:locale\" content=\"pt_PT\" \/>\n<meta property=\"og:type\" content=\"article\" \/>\n<meta property=\"og:title\" content=\"Servi\u00e7o online para bilhetes La Primitiva | La Primitiva a partir do Brasil\" \/>\n<meta property=\"og:description\" content=\"Descubra como pode comprar bilhetes para a lotaria espanhola La Primitiva do Brasil\" \/>\n<meta property=\"og:url\" content=\"https:\/\/onlinelotto365.com\/pt-pt\/comprar-bilhetes\/la-primitiva\/\" \/>\n<meta property=\"og:site_name\" content=\"OnlineLotto365\" \/>\n<meta property=\"article:modified_time\" content=\"2021-01-06T13:55:03+00:00\" \/>\n<meta name=\"twitter:card\" content=\"summary_large_image\" \/>\n<meta name=\"twitter:label1\" content=\"Tempo estimado de leitura\" \/>\n\t<meta name=\"twitter:data1\" content=\"4 minutos\" \/>\n<script type=\"application\/ld+json\" class=\"yoast-schema-graph\">{\"@context\":\"https:\/\/schema.org\",\"@graph\":[{\"@type\":\"WebPage\",\"@id\":\"https:\/\/onlinelotto365.com\/pt-pt\/comprar-bilhetes\/la-primitiva\/\",\"url\":\"https:\/\/onlinelotto365.com\/pt-pt\/comprar-bilhetes\/la-primitiva\/\",\"name\":\"Servi\u00e7o online para bilhetes La Primitiva | La Primitiva a partir do Brasil\",\"isPartOf\":{\"@id\":\"https:\/\/onlinelotto365.com\/pt-pt\/#website\"},\"datePublished\":\"2020-12-21T09:10:08+00:00\",\"dateModified\":\"2021-01-06T13:55:03+00:00\",\"description\":\"Descubra como pode comprar bilhetes para a lotaria espanhola La Primitiva do Brasil\",\"breadcrumb\":{\"@id\":\"https:\/\/onlinelotto365.com\/pt-pt\/comprar-bilhetes\/la-primitiva\/#breadcrumb\"},\"inLanguage\":\"pt-PT\",\"potentialAction\":[{\"@type\":\"ReadAction\",\"target\":[\"https:\/\/onlinelotto365.com\/pt-pt\/comprar-bilhetes\/la-primitiva\/\"]}]},{\"@type\":\"BreadcrumbList\",\"@id\":\"https:\/\/onlinelotto365.com\/pt-pt\/comprar-bilhetes\/la-primitiva\/#breadcrumb\",\"itemListElement\":[{\"@type\":\"ListItem\",\"position\":1,\"name\":\"Home\",\"item\":\"https:\/\/onlinelotto365.com\/pt-pt\/\"},{\"@type\":\"ListItem\",\"position\":2,\"name\":\"Porque \u00e9 que faz mais sentido comprar bilhetes de lotaria online\",\"item\":\"https:\/\/onlinelotto365.com\/pt-pt\/buy-tickets\/\"},{\"@type\":\"ListItem\",\"position\":3,\"name\":\"Como comprar bilhetes para La Primitiva online\"}]},{\"@type\":\"WebSite\",\"@id\":\"https:\/\/onlinelotto365.com\/pt-pt\/#website\",\"url\":\"https:\/\/onlinelotto365.com\/pt-pt\/\",\"name\":\"OnlineLotto365\",\"description\":\"\",\"potentialAction\":[{\"@type\":\"SearchAction\",\"target\":{\"@type\":\"EntryPoint\",\"urlTemplate\":\"https:\/\/onlinelotto365.com\/pt-pt\/?s={search_term_string}\"},\"query-input\":{\"@type\":\"PropertyValueSpecification\",\"valueRequired\":true,\"valueName\":\"search_term_string\"}}],\"inLanguage\":\"pt-PT\"}]}<\/script>\n<!-- \/ Yoast SEO plugin. -->","yoast_head_json":{"title":"Servi\u00e7o online para bilhetes La Primitiva | La Primitiva a partir do Brasil","description":"Descubra como pode comprar bilhetes para a lotaria espanhola La Primitiva do Brasil","robots":{"index":"index","follow":"follow","max-snippet":"max-snippet:-1","max-image-preview":"max-image-preview:large","max-video-preview":"max-video-preview:-1"},"canonical":"https:\/\/onlinelotto365.com\/pt-pt\/comprar-bilhetes\/la-primitiva\/","og_locale":"pt_PT","og_type":"article","og_title":"Servi\u00e7o online para bilhetes La Primitiva | La Primitiva a partir do Brasil","og_description":"Descubra como pode comprar bilhetes para a lotaria espanhola La Primitiva do Brasil","og_url":"https:\/\/onlinelotto365.com\/pt-pt\/comprar-bilhetes\/la-primitiva\/","og_site_name":"OnlineLotto365","article_modified_time":"2021-01-06T13:55:03+00:00","twitter_card":"summary_large_image","twitter_misc":{"Tempo estimado de leitura":"4 minutos"},"schema":{"@context":"https:\/\/schema.org","@graph":[{"@type":"WebPage","@id":"https:\/\/onlinelotto365.com\/pt-pt\/comprar-bilhetes\/la-primitiva\/","url":"https:\/\/onlinelotto365.com\/pt-pt\/comprar-bilhetes\/la-primitiva\/","name":"Servi\u00e7o online para bilhetes La Primitiva | La Primitiva a partir do Brasil","isPartOf":{"@id":"https:\/\/onlinelotto365.com\/pt-pt\/#website"},"datePublished":"2020-12-21T09:10:08+00:00","dateModified":"2021-01-06T13:55:03+00:00","description":"Descubra como pode comprar bilhetes para a lotaria espanhola La Primitiva do Brasil","breadcrumb":{"@id":"https:\/\/onlinelotto365.com\/pt-pt\/comprar-bilhetes\/la-primitiva\/#breadcrumb"},"inLanguage":"pt-PT","potentialAction":[{"@type":"ReadAction","target":["https:\/\/onlinelotto365.com\/pt-pt\/comprar-bilhetes\/la-primitiva\/"]}]},{"@type":"BreadcrumbList","@id":"https:\/\/onlinelotto365.com\/pt-pt\/comprar-bilhetes\/la-primitiva\/#breadcrumb","itemListElement":[{"@type":"ListItem","position":1,"name":"Home","item":"https:\/\/onlinelotto365.com\/pt-pt\/"},{"@type":"ListItem","position":2,"name":"Porque \u00e9 que faz mais sentido comprar bilhetes de lotaria online","item":"https:\/\/onlinelotto365.com\/pt-pt\/buy-tickets\/"},{"@type":"ListItem","position":3,"name":"Como comprar bilhetes para La Primitiva online"}]},{"@type":"WebSite","@id":"https:\/\/onlinelotto365.com\/pt-pt\/#website","url":"https:\/\/onlinelotto365.com\/pt-pt\/","name":"OnlineLotto365","description":"","potentialAction":[{"@type":"SearchAction","target":{"@type":"EntryPoint","urlTemplate":"https:\/\/onlinelotto365.com\/pt-pt\/?s={search_term_string}"},"query-input":{"@type":"PropertyValueSpecification","valueRequired":true,"valueName":"search_term_string"}}],"inLanguage":"pt-PT"}]}},"_links":{"self":[{"href":"https:\/\/onlinelotto365.com\/pt-pt\/wp-json\/wp\/v2\/pages\/11980","targetHints":{"allow":["GET"]}}],"collection":[{"href":"https:\/\/onlinelotto365.com\/pt-pt\/wp-json\/wp\/v2\/pages"}],"about":[{"href":"https:\/\/onlinelotto365.com\/pt-pt\/wp-json\/wp\/v2\/types\/page"}],"author":[{"embeddable":true,"href":"https:\/\/onlinelotto365.com\/pt-pt\/wp-json\/wp\/v2\/users\/1"}],"replies":[{"embeddable":true,"href":"https:\/\/onlinelotto365.com\/pt-pt\/wp-json\/wp\/v2\/comments?post=11980"}],"version-history":[{"count":0,"href":"https:\/\/onlinelotto365.com\/pt-pt\/wp-json\/wp\/v2\/pages\/11980\/revisions"}],"up":[{"embeddable":true,"href":"https:\/\/onlinelotto365.com\/pt-pt\/wp-json\/wp\/v2\/pages\/4636"}],"wp:attachment":[{"href":"https:\/\/onlinelotto365.com\/pt-pt\/wp-json\/wp\/v2\/media?parent=11980"}],"curies":[{"name":"wp","href":"https:\/\/api.w.org\/{rel}","templated":true}]}}