{"id":11982,"date":"2020-12-21T10:11:17","date_gmt":"2020-12-21T09:11:17","guid":{"rendered":"http:\/\/onlinelotto365.net\/?page_id=11982"},"modified":"2021-01-06T14:55:20","modified_gmt":"2021-01-06T13:55:20","slug":"bonoloto","status":"publish","type":"page","link":"https:\/\/onlinelotto365.com\/pt-pt\/comprar-bilhetes\/bonoloto\/","title":{"rendered":"Como comprar bilhetes BonoLoto online"},"content":{"rendered":"<p>Se voc\u00ea mora no Brasil e quer saber como <strong> jogar BonoLoto online <\/strong> e como conseguir seus ingressos, voc\u00ea est\u00e1 no lugar certo. Podemos ajud\u00e1-lo em todo o processo e tamb\u00e9m ser\u00e1 muito mais f\u00e1cil do que voc\u00ea imagina. Tudo o que voc\u00ea precisa fazer \u00e9 seguir as etapas que descrevemos abaixo.<\/p>\n<ul>\n<li>V\u00e1 para a p\u00e1gina do jogo de loteria que deseja jogar, como BonoLoto. Em seguida, escolha <strong> <a href=\"https:\/\/onlinelotto365.com\/pt-pt\/comprar-bilhetes\"> todos os ingressos que deseja <\/a> <\/strong>, incluindo os n\u00fameros que deseja jogar.<\/li>\n<li>Adicione ingressos adicionais para o BonoLoto ou para outros jogos ao seu pedido at\u00e9 que esteja pronto para finalizar a compra.<\/li>\n<li>Selecione o bot\u00e3o para pagar agora<\/li>\n<li>Fa\u00e7a login em sua conta ou escolha a op\u00e7\u00e3o de criar uma nova conta e siga o processo de inscri\u00e7\u00e3o.<\/li>\n<li>Se voc\u00ea estiver criando uma nova conta, precisar\u00e1 acessar seu e-mail para obter o link de verifica\u00e7\u00e3o que permitir\u00e1 finalizar o processo.<\/li>\n<li>Se voc\u00ea n\u00e3o conseguir o link, certifique-se de verificar sua pasta de spam para ver se ele aparece l\u00e1 em vez de em sua caixa de entrada normal.<\/li>\n<li>V\u00e1 para a p\u00e1gina de finaliza\u00e7\u00e3o da compra no site e inicie o processo de pagamento.<\/li>\n<li>Escolha sua forma de pagamento e finalize a compra.<\/li>\n<\/ul>\n<p><a href=\"https:\/\/redfoxlotto.com\/pt\/bonoloto\/?ref=a8564250a2&amp;medium=ol365\" target=\"_blank\" rel=\"noopener noreferrer\"> <img decoding=\"async\" class=\"aligncenter\" src=\"https:\/\/redfoxlotto.com\/image?size=8&amp;lottery=bonoloto\" alt=\"BonoLoto\" \/> <\/a><\/p>\n<h2>Como pagar seu ingresso BonoLoto online<\/h2>\n<p>Voc\u00ea ter\u00e1 muitos m\u00e9todos de pagamento diferentes que pode usar para comprar seus ingressos BonoLoto e muito mais.<br \/>\nAdquira seus ingressos escolhendo entre estas duas op\u00e7\u00f5es gerais para voc\u00ea come\u00e7ar:<\/p>\n<ul>\n<li>Efetue o pagamento do seu pedido diretamente com um cart\u00e3o de cr\u00e9dito ou conta financeira<\/li>\n<li>Deposite dinheiro em sua conta de jogador em nosso site e use sua conta de jogador para fazer uma compra<\/li>\n<\/ul>\n<p>Para aqueles que optam por depositar dinheiro em sua conta de jogador, certifique-se de adicionar mais dinheiro do que o necess\u00e1rio para seu pedido atual para process\u00e1-lo.<\/p>\n<h2>Mais informa\u00e7\u00f5es sobre BonoLoto<\/h2>\n<ul>\n<li>Pa\u00eds: Espanha<\/li>\n<li>Faixa de n\u00fameros principais: 49<\/li>\n<li>Voc\u00ea escolhe: 6<\/li>\n<li>Dias e horas do sorteio: diariamente, exceto domingos, 21:30 CET, 21:30 CET<\/li>\n<li>Jackpot m\u00ednimo: 400000<\/li>\n<li>Jackpot m\u00e1ximo: nenhum<\/li>\n<li>Probabilidade de ganhar o jackpot: 1 em 13983816<\/li>\n<li>Probabilidade de vit\u00f3ria de n\u00edvel 2: 1 em 2330636<\/li>\n<li>Probabilidade de vencer em qualquer n\u00edvel: 1 em 8,43<\/li>\n<li>N\u00famero de categorias de pr\u00eamios: 6<\/li>\n<\/ul>\n<h2>Vantagens de comprar ingressos BonoLoto online<\/h2>\n<ul>\n<li>Fique em casa e ainda consiga os ingressos que deseja do Brasil ou de qualquer pa\u00eds<\/li>\n<li>Escolha entre uma ampla variedade de jogos de loteria diferentes de todo o mundo<\/li>\n<li>Obtenha melhores chances de ganhar grandes pr\u00eamios escolhendo os melhores jackpots<\/li>\n<li>Coloque dinheiro em sua conta para pagar as passagens<\/li>\n<li>N\u00e3o se preocupe em perder um ingresso novamente<\/li>\n<li>Nunca perca uma vit\u00f3ria com notifica\u00e7\u00f5es instant\u00e2neas<\/li>\n<li>Use o gerador de n\u00fameros aleat\u00f3rios para escolher seus n\u00fameros para voc\u00ea<\/li>\n<\/ul>\n<h2>\u00c9 legal comprar ingressos do BonoLoto online?<\/h2>\n<p><img loading=\"lazy\" decoding=\"async\" width=\"300\" height=\"217\" class=\"alignright wp-image-3675\" src=\"https:\/\/onlinelotto365.com\/wp-content\/uploads\/2020\/11\/online_lottery-117-300x217.jpg\" alt=\"comprar ingressos bonoloto online\" srcset=\"https:\/\/onlinelotto365.com\/wp-content\/uploads\/2020\/11\/online_lottery-117-300x217.jpg 300w, https:\/\/onlinelotto365.com\/wp-content\/uploads\/2020\/11\/online_lottery-117.jpg 320w\" sizes=\"auto, (max-width: 300px) 100vw, 300px\" \/><\/p>\n<p>Voc\u00ea pode se sentir um pouco preocupado em jogar esse tipo de jogo se n\u00e3o souber sobre as <strong> legalidades da loteria online em seu pa\u00eds de resid\u00eancia <\/strong>. Mas voc\u00ea pode confiar totalmente em nosso servi\u00e7o para ajud\u00e1-lo. Garantimos que todos os regulamentos do pa\u00eds de origem da loteria est\u00e3o sendo seguidos.<\/p>\n<p>Dessa forma, se voc\u00ea ganhar algum pr\u00eamio, incluindo o jackpot, n\u00e3o precisa se preocupar em resgat\u00e1-lo. Voc\u00ea tem a garantia de receber o pr\u00eamio que ganhou.<br \/>\nA \u00fanica regra \u00e9 que voc\u00ea <a href=\"https:\/\/onlinelotto365.com\/pt-pt\/news\/idade-minima-para-comprar-bilhetes-de-loteria\"> <strong> precisa ter pelo menos 18 anos para jogar. <\/strong><\/a><\/p>\n<h2>Como recebo o pagamento se ganhar o BonoLoto online?<\/h2>\n<p>Os pagamentos s\u00e3o importantes e voc\u00ea deseja ter certeza de que receber\u00e1 todo o dinheiro a que tem direito. Isso n\u00e3o \u00e9 um problema para n\u00f3s, porque n\u00e3o cobramos uma comiss\u00e3o sobre nenhum dos seus ganhos. Voc\u00ea obter\u00e1 tudo isso diretamente em sua conta.<\/p>\n<p>A \u00fanica vez em que cobramos taxas \u00e9 se voc\u00ea optar por transferir seu dinheiro para o banco. Se o seu banco cobrar uma taxa por esta transfer\u00eancia, iremos repassar essa taxa para a sua conta.<br \/>\nQuando voc\u00ea tem direito ao pagamento, no entanto, uma de duas coisas acontecer\u00e1:<\/p>\n<ul>\n<li style=\"list-style-type: none;\">\n<ul>\n<li>Se voc\u00ea ganhar menos de \u20ac 2.500, receber\u00e1 o dinheiro em sua conta praticamente instantaneamente, para que possa fazer o que quiser com ele.<\/li>\n<li>Se voc\u00ea ganhar mais de \u20ac 2.500, o valor ganho ser\u00e1 enviado a voc\u00ea como transfer\u00eancia banc\u00e1ria ou cheque. Voc\u00ea pode escolher o que prefere ao preencher o formul\u00e1rio de reivindica\u00e7\u00e3ot nossa equipe vai enviar voc\u00ea. Assim, voc\u00ea recebe seu dinheiro em apenas alguns dias.<\/li>\n<\/ul>\n<\/li>\n<\/ul>\n","protected":false},"excerpt":{"rendered":"<p>Se voc\u00ea mora no Brasil e quer saber como jogar BonoLoto online e como conseguir seus ingressos, voc\u00ea est\u00e1 no lugar certo. Podemos ajud\u00e1-lo em todo o processo e tamb\u00e9m ser\u00e1 muito mais f\u00e1cil do que voc\u00ea imagina. Tudo o que voc\u00ea precisa fazer \u00e9 seguir as etapas que descrevemos abaixo. V\u00e1 para a p\u00e1gina [&hellip;]<\/p>\n","protected":false},"author":1,"featured_media":0,"parent":4636,"menu_order":8,"comment_status":"closed","ping_status":"closed","template":"template-rightsidebar.php","meta":{"_et_pb_use_builder":"","_et_pb_old_content":"","_et_gb_content_width":"","exclude_from_search":false,"footnotes":""},"class_list":["post-11982","page","type-page","status-publish","hentry"],"yoast_head":"<!-- This site is optimized with the Yoast SEO plugin v23.4 - https:\/\/yoast.com\/wordpress\/plugins\/seo\/ -->\n<title>Bilhetes BonoLoto online | Como comprar bilhetes do Brasil<\/title>\n<meta name=\"description\" content=\"Bilhetes BonoLoto online | Como comprar bilhetes do Brasil\" \/>\n<meta name=\"robots\" content=\"index, follow, max-snippet:-1, max-image-preview:large, max-video-preview:-1\" \/>\n<link rel=\"canonical\" href=\"https:\/\/onlinelotto365.com\/pt-pt\/comprar-bilhetes\/bonoloto\/\" \/>\n<meta property=\"og:locale\" content=\"pt_PT\" \/>\n<meta property=\"og:type\" content=\"article\" \/>\n<meta property=\"og:title\" content=\"Bilhetes BonoLoto online | Como comprar bilhetes do Brasil\" \/>\n<meta property=\"og:description\" content=\"Bilhetes BonoLoto online | Como comprar bilhetes do Brasil\" \/>\n<meta property=\"og:url\" content=\"https:\/\/onlinelotto365.com\/pt-pt\/comprar-bilhetes\/bonoloto\/\" \/>\n<meta property=\"og:site_name\" content=\"OnlineLotto365\" \/>\n<meta property=\"article:modified_time\" content=\"2021-01-06T13:55:20+00:00\" \/>\n<meta property=\"og:image\" content=\"https:\/\/redfoxlotto.com\/image?size=8&amp;lottery=bonoloto\" \/>\n<meta name=\"twitter:card\" content=\"summary_large_image\" \/>\n<meta name=\"twitter:label1\" content=\"Tempo estimado de leitura\" \/>\n\t<meta name=\"twitter:data1\" content=\"4 minutos\" \/>\n<script type=\"application\/ld+json\" class=\"yoast-schema-graph\">{\"@context\":\"https:\/\/schema.org\",\"@graph\":[{\"@type\":\"WebPage\",\"@id\":\"https:\/\/onlinelotto365.com\/pt-pt\/comprar-bilhetes\/bonoloto\/\",\"url\":\"https:\/\/onlinelotto365.com\/pt-pt\/comprar-bilhetes\/bonoloto\/\",\"name\":\"Bilhetes BonoLoto online | Como comprar bilhetes do Brasil\",\"isPartOf\":{\"@id\":\"https:\/\/onlinelotto365.com\/pt-pt\/#website\"},\"primaryImageOfPage\":{\"@id\":\"https:\/\/onlinelotto365.com\/pt-pt\/comprar-bilhetes\/bonoloto\/#primaryimage\"},\"image\":{\"@id\":\"https:\/\/onlinelotto365.com\/pt-pt\/comprar-bilhetes\/bonoloto\/#primaryimage\"},\"thumbnailUrl\":\"https:\/\/redfoxlotto.com\/image?size=8&amp;lottery=bonoloto\",\"datePublished\":\"2020-12-21T09:11:17+00:00\",\"dateModified\":\"2021-01-06T13:55:20+00:00\",\"description\":\"Bilhetes BonoLoto online | Como comprar bilhetes do Brasil\",\"breadcrumb\":{\"@id\":\"https:\/\/onlinelotto365.com\/pt-pt\/comprar-bilhetes\/bonoloto\/#breadcrumb\"},\"inLanguage\":\"pt-PT\",\"potentialAction\":[{\"@type\":\"ReadAction\",\"target\":[\"https:\/\/onlinelotto365.com\/pt-pt\/comprar-bilhetes\/bonoloto\/\"]}]},{\"@type\":\"ImageObject\",\"inLanguage\":\"pt-PT\",\"@id\":\"https:\/\/onlinelotto365.com\/pt-pt\/comprar-bilhetes\/bonoloto\/#primaryimage\",\"url\":\"https:\/\/redfoxlotto.com\/image?size=8&amp;lottery=bonoloto\",\"contentUrl\":\"https:\/\/redfoxlotto.com\/image?size=8&amp;lottery=bonoloto\"},{\"@type\":\"BreadcrumbList\",\"@id\":\"https:\/\/onlinelotto365.com\/pt-pt\/comprar-bilhetes\/bonoloto\/#breadcrumb\",\"itemListElement\":[{\"@type\":\"ListItem\",\"position\":1,\"name\":\"Home\",\"item\":\"https:\/\/onlinelotto365.com\/pt-pt\/\"},{\"@type\":\"ListItem\",\"position\":2,\"name\":\"Porque \u00e9 que faz mais sentido comprar bilhetes de lotaria online\",\"item\":\"https:\/\/onlinelotto365.com\/pt-pt\/buy-tickets\/\"},{\"@type\":\"ListItem\",\"position\":3,\"name\":\"Como comprar bilhetes BonoLoto online\"}]},{\"@type\":\"WebSite\",\"@id\":\"https:\/\/onlinelotto365.com\/pt-pt\/#website\",\"url\":\"https:\/\/onlinelotto365.com\/pt-pt\/\",\"name\":\"OnlineLotto365\",\"description\":\"\",\"potentialAction\":[{\"@type\":\"SearchAction\",\"target\":{\"@type\":\"EntryPoint\",\"urlTemplate\":\"https:\/\/onlinelotto365.com\/pt-pt\/?s={search_term_string}\"},\"query-input\":{\"@type\":\"PropertyValueSpecification\",\"valueRequired\":true,\"valueName\":\"search_term_string\"}}],\"inLanguage\":\"pt-PT\"}]}<\/script>\n<!-- \/ Yoast SEO plugin. -->","yoast_head_json":{"title":"Bilhetes BonoLoto online | Como comprar bilhetes do Brasil","description":"Bilhetes BonoLoto online | Como comprar bilhetes do Brasil","robots":{"index":"index","follow":"follow","max-snippet":"max-snippet:-1","max-image-preview":"max-image-preview:large","max-video-preview":"max-video-preview:-1"},"canonical":"https:\/\/onlinelotto365.com\/pt-pt\/comprar-bilhetes\/bonoloto\/","og_locale":"pt_PT","og_type":"article","og_title":"Bilhetes BonoLoto online | Como comprar bilhetes do Brasil","og_description":"Bilhetes BonoLoto online | Como comprar bilhetes do Brasil","og_url":"https:\/\/onlinelotto365.com\/pt-pt\/comprar-bilhetes\/bonoloto\/","og_site_name":"OnlineLotto365","article_modified_time":"2021-01-06T13:55:20+00:00","og_image":[{"url":"https:\/\/redfoxlotto.com\/image?size=8&amp;lottery=bonoloto"}],"twitter_card":"summary_large_image","twitter_misc":{"Tempo estimado de leitura":"4 minutos"},"schema":{"@context":"https:\/\/schema.org","@graph":[{"@type":"WebPage","@id":"https:\/\/onlinelotto365.com\/pt-pt\/comprar-bilhetes\/bonoloto\/","url":"https:\/\/onlinelotto365.com\/pt-pt\/comprar-bilhetes\/bonoloto\/","name":"Bilhetes BonoLoto online | Como comprar bilhetes do Brasil","isPartOf":{"@id":"https:\/\/onlinelotto365.com\/pt-pt\/#website"},"primaryImageOfPage":{"@id":"https:\/\/onlinelotto365.com\/pt-pt\/comprar-bilhetes\/bonoloto\/#primaryimage"},"image":{"@id":"https:\/\/onlinelotto365.com\/pt-pt\/comprar-bilhetes\/bonoloto\/#primaryimage"},"thumbnailUrl":"https:\/\/redfoxlotto.com\/image?size=8&amp;lottery=bonoloto","datePublished":"2020-12-21T09:11:17+00:00","dateModified":"2021-01-06T13:55:20+00:00","description":"Bilhetes BonoLoto online | Como comprar bilhetes do Brasil","breadcrumb":{"@id":"https:\/\/onlinelotto365.com\/pt-pt\/comprar-bilhetes\/bonoloto\/#breadcrumb"},"inLanguage":"pt-PT","potentialAction":[{"@type":"ReadAction","target":["https:\/\/onlinelotto365.com\/pt-pt\/comprar-bilhetes\/bonoloto\/"]}]},{"@type":"ImageObject","inLanguage":"pt-PT","@id":"https:\/\/onlinelotto365.com\/pt-pt\/comprar-bilhetes\/bonoloto\/#primaryimage","url":"https:\/\/redfoxlotto.com\/image?size=8&amp;lottery=bonoloto","contentUrl":"https:\/\/redfoxlotto.com\/image?size=8&amp;lottery=bonoloto"},{"@type":"BreadcrumbList","@id":"https:\/\/onlinelotto365.com\/pt-pt\/comprar-bilhetes\/bonoloto\/#breadcrumb","itemListElement":[{"@type":"ListItem","position":1,"name":"Home","item":"https:\/\/onlinelotto365.com\/pt-pt\/"},{"@type":"ListItem","position":2,"name":"Porque \u00e9 que faz mais sentido comprar bilhetes de lotaria online","item":"https:\/\/onlinelotto365.com\/pt-pt\/buy-tickets\/"},{"@type":"ListItem","position":3,"name":"Como comprar bilhetes BonoLoto online"}]},{"@type":"WebSite","@id":"https:\/\/onlinelotto365.com\/pt-pt\/#website","url":"https:\/\/onlinelotto365.com\/pt-pt\/","name":"OnlineLotto365","description":"","potentialAction":[{"@type":"SearchAction","target":{"@type":"EntryPoint","urlTemplate":"https:\/\/onlinelotto365.com\/pt-pt\/?s={search_term_string}"},"query-input":{"@type":"PropertyValueSpecification","valueRequired":true,"valueName":"search_term_string"}}],"inLanguage":"pt-PT"}]}},"_links":{"self":[{"href":"https:\/\/onlinelotto365.com\/pt-pt\/wp-json\/wp\/v2\/pages\/11982","targetHints":{"allow":["GET"]}}],"collection":[{"href":"https:\/\/onlinelotto365.com\/pt-pt\/wp-json\/wp\/v2\/pages"}],"about":[{"href":"https:\/\/onlinelotto365.com\/pt-pt\/wp-json\/wp\/v2\/types\/page"}],"author":[{"embeddable":true,"href":"https:\/\/onlinelotto365.com\/pt-pt\/wp-json\/wp\/v2\/users\/1"}],"replies":[{"embeddable":true,"href":"https:\/\/onlinelotto365.com\/pt-pt\/wp-json\/wp\/v2\/comments?post=11982"}],"version-history":[{"count":0,"href":"https:\/\/onlinelotto365.com\/pt-pt\/wp-json\/wp\/v2\/pages\/11982\/revisions"}],"up":[{"embeddable":true,"href":"https:\/\/onlinelotto365.com\/pt-pt\/wp-json\/wp\/v2\/pages\/4636"}],"wp:attachment":[{"href":"https:\/\/onlinelotto365.com\/pt-pt\/wp-json\/wp\/v2\/media?parent=11982"}],"curies":[{"name":"wp","href":"https:\/\/api.w.org\/{rel}","templated":true}]}}