{"id":11984,"date":"2020-12-21T10:12:15","date_gmt":"2020-12-21T09:12:15","guid":{"rendered":"http:\/\/onlinelotto365.net\/?page_id=11984"},"modified":"2021-01-06T14:55:40","modified_gmt":"2021-01-06T13:55:40","slug":"uk-lottery","status":"publish","type":"page","link":"https:\/\/onlinelotto365.com\/pt-pt\/comprar-bilhetes\/uk-lottery\/","title":{"rendered":"Como comprar bilhetes da Lotaria do Reino Unido on-line"},"content":{"rendered":"<p>Se voc\u00ea <strong> deseja comprar seus bilhetes de loteria para a Loteria do Reino Unido no Brasil <\/strong>, n\u00e3o precisa se preocupar, pois temos todo o processo planejado para voc\u00ea de forma r\u00e1pida e f\u00e1cil. Voc\u00ea s\u00f3 precisa dar uma olhada nas etapas simples abaixo e voc\u00ea estar\u00e1 <strong> pronto em um piscar de olhos. <\/strong><\/p>\n<ul>\n<li>V\u00e1 para a p\u00e1gina certa para o jogo de loteria que deseja jogar, como a loteria do Reino Unido. Em seguida, escolha os n\u00fameros que deseja para o seu bilhete.<\/li>\n<li>Escolha os bilhetes de loteria adicionais que voc\u00ea deseja para este ou qualquer outro jogo de loteria que vai jogar<\/li>\n<li>Escolha a op\u00e7\u00e3o de pagar pelos seus ingressos<\/li>\n<li>Siga o processo de registro de uma conta se voc\u00ea for um novo usu\u00e1rio ou fa\u00e7a login na sua conta se j\u00e1 for um usu\u00e1rio existente<\/li>\n<li>Para aqueles que ainda precisam se registrar, voc\u00ea receber\u00e1 um e-mail de verifica\u00e7\u00e3o em sua caixa de entrada ou pasta de spam em minutos<\/li>\n<li>Se voc\u00ea n\u00e3o receber seu e-mail em alguns minutos <strong> verifique a pasta de spam para saber se voc\u00ea o recebeu <\/strong><\/li>\n<li>Volte ao site e selecione o carrinho de compras para pagar por seus ingressos<\/li>\n<li>Escolha sua forma de pagamento e siga as instru\u00e7\u00f5es de pagamento<\/li>\n<\/ul>\n<p><a href=\"https:\/\/redfoxlotto.com\/pt\/lotto-uk\/?ref=a8564250a2&amp;medium=ol365\" target=\"_blank\" rel=\"noopener noreferrer\"> <img decoding=\"async\" class=\"aligncenter\" src=\" https:\/\/redfoxlotto.com\/image?size=8&amp;lottery=lotto-uk \" alt=\" uk lottery \" \/> <\/a><\/p>\n<h2>Como pagar online pelo seu bilhete da loteria do Reino Unido<\/h2>\n<p>Oferecemos v\u00e1rios <strong> m\u00e9todos de pagamento completamente seguros <\/strong> para nossos clientes do Brasil e de outros lugares. Dessa forma, voc\u00ea pode escolher o m\u00e9todo que funciona melhor para voc\u00ea.<br \/>\nEscolha entre duas op\u00e7\u00f5es gerais de pagamento diferentes:<\/p>\n<ul>\n<li>Pague cada pedido usando o pagamento preferido de sua escolha<\/li>\n<li>Coloque dinheiro em sua conta e use-o para <a href=\"https:\/\/onlinelotto365.com\/pt-pt\/comprar-bilhetes\"> comprar os ingressos que deseja <\/a><\/li>\n<\/ul>\n<p>Certifique-se de depositar mais do que o valor necess\u00e1rio para seus ingressos se decidir adicionar dinheiro diretamente em sua conta.<\/p>\n<h2>Mais informa\u00e7\u00f5es sobre a loteria do Reino Unido<\/h2>\n<ul>\n<li>Pa\u00eds: Reino Unido<\/li>\n<li>Faixa de n\u00fameros principais: 59<\/li>\n<li>Voc\u00ea escolhe: 6<\/li>\n<li>Intervalo de n\u00fameros extras:<\/li>\n<li>Voc\u00ea escolhe:<\/li>\n<li>Dias e horas do sorteio: quarta-feira, s\u00e1bado, 19:30 UTC, 19:30 CET<\/li>\n<li>Jackpot m\u00ednimo: GBP 2,5 milh\u00f5es<\/li>\n<li>Jackpot m\u00e1ximo: GBP 22 milh\u00f5es<\/li>\n<li>Probabilidade de ganhar o jackpot: 1 em 45057474<\/li>\n<li>Probabilidade de vit\u00f3ria de n\u00edvel 2: 1 em 7509579<\/li>\n<li>Probabilidade de vencer em qualquer n\u00edvel: 1 em 9,27<\/li>\n<li>N\u00famero de categorias de pr\u00eamios: 6<\/li>\n<\/ul>\n<h2>Vantagens de comprar bilhetes da loteria do Reino Unido online<\/h2>\n<ul>\n<li>Obtenha os ingressos que deseja sem sair de casa <img loading=\"lazy\" decoding=\"async\" class=\"alignright size-medium wp-image-3655\" src=\"https:\/\/onlinelotto365.com\/wp-content\/uploads\/2020\/11\/online_lottery-59-300x182.jpg\" alt=\"play uk lottery online\" width=\"300\" height=\"182\" srcset=\"https:\/\/onlinelotto365.com\/wp-content\/uploads\/2020\/11\/online_lottery-59-300x182.jpg 300w, https:\/\/onlinelotto365.com\/wp-content\/uploads\/2020\/11\/online_lottery-59.jpg 320w\" sizes=\"auto, (max-width: 300px) 100vw, 300px\" \/><\/li>\n<li>Escolha entre uma <a href=\"https:\/\/onlinelotto365.com\/pt-pt\/news\/quais-loterias-e-paises-cobram-impostos-sobre-os-ganhos\"> grande variedade de diferentes jogos de loteria <\/a><\/li>\n<li>Obtenha as <a href=\"https:\/\/onlinelotto365.com\/pt-pt\/news\/use-a-estrategia-para-selecionar-seus-numeros-para-a-loteria\"> melhores chances de um grande jackpot <\/a> por escolher entre jogos diferentes<\/li>\n<li>Adicione dinheiro diretamente \u00e0 sua conta de pagamento para pagar as passagens<\/li>\n<li>N\u00e3o se preocupe em perder seus ingressos de novo<\/li>\n<li>Notifica\u00e7\u00f5es enviadas diretamente para voc\u00ea para vit\u00f3rias<\/li>\n<li>Op\u00e7\u00f5es f\u00e1ceis de escolha se voc\u00ea n\u00e3o quiser escolher seus pr\u00f3prios n\u00fameros<\/li>\n<\/ul>\n<h2>\u00c9 legal comprar bilhetes da loteria do Reino Unido online?<\/h2>\n<p>N\u00e3o h\u00e1 preocupa\u00e7\u00e3o com a legalidade de comprar bilhetes da loteria do Reino Unido on-line do Brasil ou da forma mais tradicional. Voc\u00ea pode ter certeza de que n\u00e3o importa o que voc\u00ea vai conseguir seus ingressos e voc\u00ea n\u00e3o ter\u00e1 que se preocupar at\u00e9 mesmo em ganhar um jackpot.<\/p>\n<p>N\u00f3s cuidaremos para que voc\u00ea receba o dinheiro sem ter que se preocupar se o servi\u00e7o \u00e9 legal de acordo com seu pa\u00eds de resid\u00eancia. Certifique-se de que voc\u00ea tem 18 anos ou mais para comprar ingressos conosco<\/p>\n<h2>Como recebo o pagamento se ganhar na loteria do Reino Unido online?<\/h2>\n<p>Sabemos que receber o pagamento \u00e9 uma das partes mais importantes para voc\u00ea e \u00e9 por isso que queremos <strong> garantir que o processo de pagamento seja o mais simples poss\u00edvel <\/strong>. Tamb\u00e9m n\u00e3o cobramos nenhuma comiss\u00e3o de seus ganhos, para que voc\u00ea receba cada peda\u00e7o do que ganhou. A \u00fanica vez em que cobramos taxas \u00e9 se voc\u00ea solicitar uma transfer\u00eancia banc\u00e1ria e o banco nos cobrar uma taxa. Esse montante pode ser repassado a voc\u00ea.<br \/>\nCaso contr\u00e1rio, basta dar uma olhada no que acontece com seus pagamentos aqui:<\/p>\n<ul>\n<li>Pagamentos inferiores a 2500 \u20ac ser\u00e3o automaticamente transferidos para a sua conta. Voc\u00ea n\u00e3o tem que fazer nada<\/li>\n<li>Pagamentos superiores a 2500 \u20ac requerem um formul\u00e1rio de reclama\u00e7\u00e3o que pode ser submetido \u00e0 comiss\u00e3o de lotaria. Isso ser\u00e1 enviado a voc\u00ea por nossa equipe de suporte e permitir\u00e1 que voc\u00ea opte pelo envio de seu dinheiro por cheque ou transfer\u00eancia banc\u00e1ria<\/li>\n<\/ul>\n","protected":false},"excerpt":{"rendered":"<p>Se voc\u00ea deseja comprar seus bilhetes de loteria para a Loteria do Reino Unido no Brasil , n\u00e3o precisa se preocupar, pois temos todo o processo planejado para voc\u00ea de forma r\u00e1pida e f\u00e1cil. Voc\u00ea s\u00f3 precisa dar uma olhada nas etapas simples abaixo e voc\u00ea estar\u00e1 pronto em um piscar de olhos. V\u00e1 para [&hellip;]<\/p>\n","protected":false},"author":1,"featured_media":0,"parent":4636,"menu_order":9,"comment_status":"closed","ping_status":"closed","template":"lotto-uk-info.php","meta":{"_et_pb_use_builder":"","_et_pb_old_content":"","_et_gb_content_width":"","exclude_from_search":false,"footnotes":""},"class_list":["post-11984","page","type-page","status-publish","hentry"],"yoast_head":"<!-- This site is optimized with the Yoast SEO plugin v23.4 - https:\/\/yoast.com\/wordpress\/plugins\/seo\/ -->\n<title>Comprar bilhetes para a Lotaria do Reino Unido on-line do Brasil | Informa\u00e7\u00f5es sobre a Lotaria do Reino Unido, como comprar bilhetes<\/title>\n<meta name=\"description\" content=\"Tornamos poss\u00edvel aos jogadores de lotaria do Brasil comprar bilhetes para a Lotaria do Reino Unido\" \/>\n<meta name=\"robots\" content=\"index, follow, max-snippet:-1, max-image-preview:large, max-video-preview:-1\" \/>\n<link rel=\"canonical\" href=\"https:\/\/onlinelotto365.com\/pt-pt\/comprar-bilhetes\/uk-lottery\/\" \/>\n<meta property=\"og:locale\" content=\"pt_PT\" \/>\n<meta property=\"og:type\" content=\"article\" \/>\n<meta property=\"og:title\" content=\"Comprar bilhetes para a Lotaria do Reino Unido on-line do Brasil | Informa\u00e7\u00f5es sobre a Lotaria do Reino Unido, como comprar bilhetes\" \/>\n<meta property=\"og:description\" content=\"Tornamos poss\u00edvel aos jogadores de lotaria do Brasil comprar bilhetes para a Lotaria do Reino Unido\" \/>\n<meta property=\"og:url\" content=\"https:\/\/onlinelotto365.com\/pt-pt\/comprar-bilhetes\/uk-lottery\/\" \/>\n<meta property=\"og:site_name\" content=\"OnlineLotto365\" \/>\n<meta property=\"article:modified_time\" content=\"2021-01-06T13:55:40+00:00\" \/>\n<meta property=\"og:image\" content=\"https:\/\/onlinelotto365.com\/wp-content\/uploads\/2020\/11\/online_lottery-59-300x182.jpg\" \/>\n<meta name=\"twitter:card\" content=\"summary_large_image\" \/>\n<meta name=\"twitter:label1\" content=\"Tempo estimado de leitura\" \/>\n\t<meta name=\"twitter:data1\" content=\"4 minutos\" \/>\n<script type=\"application\/ld+json\" class=\"yoast-schema-graph\">{\"@context\":\"https:\/\/schema.org\",\"@graph\":[{\"@type\":\"WebPage\",\"@id\":\"https:\/\/onlinelotto365.com\/pt-pt\/comprar-bilhetes\/uk-lottery\/\",\"url\":\"https:\/\/onlinelotto365.com\/pt-pt\/comprar-bilhetes\/uk-lottery\/\",\"name\":\"Comprar bilhetes para a Lotaria do Reino Unido on-line do Brasil | Informa\u00e7\u00f5es sobre a Lotaria do Reino Unido, como comprar bilhetes\",\"isPartOf\":{\"@id\":\"https:\/\/onlinelotto365.com\/pt-pt\/#website\"},\"primaryImageOfPage\":{\"@id\":\"https:\/\/onlinelotto365.com\/pt-pt\/comprar-bilhetes\/uk-lottery\/#primaryimage\"},\"image\":{\"@id\":\"https:\/\/onlinelotto365.com\/pt-pt\/comprar-bilhetes\/uk-lottery\/#primaryimage\"},\"thumbnailUrl\":\"https:\/\/onlinelotto365.com\/wp-content\/uploads\/2020\/11\/online_lottery-59-300x182.jpg\",\"datePublished\":\"2020-12-21T09:12:15+00:00\",\"dateModified\":\"2021-01-06T13:55:40+00:00\",\"description\":\"Tornamos poss\u00edvel aos jogadores de lotaria do Brasil comprar bilhetes para a Lotaria do Reino Unido\",\"breadcrumb\":{\"@id\":\"https:\/\/onlinelotto365.com\/pt-pt\/comprar-bilhetes\/uk-lottery\/#breadcrumb\"},\"inLanguage\":\"pt-PT\",\"potentialAction\":[{\"@type\":\"ReadAction\",\"target\":[\"https:\/\/onlinelotto365.com\/pt-pt\/comprar-bilhetes\/uk-lottery\/\"]}]},{\"@type\":\"ImageObject\",\"inLanguage\":\"pt-PT\",\"@id\":\"https:\/\/onlinelotto365.com\/pt-pt\/comprar-bilhetes\/uk-lottery\/#primaryimage\",\"url\":\"https:\/\/onlinelotto365.com\/wp-content\/uploads\/2020\/11\/online_lottery-59-300x182.jpg\",\"contentUrl\":\"https:\/\/onlinelotto365.com\/wp-content\/uploads\/2020\/11\/online_lottery-59-300x182.jpg\"},{\"@type\":\"BreadcrumbList\",\"@id\":\"https:\/\/onlinelotto365.com\/pt-pt\/comprar-bilhetes\/uk-lottery\/#breadcrumb\",\"itemListElement\":[{\"@type\":\"ListItem\",\"position\":1,\"name\":\"Home\",\"item\":\"https:\/\/onlinelotto365.com\/pt-pt\/\"},{\"@type\":\"ListItem\",\"position\":2,\"name\":\"Porque \u00e9 que faz mais sentido comprar bilhetes de lotaria online\",\"item\":\"https:\/\/onlinelotto365.com\/pt-pt\/buy-tickets\/\"},{\"@type\":\"ListItem\",\"position\":3,\"name\":\"Como comprar bilhetes da Lotaria do Reino Unido on-line\"}]},{\"@type\":\"WebSite\",\"@id\":\"https:\/\/onlinelotto365.com\/pt-pt\/#website\",\"url\":\"https:\/\/onlinelotto365.com\/pt-pt\/\",\"name\":\"OnlineLotto365\",\"description\":\"\",\"potentialAction\":[{\"@type\":\"SearchAction\",\"target\":{\"@type\":\"EntryPoint\",\"urlTemplate\":\"https:\/\/onlinelotto365.com\/pt-pt\/?s={search_term_string}\"},\"query-input\":{\"@type\":\"PropertyValueSpecification\",\"valueRequired\":true,\"valueName\":\"search_term_string\"}}],\"inLanguage\":\"pt-PT\"}]}<\/script>\n<!-- \/ Yoast SEO plugin. -->","yoast_head_json":{"title":"Comprar bilhetes para a Lotaria do Reino Unido on-line do Brasil | Informa\u00e7\u00f5es sobre a Lotaria do Reino Unido, como comprar bilhetes","description":"Tornamos poss\u00edvel aos jogadores de lotaria do Brasil comprar bilhetes para a Lotaria do Reino Unido","robots":{"index":"index","follow":"follow","max-snippet":"max-snippet:-1","max-image-preview":"max-image-preview:large","max-video-preview":"max-video-preview:-1"},"canonical":"https:\/\/onlinelotto365.com\/pt-pt\/comprar-bilhetes\/uk-lottery\/","og_locale":"pt_PT","og_type":"article","og_title":"Comprar bilhetes para a Lotaria do Reino Unido on-line do Brasil | Informa\u00e7\u00f5es sobre a Lotaria do Reino Unido, como comprar bilhetes","og_description":"Tornamos poss\u00edvel aos jogadores de lotaria do Brasil comprar bilhetes para a Lotaria do Reino Unido","og_url":"https:\/\/onlinelotto365.com\/pt-pt\/comprar-bilhetes\/uk-lottery\/","og_site_name":"OnlineLotto365","article_modified_time":"2021-01-06T13:55:40+00:00","og_image":[{"url":"https:\/\/onlinelotto365.com\/wp-content\/uploads\/2020\/11\/online_lottery-59-300x182.jpg"}],"twitter_card":"summary_large_image","twitter_misc":{"Tempo estimado de leitura":"4 minutos"},"schema":{"@context":"https:\/\/schema.org","@graph":[{"@type":"WebPage","@id":"https:\/\/onlinelotto365.com\/pt-pt\/comprar-bilhetes\/uk-lottery\/","url":"https:\/\/onlinelotto365.com\/pt-pt\/comprar-bilhetes\/uk-lottery\/","name":"Comprar bilhetes para a Lotaria do Reino Unido on-line do Brasil | Informa\u00e7\u00f5es sobre a Lotaria do Reino Unido, como comprar bilhetes","isPartOf":{"@id":"https:\/\/onlinelotto365.com\/pt-pt\/#website"},"primaryImageOfPage":{"@id":"https:\/\/onlinelotto365.com\/pt-pt\/comprar-bilhetes\/uk-lottery\/#primaryimage"},"image":{"@id":"https:\/\/onlinelotto365.com\/pt-pt\/comprar-bilhetes\/uk-lottery\/#primaryimage"},"thumbnailUrl":"https:\/\/onlinelotto365.com\/wp-content\/uploads\/2020\/11\/online_lottery-59-300x182.jpg","datePublished":"2020-12-21T09:12:15+00:00","dateModified":"2021-01-06T13:55:40+00:00","description":"Tornamos poss\u00edvel aos jogadores de lotaria do Brasil comprar bilhetes para a Lotaria do Reino Unido","breadcrumb":{"@id":"https:\/\/onlinelotto365.com\/pt-pt\/comprar-bilhetes\/uk-lottery\/#breadcrumb"},"inLanguage":"pt-PT","potentialAction":[{"@type":"ReadAction","target":["https:\/\/onlinelotto365.com\/pt-pt\/comprar-bilhetes\/uk-lottery\/"]}]},{"@type":"ImageObject","inLanguage":"pt-PT","@id":"https:\/\/onlinelotto365.com\/pt-pt\/comprar-bilhetes\/uk-lottery\/#primaryimage","url":"https:\/\/onlinelotto365.com\/wp-content\/uploads\/2020\/11\/online_lottery-59-300x182.jpg","contentUrl":"https:\/\/onlinelotto365.com\/wp-content\/uploads\/2020\/11\/online_lottery-59-300x182.jpg"},{"@type":"BreadcrumbList","@id":"https:\/\/onlinelotto365.com\/pt-pt\/comprar-bilhetes\/uk-lottery\/#breadcrumb","itemListElement":[{"@type":"ListItem","position":1,"name":"Home","item":"https:\/\/onlinelotto365.com\/pt-pt\/"},{"@type":"ListItem","position":2,"name":"Porque \u00e9 que faz mais sentido comprar bilhetes de lotaria online","item":"https:\/\/onlinelotto365.com\/pt-pt\/buy-tickets\/"},{"@type":"ListItem","position":3,"name":"Como comprar bilhetes da Lotaria do Reino Unido on-line"}]},{"@type":"WebSite","@id":"https:\/\/onlinelotto365.com\/pt-pt\/#website","url":"https:\/\/onlinelotto365.com\/pt-pt\/","name":"OnlineLotto365","description":"","potentialAction":[{"@type":"SearchAction","target":{"@type":"EntryPoint","urlTemplate":"https:\/\/onlinelotto365.com\/pt-pt\/?s={search_term_string}"},"query-input":{"@type":"PropertyValueSpecification","valueRequired":true,"valueName":"search_term_string"}}],"inLanguage":"pt-PT"}]}},"_links":{"self":[{"href":"https:\/\/onlinelotto365.com\/pt-pt\/wp-json\/wp\/v2\/pages\/11984","targetHints":{"allow":["GET"]}}],"collection":[{"href":"https:\/\/onlinelotto365.com\/pt-pt\/wp-json\/wp\/v2\/pages"}],"about":[{"href":"https:\/\/onlinelotto365.com\/pt-pt\/wp-json\/wp\/v2\/types\/page"}],"author":[{"embeddable":true,"href":"https:\/\/onlinelotto365.com\/pt-pt\/wp-json\/wp\/v2\/users\/1"}],"replies":[{"embeddable":true,"href":"https:\/\/onlinelotto365.com\/pt-pt\/wp-json\/wp\/v2\/comments?post=11984"}],"version-history":[{"count":0,"href":"https:\/\/onlinelotto365.com\/pt-pt\/wp-json\/wp\/v2\/pages\/11984\/revisions"}],"up":[{"embeddable":true,"href":"https:\/\/onlinelotto365.com\/pt-pt\/wp-json\/wp\/v2\/pages\/4636"}],"wp:attachment":[{"href":"https:\/\/onlinelotto365.com\/pt-pt\/wp-json\/wp\/v2\/media?parent=11984"}],"curies":[{"name":"wp","href":"https:\/\/api.w.org\/{rel}","templated":true}]}}