{"id":11988,"date":"2020-12-21T10:14:16","date_gmt":"2020-12-21T09:14:16","guid":{"rendered":"http:\/\/onlinelotto365.net\/?page_id=11988"},"modified":"2021-01-06T14:28:17","modified_gmt":"2021-01-06T13:28:17","slug":"german-lotto","status":"publish","type":"page","link":"https:\/\/onlinelotto365.com\/pt-pt\/comprar-bilhetes\/german-lotto\/","title":{"rendered":"Como comprar bilhetes online para a loto alem\u00e3"},"content":{"rendered":"<p>Voc\u00ea <strong> n\u00e3o tem certeza de como comprar bilhetes da Loteria Alem\u00e3 online? <\/strong> Bem, ent\u00e3o voc\u00ea veio ao lugar certo porque vamos gui\u00e1-lo atrav\u00e9s do processo super simples para come\u00e7ar a querer esses bilhetes ingressos enquanto estiver no Brasil para esperar o sorteio para ver se voc\u00ea ganhou algo grande.<\/p>\n<ul>\n<li>V\u00e1 para a p\u00e1gina da web do jogo de loteria que deseja jogar e escolha o n\u00famero de bilhetes que deseja e os n\u00fameros que deseja jogar<\/li>\n<li><a href=\"https:\/\/onlinelotto365.com\/pt-pt\/comprar-bilhetes\"> Compre quantos ingressos quiser <\/a> para este jogo e quaisquer outros<\/li>\n<li>Clique no bot\u00e3o para pagar agora<\/li>\n<li>Fa\u00e7a login em sua conta atual para processar seu pagamento ou crie uma nova conta e conclua o processo de registro<\/li>\n<li>Aqueles que precisam criar uma conta tamb\u00e9m precisar\u00e3o verific\u00e1-la em sua conta de e-mail<\/li>\n<li>Certifique-se de olhar sua caixa de entrada, bem como sua pasta de spam para ver se o e-mail foi enviado para l\u00e1 e clique no link<\/li>\n<li>Depois de verificar sua conta, v\u00e1 para o carrinho de compras para comprar seus itens<\/li>\n<li>Siga o processo de pagamento de acordo com as instru\u00e7\u00f5es fornecidas<\/li>\n<\/ul>\n<p><a href=\"https:\/\/redfoxlotto.com\/pt\/lotto-6aus49\/?ref=a8564250a2&amp;medium=ol365\" target=\"_blank\" rel=\"noopener noreferrer\"> <img decoding=\"async\" class=\"aligncenter\" src=\" https:\/\/redfoxlotto.com\/image?size=8&amp;lottery=lotto-6aus49 \" alt=\" German Lotto 6aus49 \" \/> <\/a><\/p>\n<h2>Como pagar online pelo seu bilhete da Loteria Alem\u00e3<\/h2>\n<p>Voc\u00ea pode escolher entre v\u00e1rias op\u00e7\u00f5es de pagamento totalmente seguras na hora de pagar suas passagens.<br \/>\nCada uma dessas op\u00e7\u00f5es se enquadra em uma de duas categorias diferentes:<\/p>\n<ul>\n<li>Pague seus ingressos enviando uma forma de pagamento no momento da compra<\/li>\n<li>Pague pelos seus bilhetes adicionando dinheiro \u00e0 sua conta de jogador e usando-o para fazer a compra<\/li>\n<\/ul>\n<p>Certifique-se de que, se estiver adicionando dinheiro em sua conta, voc\u00ea adicione o suficiente para mais do que cobrir o custo de sua transa\u00e7\u00e3o atual, de forma que ela seja aprovada.<\/p>\n<h2>Mais informa\u00e7\u00f5es sobre a Loteria Alem\u00e3<\/h2>\n<ul>\n<li>Pa\u00eds: Alemanha <img decoding=\"async\" class=\"alignright wp-image-3633\" src=\"https:\/\/onlinelotto365.com\/wp-content\/uploads\/2020\/11\/online_lottery-41-300x102.jpg\" alt=\" loteria alem\u00e3 online uk \" width=\" 376 \" height=\" 128 \" srcset=\"https:\/\/onlinelotto365.com\/wp-content\/uploads\/2020\/11\/online_lottery-41-300x102.jpg 300w, https:\/\/onlinelotto365.com\/wp-content\/uploads\/2020\/11\/online_lottery-41.jpg 593w\" sizes=\"(max-width: 300px) 100vw, 300px\" \/><\/li>\n<li>Faixa de n\u00fameros principais: 49<\/li>\n<li>Voc\u00ea escolhe: 6<\/li>\n<li>O n\u00famero extra ser\u00e1 escolhido automaticamente para voc\u00ea<\/li>\n<li>Dias e horas do sorteio: s\u00e1bado, 20:25 CET, 20:25 CET<\/li>\n<li>Jackpot m\u00ednimo: \u20ac 1 milh\u00e3o<\/li>\n<li>Jackpot m\u00e1ximo: ap\u00f3s 12 sorteios<\/li>\n<li>Probabilidade de ganhar o jackpot: 1 em 125854344<\/li>\n<li>Probabilidade de vit\u00f3ria de n\u00edvel 2: 1 em 13983816<\/li>\n<li>Probabilidade de vencer em qualquer n\u00edvel: 1 em 31<\/li>\n<li>N\u00famero de categorias de pr\u00eamios: 9<\/li>\n<\/ul>\n<h2>Vantagens de comprar bilhetes da Loteria Alem\u00e3 online<\/h2>\n<ul>\n<li>Compre ingressos no seu lugar confort\u00e1vel em casa<\/li>\n<li>Obtenha todos os tipos de jogos de loteria que voc\u00ea deseja<\/li>\n<li>Obtenha <a href=\"https:\/\/onlinelotto365.com\/pt-pt\/news\/as-melhores-lotarias-do-mundo\"> melhores chances nos melhores jackpots <\/a> ao escolher seus jogos da maneira certa<\/li>\n<li>Obtenha op\u00e7\u00f5es de pagamento f\u00e1ceis adicionando dinheiro diretamente na sua conta de jogador para comprar<\/li>\n<li>Facilite o armazenamento de todos os seus bilhetes de loteria<\/li>\n<li>Receba uma notifica\u00e7\u00e3o instant\u00e2nea para vit\u00f3rias<\/li>\n<li>Obtenha op\u00e7\u00f5es f\u00e1ceis de escolha para que voc\u00ea n\u00e3o precise escolher os n\u00fameros<\/li>\n<\/ul>\n<h2>\u00c9 legal comprar bilhetes da Loteria Alem\u00e3 online?<\/h2>\n<p>Se voc\u00ea est\u00e1 preocupado em comprar passagens online porque est\u00e1 no Brasil e n\u00e3o conhece as regras, n\u00e3o precisa se preocupar. Podemos ajud\u00e1-lo a eliminar algumas das preocupa\u00e7\u00f5es porque nos certificamos de que todos os regulamentos s\u00e3o seguidos para o pa\u00eds de origem da loteria.<br \/>\nIsso ajuda voc\u00ea a se sentir mais confiante e garante que todo o dinheiro que voc\u00ea ganhar ir\u00e1 diretamente para voc\u00ea.<br \/>\nA \u00fanica regra \u00e9 que voc\u00ea precisa ter 18 anos ou mais para jogar.<\/p>\n<h2>Como recebo o pagamento se ganhar na Loteria Alem\u00e3 online?<\/h2>\n<p>Quando se trata de obter seus ganhos, j\u00e1 sabemos que voc\u00ea n\u00e3o quer se sacrificar. Voc\u00ea deseja obter todo o dinheiro a que tem direito e podemos ajud\u00e1-lo com isso. Na verdade, podemos ajud\u00e1-lo a come\u00e7ar imediatamente, porque n\u00e3o cobraremos comiss\u00e3o de seus ganhos.<\/p>\n<p>Tamb\u00e9m n\u00e3o cobramos nenhuma taxa. Isso \u00e9 correto, a menos que voc\u00ea opte por ter seu dinheiro transferido para seu banco, n\u00e3o cobraremos uma taxa por nada que fizermos. Se voc\u00ea escolher uma transfer\u00eancia eletr\u00f4nica, cobramos uma taxa porque o seu banco cobra uma taxa.<\/p>\n<p><strong> O que acontece quando voc\u00ea ganha: <\/strong><\/p>\n<ul>\n<li>Para aqueles que ganham menos de \u20ac 2500, voc\u00ea n\u00e3o precisa fazer nada. Cuidamos de tudo colocando o dinheiro na sua conta.<\/li>\n<li>Para aqueles que ganham mais de \u20ac 2500, voc\u00ea receber\u00e1 um formul\u00e1rio de reivindica\u00e7\u00e3o da nossa equipe de suporte. Esse formul\u00e1rio permitir\u00e1 que voc\u00ea decida se deseja ser pago em cheque ou por transfer\u00eancia banc\u00e1ria. Ent\u00e3o, voc\u00ea pode apenas sentar e esperar o dinheiro chegar em alguns dias<\/li>\n<\/ul>\n","protected":false},"excerpt":{"rendered":"<p>Voc\u00ea n\u00e3o tem certeza de como comprar bilhetes da Loteria Alem\u00e3 online? Bem, ent\u00e3o voc\u00ea veio ao lugar certo porque vamos gui\u00e1-lo atrav\u00e9s do processo super simples para come\u00e7ar a querer esses bilhetes ingressos enquanto estiver no Brasil para esperar o sorteio para ver se voc\u00ea ganhou algo grande. V\u00e1 para a p\u00e1gina da web [&hellip;]<\/p>\n","protected":false},"author":1,"featured_media":0,"parent":4636,"menu_order":11,"comment_status":"closed","ping_status":"closed","template":"lotto-german-info.php","meta":{"_et_pb_use_builder":"","_et_pb_old_content":"","_et_gb_content_width":"","exclude_from_search":false,"footnotes":""},"class_list":["post-11988","page","type-page","status-publish","hentry"],"yoast_head":"<!-- This site is optimized with the Yoast SEO plugin v23.4 - https:\/\/yoast.com\/wordpress\/plugins\/seo\/ -->\n<title>Agora compre bilhetes da Lotto alem\u00e3 online a partir do Brasil<\/title>\n<meta name=\"description\" content=\"Se vive no Brasil, ainda pode comprar bilhetes de lotaria alem\u00e3 online\" \/>\n<meta name=\"robots\" content=\"index, follow, max-snippet:-1, max-image-preview:large, max-video-preview:-1\" \/>\n<link rel=\"canonical\" href=\"https:\/\/onlinelotto365.com\/pt-pt\/comprar-bilhetes\/german-lotto\/\" \/>\n<meta property=\"og:locale\" content=\"pt_PT\" \/>\n<meta property=\"og:type\" content=\"article\" \/>\n<meta property=\"og:title\" content=\"Agora compre bilhetes da Lotto alem\u00e3 online a partir do Brasil\" \/>\n<meta property=\"og:description\" content=\"Se vive no Brasil, ainda pode comprar bilhetes de lotaria alem\u00e3 online\" \/>\n<meta property=\"og:url\" content=\"https:\/\/onlinelotto365.com\/pt-pt\/comprar-bilhetes\/german-lotto\/\" \/>\n<meta property=\"og:site_name\" content=\"OnlineLotto365\" \/>\n<meta property=\"article:modified_time\" content=\"2021-01-06T13:28:17+00:00\" \/>\n<meta property=\"og:image\" content=\"https:\/\/onlinelotto365.com\/wp-content\/uploads\/2020\/11\/online_lottery-41-300x102.jpg\" \/>\n<meta name=\"twitter:card\" content=\"summary_large_image\" \/>\n<meta name=\"twitter:label1\" content=\"Tempo estimado de leitura\" \/>\n\t<meta name=\"twitter:data1\" content=\"4 minutos\" \/>\n<script type=\"application\/ld+json\" class=\"yoast-schema-graph\">{\"@context\":\"https:\/\/schema.org\",\"@graph\":[{\"@type\":\"WebPage\",\"@id\":\"https:\/\/onlinelotto365.com\/pt-pt\/comprar-bilhetes\/german-lotto\/\",\"url\":\"https:\/\/onlinelotto365.com\/pt-pt\/comprar-bilhetes\/german-lotto\/\",\"name\":\"Agora compre bilhetes da Lotto alem\u00e3 online a partir do Brasil\",\"isPartOf\":{\"@id\":\"https:\/\/onlinelotto365.com\/pt-pt\/#website\"},\"primaryImageOfPage\":{\"@id\":\"https:\/\/onlinelotto365.com\/pt-pt\/comprar-bilhetes\/german-lotto\/#primaryimage\"},\"image\":{\"@id\":\"https:\/\/onlinelotto365.com\/pt-pt\/comprar-bilhetes\/german-lotto\/#primaryimage\"},\"thumbnailUrl\":\"https:\/\/onlinelotto365.com\/wp-content\/uploads\/2020\/11\/online_lottery-41-300x102.jpg\",\"datePublished\":\"2020-12-21T09:14:16+00:00\",\"dateModified\":\"2021-01-06T13:28:17+00:00\",\"description\":\"Se vive no Brasil, ainda pode comprar bilhetes de lotaria alem\u00e3 online\",\"breadcrumb\":{\"@id\":\"https:\/\/onlinelotto365.com\/pt-pt\/comprar-bilhetes\/german-lotto\/#breadcrumb\"},\"inLanguage\":\"pt-PT\",\"potentialAction\":[{\"@type\":\"ReadAction\",\"target\":[\"https:\/\/onlinelotto365.com\/pt-pt\/comprar-bilhetes\/german-lotto\/\"]}]},{\"@type\":\"ImageObject\",\"inLanguage\":\"pt-PT\",\"@id\":\"https:\/\/onlinelotto365.com\/pt-pt\/comprar-bilhetes\/german-lotto\/#primaryimage\",\"url\":\"https:\/\/onlinelotto365.com\/wp-content\/uploads\/2020\/11\/online_lottery-41-300x102.jpg\",\"contentUrl\":\"https:\/\/onlinelotto365.com\/wp-content\/uploads\/2020\/11\/online_lottery-41-300x102.jpg\"},{\"@type\":\"BreadcrumbList\",\"@id\":\"https:\/\/onlinelotto365.com\/pt-pt\/comprar-bilhetes\/german-lotto\/#breadcrumb\",\"itemListElement\":[{\"@type\":\"ListItem\",\"position\":1,\"name\":\"Home\",\"item\":\"https:\/\/onlinelotto365.com\/pt-pt\/\"},{\"@type\":\"ListItem\",\"position\":2,\"name\":\"Porque \u00e9 que faz mais sentido comprar bilhetes de lotaria online\",\"item\":\"https:\/\/onlinelotto365.com\/pt-pt\/buy-tickets\/\"},{\"@type\":\"ListItem\",\"position\":3,\"name\":\"Como comprar bilhetes online para a loto alem\u00e3\"}]},{\"@type\":\"WebSite\",\"@id\":\"https:\/\/onlinelotto365.com\/pt-pt\/#website\",\"url\":\"https:\/\/onlinelotto365.com\/pt-pt\/\",\"name\":\"OnlineLotto365\",\"description\":\"\",\"potentialAction\":[{\"@type\":\"SearchAction\",\"target\":{\"@type\":\"EntryPoint\",\"urlTemplate\":\"https:\/\/onlinelotto365.com\/pt-pt\/?s={search_term_string}\"},\"query-input\":{\"@type\":\"PropertyValueSpecification\",\"valueRequired\":true,\"valueName\":\"search_term_string\"}}],\"inLanguage\":\"pt-PT\"}]}<\/script>\n<!-- \/ Yoast SEO plugin. -->","yoast_head_json":{"title":"Agora compre bilhetes da Lotto alem\u00e3 online a partir do Brasil","description":"Se vive no Brasil, ainda pode comprar bilhetes de lotaria alem\u00e3 online","robots":{"index":"index","follow":"follow","max-snippet":"max-snippet:-1","max-image-preview":"max-image-preview:large","max-video-preview":"max-video-preview:-1"},"canonical":"https:\/\/onlinelotto365.com\/pt-pt\/comprar-bilhetes\/german-lotto\/","og_locale":"pt_PT","og_type":"article","og_title":"Agora compre bilhetes da Lotto alem\u00e3 online a partir do Brasil","og_description":"Se vive no Brasil, ainda pode comprar bilhetes de lotaria alem\u00e3 online","og_url":"https:\/\/onlinelotto365.com\/pt-pt\/comprar-bilhetes\/german-lotto\/","og_site_name":"OnlineLotto365","article_modified_time":"2021-01-06T13:28:17+00:00","og_image":[{"url":"https:\/\/onlinelotto365.com\/wp-content\/uploads\/2020\/11\/online_lottery-41-300x102.jpg"}],"twitter_card":"summary_large_image","twitter_misc":{"Tempo estimado de leitura":"4 minutos"},"schema":{"@context":"https:\/\/schema.org","@graph":[{"@type":"WebPage","@id":"https:\/\/onlinelotto365.com\/pt-pt\/comprar-bilhetes\/german-lotto\/","url":"https:\/\/onlinelotto365.com\/pt-pt\/comprar-bilhetes\/german-lotto\/","name":"Agora compre bilhetes da Lotto alem\u00e3 online a partir do Brasil","isPartOf":{"@id":"https:\/\/onlinelotto365.com\/pt-pt\/#website"},"primaryImageOfPage":{"@id":"https:\/\/onlinelotto365.com\/pt-pt\/comprar-bilhetes\/german-lotto\/#primaryimage"},"image":{"@id":"https:\/\/onlinelotto365.com\/pt-pt\/comprar-bilhetes\/german-lotto\/#primaryimage"},"thumbnailUrl":"https:\/\/onlinelotto365.com\/wp-content\/uploads\/2020\/11\/online_lottery-41-300x102.jpg","datePublished":"2020-12-21T09:14:16+00:00","dateModified":"2021-01-06T13:28:17+00:00","description":"Se vive no Brasil, ainda pode comprar bilhetes de lotaria alem\u00e3 online","breadcrumb":{"@id":"https:\/\/onlinelotto365.com\/pt-pt\/comprar-bilhetes\/german-lotto\/#breadcrumb"},"inLanguage":"pt-PT","potentialAction":[{"@type":"ReadAction","target":["https:\/\/onlinelotto365.com\/pt-pt\/comprar-bilhetes\/german-lotto\/"]}]},{"@type":"ImageObject","inLanguage":"pt-PT","@id":"https:\/\/onlinelotto365.com\/pt-pt\/comprar-bilhetes\/german-lotto\/#primaryimage","url":"https:\/\/onlinelotto365.com\/wp-content\/uploads\/2020\/11\/online_lottery-41-300x102.jpg","contentUrl":"https:\/\/onlinelotto365.com\/wp-content\/uploads\/2020\/11\/online_lottery-41-300x102.jpg"},{"@type":"BreadcrumbList","@id":"https:\/\/onlinelotto365.com\/pt-pt\/comprar-bilhetes\/german-lotto\/#breadcrumb","itemListElement":[{"@type":"ListItem","position":1,"name":"Home","item":"https:\/\/onlinelotto365.com\/pt-pt\/"},{"@type":"ListItem","position":2,"name":"Porque \u00e9 que faz mais sentido comprar bilhetes de lotaria online","item":"https:\/\/onlinelotto365.com\/pt-pt\/buy-tickets\/"},{"@type":"ListItem","position":3,"name":"Como comprar bilhetes online para a loto alem\u00e3"}]},{"@type":"WebSite","@id":"https:\/\/onlinelotto365.com\/pt-pt\/#website","url":"https:\/\/onlinelotto365.com\/pt-pt\/","name":"OnlineLotto365","description":"","potentialAction":[{"@type":"SearchAction","target":{"@type":"EntryPoint","urlTemplate":"https:\/\/onlinelotto365.com\/pt-pt\/?s={search_term_string}"},"query-input":{"@type":"PropertyValueSpecification","valueRequired":true,"valueName":"search_term_string"}}],"inLanguage":"pt-PT"}]}},"_links":{"self":[{"href":"https:\/\/onlinelotto365.com\/pt-pt\/wp-json\/wp\/v2\/pages\/11988","targetHints":{"allow":["GET"]}}],"collection":[{"href":"https:\/\/onlinelotto365.com\/pt-pt\/wp-json\/wp\/v2\/pages"}],"about":[{"href":"https:\/\/onlinelotto365.com\/pt-pt\/wp-json\/wp\/v2\/types\/page"}],"author":[{"embeddable":true,"href":"https:\/\/onlinelotto365.com\/pt-pt\/wp-json\/wp\/v2\/users\/1"}],"replies":[{"embeddable":true,"href":"https:\/\/onlinelotto365.com\/pt-pt\/wp-json\/wp\/v2\/comments?post=11988"}],"version-history":[{"count":0,"href":"https:\/\/onlinelotto365.com\/pt-pt\/wp-json\/wp\/v2\/pages\/11988\/revisions"}],"up":[{"embeddable":true,"href":"https:\/\/onlinelotto365.com\/pt-pt\/wp-json\/wp\/v2\/pages\/4636"}],"wp:attachment":[{"href":"https:\/\/onlinelotto365.com\/pt-pt\/wp-json\/wp\/v2\/media?parent=11988"}],"curies":[{"name":"wp","href":"https:\/\/api.w.org\/{rel}","templated":true}]}}