{"id":11990,"date":"2020-12-21T10:15:12","date_gmt":"2020-12-21T09:15:12","guid":{"rendered":"http:\/\/onlinelotto365.net\/?page_id=11990"},"modified":"2021-01-10T11:07:00","modified_gmt":"2021-01-10T10:07:00","slug":"mega-sena","status":"publish","type":"page","link":"https:\/\/onlinelotto365.com\/pt-pt\/comprar-bilhetes\/mega-sena\/","title":{"rendered":"Como comprar bilhetes para a Mega-Sena Brasil online"},"content":{"rendered":"<p>Quer saber <strong> como conseguir os ingressos de que precisa para a Mega-Sena <\/strong>, apesar de morar no Portugal ou em qualquer outro pa\u00eds fora do Brasil? Bem, ent\u00e3o voc\u00ea vai querer ler um pouco mais porque podemos ajud\u00e1-lo em todo o processo e garantir que voc\u00ea esteja no caminho certo para <a href=\"https:\/\/onlinelotto365.com\/pt-pt\/comprar-bilhetes\/mega-millions\"> <strong> obtendo os ingressos que deseja para todos e quaisquer jogos <\/strong> <\/a> que deseja jogar.<\/p>\n<ul>\n<li>Tudo o que voc\u00ea precisa fazer para come\u00e7ar \u00e9 escolher o jogo que deseja jogar e escolher os n\u00fameros dos ingressos que deseja para esse jogo.<\/li>\n<li>Adicione quantos ingressos quiser para este jogo ou qualquer outro jogo que queira jogar<\/li>\n<li>Clique no bot\u00e3o para iniciar o processo de checkout.<\/li>\n<li>Fa\u00e7a login em sua conta atual ou crie uma nova conta para comprar seus ingressos.<\/li>\n<li>Se voc\u00ea tiver que criar uma nova conta, precisar\u00e1 passar pelo processo de registro. Seu link de verifica\u00e7\u00e3o ser\u00e1 enviado para seu e-mail.<\/li>\n<li>Se o e-mail n\u00e3o aparecer na sua caixa de entrada, verifique a pasta de spam para ter certeza de que foi recebido.<\/li>\n<li>Depois de verificar sua conta, v\u00e1 para o carrinho de compras no site.<\/li>\n<li>Siga as instru\u00e7\u00f5es para pagar seus ingressos usando o m\u00e9todo de pagamento escolhido.<\/li>\n<\/ul>\n<p><a href=\"https:\/\/redfoxlotto.com\/pt\/mega-sena\/?ref=a8564250a2&amp;medium=ol365\" target=\"_blank\" rel=\"noopener noreferrer\"> <img decoding=\"async\" class=\"aligncenter\" src=\" https:\/\/redfoxlotto.com\/image?size=8&amp;lottery=mega-sena \" alt=\" mega-sena \" \/> <\/a><\/p>\n<h2>Como pagar seu ingresso Mega-Sena online<\/h2>\n<p>Pagar pelos seus bilhetes de forma segura \u00e9 importante para voc\u00ea e n\u00f3s tornamos isso o mais f\u00e1cil poss\u00edvel, oferecendo v\u00e1rias op\u00e7\u00f5es de pagamento direto, bem como uma op\u00e7\u00e3o secund\u00e1ria para comprar seus bilhetes. Voc\u00ea apenas tem que come\u00e7ar com um dos dois abaixo.<\/p>\n<ul>\n<li>Pague diretamente usando seu m\u00e9todo de pagamento favorito<\/li>\n<li><a href=\"https:\/\/onlinelotto365.com\/pt-pt\/news\/use-a-estrategia-para-selecionar-seus-numeros-para-a-loteria\"> Adicione dinheiro em sua conta de jogador <\/a> para que voc\u00ea possa comprar ingressos diretamente de a conta.<\/li>\n<\/ul>\n<p>Certifique-se de adicionar um pouco mais \u00e0 sua conta de jogador se for escolher esse m\u00e9todo. Dessa forma, o saldo da sua conta poder\u00e1 pagar pela compra.<\/p>\n<h2>Mais informa\u00e7\u00f5es sobre a Mega-Sena<\/h2>\n<ul>\n<li>Pa\u00eds: Brasil<\/li>\n<li>Faixa de n\u00fameros principais: 60<\/li>\n<li>Voc\u00ea escolhe: 6<\/li>\n<li>Dias e horas do sorteio: quarta-feira, s\u00e1bado, 20:00 GMT -3, 24:00 CET<\/li>\n<li>Jackpot m\u00ednimo: R $ 2 milh\u00f5es<\/li>\n<li>Jackpot m\u00e1ximo: nenhum<\/li>\n<li>Probabilidade de ganhar o jackpot: 1 em 50063860<\/li>\n<li>Probabilidade de vit\u00f3ria de n\u00edvel 2: 1 em 15451809<\/li>\n<li>Probabilidade de vencer em qualquer n\u00edvel: 1 em 2297,56<\/li>\n<li>N\u00famero de categorias de pr\u00eamios: 3<\/li>\n<\/ul>\n<h2>Vantagens de comprar ingressos da Mega-Sena online<\/h2>\n<ul>\n<li>N\u00e3o \u00e9 necess\u00e1rio viajar &#8211; basta comprar as passagens em casa<\/li>\n<li>Escolha um dos <a href=\"https:\/\/onlinelotto365.com\/pt-pt\"> diferentes jogos de loteria <\/a><\/li>\n<li>Obtenha as melhores chances de ganhar jogos com grandes jackpots<\/li>\n<li>Coloque dinheiro diretamente em sua conta para usar em sua compra<\/li>\n<li>Acompanhe seus ingressos facilmente<\/li>\n<li>Receba notifica\u00e7\u00f5es sempre que ganhar em seus ingressos<\/li>\n<li>Use a op\u00e7\u00e3o de escolha r\u00e1pida para obter ingressos sem escolher n\u00fameros<\/li>\n<\/ul>\n<h2>\u00c9 legal comprar ingressos da Mega-Sena online?<\/h2>\n<p><img loading=\"lazy\" decoding=\"async\" class=\"alignright wp-image-3660\" src=\"https:\/\/onlinelotto365.com\/wp-content\/uploads\/2020\/11\/online_lottery-133-300x212.jpg\" alt=\"mega-sena online UK\" width=\"177\" height=\"125\" srcset=\"https:\/\/onlinelotto365.com\/wp-content\/uploads\/2020\/11\/online_lottery-133-300x212.jpg 300w, https:\/\/onlinelotto365.com\/wp-content\/uploads\/2020\/11\/online_lottery-133.jpg 320w\" sizes=\"auto, (max-width: 177px) 100vw, 177px\" \/> Muitas pessoas se preocupam se podem ou n\u00e3o comprar bilhetes da loteria Mega Sena online porque o Portugal \u00e9 seu pa\u00eds de resid\u00eancia. Ou talvez morem em outro pa\u00eds, mas n\u00e3o no Brasil. N\u00f3s o ajudamos a cuidar de algumas das preocupa\u00e7\u00f5es, garantindo que tudo o que fazemos seja baseado nos regulamentos do pa\u00eds que realiza a loteria. Isso torna mais f\u00e1cil para voc\u00ea comprar seus ingressos e se sentir confort\u00e1vel com o processo. Al\u00e9m disso, voc\u00ea tem a garantia de receber todo o dinheiro que ganhar, incluindo o jackpot.<\/p>\n<h2>Como recebo o pagamento se ganhar a Mega-Sena online?<\/h2>\n<p>Quando se trata de fazer pagamentos aos vencedores, fazemos da melhor maneira, dando a voc\u00ea cada centavo. Voc\u00ea n\u00e3o precisa nos pagar uma comiss\u00e3o por qualquer valor que ganhe, seja um pequeno pr\u00eamio ou mesmo um jackpot. Voc\u00ea tamb\u00e9m n\u00e3o precisa nos pagar nenhuma taxa, a menos que escolha uma transfer\u00eancia banc\u00e1ria.<br \/>\nCom todos os outros m\u00e9todos de pagamento, voc\u00ea receber\u00e1 todo o dinheiro que ganhou. Com as transfer\u00eancias banc\u00e1rias, \u00e0s vezes recebemos taxas do banco e essa taxa \u00e9 retirada de seus ganhos durante o processo de transfer\u00eancia.<\/p>\n<p><strong> Quando voc\u00ea ganha, no entanto, deve conhecer o processo que acontece para obter o dinheiro: <\/strong><\/p>\n<ul>\n<li>Qualquer pessoa que ganhe menos de \u20ac 2500 ter\u00e1 o dinheiro depositado diretamente em sua conta, sem ter que fazer nada<\/li>\n<li>Qualquer pessoa que ganhe mais de \u20ac 2500, no entanto, ser\u00e1 solicitado a preencher um formul\u00e1rio de reivindica\u00e7\u00e3o pela nossa equipe de suporte. Isso permitir\u00e1 que voc\u00ea obtenha seu dinheiro em om das duas maneiras. Voc\u00ea pode optar por receber um cheque com o valor total ou fazer uma transfer\u00eancia banc\u00e1ria. De qualquer forma, voc\u00ea ter\u00e1 seu dinheiro transferido para qualquer pa\u00eds, incluindo o Portugal, em alguns dias.<\/li>\n<\/ul>\n","protected":false},"excerpt":{"rendered":"<p>Quer saber como conseguir os ingressos de que precisa para a Mega-Sena , apesar de morar no Portugal ou em qualquer outro pa\u00eds fora do Brasil? Bem, ent\u00e3o voc\u00ea vai querer ler um pouco mais porque podemos ajud\u00e1-lo em todo o processo e garantir que voc\u00ea esteja no caminho certo para obtendo os ingressos que [&hellip;]<\/p>\n","protected":false},"author":1,"featured_media":0,"parent":4636,"menu_order":12,"comment_status":"closed","ping_status":"closed","template":"megasena-info.php","meta":{"_et_pb_use_builder":"","_et_pb_old_content":"","_et_gb_content_width":"","exclude_from_search":false,"footnotes":""},"class_list":["post-11990","page","type-page","status-publish","hentry"],"yoast_head":"<!-- This site is optimized with the Yoast SEO plugin v23.4 - https:\/\/yoast.com\/wordpress\/plugins\/seo\/ -->\n<title>Comprar bilhetes para a Mega-Sena online a partir do Portugal | Sobre a Mega-Sena e como obter bilhetes<\/title>\n<meta name=\"description\" content=\"Esta \u00e9 uma grande lotaria do Brasil - e pode agora comprar bilhetes online do Portugal\" \/>\n<meta name=\"robots\" content=\"index, follow, max-snippet:-1, max-image-preview:large, max-video-preview:-1\" \/>\n<link rel=\"canonical\" href=\"https:\/\/onlinelotto365.com\/pt-pt\/comprar-bilhetes\/mega-sena\/\" \/>\n<meta property=\"og:locale\" content=\"pt_PT\" \/>\n<meta property=\"og:type\" content=\"article\" \/>\n<meta property=\"og:title\" content=\"Comprar bilhetes para a Mega-Sena online a partir do Portugal | Sobre a Mega-Sena e como obter bilhetes\" \/>\n<meta property=\"og:description\" content=\"Esta \u00e9 uma grande lotaria do Brasil - e pode agora comprar bilhetes online do Portugal\" \/>\n<meta property=\"og:url\" content=\"https:\/\/onlinelotto365.com\/pt-pt\/comprar-bilhetes\/mega-sena\/\" \/>\n<meta property=\"og:site_name\" content=\"OnlineLotto365\" \/>\n<meta property=\"article:modified_time\" content=\"2021-01-10T10:07:00+00:00\" \/>\n<meta property=\"og:image\" content=\"https:\/\/onlinelotto365.com\/wp-content\/uploads\/2020\/11\/online_lottery-133-300x212.jpg\" \/>\n<meta name=\"twitter:card\" content=\"summary_large_image\" \/>\n<meta name=\"twitter:label1\" content=\"Tempo estimado de leitura\" \/>\n\t<meta name=\"twitter:data1\" content=\"4 minutos\" \/>\n<script type=\"application\/ld+json\" class=\"yoast-schema-graph\">{\"@context\":\"https:\/\/schema.org\",\"@graph\":[{\"@type\":\"WebPage\",\"@id\":\"https:\/\/onlinelotto365.com\/pt-pt\/comprar-bilhetes\/mega-sena\/\",\"url\":\"https:\/\/onlinelotto365.com\/pt-pt\/comprar-bilhetes\/mega-sena\/\",\"name\":\"Comprar bilhetes para a Mega-Sena online a partir do Portugal | Sobre a Mega-Sena e como obter bilhetes\",\"isPartOf\":{\"@id\":\"https:\/\/onlinelotto365.com\/pt-pt\/#website\"},\"primaryImageOfPage\":{\"@id\":\"https:\/\/onlinelotto365.com\/pt-pt\/comprar-bilhetes\/mega-sena\/#primaryimage\"},\"image\":{\"@id\":\"https:\/\/onlinelotto365.com\/pt-pt\/comprar-bilhetes\/mega-sena\/#primaryimage\"},\"thumbnailUrl\":\"https:\/\/onlinelotto365.com\/wp-content\/uploads\/2020\/11\/online_lottery-133-300x212.jpg\",\"datePublished\":\"2020-12-21T09:15:12+00:00\",\"dateModified\":\"2021-01-10T10:07:00+00:00\",\"description\":\"Esta \u00e9 uma grande lotaria do Brasil - e pode agora comprar bilhetes online do Portugal\",\"breadcrumb\":{\"@id\":\"https:\/\/onlinelotto365.com\/pt-pt\/comprar-bilhetes\/mega-sena\/#breadcrumb\"},\"inLanguage\":\"pt-PT\",\"potentialAction\":[{\"@type\":\"ReadAction\",\"target\":[\"https:\/\/onlinelotto365.com\/pt-pt\/comprar-bilhetes\/mega-sena\/\"]}]},{\"@type\":\"ImageObject\",\"inLanguage\":\"pt-PT\",\"@id\":\"https:\/\/onlinelotto365.com\/pt-pt\/comprar-bilhetes\/mega-sena\/#primaryimage\",\"url\":\"https:\/\/onlinelotto365.com\/wp-content\/uploads\/2020\/11\/online_lottery-133-300x212.jpg\",\"contentUrl\":\"https:\/\/onlinelotto365.com\/wp-content\/uploads\/2020\/11\/online_lottery-133-300x212.jpg\"},{\"@type\":\"BreadcrumbList\",\"@id\":\"https:\/\/onlinelotto365.com\/pt-pt\/comprar-bilhetes\/mega-sena\/#breadcrumb\",\"itemListElement\":[{\"@type\":\"ListItem\",\"position\":1,\"name\":\"Home\",\"item\":\"https:\/\/onlinelotto365.com\/pt-pt\/\"},{\"@type\":\"ListItem\",\"position\":2,\"name\":\"Porque \u00e9 que faz mais sentido comprar bilhetes de lotaria online\",\"item\":\"https:\/\/onlinelotto365.com\/pt-pt\/buy-tickets\/\"},{\"@type\":\"ListItem\",\"position\":3,\"name\":\"Como comprar bilhetes para a Mega-Sena Brasil online\"}]},{\"@type\":\"WebSite\",\"@id\":\"https:\/\/onlinelotto365.com\/pt-pt\/#website\",\"url\":\"https:\/\/onlinelotto365.com\/pt-pt\/\",\"name\":\"OnlineLotto365\",\"description\":\"\",\"potentialAction\":[{\"@type\":\"SearchAction\",\"target\":{\"@type\":\"EntryPoint\",\"urlTemplate\":\"https:\/\/onlinelotto365.com\/pt-pt\/?s={search_term_string}\"},\"query-input\":{\"@type\":\"PropertyValueSpecification\",\"valueRequired\":true,\"valueName\":\"search_term_string\"}}],\"inLanguage\":\"pt-PT\"}]}<\/script>\n<!-- \/ Yoast SEO plugin. -->","yoast_head_json":{"title":"Comprar bilhetes para a Mega-Sena online a partir do Portugal | Sobre a Mega-Sena e como obter bilhetes","description":"Esta \u00e9 uma grande lotaria do Brasil - e pode agora comprar bilhetes online do Portugal","robots":{"index":"index","follow":"follow","max-snippet":"max-snippet:-1","max-image-preview":"max-image-preview:large","max-video-preview":"max-video-preview:-1"},"canonical":"https:\/\/onlinelotto365.com\/pt-pt\/comprar-bilhetes\/mega-sena\/","og_locale":"pt_PT","og_type":"article","og_title":"Comprar bilhetes para a Mega-Sena online a partir do Portugal | Sobre a Mega-Sena e como obter bilhetes","og_description":"Esta \u00e9 uma grande lotaria do Brasil - e pode agora comprar bilhetes online do Portugal","og_url":"https:\/\/onlinelotto365.com\/pt-pt\/comprar-bilhetes\/mega-sena\/","og_site_name":"OnlineLotto365","article_modified_time":"2021-01-10T10:07:00+00:00","og_image":[{"url":"https:\/\/onlinelotto365.com\/wp-content\/uploads\/2020\/11\/online_lottery-133-300x212.jpg"}],"twitter_card":"summary_large_image","twitter_misc":{"Tempo estimado de leitura":"4 minutos"},"schema":{"@context":"https:\/\/schema.org","@graph":[{"@type":"WebPage","@id":"https:\/\/onlinelotto365.com\/pt-pt\/comprar-bilhetes\/mega-sena\/","url":"https:\/\/onlinelotto365.com\/pt-pt\/comprar-bilhetes\/mega-sena\/","name":"Comprar bilhetes para a Mega-Sena online a partir do Portugal | Sobre a Mega-Sena e como obter bilhetes","isPartOf":{"@id":"https:\/\/onlinelotto365.com\/pt-pt\/#website"},"primaryImageOfPage":{"@id":"https:\/\/onlinelotto365.com\/pt-pt\/comprar-bilhetes\/mega-sena\/#primaryimage"},"image":{"@id":"https:\/\/onlinelotto365.com\/pt-pt\/comprar-bilhetes\/mega-sena\/#primaryimage"},"thumbnailUrl":"https:\/\/onlinelotto365.com\/wp-content\/uploads\/2020\/11\/online_lottery-133-300x212.jpg","datePublished":"2020-12-21T09:15:12+00:00","dateModified":"2021-01-10T10:07:00+00:00","description":"Esta \u00e9 uma grande lotaria do Brasil - e pode agora comprar bilhetes online do Portugal","breadcrumb":{"@id":"https:\/\/onlinelotto365.com\/pt-pt\/comprar-bilhetes\/mega-sena\/#breadcrumb"},"inLanguage":"pt-PT","potentialAction":[{"@type":"ReadAction","target":["https:\/\/onlinelotto365.com\/pt-pt\/comprar-bilhetes\/mega-sena\/"]}]},{"@type":"ImageObject","inLanguage":"pt-PT","@id":"https:\/\/onlinelotto365.com\/pt-pt\/comprar-bilhetes\/mega-sena\/#primaryimage","url":"https:\/\/onlinelotto365.com\/wp-content\/uploads\/2020\/11\/online_lottery-133-300x212.jpg","contentUrl":"https:\/\/onlinelotto365.com\/wp-content\/uploads\/2020\/11\/online_lottery-133-300x212.jpg"},{"@type":"BreadcrumbList","@id":"https:\/\/onlinelotto365.com\/pt-pt\/comprar-bilhetes\/mega-sena\/#breadcrumb","itemListElement":[{"@type":"ListItem","position":1,"name":"Home","item":"https:\/\/onlinelotto365.com\/pt-pt\/"},{"@type":"ListItem","position":2,"name":"Porque \u00e9 que faz mais sentido comprar bilhetes de lotaria online","item":"https:\/\/onlinelotto365.com\/pt-pt\/buy-tickets\/"},{"@type":"ListItem","position":3,"name":"Como comprar bilhetes para a Mega-Sena Brasil online"}]},{"@type":"WebSite","@id":"https:\/\/onlinelotto365.com\/pt-pt\/#website","url":"https:\/\/onlinelotto365.com\/pt-pt\/","name":"OnlineLotto365","description":"","potentialAction":[{"@type":"SearchAction","target":{"@type":"EntryPoint","urlTemplate":"https:\/\/onlinelotto365.com\/pt-pt\/?s={search_term_string}"},"query-input":{"@type":"PropertyValueSpecification","valueRequired":true,"valueName":"search_term_string"}}],"inLanguage":"pt-PT"}]}},"_links":{"self":[{"href":"https:\/\/onlinelotto365.com\/pt-pt\/wp-json\/wp\/v2\/pages\/11990","targetHints":{"allow":["GET"]}}],"collection":[{"href":"https:\/\/onlinelotto365.com\/pt-pt\/wp-json\/wp\/v2\/pages"}],"about":[{"href":"https:\/\/onlinelotto365.com\/pt-pt\/wp-json\/wp\/v2\/types\/page"}],"author":[{"embeddable":true,"href":"https:\/\/onlinelotto365.com\/pt-pt\/wp-json\/wp\/v2\/users\/1"}],"replies":[{"embeddable":true,"href":"https:\/\/onlinelotto365.com\/pt-pt\/wp-json\/wp\/v2\/comments?post=11990"}],"version-history":[{"count":0,"href":"https:\/\/onlinelotto365.com\/pt-pt\/wp-json\/wp\/v2\/pages\/11990\/revisions"}],"up":[{"embeddable":true,"href":"https:\/\/onlinelotto365.com\/pt-pt\/wp-json\/wp\/v2\/pages\/4636"}],"wp:attachment":[{"href":"https:\/\/onlinelotto365.com\/pt-pt\/wp-json\/wp\/v2\/media?parent=11990"}],"curies":[{"name":"wp","href":"https:\/\/api.w.org\/{rel}","templated":true}]}}