{"id":11992,"date":"2020-12-21T10:16:12","date_gmt":"2020-12-21T09:16:12","guid":{"rendered":"http:\/\/onlinelotto365.net\/?page_id=11992"},"modified":"2021-01-06T14:29:07","modified_gmt":"2021-01-06T13:29:07","slug":"powerball-australia","status":"publish","type":"page","link":"https:\/\/onlinelotto365.com\/pt-pt\/comprar-bilhetes\/powerball-australia\/","title":{"rendered":"Como comprar bilhetes para Powerball Australia online"},"content":{"rendered":"<p><strong> Quer saber como voc\u00ea pode comprar seus ingressos para a Powerball Austr\u00e1lia online <\/strong>? Bem, n\u00f3s dividimos em algumas etapas simples para <strong> nossos clientes do Brasil e de outros pa\u00edses <\/strong>, ent\u00e3o voc\u00ea pode come\u00e7ar com o processo agora. E voc\u00ea pode fazer isso muito mais r\u00e1pido e f\u00e1cil do que voc\u00ea imagina.<\/p>\n<ul>\n<li>V\u00e1 para a p\u00e1gina Powerball Australia e escolha os ingressos que deseja e os n\u00fameros desses ingressos ou deixe o computador selecionar para voc\u00ea.<\/li>\n<li>Adicione como <a href=\"https:\/\/onlinelotto365.com\/pt-pt\/comprar-bilhetes\"> muitos ingressos e jogos <\/a> ao seu pedido como desejar antes de terminar.<\/li>\n<li>Clique no bot\u00e3o para pagar agora<\/li>\n<li>Crie uma conta em nosso site ou fa\u00e7a login em sua conta atual, se j\u00e1 tiver uma.<\/li>\n<li>Para aqueles que precisam criar uma conta, voc\u00ea precisar\u00e1 registr\u00e1-la com seu endere\u00e7o de e-mail.<\/li>\n<li>Verifique sua pasta de spam, bem como sua caixa de entrada normal para o e-mail de verifica\u00e7\u00e3o<\/li>\n<li>V\u00e1 at\u00e9 seu carrinho para finalizar sua compra<\/li>\n<li><strong> Escolha o m\u00e9todo de pagamento que deseja <\/strong> usar e execute o processo de pagamento<\/li>\n<\/ul>\n<p><a href=\"https:\/\/redfoxlotto.com\/pt\/powerball-au\/?ref=a8564250a2&amp;medium=ol365\" target=\"_blank\" rel=\"noopener noreferrer\"> <img decoding=\"async\" class=\"aligncenter\" src=\" https:\/\/redfoxlotto.com\/image?size=8&amp;lottery=powerball-au \" alt=\" Powerball Australia \" \/> <\/a><\/p>\n<h2>Como pagar online o seu bilhete da Powerball Australia<\/h2>\n<p>Voc\u00ea pode escolher entre <strong> v\u00e1rias op\u00e7\u00f5es de pagamento diferentes <\/strong> que s\u00e3o t\u00e3o seguras quanto voc\u00ea esperaria ao <strong> comprar algo on-line do Brasil. <\/strong><br \/>\nCompre seus ingressos por:<\/p>\n<ul>\n<li>Pagando o pedido diretamente com sua op\u00e7\u00e3o de pagamento preferida<\/li>\n<li>Colocar dinheiro em sua conta de jogador e us\u00e1-lo para comprar seus ingressos<\/li>\n<\/ul>\n<p>Lembre-se de que voc\u00ea precisar\u00e1 depositar mais do que dinheiro suficiente em sua conta de jogador para comprar os ingressos que deseja, caso escolha essa op\u00e7\u00e3o.<\/p>\n<h2>Mais informa\u00e7\u00f5es sobre a Powerball Brasil<\/h2>\n<ul>\n<li>Pa\u00eds: Austr\u00e1lia<\/li>\n<li>Faixa de n\u00fameros principais: 35<\/li>\n<li>Voc\u00ea escolhe: 7<\/li>\n<li>Intervalo de n\u00fameros extras: 20<\/li>\n<li>Voc\u00ea escolhe: 1<\/li>\n<li>Dias e horas do sorteio: qui, 21:30 GMT + 11, 10:30 CET<\/li>\n<li>Jackpot m\u00ednimo: AU $ 3 milh\u00f5es<\/li>\n<li>Jackpot m\u00e1ximo: AU $ 150 milh\u00f5es<\/li>\n<li>Probabilidade de ganhar o jackpot: 1 em 134490400<\/li>\n<li>Probabilidade de vit\u00f3ria de n\u00edvel 2: 1 em 7078443<\/li>\n<li>Probabilidade de vencer em qualquer n\u00edvel: 1 em 24,87<\/li>\n<li>N\u00famero de categorias de pr\u00eamios: 7<\/li>\n<\/ul>\n<h2>Vantagens de comprar ingressos para a Powerball Austr\u00e1lia online<\/h2>\n<ul>\n<li>Obtenha os ingressos que deseja sem ter que sair de casa<\/li>\n<li>Compre bilhetes para muitos tipos diferentes de loterias<\/li>\n<li>Obtenha uma <a href=\"https:\/\/onlinelotto365.com\/pt-pt\/news\/que-lotarias-tem-melhores-hipoteses-de-ganhar\"> <strong> chance melhor de ganhar um grande jackpot <\/strong>\u00a0escolhendo as melhores op\u00e7\u00f5es <\/a><\/li>\n<li>Coloque dinheiro em sua conta e use-o para comprar seus ingressos<\/li>\n<li>N\u00e3o se preocupe em perder seus ingressos<\/li>\n<li>Notifica\u00e7\u00f5es se seu ingresso for um vencedor<\/li>\n<li>Escolha t\u00edquetes aleat\u00f3rios com o gerador de n\u00fameros<\/li>\n<\/ul>\n<h2>\u00c9 legal comprar ingressos para a Powerball Australia online no Brasil?<\/h2>\n<p>N\u00e3o h\u00e1 necessidade de se preocupar em comprar passagens online ou da maneira tradicional quando se trata dos regulamentos de seu pa\u00eds de resid\u00eancia. N\u00f3s tomamos o cuidado de seguir os regulamentos do pa\u00eds onde a loteria est\u00e1 sendo realizada para que voc\u00ea receba seus ganhos. Mesmo se voc\u00ea <a href=\"https:\/\/onlinelotto365.com\/pt-pt\/news\/dicas-sobre-como-ganhar-na-loteria\"> ganhar o jackpot <\/a>, voc\u00ea n\u00e3o ter\u00e1 problemas para receber o dinheiro.<br \/>\nQualquer pessoa que utilize nosso servi\u00e7o precisa ter pelo menos 18 anos de idade.<\/p>\n<h2>Como recebo o pagamento se ganhar Powerball Australia online?<\/h2>\n<p><img loading=\"lazy\" decoding=\"async\" class=\"alignright wp-image-3631\" src=\"https:\/\/onlinelotto365.com\/wp-content\/uploads\/2020\/11\/online_lottery-40-300x200.jpg\" alt=\"powerball Australia online\" width=\"252\" height=\"168\" srcset=\"https:\/\/onlinelotto365.com\/wp-content\/uploads\/2020\/11\/online_lottery-40-300x200.jpg 300w, https:\/\/onlinelotto365.com\/wp-content\/uploads\/2020\/11\/online_lottery-40.jpg 424w\" sizes=\"auto, (max-width: 252px) 100vw, 252px\" \/> Sabemos que voc\u00ea deseja <strong> obter seus ganhos o mais r\u00e1pido poss\u00edvel <\/strong> e definitivamente n\u00e3o deseja pagar a ningu\u00e9m com esses ganhos. \u00c9 por isso que nunca cobramos comiss\u00e3o de seus ganhos. Se voc\u00ea ganhar, voc\u00ea recebe o dinheiro. A \u00fanica vez em que cobramos uma taxa \u00e9 se voc\u00ea decidir que o dinheiro seja transferido por transfer\u00eancia eletr\u00f4nica para o seu banco, o que nos cobrar\u00e1 uma taxa que ser\u00e1 repassada a voc\u00ea.<br \/>\nSe voc\u00ea ganhar dinheiro, s\u00f3 precisa ter isso em mente:<\/p>\n<ul>\n<li>Valores abaixo de \u20ac 2.500 s\u00e3o automaticamente pagos em sua conta de jogador, sem que voc\u00ea precise fazer nada<\/li>\n<li>Valores acima de \u20ac 2500 s\u00e3o pagos em cheque ou por transfer\u00eancia banc\u00e1ria e exigem o preenchimento de um formul\u00e1rio que ser\u00e1 enviado pela equipe de suporte. Dessa forma, voc\u00ea pode obter o dinheiro liberado por meio da comiss\u00e3o de loteria.<\/li>\n<\/ul>\n","protected":false},"excerpt":{"rendered":"<p>Quer saber como voc\u00ea pode comprar seus ingressos para a Powerball Austr\u00e1lia online ? Bem, n\u00f3s dividimos em algumas etapas simples para nossos clientes do Brasil e de outros pa\u00edses , ent\u00e3o voc\u00ea pode come\u00e7ar com o processo agora. E voc\u00ea pode fazer isso muito mais r\u00e1pido e f\u00e1cil do que voc\u00ea imagina. V\u00e1 para [&hellip;]<\/p>\n","protected":false},"author":1,"featured_media":0,"parent":4636,"menu_order":13,"comment_status":"closed","ping_status":"closed","template":"powerball-au-info.php","meta":{"_et_pb_use_builder":"","_et_pb_old_content":"","_et_gb_content_width":"","exclude_from_search":false,"footnotes":""},"class_list":["post-11992","page","type-page","status-publish","hentry"],"yoast_head":"<!-- This site is optimized with the Yoast SEO plugin v23.4 - https:\/\/yoast.com\/wordpress\/plugins\/seo\/ -->\n<title>Comprar bilhetes para a Powerball Australia do Brasil atrav\u00e9s do servi\u00e7o online<\/title>\n<meta name=\"description\" content=\"Comprar bilhetes para Powerball Australia online - tornamos poss\u00edvel aos jogadores no Brasil\" \/>\n<meta name=\"robots\" content=\"index, follow, max-snippet:-1, max-image-preview:large, max-video-preview:-1\" \/>\n<link rel=\"canonical\" href=\"https:\/\/onlinelotto365.com\/pt-pt\/comprar-bilhetes\/powerball-australia\/\" \/>\n<meta property=\"og:locale\" content=\"pt_PT\" \/>\n<meta property=\"og:type\" content=\"article\" \/>\n<meta property=\"og:title\" content=\"Comprar bilhetes para a Powerball Australia do Brasil atrav\u00e9s do servi\u00e7o online\" \/>\n<meta property=\"og:description\" content=\"Comprar bilhetes para Powerball Australia online - tornamos poss\u00edvel aos jogadores no Brasil\" \/>\n<meta property=\"og:url\" content=\"https:\/\/onlinelotto365.com\/pt-pt\/comprar-bilhetes\/powerball-australia\/\" \/>\n<meta property=\"og:site_name\" content=\"OnlineLotto365\" \/>\n<meta property=\"article:modified_time\" content=\"2021-01-06T13:29:07+00:00\" \/>\n<meta property=\"og:image\" content=\"https:\/\/onlinelotto365.com\/wp-content\/uploads\/2020\/11\/online_lottery-40-300x200.jpg\" \/>\n<meta name=\"twitter:card\" content=\"summary_large_image\" \/>\n<meta name=\"twitter:label1\" content=\"Tempo estimado de leitura\" \/>\n\t<meta name=\"twitter:data1\" content=\"3 minutos\" \/>\n<script type=\"application\/ld+json\" class=\"yoast-schema-graph\">{\"@context\":\"https:\/\/schema.org\",\"@graph\":[{\"@type\":\"WebPage\",\"@id\":\"https:\/\/onlinelotto365.com\/pt-pt\/comprar-bilhetes\/powerball-australia\/\",\"url\":\"https:\/\/onlinelotto365.com\/pt-pt\/comprar-bilhetes\/powerball-australia\/\",\"name\":\"Comprar bilhetes para a Powerball Australia do Brasil atrav\u00e9s do servi\u00e7o online\",\"isPartOf\":{\"@id\":\"https:\/\/onlinelotto365.com\/pt-pt\/#website\"},\"primaryImageOfPage\":{\"@id\":\"https:\/\/onlinelotto365.com\/pt-pt\/comprar-bilhetes\/powerball-australia\/#primaryimage\"},\"image\":{\"@id\":\"https:\/\/onlinelotto365.com\/pt-pt\/comprar-bilhetes\/powerball-australia\/#primaryimage\"},\"thumbnailUrl\":\"https:\/\/onlinelotto365.com\/wp-content\/uploads\/2020\/11\/online_lottery-40-300x200.jpg\",\"datePublished\":\"2020-12-21T09:16:12+00:00\",\"dateModified\":\"2021-01-06T13:29:07+00:00\",\"description\":\"Comprar bilhetes para Powerball Australia online - tornamos poss\u00edvel aos jogadores no Brasil\",\"breadcrumb\":{\"@id\":\"https:\/\/onlinelotto365.com\/pt-pt\/comprar-bilhetes\/powerball-australia\/#breadcrumb\"},\"inLanguage\":\"pt-PT\",\"potentialAction\":[{\"@type\":\"ReadAction\",\"target\":[\"https:\/\/onlinelotto365.com\/pt-pt\/comprar-bilhetes\/powerball-australia\/\"]}]},{\"@type\":\"ImageObject\",\"inLanguage\":\"pt-PT\",\"@id\":\"https:\/\/onlinelotto365.com\/pt-pt\/comprar-bilhetes\/powerball-australia\/#primaryimage\",\"url\":\"https:\/\/onlinelotto365.com\/wp-content\/uploads\/2020\/11\/online_lottery-40-300x200.jpg\",\"contentUrl\":\"https:\/\/onlinelotto365.com\/wp-content\/uploads\/2020\/11\/online_lottery-40-300x200.jpg\"},{\"@type\":\"BreadcrumbList\",\"@id\":\"https:\/\/onlinelotto365.com\/pt-pt\/comprar-bilhetes\/powerball-australia\/#breadcrumb\",\"itemListElement\":[{\"@type\":\"ListItem\",\"position\":1,\"name\":\"Home\",\"item\":\"https:\/\/onlinelotto365.com\/pt-pt\/\"},{\"@type\":\"ListItem\",\"position\":2,\"name\":\"Porque \u00e9 que faz mais sentido comprar bilhetes de lotaria online\",\"item\":\"https:\/\/onlinelotto365.com\/pt-pt\/buy-tickets\/\"},{\"@type\":\"ListItem\",\"position\":3,\"name\":\"Como comprar bilhetes para Powerball Australia online\"}]},{\"@type\":\"WebSite\",\"@id\":\"https:\/\/onlinelotto365.com\/pt-pt\/#website\",\"url\":\"https:\/\/onlinelotto365.com\/pt-pt\/\",\"name\":\"OnlineLotto365\",\"description\":\"\",\"potentialAction\":[{\"@type\":\"SearchAction\",\"target\":{\"@type\":\"EntryPoint\",\"urlTemplate\":\"https:\/\/onlinelotto365.com\/pt-pt\/?s={search_term_string}\"},\"query-input\":{\"@type\":\"PropertyValueSpecification\",\"valueRequired\":true,\"valueName\":\"search_term_string\"}}],\"inLanguage\":\"pt-PT\"}]}<\/script>\n<!-- \/ Yoast SEO plugin. -->","yoast_head_json":{"title":"Comprar bilhetes para a Powerball Australia do Brasil atrav\u00e9s do servi\u00e7o online","description":"Comprar bilhetes para Powerball Australia online - tornamos poss\u00edvel aos jogadores no Brasil","robots":{"index":"index","follow":"follow","max-snippet":"max-snippet:-1","max-image-preview":"max-image-preview:large","max-video-preview":"max-video-preview:-1"},"canonical":"https:\/\/onlinelotto365.com\/pt-pt\/comprar-bilhetes\/powerball-australia\/","og_locale":"pt_PT","og_type":"article","og_title":"Comprar bilhetes para a Powerball Australia do Brasil atrav\u00e9s do servi\u00e7o online","og_description":"Comprar bilhetes para Powerball Australia online - tornamos poss\u00edvel aos jogadores no Brasil","og_url":"https:\/\/onlinelotto365.com\/pt-pt\/comprar-bilhetes\/powerball-australia\/","og_site_name":"OnlineLotto365","article_modified_time":"2021-01-06T13:29:07+00:00","og_image":[{"url":"https:\/\/onlinelotto365.com\/wp-content\/uploads\/2020\/11\/online_lottery-40-300x200.jpg"}],"twitter_card":"summary_large_image","twitter_misc":{"Tempo estimado de leitura":"3 minutos"},"schema":{"@context":"https:\/\/schema.org","@graph":[{"@type":"WebPage","@id":"https:\/\/onlinelotto365.com\/pt-pt\/comprar-bilhetes\/powerball-australia\/","url":"https:\/\/onlinelotto365.com\/pt-pt\/comprar-bilhetes\/powerball-australia\/","name":"Comprar bilhetes para a Powerball Australia do Brasil atrav\u00e9s do servi\u00e7o online","isPartOf":{"@id":"https:\/\/onlinelotto365.com\/pt-pt\/#website"},"primaryImageOfPage":{"@id":"https:\/\/onlinelotto365.com\/pt-pt\/comprar-bilhetes\/powerball-australia\/#primaryimage"},"image":{"@id":"https:\/\/onlinelotto365.com\/pt-pt\/comprar-bilhetes\/powerball-australia\/#primaryimage"},"thumbnailUrl":"https:\/\/onlinelotto365.com\/wp-content\/uploads\/2020\/11\/online_lottery-40-300x200.jpg","datePublished":"2020-12-21T09:16:12+00:00","dateModified":"2021-01-06T13:29:07+00:00","description":"Comprar bilhetes para Powerball Australia online - tornamos poss\u00edvel aos jogadores no Brasil","breadcrumb":{"@id":"https:\/\/onlinelotto365.com\/pt-pt\/comprar-bilhetes\/powerball-australia\/#breadcrumb"},"inLanguage":"pt-PT","potentialAction":[{"@type":"ReadAction","target":["https:\/\/onlinelotto365.com\/pt-pt\/comprar-bilhetes\/powerball-australia\/"]}]},{"@type":"ImageObject","inLanguage":"pt-PT","@id":"https:\/\/onlinelotto365.com\/pt-pt\/comprar-bilhetes\/powerball-australia\/#primaryimage","url":"https:\/\/onlinelotto365.com\/wp-content\/uploads\/2020\/11\/online_lottery-40-300x200.jpg","contentUrl":"https:\/\/onlinelotto365.com\/wp-content\/uploads\/2020\/11\/online_lottery-40-300x200.jpg"},{"@type":"BreadcrumbList","@id":"https:\/\/onlinelotto365.com\/pt-pt\/comprar-bilhetes\/powerball-australia\/#breadcrumb","itemListElement":[{"@type":"ListItem","position":1,"name":"Home","item":"https:\/\/onlinelotto365.com\/pt-pt\/"},{"@type":"ListItem","position":2,"name":"Porque \u00e9 que faz mais sentido comprar bilhetes de lotaria online","item":"https:\/\/onlinelotto365.com\/pt-pt\/buy-tickets\/"},{"@type":"ListItem","position":3,"name":"Como comprar bilhetes para Powerball Australia online"}]},{"@type":"WebSite","@id":"https:\/\/onlinelotto365.com\/pt-pt\/#website","url":"https:\/\/onlinelotto365.com\/pt-pt\/","name":"OnlineLotto365","description":"","potentialAction":[{"@type":"SearchAction","target":{"@type":"EntryPoint","urlTemplate":"https:\/\/onlinelotto365.com\/pt-pt\/?s={search_term_string}"},"query-input":{"@type":"PropertyValueSpecification","valueRequired":true,"valueName":"search_term_string"}}],"inLanguage":"pt-PT"}]}},"_links":{"self":[{"href":"https:\/\/onlinelotto365.com\/pt-pt\/wp-json\/wp\/v2\/pages\/11992","targetHints":{"allow":["GET"]}}],"collection":[{"href":"https:\/\/onlinelotto365.com\/pt-pt\/wp-json\/wp\/v2\/pages"}],"about":[{"href":"https:\/\/onlinelotto365.com\/pt-pt\/wp-json\/wp\/v2\/types\/page"}],"author":[{"embeddable":true,"href":"https:\/\/onlinelotto365.com\/pt-pt\/wp-json\/wp\/v2\/users\/1"}],"replies":[{"embeddable":true,"href":"https:\/\/onlinelotto365.com\/pt-pt\/wp-json\/wp\/v2\/comments?post=11992"}],"version-history":[{"count":0,"href":"https:\/\/onlinelotto365.com\/pt-pt\/wp-json\/wp\/v2\/pages\/11992\/revisions"}],"up":[{"embeddable":true,"href":"https:\/\/onlinelotto365.com\/pt-pt\/wp-json\/wp\/v2\/pages\/4636"}],"wp:attachment":[{"href":"https:\/\/onlinelotto365.com\/pt-pt\/wp-json\/wp\/v2\/media?parent=11992"}],"curies":[{"name":"wp","href":"https:\/\/api.w.org\/{rel}","templated":true}]}}