{"id":11994,"date":"2020-12-21T10:17:00","date_gmt":"2020-12-21T09:17:00","guid":{"rendered":"http:\/\/onlinelotto365.net\/?page_id=11994"},"modified":"2021-01-10T11:07:01","modified_gmt":"2021-01-10T10:07:01","slug":"oz-lotto","status":"publish","type":"page","link":"https:\/\/onlinelotto365.com\/pt-pt\/comprar-bilhetes\/oz-lotto\/","title":{"rendered":"Como comprar bilhetes para a Oz Lotto online"},"content":{"rendered":"<p>Voc\u00ea est\u00e1 com sorte porque passamos pelo processo de exatamente o que voc\u00ea precisa fazer para <strong> conseguir seus bilhetes da Oz Lotto aqui <\/strong> e <strong> do Brasil tamb\u00e9m. <\/strong> Voc\u00ea pode comprar online facilmente se voc\u00ea apenas seguir essas etapas simples que definimos para voc\u00ea.<\/p>\n<ul>\n<li>V\u00e1 para a p\u00e1gina da loteria que deseja jogar e escolha os n\u00fameros que deseja. Ou deixe o computador escolher alguns n\u00fameros para voc\u00ea.<\/li>\n<li>Adicione bilhetes para <a href=\"https:\/\/onlinelotto365.com\/pt-pt\"> mais loterias <\/a> e para este jogo tamb\u00e9m<\/li>\n<li>Pague agora mesmo por seus ingressos<\/li>\n<li>Registre uma nova conta ou fa\u00e7a login em sua conta atual para passar pelo processo de pagamento<\/li>\n<li>Para contas que precisam ser registradas, certifique-se de verificar seu e-mail para obter o link de verifica\u00e7\u00e3o para come\u00e7ar<\/li>\n<li>Procure na sua pasta de spam se voc\u00ea n\u00e3o recebeu o e-mail em sua caixa de entrada normal e clique no link para verificar<\/li>\n<li>V\u00e1 at\u00e9 seu carrinho de compras para comprar seus ingressos<\/li>\n<li>Passe pelo processo de pagamento para obter seus ingressos<\/li>\n<\/ul>\n<p><a href=\"https:\/\/redfoxlotto.com\/pt\/oz-lotto\/?ref=a8564250a2&amp;medium=ol365\" target=\"_blank\" rel=\"noopener noreferrer\"> <img decoding=\"async\" class=\"aligncenter\" src=\" https:\/\/redfoxlotto.com\/image?size=8&amp;lottery=oz-lotto \" alt=\" Oz Lotto \" \/> <\/a><\/p>\n<h2>Como pagar pelo seu bilhete Oz Lotto online<\/h2>\n<p>Voc\u00ea pode escolher entre v\u00e1rias op\u00e7\u00f5es completamente seguras quando se trata de pagar pelos seus bilhetes da Oz Lotto.<br \/>\nCada um deles se encaixa em duas categorias diferentes:<\/p>\n<ul>\n<li>Pague o pedido com qualquer m\u00e9todo de pagamento escolhido<\/li>\n<li>coloque dinheiro em sua conta de jogador atual e use esse dinheiro para fazer uma compra<\/li>\n<\/ul>\n<p>Certifique-se de colocar mais dinheiro do que o necess\u00e1rio para fazer a compra se for usar sua conta de jogador.<\/p>\n<h2>Mais informa\u00e7\u00f5es sobre a Oz Lotto<\/h2>\n<ul>\n<li>Pa\u00eds: Austr\u00e1lia <img loading=\"lazy\" decoding=\"async\" width=\"300\" height=\"300\" class=\"alignright wp-image-3659\" src=\"https:\/\/onlinelotto365.com\/wp-content\/uploads\/2020\/11\/online_lottery-4-300x300.jpg\" alt=\" Oz lotto do Brasil \" srcset=\"https:\/\/onlinelotto365.com\/wp-content\/uploads\/2020\/11\/online_lottery-4-300x300.jpg 300w, https:\/\/onlinelotto365.com\/wp-content\/uploads\/2020\/11\/online_lottery-4-100x100.jpg 100w, https:\/\/onlinelotto365.com\/wp-content\/uploads\/2020\/11\/online_lottery-4-150x150.jpg 150w, https:\/\/onlinelotto365.com\/wp-content\/uploads\/2020\/11\/online_lottery-4.jpg 320w\" sizes=\"auto, (max-width: 300px) 100vw, 300px\" \/><\/li>\n<li>Faixa de n\u00fameros principais: 45<\/li>\n<li>Voc\u00ea escolhe: 7<\/li>\n<li>Dias e horas do sorteio: ter\u00e7a-feira, 21:30 GMT + 11, 10:30 CET<\/li>\n<li>Jackpot m\u00ednimo: AU $ 2 milh\u00f5es<\/li>\n<li>Jackpot m\u00e1ximo: nenhum<\/li>\n<li>Probabilidade de ganhar o jackpot: 1 em 45379620<\/li>\n<li>Probabilidade de vit\u00f3ria de n\u00edvel 2: 1 em 3241401<\/li>\n<li>Probabilidade de vencer em qualquer n\u00edvel: 1 em 54,59<\/li>\n<li>N\u00famero de categorias de pr\u00eamios: 7<\/li>\n<\/ul>\n<h2>Vantagens de comprar bilhetes da Oz Lotto online<\/h2>\n<ul>\n<li>Voc\u00ea n\u00e3o precisa sair de casa para <a href=\"https:\/\/onlinelotto365.com\/pt-pt\/comprar-bilhetes\"> escolher seus ingressos <\/a><\/li>\n<li>Voc\u00ea pode escolher entre v\u00e1rias op\u00e7\u00f5es diferentes<\/li>\n<li>Observe os valores do jackpot para decidir qual loteria voc\u00ea deseja comprar<\/li>\n<li>Adicione dinheiro diretamente \u00e0 sua conta de jogador e use-o para comprar seus ingressos<\/li>\n<li>Nunca se preocupe em perder seus ingressos<\/li>\n<li>Receba notifica\u00e7\u00f5es se ganhar alguma coisa<\/li>\n<li>Use uma op\u00e7\u00e3o de escolha r\u00e1pida para obter ingressos sem escolher seus pr\u00f3prios n\u00fameros<\/li>\n<\/ul>\n<h2>\u00c9 legal comprar bilhetes da Oz Lotto online?<\/h2>\n<p>Voc\u00ea pode n\u00e3o saber se <strong> se seu pa\u00eds de resid\u00eancia permite a compra de bilhetes de loteria on-line <\/strong> ou at\u00e9 mesmo da forma tradicional. Bem, voc\u00ea n\u00e3o precisa se preocupar, seja no Brasil ou em qualquer outro lugar, porque n\u00f3s cuidamos de tudo quando se trata de regulamenta\u00e7\u00f5es para o pa\u00eds em que o jogo \u00e9 jogado. Voc\u00ea n\u00e3o precisa se preocupar se o uso \u00e9 legal o servi\u00e7o que oferecemos desde que voc\u00ea tenha pelo menos 18 anos de idade. Garantiremos que voc\u00ea seja pago de qualquer maneira.<\/p>\n<h2>Como recebo o pagamento se ganhar Oz Lotto online?<\/h2>\n<p>Os pagamentos s\u00e3o uma parte importante do processo quando se trata de jogar na loteria. Queremos ter certeza de que voc\u00ea receber\u00e1 todo o seu dinheiro e \u00e9 por isso que nos certificamos de que nenhuma comiss\u00e3o ser\u00e1 cobrada ao ganhar alguma coisa.<\/p>\n<p>Voc\u00ea tamb\u00e9m n\u00e3o ser\u00e1 cobrado por nenhuma taxa, a menos que opte por fazer uma transfer\u00eancia banc\u00e1ria para colocar o dinheiro em sua conta. Nesse caso, possivelmente ser\u00e1 cobrada uma taxa no valor de tudo o que o banco cobrar pela transfer\u00eancia.<\/p>\n<p>Caso contr\u00e1rio, lembre-se do seguinte:<\/p>\n<ul>\n<li>Se voc\u00ea ganhar menos de \u20ac 2500, o dinheiro \u00e9 automaticamente depositado em sua conta. Voc\u00ea n\u00e3o ter\u00e1 que se preocupar com absolutamente nada<\/li>\n<li>Se voc\u00ea ganhar mais de \u20ac 2.500, o dinheiro precisar\u00e1 ser enviado aos canais adequados. Isso significa que voc\u00ea receber\u00e1 um e-mail nosso sobre o preenchimento de um formul\u00e1rio de reivindica\u00e7\u00e3o com a comiss\u00e3o de loteria. Em seguida, o dinheiro ser\u00e1 transferido para sua conta banc\u00e1ria ou ser\u00e1 enviado em cheque diretamente para voc\u00ea.<\/li>\n<\/ul>\n","protected":false},"excerpt":{"rendered":"<p>Voc\u00ea est\u00e1 com sorte porque passamos pelo processo de exatamente o que voc\u00ea precisa fazer para conseguir seus bilhetes da Oz Lotto aqui e do Brasil tamb\u00e9m. Voc\u00ea pode comprar online facilmente se voc\u00ea apenas seguir essas etapas simples que definimos para voc\u00ea. V\u00e1 para a p\u00e1gina da loteria que deseja jogar e escolha os [&hellip;]<\/p>\n","protected":false},"author":1,"featured_media":0,"parent":4636,"menu_order":14,"comment_status":"closed","ping_status":"closed","template":"template-rightsidebar.php","meta":{"_et_pb_use_builder":"","_et_pb_old_content":"","_et_gb_content_width":"","exclude_from_search":false,"footnotes":""},"class_list":["post-11994","page","type-page","status-publish","hentry"],"yoast_head":"<!-- This site is optimized with the Yoast SEO plugin v23.4 - https:\/\/yoast.com\/wordpress\/plugins\/seo\/ -->\n<title>Obten\u00e7\u00e3o de bilhetes para a Oz Lotto online a partir do Brasil<\/title>\n<meta name=\"description\" content=\"Obtenha do Brasil os seus bilhetes para a Oz Lotto australiana\" \/>\n<meta name=\"robots\" content=\"index, follow, max-snippet:-1, max-image-preview:large, max-video-preview:-1\" \/>\n<link rel=\"canonical\" href=\"https:\/\/onlinelotto365.com\/pt-pt\/comprar-bilhetes\/oz-lotto\/\" \/>\n<meta property=\"og:locale\" content=\"pt_PT\" \/>\n<meta property=\"og:type\" content=\"article\" \/>\n<meta property=\"og:title\" content=\"Obten\u00e7\u00e3o de bilhetes para a Oz Lotto online a partir do Brasil\" \/>\n<meta property=\"og:description\" content=\"Obtenha do Brasil os seus bilhetes para a Oz Lotto australiana\" \/>\n<meta property=\"og:url\" content=\"https:\/\/onlinelotto365.com\/pt-pt\/comprar-bilhetes\/oz-lotto\/\" \/>\n<meta property=\"og:site_name\" content=\"OnlineLotto365\" \/>\n<meta property=\"article:modified_time\" content=\"2021-01-10T10:07:01+00:00\" \/>\n<meta property=\"og:image\" content=\"https:\/\/onlinelotto365.com\/wp-content\/uploads\/2020\/11\/online_lottery-4-300x300.jpg\" \/>\n<meta name=\"twitter:card\" content=\"summary_large_image\" \/>\n<meta name=\"twitter:label1\" content=\"Tempo estimado de leitura\" \/>\n\t<meta name=\"twitter:data1\" content=\"3 minutos\" \/>\n<script type=\"application\/ld+json\" class=\"yoast-schema-graph\">{\"@context\":\"https:\/\/schema.org\",\"@graph\":[{\"@type\":\"WebPage\",\"@id\":\"https:\/\/onlinelotto365.com\/pt-pt\/comprar-bilhetes\/oz-lotto\/\",\"url\":\"https:\/\/onlinelotto365.com\/pt-pt\/comprar-bilhetes\/oz-lotto\/\",\"name\":\"Obten\u00e7\u00e3o de bilhetes para a Oz Lotto online a partir do Brasil\",\"isPartOf\":{\"@id\":\"https:\/\/onlinelotto365.com\/pt-pt\/#website\"},\"primaryImageOfPage\":{\"@id\":\"https:\/\/onlinelotto365.com\/pt-pt\/comprar-bilhetes\/oz-lotto\/#primaryimage\"},\"image\":{\"@id\":\"https:\/\/onlinelotto365.com\/pt-pt\/comprar-bilhetes\/oz-lotto\/#primaryimage\"},\"thumbnailUrl\":\"https:\/\/onlinelotto365.com\/wp-content\/uploads\/2020\/11\/online_lottery-4-300x300.jpg\",\"datePublished\":\"2020-12-21T09:17:00+00:00\",\"dateModified\":\"2021-01-10T10:07:01+00:00\",\"description\":\"Obtenha do Brasil os seus bilhetes para a Oz Lotto australiana\",\"breadcrumb\":{\"@id\":\"https:\/\/onlinelotto365.com\/pt-pt\/comprar-bilhetes\/oz-lotto\/#breadcrumb\"},\"inLanguage\":\"pt-PT\",\"potentialAction\":[{\"@type\":\"ReadAction\",\"target\":[\"https:\/\/onlinelotto365.com\/pt-pt\/comprar-bilhetes\/oz-lotto\/\"]}]},{\"@type\":\"ImageObject\",\"inLanguage\":\"pt-PT\",\"@id\":\"https:\/\/onlinelotto365.com\/pt-pt\/comprar-bilhetes\/oz-lotto\/#primaryimage\",\"url\":\"https:\/\/onlinelotto365.com\/wp-content\/uploads\/2020\/11\/online_lottery-4-300x300.jpg\",\"contentUrl\":\"https:\/\/onlinelotto365.com\/wp-content\/uploads\/2020\/11\/online_lottery-4-300x300.jpg\"},{\"@type\":\"BreadcrumbList\",\"@id\":\"https:\/\/onlinelotto365.com\/pt-pt\/comprar-bilhetes\/oz-lotto\/#breadcrumb\",\"itemListElement\":[{\"@type\":\"ListItem\",\"position\":1,\"name\":\"Home\",\"item\":\"https:\/\/onlinelotto365.com\/pt-pt\/\"},{\"@type\":\"ListItem\",\"position\":2,\"name\":\"Porque \u00e9 que faz mais sentido comprar bilhetes de lotaria online\",\"item\":\"https:\/\/onlinelotto365.com\/pt-pt\/buy-tickets\/\"},{\"@type\":\"ListItem\",\"position\":3,\"name\":\"Como comprar bilhetes para a Oz Lotto online\"}]},{\"@type\":\"WebSite\",\"@id\":\"https:\/\/onlinelotto365.com\/pt-pt\/#website\",\"url\":\"https:\/\/onlinelotto365.com\/pt-pt\/\",\"name\":\"OnlineLotto365\",\"description\":\"\",\"potentialAction\":[{\"@type\":\"SearchAction\",\"target\":{\"@type\":\"EntryPoint\",\"urlTemplate\":\"https:\/\/onlinelotto365.com\/pt-pt\/?s={search_term_string}\"},\"query-input\":{\"@type\":\"PropertyValueSpecification\",\"valueRequired\":true,\"valueName\":\"search_term_string\"}}],\"inLanguage\":\"pt-PT\"}]}<\/script>\n<!-- \/ Yoast SEO plugin. -->","yoast_head_json":{"title":"Obten\u00e7\u00e3o de bilhetes para a Oz Lotto online a partir do Brasil","description":"Obtenha do Brasil os seus bilhetes para a Oz Lotto australiana","robots":{"index":"index","follow":"follow","max-snippet":"max-snippet:-1","max-image-preview":"max-image-preview:large","max-video-preview":"max-video-preview:-1"},"canonical":"https:\/\/onlinelotto365.com\/pt-pt\/comprar-bilhetes\/oz-lotto\/","og_locale":"pt_PT","og_type":"article","og_title":"Obten\u00e7\u00e3o de bilhetes para a Oz Lotto online a partir do Brasil","og_description":"Obtenha do Brasil os seus bilhetes para a Oz Lotto australiana","og_url":"https:\/\/onlinelotto365.com\/pt-pt\/comprar-bilhetes\/oz-lotto\/","og_site_name":"OnlineLotto365","article_modified_time":"2021-01-10T10:07:01+00:00","og_image":[{"url":"https:\/\/onlinelotto365.com\/wp-content\/uploads\/2020\/11\/online_lottery-4-300x300.jpg"}],"twitter_card":"summary_large_image","twitter_misc":{"Tempo estimado de leitura":"3 minutos"},"schema":{"@context":"https:\/\/schema.org","@graph":[{"@type":"WebPage","@id":"https:\/\/onlinelotto365.com\/pt-pt\/comprar-bilhetes\/oz-lotto\/","url":"https:\/\/onlinelotto365.com\/pt-pt\/comprar-bilhetes\/oz-lotto\/","name":"Obten\u00e7\u00e3o de bilhetes para a Oz Lotto online a partir do Brasil","isPartOf":{"@id":"https:\/\/onlinelotto365.com\/pt-pt\/#website"},"primaryImageOfPage":{"@id":"https:\/\/onlinelotto365.com\/pt-pt\/comprar-bilhetes\/oz-lotto\/#primaryimage"},"image":{"@id":"https:\/\/onlinelotto365.com\/pt-pt\/comprar-bilhetes\/oz-lotto\/#primaryimage"},"thumbnailUrl":"https:\/\/onlinelotto365.com\/wp-content\/uploads\/2020\/11\/online_lottery-4-300x300.jpg","datePublished":"2020-12-21T09:17:00+00:00","dateModified":"2021-01-10T10:07:01+00:00","description":"Obtenha do Brasil os seus bilhetes para a Oz Lotto australiana","breadcrumb":{"@id":"https:\/\/onlinelotto365.com\/pt-pt\/comprar-bilhetes\/oz-lotto\/#breadcrumb"},"inLanguage":"pt-PT","potentialAction":[{"@type":"ReadAction","target":["https:\/\/onlinelotto365.com\/pt-pt\/comprar-bilhetes\/oz-lotto\/"]}]},{"@type":"ImageObject","inLanguage":"pt-PT","@id":"https:\/\/onlinelotto365.com\/pt-pt\/comprar-bilhetes\/oz-lotto\/#primaryimage","url":"https:\/\/onlinelotto365.com\/wp-content\/uploads\/2020\/11\/online_lottery-4-300x300.jpg","contentUrl":"https:\/\/onlinelotto365.com\/wp-content\/uploads\/2020\/11\/online_lottery-4-300x300.jpg"},{"@type":"BreadcrumbList","@id":"https:\/\/onlinelotto365.com\/pt-pt\/comprar-bilhetes\/oz-lotto\/#breadcrumb","itemListElement":[{"@type":"ListItem","position":1,"name":"Home","item":"https:\/\/onlinelotto365.com\/pt-pt\/"},{"@type":"ListItem","position":2,"name":"Porque \u00e9 que faz mais sentido comprar bilhetes de lotaria online","item":"https:\/\/onlinelotto365.com\/pt-pt\/buy-tickets\/"},{"@type":"ListItem","position":3,"name":"Como comprar bilhetes para a Oz Lotto online"}]},{"@type":"WebSite","@id":"https:\/\/onlinelotto365.com\/pt-pt\/#website","url":"https:\/\/onlinelotto365.com\/pt-pt\/","name":"OnlineLotto365","description":"","potentialAction":[{"@type":"SearchAction","target":{"@type":"EntryPoint","urlTemplate":"https:\/\/onlinelotto365.com\/pt-pt\/?s={search_term_string}"},"query-input":{"@type":"PropertyValueSpecification","valueRequired":true,"valueName":"search_term_string"}}],"inLanguage":"pt-PT"}]}},"_links":{"self":[{"href":"https:\/\/onlinelotto365.com\/pt-pt\/wp-json\/wp\/v2\/pages\/11994","targetHints":{"allow":["GET"]}}],"collection":[{"href":"https:\/\/onlinelotto365.com\/pt-pt\/wp-json\/wp\/v2\/pages"}],"about":[{"href":"https:\/\/onlinelotto365.com\/pt-pt\/wp-json\/wp\/v2\/types\/page"}],"author":[{"embeddable":true,"href":"https:\/\/onlinelotto365.com\/pt-pt\/wp-json\/wp\/v2\/users\/1"}],"replies":[{"embeddable":true,"href":"https:\/\/onlinelotto365.com\/pt-pt\/wp-json\/wp\/v2\/comments?post=11994"}],"version-history":[{"count":0,"href":"https:\/\/onlinelotto365.com\/pt-pt\/wp-json\/wp\/v2\/pages\/11994\/revisions"}],"up":[{"embeddable":true,"href":"https:\/\/onlinelotto365.com\/pt-pt\/wp-json\/wp\/v2\/pages\/4636"}],"wp:attachment":[{"href":"https:\/\/onlinelotto365.com\/pt-pt\/wp-json\/wp\/v2\/media?parent=11994"}],"curies":[{"name":"wp","href":"https:\/\/api.w.org\/{rel}","templated":true}]}}