{"id":11996,"date":"2020-12-21T10:18:07","date_gmt":"2020-12-21T09:18:07","guid":{"rendered":"http:\/\/onlinelotto365.net\/?page_id=11996"},"modified":"2021-01-06T14:29:27","modified_gmt":"2021-01-06T13:29:27","slug":"saturday-lotto-australia","status":"publish","type":"page","link":"https:\/\/onlinelotto365.com\/pt-pt\/comprar-bilhetes\/saturday-lotto-australia\/","title":{"rendered":"Como comprar bilhetes para a Saturday Lotto Australia online"},"content":{"rendered":"<p>Se voc\u00ea n\u00e3o tinha certeza de como comprar bilhetes da Saturday Lotto Brazil online, voc\u00ea vai querer dar uma olhada neste <strong> guia passo a passo que foi desenvolvido para ajud\u00e1-lo a chegar l\u00e1 rapidamente <\/strong>. Voc\u00ea n\u00e3o ter\u00e1 que se preocupar com nada porque vamos ajud\u00e1-lo.<\/p>\n<ul>\n<li>V\u00e1 para a p\u00e1gina da Loteria de S\u00e1bado na Austr\u00e1lia e escolha os n\u00fameros que deseja jogar em cada um de seus ingressos<\/li>\n<li>Adicione mais ingressos para o mesmo jogo ou para jogos diferentes<\/li>\n<li>V\u00e1 para a op\u00e7\u00e3o pagar agora<\/li>\n<li>Fa\u00e7a login em sua conta atual ou selecione a op\u00e7\u00e3o de se registrar para uma nova conta e siga as instru\u00e7\u00f5es<\/li>\n<li>Para novas contas, certifique-se de verificar sua caixa de entrada de e-mail para um e-mail de confirma\u00e7\u00e3o com um link de verifica\u00e7\u00e3o<\/li>\n<li>Verifique sua pasta de spam se voc\u00ea n\u00e3o vir o e-mail de confirma\u00e7\u00e3o e clique no link<\/li>\n<li>V\u00e1 para o seu carrinho de compras<\/li>\n<li>Escolha a op\u00e7\u00e3o de pagamento que deseja usar e siga o processo de pagamento<\/li>\n<\/ul>\n<p><a href=\"https:\/\/redfoxlotto.com\/pt\/saturday-lotto-au\/?ref=a8564250a2&amp;medium=ol365\" target=\"_blank\" rel=\"noopener noreferrer\"> <img decoding=\"async\" class=\"aligncenter\" src=\"https:\/\/redfoxlotto.com\/image?size=8&amp;lottery=saturday-lotto-au\" alt=\"Saturday Lotto Australia\" \/> <\/a><\/p>\n<h2>Como pagar on-line o seu tiquete da loteria australiana no s\u00e1bado<\/h2>\n<p>Voc\u00ea pode usar uma das <strong> v\u00e1rias op\u00e7\u00f5es de pagamento seguro <\/strong> quando estiver pronto para comprar seus pr\u00f3ximos bilhetes de loteria conosco no Brasil.<br \/>\nEscolha uma destas op\u00e7\u00f5es diferentes:<\/p>\n<ul>\n<li>Pague o pedido diretamente pelo m\u00e9todo de pagamento de sua prefer\u00eancia<\/li>\n<li>Coloque dinheiro em sua conta e use-o para comprar ingressos<\/li>\n<\/ul>\n<p>Certifique-se de adicionar dinheiro mais do que o suficiente para a compra se voc\u00ea decidir colocar dinheiro em sua conta.<\/p>\n<h2>Mais informa\u00e7\u00f5es sobre o Saturday Lotto Australia<\/h2>\n<ul>\n<li>Pa\u00eds: Austr\u00e1lia<\/li>\n<li>Faixa de n\u00fameros principais: 45<\/li>\n<li>Voc\u00ea escolhe: 6<\/li>\n<li>Dias e horas do sorteio: s\u00e1bado, 21:30 GMT + 11, 10:30 CET<\/li>\n<li>Jackpot m\u00ednimo: AU $ 5 milh\u00f5es<\/li>\n<li>Jackpot m\u00e1ximo: AU $ 150 milh\u00f5es<\/li>\n<li>Probabilidade de ganhar o jackpot: 1 em 8145060<\/li>\n<li>Probabilidade de vit\u00f3ria de n\u00edvel 2: 1 em 678755<\/li>\n<li>Probabilidade de vencer em qualquer n\u00edvel: 1 em 85,44<\/li>\n<li>N\u00famero de categorias de pr\u00eamios: 6<\/li>\n<\/ul>\n<h2>Vantagens de comprar bilhetes da Loteria Australiana de s\u00e1bado online<\/h2>\n<ul>\n<li>Obtenha os ingressos que deseja e nunca mais tenha que sair pela porta <img loading=\"lazy\" decoding=\"async\" class=\"alignright wp-image-3694\" src=\"https:\/\/onlinelotto365.com\/wp-content\/uploads\/2020\/11\/online_lottery-11-300x300.jpeg\" alt=\"buy tickets saturday lotto online\" width=\"187\" height=\"187\" srcset=\"https:\/\/onlinelotto365.com\/wp-content\/uploads\/2020\/11\/online_lottery-11-300x300.jpeg 300w, https:\/\/onlinelotto365.com\/wp-content\/uploads\/2020\/11\/online_lottery-11-100x100.jpeg 100w, https:\/\/onlinelotto365.com\/wp-content\/uploads\/2020\/11\/online_lottery-11-150x150.jpeg 150w, https:\/\/onlinelotto365.com\/wp-content\/uploads\/2020\/11\/online_lottery-11.jpeg 480w\" sizes=\"auto, (max-width: 187px) 100vw, 187px\" \/><\/li>\n<li>Escolha entre v\u00e1rios jogos de loteria diferentes<\/li>\n<li>Obtenha uma <strong> chance melhor de ganhar <\/strong> ao tentar os maiores jackpots<\/li>\n<li>Coloque seu dinheiro em uma conta e, em seguida, pague pelos ingressos<\/li>\n<li>Acompanhe seus ingressos facilmente<\/li>\n<li>Receba notifica\u00e7\u00f5es de ganhadores sempre<\/li>\n<li>Use uma escolha r\u00e1pida para conseguir ingressos sem escolher n\u00fameros<\/li>\n<\/ul>\n<h2>\u00c9 legal comprar bilhetes da loteria australiana no s\u00e1bado?<\/h2>\n<p>Voc\u00ea pode estar nervoso sobre comprar ou n\u00e3o bilhetes de loteria dessa forma <strong> enquanto for residente no Brasil <\/strong>, se isso \u00e9 realmente legal em seu pa\u00eds de resid\u00eancia. Bem, voc\u00ea n\u00e3o precisa se preocupar porque n\u00f3s cuidamos de garantir que tudo seja legal de acordo com o pa\u00eds de onde os bilhetes s\u00e3o comprados, incluindo o pa\u00eds onde a loteria est\u00e1 localizada. Voc\u00ea n\u00e3o precisa se preocupar com nada, exceto certificando-se de que voc\u00ea tem idade legal suficiente para comprar os ingressos. Voc\u00ea precisa ter 18 anos para usar nosso website.<\/p>\n<h2>Como recebo o pagamento se ganhar o Saturday Lotto Australia online?<\/h2>\n<p>Sabemos que voc\u00ea n\u00e3o quer que ningu\u00e9m participe de seus ganhos e \u00e9 por isso que garantimos isso. Voc\u00ea nunca nos pagar\u00e1 comiss\u00e3o quando ganhar seus jogos de loteria favoritos. E voc\u00ea n\u00e3o precisa se preocupar em nos pagar uma comiss\u00e3o sobre os ganhos.<\/p>\n<p>A \u00fanica vez em que voc\u00ea pagar\u00e1 uma taxa \u00e9 se voc\u00ea optar por ter seus <a href=\"https:\/\/onlinelotto365.com\/pt-pt\/numeros-vencedores\"> ganhos da loteria <\/a> depositados por meio de transfer\u00eancia banc\u00e1ria, por exemplo para um banco no Brasil. Essas transfer\u00eancias eletr\u00f4nicas \u00e0s vezes podem nos custar taxas, j\u00e1 que os bancos cobram por transfer\u00eancias internacionais. Essa taxa pode ser repassada a voc\u00ea e retirada dos ganhos que voc\u00ea fez.<br \/>\n<strong> Quando se trata de receber pagamentos, voc\u00ea s\u00f3 precisa se lembrar: <\/strong><\/p>\n<ul>\n<li>Pagamentos abaixo de \u20ac 2500 s\u00e3o colocados em sua conta. Voc\u00ea n\u00e3o precisa fazer nada porque n\u00f3s faremos tudo por voc\u00ea.<\/li>\n<li>Pagamentos acima de \u20ac 2500 s\u00e3o pagos por transfer\u00eancia banc\u00e1ria ou cheque. Nossa equipe de suporte entrar\u00e1 em contato com voc\u00ea para preencher um formul\u00e1rio que nos informar\u00e1 como enviar o dinheiro para voc\u00ea. Ent\u00e3o voc\u00ea s\u00f3 precisa esperar alguns dias para que ele esteja l\u00e1.<\/li>\n<\/ul>\n","protected":false},"excerpt":{"rendered":"<p>Se voc\u00ea n\u00e3o tinha certeza de como comprar bilhetes da Saturday Lotto Brazil online, voc\u00ea vai querer dar uma olhada neste guia passo a passo que foi desenvolvido para ajud\u00e1-lo a chegar l\u00e1 rapidamente . Voc\u00ea n\u00e3o ter\u00e1 que se preocupar com nada porque vamos ajud\u00e1-lo. V\u00e1 para a p\u00e1gina da Loteria de S\u00e1bado na [&hellip;]<\/p>\n","protected":false},"author":1,"featured_media":0,"parent":4636,"menu_order":15,"comment_status":"closed","ping_status":"closed","template":"saturday-lotto-info.php","meta":{"_et_pb_use_builder":"","_et_pb_old_content":"","_et_gb_content_width":"","exclude_from_search":false,"footnotes":""},"class_list":["post-11996","page","type-page","status-publish","hentry"],"yoast_head":"<!-- This site is optimized with the Yoast SEO plugin v23.4 - https:\/\/yoast.com\/wordpress\/plugins\/seo\/ -->\n<title>Como obter bilhetes para a Saturday Lotto Australia se for residente do Brasil<\/title>\n<meta name=\"description\" content=\"Os residentes do Brasil podem agora comprar bilhetes para a lotaria de s\u00e1bado na Austr\u00e1lia\" \/>\n<meta name=\"robots\" content=\"index, follow, max-snippet:-1, max-image-preview:large, max-video-preview:-1\" \/>\n<link rel=\"canonical\" href=\"https:\/\/onlinelotto365.com\/pt-pt\/comprar-bilhetes\/saturday-lotto-australia\/\" \/>\n<meta property=\"og:locale\" content=\"pt_PT\" \/>\n<meta property=\"og:type\" content=\"article\" \/>\n<meta property=\"og:title\" content=\"Como obter bilhetes para a Saturday Lotto Australia se for residente do Brasil\" \/>\n<meta property=\"og:description\" content=\"Os residentes do Brasil podem agora comprar bilhetes para a lotaria de s\u00e1bado na Austr\u00e1lia\" \/>\n<meta property=\"og:url\" content=\"https:\/\/onlinelotto365.com\/pt-pt\/comprar-bilhetes\/saturday-lotto-australia\/\" \/>\n<meta property=\"og:site_name\" content=\"OnlineLotto365\" \/>\n<meta property=\"article:modified_time\" content=\"2021-01-06T13:29:27+00:00\" \/>\n<meta property=\"og:image\" content=\"https:\/\/redfoxlotto.com\/image?size=8&amp;lottery=saturday-lotto-au\" \/>\n<meta name=\"twitter:card\" content=\"summary_large_image\" \/>\n<meta name=\"twitter:label1\" content=\"Tempo estimado de leitura\" \/>\n\t<meta name=\"twitter:data1\" content=\"4 minutos\" \/>\n<script type=\"application\/ld+json\" class=\"yoast-schema-graph\">{\"@context\":\"https:\/\/schema.org\",\"@graph\":[{\"@type\":\"WebPage\",\"@id\":\"https:\/\/onlinelotto365.com\/pt-pt\/comprar-bilhetes\/saturday-lotto-australia\/\",\"url\":\"https:\/\/onlinelotto365.com\/pt-pt\/comprar-bilhetes\/saturday-lotto-australia\/\",\"name\":\"Como obter bilhetes para a Saturday Lotto Australia se for residente do Brasil\",\"isPartOf\":{\"@id\":\"https:\/\/onlinelotto365.com\/pt-pt\/#website\"},\"primaryImageOfPage\":{\"@id\":\"https:\/\/onlinelotto365.com\/pt-pt\/comprar-bilhetes\/saturday-lotto-australia\/#primaryimage\"},\"image\":{\"@id\":\"https:\/\/onlinelotto365.com\/pt-pt\/comprar-bilhetes\/saturday-lotto-australia\/#primaryimage\"},\"thumbnailUrl\":\"https:\/\/redfoxlotto.com\/image?size=8&amp;lottery=saturday-lotto-au\",\"datePublished\":\"2020-12-21T09:18:07+00:00\",\"dateModified\":\"2021-01-06T13:29:27+00:00\",\"description\":\"Os residentes do Brasil podem agora comprar bilhetes para a lotaria de s\u00e1bado na Austr\u00e1lia\",\"breadcrumb\":{\"@id\":\"https:\/\/onlinelotto365.com\/pt-pt\/comprar-bilhetes\/saturday-lotto-australia\/#breadcrumb\"},\"inLanguage\":\"pt-PT\",\"potentialAction\":[{\"@type\":\"ReadAction\",\"target\":[\"https:\/\/onlinelotto365.com\/pt-pt\/comprar-bilhetes\/saturday-lotto-australia\/\"]}]},{\"@type\":\"ImageObject\",\"inLanguage\":\"pt-PT\",\"@id\":\"https:\/\/onlinelotto365.com\/pt-pt\/comprar-bilhetes\/saturday-lotto-australia\/#primaryimage\",\"url\":\"https:\/\/redfoxlotto.com\/image?size=8&amp;lottery=saturday-lotto-au\",\"contentUrl\":\"https:\/\/redfoxlotto.com\/image?size=8&amp;lottery=saturday-lotto-au\"},{\"@type\":\"BreadcrumbList\",\"@id\":\"https:\/\/onlinelotto365.com\/pt-pt\/comprar-bilhetes\/saturday-lotto-australia\/#breadcrumb\",\"itemListElement\":[{\"@type\":\"ListItem\",\"position\":1,\"name\":\"Home\",\"item\":\"https:\/\/onlinelotto365.com\/pt-pt\/\"},{\"@type\":\"ListItem\",\"position\":2,\"name\":\"Porque \u00e9 que faz mais sentido comprar bilhetes de lotaria online\",\"item\":\"https:\/\/onlinelotto365.com\/pt-pt\/buy-tickets\/\"},{\"@type\":\"ListItem\",\"position\":3,\"name\":\"Como comprar bilhetes para a Saturday Lotto Australia online\"}]},{\"@type\":\"WebSite\",\"@id\":\"https:\/\/onlinelotto365.com\/pt-pt\/#website\",\"url\":\"https:\/\/onlinelotto365.com\/pt-pt\/\",\"name\":\"OnlineLotto365\",\"description\":\"\",\"potentialAction\":[{\"@type\":\"SearchAction\",\"target\":{\"@type\":\"EntryPoint\",\"urlTemplate\":\"https:\/\/onlinelotto365.com\/pt-pt\/?s={search_term_string}\"},\"query-input\":{\"@type\":\"PropertyValueSpecification\",\"valueRequired\":true,\"valueName\":\"search_term_string\"}}],\"inLanguage\":\"pt-PT\"}]}<\/script>\n<!-- \/ Yoast SEO plugin. -->","yoast_head_json":{"title":"Como obter bilhetes para a Saturday Lotto Australia se for residente do Brasil","description":"Os residentes do Brasil podem agora comprar bilhetes para a lotaria de s\u00e1bado na Austr\u00e1lia","robots":{"index":"index","follow":"follow","max-snippet":"max-snippet:-1","max-image-preview":"max-image-preview:large","max-video-preview":"max-video-preview:-1"},"canonical":"https:\/\/onlinelotto365.com\/pt-pt\/comprar-bilhetes\/saturday-lotto-australia\/","og_locale":"pt_PT","og_type":"article","og_title":"Como obter bilhetes para a Saturday Lotto Australia se for residente do Brasil","og_description":"Os residentes do Brasil podem agora comprar bilhetes para a lotaria de s\u00e1bado na Austr\u00e1lia","og_url":"https:\/\/onlinelotto365.com\/pt-pt\/comprar-bilhetes\/saturday-lotto-australia\/","og_site_name":"OnlineLotto365","article_modified_time":"2021-01-06T13:29:27+00:00","og_image":[{"url":"https:\/\/redfoxlotto.com\/image?size=8&amp;lottery=saturday-lotto-au"}],"twitter_card":"summary_large_image","twitter_misc":{"Tempo estimado de leitura":"4 minutos"},"schema":{"@context":"https:\/\/schema.org","@graph":[{"@type":"WebPage","@id":"https:\/\/onlinelotto365.com\/pt-pt\/comprar-bilhetes\/saturday-lotto-australia\/","url":"https:\/\/onlinelotto365.com\/pt-pt\/comprar-bilhetes\/saturday-lotto-australia\/","name":"Como obter bilhetes para a Saturday Lotto Australia se for residente do Brasil","isPartOf":{"@id":"https:\/\/onlinelotto365.com\/pt-pt\/#website"},"primaryImageOfPage":{"@id":"https:\/\/onlinelotto365.com\/pt-pt\/comprar-bilhetes\/saturday-lotto-australia\/#primaryimage"},"image":{"@id":"https:\/\/onlinelotto365.com\/pt-pt\/comprar-bilhetes\/saturday-lotto-australia\/#primaryimage"},"thumbnailUrl":"https:\/\/redfoxlotto.com\/image?size=8&amp;lottery=saturday-lotto-au","datePublished":"2020-12-21T09:18:07+00:00","dateModified":"2021-01-06T13:29:27+00:00","description":"Os residentes do Brasil podem agora comprar bilhetes para a lotaria de s\u00e1bado na Austr\u00e1lia","breadcrumb":{"@id":"https:\/\/onlinelotto365.com\/pt-pt\/comprar-bilhetes\/saturday-lotto-australia\/#breadcrumb"},"inLanguage":"pt-PT","potentialAction":[{"@type":"ReadAction","target":["https:\/\/onlinelotto365.com\/pt-pt\/comprar-bilhetes\/saturday-lotto-australia\/"]}]},{"@type":"ImageObject","inLanguage":"pt-PT","@id":"https:\/\/onlinelotto365.com\/pt-pt\/comprar-bilhetes\/saturday-lotto-australia\/#primaryimage","url":"https:\/\/redfoxlotto.com\/image?size=8&amp;lottery=saturday-lotto-au","contentUrl":"https:\/\/redfoxlotto.com\/image?size=8&amp;lottery=saturday-lotto-au"},{"@type":"BreadcrumbList","@id":"https:\/\/onlinelotto365.com\/pt-pt\/comprar-bilhetes\/saturday-lotto-australia\/#breadcrumb","itemListElement":[{"@type":"ListItem","position":1,"name":"Home","item":"https:\/\/onlinelotto365.com\/pt-pt\/"},{"@type":"ListItem","position":2,"name":"Porque \u00e9 que faz mais sentido comprar bilhetes de lotaria online","item":"https:\/\/onlinelotto365.com\/pt-pt\/buy-tickets\/"},{"@type":"ListItem","position":3,"name":"Como comprar bilhetes para a Saturday Lotto Australia online"}]},{"@type":"WebSite","@id":"https:\/\/onlinelotto365.com\/pt-pt\/#website","url":"https:\/\/onlinelotto365.com\/pt-pt\/","name":"OnlineLotto365","description":"","potentialAction":[{"@type":"SearchAction","target":{"@type":"EntryPoint","urlTemplate":"https:\/\/onlinelotto365.com\/pt-pt\/?s={search_term_string}"},"query-input":{"@type":"PropertyValueSpecification","valueRequired":true,"valueName":"search_term_string"}}],"inLanguage":"pt-PT"}]}},"_links":{"self":[{"href":"https:\/\/onlinelotto365.com\/pt-pt\/wp-json\/wp\/v2\/pages\/11996","targetHints":{"allow":["GET"]}}],"collection":[{"href":"https:\/\/onlinelotto365.com\/pt-pt\/wp-json\/wp\/v2\/pages"}],"about":[{"href":"https:\/\/onlinelotto365.com\/pt-pt\/wp-json\/wp\/v2\/types\/page"}],"author":[{"embeddable":true,"href":"https:\/\/onlinelotto365.com\/pt-pt\/wp-json\/wp\/v2\/users\/1"}],"replies":[{"embeddable":true,"href":"https:\/\/onlinelotto365.com\/pt-pt\/wp-json\/wp\/v2\/comments?post=11996"}],"version-history":[{"count":0,"href":"https:\/\/onlinelotto365.com\/pt-pt\/wp-json\/wp\/v2\/pages\/11996\/revisions"}],"up":[{"embeddable":true,"href":"https:\/\/onlinelotto365.com\/pt-pt\/wp-json\/wp\/v2\/pages\/4636"}],"wp:attachment":[{"href":"https:\/\/onlinelotto365.com\/pt-pt\/wp-json\/wp\/v2\/media?parent=11996"}],"curies":[{"name":"wp","href":"https:\/\/api.w.org\/{rel}","templated":true}]}}