{"id":11998,"date":"2020-12-21T10:19:28","date_gmt":"2020-12-21T09:19:28","guid":{"rendered":"http:\/\/onlinelotto365.net\/?page_id=11998"},"modified":"2021-01-06T14:29:44","modified_gmt":"2021-01-06T13:29:44","slug":"mon-wed-lotto-australia","status":"publish","type":"page","link":"https:\/\/onlinelotto365.com\/pt-pt\/comprar-bilhetes\/mon-wed-lotto-australia\/","title":{"rendered":"Como comprar bilhetes para a Mon &#038; Wed Lotto Australia online"},"content":{"rendered":"<p>Descrevemos as diferentes etapas que voc\u00ea precisa seguir se <strong> estiver pensando em comprar Mon &amp; amp; Bilhetes da Quarta Lotto Austr\u00e1lia <\/strong> no nosso site. \u00c9 simples e f\u00e1cil e, ao seguir essas etapas, voc\u00ea ver\u00e1 que seus ingressos est\u00e3o prontos para sair rapidamente.<\/p>\n<ul>\n<li>V\u00e1 para a p\u00e1gina da <a href=\"https:\/\/onlinelotto365.com\/pt-pt\/jogar\"> loteria que voc\u00ea deseja jogar <\/a> e escolha os n\u00fameros que vai jogar em cada bilhete<\/li>\n<li>Adicione quantos ingressos para este ou qualquer outro jogo voc\u00ea deseja criar seu pedido<\/li>\n<li>Escolha a op\u00e7\u00e3o de pagar agora<\/li>\n<li>Fa\u00e7a login em sua conta atual ou siga o processo de cria\u00e7\u00e3o de uma nova conta e registr\u00e1-la<\/li>\n<li>V\u00e1 para seu e-mail para obter o link de verifica\u00e7\u00e3o para registrar sua conta e fazer uma compra<\/li>\n<li>Verifique sua pasta de e-mail de spam para ver se o e-mail foi enviado para l\u00e1 por engano, caso n\u00e3o esteja na caixa de entrada<\/li>\n<li>Passe pelo processo de finaliza\u00e7\u00e3o da compra em seu carrinho de compras<\/li>\n<li>Escolha a forma de pagamento que deseja usar e siga as instru\u00e7\u00f5es para processar seu pagamento<\/li>\n<\/ul>\n<p><a href=\"https:\/\/redfoxlotto.com\/pt\/jogar\/monday-wednesday-lotto-au\/?ref=a8564250a2&amp;medium=ol365\" target=\"_blank\" rel=\"noopener noreferrer\"> <img decoding=\"async\" class=\"aligncenter\" src=\"https:\/\/redfoxlotto.com\/image?size=8&amp;lottery=monday-wednesday-lotto-au\" alt=\"Mon &amp; Wed Lotto Australia\" \/> <\/a><\/p>\n<h2>Como pagar pelo seu Mon &amp; amp; Quarta Lotto Austr\u00e1lia bilhete online<\/h2>\n<p>Quando se trata de efetuar um pagamento, voc\u00ea tem v\u00e1rias op\u00e7\u00f5es totalmente seguras. Tudo que voc\u00ea precisa fazer \u00e9 dar uma olhada aqui e ver quais ser\u00e3o algumas dessas op\u00e7\u00f5es.<br \/>\nAdquira seus ingressos escolhendo uma das duas op\u00e7\u00f5es:<\/p>\n<ul>\n<li>Pague diretamente com um m\u00e9todo de pagamento de sua escolha<\/li>\n<li>Adicione dinheiro a uma conta de jogador e use essa conta para comprar seus ingressos<\/li>\n<\/ul>\n<p>N\u00e3o cometa o erro de colocar muito pouco em sua conta para pagar seus ingressos. Voc\u00ea precisa de um pouco mais do que o valor do seu carrinho.<\/p>\n<h2>Mais informa\u00e7\u00f5es sobre seg &amp; amp; Quarta Lotto Austr\u00e1lia<\/h2>\n<ul>\n<li>Pa\u00eds: Austr\u00e1lia<\/li>\n<li>Faixa de n\u00fameros principais: 45<\/li>\n<li>Voc\u00ea escolhe: 6<\/li>\n<li>Dias e horas do sorteio: segunda, quarta, 21:30 GMT + 11, 10:30 CET<\/li>\n<li>Jackpot m\u00ednimo: AU $ 2,5 milh\u00f5es<\/li>\n<li>Jackpot m\u00e1ximo: jackpot fixo<\/li>\n<li>Probabilidade de ganhar o jackpot: 1 em 8145060<\/li>\n<li>Probabilidade de vit\u00f3ria de n\u00edvel 2: 1 em 678755<\/li>\n<li>Probabilidade de vencer em qualquer n\u00edvel: 1 em 85,44<\/li>\n<li>N\u00famero de categorias de pr\u00eamios: 6<\/li>\n<\/ul>\n<h2>Vantagens de comprar Seg &amp; amp; Quarta Lotto Austr\u00e1lia bilhetes online<\/h2>\n<ul>\n<li>Compre bilhetes de loteria em casa, sem se preocupar em sair<\/li>\n<li>Escolha entre todos os seus ingressos favoritos e depois alguns<\/li>\n<li>Obtenha <a href=\"https:\/\/onlinelotto365.com\/pt-pt\/news\/que-lotarias-tem-melhores-hipoteses-de-ganhar\"> melhores probabilidades ao escolher os jogos com os maiores jackpot <\/a><\/li>\n<li>Use o saldo de sua conta para comprar ingressos depositando dinheiro<\/li>\n<li>Acompanhe os seus ingressos por meio de uma conta online<\/li>\n<li>Receba notifica\u00e7\u00f5es sempre que tiver um t\u00edquete vencedor<\/li>\n<li>Use o gerador de n\u00fameros aleat\u00f3rios para escolher os ingressos para voc\u00ea<\/li>\n<\/ul>\n<h2>\u00c9 legal comprar Seg &amp; amp; Quarta loteria Austr\u00e1lia online? <img decoding=\"async\" class=\"alignright wp-image-3685\" src=\"https:\/\/onlinelotto365.com\/wp-content\/uploads\/2020\/11\/online_lottery-4-300x192.jpeg\" alt=\" seg qua lotto Austr\u00e1lia online \" width=\" 255 \" height=\" 163 \" srcset=\"https:\/\/onlinelotto365.com\/wp-content\/uploads\/2020\/11\/online_lottery-4-300x192.jpeg 300w, https:\/\/onlinelotto365.com\/wp-content\/uploads\/2020\/11\/online_lottery-4-600x383.jpeg 600w, https:\/\/onlinelotto365.com\/wp-content\/uploads\/2020\/11\/online_lottery-4.jpeg 751w\" sizes=\"(max-width: 300px) 100vw, 300px\" \/><\/h2>\n<p>Muitas pessoas temem que comprar bilhetes online seja ilegal ou que compr\u00e1-los da forma tradicional possa ser ilegal em seu pa\u00eds de origem. Bem, nos certificamos de que todos os regulamentos s\u00e3o seguidos para o pa\u00eds de origem da loteria. Garantiremos que voc\u00ea receba seus ganhos na loteria tamb\u00e9m. Quer voc\u00ea ganhe um pr\u00eamio pequeno ou grande, n\u00f3s o ajudaremos a conseguir o que procura e o que tem direito.<br \/>\nTodos os usu\u00e1rios do nosso site devem ter <a href=\"https:\/\/onlinelotto365.com\/pt-pt\/news\/idade-minima-para-comprar-bilhetes-de-loteria\"> pelo menos 18 anos de idade <\/a>.<\/p>\n<h2>Como recebo o pagamento se ganhar Seg &amp; amp; Quarta Lotto Austr\u00e1lia online?<\/h2>\n<p>Conseguir pr\u00eamios para nossos clientes no Brasil ou em outras partes do mundo \u00e9 a parte mais importante do processo e fazemos isso garantindo que n\u00e3o haja comiss\u00f5es. Voc\u00ea n\u00e3o precisa se preocupar com a possibilidade de retirarmos nada de seus ganhos, a menos que decida fazer uma transfer\u00eancia banc\u00e1ria.<br \/>\nEste m\u00e9todo de pagamento, especialmente quando feito como uma transa\u00e7\u00e3o internacional, pode nos custar quando o banco cobra taxas. Se isso acontecer, o custo pode ser repassado a voc\u00ea e deduzido de seus ganhos.<br \/>\nExistem duas maneiras diferentes de efetuar os pagamentos.<\/p>\n<ul>\n<li>Pagamentos inferiores a 2500 \u20ac ser\u00e3o efectuados sem qualquer entrada sua. Nossa equipe garante que o dinheiro seja depositado diretamente em sua conta.<\/li>\n<li>As quantias de ganhos superiores a 2500 \u20ac s\u00e3o processadas de forma diferente. <strong> Esses valores precisam ser processados \u200b\u200bcom a comiss\u00e3o da loteria <\/strong> e isso significa que precisamos preencher um formul\u00e1rio de reivindica\u00e7\u00e3o. Enviaremos o formul\u00e1rio para voc\u00eae tudo o que voc\u00ea precisa fazer \u00e9 preencher e nos informar se deseja que seu dinheiro seja enviado ao Brasil por transfer\u00eancia banc\u00e1ria ou cheque.<\/li>\n<\/ul>\n","protected":false},"excerpt":{"rendered":"<p>Descrevemos as diferentes etapas que voc\u00ea precisa seguir se estiver pensando em comprar Mon &amp; amp; Bilhetes da Quarta Lotto Austr\u00e1lia no nosso site. \u00c9 simples e f\u00e1cil e, ao seguir essas etapas, voc\u00ea ver\u00e1 que seus ingressos est\u00e3o prontos para sair rapidamente. V\u00e1 para a p\u00e1gina da loteria que voc\u00ea deseja jogar e escolha [&hellip;]<\/p>\n","protected":false},"author":1,"featured_media":0,"parent":4636,"menu_order":16,"comment_status":"closed","ping_status":"closed","template":"template-rightsidebar.php","meta":{"_et_pb_use_builder":"","_et_pb_old_content":"","_et_gb_content_width":"","exclude_from_search":false,"footnotes":""},"class_list":["post-11998","page","type-page","status-publish","hentry"],"yoast_head":"<!-- This site is optimized with the Yoast SEO plugin v23.4 - https:\/\/yoast.com\/wordpress\/plugins\/seo\/ -->\n<title>Compra de bilhetes online para Mon &amp; Wed Lotto Australia<\/title>\n<meta name=\"description\" content=\"N\u00e3o importa onde voc\u00ea vive, e agora n\u00e3o importa o que voc\u00ea est\u00e1 procurando, voc\u00ea pode obter bilhetes para Mon &amp; Wed Lotto Australia aqui!\" \/>\n<meta name=\"robots\" content=\"index, follow, max-snippet:-1, max-image-preview:large, max-video-preview:-1\" \/>\n<link rel=\"canonical\" href=\"https:\/\/onlinelotto365.com\/pt-pt\/comprar-bilhetes\/mon-wed-lotto-australia\/\" \/>\n<meta property=\"og:locale\" content=\"pt_PT\" \/>\n<meta property=\"og:type\" content=\"article\" \/>\n<meta property=\"og:title\" content=\"Compra de bilhetes online para Mon &amp; Wed Lotto Australia\" \/>\n<meta property=\"og:description\" content=\"N\u00e3o importa onde voc\u00ea vive, e agora n\u00e3o importa o que voc\u00ea est\u00e1 procurando, voc\u00ea pode obter bilhetes para Mon &amp; Wed Lotto Australia aqui!\" \/>\n<meta property=\"og:url\" content=\"https:\/\/onlinelotto365.com\/pt-pt\/comprar-bilhetes\/mon-wed-lotto-australia\/\" \/>\n<meta property=\"og:site_name\" content=\"OnlineLotto365\" \/>\n<meta property=\"article:modified_time\" content=\"2021-01-06T13:29:44+00:00\" \/>\n<meta property=\"og:image\" content=\"https:\/\/redfoxlotto.com\/image?size=8&amp;lottery=monday-wednesday-lotto-au\" \/>\n<meta name=\"twitter:card\" content=\"summary_large_image\" \/>\n<meta name=\"twitter:label1\" content=\"Tempo estimado de leitura\" \/>\n\t<meta name=\"twitter:data1\" content=\"4 minutos\" \/>\n<script type=\"application\/ld+json\" class=\"yoast-schema-graph\">{\"@context\":\"https:\/\/schema.org\",\"@graph\":[{\"@type\":\"WebPage\",\"@id\":\"https:\/\/onlinelotto365.com\/pt-pt\/comprar-bilhetes\/mon-wed-lotto-australia\/\",\"url\":\"https:\/\/onlinelotto365.com\/pt-pt\/comprar-bilhetes\/mon-wed-lotto-australia\/\",\"name\":\"Compra de bilhetes online para Mon & Wed Lotto Australia\",\"isPartOf\":{\"@id\":\"https:\/\/onlinelotto365.com\/pt-pt\/#website\"},\"primaryImageOfPage\":{\"@id\":\"https:\/\/onlinelotto365.com\/pt-pt\/comprar-bilhetes\/mon-wed-lotto-australia\/#primaryimage\"},\"image\":{\"@id\":\"https:\/\/onlinelotto365.com\/pt-pt\/comprar-bilhetes\/mon-wed-lotto-australia\/#primaryimage\"},\"thumbnailUrl\":\"https:\/\/redfoxlotto.com\/image?size=8&amp;lottery=monday-wednesday-lotto-au\",\"datePublished\":\"2020-12-21T09:19:28+00:00\",\"dateModified\":\"2021-01-06T13:29:44+00:00\",\"description\":\"N\u00e3o importa onde voc\u00ea vive, e agora n\u00e3o importa o que voc\u00ea est\u00e1 procurando, voc\u00ea pode obter bilhetes para Mon & Wed Lotto Australia aqui!\",\"breadcrumb\":{\"@id\":\"https:\/\/onlinelotto365.com\/pt-pt\/comprar-bilhetes\/mon-wed-lotto-australia\/#breadcrumb\"},\"inLanguage\":\"pt-PT\",\"potentialAction\":[{\"@type\":\"ReadAction\",\"target\":[\"https:\/\/onlinelotto365.com\/pt-pt\/comprar-bilhetes\/mon-wed-lotto-australia\/\"]}]},{\"@type\":\"ImageObject\",\"inLanguage\":\"pt-PT\",\"@id\":\"https:\/\/onlinelotto365.com\/pt-pt\/comprar-bilhetes\/mon-wed-lotto-australia\/#primaryimage\",\"url\":\"https:\/\/redfoxlotto.com\/image?size=8&amp;lottery=monday-wednesday-lotto-au\",\"contentUrl\":\"https:\/\/redfoxlotto.com\/image?size=8&amp;lottery=monday-wednesday-lotto-au\"},{\"@type\":\"BreadcrumbList\",\"@id\":\"https:\/\/onlinelotto365.com\/pt-pt\/comprar-bilhetes\/mon-wed-lotto-australia\/#breadcrumb\",\"itemListElement\":[{\"@type\":\"ListItem\",\"position\":1,\"name\":\"Home\",\"item\":\"https:\/\/onlinelotto365.com\/pt-pt\/\"},{\"@type\":\"ListItem\",\"position\":2,\"name\":\"Porque \u00e9 que faz mais sentido comprar bilhetes de lotaria online\",\"item\":\"https:\/\/onlinelotto365.com\/pt-pt\/buy-tickets\/\"},{\"@type\":\"ListItem\",\"position\":3,\"name\":\"Como comprar bilhetes para a Mon &#038; Wed Lotto Australia online\"}]},{\"@type\":\"WebSite\",\"@id\":\"https:\/\/onlinelotto365.com\/pt-pt\/#website\",\"url\":\"https:\/\/onlinelotto365.com\/pt-pt\/\",\"name\":\"OnlineLotto365\",\"description\":\"\",\"potentialAction\":[{\"@type\":\"SearchAction\",\"target\":{\"@type\":\"EntryPoint\",\"urlTemplate\":\"https:\/\/onlinelotto365.com\/pt-pt\/?s={search_term_string}\"},\"query-input\":{\"@type\":\"PropertyValueSpecification\",\"valueRequired\":true,\"valueName\":\"search_term_string\"}}],\"inLanguage\":\"pt-PT\"}]}<\/script>\n<!-- \/ Yoast SEO plugin. -->","yoast_head_json":{"title":"Compra de bilhetes online para Mon & Wed Lotto Australia","description":"N\u00e3o importa onde voc\u00ea vive, e agora n\u00e3o importa o que voc\u00ea est\u00e1 procurando, voc\u00ea pode obter bilhetes para Mon & Wed Lotto Australia aqui!","robots":{"index":"index","follow":"follow","max-snippet":"max-snippet:-1","max-image-preview":"max-image-preview:large","max-video-preview":"max-video-preview:-1"},"canonical":"https:\/\/onlinelotto365.com\/pt-pt\/comprar-bilhetes\/mon-wed-lotto-australia\/","og_locale":"pt_PT","og_type":"article","og_title":"Compra de bilhetes online para Mon & Wed Lotto Australia","og_description":"N\u00e3o importa onde voc\u00ea vive, e agora n\u00e3o importa o que voc\u00ea est\u00e1 procurando, voc\u00ea pode obter bilhetes para Mon & Wed Lotto Australia aqui!","og_url":"https:\/\/onlinelotto365.com\/pt-pt\/comprar-bilhetes\/mon-wed-lotto-australia\/","og_site_name":"OnlineLotto365","article_modified_time":"2021-01-06T13:29:44+00:00","og_image":[{"url":"https:\/\/redfoxlotto.com\/image?size=8&amp;lottery=monday-wednesday-lotto-au"}],"twitter_card":"summary_large_image","twitter_misc":{"Tempo estimado de leitura":"4 minutos"},"schema":{"@context":"https:\/\/schema.org","@graph":[{"@type":"WebPage","@id":"https:\/\/onlinelotto365.com\/pt-pt\/comprar-bilhetes\/mon-wed-lotto-australia\/","url":"https:\/\/onlinelotto365.com\/pt-pt\/comprar-bilhetes\/mon-wed-lotto-australia\/","name":"Compra de bilhetes online para Mon & Wed Lotto Australia","isPartOf":{"@id":"https:\/\/onlinelotto365.com\/pt-pt\/#website"},"primaryImageOfPage":{"@id":"https:\/\/onlinelotto365.com\/pt-pt\/comprar-bilhetes\/mon-wed-lotto-australia\/#primaryimage"},"image":{"@id":"https:\/\/onlinelotto365.com\/pt-pt\/comprar-bilhetes\/mon-wed-lotto-australia\/#primaryimage"},"thumbnailUrl":"https:\/\/redfoxlotto.com\/image?size=8&amp;lottery=monday-wednesday-lotto-au","datePublished":"2020-12-21T09:19:28+00:00","dateModified":"2021-01-06T13:29:44+00:00","description":"N\u00e3o importa onde voc\u00ea vive, e agora n\u00e3o importa o que voc\u00ea est\u00e1 procurando, voc\u00ea pode obter bilhetes para Mon & Wed Lotto Australia aqui!","breadcrumb":{"@id":"https:\/\/onlinelotto365.com\/pt-pt\/comprar-bilhetes\/mon-wed-lotto-australia\/#breadcrumb"},"inLanguage":"pt-PT","potentialAction":[{"@type":"ReadAction","target":["https:\/\/onlinelotto365.com\/pt-pt\/comprar-bilhetes\/mon-wed-lotto-australia\/"]}]},{"@type":"ImageObject","inLanguage":"pt-PT","@id":"https:\/\/onlinelotto365.com\/pt-pt\/comprar-bilhetes\/mon-wed-lotto-australia\/#primaryimage","url":"https:\/\/redfoxlotto.com\/image?size=8&amp;lottery=monday-wednesday-lotto-au","contentUrl":"https:\/\/redfoxlotto.com\/image?size=8&amp;lottery=monday-wednesday-lotto-au"},{"@type":"BreadcrumbList","@id":"https:\/\/onlinelotto365.com\/pt-pt\/comprar-bilhetes\/mon-wed-lotto-australia\/#breadcrumb","itemListElement":[{"@type":"ListItem","position":1,"name":"Home","item":"https:\/\/onlinelotto365.com\/pt-pt\/"},{"@type":"ListItem","position":2,"name":"Porque \u00e9 que faz mais sentido comprar bilhetes de lotaria online","item":"https:\/\/onlinelotto365.com\/pt-pt\/buy-tickets\/"},{"@type":"ListItem","position":3,"name":"Como comprar bilhetes para a Mon &#038; Wed Lotto Australia online"}]},{"@type":"WebSite","@id":"https:\/\/onlinelotto365.com\/pt-pt\/#website","url":"https:\/\/onlinelotto365.com\/pt-pt\/","name":"OnlineLotto365","description":"","potentialAction":[{"@type":"SearchAction","target":{"@type":"EntryPoint","urlTemplate":"https:\/\/onlinelotto365.com\/pt-pt\/?s={search_term_string}"},"query-input":{"@type":"PropertyValueSpecification","valueRequired":true,"valueName":"search_term_string"}}],"inLanguage":"pt-PT"}]}},"_links":{"self":[{"href":"https:\/\/onlinelotto365.com\/pt-pt\/wp-json\/wp\/v2\/pages\/11998","targetHints":{"allow":["GET"]}}],"collection":[{"href":"https:\/\/onlinelotto365.com\/pt-pt\/wp-json\/wp\/v2\/pages"}],"about":[{"href":"https:\/\/onlinelotto365.com\/pt-pt\/wp-json\/wp\/v2\/types\/page"}],"author":[{"embeddable":true,"href":"https:\/\/onlinelotto365.com\/pt-pt\/wp-json\/wp\/v2\/users\/1"}],"replies":[{"embeddable":true,"href":"https:\/\/onlinelotto365.com\/pt-pt\/wp-json\/wp\/v2\/comments?post=11998"}],"version-history":[{"count":0,"href":"https:\/\/onlinelotto365.com\/pt-pt\/wp-json\/wp\/v2\/pages\/11998\/revisions"}],"up":[{"embeddable":true,"href":"https:\/\/onlinelotto365.com\/pt-pt\/wp-json\/wp\/v2\/pages\/4636"}],"wp:attachment":[{"href":"https:\/\/onlinelotto365.com\/pt-pt\/wp-json\/wp\/v2\/media?parent=11998"}],"curies":[{"name":"wp","href":"https:\/\/api.w.org\/{rel}","templated":true}]}}