{"id":4493,"date":"2020-11-30T12:01:07","date_gmt":"2020-11-30T11:01:07","guid":{"rendered":"http:\/\/onlinelotto365.net\/bem-vindo-ao-onlinelotto365"},"modified":"2023-10-04T09:18:05","modified_gmt":"2023-10-04T08:18:05","slug":"home","status":"publish","type":"page","link":"https:\/\/onlinelotto365.com\/pt-pt\/","title":{"rendered":"Bem-vindo ao OnlineLotto365!"},"content":{"rendered":"<p>At\u00e9 recentemente, os adeptos da lotaria limitavam-se a jogar a lotaria do nosso pr\u00f3prio pa\u00eds ou regi\u00e3o. Ouv\u00edamos falar destes grandes jackpots em outros lugares, com dezenas ou mesmo centenas de milh\u00f5es de d\u00f3lares ou euros ou o equivalente a estar em jogo, e desej\u00e1vamos que viv\u00eassemos em lugares onde se pudesse comprar bilhetes para estas grandes bonan\u00e7as da lotaria.<\/p>\n<p><a href=\"https:\/\/redfoxlotto.com\/pt\/?ref=a8564250a2&amp;medium=ol365\" target=\"_blank\" rel=\"noopener noreferrer\"><img loading=\"lazy\" decoding=\"async\" class=\"aligncenter\" src=\"https:\/\/redfoxlotto.com\/pt\/image?size=8&amp;lottery=mega-millions\" alt=\"Mega Millions\" width=\"728\" height=\"90\" \/><\/a><\/p>\n<p>Sei que desejaste entrar nesta grande a\u00e7\u00e3o tantas vezes como eu. Vemos aquelas pessoas a ganhar dinheiro com estes mega pr\u00e9mios e gostar\u00edamos que fossemos n\u00f3s. Nem sequer conseguimos jogar, quanto mais ganhar.<\/p>\n<p>Bem, isto est\u00e1 prestes a mudar. Agora, <strong>atrav\u00e9s do nosso novo servi\u00e7o de bilhetes de loto,<\/strong>n\u00e3o faz qualquer diferen\u00e7a se voc\u00ea vive num pa\u00eds onde uma lotaria est\u00e1 sendo realizada ou n\u00e3o. Finalmente, as pessoas que dirigem estas lotarias est\u00e3o a acordar para a realidade de que h\u00e1 muitos potenciais clientes noutros pa\u00edses que est\u00e3o a engasgar-se para uma a\u00e7\u00e3o mais excitante.<\/p>\n<h2>Agora encomende bilhetes online<\/h2>\n<p>Isto n\u00e3o \u00e9 o antigo, e como sabemos, a internet abriu o mundo inteiro onde tudo e<strong> tudo est\u00e1 agora dispon\u00edvel online.<\/strong> Ent\u00e3o por que n\u00e3o ter acesso a todas as grandes lotarias l\u00e1 fora? \u00c9 uma ideia cuja hora definitivamente chegou, e a espera por isto acabou agora.<\/p>\n<p>Torn\u00e1mos o acesso a tudo isto o mais f\u00e1cil poss\u00edvel. Tudo o que tens de fazer \u00e9 clicar<strong> numa das lotarias,<\/strong>para teres acesso instant\u00e2neo a tantos grandes jackpots. Ent\u00e3o tudo o que tem de fazer \u00e9 seguir as instru\u00e7\u00f5es simples que lhe s\u00e3o fornecidas, escolher os seus n\u00fameros e comprar o seu bilhete.<\/p>\n<h2>Pagamento seguro para lotto online<\/h2>\n<p>Este grande novo servi\u00e7o oferece v\u00e1rias op\u00e7\u00f5es de pagamento convenientes atrav\u00e9s de um processador de pagamento 100% seguro de \u00faltima gera\u00e7\u00e3o. Assim que tiver efetuados a sua compra dos seus bilhetes, eles enviar-lhe-\u00e3o uma confirma\u00e7\u00e3o por e-mail e ver\u00e1 o seu bilhete na sua conta de cliente. <strong>Tamb\u00e9m prestaremos assist\u00eancia gratuita na recolha dos seus <a href=\"https:\/\/onlinelotto365.com\/pt-pt\/numeros-vencedores\">ganhos<\/a><\/strong>, algo que vai precisar j\u00e1 que n\u00e3o vive no pa\u00eds onde a lotaria \u00e9 realizada. N\u00e3o h\u00e1 necessidade de nos preocuparmos com nada aqui, j\u00e1 que temos tudo totalmente coberto para os nossos clientes.<\/p>\n<h2>Quanto maiores forem os jackpots, mais hip\u00f3teses s\u00e3o as suas.<\/h2>\n<p><img loading=\"lazy\" decoding=\"async\" class=\" wp-image-1840 alignright\" src=\"https:\/\/onlinelotto365.com\/wp-content\/uploads\/2023\/10\/online_lottery-164-300x250-1.jpg\" alt=\"servi\u00e7o online de lotaria\" width=\"248\" height=\"207\" \/>N\u00e3o \u00e9 segredo que o <strong>valor das lotarias aumenta quando os jackpots tamb\u00e9m sobem.<\/strong> Por isso, se est\u00e1s preso a ter de esperar que a grande lotaria do nosso pa\u00eds cres\u00e7a muito, vais estar quase sempre \u00e0 espera. Claro, ainda \u00e9 muito divertido jogar com os jackpots mais pequenos, mas n\u00e3o h\u00e1 nada como jogar os grandes. N\u00e3o s\u00f3 \u00e9 muito mais divertido imaginarmo-nos a ganhar um daqueles grandes pr\u00e9mios com que vemos outros serem esbanjados, mas as probabilidades tamb\u00e9m est\u00e3o muito mais a nosso favor com os grandes.<\/p>\n<p>Leva tempo para que os jackpots cres\u00e7am at\u00e9 ao tamanho monumental que fazem ao longo do tempo, o que significa que uma quantidade significativa de tempo passou sem vencedor do jackpot da <a href=\"https:\/\/onlinelotto365.com\/pt-pt\/news\/como-jogar-na-loteria-internacional\">lotaria.<\/a> Assim, \u00e0 medida que esta hora continua, todos estes jackpots menores que ainda n\u00e3o foram ganhos continuam a acumular-se.<\/p>\n<p>N\u00e3o temos de entrar em mais pormenores sobre <strong>como os jackpots maiores s\u00e3o muito melhores para ti.<\/strong> Quanto mais acesso tiveres a estes grandes jackpots, melhor. Por isso, quando um servi\u00e7o de internet aparece assim, o que te pode p\u00f4r no jogo em todos os grandes l\u00e1 fora, isso \u00e9 o melhor que se pode ter para ti no que diz respeito a jogar na lotaria.<\/p>\n<p>Voc\u00ea agora tem acesso a todos os grandes l\u00e1 fora, incluindo o <strong>Powerball dos EUA,\u00a0<\/strong>e <a href=\"https:\/\/onlinelotto365.com\/pt-pt\/jogar\/mega-millions\"><strong>Mega Millions,\u00a0<\/strong><\/a>o espanhol El Gordo, <a style=\"color: #41a62a; outline: 0px;\" href=\"https:\/\/onlinelotto365.com\/pt-pt\/jogar\/eurojackpot\">Eurojackpot<\/a>, <a href=\"https:\/\/onlinelotto365.com\/pt-pt\/jogar\/superenalotto\">o Superenalotto <\/a>italiano, a Lotaria Brit\u00e2nica, v\u00e1rias lotarias australianas, e muito, muito mais.<\/p>\n<p>Mesmo que seja apenas um f\u00e3 casual de loto, por que se limitaria apenas \u00e0queles a que pode comprar bilhetes numa cabine quando pode expandir os seus horizontes para incluir o mundo inteiro atrav\u00e9s deste grande servi\u00e7o online? Mais uma vez, fornecemos-nos tudo isto por uma acusa\u00e7\u00e3o, mas eles n\u00e3o v\u00e3o deduzir nada dos nossos ganhos.<\/p>\n<h2>Os maiores dias de pagamento da hist\u00f3ria<\/h2>\n<p>Aqui est\u00e1 uma lista dos maiores jackpots ganhos nos \u00faltimos anos. N\u00e3o \u00e9 surpresa que todos tenham ocorrido nos EUA. As grandes lotarias americanas Powerball e Mega Millions geram enormes pagamentos regularmente. Por isso, n\u00e3o \u00e9 surpresa que <strong>a maioria das compras online sejam para bilhetes Powerball e Mega Millions.<\/strong><\/p>\n<ul>\n<li>1568 milh\u00f5es de d\u00f3lares, jackpot de Powerball ganho em 13 de janeiro de 2016. Este jackpot foi dividido entre 3 vencedores.<\/li>\n<li>1537 milh\u00f5es de d\u00f3lares, jackpot Mega Millions ganho por um \u00fanico vencedor em 23 de outubro de 2018<\/li>\n<li>$ 768 milh\u00f5es, ganhos no Powerball em 27 de mar\u00e7o de 2019<\/li>\n<li>758 milh\u00f5es de d\u00f3lares, ganhos no Powerball por um \u00fanico vencedor em agosto de 2017<\/li>\n<li>687 milh\u00f5es de d\u00f3lares, a serem partilhados por dois vencedores do Powerball no dia 27 de outubro de 2018<\/li>\n<li>656 milh\u00f5es de d\u00f3lares, um jackpot Mega Millions dividido entre tr\u00eas vencedores em mar\u00e7o de 2016<\/li>\n<\/ul>\n<p>Agora tens a oportunidade de ganhar em grande numa daquelas lotarias. Prepare-se para ser exposto ao melhor que o mundo tem para oferecer e, mais importante ainda, melhore as suas hip\u00f3teses de ganhar riquezas!<\/p>\n<h2>Evolu\u00e7\u00e3o da lotaria<\/h2>\n<p>Historicamente, as primeiras lotarias parecem ter sido realizadas na China, e mesmo naquela \u00e9poca essas lotarias serviam principalmente para financiar projetos p\u00fablicos. At\u00e9 a Grande Muralha da China pode ter sido um desses projetos. Na Roma antiga, as lotarias eram realizadas durante eventos para cidad\u00e3os ricos, e as receitas eram usadas para financiar obras de repara\u00e7\u00e3o na cidade. Em janeiro de 1449, uma guerra entre Mil\u00e3o e Veneza foi financiada por uma lotaria.<\/p>\n<p>Ao longo dos s\u00e9culos, as lotarias foram maioritariamente sancionadas e geridas por estados e governos para angariar dinheiro. De certa forma, essas lotarias serviram como uma forma de <a href=\"https:\/\/onlinelotto365.com\/pt-pt\/news\/quais-loterias-e-paises-cobram-impostos-sobre-os-ganhos\">tributa\u00e7\u00e3o<\/a> volunt\u00e1ria das massas. Por isso, a percentagem das receitas geradas pela venda de bilhetes face ao pr\u00e9mio \u00e9 e foi muitas vezes bastante baixa.<\/p>\n<h2>Lotaria nos tempos modernos<\/h2>\n<p><img loading=\"lazy\" decoding=\"async\" class=\" wp-image-1840 alignright\" src=\"https:\/\/onlinelotto365.com\/wp-content\/uploads\/2021\/02\/international-lottery.jpg\" alt=\"lotarias internacionais\" width=\"250\" height=\"200\" \/><br \/>\nUma vez que a internet tornou as coisas mais f\u00e1ceis para muitos de n\u00f3s, a maioria das lotarias nacionais come\u00e7aram a oferecer a op\u00e7\u00e3o de comprar bilhetes online. Mas comprar bilhetes de loto online atrav\u00e9s dos sites das lotarias nacionais estava restrito aos jogadores do pa\u00eds daquela lotaria. Embora a compra online tenha sido mais conveniente, isso n\u00e3o melhorou as probabilidades de ganhar de forma alguma. Isso s\u00f3 seria conseguido com o pr\u00f3ximo passo na evolu\u00e7\u00e3o da lotaria.<\/p>\n<h2>Mais escolha d\u00e1-lhe melhores probabilidades<\/h2>\n<p>A ideia de um servi\u00e7o como o nosso que permite aos f\u00e3s da lotto <strong>participar em lotarias de outras jurisdi\u00e7\u00f5es<\/strong> foi o pr\u00f3ximo passo l\u00f3gico no desenvolvimento. Agora os jogadores da lotaria s\u00e3o capazes de escolher entre uma s\u00e9rie de lotarias. Ao apontarem para o jackpot mais elevado atualmente, podem melhorar consideravelmente as suas expectativas vencedoras. Para lotarias como Mega Millions, Powerball e Euromilh\u00f5es, a percentagem de bilhetes de <strong>loteria comprados online<\/strong> por jogadores de todo o Mundo est\u00e1 a crescer m\u00eas ap\u00f3s m\u00eas.<\/p>\n","protected":false},"excerpt":{"rendered":"<p>At\u00e9 recentemente, os adeptos da lotaria limitavam-se a jogar a lotaria do nosso pr\u00f3prio pa\u00eds ou regi\u00e3o. Ouv\u00edamos falar destes grandes jackpots em outros lugares, com dezenas ou mesmo centenas de milh\u00f5es de d\u00f3lares ou euros ou o equivalente a estar em jogo, e desej\u00e1vamos que viv\u00eassemos em lugares onde se pudesse comprar bilhetes para [&hellip;]<\/p>\n","protected":false},"author":1,"featured_media":0,"parent":0,"menu_order":1,"comment_status":"closed","ping_status":"closed","template":"lotto.php","meta":{"_et_pb_use_builder":"","_et_pb_old_content":"","_et_gb_content_width":"","exclude_from_search":false,"footnotes":""},"class_list":["post-4493","page","type-page","status-publish","hentry"],"yoast_head":"<!-- This site is optimized with the Yoast SEO plugin v23.4 - https:\/\/yoast.com\/wordpress\/plugins\/seo\/ -->\n<title>Lotto Online | Todos os jackpots da lotaria do mundo acess\u00edveis online<\/title>\n<meta name=\"description\" content=\"Servi\u00e7o de bilhetes de lotaria online para qualquer jackpot internacional. Obtenha bilhetes para qualquer lotaria do mundo, n\u00e3o importa onde vive\" \/>\n<meta name=\"robots\" content=\"index, follow, max-snippet:-1, max-image-preview:large, max-video-preview:-1\" \/>\n<link rel=\"canonical\" href=\"https:\/\/onlinelotto365.com\/pt-pt\/\" \/>\n<meta property=\"og:locale\" content=\"pt_PT\" \/>\n<meta property=\"og:type\" content=\"article\" \/>\n<meta property=\"og:title\" content=\"Lotto Online | Todos os jackpots da lotaria do mundo acess\u00edveis online\" \/>\n<meta property=\"og:description\" content=\"Servi\u00e7o de bilhetes de lotaria online para qualquer jackpot internacional. Obtenha bilhetes para qualquer lotaria do mundo, n\u00e3o importa onde vive\" \/>\n<meta property=\"og:url\" content=\"https:\/\/onlinelotto365.com\/pt-pt\/\" \/>\n<meta property=\"og:site_name\" content=\"OnlineLotto365\" \/>\n<meta property=\"article:modified_time\" content=\"2023-10-04T08:18:05+00:00\" \/>\n<meta property=\"og:image\" content=\"https:\/\/redfoxlotto.com\/pt\/image?size=8&amp;lottery=mega-millions\" \/>\n<meta name=\"twitter:card\" content=\"summary_large_image\" \/>\n<meta name=\"twitter:label1\" content=\"Tempo estimado de leitura\" \/>\n\t<meta name=\"twitter:data1\" content=\"6 minutos\" \/>\n<script type=\"application\/ld+json\" class=\"yoast-schema-graph\">{\"@context\":\"https:\/\/schema.org\",\"@graph\":[{\"@type\":\"WebPage\",\"@id\":\"https:\/\/onlinelotto365.com\/pt-pt\/\",\"url\":\"https:\/\/onlinelotto365.com\/pt-pt\/\",\"name\":\"Lotto Online | Todos os jackpots da lotaria do mundo acess\u00edveis online\",\"isPartOf\":{\"@id\":\"https:\/\/onlinelotto365.com\/pt-pt\/#website\"},\"primaryImageOfPage\":{\"@id\":\"https:\/\/onlinelotto365.com\/pt-pt\/#primaryimage\"},\"image\":{\"@id\":\"https:\/\/onlinelotto365.com\/pt-pt\/#primaryimage\"},\"thumbnailUrl\":\"https:\/\/redfoxlotto.com\/pt\/image?size=8&amp;lottery=mega-millions\",\"datePublished\":\"2020-11-30T11:01:07+00:00\",\"dateModified\":\"2023-10-04T08:18:05+00:00\",\"description\":\"Servi\u00e7o de bilhetes de lotaria online para qualquer jackpot internacional. Obtenha bilhetes para qualquer lotaria do mundo, n\u00e3o importa onde vive\",\"breadcrumb\":{\"@id\":\"https:\/\/onlinelotto365.com\/pt-pt\/#breadcrumb\"},\"inLanguage\":\"pt-PT\",\"potentialAction\":[{\"@type\":\"ReadAction\",\"target\":[\"https:\/\/onlinelotto365.com\/pt-pt\/\"]}]},{\"@type\":\"ImageObject\",\"inLanguage\":\"pt-PT\",\"@id\":\"https:\/\/onlinelotto365.com\/pt-pt\/#primaryimage\",\"url\":\"https:\/\/redfoxlotto.com\/pt\/image?size=8&amp;lottery=mega-millions\",\"contentUrl\":\"https:\/\/redfoxlotto.com\/pt\/image?size=8&amp;lottery=mega-millions\"},{\"@type\":\"BreadcrumbList\",\"@id\":\"https:\/\/onlinelotto365.com\/pt-pt\/#breadcrumb\",\"itemListElement\":[{\"@type\":\"ListItem\",\"position\":1,\"name\":\"Home\",\"item\":\"https:\/\/onlinelotto365.com\/pt-pt\/\"},{\"@type\":\"ListItem\",\"position\":2,\"name\":\"Bem-vindo ao OnlineLotto365!\"}]},{\"@type\":\"WebSite\",\"@id\":\"https:\/\/onlinelotto365.com\/pt-pt\/#website\",\"url\":\"https:\/\/onlinelotto365.com\/pt-pt\/\",\"name\":\"OnlineLotto365\",\"description\":\"\",\"potentialAction\":[{\"@type\":\"SearchAction\",\"target\":{\"@type\":\"EntryPoint\",\"urlTemplate\":\"https:\/\/onlinelotto365.com\/pt-pt\/?s={search_term_string}\"},\"query-input\":{\"@type\":\"PropertyValueSpecification\",\"valueRequired\":true,\"valueName\":\"search_term_string\"}}],\"inLanguage\":\"pt-PT\"}]}<\/script>\n<!-- \/ Yoast SEO plugin. -->","yoast_head_json":{"title":"Lotto Online | Todos os jackpots da lotaria do mundo acess\u00edveis online","description":"Servi\u00e7o de bilhetes de lotaria online para qualquer jackpot internacional. Obtenha bilhetes para qualquer lotaria do mundo, n\u00e3o importa onde vive","robots":{"index":"index","follow":"follow","max-snippet":"max-snippet:-1","max-image-preview":"max-image-preview:large","max-video-preview":"max-video-preview:-1"},"canonical":"https:\/\/onlinelotto365.com\/pt-pt\/","og_locale":"pt_PT","og_type":"article","og_title":"Lotto Online | Todos os jackpots da lotaria do mundo acess\u00edveis online","og_description":"Servi\u00e7o de bilhetes de lotaria online para qualquer jackpot internacional. Obtenha bilhetes para qualquer lotaria do mundo, n\u00e3o importa onde vive","og_url":"https:\/\/onlinelotto365.com\/pt-pt\/","og_site_name":"OnlineLotto365","article_modified_time":"2023-10-04T08:18:05+00:00","og_image":[{"url":"https:\/\/redfoxlotto.com\/pt\/image?size=8&amp;lottery=mega-millions"}],"twitter_card":"summary_large_image","twitter_misc":{"Tempo estimado de leitura":"6 minutos"},"schema":{"@context":"https:\/\/schema.org","@graph":[{"@type":"WebPage","@id":"https:\/\/onlinelotto365.com\/pt-pt\/","url":"https:\/\/onlinelotto365.com\/pt-pt\/","name":"Lotto Online | Todos os jackpots da lotaria do mundo acess\u00edveis online","isPartOf":{"@id":"https:\/\/onlinelotto365.com\/pt-pt\/#website"},"primaryImageOfPage":{"@id":"https:\/\/onlinelotto365.com\/pt-pt\/#primaryimage"},"image":{"@id":"https:\/\/onlinelotto365.com\/pt-pt\/#primaryimage"},"thumbnailUrl":"https:\/\/redfoxlotto.com\/pt\/image?size=8&amp;lottery=mega-millions","datePublished":"2020-11-30T11:01:07+00:00","dateModified":"2023-10-04T08:18:05+00:00","description":"Servi\u00e7o de bilhetes de lotaria online para qualquer jackpot internacional. Obtenha bilhetes para qualquer lotaria do mundo, n\u00e3o importa onde vive","breadcrumb":{"@id":"https:\/\/onlinelotto365.com\/pt-pt\/#breadcrumb"},"inLanguage":"pt-PT","potentialAction":[{"@type":"ReadAction","target":["https:\/\/onlinelotto365.com\/pt-pt\/"]}]},{"@type":"ImageObject","inLanguage":"pt-PT","@id":"https:\/\/onlinelotto365.com\/pt-pt\/#primaryimage","url":"https:\/\/redfoxlotto.com\/pt\/image?size=8&amp;lottery=mega-millions","contentUrl":"https:\/\/redfoxlotto.com\/pt\/image?size=8&amp;lottery=mega-millions"},{"@type":"BreadcrumbList","@id":"https:\/\/onlinelotto365.com\/pt-pt\/#breadcrumb","itemListElement":[{"@type":"ListItem","position":1,"name":"Home","item":"https:\/\/onlinelotto365.com\/pt-pt\/"},{"@type":"ListItem","position":2,"name":"Bem-vindo ao OnlineLotto365!"}]},{"@type":"WebSite","@id":"https:\/\/onlinelotto365.com\/pt-pt\/#website","url":"https:\/\/onlinelotto365.com\/pt-pt\/","name":"OnlineLotto365","description":"","potentialAction":[{"@type":"SearchAction","target":{"@type":"EntryPoint","urlTemplate":"https:\/\/onlinelotto365.com\/pt-pt\/?s={search_term_string}"},"query-input":{"@type":"PropertyValueSpecification","valueRequired":true,"valueName":"search_term_string"}}],"inLanguage":"pt-PT"}]}},"_links":{"self":[{"href":"https:\/\/onlinelotto365.com\/pt-pt\/wp-json\/wp\/v2\/pages\/4493","targetHints":{"allow":["GET"]}}],"collection":[{"href":"https:\/\/onlinelotto365.com\/pt-pt\/wp-json\/wp\/v2\/pages"}],"about":[{"href":"https:\/\/onlinelotto365.com\/pt-pt\/wp-json\/wp\/v2\/types\/page"}],"author":[{"embeddable":true,"href":"https:\/\/onlinelotto365.com\/pt-pt\/wp-json\/wp\/v2\/users\/1"}],"replies":[{"embeddable":true,"href":"https:\/\/onlinelotto365.com\/pt-pt\/wp-json\/wp\/v2\/comments?post=4493"}],"version-history":[{"count":0,"href":"https:\/\/onlinelotto365.com\/pt-pt\/wp-json\/wp\/v2\/pages\/4493\/revisions"}],"wp:attachment":[{"href":"https:\/\/onlinelotto365.com\/pt-pt\/wp-json\/wp\/v2\/media?parent=4493"}],"curies":[{"name":"wp","href":"https:\/\/api.w.org\/{rel}","templated":true}]}}