{"id":4636,"date":"2020-11-30T14:42:55","date_gmt":"2020-11-30T13:42:55","guid":{"rendered":"http:\/\/onlinelotto365.net\/?page_id=4636"},"modified":"2021-01-10T11:07:07","modified_gmt":"2021-01-10T10:07:07","slug":"comprar-bilhetes","status":"publish","type":"page","link":"https:\/\/onlinelotto365.com\/pt-pt\/comprar-bilhetes\/","title":{"rendered":"Porque \u00e9 que faz mais sentido comprar bilhetes de lotaria online"},"content":{"rendered":"<p>Em geral, comprar coisas em linha \u00e9 muito mais conveniente. Isso <strong>tamb\u00e9m<\/strong> se aplica \u00e0 <strong>compra de bilhetes de lotaria<\/strong>. N\u00e3o h\u00e1 necessidade de sair de casa, gastar dinheiro em gasolina e esperar na fila da loja da lotaria.<\/p>\n<p>O que \u00e9 mais importante \u00e9 que j\u00e1 n\u00e3o est\u00e1 restrito \u00e0 sua lotaria local. Todos esses <a href=\"https:\/\/onlinelotto365.com\/pt-pt\">jackpots e lotarias de pa\u00edses distantes<\/a> est\u00e3o agora \u00e0 sua disposi\u00e7\u00e3o online, atrav\u00e9s do nosso servi\u00e7o. N\u00e3o tem de se contentar com pequenos jackpots. N\u00e3o precisa de esperar mais at\u00e9 que o seu jackpot local seja suficientemente grande.<\/p>\n<p>Lotarias como Mega Milh\u00f5es, <a href=\"https:\/\/onlinelotto365.com\/pt-pt\/comprar-bilhetes\/powerball\">Powerball<\/a>, <a href=\"https:\/\/onlinelotto365.com\/pt-pt\/comprar-bilhetes\/euromillions\">Euromilh\u00f5es<\/a>, <a href=\"https:\/\/onlinelotto365.com\/pt-pt\/comprar-bilhetes\/eurojackpot\">Eurojackpot<\/a>, e <a href=\"https:\/\/onlinelotto365.com\/pt-pt\/comprar-bilhetes\/superenalotto\">Superenalotto<\/a> (s\u00f3 para citar algumas) s\u00e3o muito mais atractivas do que os pr\u00e9mios da lotaria nacional m\u00e9dia. <strong>Compre bilhetes online para apenas uma, ou v\u00e1rias lotarias<\/strong>, participe num s\u00f3 sorteio ou em v\u00e1rios sorteios &#8211; tudo isto \u00e9 poss\u00edvel aqui. Este \u00e9 um servi\u00e7o completamente legal &#8211; basicamente, \u00e9 um servi\u00e7o de mensageiro para bilhetes de lotaria.<\/p>\n<p><a href=\"https:\/\/redfoxlotto.com\/?ref=a8564250a2&amp;medium=ol365\" target=\"_blank\" rel=\"noopener noreferrer\"><img loading=\"lazy\" decoding=\"async\" class=\"aligncenter\" src=\"https:\/\/redfoxlotto.com\/image?size=8&amp;lottery=euromillions\" alt=\"Euromillions\" width=\"720\" height=\"90\" \/><\/a><\/p>\n<h2>Como funciona o processo de compra de bilhetes de lotaria?<\/h2>\n<p>Tent\u00e1mos tornar todo o processo t\u00e3o simples e r\u00e1pido quanto poss\u00edvel para si. A nossa plataforma ir\u00e1 gui\u00e1-lo atrav\u00e9s das etapas necess\u00e1rias para comprar os seus bilhetes, registar uma conta de cliente, e finalmente pagar online. Se tiver alguma d\u00favida, sugerimos-lhe que consulte primeiro as nossas FAQ. Os problemas mais frequentes ser\u00e3o resolvidos atrav\u00e9s da leitura desses coment\u00e1rios. E se ainda tiver um problema, pode contactar a nossa equipa de apoio. Eles responder\u00e3o \u00e0s suas perguntas no prazo de 24 horas.<\/p>\n<h2>Verifique os seus resultados da forma mais f\u00e1cil<\/h2>\n<p>Quando se compra um bilhete online, ser\u00e1 tamb\u00e9m<strong> mais f\u00e1cil <a href=\"https:\/\/onlinelotto365.com\/pt-pt\/news\/verifique-meu-bilhete-de-loteria-euromilhoes\">verificar os resultados<\/a><\/strong> mais tarde. Basta voltar aqui, entrar na sua conta, e ver os seus bilhetes existentes. Os <strong><a href=\"https:\/\/onlinelotto365.com\/pt-pt\/numeros-vencedores\">n\u00fameros vencedores<\/a><\/strong> ser\u00e3o destacados, e os resultados do sorteio ser\u00e3o mostrados mesmo ao lado do seu bilhete. Tamb\u00e9m lhe diremos o quanto ganhou.<\/p>\n<p>Tamb\u00e9m pode encontrar aqui um arquivo de resultados de sorteios passados. Muitos dos nossos jogadores gostam de verificar os resultados do passado, e depois escolher os n\u00fameros para o seu pr\u00f3ximo bilhete com base nos n\u00fameros vencedores do passado.<\/p>\n<h2>Comprar e pagar os seus bilhetes de lotaria da forma mais segura<\/h2>\n<p>N\u00e3o h\u00e1 necessidade de se preocupar com a seguran\u00e7a dos seus dados de pagamento, tais como dados de cart\u00e3o de cr\u00e9dito ou n\u00fameros de conta banc\u00e1ria. Durante o processo de pagamento, utilizamos a <strong>mais recente e mais segura tecnologia de encripta\u00e7\u00e3o<\/strong>. E oferecemos uma s\u00e9rie de op\u00e7\u00f5es de pagamento. A op\u00e7\u00e3o mais popular \u00e9 pagar com cart\u00e3o de cr\u00e9dito, mas pode usar Bitcoin, transfer\u00eancia banc\u00e1ria (de alguns pa\u00edses), e bastantes outras op\u00e7\u00f5es para comprar bilhetes.<\/p>\n","protected":false},"excerpt":{"rendered":"<p>Em geral, comprar coisas em linha \u00e9 muito mais conveniente. Isso tamb\u00e9m se aplica \u00e0 compra de bilhetes de lotaria. N\u00e3o h\u00e1 necessidade de sair de casa, gastar dinheiro em gasolina e esperar na fila da loja da lotaria. O que \u00e9 mais importante \u00e9 que j\u00e1 n\u00e3o est\u00e1 restrito \u00e0 sua lotaria local. Todos [&hellip;]<\/p>\n","protected":false},"author":1,"featured_media":0,"parent":0,"menu_order":3,"comment_status":"closed","ping_status":"closed","template":"Information.php","meta":{"_et_pb_use_builder":"","_et_pb_old_content":"","_et_gb_content_width":"","exclude_from_search":false,"footnotes":""},"class_list":["post-4636","page","type-page","status-publish","hentry"],"yoast_head":"<!-- This site is optimized with the Yoast SEO plugin v23.4 - https:\/\/yoast.com\/wordpress\/plugins\/seo\/ -->\n<title>Comprar bilhetes online para os maiores jackpots de lotaria do planeta<\/title>\n<meta name=\"description\" content=\"Ainda compra bilhetes de lotaria localmente? Existem lotarias muito melhores - basta comprar os seus bilhetes online!\" \/>\n<meta name=\"robots\" content=\"index, follow, max-snippet:-1, max-image-preview:large, max-video-preview:-1\" \/>\n<link rel=\"canonical\" href=\"https:\/\/onlinelotto365.com\/pt-pt\/comprar-bilhetes\/\" \/>\n<meta property=\"og:locale\" content=\"pt_PT\" \/>\n<meta property=\"og:type\" content=\"article\" \/>\n<meta property=\"og:title\" content=\"Comprar bilhetes online para os maiores jackpots de lotaria do planeta\" \/>\n<meta property=\"og:description\" content=\"Ainda compra bilhetes de lotaria localmente? Existem lotarias muito melhores - basta comprar os seus bilhetes online!\" \/>\n<meta property=\"og:url\" content=\"https:\/\/onlinelotto365.com\/pt-pt\/comprar-bilhetes\/\" \/>\n<meta property=\"og:site_name\" content=\"OnlineLotto365\" \/>\n<meta property=\"article:modified_time\" content=\"2021-01-10T10:07:07+00:00\" \/>\n<meta property=\"og:image\" content=\"https:\/\/redfoxlotto.com\/image?size=8&amp;lottery=euromillions\" \/>\n<meta name=\"twitter:card\" content=\"summary_large_image\" \/>\n<meta name=\"twitter:label1\" content=\"Tempo estimado de leitura\" \/>\n\t<meta name=\"twitter:data1\" content=\"2 minutos\" \/>\n<script type=\"application\/ld+json\" class=\"yoast-schema-graph\">{\"@context\":\"https:\/\/schema.org\",\"@graph\":[{\"@type\":\"WebPage\",\"@id\":\"https:\/\/onlinelotto365.com\/pt-pt\/comprar-bilhetes\/\",\"url\":\"https:\/\/onlinelotto365.com\/pt-pt\/comprar-bilhetes\/\",\"name\":\"Comprar bilhetes online para os maiores jackpots de lotaria do planeta\",\"isPartOf\":{\"@id\":\"https:\/\/onlinelotto365.com\/pt-pt\/#website\"},\"primaryImageOfPage\":{\"@id\":\"https:\/\/onlinelotto365.com\/pt-pt\/comprar-bilhetes\/#primaryimage\"},\"image\":{\"@id\":\"https:\/\/onlinelotto365.com\/pt-pt\/comprar-bilhetes\/#primaryimage\"},\"thumbnailUrl\":\"https:\/\/redfoxlotto.com\/image?size=8&amp;lottery=euromillions\",\"datePublished\":\"2020-11-30T13:42:55+00:00\",\"dateModified\":\"2021-01-10T10:07:07+00:00\",\"description\":\"Ainda compra bilhetes de lotaria localmente? Existem lotarias muito melhores - basta comprar os seus bilhetes online!\",\"breadcrumb\":{\"@id\":\"https:\/\/onlinelotto365.com\/pt-pt\/comprar-bilhetes\/#breadcrumb\"},\"inLanguage\":\"pt-PT\",\"potentialAction\":[{\"@type\":\"ReadAction\",\"target\":[\"https:\/\/onlinelotto365.com\/pt-pt\/comprar-bilhetes\/\"]}]},{\"@type\":\"ImageObject\",\"inLanguage\":\"pt-PT\",\"@id\":\"https:\/\/onlinelotto365.com\/pt-pt\/comprar-bilhetes\/#primaryimage\",\"url\":\"https:\/\/redfoxlotto.com\/image?size=8&amp;lottery=euromillions\",\"contentUrl\":\"https:\/\/redfoxlotto.com\/image?size=8&amp;lottery=euromillions\"},{\"@type\":\"BreadcrumbList\",\"@id\":\"https:\/\/onlinelotto365.com\/pt-pt\/comprar-bilhetes\/#breadcrumb\",\"itemListElement\":[{\"@type\":\"ListItem\",\"position\":1,\"name\":\"Home\",\"item\":\"https:\/\/onlinelotto365.com\/pt-pt\/\"},{\"@type\":\"ListItem\",\"position\":2,\"name\":\"Porque \u00e9 que faz mais sentido comprar bilhetes de lotaria online\"}]},{\"@type\":\"WebSite\",\"@id\":\"https:\/\/onlinelotto365.com\/pt-pt\/#website\",\"url\":\"https:\/\/onlinelotto365.com\/pt-pt\/\",\"name\":\"OnlineLotto365\",\"description\":\"\",\"potentialAction\":[{\"@type\":\"SearchAction\",\"target\":{\"@type\":\"EntryPoint\",\"urlTemplate\":\"https:\/\/onlinelotto365.com\/pt-pt\/?s={search_term_string}\"},\"query-input\":{\"@type\":\"PropertyValueSpecification\",\"valueRequired\":true,\"valueName\":\"search_term_string\"}}],\"inLanguage\":\"pt-PT\"}]}<\/script>\n<!-- \/ Yoast SEO plugin. -->","yoast_head_json":{"title":"Comprar bilhetes online para os maiores jackpots de lotaria do planeta","description":"Ainda compra bilhetes de lotaria localmente? Existem lotarias muito melhores - basta comprar os seus bilhetes online!","robots":{"index":"index","follow":"follow","max-snippet":"max-snippet:-1","max-image-preview":"max-image-preview:large","max-video-preview":"max-video-preview:-1"},"canonical":"https:\/\/onlinelotto365.com\/pt-pt\/comprar-bilhetes\/","og_locale":"pt_PT","og_type":"article","og_title":"Comprar bilhetes online para os maiores jackpots de lotaria do planeta","og_description":"Ainda compra bilhetes de lotaria localmente? Existem lotarias muito melhores - basta comprar os seus bilhetes online!","og_url":"https:\/\/onlinelotto365.com\/pt-pt\/comprar-bilhetes\/","og_site_name":"OnlineLotto365","article_modified_time":"2021-01-10T10:07:07+00:00","og_image":[{"url":"https:\/\/redfoxlotto.com\/image?size=8&amp;lottery=euromillions"}],"twitter_card":"summary_large_image","twitter_misc":{"Tempo estimado de leitura":"2 minutos"},"schema":{"@context":"https:\/\/schema.org","@graph":[{"@type":"WebPage","@id":"https:\/\/onlinelotto365.com\/pt-pt\/comprar-bilhetes\/","url":"https:\/\/onlinelotto365.com\/pt-pt\/comprar-bilhetes\/","name":"Comprar bilhetes online para os maiores jackpots de lotaria do planeta","isPartOf":{"@id":"https:\/\/onlinelotto365.com\/pt-pt\/#website"},"primaryImageOfPage":{"@id":"https:\/\/onlinelotto365.com\/pt-pt\/comprar-bilhetes\/#primaryimage"},"image":{"@id":"https:\/\/onlinelotto365.com\/pt-pt\/comprar-bilhetes\/#primaryimage"},"thumbnailUrl":"https:\/\/redfoxlotto.com\/image?size=8&amp;lottery=euromillions","datePublished":"2020-11-30T13:42:55+00:00","dateModified":"2021-01-10T10:07:07+00:00","description":"Ainda compra bilhetes de lotaria localmente? Existem lotarias muito melhores - basta comprar os seus bilhetes online!","breadcrumb":{"@id":"https:\/\/onlinelotto365.com\/pt-pt\/comprar-bilhetes\/#breadcrumb"},"inLanguage":"pt-PT","potentialAction":[{"@type":"ReadAction","target":["https:\/\/onlinelotto365.com\/pt-pt\/comprar-bilhetes\/"]}]},{"@type":"ImageObject","inLanguage":"pt-PT","@id":"https:\/\/onlinelotto365.com\/pt-pt\/comprar-bilhetes\/#primaryimage","url":"https:\/\/redfoxlotto.com\/image?size=8&amp;lottery=euromillions","contentUrl":"https:\/\/redfoxlotto.com\/image?size=8&amp;lottery=euromillions"},{"@type":"BreadcrumbList","@id":"https:\/\/onlinelotto365.com\/pt-pt\/comprar-bilhetes\/#breadcrumb","itemListElement":[{"@type":"ListItem","position":1,"name":"Home","item":"https:\/\/onlinelotto365.com\/pt-pt\/"},{"@type":"ListItem","position":2,"name":"Porque \u00e9 que faz mais sentido comprar bilhetes de lotaria online"}]},{"@type":"WebSite","@id":"https:\/\/onlinelotto365.com\/pt-pt\/#website","url":"https:\/\/onlinelotto365.com\/pt-pt\/","name":"OnlineLotto365","description":"","potentialAction":[{"@type":"SearchAction","target":{"@type":"EntryPoint","urlTemplate":"https:\/\/onlinelotto365.com\/pt-pt\/?s={search_term_string}"},"query-input":{"@type":"PropertyValueSpecification","valueRequired":true,"valueName":"search_term_string"}}],"inLanguage":"pt-PT"}]}},"_links":{"self":[{"href":"https:\/\/onlinelotto365.com\/pt-pt\/wp-json\/wp\/v2\/pages\/4636","targetHints":{"allow":["GET"]}}],"collection":[{"href":"https:\/\/onlinelotto365.com\/pt-pt\/wp-json\/wp\/v2\/pages"}],"about":[{"href":"https:\/\/onlinelotto365.com\/pt-pt\/wp-json\/wp\/v2\/types\/page"}],"author":[{"embeddable":true,"href":"https:\/\/onlinelotto365.com\/pt-pt\/wp-json\/wp\/v2\/users\/1"}],"replies":[{"embeddable":true,"href":"https:\/\/onlinelotto365.com\/pt-pt\/wp-json\/wp\/v2\/comments?post=4636"}],"version-history":[{"count":0,"href":"https:\/\/onlinelotto365.com\/pt-pt\/wp-json\/wp\/v2\/pages\/4636\/revisions"}],"wp:attachment":[{"href":"https:\/\/onlinelotto365.com\/pt-pt\/wp-json\/wp\/v2\/media?parent=4636"}],"curies":[{"name":"wp","href":"https:\/\/api.w.org\/{rel}","templated":true}]}}