{"id":4965,"date":"2020-12-03T03:13:37","date_gmt":"2020-12-03T02:13:37","guid":{"rendered":"http:\/\/onlinelotto365.net\/?page_id=4965"},"modified":"2021-01-06T14:29:55","modified_gmt":"2021-01-06T13:29:55","slug":"numeros-vencedores","status":"publish","type":"page","link":"https:\/\/onlinelotto365.com\/pt-pt\/numeros-vencedores\/","title":{"rendered":"Encontrar n\u00fameros e resultados vencedores para os \u00faltimos sorteios do loto"},"content":{"rendered":"<p>Encontre aqui os n\u00fameros vencedores para as maiores lotarias internacionais do mundo. Actualizamos esta p\u00e1gina permanentemente, por isso volte para obter os \u00faltimos resultados sempre que precisar deles. Se j\u00e1 jogou em qualquer uma dessas lotarias internacionais, esperamos que o seu bilhete tenha os n\u00fameros vencedores! E a prop\u00f3sito &#8211; est\u00e1 ciente do facto de que v\u00e1rias vezes na hist\u00f3ria, os jogadores j\u00e1 ganharam em grande, <strong>utilizando os n\u00fameros vencedores de uma lotaria estrangeira para os jogar na sua pr\u00f3pria lotaria local?<\/strong><\/p>\n<p>Mas mais importante, provavelmente n\u00e3o sabia que agora tinha a escolha de participar nas maiores lotarias do planeta &#8211; mesmo lotarias em outros pa\u00edses que n\u00e3o o seu! Quer esteja interessado no Powerball, Mega Milh\u00f5es, Euromilh\u00f5es, ou em qualquer outra das lotarias aqui oferecidas, pode obter bilhetes online agora. Para participar, basta clicar no bot\u00e3o &#8220;Jogar&#8221; da sua lotaria favorita ao lado dos resultados abaixo. Numa quest\u00e3o de minutos, ter\u00e1 os seus bilhetes. Pessoalmente, recomendamos que d\u00ea uma vista de olhos ao tamanho dos jackpots e escolha a lotaria que tem actualmente o maior jackpot!<\/p>\n<p><a href=\"https:\/\/redfoxlotto.com\/pt\/?ref=a8564250a2&amp;medium=ol365\" target=\"_blank\" rel=\"noopener noreferrer\"><img loading=\"lazy\" decoding=\"async\" class=\"aligncenter\" src=\"https:\/\/redfoxlotto.com\/pt\/image?size=8&amp;lottery=eurojackpot\" alt=\"eurojackpot\" width=\"720\" height=\"90\" \/><\/a><\/p>\n<h2>Como verificar os resultados do loto de hoje<\/h2>\n<p>Gosta de jogar na lotaria? Talvez jogue v\u00e1rias vezes por dia ou jogue todos os dias, ou talvez s\u00f3 jogue uma vez de vez em quando. N\u00e3o importa a frequ\u00eancia com que joga, no entanto, quer ter a certeza de que sabe sempre quais s\u00e3o os n\u00fameros vencedores. Nunca quer correr o risco de perder um pagamento por n\u00e3o ter verificado os n\u00fameros. Ent\u00e3o, como \u00e9 que descobre o resultado da lotaria hoje? Na verdade, \u00e9 mais f\u00e1cil do que pensa, porque h\u00e1 um monte de op\u00e7\u00f5es diferentes dispon\u00edveis.<\/p>\n<h2>Onde encontrar hoje o resultado da lotaria<\/h2>\n<p>Procura obter resultados imediatamente? Assim que estiverem dispon\u00edveis? Se estiver, ent\u00e3o vai querer <strong>voltar ao seu servi\u00e7o de bilhetes online<\/strong>. Vai ficar definitivamente feliz porque os resultados da lotaria est\u00e3o dispon\u00edveis n\u00e3o s\u00f3 no dia do sorteio mas tamb\u00e9m imediatamente no momento do sorteio. Portanto, se for do tipo impaciente, n\u00e3o ter\u00e1 problemas em obter os resultados assim que estes estiverem dispon\u00edveis. Sem mencionar que estar\u00e1 pronto e capaz de come\u00e7ar a jogar o seu pr\u00f3ximo conjunto de n\u00fameros assim que souber se ganhou ou n\u00e3o.<\/p>\n<h2>Inicie a sess\u00e3o e verifique a sec\u00e7\u00e3o Os meus bilhetes<\/h2>\n<p>A forma mais conveniente e segura de saber se ganhou alguma coisa \u00e9 entrar na<strong> sua conta e verificar os seus bilhetes existentes<\/strong>. Assim que os resultados do sorteio estiverem dispon\u00edveis, poder\u00e1 facilmente comparar os seus bilhetes com os n\u00fameros vencedores. Com um bilhete online, n\u00e3o h\u00e1 tamb\u00e9m o perigo de perder o bilhete. Est\u00e1 sempre aqui, na sua conta. E n\u00f3s tamb\u00e9m o notificaremos de quaisquer ganhos!<\/p>\n<p>Se tiver adquirido bilhetes online atrav\u00e9s de n\u00f3s, enviar-lhe-emos sempre uma <strong>notifica\u00e7\u00e3o por e-mail, caso tenha ganho<\/strong> alguma coisa. Evidentemente, \u00e9 importante que o seu fornecedor de correio electr\u00f3nico n\u00e3o mova os nossos e-mails para um direct\u00f3rio de spam ou lixo electr\u00f3nico. Assegure-se de que nos adiciona \u00e0 sua lista de remetentes de correio electr\u00f3nico de confian\u00e7a.<\/p>\n<h2>Transmita o Sorteio<\/h2>\n<p>Na verdade, existem alguns servi\u00e7os onde pode transmitir os eventos do sorteio directamente para o seu dispositivo m\u00f3vel. Dessa forma, se nenhum dos seus canais de televis\u00e3o locais transmitir o sorteio que lhe interessa, n\u00e3o ter\u00e1 problemas em transmitir o sorteio em directo para que esteja pronto quando o n\u00famero for divulgado. Tente e procure a sua lotaria favorita em <em><strong><a href=\"http:\/\/youtube.com\/pt\">Youtube<\/a><\/strong><\/em>. A maioria dos sorteios da lotaria n\u00e3o s\u00e3o transmitidos ao vivo no Youtube, mas os v\u00eddeos do sorteio podem ser carregados pouco tempo depois da publica\u00e7\u00e3o dos resultados.<\/p>\n<h2>Encontr\u00e1-lo mais tarde<\/h2>\n<p>Se n\u00e3o estiver t\u00e3o preocupado em descobrir qual foi o desenho assim que este acontece, pode verificar v\u00e1rias op\u00e7\u00f5es diferentes para o encontrar mais tarde. Algumas delas ser\u00e3o logo ap\u00f3s a realiza\u00e7\u00e3o do sorteio e outras poder\u00e3o ser s\u00f3 no dia seguinte, por isso caber-lhe-\u00e1 a si decidir qual o melhor m\u00e9todo e como pretende encontrar os n\u00fameros. Se estiver disposto a esperar mais tempo, por exemplo, poder\u00e1 consultar o jornal no dia seguinte ao do sorteio. Se quiser saber rapidamente, h\u00e1 os sites oficiais que pode consultar para encontrar mais informa\u00e7\u00f5es logo ap\u00f3s o sorteio entrar em funcionamento.<\/p>\n<p>O jornal \u00e9 um dos <strong>m\u00e9todos mais comuns para verificar os n\u00fameros do loto<\/strong> e vai ser um dos mais f\u00e1ceis tamb\u00e9m. O jornal publica todos os n\u00fameros vencedores no dia seguinte \u00e0 sua publica\u00e7\u00e3o e ser\u00e1 poss\u00edvel ver todos os resultados do dia inteiro num s\u00f3 local. Assim, se jogar mais do que um jogo, poder\u00e1 verificar todos os n\u00fameros de uma s\u00f3 vez. S\u00f3 ter\u00e1 de ter uma assinatura de jornal ou ir a uma loja ou loja de conveni\u00eancia para ir buscar um no dia seguinte.<\/p>\n<p>Se quiser saber rapidamente mas n\u00e3o quiser ou n\u00e3o puder ver o desenho ao vivo, o melhor a seguir \u00e9 ficar online. O que \u00e9 \u00f3ptimo \u00e9 que pode encontrar todos os resultados da lotaria para os maiores sorteios e jackpots mesmo na Red Fox Lotto, para que saiba sempre o resultado da lotaria hoje. Com este servi\u00e7o, pode iniciar sess\u00e3o e ver tudo na p\u00e1gina inicial, desde o \u00faltimo sorteio at\u00e9 ao mais antigo, para que possa percorrer o que quiser. Para n\u00e3o mencionar que ver\u00e1 onde \u00e9 jogado e qual \u00e9 o pagamento total. Assim, ter\u00e1 tudo o que precisa de saber.<\/p>\n<h2>Encontrar os pagamentos<\/h2>\n<p>Ent\u00e3o, e se j\u00e1 olhou para os n\u00fameros mas agora quer saber mais <strong>sobre os pagamentos<\/strong>? Na verdade, \u00e9 bastante simples. Tudo o que precisa de fazer \u00e9 consultar o nosso site de bilhetes online. Toda essa informa\u00e7\u00e3o estar\u00e1 aqui, e n\u00f3s actualizamo-la em tempo real.<\/p>\n<h2>Reclama\u00e7\u00e3o de Pr\u00e9mios Online<\/h2>\n<p>Se ganhar um pr\u00e9mio online, o procedimento \u00e9 diferente do que faria se ganhasse com um bilhete comprado na loja. Se ganhar um montante superior a 2500 euros, ter\u00e1 de preencher um formul\u00e1rio atrav\u00e9s da nossa plataforma online para poder reclamar o seu pr\u00e9mio. N\u00f3s trataremos de todo o resto por si.<\/p>\n<p>Os ganhos inferiores a 2500 euros ser\u00e3o imediatamente creditados na sua conta de jogador no nosso site. A partir da\u00ed, poder\u00e1 utilizar os fundos para mais bilhetes ou iniciar um levantamento de fundos. Para levantar, pode utilizar qualquer m\u00e9todo de pagamento que tenha sido anteriormente utilizado para uma compra ou dep\u00f3sito.<\/p>\n<h2>Resumo<\/h2>\n<p>Se est\u00e1 \u00e0 procura do resultado da lotaria hoje em dia, \u00e9 tudo uma quest\u00e3o de saber onde procurar. Quer isso signifique que est\u00e1 a procurar online, v\u00ea-lo ao vivo, ou verific\u00e1-lo no dia seguinte, n\u00e3o vai ter problemas com o processo. Ser\u00e1 capaz de <strong>acompanhar os seus n\u00fameros e os vencedores<\/strong>. E poder\u00e1 continuar a jogar os seus jogos de loto favoritos e at\u00e9 descobrir alguns novos jogos de partes completamente diferentes do mundo. O que poder\u00e1 ser melhor do que isso?<\/p>\n","protected":false},"excerpt":{"rendered":"<p>Encontre aqui os n\u00fameros vencedores para as maiores lotarias internacionais do mundo. Actualizamos esta p\u00e1gina permanentemente, por isso volte para obter os \u00faltimos resultados sempre que precisar deles. Se j\u00e1 jogou em qualquer uma dessas lotarias internacionais, esperamos que o seu bilhete tenha os n\u00fameros vencedores! E a prop\u00f3sito &#8211; est\u00e1 ciente do facto de [&hellip;]<\/p>\n","protected":false},"author":1,"featured_media":0,"parent":0,"menu_order":4,"comment_status":"closed","ping_status":"closed","template":"Results.php","meta":{"_et_pb_use_builder":"","_et_pb_old_content":"","_et_gb_content_width":"","exclude_from_search":false,"footnotes":""},"class_list":["post-4965","page","type-page","status-publish","hentry"],"yoast_head":"<!-- This site is optimized with the Yoast SEO plugin v23.4 - https:\/\/yoast.com\/wordpress\/plugins\/seo\/ -->\n<title>N\u00fameros e resultados vencedores da lotaria para os maiores jackpots do mundo<\/title>\n<meta name=\"description\" content=\"Encontre aqui os resultados da lotaria desta semana e os n\u00fameros vencedores para as maiores lotarias\" \/>\n<meta name=\"robots\" content=\"index, follow, max-snippet:-1, max-image-preview:large, max-video-preview:-1\" \/>\n<link rel=\"canonical\" href=\"https:\/\/onlinelotto365.com\/pt-pt\/numeros-vencedores\/\" \/>\n<meta property=\"og:locale\" content=\"pt_PT\" \/>\n<meta property=\"og:type\" content=\"article\" \/>\n<meta property=\"og:title\" content=\"N\u00fameros e resultados vencedores da lotaria para os maiores jackpots do mundo\" \/>\n<meta property=\"og:description\" content=\"Encontre aqui os resultados da lotaria desta semana e os n\u00fameros vencedores para as maiores lotarias\" \/>\n<meta property=\"og:url\" content=\"https:\/\/onlinelotto365.com\/pt-pt\/numeros-vencedores\/\" \/>\n<meta property=\"og:site_name\" content=\"OnlineLotto365\" \/>\n<meta property=\"article:modified_time\" content=\"2021-01-06T13:29:55+00:00\" \/>\n<meta property=\"og:image\" content=\"https:\/\/redfoxlotto.com\/pt\/image?size=8&amp;lottery=eurojackpot\" \/>\n<meta name=\"twitter:card\" content=\"summary_large_image\" \/>\n<meta name=\"twitter:label1\" content=\"Tempo estimado de leitura\" \/>\n\t<meta name=\"twitter:data1\" content=\"6 minutos\" \/>\n<script type=\"application\/ld+json\" class=\"yoast-schema-graph\">{\"@context\":\"https:\/\/schema.org\",\"@graph\":[{\"@type\":\"WebPage\",\"@id\":\"https:\/\/onlinelotto365.com\/pt-pt\/numeros-vencedores\/\",\"url\":\"https:\/\/onlinelotto365.com\/pt-pt\/numeros-vencedores\/\",\"name\":\"N\u00fameros e resultados vencedores da lotaria para os maiores jackpots do mundo\",\"isPartOf\":{\"@id\":\"https:\/\/onlinelotto365.com\/pt-pt\/#website\"},\"primaryImageOfPage\":{\"@id\":\"https:\/\/onlinelotto365.com\/pt-pt\/numeros-vencedores\/#primaryimage\"},\"image\":{\"@id\":\"https:\/\/onlinelotto365.com\/pt-pt\/numeros-vencedores\/#primaryimage\"},\"thumbnailUrl\":\"https:\/\/redfoxlotto.com\/pt\/image?size=8&amp;lottery=eurojackpot\",\"datePublished\":\"2020-12-03T02:13:37+00:00\",\"dateModified\":\"2021-01-06T13:29:55+00:00\",\"description\":\"Encontre aqui os resultados da lotaria desta semana e os n\u00fameros vencedores para as maiores lotarias\",\"breadcrumb\":{\"@id\":\"https:\/\/onlinelotto365.com\/pt-pt\/numeros-vencedores\/#breadcrumb\"},\"inLanguage\":\"pt-PT\",\"potentialAction\":[{\"@type\":\"ReadAction\",\"target\":[\"https:\/\/onlinelotto365.com\/pt-pt\/numeros-vencedores\/\"]}]},{\"@type\":\"ImageObject\",\"inLanguage\":\"pt-PT\",\"@id\":\"https:\/\/onlinelotto365.com\/pt-pt\/numeros-vencedores\/#primaryimage\",\"url\":\"https:\/\/redfoxlotto.com\/pt\/image?size=8&amp;lottery=eurojackpot\",\"contentUrl\":\"https:\/\/redfoxlotto.com\/pt\/image?size=8&amp;lottery=eurojackpot\"},{\"@type\":\"BreadcrumbList\",\"@id\":\"https:\/\/onlinelotto365.com\/pt-pt\/numeros-vencedores\/#breadcrumb\",\"itemListElement\":[{\"@type\":\"ListItem\",\"position\":1,\"name\":\"Home\",\"item\":\"https:\/\/onlinelotto365.com\/pt-pt\/\"},{\"@type\":\"ListItem\",\"position\":2,\"name\":\"Encontrar n\u00fameros e resultados vencedores para os \u00faltimos sorteios do loto\"}]},{\"@type\":\"WebSite\",\"@id\":\"https:\/\/onlinelotto365.com\/pt-pt\/#website\",\"url\":\"https:\/\/onlinelotto365.com\/pt-pt\/\",\"name\":\"OnlineLotto365\",\"description\":\"\",\"potentialAction\":[{\"@type\":\"SearchAction\",\"target\":{\"@type\":\"EntryPoint\",\"urlTemplate\":\"https:\/\/onlinelotto365.com\/pt-pt\/?s={search_term_string}\"},\"query-input\":{\"@type\":\"PropertyValueSpecification\",\"valueRequired\":true,\"valueName\":\"search_term_string\"}}],\"inLanguage\":\"pt-PT\"}]}<\/script>\n<!-- \/ Yoast SEO plugin. -->","yoast_head_json":{"title":"N\u00fameros e resultados vencedores da lotaria para os maiores jackpots do mundo","description":"Encontre aqui os resultados da lotaria desta semana e os n\u00fameros vencedores para as maiores lotarias","robots":{"index":"index","follow":"follow","max-snippet":"max-snippet:-1","max-image-preview":"max-image-preview:large","max-video-preview":"max-video-preview:-1"},"canonical":"https:\/\/onlinelotto365.com\/pt-pt\/numeros-vencedores\/","og_locale":"pt_PT","og_type":"article","og_title":"N\u00fameros e resultados vencedores da lotaria para os maiores jackpots do mundo","og_description":"Encontre aqui os resultados da lotaria desta semana e os n\u00fameros vencedores para as maiores lotarias","og_url":"https:\/\/onlinelotto365.com\/pt-pt\/numeros-vencedores\/","og_site_name":"OnlineLotto365","article_modified_time":"2021-01-06T13:29:55+00:00","og_image":[{"url":"https:\/\/redfoxlotto.com\/pt\/image?size=8&amp;lottery=eurojackpot"}],"twitter_card":"summary_large_image","twitter_misc":{"Tempo estimado de leitura":"6 minutos"},"schema":{"@context":"https:\/\/schema.org","@graph":[{"@type":"WebPage","@id":"https:\/\/onlinelotto365.com\/pt-pt\/numeros-vencedores\/","url":"https:\/\/onlinelotto365.com\/pt-pt\/numeros-vencedores\/","name":"N\u00fameros e resultados vencedores da lotaria para os maiores jackpots do mundo","isPartOf":{"@id":"https:\/\/onlinelotto365.com\/pt-pt\/#website"},"primaryImageOfPage":{"@id":"https:\/\/onlinelotto365.com\/pt-pt\/numeros-vencedores\/#primaryimage"},"image":{"@id":"https:\/\/onlinelotto365.com\/pt-pt\/numeros-vencedores\/#primaryimage"},"thumbnailUrl":"https:\/\/redfoxlotto.com\/pt\/image?size=8&amp;lottery=eurojackpot","datePublished":"2020-12-03T02:13:37+00:00","dateModified":"2021-01-06T13:29:55+00:00","description":"Encontre aqui os resultados da lotaria desta semana e os n\u00fameros vencedores para as maiores lotarias","breadcrumb":{"@id":"https:\/\/onlinelotto365.com\/pt-pt\/numeros-vencedores\/#breadcrumb"},"inLanguage":"pt-PT","potentialAction":[{"@type":"ReadAction","target":["https:\/\/onlinelotto365.com\/pt-pt\/numeros-vencedores\/"]}]},{"@type":"ImageObject","inLanguage":"pt-PT","@id":"https:\/\/onlinelotto365.com\/pt-pt\/numeros-vencedores\/#primaryimage","url":"https:\/\/redfoxlotto.com\/pt\/image?size=8&amp;lottery=eurojackpot","contentUrl":"https:\/\/redfoxlotto.com\/pt\/image?size=8&amp;lottery=eurojackpot"},{"@type":"BreadcrumbList","@id":"https:\/\/onlinelotto365.com\/pt-pt\/numeros-vencedores\/#breadcrumb","itemListElement":[{"@type":"ListItem","position":1,"name":"Home","item":"https:\/\/onlinelotto365.com\/pt-pt\/"},{"@type":"ListItem","position":2,"name":"Encontrar n\u00fameros e resultados vencedores para os \u00faltimos sorteios do loto"}]},{"@type":"WebSite","@id":"https:\/\/onlinelotto365.com\/pt-pt\/#website","url":"https:\/\/onlinelotto365.com\/pt-pt\/","name":"OnlineLotto365","description":"","potentialAction":[{"@type":"SearchAction","target":{"@type":"EntryPoint","urlTemplate":"https:\/\/onlinelotto365.com\/pt-pt\/?s={search_term_string}"},"query-input":{"@type":"PropertyValueSpecification","valueRequired":true,"valueName":"search_term_string"}}],"inLanguage":"pt-PT"}]}},"_links":{"self":[{"href":"https:\/\/onlinelotto365.com\/pt-pt\/wp-json\/wp\/v2\/pages\/4965","targetHints":{"allow":["GET"]}}],"collection":[{"href":"https:\/\/onlinelotto365.com\/pt-pt\/wp-json\/wp\/v2\/pages"}],"about":[{"href":"https:\/\/onlinelotto365.com\/pt-pt\/wp-json\/wp\/v2\/types\/page"}],"author":[{"embeddable":true,"href":"https:\/\/onlinelotto365.com\/pt-pt\/wp-json\/wp\/v2\/users\/1"}],"replies":[{"embeddable":true,"href":"https:\/\/onlinelotto365.com\/pt-pt\/wp-json\/wp\/v2\/comments?post=4965"}],"version-history":[{"count":0,"href":"https:\/\/onlinelotto365.com\/pt-pt\/wp-json\/wp\/v2\/pages\/4965\/revisions"}],"wp:attachment":[{"href":"https:\/\/onlinelotto365.com\/pt-pt\/wp-json\/wp\/v2\/media?parent=4965"}],"curies":[{"name":"wp","href":"https:\/\/api.w.org\/{rel}","templated":true}]}}