{"id":4999,"date":"2020-12-03T06:37:36","date_gmt":"2020-12-03T05:37:36","guid":{"rendered":"http:\/\/onlinelotto365.net\/?page_id=4999"},"modified":"2021-01-06T14:30:12","modified_gmt":"2021-01-06T13:30:12","slug":"powerball","status":"publish","type":"page","link":"https:\/\/onlinelotto365.com\/pt-pt\/numeros-vencedores\/powerball\/","title":{"rendered":"Resultados do sorteio Powerball"},"content":{"rendered":"<h2>Cheque aqui os n\u00fameros vencedores da Powerball<\/h2>\n<p><a href=\"https:\/\/redfoxlotto.com\/pt\/powerball\/?ref=a8564250a2&amp;medium=ol365\" target=\"_blank\" rel=\"noopener noreferrer\"><img decoding=\"async\" class=\"aligncenter\" src=\"https:\/\/redfoxlotto.com\/image?size=8&amp;lottery=powerball\" alt=\"Powerball\" \/><\/a><br \/>\nEncontrar os n\u00fameros vencedores da Powerball \u00e9 f\u00e1cil se vive nos EUA. Especialmente em ocasi\u00f5es em que o jackpot \u00e9 muito elevado, o <a href=\"https:\/\/onlinelotto365.com\/pt-pt\/numeros-vencedores\">resultados<\/a> ser\u00e1 transmitido nas not\u00edcias e publicado em todos os jornais.<\/p>\n<p>Mas e se n\u00e3o viver nos EUA, quem \u00e9 que deita as m\u00e3os aos n\u00fameros vencedores da Powerball? Como \u00e9 que encontra os resultados e v\u00ea o quanto ganhou?<\/p>\n<h2>Como descobrir se o seu bilhete online ganhou<\/h2>\n<p>Bem, se voc\u00ea <a href=\"https:\/\/onlinelotto365.com\/pt-pt\/comprar-bilhetes\">comprou um bilhete online<\/a>, isso \u00e9 de facto bastante f\u00e1cil. Volte ao nosso site, inicie sess\u00e3o com o seu nome de utilizador e palavra-passe, e depois dirija-se \u00e0 sec\u00e7\u00e3o onde o seu bilhete de compra \u00e9 armazenado digitalmente. Os n\u00fameros que jogou ser\u00e3o destacados com uma cor diferente se corresponderem aos n\u00fameros sorteados do dia do sorteio para o qual comprou o seu bilhete.<\/p>\n<p>Evidentemente, tamb\u00e9m pode abrir a nossa p\u00e1gina de s\u00edntese de resultados e comparar os resultados do sorteio com o seu bilhete dessa forma. Alguns dos nossos clientes gostam de imprimir os seus bilhetes online e depois marcar os n\u00fameros vencedores na impress\u00e3o para ver se ganharam.<\/p>\n<h2>Arquivo de resultados do Powerball<\/h2>\n<p>A nossa p\u00e1gina de resumo dos resultados da lotaria tamb\u00e9m lhe permite dar uma vista de olhos aos n\u00fameros vencedores das \u00faltimas semanas. Isto pode ajud\u00e1-lo com a sua estrat\u00e9gia de selec\u00e7\u00e3o dos seus n\u00fameros da sorte. Por exemplo, poder\u00e1 tentar encontrar n\u00fameros h\u00e1 muito vencidos, e depois criar um bilhete de lotaria utilizando apenas esses n\u00fameros.<\/p>\n<p>Ou, pode seleccionar os seus n\u00fameros vencedores da Powerball, descobrindo quais os n\u00fameros que t\u00eam vindo a surgir com mais frequ\u00eancia do que outros n\u00fameros. Muitos jogadores usam uma mistura desses dois <a href=\"https:\/\/onlinelotto365.com\/pt-pt\/news\/maneiras-inteligentes-de-selecionar-numeros-de-loteria-e-melhorar-suas-chances\">m\u00e9todos para escolher os seus n\u00fameros de lotaria pessoal.<\/a><\/p>\n<p>Se n\u00e3o conseguir decidir que n\u00fameros escolher para um bilhete vencedor, que tal este m\u00e9todo? Verifique os n\u00fameros vencedores do passado com uma gama de n\u00fameros semelhante \u00e0 da lotaria que pretende jogar. Encontre uma combina\u00e7\u00e3o vencedora que goste nesses resultados passados, depois utilize os n\u00fameros vencedores mais antigos para jogar um novo bilhete Powerball.<\/p>\n<h2>O meu bilhete ganhou, o que acontece a seguir?<\/h2>\n<p>Bem, parab\u00e9ns, bom para si! Naturalmente, ficamos sempre felizes se um dos nossos clientes tiver um bilhete com o bilhete vencedor da Powerball. Quer seja uma vit\u00f3ria menor ou maior, n\u00f3s tratamos do pagamento para si, gratuitamente, claro!<\/p>\n<p>Ganho de 2500 euros ou menos &#8211; o montante ganho ser\u00e1 creditado ao seu saldo no nosso site. Retire-o de l\u00e1, ou leve o saldo para comprar mais bilhetes.<\/p>\n<p>Ganhos de mais de E2500 &#8211; a nossa equipa de apoio ajud\u00e1-lo-\u00e1 a ser pago. Depois de ter enviado alguma informa\u00e7\u00e3o sobre a sua identidade e o m\u00e9todo de pagamento preferido (transfer\u00eancia banc\u00e1ria ou cheque), receber\u00e1 o pagamento directamente da forma que escolher.<\/p>\n","protected":false},"excerpt":{"rendered":"<p>Cheque aqui os n\u00fameros vencedores da Powerball Encontrar os n\u00fameros vencedores da Powerball \u00e9 f\u00e1cil se vive nos EUA. Especialmente em ocasi\u00f5es em que o jackpot \u00e9 muito elevado, o resultados ser\u00e1 transmitido nas not\u00edcias e publicado em todos os jornais. Mas e se n\u00e3o viver nos EUA, quem \u00e9 que deita as m\u00e3os aos [&hellip;]<\/p>\n","protected":false},"author":1,"featured_media":0,"parent":4965,"menu_order":1,"comment_status":"closed","ping_status":"closed","template":"powerball-usa-info.php","meta":{"_et_pb_use_builder":"","_et_pb_old_content":"","_et_gb_content_width":"","exclude_from_search":false,"footnotes":""},"class_list":["post-4999","page","type-page","status-publish","hentry"],"yoast_head":"<!-- This site is optimized with the Yoast SEO plugin v23.4 - https:\/\/yoast.com\/wordpress\/plugins\/seo\/ -->\n<title>N\u00fameros vencedores da Powerball | Verifique os resultados e ganhos para Powerball USA<\/title>\n<meta name=\"description\" content=\"Quer ver se o seu t\u00edquete da Powerball \u00e9 um vencedor? Confira os n\u00fameros vencedores em nosso site!\" \/>\n<meta name=\"robots\" content=\"index, follow, max-snippet:-1, max-image-preview:large, max-video-preview:-1\" \/>\n<link rel=\"canonical\" href=\"https:\/\/onlinelotto365.com\/pt-pt\/numeros-vencedores\/powerball\/\" \/>\n<meta property=\"og:locale\" content=\"pt_PT\" \/>\n<meta property=\"og:type\" content=\"article\" \/>\n<meta property=\"og:title\" content=\"N\u00fameros vencedores da Powerball | Verifique os resultados e ganhos para Powerball USA\" \/>\n<meta property=\"og:description\" content=\"Quer ver se o seu t\u00edquete da Powerball \u00e9 um vencedor? Confira os n\u00fameros vencedores em nosso site!\" \/>\n<meta property=\"og:url\" content=\"https:\/\/onlinelotto365.com\/pt-pt\/numeros-vencedores\/powerball\/\" \/>\n<meta property=\"og:site_name\" content=\"OnlineLotto365\" \/>\n<meta property=\"article:modified_time\" content=\"2021-01-06T13:30:12+00:00\" \/>\n<meta property=\"og:image\" content=\"https:\/\/redfoxlotto.com\/image?size=8&amp;lottery=powerball\" \/>\n<meta name=\"twitter:card\" content=\"summary_large_image\" \/>\n<meta name=\"twitter:label1\" content=\"Tempo estimado de leitura\" \/>\n\t<meta name=\"twitter:data1\" content=\"3 minutos\" \/>\n<script type=\"application\/ld+json\" class=\"yoast-schema-graph\">{\"@context\":\"https:\/\/schema.org\",\"@graph\":[{\"@type\":\"WebPage\",\"@id\":\"https:\/\/onlinelotto365.com\/pt-pt\/numeros-vencedores\/powerball\/\",\"url\":\"https:\/\/onlinelotto365.com\/pt-pt\/numeros-vencedores\/powerball\/\",\"name\":\"N\u00fameros vencedores da Powerball | Verifique os resultados e ganhos para Powerball USA\",\"isPartOf\":{\"@id\":\"https:\/\/onlinelotto365.com\/pt-pt\/#website\"},\"primaryImageOfPage\":{\"@id\":\"https:\/\/onlinelotto365.com\/pt-pt\/numeros-vencedores\/powerball\/#primaryimage\"},\"image\":{\"@id\":\"https:\/\/onlinelotto365.com\/pt-pt\/numeros-vencedores\/powerball\/#primaryimage\"},\"thumbnailUrl\":\"https:\/\/redfoxlotto.com\/image?size=8&amp;lottery=powerball\",\"datePublished\":\"2020-12-03T05:37:36+00:00\",\"dateModified\":\"2021-01-06T13:30:12+00:00\",\"description\":\"Quer ver se o seu t\u00edquete da Powerball \u00e9 um vencedor? Confira os n\u00fameros vencedores em nosso site!\",\"breadcrumb\":{\"@id\":\"https:\/\/onlinelotto365.com\/pt-pt\/numeros-vencedores\/powerball\/#breadcrumb\"},\"inLanguage\":\"pt-PT\",\"potentialAction\":[{\"@type\":\"ReadAction\",\"target\":[\"https:\/\/onlinelotto365.com\/pt-pt\/numeros-vencedores\/powerball\/\"]}]},{\"@type\":\"ImageObject\",\"inLanguage\":\"pt-PT\",\"@id\":\"https:\/\/onlinelotto365.com\/pt-pt\/numeros-vencedores\/powerball\/#primaryimage\",\"url\":\"https:\/\/redfoxlotto.com\/image?size=8&amp;lottery=powerball\",\"contentUrl\":\"https:\/\/redfoxlotto.com\/image?size=8&amp;lottery=powerball\"},{\"@type\":\"BreadcrumbList\",\"@id\":\"https:\/\/onlinelotto365.com\/pt-pt\/numeros-vencedores\/powerball\/#breadcrumb\",\"itemListElement\":[{\"@type\":\"ListItem\",\"position\":1,\"name\":\"Home\",\"item\":\"https:\/\/onlinelotto365.com\/pt-pt\/\"},{\"@type\":\"ListItem\",\"position\":2,\"name\":\"Encontrar n\u00fameros e resultados vencedores para os \u00faltimos sorteios do loto\",\"item\":\"https:\/\/onlinelotto365.com\/pt-pt\/winning-numbers\/\"},{\"@type\":\"ListItem\",\"position\":3,\"name\":\"Resultados do sorteio Powerball\"}]},{\"@type\":\"WebSite\",\"@id\":\"https:\/\/onlinelotto365.com\/pt-pt\/#website\",\"url\":\"https:\/\/onlinelotto365.com\/pt-pt\/\",\"name\":\"OnlineLotto365\",\"description\":\"\",\"potentialAction\":[{\"@type\":\"SearchAction\",\"target\":{\"@type\":\"EntryPoint\",\"urlTemplate\":\"https:\/\/onlinelotto365.com\/pt-pt\/?s={search_term_string}\"},\"query-input\":{\"@type\":\"PropertyValueSpecification\",\"valueRequired\":true,\"valueName\":\"search_term_string\"}}],\"inLanguage\":\"pt-PT\"}]}<\/script>\n<!-- \/ Yoast SEO plugin. -->","yoast_head_json":{"title":"N\u00fameros vencedores da Powerball | Verifique os resultados e ganhos para Powerball USA","description":"Quer ver se o seu t\u00edquete da Powerball \u00e9 um vencedor? Confira os n\u00fameros vencedores em nosso site!","robots":{"index":"index","follow":"follow","max-snippet":"max-snippet:-1","max-image-preview":"max-image-preview:large","max-video-preview":"max-video-preview:-1"},"canonical":"https:\/\/onlinelotto365.com\/pt-pt\/numeros-vencedores\/powerball\/","og_locale":"pt_PT","og_type":"article","og_title":"N\u00fameros vencedores da Powerball | Verifique os resultados e ganhos para Powerball USA","og_description":"Quer ver se o seu t\u00edquete da Powerball \u00e9 um vencedor? Confira os n\u00fameros vencedores em nosso site!","og_url":"https:\/\/onlinelotto365.com\/pt-pt\/numeros-vencedores\/powerball\/","og_site_name":"OnlineLotto365","article_modified_time":"2021-01-06T13:30:12+00:00","og_image":[{"url":"https:\/\/redfoxlotto.com\/image?size=8&amp;lottery=powerball"}],"twitter_card":"summary_large_image","twitter_misc":{"Tempo estimado de leitura":"3 minutos"},"schema":{"@context":"https:\/\/schema.org","@graph":[{"@type":"WebPage","@id":"https:\/\/onlinelotto365.com\/pt-pt\/numeros-vencedores\/powerball\/","url":"https:\/\/onlinelotto365.com\/pt-pt\/numeros-vencedores\/powerball\/","name":"N\u00fameros vencedores da Powerball | Verifique os resultados e ganhos para Powerball USA","isPartOf":{"@id":"https:\/\/onlinelotto365.com\/pt-pt\/#website"},"primaryImageOfPage":{"@id":"https:\/\/onlinelotto365.com\/pt-pt\/numeros-vencedores\/powerball\/#primaryimage"},"image":{"@id":"https:\/\/onlinelotto365.com\/pt-pt\/numeros-vencedores\/powerball\/#primaryimage"},"thumbnailUrl":"https:\/\/redfoxlotto.com\/image?size=8&amp;lottery=powerball","datePublished":"2020-12-03T05:37:36+00:00","dateModified":"2021-01-06T13:30:12+00:00","description":"Quer ver se o seu t\u00edquete da Powerball \u00e9 um vencedor? Confira os n\u00fameros vencedores em nosso site!","breadcrumb":{"@id":"https:\/\/onlinelotto365.com\/pt-pt\/numeros-vencedores\/powerball\/#breadcrumb"},"inLanguage":"pt-PT","potentialAction":[{"@type":"ReadAction","target":["https:\/\/onlinelotto365.com\/pt-pt\/numeros-vencedores\/powerball\/"]}]},{"@type":"ImageObject","inLanguage":"pt-PT","@id":"https:\/\/onlinelotto365.com\/pt-pt\/numeros-vencedores\/powerball\/#primaryimage","url":"https:\/\/redfoxlotto.com\/image?size=8&amp;lottery=powerball","contentUrl":"https:\/\/redfoxlotto.com\/image?size=8&amp;lottery=powerball"},{"@type":"BreadcrumbList","@id":"https:\/\/onlinelotto365.com\/pt-pt\/numeros-vencedores\/powerball\/#breadcrumb","itemListElement":[{"@type":"ListItem","position":1,"name":"Home","item":"https:\/\/onlinelotto365.com\/pt-pt\/"},{"@type":"ListItem","position":2,"name":"Encontrar n\u00fameros e resultados vencedores para os \u00faltimos sorteios do loto","item":"https:\/\/onlinelotto365.com\/pt-pt\/winning-numbers\/"},{"@type":"ListItem","position":3,"name":"Resultados do sorteio Powerball"}]},{"@type":"WebSite","@id":"https:\/\/onlinelotto365.com\/pt-pt\/#website","url":"https:\/\/onlinelotto365.com\/pt-pt\/","name":"OnlineLotto365","description":"","potentialAction":[{"@type":"SearchAction","target":{"@type":"EntryPoint","urlTemplate":"https:\/\/onlinelotto365.com\/pt-pt\/?s={search_term_string}"},"query-input":{"@type":"PropertyValueSpecification","valueRequired":true,"valueName":"search_term_string"}}],"inLanguage":"pt-PT"}]}},"_links":{"self":[{"href":"https:\/\/onlinelotto365.com\/pt-pt\/wp-json\/wp\/v2\/pages\/4999","targetHints":{"allow":["GET"]}}],"collection":[{"href":"https:\/\/onlinelotto365.com\/pt-pt\/wp-json\/wp\/v2\/pages"}],"about":[{"href":"https:\/\/onlinelotto365.com\/pt-pt\/wp-json\/wp\/v2\/types\/page"}],"author":[{"embeddable":true,"href":"https:\/\/onlinelotto365.com\/pt-pt\/wp-json\/wp\/v2\/users\/1"}],"replies":[{"embeddable":true,"href":"https:\/\/onlinelotto365.com\/pt-pt\/wp-json\/wp\/v2\/comments?post=4999"}],"version-history":[{"count":0,"href":"https:\/\/onlinelotto365.com\/pt-pt\/wp-json\/wp\/v2\/pages\/4999\/revisions"}],"up":[{"embeddable":true,"href":"https:\/\/onlinelotto365.com\/pt-pt\/wp-json\/wp\/v2\/pages\/4965"}],"wp:attachment":[{"href":"https:\/\/onlinelotto365.com\/pt-pt\/wp-json\/wp\/v2\/media?parent=4999"}],"curies":[{"name":"wp","href":"https:\/\/api.w.org\/{rel}","templated":true}]}}