{"id":5031,"date":"2020-12-03T09:02:08","date_gmt":"2020-12-03T08:02:08","guid":{"rendered":"http:\/\/onlinelotto365.net\/?page_id=5031"},"modified":"2021-01-06T14:45:54","modified_gmt":"2021-01-06T13:45:54","slug":"jogar","status":"publish","type":"page","link":"https:\/\/onlinelotto365.com\/pt-pt\/jogar\/","title":{"rendered":"Tudo o que precisa de saber sobre as suas op\u00e7\u00f5es para jogar as melhores lotarias online"},"content":{"rendered":"<p>Est\u00e1 \u00e0 procura de come\u00e7ar a jogar na lotaria? Bem, se est\u00e1, ent\u00e3o vai definitivamente querer verificar as suas op\u00e7\u00f5es online. Todos os grandes jogos de lotaria, de praticamente qualquer parte do mundo, est\u00e3o dispon\u00edveis para jogar online. S\u00f3 tem de saber onde procurar e como come\u00e7ar a jogar. Felizmente para si, \u00e9 realmente muito simples de fazer. S\u00f3 precisa de marcar o nosso s\u00edtio web e verificar de novo para obter informa\u00e7\u00f5es actualizadas. Encontrar\u00e1 muitas op\u00e7\u00f5es para jogar cada um dos<a href=\"https:\/\/onlinelotto365.com\/pt-pt\/comprar-bilhetes\"> jogos de lotaria<\/a> que v\u00ea, de qualquer um dos pa\u00edses listados.<\/p>\n<p>&nbsp;<\/p>\n<p>O que \u00e9 \u00f3ptimo nas op\u00e7\u00f5es online \u00e9 o facto de lhe permitir jogar jogos que est\u00e3o localizados em todo o mundo. J\u00e1 n\u00e3o se vai limitar apenas aos jogos que pode jogar na sua loja de conveni\u00eancia local. Em vez disso, poder\u00e1 verificar como os jogos s\u00e3o jogados em diferentes pa\u00edses e poder\u00e1 tentar a sua sorte neles.<\/p>\n<h2>Jogar na lotaria online d\u00e1-lhe mais escolhas<\/h2>\n<p>A melhor parte de jogar na lotaria online \u00e9 o facto de que, em qualquer altura, vigor&gt;vai haver um grande jackpot dispon\u00edvel para ganhar. Se se limitar a jogar na sua lotaria local, poder\u00e1 ter de esperar muito tempo para que o jackpot cres\u00e7a ao ponto de fazer sentido investir dinheiro em bilhetes.<\/p>\n<p>\u00c9 evidente que o <a href=\"https:\/\/onlinelotto365.com\/pt-pt\/news\/o-montante-actual-do-jackpot-de-mega-milhoes\">tamanho do jackpot<\/a> \u00e9 importante para a sua decis\u00e3o. Um pr\u00e9mio maior significa que a sua expectativa de ganhar matematicamente \u00e9 maior. \u00c9 por isso que a maioria dos nossos clientes gasta o seu dinheiro da lotaria no jackpot que \u00e9 actualmente mais elevado.<\/p>\n<h2>Como funciona o servi\u00e7o de lotaria online?<\/h2>\n<p><img loading=\"lazy\" decoding=\"async\" class=\"alignright wp-image-1862\" src=\"https:\/\/onlinelotto365.com\/wp-content\/uploads\/2020\/11\/online_lottery-166-200x300.jpg\" alt=\"joga lotarias online\" width=\"102\" height=\"153\" \/>A forma mais r\u00e1pida de come\u00e7ar a jogar na lotaria online \u00e9 clicar num dos bot\u00f5es ou banners da lotaria e escolher os seus n\u00fameros para criar um bilhete. Pode jogar mais do que uma lotaria se quiser. Basta adicionar tantos bilhetes quantos desejar ao seu carrinho de compras. Depois clique para fazer o check out e pagar. Tem de criar uma conta connosco. N\u00e3o se esque\u00e7a de verificar a sua conta &#8211; procure o e-mail de verifica\u00e7\u00e3o na sua caixa de entrada. Se n\u00e3o houver l\u00e1 nenhum e-mail, ir\u00e1 encontr\u00e1-lo na sua pasta com remetentes desconhecidos, ou talvez na sua caixa de spam.<\/p>\n<h2>Posso jogar a partir do meu pa\u00eds de resid\u00eancia?<\/h2>\n<p>N\u00e3o importa realmente onde se vive. Jogar loto online funciona de (quase) todo o lado. As \u00fanicas excep\u00e7\u00f5es s\u00e3o que n\u00e3o podemos aceitar clientes dos EUA e dos Pa\u00edses Baixos.<\/p>\n<h2>Como \u00e9 que eu recebo os meus ganhos?<\/h2>\n<p>O nosso servi\u00e7o de bilhetes de lotaria inclui a nossa assist\u00eancia quando se trata de levantar o seu <a href=\"https:\/\/onlinelotto365.com\/pt-pt\/numeros-vencedores\">winnings<\/a>. Existem dois procedimentos diferentes para isso:<\/p>\n<ul>\n<li>Ganhos de menos de 2500: O montante ganho ser\u00e1 creditado ao seu saldo de utilizadores no nosso website. Pode levantar de l\u00e1, para o seu cart\u00e3o de cr\u00e9dito ou conta banc\u00e1ria, por exemplo.<\/li>\n<li>Ganhos de mais de 2500: Os pagamentos de montantes mais elevados ser\u00e3o feitos directamente pela pr\u00f3pria lotaria. Fornecer-lhe-emos um formul\u00e1rio que dever\u00e1 preencher e enviar-nos de volta. O formul\u00e1rio cont\u00e9m as suas instru\u00e7\u00f5es para o pagamento, que pode ser ou uma transfer\u00eancia banc\u00e1ria ou um cheque. Tudo isto ser\u00e1 feito online. Enviar-lhe-emos o formul\u00e1rio para a lotaria, e eles enviar\u00e3o o dinheiro para a sua conta banc\u00e1ria, ou enviar-lhe-\u00e3o um cheque &#8211; de acordo com a sua prefer\u00eancia.<\/li>\n<\/ul>\n","protected":false},"excerpt":{"rendered":"<p>Est\u00e1 \u00e0 procura de come\u00e7ar a jogar na lotaria? Bem, se est\u00e1, ent\u00e3o vai definitivamente querer verificar as suas op\u00e7\u00f5es online. Todos os grandes jogos de lotaria, de praticamente qualquer parte do mundo, est\u00e3o dispon\u00edveis para jogar online. S\u00f3 tem de saber onde procurar e como come\u00e7ar a jogar. Felizmente para si, \u00e9 realmente muito [&hellip;]<\/p>\n","protected":false},"author":1,"featured_media":0,"parent":0,"menu_order":2,"comment_status":"closed","ping_status":"closed","template":"Play-all.php","meta":{"_et_pb_use_builder":"","_et_pb_old_content":"","_et_gb_content_width":"","exclude_from_search":false,"footnotes":""},"class_list":["post-5031","page","type-page","status-publish","hentry"],"yoast_head":"<!-- This site is optimized with the Yoast SEO plugin v23.4 - https:\/\/yoast.com\/wordpress\/plugins\/seo\/ -->\n<title>Jogue na Lotaria Online - mais jackpots para f\u00e3s da lotaria de todo o mundo<\/title>\n<meta name=\"description\" content=\"Facilitamos-lhe o jogo online de lotarias estrangeiras - todos os grandes jackpots est\u00e3o aqui\" \/>\n<meta name=\"robots\" content=\"index, follow, max-snippet:-1, max-image-preview:large, max-video-preview:-1\" \/>\n<link rel=\"canonical\" href=\"https:\/\/onlinelotto365.com\/pt-pt\/jogar\/\" \/>\n<meta property=\"og:locale\" content=\"pt_PT\" \/>\n<meta property=\"og:type\" content=\"article\" \/>\n<meta property=\"og:title\" content=\"Jogue na Lotaria Online - mais jackpots para f\u00e3s da lotaria de todo o mundo\" \/>\n<meta property=\"og:description\" content=\"Facilitamos-lhe o jogo online de lotarias estrangeiras - todos os grandes jackpots est\u00e3o aqui\" \/>\n<meta property=\"og:url\" content=\"https:\/\/onlinelotto365.com\/pt-pt\/jogar\/\" \/>\n<meta property=\"og:site_name\" content=\"OnlineLotto365\" \/>\n<meta property=\"article:modified_time\" content=\"2021-01-06T13:45:54+00:00\" \/>\n<meta property=\"og:image\" content=\"https:\/\/onlinelotto365.com\/wp-content\/uploads\/2020\/11\/online_lottery-166-200x300.jpg\" \/>\n<meta name=\"twitter:card\" content=\"summary_large_image\" \/>\n<meta name=\"twitter:label1\" content=\"Tempo estimado de leitura\" \/>\n\t<meta name=\"twitter:data1\" content=\"3 minutos\" \/>\n<script type=\"application\/ld+json\" class=\"yoast-schema-graph\">{\"@context\":\"https:\/\/schema.org\",\"@graph\":[{\"@type\":\"WebPage\",\"@id\":\"https:\/\/onlinelotto365.com\/pt-pt\/jogar\/\",\"url\":\"https:\/\/onlinelotto365.com\/pt-pt\/jogar\/\",\"name\":\"Jogue na Lotaria Online - mais jackpots para f\u00e3s da lotaria de todo o mundo\",\"isPartOf\":{\"@id\":\"https:\/\/onlinelotto365.com\/pt-pt\/#website\"},\"primaryImageOfPage\":{\"@id\":\"https:\/\/onlinelotto365.com\/pt-pt\/jogar\/#primaryimage\"},\"image\":{\"@id\":\"https:\/\/onlinelotto365.com\/pt-pt\/jogar\/#primaryimage\"},\"thumbnailUrl\":\"https:\/\/onlinelotto365.com\/wp-content\/uploads\/2020\/11\/online_lottery-166-200x300.jpg\",\"datePublished\":\"2020-12-03T08:02:08+00:00\",\"dateModified\":\"2021-01-06T13:45:54+00:00\",\"description\":\"Facilitamos-lhe o jogo online de lotarias estrangeiras - todos os grandes jackpots est\u00e3o aqui\",\"breadcrumb\":{\"@id\":\"https:\/\/onlinelotto365.com\/pt-pt\/jogar\/#breadcrumb\"},\"inLanguage\":\"pt-PT\",\"potentialAction\":[{\"@type\":\"ReadAction\",\"target\":[\"https:\/\/onlinelotto365.com\/pt-pt\/jogar\/\"]}]},{\"@type\":\"ImageObject\",\"inLanguage\":\"pt-PT\",\"@id\":\"https:\/\/onlinelotto365.com\/pt-pt\/jogar\/#primaryimage\",\"url\":\"https:\/\/onlinelotto365.com\/wp-content\/uploads\/2020\/11\/online_lottery-166-200x300.jpg\",\"contentUrl\":\"https:\/\/onlinelotto365.com\/wp-content\/uploads\/2020\/11\/online_lottery-166-200x300.jpg\"},{\"@type\":\"BreadcrumbList\",\"@id\":\"https:\/\/onlinelotto365.com\/pt-pt\/jogar\/#breadcrumb\",\"itemListElement\":[{\"@type\":\"ListItem\",\"position\":1,\"name\":\"Home\",\"item\":\"https:\/\/onlinelotto365.com\/pt-pt\/\"},{\"@type\":\"ListItem\",\"position\":2,\"name\":\"Tudo o que precisa de saber sobre as suas op\u00e7\u00f5es para jogar as melhores lotarias online\"}]},{\"@type\":\"WebSite\",\"@id\":\"https:\/\/onlinelotto365.com\/pt-pt\/#website\",\"url\":\"https:\/\/onlinelotto365.com\/pt-pt\/\",\"name\":\"OnlineLotto365\",\"description\":\"\",\"potentialAction\":[{\"@type\":\"SearchAction\",\"target\":{\"@type\":\"EntryPoint\",\"urlTemplate\":\"https:\/\/onlinelotto365.com\/pt-pt\/?s={search_term_string}\"},\"query-input\":{\"@type\":\"PropertyValueSpecification\",\"valueRequired\":true,\"valueName\":\"search_term_string\"}}],\"inLanguage\":\"pt-PT\"}]}<\/script>\n<!-- \/ Yoast SEO plugin. -->","yoast_head_json":{"title":"Jogue na Lotaria Online - mais jackpots para f\u00e3s da lotaria de todo o mundo","description":"Facilitamos-lhe o jogo online de lotarias estrangeiras - todos os grandes jackpots est\u00e3o aqui","robots":{"index":"index","follow":"follow","max-snippet":"max-snippet:-1","max-image-preview":"max-image-preview:large","max-video-preview":"max-video-preview:-1"},"canonical":"https:\/\/onlinelotto365.com\/pt-pt\/jogar\/","og_locale":"pt_PT","og_type":"article","og_title":"Jogue na Lotaria Online - mais jackpots para f\u00e3s da lotaria de todo o mundo","og_description":"Facilitamos-lhe o jogo online de lotarias estrangeiras - todos os grandes jackpots est\u00e3o aqui","og_url":"https:\/\/onlinelotto365.com\/pt-pt\/jogar\/","og_site_name":"OnlineLotto365","article_modified_time":"2021-01-06T13:45:54+00:00","og_image":[{"url":"https:\/\/onlinelotto365.com\/wp-content\/uploads\/2020\/11\/online_lottery-166-200x300.jpg"}],"twitter_card":"summary_large_image","twitter_misc":{"Tempo estimado de leitura":"3 minutos"},"schema":{"@context":"https:\/\/schema.org","@graph":[{"@type":"WebPage","@id":"https:\/\/onlinelotto365.com\/pt-pt\/jogar\/","url":"https:\/\/onlinelotto365.com\/pt-pt\/jogar\/","name":"Jogue na Lotaria Online - mais jackpots para f\u00e3s da lotaria de todo o mundo","isPartOf":{"@id":"https:\/\/onlinelotto365.com\/pt-pt\/#website"},"primaryImageOfPage":{"@id":"https:\/\/onlinelotto365.com\/pt-pt\/jogar\/#primaryimage"},"image":{"@id":"https:\/\/onlinelotto365.com\/pt-pt\/jogar\/#primaryimage"},"thumbnailUrl":"https:\/\/onlinelotto365.com\/wp-content\/uploads\/2020\/11\/online_lottery-166-200x300.jpg","datePublished":"2020-12-03T08:02:08+00:00","dateModified":"2021-01-06T13:45:54+00:00","description":"Facilitamos-lhe o jogo online de lotarias estrangeiras - todos os grandes jackpots est\u00e3o aqui","breadcrumb":{"@id":"https:\/\/onlinelotto365.com\/pt-pt\/jogar\/#breadcrumb"},"inLanguage":"pt-PT","potentialAction":[{"@type":"ReadAction","target":["https:\/\/onlinelotto365.com\/pt-pt\/jogar\/"]}]},{"@type":"ImageObject","inLanguage":"pt-PT","@id":"https:\/\/onlinelotto365.com\/pt-pt\/jogar\/#primaryimage","url":"https:\/\/onlinelotto365.com\/wp-content\/uploads\/2020\/11\/online_lottery-166-200x300.jpg","contentUrl":"https:\/\/onlinelotto365.com\/wp-content\/uploads\/2020\/11\/online_lottery-166-200x300.jpg"},{"@type":"BreadcrumbList","@id":"https:\/\/onlinelotto365.com\/pt-pt\/jogar\/#breadcrumb","itemListElement":[{"@type":"ListItem","position":1,"name":"Home","item":"https:\/\/onlinelotto365.com\/pt-pt\/"},{"@type":"ListItem","position":2,"name":"Tudo o que precisa de saber sobre as suas op\u00e7\u00f5es para jogar as melhores lotarias online"}]},{"@type":"WebSite","@id":"https:\/\/onlinelotto365.com\/pt-pt\/#website","url":"https:\/\/onlinelotto365.com\/pt-pt\/","name":"OnlineLotto365","description":"","potentialAction":[{"@type":"SearchAction","target":{"@type":"EntryPoint","urlTemplate":"https:\/\/onlinelotto365.com\/pt-pt\/?s={search_term_string}"},"query-input":{"@type":"PropertyValueSpecification","valueRequired":true,"valueName":"search_term_string"}}],"inLanguage":"pt-PT"}]}},"_links":{"self":[{"href":"https:\/\/onlinelotto365.com\/pt-pt\/wp-json\/wp\/v2\/pages\/5031","targetHints":{"allow":["GET"]}}],"collection":[{"href":"https:\/\/onlinelotto365.com\/pt-pt\/wp-json\/wp\/v2\/pages"}],"about":[{"href":"https:\/\/onlinelotto365.com\/pt-pt\/wp-json\/wp\/v2\/types\/page"}],"author":[{"embeddable":true,"href":"https:\/\/onlinelotto365.com\/pt-pt\/wp-json\/wp\/v2\/users\/1"}],"replies":[{"embeddable":true,"href":"https:\/\/onlinelotto365.com\/pt-pt\/wp-json\/wp\/v2\/comments?post=5031"}],"version-history":[{"count":0,"href":"https:\/\/onlinelotto365.com\/pt-pt\/wp-json\/wp\/v2\/pages\/5031\/revisions"}],"wp:attachment":[{"href":"https:\/\/onlinelotto365.com\/pt-pt\/wp-json\/wp\/v2\/media?parent=5031"}],"curies":[{"name":"wp","href":"https:\/\/api.w.org\/{rel}","templated":true}]}}