{"id":6333,"date":"2020-12-06T20:08:55","date_gmt":"2020-12-06T19:08:55","guid":{"rendered":"http:\/\/onlinelotto365.net\/numeros-vencedores\/la-primitiva"},"modified":"2021-01-06T14:31:55","modified_gmt":"2021-01-06T13:31:55","slug":"la-primitiva","status":"publish","type":"page","link":"https:\/\/onlinelotto365.com\/pt-pt\/numeros-vencedores\/la-primitiva\/","title":{"rendered":"Resultados La Primitiva"},"content":{"rendered":"<p>Oferecemos muitos jogos de lotaria internacionais e sabemos que quer encontrar os n\u00fameros vencedores rapidamente. \u00c9 por isso que algumas pessoas escolhem procurar os n\u00fameros no jornal. <strong>Mas encontrar os n\u00fameros vencedores de La Primitiva no jornal pode ser dif\u00edcil.<\/strong> Assim como encontrar esses n\u00fameros na TV, j\u00e1 que precisa fazer a sua pesquisa para encontrar o canal certo.<\/p>\n<p>Outra op\u00e7\u00e3o \u00e9 que podes ir ao site do La Primitiva e ver se eles mostram o desenho ao vivo para o seu jogo. Se o fizerem, pode ser excitante de se ver. Se n\u00e3o o fizerem, o que muitos jogos da lotaria n\u00e3o t\u00eam, ent\u00e3o ficas \u00e0 espera mais.<\/p>\n<p>Depois do desenho, pode por vezes encontrar o mais recente desenho de La Primitiva no YouTube. Mas terias de esperar um pouco depois do desenho para fazer isto.<br \/>\n<a href=\"https:\/\/redfoxlotto.com\/pt\/jogar\/la-primitiva\/?ref=a8564250a2&amp;medium=ol365\" target=\"_blank\" rel=\"noopener noreferrer\"><img decoding=\"async\" class=\"aligncenter\" src=\"https:\/\/redfoxlotto.com\/image?size=8&amp;lottery=la-primitiva\" alt=\" la primitiva\" \/><\/a><\/p>\n<p>O <strong>m\u00e9todo mais conveniente para obter os n\u00fameros,<\/strong>no entanto, \u00e9 consultar o nosso <strong>site.<\/strong> Oferecemos os n\u00fameros e resultados vencedores e at\u00e9 mesmo os valores de pr\u00e9mios para o La Primitiva no nosso site, e inclu\u00edmos <a href=\"https:\/\/onlinelotto365.com\/pt-pt\/jogar\">outras lotarias que tamb\u00e9m oferecemos.<\/a><\/p>\n<h2>Como saber se o seu bilhete online ganhou<img loading=\"lazy\" decoding=\"async\" class=\"alignright wp-image-3572\" src=\"https:\/\/onlinelotto365.com\/wp-content\/uploads\/2020\/11\/online_lottery-25-300x212.jpg\" alt=\"n\u00fameros vencedores para La Primitiva\" width=\"232\" height=\"165\" srcset=\"https:\/\/onlinelotto365.com\/wp-content\/uploads\/2020\/11\/online_lottery-25-300x212.jpg 300w, https:\/\/onlinelotto365.com\/wp-content\/uploads\/2020\/11\/online_lottery-25.jpg 320w\" sizes=\"auto, (max-width: 232px) 100vw, 232px\" \/><\/h2>\n<p>Se comprou bilhetes para La Primitiva, nem precisa ir \u00e0 p\u00e1gina de resultados. Pode entrar na sua conta e ver os seus bilhetes. Mesmo no mesmo ecr\u00e3, ver\u00e1s os n\u00fameros vencedores de cada jogo que jogaste. E ver\u00e1s n\u00fameros em destaque para qualquer jogo entre o teu bilhete e os n\u00fameros vencedores.<br \/>\nSe tiver o n\u00famero certo correto, ser\u00e1 um vencedor e poder\u00e1 ver exatamente o quanto ganhou. Tamb\u00e9m encontrar\u00e1 os ganhos (por qualquer valor inferior a 2500\u20ac) j\u00e1 est\u00e3o dispon\u00edveis na sua conta assim que os resultados forem verificados.<\/p>\n<h2>Arquivo de resultados de La Primitiva<\/h2>\n<p>Para aqueles que querem escolher os seus n\u00fameros para o pr\u00f3ximo desenho, sabemos que pode ser importante verificar bilhetes mais velhos e n\u00fameros mais antigos. Assim, certificamo-nos de que qualquer p\u00e1gina que tenha os resultados mais recentes da La Primitiva tamb\u00e9m tenha acesso a n\u00fameros mais antigos. Pode verific\u00e1-los a qualquer momento por qualquer motivo.<\/p>\n<h2>O meu bilhete ganhou, o que acontece a seguir?<\/h2>\n<p>Se o seu bilhete \u00e9 um vencedor, tudo o que precisa fazer \u00e9 sentar-se e relaxar, porque cuidaremos das coisas por si. Creditamos qualquer valor inferior a \u20ac2.500 diretamente na sua conta para que n\u00e3o tenha que reclamar ou passar por quaisquer passos extra. Depois, desde que tenha pelo menos 10 euros na sua conta, pode retirar o dinheiro para a sua conta banc\u00e1ria ou cart\u00e3o de cr\u00e9dito.<\/p>\n<p>S\u00f3 tens de te certificar que usaste esse cart\u00e3o ou conta connosco anteriormente. Tamb\u00e9m ter\u00e1 de preencher alguns documentos para se certificar de que cumprimos os regulamentos que o nosso processador de pagamentos tem. Estes documentos protegem-nos, mas tamb\u00e9m protegem-no, certificando-se de que \u00e9 o \u00fanico que pode tirar o seu dinheiro da conta.<\/p>\n","protected":false},"excerpt":{"rendered":"<p>Oferecemos muitos jogos de lotaria internacionais e sabemos que quer encontrar os n\u00fameros vencedores rapidamente. \u00c9 por isso que algumas pessoas escolhem procurar os n\u00fameros no jornal. Mas encontrar os n\u00fameros vencedores de La Primitiva no jornal pode ser dif\u00edcil. Assim como encontrar esses n\u00fameros na TV, j\u00e1 que precisa fazer a sua pesquisa para [&hellip;]<\/p>\n","protected":false},"author":1,"featured_media":0,"parent":4965,"menu_order":7,"comment_status":"closed","ping_status":"closed","template":"la-primitiva-results.php","meta":{"_et_pb_use_builder":"","_et_pb_old_content":"","_et_gb_content_width":"","exclude_from_search":false,"footnotes":""},"class_list":["post-6333","page","type-page","status-publish","hentry"],"yoast_head":"<!-- This site is optimized with the Yoast SEO plugin v23.4 - https:\/\/yoast.com\/wordpress\/plugins\/seo\/ -->\n<title>Resultados do \u00faltimo sorteio, n\u00fameros vencedores para La Primitiva<\/title>\n<meta name=\"description\" content=\"Obtenha os \u00faltimos n\u00fameros vencedores da La Primitiva espanhola, bem como outros resultados\" \/>\n<meta name=\"robots\" content=\"index, follow, max-snippet:-1, max-image-preview:large, max-video-preview:-1\" \/>\n<link rel=\"canonical\" href=\"https:\/\/onlinelotto365.com\/pt-pt\/numeros-vencedores\/la-primitiva\/\" \/>\n<meta property=\"og:locale\" content=\"pt_PT\" \/>\n<meta property=\"og:type\" content=\"article\" \/>\n<meta property=\"og:title\" content=\"Resultados do \u00faltimo sorteio, n\u00fameros vencedores para La Primitiva\" \/>\n<meta property=\"og:description\" content=\"Obtenha os \u00faltimos n\u00fameros vencedores da La Primitiva espanhola, bem como outros resultados\" \/>\n<meta property=\"og:url\" content=\"https:\/\/onlinelotto365.com\/pt-pt\/numeros-vencedores\/la-primitiva\/\" \/>\n<meta property=\"og:site_name\" content=\"OnlineLotto365\" \/>\n<meta property=\"article:modified_time\" content=\"2021-01-06T13:31:55+00:00\" \/>\n<meta property=\"og:image\" content=\"https:\/\/redfoxlotto.com\/image?size=8&amp;lottery=la-primitiva\" \/>\n<meta name=\"twitter:card\" content=\"summary_large_image\" \/>\n<meta name=\"twitter:label1\" content=\"Tempo estimado de leitura\" \/>\n\t<meta name=\"twitter:data1\" content=\"2 minutos\" \/>\n<script type=\"application\/ld+json\" class=\"yoast-schema-graph\">{\"@context\":\"https:\/\/schema.org\",\"@graph\":[{\"@type\":\"WebPage\",\"@id\":\"https:\/\/onlinelotto365.com\/pt-pt\/numeros-vencedores\/la-primitiva\/\",\"url\":\"https:\/\/onlinelotto365.com\/pt-pt\/numeros-vencedores\/la-primitiva\/\",\"name\":\"Resultados do \u00faltimo sorteio, n\u00fameros vencedores para La Primitiva\",\"isPartOf\":{\"@id\":\"https:\/\/onlinelotto365.com\/pt-pt\/#website\"},\"primaryImageOfPage\":{\"@id\":\"https:\/\/onlinelotto365.com\/pt-pt\/numeros-vencedores\/la-primitiva\/#primaryimage\"},\"image\":{\"@id\":\"https:\/\/onlinelotto365.com\/pt-pt\/numeros-vencedores\/la-primitiva\/#primaryimage\"},\"thumbnailUrl\":\"https:\/\/redfoxlotto.com\/image?size=8&amp;lottery=la-primitiva\",\"datePublished\":\"2020-12-06T19:08:55+00:00\",\"dateModified\":\"2021-01-06T13:31:55+00:00\",\"description\":\"Obtenha os \u00faltimos n\u00fameros vencedores da La Primitiva espanhola, bem como outros resultados\",\"breadcrumb\":{\"@id\":\"https:\/\/onlinelotto365.com\/pt-pt\/numeros-vencedores\/la-primitiva\/#breadcrumb\"},\"inLanguage\":\"pt-PT\",\"potentialAction\":[{\"@type\":\"ReadAction\",\"target\":[\"https:\/\/onlinelotto365.com\/pt-pt\/numeros-vencedores\/la-primitiva\/\"]}]},{\"@type\":\"ImageObject\",\"inLanguage\":\"pt-PT\",\"@id\":\"https:\/\/onlinelotto365.com\/pt-pt\/numeros-vencedores\/la-primitiva\/#primaryimage\",\"url\":\"https:\/\/redfoxlotto.com\/image?size=8&amp;lottery=la-primitiva\",\"contentUrl\":\"https:\/\/redfoxlotto.com\/image?size=8&amp;lottery=la-primitiva\"},{\"@type\":\"BreadcrumbList\",\"@id\":\"https:\/\/onlinelotto365.com\/pt-pt\/numeros-vencedores\/la-primitiva\/#breadcrumb\",\"itemListElement\":[{\"@type\":\"ListItem\",\"position\":1,\"name\":\"Home\",\"item\":\"https:\/\/onlinelotto365.com\/pt-pt\/\"},{\"@type\":\"ListItem\",\"position\":2,\"name\":\"Encontrar n\u00fameros e resultados vencedores para os \u00faltimos sorteios do loto\",\"item\":\"https:\/\/onlinelotto365.com\/pt-pt\/winning-numbers\/\"},{\"@type\":\"ListItem\",\"position\":3,\"name\":\"Resultados La Primitiva\"}]},{\"@type\":\"WebSite\",\"@id\":\"https:\/\/onlinelotto365.com\/pt-pt\/#website\",\"url\":\"https:\/\/onlinelotto365.com\/pt-pt\/\",\"name\":\"OnlineLotto365\",\"description\":\"\",\"potentialAction\":[{\"@type\":\"SearchAction\",\"target\":{\"@type\":\"EntryPoint\",\"urlTemplate\":\"https:\/\/onlinelotto365.com\/pt-pt\/?s={search_term_string}\"},\"query-input\":{\"@type\":\"PropertyValueSpecification\",\"valueRequired\":true,\"valueName\":\"search_term_string\"}}],\"inLanguage\":\"pt-PT\"}]}<\/script>\n<!-- \/ Yoast SEO plugin. -->","yoast_head_json":{"title":"Resultados do \u00faltimo sorteio, n\u00fameros vencedores para La Primitiva","description":"Obtenha os \u00faltimos n\u00fameros vencedores da La Primitiva espanhola, bem como outros resultados","robots":{"index":"index","follow":"follow","max-snippet":"max-snippet:-1","max-image-preview":"max-image-preview:large","max-video-preview":"max-video-preview:-1"},"canonical":"https:\/\/onlinelotto365.com\/pt-pt\/numeros-vencedores\/la-primitiva\/","og_locale":"pt_PT","og_type":"article","og_title":"Resultados do \u00faltimo sorteio, n\u00fameros vencedores para La Primitiva","og_description":"Obtenha os \u00faltimos n\u00fameros vencedores da La Primitiva espanhola, bem como outros resultados","og_url":"https:\/\/onlinelotto365.com\/pt-pt\/numeros-vencedores\/la-primitiva\/","og_site_name":"OnlineLotto365","article_modified_time":"2021-01-06T13:31:55+00:00","og_image":[{"url":"https:\/\/redfoxlotto.com\/image?size=8&amp;lottery=la-primitiva"}],"twitter_card":"summary_large_image","twitter_misc":{"Tempo estimado de leitura":"2 minutos"},"schema":{"@context":"https:\/\/schema.org","@graph":[{"@type":"WebPage","@id":"https:\/\/onlinelotto365.com\/pt-pt\/numeros-vencedores\/la-primitiva\/","url":"https:\/\/onlinelotto365.com\/pt-pt\/numeros-vencedores\/la-primitiva\/","name":"Resultados do \u00faltimo sorteio, n\u00fameros vencedores para La Primitiva","isPartOf":{"@id":"https:\/\/onlinelotto365.com\/pt-pt\/#website"},"primaryImageOfPage":{"@id":"https:\/\/onlinelotto365.com\/pt-pt\/numeros-vencedores\/la-primitiva\/#primaryimage"},"image":{"@id":"https:\/\/onlinelotto365.com\/pt-pt\/numeros-vencedores\/la-primitiva\/#primaryimage"},"thumbnailUrl":"https:\/\/redfoxlotto.com\/image?size=8&amp;lottery=la-primitiva","datePublished":"2020-12-06T19:08:55+00:00","dateModified":"2021-01-06T13:31:55+00:00","description":"Obtenha os \u00faltimos n\u00fameros vencedores da La Primitiva espanhola, bem como outros resultados","breadcrumb":{"@id":"https:\/\/onlinelotto365.com\/pt-pt\/numeros-vencedores\/la-primitiva\/#breadcrumb"},"inLanguage":"pt-PT","potentialAction":[{"@type":"ReadAction","target":["https:\/\/onlinelotto365.com\/pt-pt\/numeros-vencedores\/la-primitiva\/"]}]},{"@type":"ImageObject","inLanguage":"pt-PT","@id":"https:\/\/onlinelotto365.com\/pt-pt\/numeros-vencedores\/la-primitiva\/#primaryimage","url":"https:\/\/redfoxlotto.com\/image?size=8&amp;lottery=la-primitiva","contentUrl":"https:\/\/redfoxlotto.com\/image?size=8&amp;lottery=la-primitiva"},{"@type":"BreadcrumbList","@id":"https:\/\/onlinelotto365.com\/pt-pt\/numeros-vencedores\/la-primitiva\/#breadcrumb","itemListElement":[{"@type":"ListItem","position":1,"name":"Home","item":"https:\/\/onlinelotto365.com\/pt-pt\/"},{"@type":"ListItem","position":2,"name":"Encontrar n\u00fameros e resultados vencedores para os \u00faltimos sorteios do loto","item":"https:\/\/onlinelotto365.com\/pt-pt\/winning-numbers\/"},{"@type":"ListItem","position":3,"name":"Resultados La Primitiva"}]},{"@type":"WebSite","@id":"https:\/\/onlinelotto365.com\/pt-pt\/#website","url":"https:\/\/onlinelotto365.com\/pt-pt\/","name":"OnlineLotto365","description":"","potentialAction":[{"@type":"SearchAction","target":{"@type":"EntryPoint","urlTemplate":"https:\/\/onlinelotto365.com\/pt-pt\/?s={search_term_string}"},"query-input":{"@type":"PropertyValueSpecification","valueRequired":true,"valueName":"search_term_string"}}],"inLanguage":"pt-PT"}]}},"_links":{"self":[{"href":"https:\/\/onlinelotto365.com\/pt-pt\/wp-json\/wp\/v2\/pages\/6333","targetHints":{"allow":["GET"]}}],"collection":[{"href":"https:\/\/onlinelotto365.com\/pt-pt\/wp-json\/wp\/v2\/pages"}],"about":[{"href":"https:\/\/onlinelotto365.com\/pt-pt\/wp-json\/wp\/v2\/types\/page"}],"author":[{"embeddable":true,"href":"https:\/\/onlinelotto365.com\/pt-pt\/wp-json\/wp\/v2\/users\/1"}],"replies":[{"embeddable":true,"href":"https:\/\/onlinelotto365.com\/pt-pt\/wp-json\/wp\/v2\/comments?post=6333"}],"version-history":[{"count":0,"href":"https:\/\/onlinelotto365.com\/pt-pt\/wp-json\/wp\/v2\/pages\/6333\/revisions"}],"up":[{"embeddable":true,"href":"https:\/\/onlinelotto365.com\/pt-pt\/wp-json\/wp\/v2\/pages\/4965"}],"wp:attachment":[{"href":"https:\/\/onlinelotto365.com\/pt-pt\/wp-json\/wp\/v2\/media?parent=6333"}],"curies":[{"name":"wp","href":"https:\/\/api.w.org\/{rel}","templated":true}]}}