{"id":7747,"date":"2020-12-08T14:13:43","date_gmt":"2020-12-08T13:13:43","guid":{"rendered":"http:\/\/onlinelotto365.net\/?page_id=7747"},"modified":"2021-01-06T14:30:29","modified_gmt":"2021-01-06T13:30:29","slug":"mega-millions","status":"publish","type":"page","link":"https:\/\/onlinelotto365.com\/pt-pt\/numeros-vencedores\/mega-millions\/","title":{"rendered":"Verifique aqui os n\u00fameros vencedores do Mega Milh\u00f5es"},"content":{"rendered":"<p>Com todas as lotarias internacionais que se podem jogar no nosso website, com os n\u00fameros vencedores e os resultados pode ser um problema. Provavelmente n\u00e3o conseguir\u00e1 encontrar os n\u00fameros vencedores do Mega Milh\u00f5es no seu jornal. Poder\u00e1 procurar um canal de televis\u00e3o \u00e0 sua disposi\u00e7\u00e3o que inclua os resultados do sorteio nas suas not\u00edcias, mas isso exigiria alguma pesquisa.<\/p>\n<p>Uma op\u00e7\u00e3o seria verificar se o website oficial da lotaria Mega Millions transmite uma <a href=\"https:\/\/onlinelotto365.com\/pt-pt\/news\/loteria-ao-vivo\">live stream<\/a> do procedimento do sorteio. Ver os n\u00fameros sorteados ao vivo \u00e9, evidentemente, muito excitante. Seria tamb\u00e9m a forma mais r\u00e1pida de descobrir se os seus n\u00fameros ganharam. Mas a maioria das lotarias n\u00e3o oferece a transmiss\u00e3o ao vivo do sorteio em tempo real.<\/p>\n<p>Se o sorteio j\u00e1 tiver sido feito na altura em que pretende verificar os n\u00fameros vencedores, poderia ir at\u00e9 <a href=\"https:\/\/youtube.com\" target=\"_blank\" rel=\"noopener noreferrer\">Youtube<\/a> e fazer uma pesquisa por um v\u00eddeo que mostre o \u00faltimo sorteio do Mega Millions.<a href=\"https:\/\/redfoxlotto.com\/pt\/mega-millions\/?ref=a8564250a2&amp;medium=ol365\" target=\"_blank\" rel=\"noopener noreferrer\"><img decoding=\"async\" class=\"aligncenter\" src=\"https:\/\/redfoxlotto.com\/image?size=8&amp;lottery=mega-millions\" alt=\"Mega Millions\" \/><\/a><\/p>\n<p>Mas um m\u00e9todo muito conveniente para verificar o <a href=\"https:\/\/onlinelotto365.com\/pt-pt\/numeros-vencedores\">n\u00fameros vencedores bem como os resultados e pr\u00e9mios do Mega Millions \u00e9 a nossa pr\u00f3pria p\u00e1gina de resultados da lotaria. Numa p\u00e1gina, pode encontrar os n\u00fameros vencedores de todas as lotarias que estamos a oferecer.<\/a><\/p>\n<h2>Como saber se o seu bilhete online ganhou<\/h2>\n<p>E fica ainda melhor! Se comprou um bilhete para Mega Millions no nosso site, pode consultar a sua conta (precisa de iniciar sess\u00e3o primeiro, claro) e a sec\u00e7\u00e3o onde os seus bilhetes s\u00e3o guardados. Para cada lotaria que tenha jogado, os n\u00fameros vencedores s\u00e3o exibidos mesmo ao lado dos n\u00fameros que seleccionou. Todos os n\u00fameros do seu bilhete que corresponderem aos resultados do sorteio ser\u00e3o tamb\u00e9m marcados por cores. Assim que souber quantos n\u00fameros escolheu correctamente, poder\u00e1 <a href=\"https:\/\/onlinelotto365.com\/pt-pt\/news\/ver-bilhete-de-lotaria-online\"> marcar quanto ganhou<\/a>. Lembre-se tamb\u00e9m que todos os ganhos de menos de 2500 euros ser\u00e3o creditados na sua conta de jogador assim que a lotaria tiver confirmado os resultados oficiais.<\/p>\n<h2>Arquivo de resultados de Mega-milh\u00f5es<\/h2>\n<p>As p\u00e1ginas do nosso website que mostram os \u00faltimos resultados do Mega Millions tamb\u00e9m lhe d\u00e3o a op\u00e7\u00e3o de verificar os resultados de sorteios anteriores. Isto \u00e9 algo que muitos jogadores utilizam para verificar que n\u00fameros foram sorteados ultimamente, ou que n\u00fameros n\u00e3o foram sorteados no passado. \u00c9 uma <a href=\"https:\/\/onlinelotto365.com\/pt-pt\/news\/use-a-estrategia-para-selecionar-seus-numeros-para-a-loteria\"> estrat\u00e9gia muito popular da lotaria<\/a> para utilizar essa informa\u00e7\u00e3o ao seleccionar os n\u00fameros para o seu pr\u00f3ximo bilhete.<\/p>\n<h2>O meu bilhete ganhou, o que acontece a seguir?<\/h2>\n<p>Como j\u00e1 mencion\u00e1mos, pr\u00e9mios de menos de 2500 euros ser\u00e3o creditados directamente na sua conta de cliente no nosso website. A partir da\u00ed, poder\u00e1 retirar a totalidade ou parte dela, desde que tenha um saldo de pelo menos 10 euros. Ou pode utilizar uma parte dela para comprar novos bilhetes. Se decidir levantar fundos para o seu cart\u00e3o de cr\u00e9dito ou conta banc\u00e1ria, ter\u00e1 de nos fornecer alguns documentos para identifica\u00e7\u00e3o. Esta \u00e9 uma exig\u00eancia dos nossos processadores de pagamento, devido \u00e0s leis contra o branqueamento de capitais. Al\u00e9m disso, n\u00e3o poder\u00e1 utilizar um m\u00e9todo de levantamento que n\u00e3o tenha sido utilizado anteriormente para uma compra ou um dep\u00f3sito.<\/p>\n","protected":false},"excerpt":{"rendered":"<p>Com todas as lotarias internacionais que se podem jogar no nosso website, com os n\u00fameros vencedores e os resultados pode ser um problema. Provavelmente n\u00e3o conseguir\u00e1 encontrar os n\u00fameros vencedores do Mega Milh\u00f5es no seu jornal. Poder\u00e1 procurar um canal de televis\u00e3o \u00e0 sua disposi\u00e7\u00e3o que inclua os resultados do sorteio nas suas not\u00edcias, mas [&hellip;]<\/p>\n","protected":false},"author":1,"featured_media":0,"parent":4965,"menu_order":2,"comment_status":"closed","ping_status":"closed","template":"megamillion-results.php","meta":{"_et_pb_use_builder":"","_et_pb_old_content":"","_et_gb_content_width":"","exclude_from_search":false,"footnotes":""},"class_list":["post-7747","page","type-page","status-publish","hentry"],"yoast_head":"<!-- This site is optimized with the Yoast SEO plugin v23.4 - https:\/\/yoast.com\/wordpress\/plugins\/seo\/ -->\n<title>N\u00fameros vencedores Mega Milh\u00f5es | \u00daltimos resultados do sorteio e pr\u00e9mios para Mega Milh\u00f5es<\/title>\n<meta name=\"description\" content=\"Como utilizar o nosso website para encontrar facilmente n\u00fameros e resultados vencedores para Mega Millions\" \/>\n<meta name=\"robots\" content=\"index, follow, max-snippet:-1, max-image-preview:large, max-video-preview:-1\" \/>\n<link rel=\"canonical\" href=\"https:\/\/onlinelotto365.com\/pt-pt\/numeros-vencedores\/mega-millions\/\" \/>\n<meta property=\"og:locale\" content=\"pt_PT\" \/>\n<meta property=\"og:type\" content=\"article\" \/>\n<meta property=\"og:title\" content=\"N\u00fameros vencedores Mega Milh\u00f5es | \u00daltimos resultados do sorteio e pr\u00e9mios para Mega Milh\u00f5es\" \/>\n<meta property=\"og:description\" content=\"Como utilizar o nosso website para encontrar facilmente n\u00fameros e resultados vencedores para Mega Millions\" \/>\n<meta property=\"og:url\" content=\"https:\/\/onlinelotto365.com\/pt-pt\/numeros-vencedores\/mega-millions\/\" \/>\n<meta property=\"og:site_name\" content=\"OnlineLotto365\" \/>\n<meta property=\"article:modified_time\" content=\"2021-01-06T13:30:29+00:00\" \/>\n<meta property=\"og:image\" content=\"https:\/\/redfoxlotto.com\/image?size=8&amp;lottery=mega-millions\" \/>\n<meta name=\"twitter:card\" content=\"summary_large_image\" \/>\n<meta name=\"twitter:label1\" content=\"Tempo estimado de leitura\" \/>\n\t<meta name=\"twitter:data1\" content=\"3 minutos\" \/>\n<script type=\"application\/ld+json\" class=\"yoast-schema-graph\">{\"@context\":\"https:\/\/schema.org\",\"@graph\":[{\"@type\":\"WebPage\",\"@id\":\"https:\/\/onlinelotto365.com\/pt-pt\/numeros-vencedores\/mega-millions\/\",\"url\":\"https:\/\/onlinelotto365.com\/pt-pt\/numeros-vencedores\/mega-millions\/\",\"name\":\"N\u00fameros vencedores Mega Milh\u00f5es | \u00daltimos resultados do sorteio e pr\u00e9mios para Mega Milh\u00f5es\",\"isPartOf\":{\"@id\":\"https:\/\/onlinelotto365.com\/pt-pt\/#website\"},\"primaryImageOfPage\":{\"@id\":\"https:\/\/onlinelotto365.com\/pt-pt\/numeros-vencedores\/mega-millions\/#primaryimage\"},\"image\":{\"@id\":\"https:\/\/onlinelotto365.com\/pt-pt\/numeros-vencedores\/mega-millions\/#primaryimage\"},\"thumbnailUrl\":\"https:\/\/redfoxlotto.com\/image?size=8&amp;lottery=mega-millions\",\"datePublished\":\"2020-12-08T13:13:43+00:00\",\"dateModified\":\"2021-01-06T13:30:29+00:00\",\"description\":\"Como utilizar o nosso website para encontrar facilmente n\u00fameros e resultados vencedores para Mega Millions\",\"breadcrumb\":{\"@id\":\"https:\/\/onlinelotto365.com\/pt-pt\/numeros-vencedores\/mega-millions\/#breadcrumb\"},\"inLanguage\":\"pt-PT\",\"potentialAction\":[{\"@type\":\"ReadAction\",\"target\":[\"https:\/\/onlinelotto365.com\/pt-pt\/numeros-vencedores\/mega-millions\/\"]}]},{\"@type\":\"ImageObject\",\"inLanguage\":\"pt-PT\",\"@id\":\"https:\/\/onlinelotto365.com\/pt-pt\/numeros-vencedores\/mega-millions\/#primaryimage\",\"url\":\"https:\/\/redfoxlotto.com\/image?size=8&amp;lottery=mega-millions\",\"contentUrl\":\"https:\/\/redfoxlotto.com\/image?size=8&amp;lottery=mega-millions\"},{\"@type\":\"BreadcrumbList\",\"@id\":\"https:\/\/onlinelotto365.com\/pt-pt\/numeros-vencedores\/mega-millions\/#breadcrumb\",\"itemListElement\":[{\"@type\":\"ListItem\",\"position\":1,\"name\":\"Home\",\"item\":\"https:\/\/onlinelotto365.com\/pt-pt\/\"},{\"@type\":\"ListItem\",\"position\":2,\"name\":\"Encontrar n\u00fameros e resultados vencedores para os \u00faltimos sorteios do loto\",\"item\":\"https:\/\/onlinelotto365.com\/pt-pt\/winning-numbers\/\"},{\"@type\":\"ListItem\",\"position\":3,\"name\":\"Verifique aqui os n\u00fameros vencedores do Mega Milh\u00f5es\"}]},{\"@type\":\"WebSite\",\"@id\":\"https:\/\/onlinelotto365.com\/pt-pt\/#website\",\"url\":\"https:\/\/onlinelotto365.com\/pt-pt\/\",\"name\":\"OnlineLotto365\",\"description\":\"\",\"potentialAction\":[{\"@type\":\"SearchAction\",\"target\":{\"@type\":\"EntryPoint\",\"urlTemplate\":\"https:\/\/onlinelotto365.com\/pt-pt\/?s={search_term_string}\"},\"query-input\":{\"@type\":\"PropertyValueSpecification\",\"valueRequired\":true,\"valueName\":\"search_term_string\"}}],\"inLanguage\":\"pt-PT\"}]}<\/script>\n<!-- \/ Yoast SEO plugin. -->","yoast_head_json":{"title":"N\u00fameros vencedores Mega Milh\u00f5es | \u00daltimos resultados do sorteio e pr\u00e9mios para Mega Milh\u00f5es","description":"Como utilizar o nosso website para encontrar facilmente n\u00fameros e resultados vencedores para Mega Millions","robots":{"index":"index","follow":"follow","max-snippet":"max-snippet:-1","max-image-preview":"max-image-preview:large","max-video-preview":"max-video-preview:-1"},"canonical":"https:\/\/onlinelotto365.com\/pt-pt\/numeros-vencedores\/mega-millions\/","og_locale":"pt_PT","og_type":"article","og_title":"N\u00fameros vencedores Mega Milh\u00f5es | \u00daltimos resultados do sorteio e pr\u00e9mios para Mega Milh\u00f5es","og_description":"Como utilizar o nosso website para encontrar facilmente n\u00fameros e resultados vencedores para Mega Millions","og_url":"https:\/\/onlinelotto365.com\/pt-pt\/numeros-vencedores\/mega-millions\/","og_site_name":"OnlineLotto365","article_modified_time":"2021-01-06T13:30:29+00:00","og_image":[{"url":"https:\/\/redfoxlotto.com\/image?size=8&amp;lottery=mega-millions"}],"twitter_card":"summary_large_image","twitter_misc":{"Tempo estimado de leitura":"3 minutos"},"schema":{"@context":"https:\/\/schema.org","@graph":[{"@type":"WebPage","@id":"https:\/\/onlinelotto365.com\/pt-pt\/numeros-vencedores\/mega-millions\/","url":"https:\/\/onlinelotto365.com\/pt-pt\/numeros-vencedores\/mega-millions\/","name":"N\u00fameros vencedores Mega Milh\u00f5es | \u00daltimos resultados do sorteio e pr\u00e9mios para Mega Milh\u00f5es","isPartOf":{"@id":"https:\/\/onlinelotto365.com\/pt-pt\/#website"},"primaryImageOfPage":{"@id":"https:\/\/onlinelotto365.com\/pt-pt\/numeros-vencedores\/mega-millions\/#primaryimage"},"image":{"@id":"https:\/\/onlinelotto365.com\/pt-pt\/numeros-vencedores\/mega-millions\/#primaryimage"},"thumbnailUrl":"https:\/\/redfoxlotto.com\/image?size=8&amp;lottery=mega-millions","datePublished":"2020-12-08T13:13:43+00:00","dateModified":"2021-01-06T13:30:29+00:00","description":"Como utilizar o nosso website para encontrar facilmente n\u00fameros e resultados vencedores para Mega Millions","breadcrumb":{"@id":"https:\/\/onlinelotto365.com\/pt-pt\/numeros-vencedores\/mega-millions\/#breadcrumb"},"inLanguage":"pt-PT","potentialAction":[{"@type":"ReadAction","target":["https:\/\/onlinelotto365.com\/pt-pt\/numeros-vencedores\/mega-millions\/"]}]},{"@type":"ImageObject","inLanguage":"pt-PT","@id":"https:\/\/onlinelotto365.com\/pt-pt\/numeros-vencedores\/mega-millions\/#primaryimage","url":"https:\/\/redfoxlotto.com\/image?size=8&amp;lottery=mega-millions","contentUrl":"https:\/\/redfoxlotto.com\/image?size=8&amp;lottery=mega-millions"},{"@type":"BreadcrumbList","@id":"https:\/\/onlinelotto365.com\/pt-pt\/numeros-vencedores\/mega-millions\/#breadcrumb","itemListElement":[{"@type":"ListItem","position":1,"name":"Home","item":"https:\/\/onlinelotto365.com\/pt-pt\/"},{"@type":"ListItem","position":2,"name":"Encontrar n\u00fameros e resultados vencedores para os \u00faltimos sorteios do loto","item":"https:\/\/onlinelotto365.com\/pt-pt\/winning-numbers\/"},{"@type":"ListItem","position":3,"name":"Verifique aqui os n\u00fameros vencedores do Mega Milh\u00f5es"}]},{"@type":"WebSite","@id":"https:\/\/onlinelotto365.com\/pt-pt\/#website","url":"https:\/\/onlinelotto365.com\/pt-pt\/","name":"OnlineLotto365","description":"","potentialAction":[{"@type":"SearchAction","target":{"@type":"EntryPoint","urlTemplate":"https:\/\/onlinelotto365.com\/pt-pt\/?s={search_term_string}"},"query-input":{"@type":"PropertyValueSpecification","valueRequired":true,"valueName":"search_term_string"}}],"inLanguage":"pt-PT"}]}},"_links":{"self":[{"href":"https:\/\/onlinelotto365.com\/pt-pt\/wp-json\/wp\/v2\/pages\/7747","targetHints":{"allow":["GET"]}}],"collection":[{"href":"https:\/\/onlinelotto365.com\/pt-pt\/wp-json\/wp\/v2\/pages"}],"about":[{"href":"https:\/\/onlinelotto365.com\/pt-pt\/wp-json\/wp\/v2\/types\/page"}],"author":[{"embeddable":true,"href":"https:\/\/onlinelotto365.com\/pt-pt\/wp-json\/wp\/v2\/users\/1"}],"replies":[{"embeddable":true,"href":"https:\/\/onlinelotto365.com\/pt-pt\/wp-json\/wp\/v2\/comments?post=7747"}],"version-history":[{"count":0,"href":"https:\/\/onlinelotto365.com\/pt-pt\/wp-json\/wp\/v2\/pages\/7747\/revisions"}],"up":[{"embeddable":true,"href":"https:\/\/onlinelotto365.com\/pt-pt\/wp-json\/wp\/v2\/pages\/4965"}],"wp:attachment":[{"href":"https:\/\/onlinelotto365.com\/pt-pt\/wp-json\/wp\/v2\/media?parent=7747"}],"curies":[{"name":"wp","href":"https:\/\/api.w.org\/{rel}","templated":true}]}}