{"id":7778,"date":"2020-12-08T14:20:45","date_gmt":"2020-12-08T13:20:45","guid":{"rendered":"http:\/\/onlinelotto365.net\/?page_id=7778"},"modified":"2021-01-06T14:31:04","modified_gmt":"2021-01-06T13:31:04","slug":"eurojackpot","status":"publish","type":"page","link":"https:\/\/onlinelotto365.com\/pt-pt\/numeros-vencedores\/eurojackpot\/","title":{"rendered":"Verifique aqui os n\u00fameros vencedores do Eurojackpot"},"content":{"rendered":"<p>Existem muitas <a href=\"https:\/\/onlinelotto365.com\/pt-pt\/news\/como-jogar-na-loteria-internacional\">diferentes lotarias internacionais<\/a> dispon\u00edveis atrav\u00e9s do nosso website, o que significa que encontrar os n\u00fameros e resultados pode ser dif\u00edcil para alguns. E quando se trata de encontrar os n\u00fameros noutros s\u00edtios, as coisas podem piorar ainda mais. Provavelmente n\u00e3o encontrar\u00e1 os n\u00fameros forte para o Eurojackpot no seu jornal local e tamb\u00e9m podem ser dif\u00edceis de encontrar na televis\u00e3o. Especialmente porque muitas vezes n\u00e3o s\u00e3o transmitidos em directo.<\/p>\n<p>Tamb\u00e9m pode consultar o website da lotaria do Eurojackpot, que lhe d\u00e1 uma transmiss\u00e3o em directo dos resultados e do sorteio. Este processo pode ser muito divertido, e definitivamente permite-lhe saber se ganhou muito mais depressa. Mas nem sempre \u00e9 poss\u00edvel e vai exigir que tenha o timing certo.<\/p>\n<p>Se estiver a verificar n\u00fameros ap\u00f3s o sorteio, poder\u00e1 sempre verificar no YouTube se o sorteio est\u00e1 dispon\u00edvel ou se algu\u00e9m tem um v\u00eddeo com os n\u00fameros vencedores nele.<br \/>\n<a href=\"https:\/\/redfoxlotto.com\/pt\/eurojackpot\/?ref=a8564250a2&amp;medium=ol365\" target=\"_blank\" rel=\"noopener noreferrer\"><img decoding=\"async\" class=\"aligncenter\" src=\"https:\/\/redfoxlotto.com\/image?size=8&amp;lottery=eurojackpot\" alt=\"eurojackpot\" \/><\/a><\/p>\n<p>A forma mais f\u00e1cil de encontrar os n\u00fameros vencedores, e mesmo ver todos os pr\u00e9mios e resultados, \u00e9 visitar o nosso website na p\u00e1gina de resultados <a href=\"https:\/\/onlinelotto365.com\/pt-pt\/numeros-vencedores\">lottery<\/a>. Vai oferecer todos os n\u00fameros vencedores para o Eurojackpot e todos os outros jogos que temos dispon\u00edveis.<\/p>\n<h2>Como saber se o seu bilhete online ganhou<\/h2>\n<p>Comprou um bilhete para o Eurojackpot? Se o fez, nem sequer tem de ir \u00e0 p\u00e1gina de resultados. Tudo o que tem de fazer \u00e9 entrar na sua conta e pode ver os n\u00fameros vencedores mesmo ao lado do seu bilhete. Poder\u00e1 at\u00e9 ver quais os n\u00fameros que foram correspondidos e quais os que n\u00e3o foram e ver quanto ganhou como resultado. Se ganhou menos de 2500 euros, receber\u00e1 imediatamente o dinheiro depositado na sua conta, assim que os n\u00fameros da lotaria forem confirmados.<\/p>\n<h2>Arquivo de resultados do jackpot<\/h2>\n<p>O nosso s\u00edtio web mostrar-lhe-\u00e1 os resultados latest Eurojackpot mas tamb\u00e9m lhe dar\u00e1 muitas op\u00e7\u00f5es para verificar tamb\u00e9m desenhos mais antigos. Isto pode ser usado para verificar bilhetes mais antigos ou se estiver \u00e0 procura dos melhores n\u00fameros para tentar na pr\u00f3xima vez que comprar um bilhete. De facto, \u00e9 uma das <a href=\"https:\/\/onlinelotto365.com\/pt-pt\/news\/use-a-estrategia-para-selecionar-seus-numeros-para-a-loteria\"> mais populares estrat\u00e9gias de lotaria que as pessoas usam<\/a>.<\/p>\n<h2>O meu bilhete j\u00e1 ganhou, o que acontece a seguir?<\/h2>\n<p>J\u00e1 fal\u00e1mos de pr\u00e9mios que s\u00e3o inferiores a 2500 euros. Receb\u00ea-los-\u00e1 imediatamente depositados na sua conta e depois poder\u00e1 optar por comprar mais bilhetes ou levantar algum ou todo o dinheiro. S\u00f3 precisa de se certificar de que tem pelo menos 10 euros na sua conta a fim de os retirar para o m\u00e9todo que escolheu.<\/p>\n<p>Pode optar por levantar na sua conta banc\u00e1ria ou no seu cart\u00e3o de cr\u00e9dito, mas n\u00f3s tamb\u00e9m facilitamos este processo. Queremos que consiga obter o seu dinheiro, mas temos de passar por algumas etapas para que esse dinheiro chegue \u00e0 sua conta. Afinal de contas, existem regulamentos rigorosos sobre a transfer\u00eancia de dinheiro em linha.<\/p>\n","protected":false},"excerpt":{"rendered":"<p>Existem muitas diferentes lotarias internacionais dispon\u00edveis atrav\u00e9s do nosso website, o que significa que encontrar os n\u00fameros e resultados pode ser dif\u00edcil para alguns. E quando se trata de encontrar os n\u00fameros noutros s\u00edtios, as coisas podem piorar ainda mais. Provavelmente n\u00e3o encontrar\u00e1 os n\u00fameros forte para o Eurojackpot no seu jornal local e tamb\u00e9m [&hellip;]<\/p>\n","protected":false},"author":1,"featured_media":0,"parent":4965,"menu_order":4,"comment_status":"closed","ping_status":"closed","template":"","meta":{"_et_pb_use_builder":"","_et_pb_old_content":"","_et_gb_content_width":"","exclude_from_search":false,"footnotes":""},"class_list":["post-7778","page","type-page","status-publish","hentry"],"yoast_head":"<!-- This site is optimized with the Yoast SEO plugin v23.4 - https:\/\/yoast.com\/wordpress\/plugins\/seo\/ -->\n<title>N\u00fameros vencedores Eurojackpot | Confira aqui os resultados do sorteio e os ganhos do Eurojackpot<\/title>\n<meta name=\"description\" content=\"Publicamos os resultados do Eurojackpot e os n\u00fameros vencedores, mais um arquivo para sorteios passados\" \/>\n<meta name=\"robots\" content=\"index, follow, max-snippet:-1, max-image-preview:large, max-video-preview:-1\" \/>\n<link rel=\"canonical\" href=\"https:\/\/onlinelotto365.com\/pt-pt\/numeros-vencedores\/eurojackpot\/\" \/>\n<meta property=\"og:locale\" content=\"pt_PT\" \/>\n<meta property=\"og:type\" content=\"article\" \/>\n<meta property=\"og:title\" content=\"N\u00fameros vencedores Eurojackpot | Confira aqui os resultados do sorteio e os ganhos do Eurojackpot\" \/>\n<meta property=\"og:description\" content=\"Publicamos os resultados do Eurojackpot e os n\u00fameros vencedores, mais um arquivo para sorteios passados\" \/>\n<meta property=\"og:url\" content=\"https:\/\/onlinelotto365.com\/pt-pt\/numeros-vencedores\/eurojackpot\/\" \/>\n<meta property=\"og:site_name\" content=\"OnlineLotto365\" \/>\n<meta property=\"article:modified_time\" content=\"2021-01-06T13:31:04+00:00\" \/>\n<meta property=\"og:image\" content=\"https:\/\/redfoxlotto.com\/image?size=8&amp;lottery=eurojackpot\" \/>\n<meta name=\"twitter:card\" content=\"summary_large_image\" \/>\n<meta name=\"twitter:label1\" content=\"Tempo estimado de leitura\" \/>\n\t<meta name=\"twitter:data1\" content=\"3 minutos\" \/>\n<script type=\"application\/ld+json\" class=\"yoast-schema-graph\">{\"@context\":\"https:\/\/schema.org\",\"@graph\":[{\"@type\":\"WebPage\",\"@id\":\"https:\/\/onlinelotto365.com\/pt-pt\/numeros-vencedores\/eurojackpot\/\",\"url\":\"https:\/\/onlinelotto365.com\/pt-pt\/numeros-vencedores\/eurojackpot\/\",\"name\":\"N\u00fameros vencedores Eurojackpot | Confira aqui os resultados do sorteio e os ganhos do Eurojackpot\",\"isPartOf\":{\"@id\":\"https:\/\/onlinelotto365.com\/pt-pt\/#website\"},\"primaryImageOfPage\":{\"@id\":\"https:\/\/onlinelotto365.com\/pt-pt\/numeros-vencedores\/eurojackpot\/#primaryimage\"},\"image\":{\"@id\":\"https:\/\/onlinelotto365.com\/pt-pt\/numeros-vencedores\/eurojackpot\/#primaryimage\"},\"thumbnailUrl\":\"https:\/\/redfoxlotto.com\/image?size=8&amp;lottery=eurojackpot\",\"datePublished\":\"2020-12-08T13:20:45+00:00\",\"dateModified\":\"2021-01-06T13:31:04+00:00\",\"description\":\"Publicamos os resultados do Eurojackpot e os n\u00fameros vencedores, mais um arquivo para sorteios passados\",\"breadcrumb\":{\"@id\":\"https:\/\/onlinelotto365.com\/pt-pt\/numeros-vencedores\/eurojackpot\/#breadcrumb\"},\"inLanguage\":\"pt-PT\",\"potentialAction\":[{\"@type\":\"ReadAction\",\"target\":[\"https:\/\/onlinelotto365.com\/pt-pt\/numeros-vencedores\/eurojackpot\/\"]}]},{\"@type\":\"ImageObject\",\"inLanguage\":\"pt-PT\",\"@id\":\"https:\/\/onlinelotto365.com\/pt-pt\/numeros-vencedores\/eurojackpot\/#primaryimage\",\"url\":\"https:\/\/redfoxlotto.com\/image?size=8&amp;lottery=eurojackpot\",\"contentUrl\":\"https:\/\/redfoxlotto.com\/image?size=8&amp;lottery=eurojackpot\"},{\"@type\":\"BreadcrumbList\",\"@id\":\"https:\/\/onlinelotto365.com\/pt-pt\/numeros-vencedores\/eurojackpot\/#breadcrumb\",\"itemListElement\":[{\"@type\":\"ListItem\",\"position\":1,\"name\":\"Home\",\"item\":\"https:\/\/onlinelotto365.com\/pt-pt\/\"},{\"@type\":\"ListItem\",\"position\":2,\"name\":\"Encontrar n\u00fameros e resultados vencedores para os \u00faltimos sorteios do loto\",\"item\":\"https:\/\/onlinelotto365.com\/pt-pt\/winning-numbers\/\"},{\"@type\":\"ListItem\",\"position\":3,\"name\":\"Verifique aqui os n\u00fameros vencedores do Eurojackpot\"}]},{\"@type\":\"WebSite\",\"@id\":\"https:\/\/onlinelotto365.com\/pt-pt\/#website\",\"url\":\"https:\/\/onlinelotto365.com\/pt-pt\/\",\"name\":\"OnlineLotto365\",\"description\":\"\",\"potentialAction\":[{\"@type\":\"SearchAction\",\"target\":{\"@type\":\"EntryPoint\",\"urlTemplate\":\"https:\/\/onlinelotto365.com\/pt-pt\/?s={search_term_string}\"},\"query-input\":{\"@type\":\"PropertyValueSpecification\",\"valueRequired\":true,\"valueName\":\"search_term_string\"}}],\"inLanguage\":\"pt-PT\"}]}<\/script>\n<!-- \/ Yoast SEO plugin. -->","yoast_head_json":{"title":"N\u00fameros vencedores Eurojackpot | Confira aqui os resultados do sorteio e os ganhos do Eurojackpot","description":"Publicamos os resultados do Eurojackpot e os n\u00fameros vencedores, mais um arquivo para sorteios passados","robots":{"index":"index","follow":"follow","max-snippet":"max-snippet:-1","max-image-preview":"max-image-preview:large","max-video-preview":"max-video-preview:-1"},"canonical":"https:\/\/onlinelotto365.com\/pt-pt\/numeros-vencedores\/eurojackpot\/","og_locale":"pt_PT","og_type":"article","og_title":"N\u00fameros vencedores Eurojackpot | Confira aqui os resultados do sorteio e os ganhos do Eurojackpot","og_description":"Publicamos os resultados do Eurojackpot e os n\u00fameros vencedores, mais um arquivo para sorteios passados","og_url":"https:\/\/onlinelotto365.com\/pt-pt\/numeros-vencedores\/eurojackpot\/","og_site_name":"OnlineLotto365","article_modified_time":"2021-01-06T13:31:04+00:00","og_image":[{"url":"https:\/\/redfoxlotto.com\/image?size=8&amp;lottery=eurojackpot"}],"twitter_card":"summary_large_image","twitter_misc":{"Tempo estimado de leitura":"3 minutos"},"schema":{"@context":"https:\/\/schema.org","@graph":[{"@type":"WebPage","@id":"https:\/\/onlinelotto365.com\/pt-pt\/numeros-vencedores\/eurojackpot\/","url":"https:\/\/onlinelotto365.com\/pt-pt\/numeros-vencedores\/eurojackpot\/","name":"N\u00fameros vencedores Eurojackpot | Confira aqui os resultados do sorteio e os ganhos do Eurojackpot","isPartOf":{"@id":"https:\/\/onlinelotto365.com\/pt-pt\/#website"},"primaryImageOfPage":{"@id":"https:\/\/onlinelotto365.com\/pt-pt\/numeros-vencedores\/eurojackpot\/#primaryimage"},"image":{"@id":"https:\/\/onlinelotto365.com\/pt-pt\/numeros-vencedores\/eurojackpot\/#primaryimage"},"thumbnailUrl":"https:\/\/redfoxlotto.com\/image?size=8&amp;lottery=eurojackpot","datePublished":"2020-12-08T13:20:45+00:00","dateModified":"2021-01-06T13:31:04+00:00","description":"Publicamos os resultados do Eurojackpot e os n\u00fameros vencedores, mais um arquivo para sorteios passados","breadcrumb":{"@id":"https:\/\/onlinelotto365.com\/pt-pt\/numeros-vencedores\/eurojackpot\/#breadcrumb"},"inLanguage":"pt-PT","potentialAction":[{"@type":"ReadAction","target":["https:\/\/onlinelotto365.com\/pt-pt\/numeros-vencedores\/eurojackpot\/"]}]},{"@type":"ImageObject","inLanguage":"pt-PT","@id":"https:\/\/onlinelotto365.com\/pt-pt\/numeros-vencedores\/eurojackpot\/#primaryimage","url":"https:\/\/redfoxlotto.com\/image?size=8&amp;lottery=eurojackpot","contentUrl":"https:\/\/redfoxlotto.com\/image?size=8&amp;lottery=eurojackpot"},{"@type":"BreadcrumbList","@id":"https:\/\/onlinelotto365.com\/pt-pt\/numeros-vencedores\/eurojackpot\/#breadcrumb","itemListElement":[{"@type":"ListItem","position":1,"name":"Home","item":"https:\/\/onlinelotto365.com\/pt-pt\/"},{"@type":"ListItem","position":2,"name":"Encontrar n\u00fameros e resultados vencedores para os \u00faltimos sorteios do loto","item":"https:\/\/onlinelotto365.com\/pt-pt\/winning-numbers\/"},{"@type":"ListItem","position":3,"name":"Verifique aqui os n\u00fameros vencedores do Eurojackpot"}]},{"@type":"WebSite","@id":"https:\/\/onlinelotto365.com\/pt-pt\/#website","url":"https:\/\/onlinelotto365.com\/pt-pt\/","name":"OnlineLotto365","description":"","potentialAction":[{"@type":"SearchAction","target":{"@type":"EntryPoint","urlTemplate":"https:\/\/onlinelotto365.com\/pt-pt\/?s={search_term_string}"},"query-input":{"@type":"PropertyValueSpecification","valueRequired":true,"valueName":"search_term_string"}}],"inLanguage":"pt-PT"}]}},"_links":{"self":[{"href":"https:\/\/onlinelotto365.com\/pt-pt\/wp-json\/wp\/v2\/pages\/7778","targetHints":{"allow":["GET"]}}],"collection":[{"href":"https:\/\/onlinelotto365.com\/pt-pt\/wp-json\/wp\/v2\/pages"}],"about":[{"href":"https:\/\/onlinelotto365.com\/pt-pt\/wp-json\/wp\/v2\/types\/page"}],"author":[{"embeddable":true,"href":"https:\/\/onlinelotto365.com\/pt-pt\/wp-json\/wp\/v2\/users\/1"}],"replies":[{"embeddable":true,"href":"https:\/\/onlinelotto365.com\/pt-pt\/wp-json\/wp\/v2\/comments?post=7778"}],"version-history":[{"count":0,"href":"https:\/\/onlinelotto365.com\/pt-pt\/wp-json\/wp\/v2\/pages\/7778\/revisions"}],"up":[{"embeddable":true,"href":"https:\/\/onlinelotto365.com\/pt-pt\/wp-json\/wp\/v2\/pages\/4965"}],"wp:attachment":[{"href":"https:\/\/onlinelotto365.com\/pt-pt\/wp-json\/wp\/v2\/media?parent=7778"}],"curies":[{"name":"wp","href":"https:\/\/api.w.org\/{rel}","templated":true}]}}