{"id":7781,"date":"2020-12-08T14:21:47","date_gmt":"2020-12-08T13:21:47","guid":{"rendered":"http:\/\/onlinelotto365.net\/?page_id=7781"},"modified":"2021-01-06T14:30:41","modified_gmt":"2021-01-06T13:30:41","slug":"euromillions","status":"publish","type":"page","link":"https:\/\/onlinelotto365.com\/pt-pt\/numeros-vencedores\/euromillions\/","title":{"rendered":"Ver os n\u00fameros vencedores do Euromilh\u00f5es"},"content":{"rendered":"<p>Sabemos que h\u00e1 um <a href=\"https:\/\/onlinelotto365.com\/pt-pt\/jogar\">lotes de jogos de lotaria internacional dispon\u00edveis no nosso website<\/a> e isso pode tornar-se um pouco confuso para si. Mas n\u00e3o tem de ser t\u00e3o confuso como pensa. E tamb\u00e9m n\u00e3o tem de ser t\u00e3o dif\u00edcil para si encontrar os n\u00fameros vencedores para o jogo que deseja. Mas talvez tenha pensado em verificar noutro lugar. O jornal e a televis\u00e3o s\u00e3o um par de op\u00e7\u00f5es, mas a menos que seja local, pode ser dif\u00edcil encontrar os resultados em qualquer um destes locais.<\/p>\n<p>Pode tamb\u00e9m optar por ir ao site oficial da lotaria EuroMillions. Este \u00e9 um dos melhores lugares para obter os resultados porque s\u00e3o factos dispon\u00edveis e pode at\u00e9 poder assistir a uma transmiss\u00e3o ao vivo do sorteio. Pode ser divertido e emocionante <a href=\"https:\/\/onlinelotto365.com\/pt-pt\/news\/loteria-ao-vivo\">assistir a esse sorteio ao vivo<\/a>, especialmente se for voc\u00ea a ganhar e puder assistir aos seus n\u00fameros a chegar. Mas pode levar muito tempo e nem todos os jogos de lotaria s\u00e3o realmente transmitidos em directo.<\/p>\n<p>Uma vez sorteado o sorteio, outra op\u00e7\u00e3o \u00e9 consultar o YouTube para ver se pode obter um v\u00eddeo do sorteio ou outra pessoa revelando os n\u00fameros depois do facto.<br \/>\n<a href=\"https:\/\/redfoxlotto.com\/play\/euromillions\/?ref=a8564250a2&amp;medium=ol365\" target=\"_blank\" rel=\"noopener noreferrer\"><img decoding=\"async\" class=\"aligncenter\" src=\"https:\/\/redfoxlotto.com\/image?size=8&amp;lottery=euromillions\" alt=\"euromilh\u00f5es\" \/><\/a><\/p>\n<p>A melhor maneira de obter os n\u00fameros vencedores, no entanto, \u00e9 verificar o nosso website e verificar os resultados. Est\u00e1 tudo dispon\u00edvel na nossa p\u00e1gina de resultados da lotaria, que lhe mostrar\u00e1 os n\u00fameros vencedores de qualquer jogo de loto que possa comprar no nosso website.<\/p>\n<h2>Como saber se o seu bilhete online ganhou<img loading=\"lazy\" decoding=\"async\" class=\"alignright wp-image-3645\" src=\"https:\/\/onlinelotto365.com\/wp-content\/uploads\/2020\/11\/online_lottery-129-300x300.jpg\" alt=\"Euromilh\u00f5es n\u00fameros vencedores\" width=\"210\" height=\"210\" srcset=\"https:\/\/onlinelotto365.com\/wp-content\/uploads\/2020\/11\/online_lottery-129-300x300.jpg 300w, https:\/\/onlinelotto365.com\/wp-content\/uploads\/2020\/11\/online_lottery-129-100x100.jpg 100w, https:\/\/onlinelotto365.com\/wp-content\/uploads\/2020\/11\/online_lottery-129-150x150.jpg 150w, https:\/\/onlinelotto365.com\/wp-content\/uploads\/2020\/11\/online_lottery-129.jpg 320w\" sizes=\"auto, (max-width: 210px) 100vw, 210px\" \/><\/h2>\n<p>O que \u00e9 ainda melhor \u00e9 que, se realmente comprou um bilhete para este jogo, nem sequer tem de se preocupar em ir \u00e0 p\u00e1gina de resultados. Pode simplesmente ir directamente \u00e0 sua conta e \u00e0 p\u00e1gina com os seus bilhetes.<\/p>\n<p>De l\u00e1, pode ver os n\u00fameros vencedores e os seus n\u00fameros comparados. E destacamos os n\u00fameros que correspondem, para que n\u00e3o os perca. Al\u00e9m disso, tratamos de lhe conseguir os ganhos dos seus n\u00fameros se tiver algo inferior a 2500 euros. Se tiver terminado, s\u00f3 tem de preencher um formul\u00e1rio e n\u00f3s ainda o ajudaremos a ter tudo tratado.<\/p>\n<h2>Arquivo de resultados do EuroMilh\u00f5es<\/h2>\n<p>Temos v\u00e1rias \u00e1reas onde pode ver os \u00faltimos n\u00fameros vencedores para o EuroMilh\u00f5es e o resultados de outros jogos, mas tamb\u00e9m temos op\u00e7\u00f5es para verificar os n\u00fameros vencedores antigos tamb\u00e9m. Se quiser ter a certeza de estar a escolher os n\u00fameros certos para o jogo de rede, olhar para os jogos mais antigos pode ser uma boa maneira de fazer essa escolha.<\/p>\n<h2>O meu bilhete ganhou, o que acontece a seguir?<\/h2>\n<p>J\u00e1 mencion\u00e1mos que qualquer pr\u00e9mio ganho que seja inferior a 2500 euros ser\u00e1 colocado na sua conta pela nossa equipa de servi\u00e7o ao cliente. Assim que o dinheiro estiver na sua conta, poder\u00e1 retir\u00e1-lo, utiliz\u00e1-lo, ou qualquer outra coisa que deseje. Isto vai facilitar-lhe continuar a jogar ou a usar o seu dinheiro para o que quiser.<br \/>\nN\u00e3o s\u00f3 isso, como tamb\u00e9m poder\u00e1 levantar o dinheiro de qualquer conta que j\u00e1 tenha utilizado para comprar ou depositar dinheiro adicional na sua conta. Isto inclui contas banc\u00e1rias, cart\u00f5es de cr\u00e9dito, e muito mais.<\/p>\n","protected":false},"excerpt":{"rendered":"<p>Sabemos que h\u00e1 um lotes de jogos de lotaria internacional dispon\u00edveis no nosso website e isso pode tornar-se um pouco confuso para si. Mas n\u00e3o tem de ser t\u00e3o confuso como pensa. E tamb\u00e9m n\u00e3o tem de ser t\u00e3o dif\u00edcil para si encontrar os n\u00fameros vencedores para o jogo que deseja. Mas talvez tenha pensado [&hellip;]<\/p>\n","protected":false},"author":1,"featured_media":0,"parent":4965,"menu_order":3,"comment_status":"closed","ping_status":"closed","template":"euromillions-results.php","meta":{"_et_pb_use_builder":"","_et_pb_old_content":"","_et_gb_content_width":"","exclude_from_search":false,"footnotes":""},"class_list":["post-7781","page","type-page","status-publish","hentry"],"yoast_head":"<!-- This site is optimized with the Yoast SEO plugin v23.4 - https:\/\/yoast.com\/wordpress\/plugins\/seo\/ -->\n<title>N\u00fameros vencedores Euromilh\u00f5es | Ver os \u00faltimos pr\u00e9mios e resultados para Euromilh\u00f5es<\/title>\n<meta name=\"description\" content=\"Compare o seu bilhete Euromilh\u00f5es com os n\u00fameros vencedores - ver todos os resultados da lotaria aqui\" \/>\n<meta name=\"robots\" content=\"index, follow, max-snippet:-1, max-image-preview:large, max-video-preview:-1\" \/>\n<link rel=\"canonical\" href=\"https:\/\/onlinelotto365.com\/pt-pt\/numeros-vencedores\/euromillions\/\" \/>\n<meta property=\"og:locale\" content=\"pt_PT\" \/>\n<meta property=\"og:type\" content=\"article\" \/>\n<meta property=\"og:title\" content=\"N\u00fameros vencedores Euromilh\u00f5es | Ver os \u00faltimos pr\u00e9mios e resultados para Euromilh\u00f5es\" \/>\n<meta property=\"og:description\" content=\"Compare o seu bilhete Euromilh\u00f5es com os n\u00fameros vencedores - ver todos os resultados da lotaria aqui\" \/>\n<meta property=\"og:url\" content=\"https:\/\/onlinelotto365.com\/pt-pt\/numeros-vencedores\/euromillions\/\" \/>\n<meta property=\"og:site_name\" content=\"OnlineLotto365\" \/>\n<meta property=\"article:modified_time\" content=\"2021-01-06T13:30:41+00:00\" \/>\n<meta property=\"og:image\" content=\"https:\/\/redfoxlotto.com\/image?size=8&amp;lottery=euromillions\" \/>\n<meta name=\"twitter:card\" content=\"summary_large_image\" \/>\n<meta name=\"twitter:label1\" content=\"Tempo estimado de leitura\" \/>\n\t<meta name=\"twitter:data1\" content=\"3 minutos\" \/>\n<script type=\"application\/ld+json\" class=\"yoast-schema-graph\">{\"@context\":\"https:\/\/schema.org\",\"@graph\":[{\"@type\":\"WebPage\",\"@id\":\"https:\/\/onlinelotto365.com\/pt-pt\/numeros-vencedores\/euromillions\/\",\"url\":\"https:\/\/onlinelotto365.com\/pt-pt\/numeros-vencedores\/euromillions\/\",\"name\":\"N\u00fameros vencedores Euromilh\u00f5es | Ver os \u00faltimos pr\u00e9mios e resultados para Euromilh\u00f5es\",\"isPartOf\":{\"@id\":\"https:\/\/onlinelotto365.com\/pt-pt\/#website\"},\"primaryImageOfPage\":{\"@id\":\"https:\/\/onlinelotto365.com\/pt-pt\/numeros-vencedores\/euromillions\/#primaryimage\"},\"image\":{\"@id\":\"https:\/\/onlinelotto365.com\/pt-pt\/numeros-vencedores\/euromillions\/#primaryimage\"},\"thumbnailUrl\":\"https:\/\/redfoxlotto.com\/image?size=8&amp;lottery=euromillions\",\"datePublished\":\"2020-12-08T13:21:47+00:00\",\"dateModified\":\"2021-01-06T13:30:41+00:00\",\"description\":\"Compare o seu bilhete Euromilh\u00f5es com os n\u00fameros vencedores - ver todos os resultados da lotaria aqui\",\"breadcrumb\":{\"@id\":\"https:\/\/onlinelotto365.com\/pt-pt\/numeros-vencedores\/euromillions\/#breadcrumb\"},\"inLanguage\":\"pt-PT\",\"potentialAction\":[{\"@type\":\"ReadAction\",\"target\":[\"https:\/\/onlinelotto365.com\/pt-pt\/numeros-vencedores\/euromillions\/\"]}]},{\"@type\":\"ImageObject\",\"inLanguage\":\"pt-PT\",\"@id\":\"https:\/\/onlinelotto365.com\/pt-pt\/numeros-vencedores\/euromillions\/#primaryimage\",\"url\":\"https:\/\/redfoxlotto.com\/image?size=8&amp;lottery=euromillions\",\"contentUrl\":\"https:\/\/redfoxlotto.com\/image?size=8&amp;lottery=euromillions\"},{\"@type\":\"BreadcrumbList\",\"@id\":\"https:\/\/onlinelotto365.com\/pt-pt\/numeros-vencedores\/euromillions\/#breadcrumb\",\"itemListElement\":[{\"@type\":\"ListItem\",\"position\":1,\"name\":\"Home\",\"item\":\"https:\/\/onlinelotto365.com\/pt-pt\/\"},{\"@type\":\"ListItem\",\"position\":2,\"name\":\"Encontrar n\u00fameros e resultados vencedores para os \u00faltimos sorteios do loto\",\"item\":\"https:\/\/onlinelotto365.com\/pt-pt\/winning-numbers\/\"},{\"@type\":\"ListItem\",\"position\":3,\"name\":\"Ver os n\u00fameros vencedores do Euromilh\u00f5es\"}]},{\"@type\":\"WebSite\",\"@id\":\"https:\/\/onlinelotto365.com\/pt-pt\/#website\",\"url\":\"https:\/\/onlinelotto365.com\/pt-pt\/\",\"name\":\"OnlineLotto365\",\"description\":\"\",\"potentialAction\":[{\"@type\":\"SearchAction\",\"target\":{\"@type\":\"EntryPoint\",\"urlTemplate\":\"https:\/\/onlinelotto365.com\/pt-pt\/?s={search_term_string}\"},\"query-input\":{\"@type\":\"PropertyValueSpecification\",\"valueRequired\":true,\"valueName\":\"search_term_string\"}}],\"inLanguage\":\"pt-PT\"}]}<\/script>\n<!-- \/ Yoast SEO plugin. -->","yoast_head_json":{"title":"N\u00fameros vencedores Euromilh\u00f5es | Ver os \u00faltimos pr\u00e9mios e resultados para Euromilh\u00f5es","description":"Compare o seu bilhete Euromilh\u00f5es com os n\u00fameros vencedores - ver todos os resultados da lotaria aqui","robots":{"index":"index","follow":"follow","max-snippet":"max-snippet:-1","max-image-preview":"max-image-preview:large","max-video-preview":"max-video-preview:-1"},"canonical":"https:\/\/onlinelotto365.com\/pt-pt\/numeros-vencedores\/euromillions\/","og_locale":"pt_PT","og_type":"article","og_title":"N\u00fameros vencedores Euromilh\u00f5es | Ver os \u00faltimos pr\u00e9mios e resultados para Euromilh\u00f5es","og_description":"Compare o seu bilhete Euromilh\u00f5es com os n\u00fameros vencedores - ver todos os resultados da lotaria aqui","og_url":"https:\/\/onlinelotto365.com\/pt-pt\/numeros-vencedores\/euromillions\/","og_site_name":"OnlineLotto365","article_modified_time":"2021-01-06T13:30:41+00:00","og_image":[{"url":"https:\/\/redfoxlotto.com\/image?size=8&amp;lottery=euromillions"}],"twitter_card":"summary_large_image","twitter_misc":{"Tempo estimado de leitura":"3 minutos"},"schema":{"@context":"https:\/\/schema.org","@graph":[{"@type":"WebPage","@id":"https:\/\/onlinelotto365.com\/pt-pt\/numeros-vencedores\/euromillions\/","url":"https:\/\/onlinelotto365.com\/pt-pt\/numeros-vencedores\/euromillions\/","name":"N\u00fameros vencedores Euromilh\u00f5es | Ver os \u00faltimos pr\u00e9mios e resultados para Euromilh\u00f5es","isPartOf":{"@id":"https:\/\/onlinelotto365.com\/pt-pt\/#website"},"primaryImageOfPage":{"@id":"https:\/\/onlinelotto365.com\/pt-pt\/numeros-vencedores\/euromillions\/#primaryimage"},"image":{"@id":"https:\/\/onlinelotto365.com\/pt-pt\/numeros-vencedores\/euromillions\/#primaryimage"},"thumbnailUrl":"https:\/\/redfoxlotto.com\/image?size=8&amp;lottery=euromillions","datePublished":"2020-12-08T13:21:47+00:00","dateModified":"2021-01-06T13:30:41+00:00","description":"Compare o seu bilhete Euromilh\u00f5es com os n\u00fameros vencedores - ver todos os resultados da lotaria aqui","breadcrumb":{"@id":"https:\/\/onlinelotto365.com\/pt-pt\/numeros-vencedores\/euromillions\/#breadcrumb"},"inLanguage":"pt-PT","potentialAction":[{"@type":"ReadAction","target":["https:\/\/onlinelotto365.com\/pt-pt\/numeros-vencedores\/euromillions\/"]}]},{"@type":"ImageObject","inLanguage":"pt-PT","@id":"https:\/\/onlinelotto365.com\/pt-pt\/numeros-vencedores\/euromillions\/#primaryimage","url":"https:\/\/redfoxlotto.com\/image?size=8&amp;lottery=euromillions","contentUrl":"https:\/\/redfoxlotto.com\/image?size=8&amp;lottery=euromillions"},{"@type":"BreadcrumbList","@id":"https:\/\/onlinelotto365.com\/pt-pt\/numeros-vencedores\/euromillions\/#breadcrumb","itemListElement":[{"@type":"ListItem","position":1,"name":"Home","item":"https:\/\/onlinelotto365.com\/pt-pt\/"},{"@type":"ListItem","position":2,"name":"Encontrar n\u00fameros e resultados vencedores para os \u00faltimos sorteios do loto","item":"https:\/\/onlinelotto365.com\/pt-pt\/winning-numbers\/"},{"@type":"ListItem","position":3,"name":"Ver os n\u00fameros vencedores do Euromilh\u00f5es"}]},{"@type":"WebSite","@id":"https:\/\/onlinelotto365.com\/pt-pt\/#website","url":"https:\/\/onlinelotto365.com\/pt-pt\/","name":"OnlineLotto365","description":"","potentialAction":[{"@type":"SearchAction","target":{"@type":"EntryPoint","urlTemplate":"https:\/\/onlinelotto365.com\/pt-pt\/?s={search_term_string}"},"query-input":{"@type":"PropertyValueSpecification","valueRequired":true,"valueName":"search_term_string"}}],"inLanguage":"pt-PT"}]}},"_links":{"self":[{"href":"https:\/\/onlinelotto365.com\/pt-pt\/wp-json\/wp\/v2\/pages\/7781","targetHints":{"allow":["GET"]}}],"collection":[{"href":"https:\/\/onlinelotto365.com\/pt-pt\/wp-json\/wp\/v2\/pages"}],"about":[{"href":"https:\/\/onlinelotto365.com\/pt-pt\/wp-json\/wp\/v2\/types\/page"}],"author":[{"embeddable":true,"href":"https:\/\/onlinelotto365.com\/pt-pt\/wp-json\/wp\/v2\/users\/1"}],"replies":[{"embeddable":true,"href":"https:\/\/onlinelotto365.com\/pt-pt\/wp-json\/wp\/v2\/comments?post=7781"}],"version-history":[{"count":0,"href":"https:\/\/onlinelotto365.com\/pt-pt\/wp-json\/wp\/v2\/pages\/7781\/revisions"}],"up":[{"embeddable":true,"href":"https:\/\/onlinelotto365.com\/pt-pt\/wp-json\/wp\/v2\/pages\/4965"}],"wp:attachment":[{"href":"https:\/\/onlinelotto365.com\/pt-pt\/wp-json\/wp\/v2\/media?parent=7781"}],"curies":[{"name":"wp","href":"https:\/\/api.w.org\/{rel}","templated":true}]}}