{"id":7814,"date":"2020-12-08T14:31:28","date_gmt":"2020-12-08T13:31:28","guid":{"rendered":"http:\/\/onlinelotto365.net\/?page_id=7814"},"modified":"2021-01-10T11:07:15","modified_gmt":"2021-01-10T10:07:15","slug":"superenalotto","status":"publish","type":"page","link":"https:\/\/onlinelotto365.com\/pt-pt\/numeros-vencedores\/superenalotto\/","title":{"rendered":"Verifique os n\u00fameros vencedores da Superenalotto aqui"},"content":{"rendered":"<p>Oferecemos muitos jogos de lotaria internacionais diferentes no nosso website, mas queremos ter a certeza de que encontrar os resultados n\u00e3o \u00e9 um problema. Claro, pode verificar os resultados na televis\u00e3o, se tiver a sorte de encontrar os resultados do sorteio nas not\u00edcias. Ou pode encontr\u00e1-los no jornal, se viver numa zona onde os jogos s\u00e3o locais. Mas isso tamb\u00e9m pode ser dif\u00edcil.<\/p>\n<p>Pode tamb\u00e9m consultar o website da Superenalotto para<a href=\"https:\/\/onlinelotto365.com\/pt-pt\/news\/loteria-ao-vivo\"> encontrar um fluxo ao vivo<\/a> do processo de desenho, se este for oferecido. Isto pode ser divertido para os jogos que o fornecem e pode dar-lhe um momento emocionante de observa\u00e7\u00e3o para ver se os seus n\u00fameros s\u00e3o os que ganharam, mas nem todos os jogos de lotaria oferecem realmente esta op\u00e7\u00e3o.<\/p>\n<p>Ap\u00f3s o sorteio, pode por vezes encontrar <strong>n\u00fameros e desenhos vencedores para a Superenalotto<\/strong> <a href=\"https:\/\/youtube.com\/\">no YouTube<\/a> se souber como fazer a sua pesquisa e onde procurar. Mas isso pode levar o seu tempo.<br \/>\n<a href=\"https:\/\/redfoxlotto.com\/pt\/superenalotto\/?ref=a8564250a2&amp;medium=ol365\" target=\"_blank\" rel=\"noopener noreferrer\"><img decoding=\"async\" class=\"aligncenter\" src=\"https:\/\/redfoxlotto.com\/image?size=8&amp;lottery=superenalotto\" alt=\"superenalotto\" \/><\/a><\/p>\n<p>A melhor maneira de o fazer \u00e9 simplesmente ir \u00e0 nossa <a href=\"https:\/\/onlinelotto365.com\/pt-pt\/numeros-vencedores\">p\u00e1gina de resultados da lotaria<\/a> e ver todos os n\u00fameros para cada um dos <a href=\"https:\/\/onlinelotto365.com\/pt-pt\">diferentes jogos de loto<\/a>. Isto inclui a Superenalotto e muito mais.<\/p>\n<h2>Como saber se o seu bilhete de lotaria on-line ganhou<img loading=\"lazy\" decoding=\"async\" class=\"alignright size-full wp-image-3634\" src=\"https:\/\/onlinelotto365.com\/wp-content\/uploads\/2020\/11\/online_lottery-136.jpg\" alt=\"superenalotto winning numbers\" width=\"297\" height=\"101\" \/><\/h2>\n<p>Para quem comprou um bilhete para a Superenalotto com o nosso site, pode facilmente verificar a sua conta para descobrir os n\u00fameros vencedores. Vai ser muito mais f\u00e1cil do que pensa e o que \u00e9 melhor \u00e9 que nem sequer tem de comparar os n\u00fameros.<\/p>\n<p>N\u00f3s tratamos dessa parte por si. Na verdade, <strong>mostramos-lhe quais os n\u00fameros que tem que correspondem aos n\u00fameros vencedores, destacando-os<\/strong>. Depois, colocamos qualquer dinheiro que ganhe at\u00e9 2500 euros directamente na sua conta. N\u00e3o tem de se preocupar em reclam\u00e1-lo ou em certificar-se de que verifica alguma coisa. Fazemos tudo para que possa usufruir dos seus ganhos.<\/p>\n<h2>Arquivo de resultados da Superenalotto<\/h2>\n<p>Qualquer p\u00e1gina no nosso website que mostre os n\u00fameros vencedores da Superenalotto tamb\u00e9m lhe mostrar\u00e1 como pode <strong>voltar aos resultados anteriores para verificar os desenhos anteriores<\/strong>. Isto pode ajud\u00e1-lo a escolher os n\u00fameros certos que deseja jogar quando chegar a altura do pr\u00f3ximo sorteio. \u00c9 uma das formas mais populares de escolher os n\u00fameros.<\/p>\n<h2>O meu bilhete j\u00e1 ganhou, o que acontece a seguir?<\/h2>\n<p>Qualquer pr\u00e9mio que seja inferior a 2500 euros ser\u00e1 imediatamente colocado na sua conta de jogador. Desta forma, pode retir\u00e1-lo (qualquer quantia superior a 10 euros) ou pode utiliz\u00e1-lo para comprar bilhetes adicionais. Basta ter em mente que pode levantar fundos para um cart\u00e3o de cr\u00e9dito ou de d\u00e9bito ou pode levantar para uma conta banc\u00e1ria. Seja qual for a conta que queira levantar o dinheiro consigo, ter\u00e1 de j\u00e1 o ter utilizado para colocar dinheiro tamb\u00e9m. \u00c9 assim que ajudamos a proteg\u00ea-lo e tamb\u00e9m como cumprimos os regulamentos de anti-lavagem de dinheiro e muito mais.<\/p>\n","protected":false},"excerpt":{"rendered":"<p>Oferecemos muitos jogos de lotaria internacionais diferentes no nosso website, mas queremos ter a certeza de que encontrar os resultados n\u00e3o \u00e9 um problema. Claro, pode verificar os resultados na televis\u00e3o, se tiver a sorte de encontrar os resultados do sorteio nas not\u00edcias. Ou pode encontr\u00e1-los no jornal, se viver numa zona onde os jogos [&hellip;]<\/p>\n","protected":false},"author":1,"featured_media":0,"parent":4965,"menu_order":5,"comment_status":"closed","ping_status":"closed","template":"superenalotto-results.php","meta":{"_et_pb_use_builder":"","_et_pb_old_content":"","_et_gb_content_width":"","exclude_from_search":false,"footnotes":""},"class_list":["post-7814","page","type-page","status-publish","hentry"],"yoast_head":"<!-- This site is optimized with the Yoast SEO plugin v23.4 - https:\/\/yoast.com\/wordpress\/plugins\/seo\/ -->\n<title>\u00daltimos n\u00fameros vencedores da Superenalotto<\/title>\n<meta name=\"description\" content=\"Quer saber os n\u00fameros vencedores da Superenalotto? Encontre os resultados e muito mais aqui!\" \/>\n<meta name=\"robots\" content=\"index, follow, max-snippet:-1, max-image-preview:large, max-video-preview:-1\" \/>\n<link rel=\"canonical\" href=\"https:\/\/onlinelotto365.com\/pt-pt\/numeros-vencedores\/superenalotto\/\" \/>\n<meta property=\"og:locale\" content=\"pt_PT\" \/>\n<meta property=\"og:type\" content=\"article\" \/>\n<meta property=\"og:title\" content=\"\u00daltimos n\u00fameros vencedores da Superenalotto\" \/>\n<meta property=\"og:description\" content=\"Quer saber os n\u00fameros vencedores da Superenalotto? Encontre os resultados e muito mais aqui!\" \/>\n<meta property=\"og:url\" content=\"https:\/\/onlinelotto365.com\/pt-pt\/numeros-vencedores\/superenalotto\/\" \/>\n<meta property=\"og:site_name\" content=\"OnlineLotto365\" \/>\n<meta property=\"article:modified_time\" content=\"2021-01-10T10:07:15+00:00\" \/>\n<meta property=\"og:image\" content=\"https:\/\/redfoxlotto.com\/image?size=8&amp;lottery=superenalotto\" \/>\n<meta name=\"twitter:card\" content=\"summary_large_image\" \/>\n<meta name=\"twitter:label1\" content=\"Tempo estimado de leitura\" \/>\n\t<meta name=\"twitter:data1\" content=\"3 minutos\" \/>\n<script type=\"application\/ld+json\" class=\"yoast-schema-graph\">{\"@context\":\"https:\/\/schema.org\",\"@graph\":[{\"@type\":\"WebPage\",\"@id\":\"https:\/\/onlinelotto365.com\/pt-pt\/numeros-vencedores\/superenalotto\/\",\"url\":\"https:\/\/onlinelotto365.com\/pt-pt\/numeros-vencedores\/superenalotto\/\",\"name\":\"\u00daltimos n\u00fameros vencedores da Superenalotto\",\"isPartOf\":{\"@id\":\"https:\/\/onlinelotto365.com\/pt-pt\/#website\"},\"primaryImageOfPage\":{\"@id\":\"https:\/\/onlinelotto365.com\/pt-pt\/numeros-vencedores\/superenalotto\/#primaryimage\"},\"image\":{\"@id\":\"https:\/\/onlinelotto365.com\/pt-pt\/numeros-vencedores\/superenalotto\/#primaryimage\"},\"thumbnailUrl\":\"https:\/\/redfoxlotto.com\/image?size=8&amp;lottery=superenalotto\",\"datePublished\":\"2020-12-08T13:31:28+00:00\",\"dateModified\":\"2021-01-10T10:07:15+00:00\",\"description\":\"Quer saber os n\u00fameros vencedores da Superenalotto? Encontre os resultados e muito mais aqui!\",\"breadcrumb\":{\"@id\":\"https:\/\/onlinelotto365.com\/pt-pt\/numeros-vencedores\/superenalotto\/#breadcrumb\"},\"inLanguage\":\"pt-PT\",\"potentialAction\":[{\"@type\":\"ReadAction\",\"target\":[\"https:\/\/onlinelotto365.com\/pt-pt\/numeros-vencedores\/superenalotto\/\"]}]},{\"@type\":\"ImageObject\",\"inLanguage\":\"pt-PT\",\"@id\":\"https:\/\/onlinelotto365.com\/pt-pt\/numeros-vencedores\/superenalotto\/#primaryimage\",\"url\":\"https:\/\/redfoxlotto.com\/image?size=8&amp;lottery=superenalotto\",\"contentUrl\":\"https:\/\/redfoxlotto.com\/image?size=8&amp;lottery=superenalotto\"},{\"@type\":\"BreadcrumbList\",\"@id\":\"https:\/\/onlinelotto365.com\/pt-pt\/numeros-vencedores\/superenalotto\/#breadcrumb\",\"itemListElement\":[{\"@type\":\"ListItem\",\"position\":1,\"name\":\"Home\",\"item\":\"https:\/\/onlinelotto365.com\/pt-pt\/\"},{\"@type\":\"ListItem\",\"position\":2,\"name\":\"Encontrar n\u00fameros e resultados vencedores para os \u00faltimos sorteios do loto\",\"item\":\"https:\/\/onlinelotto365.com\/pt-pt\/winning-numbers\/\"},{\"@type\":\"ListItem\",\"position\":3,\"name\":\"Verifique os n\u00fameros vencedores da Superenalotto aqui\"}]},{\"@type\":\"WebSite\",\"@id\":\"https:\/\/onlinelotto365.com\/pt-pt\/#website\",\"url\":\"https:\/\/onlinelotto365.com\/pt-pt\/\",\"name\":\"OnlineLotto365\",\"description\":\"\",\"potentialAction\":[{\"@type\":\"SearchAction\",\"target\":{\"@type\":\"EntryPoint\",\"urlTemplate\":\"https:\/\/onlinelotto365.com\/pt-pt\/?s={search_term_string}\"},\"query-input\":{\"@type\":\"PropertyValueSpecification\",\"valueRequired\":true,\"valueName\":\"search_term_string\"}}],\"inLanguage\":\"pt-PT\"}]}<\/script>\n<!-- \/ Yoast SEO plugin. -->","yoast_head_json":{"title":"\u00daltimos n\u00fameros vencedores da Superenalotto","description":"Quer saber os n\u00fameros vencedores da Superenalotto? Encontre os resultados e muito mais aqui!","robots":{"index":"index","follow":"follow","max-snippet":"max-snippet:-1","max-image-preview":"max-image-preview:large","max-video-preview":"max-video-preview:-1"},"canonical":"https:\/\/onlinelotto365.com\/pt-pt\/numeros-vencedores\/superenalotto\/","og_locale":"pt_PT","og_type":"article","og_title":"\u00daltimos n\u00fameros vencedores da Superenalotto","og_description":"Quer saber os n\u00fameros vencedores da Superenalotto? Encontre os resultados e muito mais aqui!","og_url":"https:\/\/onlinelotto365.com\/pt-pt\/numeros-vencedores\/superenalotto\/","og_site_name":"OnlineLotto365","article_modified_time":"2021-01-10T10:07:15+00:00","og_image":[{"url":"https:\/\/redfoxlotto.com\/image?size=8&amp;lottery=superenalotto"}],"twitter_card":"summary_large_image","twitter_misc":{"Tempo estimado de leitura":"3 minutos"},"schema":{"@context":"https:\/\/schema.org","@graph":[{"@type":"WebPage","@id":"https:\/\/onlinelotto365.com\/pt-pt\/numeros-vencedores\/superenalotto\/","url":"https:\/\/onlinelotto365.com\/pt-pt\/numeros-vencedores\/superenalotto\/","name":"\u00daltimos n\u00fameros vencedores da Superenalotto","isPartOf":{"@id":"https:\/\/onlinelotto365.com\/pt-pt\/#website"},"primaryImageOfPage":{"@id":"https:\/\/onlinelotto365.com\/pt-pt\/numeros-vencedores\/superenalotto\/#primaryimage"},"image":{"@id":"https:\/\/onlinelotto365.com\/pt-pt\/numeros-vencedores\/superenalotto\/#primaryimage"},"thumbnailUrl":"https:\/\/redfoxlotto.com\/image?size=8&amp;lottery=superenalotto","datePublished":"2020-12-08T13:31:28+00:00","dateModified":"2021-01-10T10:07:15+00:00","description":"Quer saber os n\u00fameros vencedores da Superenalotto? Encontre os resultados e muito mais aqui!","breadcrumb":{"@id":"https:\/\/onlinelotto365.com\/pt-pt\/numeros-vencedores\/superenalotto\/#breadcrumb"},"inLanguage":"pt-PT","potentialAction":[{"@type":"ReadAction","target":["https:\/\/onlinelotto365.com\/pt-pt\/numeros-vencedores\/superenalotto\/"]}]},{"@type":"ImageObject","inLanguage":"pt-PT","@id":"https:\/\/onlinelotto365.com\/pt-pt\/numeros-vencedores\/superenalotto\/#primaryimage","url":"https:\/\/redfoxlotto.com\/image?size=8&amp;lottery=superenalotto","contentUrl":"https:\/\/redfoxlotto.com\/image?size=8&amp;lottery=superenalotto"},{"@type":"BreadcrumbList","@id":"https:\/\/onlinelotto365.com\/pt-pt\/numeros-vencedores\/superenalotto\/#breadcrumb","itemListElement":[{"@type":"ListItem","position":1,"name":"Home","item":"https:\/\/onlinelotto365.com\/pt-pt\/"},{"@type":"ListItem","position":2,"name":"Encontrar n\u00fameros e resultados vencedores para os \u00faltimos sorteios do loto","item":"https:\/\/onlinelotto365.com\/pt-pt\/winning-numbers\/"},{"@type":"ListItem","position":3,"name":"Verifique os n\u00fameros vencedores da Superenalotto aqui"}]},{"@type":"WebSite","@id":"https:\/\/onlinelotto365.com\/pt-pt\/#website","url":"https:\/\/onlinelotto365.com\/pt-pt\/","name":"OnlineLotto365","description":"","potentialAction":[{"@type":"SearchAction","target":{"@type":"EntryPoint","urlTemplate":"https:\/\/onlinelotto365.com\/pt-pt\/?s={search_term_string}"},"query-input":{"@type":"PropertyValueSpecification","valueRequired":true,"valueName":"search_term_string"}}],"inLanguage":"pt-PT"}]}},"_links":{"self":[{"href":"https:\/\/onlinelotto365.com\/pt-pt\/wp-json\/wp\/v2\/pages\/7814","targetHints":{"allow":["GET"]}}],"collection":[{"href":"https:\/\/onlinelotto365.com\/pt-pt\/wp-json\/wp\/v2\/pages"}],"about":[{"href":"https:\/\/onlinelotto365.com\/pt-pt\/wp-json\/wp\/v2\/types\/page"}],"author":[{"embeddable":true,"href":"https:\/\/onlinelotto365.com\/pt-pt\/wp-json\/wp\/v2\/users\/1"}],"replies":[{"embeddable":true,"href":"https:\/\/onlinelotto365.com\/pt-pt\/wp-json\/wp\/v2\/comments?post=7814"}],"version-history":[{"count":0,"href":"https:\/\/onlinelotto365.com\/pt-pt\/wp-json\/wp\/v2\/pages\/7814\/revisions"}],"up":[{"embeddable":true,"href":"https:\/\/onlinelotto365.com\/pt-pt\/wp-json\/wp\/v2\/pages\/4965"}],"wp:attachment":[{"href":"https:\/\/onlinelotto365.com\/pt-pt\/wp-json\/wp\/v2\/media?parent=7814"}],"curies":[{"name":"wp","href":"https:\/\/api.w.org\/{rel}","templated":true}]}}