{"id":7840,"date":"2020-12-08T14:35:00","date_gmt":"2020-12-08T13:35:00","guid":{"rendered":"http:\/\/onlinelotto365.net\/?page_id=7840"},"modified":"2021-01-10T11:07:02","modified_gmt":"2021-01-10T10:07:02","slug":"el-gordo","status":"publish","type":"page","link":"https:\/\/onlinelotto365.com\/pt-pt\/numeros-vencedores\/el-gordo\/","title":{"rendered":"Verifique aqui os resultados e ganhos de El Gordo"},"content":{"rendered":"<p>Sabemos que oferecemos um monte de diferentes <a href=\"https:\/\/onlinelotto365.com\/pt-pt\">lotarias internacionais<\/a> e pode tornar-se um pouco confuso tentar descobrir os n\u00fameros vencedores. Muitas pessoas procuram no jornal para encontrar n\u00fameros vencedores para os seus jogos favoritos, mas a menos que se viva na zona, <strong>encontrar os n\u00fameros para El Gordo pode ser dif\u00edcil<\/strong>. O mesmo acontece quando se tenta ver o desenho ou ver os n\u00fameros vencedores na televis\u00e3o.<\/p>\n<p>Outra op\u00e7\u00e3o \u00e9 olhar para o site oficial de El Gordo e ver se eles oferecem um <a href=\"https:\/\/onlinelotto365.com\/pt-pt\/news\/loteria-ao-vivo\"><strong>transmiss\u00e3o ao vivo do processo de sorteio<\/strong><\/a>. Para aqueles jogos que o fazem, esta pode ser uma oportunidade divertida e interessante para qualquer pessoa.<\/p>\n<p>Mas h\u00e1 muitos jogos que na realidade n\u00e3o oferecem isto. Em vez disso, teria de esperar at\u00e9 que o sorteio terminasse e tudo tivesse sido relatado para ver os resultados.<br \/>\nFinalmente, se o desenho j\u00e1 tiver terminado, talvez possa ir ao YouTube e encontrar l\u00e1 o desenho de El Gordo. Mas esta \u00e9 outra \u00e1rea onde poder\u00e1 n\u00e3o ser bem sucedido. Pode n\u00e3o haver nada dispon\u00edvel para o seu desenho.<br \/>\n<a href=\"https:\/\/redfoxlotto.com\/pt\/jogar\/el-gordo-primitiva\/?ref=a8564250a2&amp;medium=ol365\" target=\"_blank\" rel=\"noopener noreferrer\"><img decoding=\"async\" class=\"aligncenter\" src=\"https:\/\/redfoxlotto.com\/image?size=8&amp;lottery=el-gordo-primitiva\" alt=\"el gordo\" \/><\/a><br \/>\nUma das melhores e mais f\u00e1ceis maneiras de encontrar os n\u00fameros vencedores, contudo, \u00e9 com o nosso website. Verifique as nossas p\u00e1ginas de n\u00fameros e resultados para encontrar os resultados para El Gordo e qualquer outro jogo de lotaria que temos \u00e0 nossa disposi\u00e7\u00e3o.<\/p>\n<h2>Como descobrir se o seu bilhete online ganhou<img loading=\"lazy\" decoding=\"async\" class=\"alignright wp-image-3573\" src=\"https:\/\/onlinelotto365.com\/wp-content\/uploads\/2020\/11\/online_lottery-96-300x212.jpg\" alt=\"el gordo n\u00fameros vencedores\" width=\"166\" height=\"117\" srcset=\"https:\/\/onlinelotto365.com\/wp-content\/uploads\/2020\/11\/online_lottery-96-300x212.jpg 300w, https:\/\/onlinelotto365.com\/wp-content\/uploads\/2020\/11\/online_lottery-96.jpg 320w\" sizes=\"auto, (max-width: 166px) 100vw, 166px\" \/><\/h2>\n<p>A parte ainda melhor \u00e9 que nem sequer tem de ir \u00e0 p\u00e1gina de resultados da lotaria. Pode ir directamente \u00e0 sua conta se tiver adquirido bilhetes. A partir da\u00ed, poder\u00e1 ver n\u00e3o s\u00f3 os n\u00fameros vencedores, mas tamb\u00e9m como os seus n\u00fameros se alinham. Poder\u00e1 ver os n\u00fameros comparados e depois poder\u00e1 ver qual o resultado e quanto ganhou de facto. Se ganhou menos de 2500 euros, nem sequer tem de fazer nada porque os ganhos estar\u00e3o certos na sua conta.<\/p>\n<h2>Arquivo de resultados de El Gordo<\/h2>\n<p>Se quiser olhar para n\u00fameros antigos e ver o que eram, pode facilmente fazer isto tamb\u00e9m. De facto, qualquer p\u00e1gina do nosso website onde possa ver os \u00faltimos resultados de El Gordo tamb\u00e9m lhe permitir\u00e1 verificar alguns dos n\u00fameros mais antigos. Isto torna mais f\u00e1cil para si descobrir quais os n\u00fameros que quer jogar na pr\u00f3xima vez.<\/p>\n<h2>O meu bilhete j\u00e1 ganhou, o que acontece a seguir?<\/h2>\n<p>Se ganhar, ter\u00e1 facilidade em obter o seu dinheiro, pois depositamo-lo directamente na sua conta assim que os resultados forem certificados. Se for menos de 2500 euros, ter\u00e1 o dinheiro t\u00e3o rapidamente. Ent\u00e3o, se for superior a 10 euros, poder\u00e1 levantar o dinheiro para a sua conta.<br \/>\nOu pode deixar o dinheiro na sua conta de jogador e utiliz\u00e1-lo para <a href=\"https:\/\/onlinelotto365.com\/pt-pt\/comprar-bilhetes\">comprar ainda mais bilhetes para jogos adicionais<\/a>. Tenha apenas em mente que o levantamento do seu dinheiro exigir\u00e1 alguma documenta\u00e7\u00e3o para cumprir os regulamentos federais. Tamb\u00e9m precisa de utilizar um m\u00e9todo que j\u00e1 tenha utilizado para um dep\u00f3sito.<\/p>\n","protected":false},"excerpt":{"rendered":"<p>Sabemos que oferecemos um monte de diferentes lotarias internacionais e pode tornar-se um pouco confuso tentar descobrir os n\u00fameros vencedores. Muitas pessoas procuram no jornal para encontrar n\u00fameros vencedores para os seus jogos favoritos, mas a menos que se viva na zona, encontrar os n\u00fameros para El Gordo pode ser dif\u00edcil. O mesmo acontece quando [&hellip;]<\/p>\n","protected":false},"author":1,"featured_media":0,"parent":4965,"menu_order":6,"comment_status":"closed","ping_status":"closed","template":"el-gordo-results.php","meta":{"_et_pb_use_builder":"","_et_pb_old_content":"","_et_gb_content_width":"","exclude_from_search":false,"footnotes":""},"class_list":["post-7840","page","type-page","status-publish","hentry"],"yoast_head":"<!-- This site is optimized with the Yoast SEO plugin v23.4 - https:\/\/yoast.com\/wordpress\/plugins\/seo\/ -->\n<title>N\u00fameros vencedores do El Gordo | Resultados e pr\u00e9mios do sorteio do El Gordo<\/title>\n<meta name=\"description\" content=\"N\u00fameros vencedores, resultados, pr\u00e9mios para El Gordo e muitas outras lotarias, sempre actualizados no nosso website\" \/>\n<meta name=\"robots\" content=\"index, follow, max-snippet:-1, max-image-preview:large, max-video-preview:-1\" \/>\n<link rel=\"canonical\" href=\"https:\/\/onlinelotto365.com\/pt-pt\/numeros-vencedores\/el-gordo\/\" \/>\n<meta property=\"og:locale\" content=\"pt_PT\" \/>\n<meta property=\"og:type\" content=\"article\" \/>\n<meta property=\"og:title\" content=\"N\u00fameros vencedores do El Gordo | Resultados e pr\u00e9mios do sorteio do El Gordo\" \/>\n<meta property=\"og:description\" content=\"N\u00fameros vencedores, resultados, pr\u00e9mios para El Gordo e muitas outras lotarias, sempre actualizados no nosso website\" \/>\n<meta property=\"og:url\" content=\"https:\/\/onlinelotto365.com\/pt-pt\/numeros-vencedores\/el-gordo\/\" \/>\n<meta property=\"og:site_name\" content=\"OnlineLotto365\" \/>\n<meta property=\"article:modified_time\" content=\"2021-01-10T10:07:02+00:00\" \/>\n<meta property=\"og:image\" content=\"https:\/\/redfoxlotto.com\/image?size=8&amp;lottery=el-gordo-primitiva\" \/>\n<meta name=\"twitter:card\" content=\"summary_large_image\" \/>\n<meta name=\"twitter:label1\" content=\"Tempo estimado de leitura\" \/>\n\t<meta name=\"twitter:data1\" content=\"3 minutos\" \/>\n<script type=\"application\/ld+json\" class=\"yoast-schema-graph\">{\"@context\":\"https:\/\/schema.org\",\"@graph\":[{\"@type\":\"WebPage\",\"@id\":\"https:\/\/onlinelotto365.com\/pt-pt\/numeros-vencedores\/el-gordo\/\",\"url\":\"https:\/\/onlinelotto365.com\/pt-pt\/numeros-vencedores\/el-gordo\/\",\"name\":\"N\u00fameros vencedores do El Gordo | Resultados e pr\u00e9mios do sorteio do El Gordo\",\"isPartOf\":{\"@id\":\"https:\/\/onlinelotto365.com\/pt-pt\/#website\"},\"primaryImageOfPage\":{\"@id\":\"https:\/\/onlinelotto365.com\/pt-pt\/numeros-vencedores\/el-gordo\/#primaryimage\"},\"image\":{\"@id\":\"https:\/\/onlinelotto365.com\/pt-pt\/numeros-vencedores\/el-gordo\/#primaryimage\"},\"thumbnailUrl\":\"https:\/\/redfoxlotto.com\/image?size=8&amp;lottery=el-gordo-primitiva\",\"datePublished\":\"2020-12-08T13:35:00+00:00\",\"dateModified\":\"2021-01-10T10:07:02+00:00\",\"description\":\"N\u00fameros vencedores, resultados, pr\u00e9mios para El Gordo e muitas outras lotarias, sempre actualizados no nosso website\",\"breadcrumb\":{\"@id\":\"https:\/\/onlinelotto365.com\/pt-pt\/numeros-vencedores\/el-gordo\/#breadcrumb\"},\"inLanguage\":\"pt-PT\",\"potentialAction\":[{\"@type\":\"ReadAction\",\"target\":[\"https:\/\/onlinelotto365.com\/pt-pt\/numeros-vencedores\/el-gordo\/\"]}]},{\"@type\":\"ImageObject\",\"inLanguage\":\"pt-PT\",\"@id\":\"https:\/\/onlinelotto365.com\/pt-pt\/numeros-vencedores\/el-gordo\/#primaryimage\",\"url\":\"https:\/\/redfoxlotto.com\/image?size=8&amp;lottery=el-gordo-primitiva\",\"contentUrl\":\"https:\/\/redfoxlotto.com\/image?size=8&amp;lottery=el-gordo-primitiva\"},{\"@type\":\"BreadcrumbList\",\"@id\":\"https:\/\/onlinelotto365.com\/pt-pt\/numeros-vencedores\/el-gordo\/#breadcrumb\",\"itemListElement\":[{\"@type\":\"ListItem\",\"position\":1,\"name\":\"Home\",\"item\":\"https:\/\/onlinelotto365.com\/pt-pt\/\"},{\"@type\":\"ListItem\",\"position\":2,\"name\":\"Encontrar n\u00fameros e resultados vencedores para os \u00faltimos sorteios do loto\",\"item\":\"https:\/\/onlinelotto365.com\/pt-pt\/winning-numbers\/\"},{\"@type\":\"ListItem\",\"position\":3,\"name\":\"Verifique aqui os resultados e ganhos de El Gordo\"}]},{\"@type\":\"WebSite\",\"@id\":\"https:\/\/onlinelotto365.com\/pt-pt\/#website\",\"url\":\"https:\/\/onlinelotto365.com\/pt-pt\/\",\"name\":\"OnlineLotto365\",\"description\":\"\",\"potentialAction\":[{\"@type\":\"SearchAction\",\"target\":{\"@type\":\"EntryPoint\",\"urlTemplate\":\"https:\/\/onlinelotto365.com\/pt-pt\/?s={search_term_string}\"},\"query-input\":{\"@type\":\"PropertyValueSpecification\",\"valueRequired\":true,\"valueName\":\"search_term_string\"}}],\"inLanguage\":\"pt-PT\"}]}<\/script>\n<!-- \/ Yoast SEO plugin. -->","yoast_head_json":{"title":"N\u00fameros vencedores do El Gordo | Resultados e pr\u00e9mios do sorteio do El Gordo","description":"N\u00fameros vencedores, resultados, pr\u00e9mios para El Gordo e muitas outras lotarias, sempre actualizados no nosso website","robots":{"index":"index","follow":"follow","max-snippet":"max-snippet:-1","max-image-preview":"max-image-preview:large","max-video-preview":"max-video-preview:-1"},"canonical":"https:\/\/onlinelotto365.com\/pt-pt\/numeros-vencedores\/el-gordo\/","og_locale":"pt_PT","og_type":"article","og_title":"N\u00fameros vencedores do El Gordo | Resultados e pr\u00e9mios do sorteio do El Gordo","og_description":"N\u00fameros vencedores, resultados, pr\u00e9mios para El Gordo e muitas outras lotarias, sempre actualizados no nosso website","og_url":"https:\/\/onlinelotto365.com\/pt-pt\/numeros-vencedores\/el-gordo\/","og_site_name":"OnlineLotto365","article_modified_time":"2021-01-10T10:07:02+00:00","og_image":[{"url":"https:\/\/redfoxlotto.com\/image?size=8&amp;lottery=el-gordo-primitiva"}],"twitter_card":"summary_large_image","twitter_misc":{"Tempo estimado de leitura":"3 minutos"},"schema":{"@context":"https:\/\/schema.org","@graph":[{"@type":"WebPage","@id":"https:\/\/onlinelotto365.com\/pt-pt\/numeros-vencedores\/el-gordo\/","url":"https:\/\/onlinelotto365.com\/pt-pt\/numeros-vencedores\/el-gordo\/","name":"N\u00fameros vencedores do El Gordo | Resultados e pr\u00e9mios do sorteio do El Gordo","isPartOf":{"@id":"https:\/\/onlinelotto365.com\/pt-pt\/#website"},"primaryImageOfPage":{"@id":"https:\/\/onlinelotto365.com\/pt-pt\/numeros-vencedores\/el-gordo\/#primaryimage"},"image":{"@id":"https:\/\/onlinelotto365.com\/pt-pt\/numeros-vencedores\/el-gordo\/#primaryimage"},"thumbnailUrl":"https:\/\/redfoxlotto.com\/image?size=8&amp;lottery=el-gordo-primitiva","datePublished":"2020-12-08T13:35:00+00:00","dateModified":"2021-01-10T10:07:02+00:00","description":"N\u00fameros vencedores, resultados, pr\u00e9mios para El Gordo e muitas outras lotarias, sempre actualizados no nosso website","breadcrumb":{"@id":"https:\/\/onlinelotto365.com\/pt-pt\/numeros-vencedores\/el-gordo\/#breadcrumb"},"inLanguage":"pt-PT","potentialAction":[{"@type":"ReadAction","target":["https:\/\/onlinelotto365.com\/pt-pt\/numeros-vencedores\/el-gordo\/"]}]},{"@type":"ImageObject","inLanguage":"pt-PT","@id":"https:\/\/onlinelotto365.com\/pt-pt\/numeros-vencedores\/el-gordo\/#primaryimage","url":"https:\/\/redfoxlotto.com\/image?size=8&amp;lottery=el-gordo-primitiva","contentUrl":"https:\/\/redfoxlotto.com\/image?size=8&amp;lottery=el-gordo-primitiva"},{"@type":"BreadcrumbList","@id":"https:\/\/onlinelotto365.com\/pt-pt\/numeros-vencedores\/el-gordo\/#breadcrumb","itemListElement":[{"@type":"ListItem","position":1,"name":"Home","item":"https:\/\/onlinelotto365.com\/pt-pt\/"},{"@type":"ListItem","position":2,"name":"Encontrar n\u00fameros e resultados vencedores para os \u00faltimos sorteios do loto","item":"https:\/\/onlinelotto365.com\/pt-pt\/winning-numbers\/"},{"@type":"ListItem","position":3,"name":"Verifique aqui os resultados e ganhos de El Gordo"}]},{"@type":"WebSite","@id":"https:\/\/onlinelotto365.com\/pt-pt\/#website","url":"https:\/\/onlinelotto365.com\/pt-pt\/","name":"OnlineLotto365","description":"","potentialAction":[{"@type":"SearchAction","target":{"@type":"EntryPoint","urlTemplate":"https:\/\/onlinelotto365.com\/pt-pt\/?s={search_term_string}"},"query-input":{"@type":"PropertyValueSpecification","valueRequired":true,"valueName":"search_term_string"}}],"inLanguage":"pt-PT"}]}},"_links":{"self":[{"href":"https:\/\/onlinelotto365.com\/pt-pt\/wp-json\/wp\/v2\/pages\/7840","targetHints":{"allow":["GET"]}}],"collection":[{"href":"https:\/\/onlinelotto365.com\/pt-pt\/wp-json\/wp\/v2\/pages"}],"about":[{"href":"https:\/\/onlinelotto365.com\/pt-pt\/wp-json\/wp\/v2\/types\/page"}],"author":[{"embeddable":true,"href":"https:\/\/onlinelotto365.com\/pt-pt\/wp-json\/wp\/v2\/users\/1"}],"replies":[{"embeddable":true,"href":"https:\/\/onlinelotto365.com\/pt-pt\/wp-json\/wp\/v2\/comments?post=7840"}],"version-history":[{"count":0,"href":"https:\/\/onlinelotto365.com\/pt-pt\/wp-json\/wp\/v2\/pages\/7840\/revisions"}],"up":[{"embeddable":true,"href":"https:\/\/onlinelotto365.com\/pt-pt\/wp-json\/wp\/v2\/pages\/4965"}],"wp:attachment":[{"href":"https:\/\/onlinelotto365.com\/pt-pt\/wp-json\/wp\/v2\/media?parent=7840"}],"curies":[{"name":"wp","href":"https:\/\/api.w.org\/{rel}","templated":true}]}}