{"id":7881,"date":"2020-12-08T14:37:24","date_gmt":"2020-12-08T13:37:24","guid":{"rendered":"http:\/\/onlinelotto365.net\/?page_id=7881"},"modified":"2021-01-10T11:07:02","modified_gmt":"2021-01-10T10:07:02","slug":"bonoloto","status":"publish","type":"page","link":"https:\/\/onlinelotto365.com\/pt-pt\/numeros-vencedores\/bonoloto\/","title":{"rendered":"Resultados do Bonoloto espanhol"},"content":{"rendered":"<p>Os jogos de lotaria internacional podem ser muito divertidos, mas \u00e9 preciso saber como verificar os n\u00fameros vencedores. Uma forma de <strong>ver os n\u00fameros vencedores da BonoLoto<\/strong> \u00e9 ir ao jornal. Mas apenas os jornais locais ter\u00e3o geralmente os resultados que procura.<\/p>\n<p>Outra op\u00e7\u00e3o \u00e9 olhar para esta\u00e7\u00f5es de televis\u00e3o, mas tamb\u00e9m pode n\u00e3o encontrar a\u00ed a informa\u00e7\u00e3o que procura. Tem de viver na \u00e1rea certa e saber quando <a href=\"https:\/\/onlinelotto365.com\/pt-pt\/news\/ver-bilhete-de-lotaria-online\">verificar os n\u00fameros<\/a>.<\/p>\n<p>A seguir, pode consultar o s\u00edtio web oficial da BonoLoto para ver se oferecem um desenho ao vivo em linha. Para os jogos que o fazem pode ser emocionante para qualquer pessoa, porque pode ser apanhado no momento de olhar para os n\u00fameros que surgem imediatamente. Mas tenha em mente que nem todos os <a href=\"https:\/\/onlinelotto365.com\/pt-pt\">jogos de lotaria<\/a> oferecem realmente esta op\u00e7\u00e3o.<\/p>\n<p>Finalmente, pode ver no YouTube se algu\u00e9m publicou um v\u00eddeo ao vivo do desenho ou se gravou os n\u00fameros vencedores de qualquer outra forma para partilhar o desenho do BonoLoto.<br \/>\n<a href=\"https:\/\/redfoxlotto.com\/pt\/bonoloto\/?ref=a8564250a2&amp;medium=ol365\" target=\"_blank\" rel=\"noopener noreferrer\"><img decoding=\"async\" class=\"aligncenter\" src=\"https:\/\/redfoxlotto.com\/image?size=8&amp;lottery=bonoloto\" alt=\"BonoLoto\" \/><\/a><\/p>\n<p>A forma mais conveniente de obter os n\u00fameros vencedores, no entanto, \u00e9 definitivamente verificando o nosso website. <strong>Dar-lhe-emos todos os n\u00fameros vencedores do BonoLoto, bem como quaisquer outros jogos<\/strong> que temos dispon\u00edveis no nosso website, para que possa acompanhar num s\u00f3 local.<\/p>\n<h2>Como saber se o seu bilhete online ganhou<img loading=\"lazy\" decoding=\"async\" class=\"alignright wp-image-3651\" src=\"https:\/\/onlinelotto365.com\/wp-content\/uploads\/2020\/11\/online_lottery-79-300x292.jpg\" alt=\"bonoloto winning numbers\" width=\"148\" height=\"145\" srcset=\"https:\/\/onlinelotto365.com\/wp-content\/uploads\/2020\/11\/online_lottery-79-300x292.jpg 300w, https:\/\/onlinelotto365.com\/wp-content\/uploads\/2020\/11\/online_lottery-79.jpg 320w\" sizes=\"auto, (max-width: 148px) 100vw, 148px\" \/><\/h2>\n<p>Para aqueles que j\u00e1 <a href=\"https:\/\/onlinelotto365.com\/pt-pt\/numeros-vencedores\/bonoloto\">compraram um bilhete para o BonoLoto<\/a>, podem entrar directamente na vossa conta. Entre e v\u00e1 para a p\u00e1gina com os seus bilhetes. Uma vez l\u00e1, poder\u00e1 ver os resultados de qualquer um dos jogos para os quais comprou bilhetes. Isso vai facilitar-lhe muito a tarefa de <strong>ver que n\u00fameros tem que coincidiram<\/strong> e quais os que n\u00e3o <strong>coincidiram<\/strong>. Tamb\u00e9m poder\u00e1 obter o seu dinheiro de imediato se tiver ganho menos de 2500 euros. Isto porque estas quantias s\u00e3o depositadas directamente na sua conta sem que tenha de fazer nada.<\/p>\n<h2>Arquivo de resultados BonoLoto<\/h2>\n<p>Se procura n\u00fameros antigos para o BonoLoto, n\u00e3o tem de procurar longe. Isso \u00e9 porque j\u00e1 trat\u00e1mos de tudo para si. At\u00e9 coloc\u00e1mos todos os n\u00fameros antigos no mesmo s\u00edtio que os \u00faltimos n\u00fameros, para que n\u00e3o tenha de se preocupar em tentar localiz\u00e1-los. Isso \u00e9 porque sabemos como \u00e9 importante para si ser capaz de encontrar esses n\u00fameros quando os quer.<\/p>\n<h2>O meu bilhete ganhou, o que acontece a seguir?<\/h2>\n<p>J\u00e1 fal\u00e1mos sobre se ganhar alguns dos pequenos pr\u00e9mios para qualquer jogo de loto, n\u00e3o tem de se preocupar em obter o seu dinheiro. Isso \u00e9 porque nos encarregamos de o depositar directamente na sua conta para si. Qualquer montante inferior a 2500 euros ser\u00e1 automaticamente adicionado \u00e0 sua conta para que esteja pronto quando o desejar.<br \/>\nIsso vai ser definitivamente conveniente para si e vai ajud\u00e1-lo a come\u00e7ar a usar esse dinheiro. Isso \u00e9 porque pode utiliz\u00e1-lo para comprar mais bilhetes sempre que quiser. Se for superior a 10 euros, pode mesmo levantar o dinheiro para qualquer conta que j\u00e1 tenha utilizado no nosso site.<\/p>\n","protected":false},"excerpt":{"rendered":"<p>Os jogos de lotaria internacional podem ser muito divertidos, mas \u00e9 preciso saber como verificar os n\u00fameros vencedores. Uma forma de ver os n\u00fameros vencedores da BonoLoto \u00e9 ir ao jornal. Mas apenas os jornais locais ter\u00e3o geralmente os resultados que procura. Outra op\u00e7\u00e3o \u00e9 olhar para esta\u00e7\u00f5es de televis\u00e3o, mas tamb\u00e9m pode n\u00e3o encontrar [&hellip;]<\/p>\n","protected":false},"author":1,"featured_media":0,"parent":4965,"menu_order":8,"comment_status":"closed","ping_status":"closed","template":"template-rightsidebar.php","meta":{"_et_pb_use_builder":"","_et_pb_old_content":"","_et_gb_content_width":"","exclude_from_search":false,"footnotes":""},"class_list":["post-7881","page","type-page","status-publish","hentry"],"yoast_head":"<!-- This site is optimized with the Yoast SEO plugin v23.4 - https:\/\/yoast.com\/wordpress\/plugins\/seo\/ -->\n<title>Resultados e pr\u00e9mios para o BonoLoto espanhol<\/title>\n<meta name=\"description\" content=\"Veja aqui para saber se os seus bilhetes Bonoloto ganharam\" \/>\n<meta name=\"robots\" content=\"index, follow, max-snippet:-1, max-image-preview:large, max-video-preview:-1\" \/>\n<link rel=\"canonical\" href=\"https:\/\/onlinelotto365.com\/pt-pt\/numeros-vencedores\/bonoloto\/\" \/>\n<meta property=\"og:locale\" content=\"pt_PT\" \/>\n<meta property=\"og:type\" content=\"article\" \/>\n<meta property=\"og:title\" content=\"Resultados e pr\u00e9mios para o BonoLoto espanhol\" \/>\n<meta property=\"og:description\" content=\"Veja aqui para saber se os seus bilhetes Bonoloto ganharam\" \/>\n<meta property=\"og:url\" content=\"https:\/\/onlinelotto365.com\/pt-pt\/numeros-vencedores\/bonoloto\/\" \/>\n<meta property=\"og:site_name\" content=\"OnlineLotto365\" \/>\n<meta property=\"article:modified_time\" content=\"2021-01-10T10:07:02+00:00\" \/>\n<meta property=\"og:image\" content=\"https:\/\/redfoxlotto.com\/image?size=8&amp;lottery=bonoloto\" \/>\n<meta name=\"twitter:card\" content=\"summary_large_image\" \/>\n<meta name=\"twitter:label1\" content=\"Tempo estimado de leitura\" \/>\n\t<meta name=\"twitter:data1\" content=\"3 minutos\" \/>\n<script type=\"application\/ld+json\" class=\"yoast-schema-graph\">{\"@context\":\"https:\/\/schema.org\",\"@graph\":[{\"@type\":\"WebPage\",\"@id\":\"https:\/\/onlinelotto365.com\/pt-pt\/numeros-vencedores\/bonoloto\/\",\"url\":\"https:\/\/onlinelotto365.com\/pt-pt\/numeros-vencedores\/bonoloto\/\",\"name\":\"Resultados e pr\u00e9mios para o BonoLoto espanhol\",\"isPartOf\":{\"@id\":\"https:\/\/onlinelotto365.com\/pt-pt\/#website\"},\"primaryImageOfPage\":{\"@id\":\"https:\/\/onlinelotto365.com\/pt-pt\/numeros-vencedores\/bonoloto\/#primaryimage\"},\"image\":{\"@id\":\"https:\/\/onlinelotto365.com\/pt-pt\/numeros-vencedores\/bonoloto\/#primaryimage\"},\"thumbnailUrl\":\"https:\/\/redfoxlotto.com\/image?size=8&amp;lottery=bonoloto\",\"datePublished\":\"2020-12-08T13:37:24+00:00\",\"dateModified\":\"2021-01-10T10:07:02+00:00\",\"description\":\"Veja aqui para saber se os seus bilhetes Bonoloto ganharam\",\"breadcrumb\":{\"@id\":\"https:\/\/onlinelotto365.com\/pt-pt\/numeros-vencedores\/bonoloto\/#breadcrumb\"},\"inLanguage\":\"pt-PT\",\"potentialAction\":[{\"@type\":\"ReadAction\",\"target\":[\"https:\/\/onlinelotto365.com\/pt-pt\/numeros-vencedores\/bonoloto\/\"]}]},{\"@type\":\"ImageObject\",\"inLanguage\":\"pt-PT\",\"@id\":\"https:\/\/onlinelotto365.com\/pt-pt\/numeros-vencedores\/bonoloto\/#primaryimage\",\"url\":\"https:\/\/redfoxlotto.com\/image?size=8&amp;lottery=bonoloto\",\"contentUrl\":\"https:\/\/redfoxlotto.com\/image?size=8&amp;lottery=bonoloto\"},{\"@type\":\"BreadcrumbList\",\"@id\":\"https:\/\/onlinelotto365.com\/pt-pt\/numeros-vencedores\/bonoloto\/#breadcrumb\",\"itemListElement\":[{\"@type\":\"ListItem\",\"position\":1,\"name\":\"Home\",\"item\":\"https:\/\/onlinelotto365.com\/pt-pt\/\"},{\"@type\":\"ListItem\",\"position\":2,\"name\":\"Encontrar n\u00fameros e resultados vencedores para os \u00faltimos sorteios do loto\",\"item\":\"https:\/\/onlinelotto365.com\/pt-pt\/winning-numbers\/\"},{\"@type\":\"ListItem\",\"position\":3,\"name\":\"Resultados do Bonoloto espanhol\"}]},{\"@type\":\"WebSite\",\"@id\":\"https:\/\/onlinelotto365.com\/pt-pt\/#website\",\"url\":\"https:\/\/onlinelotto365.com\/pt-pt\/\",\"name\":\"OnlineLotto365\",\"description\":\"\",\"potentialAction\":[{\"@type\":\"SearchAction\",\"target\":{\"@type\":\"EntryPoint\",\"urlTemplate\":\"https:\/\/onlinelotto365.com\/pt-pt\/?s={search_term_string}\"},\"query-input\":{\"@type\":\"PropertyValueSpecification\",\"valueRequired\":true,\"valueName\":\"search_term_string\"}}],\"inLanguage\":\"pt-PT\"}]}<\/script>\n<!-- \/ Yoast SEO plugin. -->","yoast_head_json":{"title":"Resultados e pr\u00e9mios para o BonoLoto espanhol","description":"Veja aqui para saber se os seus bilhetes Bonoloto ganharam","robots":{"index":"index","follow":"follow","max-snippet":"max-snippet:-1","max-image-preview":"max-image-preview:large","max-video-preview":"max-video-preview:-1"},"canonical":"https:\/\/onlinelotto365.com\/pt-pt\/numeros-vencedores\/bonoloto\/","og_locale":"pt_PT","og_type":"article","og_title":"Resultados e pr\u00e9mios para o BonoLoto espanhol","og_description":"Veja aqui para saber se os seus bilhetes Bonoloto ganharam","og_url":"https:\/\/onlinelotto365.com\/pt-pt\/numeros-vencedores\/bonoloto\/","og_site_name":"OnlineLotto365","article_modified_time":"2021-01-10T10:07:02+00:00","og_image":[{"url":"https:\/\/redfoxlotto.com\/image?size=8&amp;lottery=bonoloto"}],"twitter_card":"summary_large_image","twitter_misc":{"Tempo estimado de leitura":"3 minutos"},"schema":{"@context":"https:\/\/schema.org","@graph":[{"@type":"WebPage","@id":"https:\/\/onlinelotto365.com\/pt-pt\/numeros-vencedores\/bonoloto\/","url":"https:\/\/onlinelotto365.com\/pt-pt\/numeros-vencedores\/bonoloto\/","name":"Resultados e pr\u00e9mios para o BonoLoto espanhol","isPartOf":{"@id":"https:\/\/onlinelotto365.com\/pt-pt\/#website"},"primaryImageOfPage":{"@id":"https:\/\/onlinelotto365.com\/pt-pt\/numeros-vencedores\/bonoloto\/#primaryimage"},"image":{"@id":"https:\/\/onlinelotto365.com\/pt-pt\/numeros-vencedores\/bonoloto\/#primaryimage"},"thumbnailUrl":"https:\/\/redfoxlotto.com\/image?size=8&amp;lottery=bonoloto","datePublished":"2020-12-08T13:37:24+00:00","dateModified":"2021-01-10T10:07:02+00:00","description":"Veja aqui para saber se os seus bilhetes Bonoloto ganharam","breadcrumb":{"@id":"https:\/\/onlinelotto365.com\/pt-pt\/numeros-vencedores\/bonoloto\/#breadcrumb"},"inLanguage":"pt-PT","potentialAction":[{"@type":"ReadAction","target":["https:\/\/onlinelotto365.com\/pt-pt\/numeros-vencedores\/bonoloto\/"]}]},{"@type":"ImageObject","inLanguage":"pt-PT","@id":"https:\/\/onlinelotto365.com\/pt-pt\/numeros-vencedores\/bonoloto\/#primaryimage","url":"https:\/\/redfoxlotto.com\/image?size=8&amp;lottery=bonoloto","contentUrl":"https:\/\/redfoxlotto.com\/image?size=8&amp;lottery=bonoloto"},{"@type":"BreadcrumbList","@id":"https:\/\/onlinelotto365.com\/pt-pt\/numeros-vencedores\/bonoloto\/#breadcrumb","itemListElement":[{"@type":"ListItem","position":1,"name":"Home","item":"https:\/\/onlinelotto365.com\/pt-pt\/"},{"@type":"ListItem","position":2,"name":"Encontrar n\u00fameros e resultados vencedores para os \u00faltimos sorteios do loto","item":"https:\/\/onlinelotto365.com\/pt-pt\/winning-numbers\/"},{"@type":"ListItem","position":3,"name":"Resultados do Bonoloto espanhol"}]},{"@type":"WebSite","@id":"https:\/\/onlinelotto365.com\/pt-pt\/#website","url":"https:\/\/onlinelotto365.com\/pt-pt\/","name":"OnlineLotto365","description":"","potentialAction":[{"@type":"SearchAction","target":{"@type":"EntryPoint","urlTemplate":"https:\/\/onlinelotto365.com\/pt-pt\/?s={search_term_string}"},"query-input":{"@type":"PropertyValueSpecification","valueRequired":true,"valueName":"search_term_string"}}],"inLanguage":"pt-PT"}]}},"_links":{"self":[{"href":"https:\/\/onlinelotto365.com\/pt-pt\/wp-json\/wp\/v2\/pages\/7881","targetHints":{"allow":["GET"]}}],"collection":[{"href":"https:\/\/onlinelotto365.com\/pt-pt\/wp-json\/wp\/v2\/pages"}],"about":[{"href":"https:\/\/onlinelotto365.com\/pt-pt\/wp-json\/wp\/v2\/types\/page"}],"author":[{"embeddable":true,"href":"https:\/\/onlinelotto365.com\/pt-pt\/wp-json\/wp\/v2\/users\/1"}],"replies":[{"embeddable":true,"href":"https:\/\/onlinelotto365.com\/pt-pt\/wp-json\/wp\/v2\/comments?post=7881"}],"version-history":[{"count":0,"href":"https:\/\/onlinelotto365.com\/pt-pt\/wp-json\/wp\/v2\/pages\/7881\/revisions"}],"up":[{"embeddable":true,"href":"https:\/\/onlinelotto365.com\/pt-pt\/wp-json\/wp\/v2\/pages\/4965"}],"wp:attachment":[{"href":"https:\/\/onlinelotto365.com\/pt-pt\/wp-json\/wp\/v2\/media?parent=7881"}],"curies":[{"name":"wp","href":"https:\/\/api.w.org\/{rel}","templated":true}]}}