{"id":7940,"date":"2020-12-08T14:42:09","date_gmt":"2020-12-08T13:42:09","guid":{"rendered":"http:\/\/onlinelotto365.net\/?page_id=7940"},"modified":"2021-01-06T14:32:37","modified_gmt":"2021-01-06T13:32:37","slug":"uk-lottery","status":"publish","type":"page","link":"https:\/\/onlinelotto365.com\/pt-pt\/numeros-vencedores\/uk-lottery\/","title":{"rendered":"Resultados da lotaria do Reino Unido"},"content":{"rendered":"<p>Existem muitos jogos internacionais diferentes por a\u00ed e oferecemos muitos deles. Isso pode significar que tem dificuldades <a href=\"https:\/\/onlinelotto365.com\/pt-pt\/numeros-vencedores\/bonoloto\"><strong>encontrar os resultados<\/strong><\/a> ap\u00f3s o desenho. Para alguns, querem ver no jornal, mas o seu jornal local <strong>pode n\u00e3o ter os resultados da lotaria do Reino Unido<\/strong>. Por outro lado, as esta\u00e7\u00f5es de televis\u00e3o podem tamb\u00e9m n\u00e3o ter esses resultados, ou pode levar tempo a encontrar o canal certo que o tenha.<\/p>\n<p>Outra op\u00e7\u00e3o \u00e9 consultar o website oficial da Lotaria do Reino Unido, que pode ter um <a href=\"https:\/\/onlinelotto365.com\/pt-pt\/news\/loteria-ao-vivo\">fluxo vivo do processo de sorteio<\/a>. Mas nem todos os jogos de lotaria oferecem este tipo de sistema de fluxo ao vivo e mesmo quando t\u00eam de estar l\u00e1 na altura certa. Ent\u00e3o, que caminho pode utilizar para encontrar os resultados da Lotaria do Reino Unido?<br \/>\nOutra op\u00e7\u00e3o \u00e9 consultar o \u00faltimo sorteio da Lotaria do Reino Unido no YouTube, se j\u00e1 tiver terminado. Por vezes as pessoas carregam a grava\u00e7\u00e3o ou afixam os n\u00fameros vencedores de alguma forma.<br \/>\n<a href=\"https:\/\/redfoxlotto.com\/pt\/lotto-uk\/?ref=a8564250a2&amp;medium=ol365\" target=\"_blank\" rel=\"noopener noreferrer\"><img decoding=\"async\" class=\"aligncenter\" src=\"https:\/\/redfoxlotto.com\/image?size=8&amp;lottery=lotto-uk\" alt=\"uk lottery\" \/><\/a><\/p>\n<p>O m\u00e9todo mais f\u00e1cil para obter os n\u00fameros vencedores, no entanto, \u00e9 verificar o nosso website. A nossa p\u00e1gina de resultados da lotaria mostrar-lhe-\u00e1 os resultados e pr\u00e9mios para a lotaria do Reino Unido, bem como todos os outros jogos de lotaria que temos \u00e0 nossa disposi\u00e7\u00e3o.<\/p>\n<h2>Como saber se o seu bilhete de lotaria on-line ganhou<\/h2>\n<p><img loading=\"lazy\" decoding=\"async\" class=\"alignright wp-image-3550\" src=\"https:\/\/onlinelotto365.com\/wp-content\/uploads\/2020\/11\/online_lottery-108-300x232.jpg\" alt=\"uk lottery results\" width=\"146\" height=\"113\" srcset=\"https:\/\/onlinelotto365.com\/wp-content\/uploads\/2020\/11\/online_lottery-108-300x232.jpg 300w, https:\/\/onlinelotto365.com\/wp-content\/uploads\/2020\/11\/online_lottery-108.jpg 320w\" sizes=\"auto, (max-width: 146px) 100vw, 146px\" \/> O que \u00e9 ainda melhor para si \u00e9 que pode verificar a p\u00e1gina da sua conta se j\u00e1 tiver adquirido bilhetes. Na p\u00e1gina da sua conta, mostrar-lhe-emos os n\u00fameros vencedores de qualquer bilhete que tenha e compar\u00e1-los-emos com o seu pr\u00f3prio bilhete. Destacaremos at\u00e9 os n\u00fameros que correspondem.<br \/>\nE, se ganhar menos de 2500 euros, n\u00e3o ter\u00e1 de fazer nada porque o dinheiro j\u00e1 ser\u00e1 colocado directamente na sua conta de jogador, assim que os resultados forem verificados. Isso facilita a compra de mais bilhetes para o pr\u00f3ximo sorteio.<\/p>\n<h2>Arquivo de resultados da Lotaria do Reino Unido<\/h2>\n<p>Cada uma das p\u00e1ginas do nosso website que lhe mostram os n\u00fameros vencedores actuais <strong>vai tamb\u00e9m mostrar-lhe os antigos resultados da Lotaria do Reino Unido<\/strong>. Poder\u00e1 verificar os sorteios anteriores de bilhetes antigos ou descobrir os n\u00fameros que pretende jogar da pr\u00f3xima vez. Afinal de contas, muitas pessoas gostam de verificar os n\u00fameros antigos para escolher os seus.<\/p>\n<h2>O meu bilhete j\u00e1 ganhou, o que acontece a seguir?<\/h2>\n<p>Se tiver um bilhete vencedor e tiver direito a menos de 2500 euros, n\u00e3o tem de fazer nada. N\u00f3s tratamos de tudo por si e certificamo-nos de que recebe os seus ganhos directamente na sua conta. Se quiser utilizar esse dinheiro, pode utiliz\u00e1-lo para comprar ainda mais bilhetes. Se n\u00e3o o fizer, pode levantar o dinheiro desde que tenha pelo menos 10 euros dispon\u00edveis. Esse dinheiro deve ser levantado com um m\u00e9todo de pagamento que j\u00e1 tenha sido utilizado no nosso site e poder\u00e1 ter de verificar a sua identidade para cumprir os regulamentos federais.<\/p>\n","protected":false},"excerpt":{"rendered":"<p>Existem muitos jogos internacionais diferentes por a\u00ed e oferecemos muitos deles. Isso pode significar que tem dificuldades encontrar os resultados ap\u00f3s o desenho. Para alguns, querem ver no jornal, mas o seu jornal local pode n\u00e3o ter os resultados da lotaria do Reino Unido. Por outro lado, as esta\u00e7\u00f5es de televis\u00e3o podem tamb\u00e9m n\u00e3o ter [&hellip;]<\/p>\n","protected":false},"author":1,"featured_media":0,"parent":4965,"menu_order":9,"comment_status":"closed","ping_status":"closed","template":"lotto-uk-results.php","meta":{"_et_pb_use_builder":"","_et_pb_old_content":"","_et_gb_content_width":"","exclude_from_search":false,"footnotes":""},"class_list":["post-7940","page","type-page","status-publish","hentry"],"yoast_head":"<!-- This site is optimized with the Yoast SEO plugin v23.4 - https:\/\/yoast.com\/wordpress\/plugins\/seo\/ -->\n<title>Resultados, n\u00fameros vencedores da lotaria do Reino Unido<\/title>\n<meta name=\"description\" content=\"Logo ap\u00f3s o sorteio, ver aqui os resultados e n\u00fameros da lotaria do Reino Unido\" \/>\n<meta name=\"robots\" content=\"index, follow, max-snippet:-1, max-image-preview:large, max-video-preview:-1\" \/>\n<link rel=\"canonical\" href=\"https:\/\/onlinelotto365.com\/pt-pt\/numeros-vencedores\/uk-lottery\/\" \/>\n<meta property=\"og:locale\" content=\"pt_PT\" \/>\n<meta property=\"og:type\" content=\"article\" \/>\n<meta property=\"og:title\" content=\"Resultados, n\u00fameros vencedores da lotaria do Reino Unido\" \/>\n<meta property=\"og:description\" content=\"Logo ap\u00f3s o sorteio, ver aqui os resultados e n\u00fameros da lotaria do Reino Unido\" \/>\n<meta property=\"og:url\" content=\"https:\/\/onlinelotto365.com\/pt-pt\/numeros-vencedores\/uk-lottery\/\" \/>\n<meta property=\"og:site_name\" content=\"OnlineLotto365\" \/>\n<meta property=\"article:modified_time\" content=\"2021-01-06T13:32:37+00:00\" \/>\n<meta property=\"og:image\" content=\"https:\/\/redfoxlotto.com\/image?size=8&amp;lottery=lotto-uk\" \/>\n<meta name=\"twitter:card\" content=\"summary_large_image\" \/>\n<meta name=\"twitter:label1\" content=\"Tempo estimado de leitura\" \/>\n\t<meta name=\"twitter:data1\" content=\"3 minutos\" \/>\n<script type=\"application\/ld+json\" class=\"yoast-schema-graph\">{\"@context\":\"https:\/\/schema.org\",\"@graph\":[{\"@type\":\"WebPage\",\"@id\":\"https:\/\/onlinelotto365.com\/pt-pt\/numeros-vencedores\/uk-lottery\/\",\"url\":\"https:\/\/onlinelotto365.com\/pt-pt\/numeros-vencedores\/uk-lottery\/\",\"name\":\"Resultados, n\u00fameros vencedores da lotaria do Reino Unido\",\"isPartOf\":{\"@id\":\"https:\/\/onlinelotto365.com\/pt-pt\/#website\"},\"primaryImageOfPage\":{\"@id\":\"https:\/\/onlinelotto365.com\/pt-pt\/numeros-vencedores\/uk-lottery\/#primaryimage\"},\"image\":{\"@id\":\"https:\/\/onlinelotto365.com\/pt-pt\/numeros-vencedores\/uk-lottery\/#primaryimage\"},\"thumbnailUrl\":\"https:\/\/redfoxlotto.com\/image?size=8&amp;lottery=lotto-uk\",\"datePublished\":\"2020-12-08T13:42:09+00:00\",\"dateModified\":\"2021-01-06T13:32:37+00:00\",\"description\":\"Logo ap\u00f3s o sorteio, ver aqui os resultados e n\u00fameros da lotaria do Reino Unido\",\"breadcrumb\":{\"@id\":\"https:\/\/onlinelotto365.com\/pt-pt\/numeros-vencedores\/uk-lottery\/#breadcrumb\"},\"inLanguage\":\"pt-PT\",\"potentialAction\":[{\"@type\":\"ReadAction\",\"target\":[\"https:\/\/onlinelotto365.com\/pt-pt\/numeros-vencedores\/uk-lottery\/\"]}]},{\"@type\":\"ImageObject\",\"inLanguage\":\"pt-PT\",\"@id\":\"https:\/\/onlinelotto365.com\/pt-pt\/numeros-vencedores\/uk-lottery\/#primaryimage\",\"url\":\"https:\/\/redfoxlotto.com\/image?size=8&amp;lottery=lotto-uk\",\"contentUrl\":\"https:\/\/redfoxlotto.com\/image?size=8&amp;lottery=lotto-uk\"},{\"@type\":\"BreadcrumbList\",\"@id\":\"https:\/\/onlinelotto365.com\/pt-pt\/numeros-vencedores\/uk-lottery\/#breadcrumb\",\"itemListElement\":[{\"@type\":\"ListItem\",\"position\":1,\"name\":\"Home\",\"item\":\"https:\/\/onlinelotto365.com\/pt-pt\/\"},{\"@type\":\"ListItem\",\"position\":2,\"name\":\"Encontrar n\u00fameros e resultados vencedores para os \u00faltimos sorteios do loto\",\"item\":\"https:\/\/onlinelotto365.com\/pt-pt\/winning-numbers\/\"},{\"@type\":\"ListItem\",\"position\":3,\"name\":\"Resultados da lotaria do Reino Unido\"}]},{\"@type\":\"WebSite\",\"@id\":\"https:\/\/onlinelotto365.com\/pt-pt\/#website\",\"url\":\"https:\/\/onlinelotto365.com\/pt-pt\/\",\"name\":\"OnlineLotto365\",\"description\":\"\",\"potentialAction\":[{\"@type\":\"SearchAction\",\"target\":{\"@type\":\"EntryPoint\",\"urlTemplate\":\"https:\/\/onlinelotto365.com\/pt-pt\/?s={search_term_string}\"},\"query-input\":{\"@type\":\"PropertyValueSpecification\",\"valueRequired\":true,\"valueName\":\"search_term_string\"}}],\"inLanguage\":\"pt-PT\"}]}<\/script>\n<!-- \/ Yoast SEO plugin. -->","yoast_head_json":{"title":"Resultados, n\u00fameros vencedores da lotaria do Reino Unido","description":"Logo ap\u00f3s o sorteio, ver aqui os resultados e n\u00fameros da lotaria do Reino Unido","robots":{"index":"index","follow":"follow","max-snippet":"max-snippet:-1","max-image-preview":"max-image-preview:large","max-video-preview":"max-video-preview:-1"},"canonical":"https:\/\/onlinelotto365.com\/pt-pt\/numeros-vencedores\/uk-lottery\/","og_locale":"pt_PT","og_type":"article","og_title":"Resultados, n\u00fameros vencedores da lotaria do Reino Unido","og_description":"Logo ap\u00f3s o sorteio, ver aqui os resultados e n\u00fameros da lotaria do Reino Unido","og_url":"https:\/\/onlinelotto365.com\/pt-pt\/numeros-vencedores\/uk-lottery\/","og_site_name":"OnlineLotto365","article_modified_time":"2021-01-06T13:32:37+00:00","og_image":[{"url":"https:\/\/redfoxlotto.com\/image?size=8&amp;lottery=lotto-uk"}],"twitter_card":"summary_large_image","twitter_misc":{"Tempo estimado de leitura":"3 minutos"},"schema":{"@context":"https:\/\/schema.org","@graph":[{"@type":"WebPage","@id":"https:\/\/onlinelotto365.com\/pt-pt\/numeros-vencedores\/uk-lottery\/","url":"https:\/\/onlinelotto365.com\/pt-pt\/numeros-vencedores\/uk-lottery\/","name":"Resultados, n\u00fameros vencedores da lotaria do Reino Unido","isPartOf":{"@id":"https:\/\/onlinelotto365.com\/pt-pt\/#website"},"primaryImageOfPage":{"@id":"https:\/\/onlinelotto365.com\/pt-pt\/numeros-vencedores\/uk-lottery\/#primaryimage"},"image":{"@id":"https:\/\/onlinelotto365.com\/pt-pt\/numeros-vencedores\/uk-lottery\/#primaryimage"},"thumbnailUrl":"https:\/\/redfoxlotto.com\/image?size=8&amp;lottery=lotto-uk","datePublished":"2020-12-08T13:42:09+00:00","dateModified":"2021-01-06T13:32:37+00:00","description":"Logo ap\u00f3s o sorteio, ver aqui os resultados e n\u00fameros da lotaria do Reino Unido","breadcrumb":{"@id":"https:\/\/onlinelotto365.com\/pt-pt\/numeros-vencedores\/uk-lottery\/#breadcrumb"},"inLanguage":"pt-PT","potentialAction":[{"@type":"ReadAction","target":["https:\/\/onlinelotto365.com\/pt-pt\/numeros-vencedores\/uk-lottery\/"]}]},{"@type":"ImageObject","inLanguage":"pt-PT","@id":"https:\/\/onlinelotto365.com\/pt-pt\/numeros-vencedores\/uk-lottery\/#primaryimage","url":"https:\/\/redfoxlotto.com\/image?size=8&amp;lottery=lotto-uk","contentUrl":"https:\/\/redfoxlotto.com\/image?size=8&amp;lottery=lotto-uk"},{"@type":"BreadcrumbList","@id":"https:\/\/onlinelotto365.com\/pt-pt\/numeros-vencedores\/uk-lottery\/#breadcrumb","itemListElement":[{"@type":"ListItem","position":1,"name":"Home","item":"https:\/\/onlinelotto365.com\/pt-pt\/"},{"@type":"ListItem","position":2,"name":"Encontrar n\u00fameros e resultados vencedores para os \u00faltimos sorteios do loto","item":"https:\/\/onlinelotto365.com\/pt-pt\/winning-numbers\/"},{"@type":"ListItem","position":3,"name":"Resultados da lotaria do Reino Unido"}]},{"@type":"WebSite","@id":"https:\/\/onlinelotto365.com\/pt-pt\/#website","url":"https:\/\/onlinelotto365.com\/pt-pt\/","name":"OnlineLotto365","description":"","potentialAction":[{"@type":"SearchAction","target":{"@type":"EntryPoint","urlTemplate":"https:\/\/onlinelotto365.com\/pt-pt\/?s={search_term_string}"},"query-input":{"@type":"PropertyValueSpecification","valueRequired":true,"valueName":"search_term_string"}}],"inLanguage":"pt-PT"}]}},"_links":{"self":[{"href":"https:\/\/onlinelotto365.com\/pt-pt\/wp-json\/wp\/v2\/pages\/7940","targetHints":{"allow":["GET"]}}],"collection":[{"href":"https:\/\/onlinelotto365.com\/pt-pt\/wp-json\/wp\/v2\/pages"}],"about":[{"href":"https:\/\/onlinelotto365.com\/pt-pt\/wp-json\/wp\/v2\/types\/page"}],"author":[{"embeddable":true,"href":"https:\/\/onlinelotto365.com\/pt-pt\/wp-json\/wp\/v2\/users\/1"}],"replies":[{"embeddable":true,"href":"https:\/\/onlinelotto365.com\/pt-pt\/wp-json\/wp\/v2\/comments?post=7940"}],"version-history":[{"count":0,"href":"https:\/\/onlinelotto365.com\/pt-pt\/wp-json\/wp\/v2\/pages\/7940\/revisions"}],"up":[{"embeddable":true,"href":"https:\/\/onlinelotto365.com\/pt-pt\/wp-json\/wp\/v2\/pages\/4965"}],"wp:attachment":[{"href":"https:\/\/onlinelotto365.com\/pt-pt\/wp-json\/wp\/v2\/media?parent=7940"}],"curies":[{"name":"wp","href":"https:\/\/api.w.org\/{rel}","templated":true}]}}