{"id":7966,"date":"2020-12-08T14:45:37","date_gmt":"2020-12-08T13:45:37","guid":{"rendered":"http:\/\/onlinelotto365.net\/?page_id=7966"},"modified":"2021-01-06T14:32:46","modified_gmt":"2021-01-06T13:32:46","slug":"set-for-life","status":"publish","type":"page","link":"https:\/\/onlinelotto365.com\/pt-pt\/numeros-vencedores\/set-for-life\/","title":{"rendered":"Resultados lotaria Set for Life"},"content":{"rendered":"<p>Os jogos de lotaria internacional podem ser muito divertidos, mas exigem um pouco de esfor\u00e7o para encontrar os n\u00fameros vencedores. <strong>Os n\u00fameros do Set for Life podem n\u00e3o estar dispon\u00edveis no seu jornal local<\/strong>. Isso \u00e9 porque pode n\u00e3o estar na \u00e1rea certa.<\/p>\n<p>O mesmo \u00e9 v\u00e1lido para ver os resultados na televis\u00e3o. Se n\u00e3o estiver na \u00e1rea certa, ter\u00e1 de fazer uma grande procura para encontrar um canal que mostre os resultados.<br \/>\nPoder\u00e1 tamb\u00e9m consultar o site oficial do Set for Life para ver se t\u00eam uma <strong>emiss\u00e3o em directo para os n\u00fameros vencedores<\/strong>. Se o fizerem, poder\u00e1 querer verificar porque ver o sorteio em directo \u00e9 uma das op\u00e7\u00f5es mais excitantes. Por outro lado, nem todos os jogos de lotaria oferecem esta op\u00e7\u00e3o e poder\u00e1 n\u00e3o a encontrar.<\/p>\n<p>Outro lugar a procurar \u00e9 no YouTube. Por vezes \u00e9 poss\u00edvel encontrar a\u00ed v\u00eddeos de desenho depois de o desenho ter sido realizado e talvez seja poss\u00edvel encontrar os n\u00fameros vencedores.<br \/>\n<a href=\"https:\/\/redfoxlotto.com\/pt\/set-for-life-uk\/?ref=a8564250a2&amp;medium=ol365\" target=\"_blank\" rel=\"noopener noreferrer\"><img decoding=\"async\" class=\"aligncenter\" src=\"https:\/\/redfoxlotto.com\/image?size=8&amp;lottery=set-for-life-uk\" alt=\"set for life\" \/><\/a><\/p>\n<p><strong>A forma mais conveniente de encontrar os n\u00fameros vencedores do Set for Life \u00e9 ir ao nosso website.<\/strong> Temos todos os n\u00fameros vencedores dispon\u00edveis para qualquer um dos jogos que temos \u00e0 nossa disposi\u00e7\u00e3o. Assim, pode encontrar o Set for Life e muito mais.<\/p>\n<h2>Como descobrir se o seu bilhete online ganhou<\/h2>\n<p>Fica ainda melhor se j\u00e1 tiver adquirido bilhetes para o Set for Life connosco. Isto porque tornamos ainda mais f\u00e1cil a verifica\u00e7\u00e3o dos bilhetes que j\u00e1 tem. Pode verificar a p\u00e1gina onde todos os seus bilhetes est\u00e3o guardados e encontrar\u00e1 n\u00e3o s\u00f3 os n\u00fameros dos seus bilhetes, mas tamb\u00e9m os n\u00fameros do bilhete vencedor. Trataremos at\u00e9 de lhe dizer quais os n\u00fameros que correspondem, codificando-os por cores. Dessa forma, nem sequer ter\u00e1 de olhar para as op\u00e7\u00f5es por si pr\u00f3prio. Ent\u00e3o, se o montante ganho for inferior a 2500 euros, n\u00e3o ter\u00e1 de se preocupar, porque iremos receber o dinheiro na sua conta imediatamente.<\/p>\n<h2>Arquivo de resultados para a vida<\/h2>\n<p>Para aqueles que querem dar uma vista de olhos aos n\u00fameros antigos do Set for Life, podem faz\u00ea-lo facilmente. Temos os n\u00fameros de arquivo dispon\u00edveis em qualquer lugar onde se encontrem os \u00faltimos resultados. Dessa forma, poder\u00e1 ver quais os n\u00fameros mais sorteados e quais os devidos para outro sorteio.<\/p>\n<h2>O meu bilhete j\u00e1 ganhou, o que acontece a seguir?<\/h2>\n<p><img loading=\"lazy\" decoding=\"async\" class=\"alignright wp-image-3543\" src=\"https:\/\/onlinelotto365.com\/wp-content\/uploads\/2020\/11\/online_lottery-3-300x300.jpg\" alt=\"set for life winning numbers\" width=\"187\" height=\"187\" srcset=\"https:\/\/onlinelotto365.com\/wp-content\/uploads\/2020\/11\/online_lottery-3-300x300.jpg 300w, https:\/\/onlinelotto365.com\/wp-content\/uploads\/2020\/11\/online_lottery-3-100x100.jpg 100w, https:\/\/onlinelotto365.com\/wp-content\/uploads\/2020\/11\/online_lottery-3-150x150.jpg 150w, https:\/\/onlinelotto365.com\/wp-content\/uploads\/2020\/11\/online_lottery-3.jpg 320w\" sizes=\"auto, (max-width: 187px) 100vw, 187px\" \/> Se ganhar no seu bilhete de lotaria com o Set for Life, tudo o que tem de fazer \u00e9 esperar e ver o que acontece. Isso \u00e9 porque n\u00f3s trataremos da maioria das coisas por si. Pode esperar por qualquer montante que seja inferior a 2500 euros, porque o colocaremos imediatamente na sua conta assim que os n\u00fameros vencedores tiverem sido verificados.<\/p>\n<p>Ent\u00e3o, se tiver pelo menos 10 euros na sua conta, ter\u00e1 a op\u00e7\u00e3o de levantar o seu dinheiro para a sua conta banc\u00e1ria. S\u00f3 tem de se certificar de que utiliza uma conta que j\u00e1 tenha utilizado com o nosso sistema antes. E ter\u00e1 de verificar a sua identidade e informa\u00e7\u00f5es para o nosso processador de pagamentos. Este \u00e9 um processo simples que pode ser feito com apenas alguns formul\u00e1rios e antes de ter conhecimento, o seu dinheiro vai estar dispon\u00edvel.<\/p>\n","protected":false},"excerpt":{"rendered":"<p>Os jogos de lotaria internacional podem ser muito divertidos, mas exigem um pouco de esfor\u00e7o para encontrar os n\u00fameros vencedores. Os n\u00fameros do Set for Life podem n\u00e3o estar dispon\u00edveis no seu jornal local. Isso \u00e9 porque pode n\u00e3o estar na \u00e1rea certa. O mesmo \u00e9 v\u00e1lido para ver os resultados na televis\u00e3o. Se n\u00e3o [&hellip;]<\/p>\n","protected":false},"author":1,"featured_media":0,"parent":4965,"menu_order":10,"comment_status":"closed","ping_status":"closed","template":"set-for-life-results.php","meta":{"_et_pb_use_builder":"","_et_pb_old_content":"","_et_gb_content_width":"","exclude_from_search":false,"footnotes":""},"class_list":["post-7966","page","type-page","status-publish","hentry"],"yoast_head":"<!-- This site is optimized with the Yoast SEO plugin v23.4 - https:\/\/yoast.com\/wordpress\/plugins\/seo\/ -->\n<title>\u00daltimos n\u00fameros vencedores e pagamentos para o Set for life<\/title>\n<meta name=\"description\" content=\"Jogou o Set for life? Temos os \u00faltimos e passados n\u00fameros vencedores\" \/>\n<meta name=\"robots\" content=\"index, follow, max-snippet:-1, max-image-preview:large, max-video-preview:-1\" \/>\n<link rel=\"canonical\" href=\"https:\/\/onlinelotto365.com\/pt-pt\/numeros-vencedores\/set-for-life\/\" \/>\n<meta property=\"og:locale\" content=\"pt_PT\" \/>\n<meta property=\"og:type\" content=\"article\" \/>\n<meta property=\"og:title\" content=\"\u00daltimos n\u00fameros vencedores e pagamentos para o Set for life\" \/>\n<meta property=\"og:description\" content=\"Jogou o Set for life? Temos os \u00faltimos e passados n\u00fameros vencedores\" \/>\n<meta property=\"og:url\" content=\"https:\/\/onlinelotto365.com\/pt-pt\/numeros-vencedores\/set-for-life\/\" \/>\n<meta property=\"og:site_name\" content=\"OnlineLotto365\" \/>\n<meta property=\"article:modified_time\" content=\"2021-01-06T13:32:46+00:00\" \/>\n<meta property=\"og:image\" content=\"https:\/\/redfoxlotto.com\/image?size=8&amp;lottery=set-for-life-uk\" \/>\n<meta name=\"twitter:card\" content=\"summary_large_image\" \/>\n<meta name=\"twitter:label1\" content=\"Tempo estimado de leitura\" \/>\n\t<meta name=\"twitter:data1\" content=\"3 minutos\" \/>\n<script type=\"application\/ld+json\" class=\"yoast-schema-graph\">{\"@context\":\"https:\/\/schema.org\",\"@graph\":[{\"@type\":\"WebPage\",\"@id\":\"https:\/\/onlinelotto365.com\/pt-pt\/numeros-vencedores\/set-for-life\/\",\"url\":\"https:\/\/onlinelotto365.com\/pt-pt\/numeros-vencedores\/set-for-life\/\",\"name\":\"\u00daltimos n\u00fameros vencedores e pagamentos para o Set for life\",\"isPartOf\":{\"@id\":\"https:\/\/onlinelotto365.com\/pt-pt\/#website\"},\"primaryImageOfPage\":{\"@id\":\"https:\/\/onlinelotto365.com\/pt-pt\/numeros-vencedores\/set-for-life\/#primaryimage\"},\"image\":{\"@id\":\"https:\/\/onlinelotto365.com\/pt-pt\/numeros-vencedores\/set-for-life\/#primaryimage\"},\"thumbnailUrl\":\"https:\/\/redfoxlotto.com\/image?size=8&amp;lottery=set-for-life-uk\",\"datePublished\":\"2020-12-08T13:45:37+00:00\",\"dateModified\":\"2021-01-06T13:32:46+00:00\",\"description\":\"Jogou o Set for life? Temos os \u00faltimos e passados n\u00fameros vencedores\",\"breadcrumb\":{\"@id\":\"https:\/\/onlinelotto365.com\/pt-pt\/numeros-vencedores\/set-for-life\/#breadcrumb\"},\"inLanguage\":\"pt-PT\",\"potentialAction\":[{\"@type\":\"ReadAction\",\"target\":[\"https:\/\/onlinelotto365.com\/pt-pt\/numeros-vencedores\/set-for-life\/\"]}]},{\"@type\":\"ImageObject\",\"inLanguage\":\"pt-PT\",\"@id\":\"https:\/\/onlinelotto365.com\/pt-pt\/numeros-vencedores\/set-for-life\/#primaryimage\",\"url\":\"https:\/\/redfoxlotto.com\/image?size=8&amp;lottery=set-for-life-uk\",\"contentUrl\":\"https:\/\/redfoxlotto.com\/image?size=8&amp;lottery=set-for-life-uk\"},{\"@type\":\"BreadcrumbList\",\"@id\":\"https:\/\/onlinelotto365.com\/pt-pt\/numeros-vencedores\/set-for-life\/#breadcrumb\",\"itemListElement\":[{\"@type\":\"ListItem\",\"position\":1,\"name\":\"Home\",\"item\":\"https:\/\/onlinelotto365.com\/pt-pt\/\"},{\"@type\":\"ListItem\",\"position\":2,\"name\":\"Encontrar n\u00fameros e resultados vencedores para os \u00faltimos sorteios do loto\",\"item\":\"https:\/\/onlinelotto365.com\/pt-pt\/winning-numbers\/\"},{\"@type\":\"ListItem\",\"position\":3,\"name\":\"Resultados lotaria Set for Life\"}]},{\"@type\":\"WebSite\",\"@id\":\"https:\/\/onlinelotto365.com\/pt-pt\/#website\",\"url\":\"https:\/\/onlinelotto365.com\/pt-pt\/\",\"name\":\"OnlineLotto365\",\"description\":\"\",\"potentialAction\":[{\"@type\":\"SearchAction\",\"target\":{\"@type\":\"EntryPoint\",\"urlTemplate\":\"https:\/\/onlinelotto365.com\/pt-pt\/?s={search_term_string}\"},\"query-input\":{\"@type\":\"PropertyValueSpecification\",\"valueRequired\":true,\"valueName\":\"search_term_string\"}}],\"inLanguage\":\"pt-PT\"}]}<\/script>\n<!-- \/ Yoast SEO plugin. -->","yoast_head_json":{"title":"\u00daltimos n\u00fameros vencedores e pagamentos para o Set for life","description":"Jogou o Set for life? Temos os \u00faltimos e passados n\u00fameros vencedores","robots":{"index":"index","follow":"follow","max-snippet":"max-snippet:-1","max-image-preview":"max-image-preview:large","max-video-preview":"max-video-preview:-1"},"canonical":"https:\/\/onlinelotto365.com\/pt-pt\/numeros-vencedores\/set-for-life\/","og_locale":"pt_PT","og_type":"article","og_title":"\u00daltimos n\u00fameros vencedores e pagamentos para o Set for life","og_description":"Jogou o Set for life? Temos os \u00faltimos e passados n\u00fameros vencedores","og_url":"https:\/\/onlinelotto365.com\/pt-pt\/numeros-vencedores\/set-for-life\/","og_site_name":"OnlineLotto365","article_modified_time":"2021-01-06T13:32:46+00:00","og_image":[{"url":"https:\/\/redfoxlotto.com\/image?size=8&amp;lottery=set-for-life-uk"}],"twitter_card":"summary_large_image","twitter_misc":{"Tempo estimado de leitura":"3 minutos"},"schema":{"@context":"https:\/\/schema.org","@graph":[{"@type":"WebPage","@id":"https:\/\/onlinelotto365.com\/pt-pt\/numeros-vencedores\/set-for-life\/","url":"https:\/\/onlinelotto365.com\/pt-pt\/numeros-vencedores\/set-for-life\/","name":"\u00daltimos n\u00fameros vencedores e pagamentos para o Set for life","isPartOf":{"@id":"https:\/\/onlinelotto365.com\/pt-pt\/#website"},"primaryImageOfPage":{"@id":"https:\/\/onlinelotto365.com\/pt-pt\/numeros-vencedores\/set-for-life\/#primaryimage"},"image":{"@id":"https:\/\/onlinelotto365.com\/pt-pt\/numeros-vencedores\/set-for-life\/#primaryimage"},"thumbnailUrl":"https:\/\/redfoxlotto.com\/image?size=8&amp;lottery=set-for-life-uk","datePublished":"2020-12-08T13:45:37+00:00","dateModified":"2021-01-06T13:32:46+00:00","description":"Jogou o Set for life? Temos os \u00faltimos e passados n\u00fameros vencedores","breadcrumb":{"@id":"https:\/\/onlinelotto365.com\/pt-pt\/numeros-vencedores\/set-for-life\/#breadcrumb"},"inLanguage":"pt-PT","potentialAction":[{"@type":"ReadAction","target":["https:\/\/onlinelotto365.com\/pt-pt\/numeros-vencedores\/set-for-life\/"]}]},{"@type":"ImageObject","inLanguage":"pt-PT","@id":"https:\/\/onlinelotto365.com\/pt-pt\/numeros-vencedores\/set-for-life\/#primaryimage","url":"https:\/\/redfoxlotto.com\/image?size=8&amp;lottery=set-for-life-uk","contentUrl":"https:\/\/redfoxlotto.com\/image?size=8&amp;lottery=set-for-life-uk"},{"@type":"BreadcrumbList","@id":"https:\/\/onlinelotto365.com\/pt-pt\/numeros-vencedores\/set-for-life\/#breadcrumb","itemListElement":[{"@type":"ListItem","position":1,"name":"Home","item":"https:\/\/onlinelotto365.com\/pt-pt\/"},{"@type":"ListItem","position":2,"name":"Encontrar n\u00fameros e resultados vencedores para os \u00faltimos sorteios do loto","item":"https:\/\/onlinelotto365.com\/pt-pt\/winning-numbers\/"},{"@type":"ListItem","position":3,"name":"Resultados lotaria Set for Life"}]},{"@type":"WebSite","@id":"https:\/\/onlinelotto365.com\/pt-pt\/#website","url":"https:\/\/onlinelotto365.com\/pt-pt\/","name":"OnlineLotto365","description":"","potentialAction":[{"@type":"SearchAction","target":{"@type":"EntryPoint","urlTemplate":"https:\/\/onlinelotto365.com\/pt-pt\/?s={search_term_string}"},"query-input":{"@type":"PropertyValueSpecification","valueRequired":true,"valueName":"search_term_string"}}],"inLanguage":"pt-PT"}]}},"_links":{"self":[{"href":"https:\/\/onlinelotto365.com\/pt-pt\/wp-json\/wp\/v2\/pages\/7966","targetHints":{"allow":["GET"]}}],"collection":[{"href":"https:\/\/onlinelotto365.com\/pt-pt\/wp-json\/wp\/v2\/pages"}],"about":[{"href":"https:\/\/onlinelotto365.com\/pt-pt\/wp-json\/wp\/v2\/types\/page"}],"author":[{"embeddable":true,"href":"https:\/\/onlinelotto365.com\/pt-pt\/wp-json\/wp\/v2\/users\/1"}],"replies":[{"embeddable":true,"href":"https:\/\/onlinelotto365.com\/pt-pt\/wp-json\/wp\/v2\/comments?post=7966"}],"version-history":[{"count":0,"href":"https:\/\/onlinelotto365.com\/pt-pt\/wp-json\/wp\/v2\/pages\/7966\/revisions"}],"up":[{"embeddable":true,"href":"https:\/\/onlinelotto365.com\/pt-pt\/wp-json\/wp\/v2\/pages\/4965"}],"wp:attachment":[{"href":"https:\/\/onlinelotto365.com\/pt-pt\/wp-json\/wp\/v2\/media?parent=7966"}],"curies":[{"name":"wp","href":"https:\/\/api.w.org\/{rel}","templated":true}]}}