{"id":8002,"date":"2020-12-08T14:49:41","date_gmt":"2020-12-08T13:49:41","guid":{"rendered":"http:\/\/onlinelotto365.net\/?page_id=8002"},"modified":"2021-01-06T14:32:57","modified_gmt":"2021-01-06T13:32:57","slug":"german-lotto-6aus49","status":"publish","type":"page","link":"https:\/\/onlinelotto365.com\/pt-pt\/numeros-vencedores\/german-lotto-6aus49\/","title":{"rendered":"Ver aqui os n\u00fameros vencedores da lotaria alem\u00e3"},"content":{"rendered":"<p>Os jogos de lotaria internacional podem ser um pouco mais dif\u00edceis de seguir porque pode n\u00e3o viver na mesma \u00e1rea em que est\u00e3o a ser sorteados. Pode n\u00e3o ser poss\u00edvel verificar os resultados da lotaria alem\u00e3 no seu jornal local. E tamb\u00e9m pode n\u00e3o conseguir <strong>encontrar os n\u00fameros vencedores da Lotaria Alem\u00e3<\/strong> na televis\u00e3o. Se os encontrar em qualquer um dos locais, ter\u00e1 de fazer uma quantidade decente de pesquisa para l\u00e1 chegar.<\/p>\n<p>Pode tamb\u00e9m pensar em ir ao website para a Lotaria Alem\u00e3. Por vezes estes sites oficiais oferecem desenhos ao vivo para que se possa ver os resultados \u00e0 medida que chegam. No entanto, nem todos os jogos t\u00eam esta op\u00e7\u00e3o, e poder\u00e1 encontrar-se sem a capacidade de encontrar os seus resultados mesmo no site oficial.<\/p>\n<p>Pode tamb\u00e9m dar uma olhada no YouTube para ver se algu\u00e9m carregou um v\u00eddeo do desenho ao vivo ou mesmo um v\u00eddeo com os resultados em algum momento ap\u00f3s a realiza\u00e7\u00e3o do desenho.<br \/>\n<a href=\"https:\/\/redfoxlotto.com\/pt\/lotto-6aus49\/?ref=a8564250a2&amp;medium=ol365\" target=\"_blank\" rel=\"noopener noreferrer\"><img decoding=\"async\" class=\"aligncenter\" src=\"https:\/\/redfoxlotto.com\/image?size=8&amp;lottery=lotto-6aus49\" alt=\"German Lotto 6aus49\" \/><\/a><\/p>\n<p>A forma mais f\u00e1cil de <a href=\"https:\/\/onlinelotto365.com\/pt-pt\/numeros-vencedores\">obter os resultados que procura<\/a>, contudo, \u00e9 dar uma vista de olhos ao nosso website. Ajud\u00e1-lo-emos a encontrar os resultados para a lotaria alem\u00e3 directamente na nossa p\u00e1gina de resultados. \u00c9 a\u00ed que partilhamos os n\u00fameros vencedores de todos os jogos de lotaria que encontrar\u00e1 dispon\u00edveis no nosso site.<\/p>\n<h2>Como saber se o seu bilhete de lotaria on-line ganhou<img loading=\"lazy\" decoding=\"async\" class=\"alignright size-medium wp-image-3593\" src=\"https:\/\/onlinelotto365.com\/wp-content\/uploads\/2020\/11\/online_lottery-39-300x150.jpg\" alt=\"german lotto winning numbers\" width=\"300\" height=\"150\" srcset=\"https:\/\/onlinelotto365.com\/wp-content\/uploads\/2020\/11\/online_lottery-39-300x150.jpg 300w, https:\/\/onlinelotto365.com\/wp-content\/uploads\/2020\/11\/online_lottery-39.jpg 490w\" sizes=\"auto, (max-width: 300px) 100vw, 300px\" \/><\/h2>\n<p>Para aqueles que nos compraram bilhetes para a Lotaria Alem\u00e3, ver\u00e1 que \u00e9 ainda mais f\u00e1cil obter os resultados. Isto porque tudo o que tem de fazer \u00e9 dar uma vista de olhos \u00e0 p\u00e1gina da sua conta. Quando l\u00e1 estiver, poder\u00e1 ver os bilhetes que comprou para qualquer um dos jogos que temos dispon\u00edveis. Depois, poder\u00e1 ver os n\u00fameros vencedores no mesmo local.<br \/>\nDestacaremos at\u00e9 qualquer um dos n\u00fameros que combinou para lhe dar a conhecer o que ganhou. E se ganhar menos de 2500 euros, trataremos de o adicionar \u00e0 sua conta assim que os n\u00fameros tiverem sido oficialmente verificados pelo jogo. \u00c9 muito f\u00e1cil para si.<\/p>\n<h2>Arquivo de resultados da Lotaria Alem\u00e3<\/h2>\n<p>As p\u00e1ginas do nosso website que t\u00eam <strong>os \u00faltimos n\u00fameros da Lotaria Alem\u00e3<\/strong> tamb\u00e9m lhe mostrar\u00e3o <strong>todos os n\u00fameros antigos do nosso arquivo<\/strong>. Isto porque sabemos que muitas pessoas querem conhecer os n\u00fameros mais antigos para os ajudar a escolher os n\u00fameros que querem utilizar para os seus pr\u00f3ximos bilhetes. Colocamo-los em qualquer p\u00e1gina que mostre os novos n\u00fameros.<\/p>\n<h2>O meu bilhete ganhou, o que acontece a seguir?<\/h2>\n<p>Se ganhou a Lotaria Alem\u00e3 e o seu bilhete vencedor vale menos de 2500 euros, trataremos de colocar o dinheiro na sua conta assim que os n\u00fameros vencedores tiverem sido todos verificados. Isso significa que n\u00e3o tem de fazer nada. Se o bilhete vencedor valer mais de 2.500 euros, ter\u00e1 de preencher um formul\u00e1rio, mas n\u00f3s continuaremos a ajud\u00e1-lo com o processo. Depois, se tiver pelo menos 10 euros na sua conta, ter\u00e1 a op\u00e7\u00e3o de levantar o dinheiro para qualquer conta banc\u00e1ria ou de cart\u00e3o de cr\u00e9dito que j\u00e1 tenha utilizado com o nosso site. Se ainda n\u00e3o tiver utilizado a conta connosco, n\u00e3o poder\u00e1 levantar o seu dinheiro para a mesma.<\/p>\n","protected":false},"excerpt":{"rendered":"<p>Os jogos de lotaria internacional podem ser um pouco mais dif\u00edceis de seguir porque pode n\u00e3o viver na mesma \u00e1rea em que est\u00e3o a ser sorteados. Pode n\u00e3o ser poss\u00edvel verificar os resultados da lotaria alem\u00e3 no seu jornal local. E tamb\u00e9m pode n\u00e3o conseguir encontrar os n\u00fameros vencedores da Lotaria Alem\u00e3 na televis\u00e3o. Se [&hellip;]<\/p>\n","protected":false},"author":1,"featured_media":0,"parent":4965,"menu_order":11,"comment_status":"closed","ping_status":"closed","template":"lotto-german-results.php","meta":{"_et_pb_use_builder":"","_et_pb_old_content":"","_et_gb_content_width":"","exclude_from_search":false,"footnotes":""},"class_list":["post-8002","page","type-page","status-publish","hentry"],"yoast_head":"<!-- This site is optimized with the Yoast SEO plugin v23.4 - https:\/\/yoast.com\/wordpress\/plugins\/seo\/ -->\n<title>N\u00fameros vencedores da Lotaria Alem\u00e3 | Resultados do sorteio e montantes ganhos para a Lotaria Alem\u00e3<\/title>\n<meta name=\"description\" content=\"Se quiser encontrar os n\u00fameros vencedores da lotaria alem\u00e3 6aus49, veja aqui!\" \/>\n<meta name=\"robots\" content=\"index, follow, max-snippet:-1, max-image-preview:large, max-video-preview:-1\" \/>\n<link rel=\"canonical\" href=\"https:\/\/onlinelotto365.com\/pt-pt\/numeros-vencedores\/german-lotto-6aus49\/\" \/>\n<meta property=\"og:locale\" content=\"pt_PT\" \/>\n<meta property=\"og:type\" content=\"article\" \/>\n<meta property=\"og:title\" content=\"N\u00fameros vencedores da Lotaria Alem\u00e3 | Resultados do sorteio e montantes ganhos para a Lotaria Alem\u00e3\" \/>\n<meta property=\"og:description\" content=\"Se quiser encontrar os n\u00fameros vencedores da lotaria alem\u00e3 6aus49, veja aqui!\" \/>\n<meta property=\"og:url\" content=\"https:\/\/onlinelotto365.com\/pt-pt\/numeros-vencedores\/german-lotto-6aus49\/\" \/>\n<meta property=\"og:site_name\" content=\"OnlineLotto365\" \/>\n<meta property=\"article:modified_time\" content=\"2021-01-06T13:32:57+00:00\" \/>\n<meta property=\"og:image\" content=\"https:\/\/redfoxlotto.com\/image?size=8&amp;lottery=lotto-6aus49\" \/>\n<meta name=\"twitter:card\" content=\"summary_large_image\" \/>\n<meta name=\"twitter:label1\" content=\"Tempo estimado de leitura\" \/>\n\t<meta name=\"twitter:data1\" content=\"3 minutos\" \/>\n<script type=\"application\/ld+json\" class=\"yoast-schema-graph\">{\"@context\":\"https:\/\/schema.org\",\"@graph\":[{\"@type\":\"WebPage\",\"@id\":\"https:\/\/onlinelotto365.com\/pt-pt\/numeros-vencedores\/german-lotto-6aus49\/\",\"url\":\"https:\/\/onlinelotto365.com\/pt-pt\/numeros-vencedores\/german-lotto-6aus49\/\",\"name\":\"N\u00fameros vencedores da Lotaria Alem\u00e3 | Resultados do sorteio e montantes ganhos para a Lotaria Alem\u00e3\",\"isPartOf\":{\"@id\":\"https:\/\/onlinelotto365.com\/pt-pt\/#website\"},\"primaryImageOfPage\":{\"@id\":\"https:\/\/onlinelotto365.com\/pt-pt\/numeros-vencedores\/german-lotto-6aus49\/#primaryimage\"},\"image\":{\"@id\":\"https:\/\/onlinelotto365.com\/pt-pt\/numeros-vencedores\/german-lotto-6aus49\/#primaryimage\"},\"thumbnailUrl\":\"https:\/\/redfoxlotto.com\/image?size=8&amp;lottery=lotto-6aus49\",\"datePublished\":\"2020-12-08T13:49:41+00:00\",\"dateModified\":\"2021-01-06T13:32:57+00:00\",\"description\":\"Se quiser encontrar os n\u00fameros vencedores da lotaria alem\u00e3 6aus49, veja aqui!\",\"breadcrumb\":{\"@id\":\"https:\/\/onlinelotto365.com\/pt-pt\/numeros-vencedores\/german-lotto-6aus49\/#breadcrumb\"},\"inLanguage\":\"pt-PT\",\"potentialAction\":[{\"@type\":\"ReadAction\",\"target\":[\"https:\/\/onlinelotto365.com\/pt-pt\/numeros-vencedores\/german-lotto-6aus49\/\"]}]},{\"@type\":\"ImageObject\",\"inLanguage\":\"pt-PT\",\"@id\":\"https:\/\/onlinelotto365.com\/pt-pt\/numeros-vencedores\/german-lotto-6aus49\/#primaryimage\",\"url\":\"https:\/\/redfoxlotto.com\/image?size=8&amp;lottery=lotto-6aus49\",\"contentUrl\":\"https:\/\/redfoxlotto.com\/image?size=8&amp;lottery=lotto-6aus49\"},{\"@type\":\"BreadcrumbList\",\"@id\":\"https:\/\/onlinelotto365.com\/pt-pt\/numeros-vencedores\/german-lotto-6aus49\/#breadcrumb\",\"itemListElement\":[{\"@type\":\"ListItem\",\"position\":1,\"name\":\"Home\",\"item\":\"https:\/\/onlinelotto365.com\/pt-pt\/\"},{\"@type\":\"ListItem\",\"position\":2,\"name\":\"Encontrar n\u00fameros e resultados vencedores para os \u00faltimos sorteios do loto\",\"item\":\"https:\/\/onlinelotto365.com\/pt-pt\/winning-numbers\/\"},{\"@type\":\"ListItem\",\"position\":3,\"name\":\"Ver aqui os n\u00fameros vencedores da lotaria alem\u00e3\"}]},{\"@type\":\"WebSite\",\"@id\":\"https:\/\/onlinelotto365.com\/pt-pt\/#website\",\"url\":\"https:\/\/onlinelotto365.com\/pt-pt\/\",\"name\":\"OnlineLotto365\",\"description\":\"\",\"potentialAction\":[{\"@type\":\"SearchAction\",\"target\":{\"@type\":\"EntryPoint\",\"urlTemplate\":\"https:\/\/onlinelotto365.com\/pt-pt\/?s={search_term_string}\"},\"query-input\":{\"@type\":\"PropertyValueSpecification\",\"valueRequired\":true,\"valueName\":\"search_term_string\"}}],\"inLanguage\":\"pt-PT\"}]}<\/script>\n<!-- \/ Yoast SEO plugin. -->","yoast_head_json":{"title":"N\u00fameros vencedores da Lotaria Alem\u00e3 | Resultados do sorteio e montantes ganhos para a Lotaria Alem\u00e3","description":"Se quiser encontrar os n\u00fameros vencedores da lotaria alem\u00e3 6aus49, veja aqui!","robots":{"index":"index","follow":"follow","max-snippet":"max-snippet:-1","max-image-preview":"max-image-preview:large","max-video-preview":"max-video-preview:-1"},"canonical":"https:\/\/onlinelotto365.com\/pt-pt\/numeros-vencedores\/german-lotto-6aus49\/","og_locale":"pt_PT","og_type":"article","og_title":"N\u00fameros vencedores da Lotaria Alem\u00e3 | Resultados do sorteio e montantes ganhos para a Lotaria Alem\u00e3","og_description":"Se quiser encontrar os n\u00fameros vencedores da lotaria alem\u00e3 6aus49, veja aqui!","og_url":"https:\/\/onlinelotto365.com\/pt-pt\/numeros-vencedores\/german-lotto-6aus49\/","og_site_name":"OnlineLotto365","article_modified_time":"2021-01-06T13:32:57+00:00","og_image":[{"url":"https:\/\/redfoxlotto.com\/image?size=8&amp;lottery=lotto-6aus49"}],"twitter_card":"summary_large_image","twitter_misc":{"Tempo estimado de leitura":"3 minutos"},"schema":{"@context":"https:\/\/schema.org","@graph":[{"@type":"WebPage","@id":"https:\/\/onlinelotto365.com\/pt-pt\/numeros-vencedores\/german-lotto-6aus49\/","url":"https:\/\/onlinelotto365.com\/pt-pt\/numeros-vencedores\/german-lotto-6aus49\/","name":"N\u00fameros vencedores da Lotaria Alem\u00e3 | Resultados do sorteio e montantes ganhos para a Lotaria Alem\u00e3","isPartOf":{"@id":"https:\/\/onlinelotto365.com\/pt-pt\/#website"},"primaryImageOfPage":{"@id":"https:\/\/onlinelotto365.com\/pt-pt\/numeros-vencedores\/german-lotto-6aus49\/#primaryimage"},"image":{"@id":"https:\/\/onlinelotto365.com\/pt-pt\/numeros-vencedores\/german-lotto-6aus49\/#primaryimage"},"thumbnailUrl":"https:\/\/redfoxlotto.com\/image?size=8&amp;lottery=lotto-6aus49","datePublished":"2020-12-08T13:49:41+00:00","dateModified":"2021-01-06T13:32:57+00:00","description":"Se quiser encontrar os n\u00fameros vencedores da lotaria alem\u00e3 6aus49, veja aqui!","breadcrumb":{"@id":"https:\/\/onlinelotto365.com\/pt-pt\/numeros-vencedores\/german-lotto-6aus49\/#breadcrumb"},"inLanguage":"pt-PT","potentialAction":[{"@type":"ReadAction","target":["https:\/\/onlinelotto365.com\/pt-pt\/numeros-vencedores\/german-lotto-6aus49\/"]}]},{"@type":"ImageObject","inLanguage":"pt-PT","@id":"https:\/\/onlinelotto365.com\/pt-pt\/numeros-vencedores\/german-lotto-6aus49\/#primaryimage","url":"https:\/\/redfoxlotto.com\/image?size=8&amp;lottery=lotto-6aus49","contentUrl":"https:\/\/redfoxlotto.com\/image?size=8&amp;lottery=lotto-6aus49"},{"@type":"BreadcrumbList","@id":"https:\/\/onlinelotto365.com\/pt-pt\/numeros-vencedores\/german-lotto-6aus49\/#breadcrumb","itemListElement":[{"@type":"ListItem","position":1,"name":"Home","item":"https:\/\/onlinelotto365.com\/pt-pt\/"},{"@type":"ListItem","position":2,"name":"Encontrar n\u00fameros e resultados vencedores para os \u00faltimos sorteios do loto","item":"https:\/\/onlinelotto365.com\/pt-pt\/winning-numbers\/"},{"@type":"ListItem","position":3,"name":"Ver aqui os n\u00fameros vencedores da lotaria alem\u00e3"}]},{"@type":"WebSite","@id":"https:\/\/onlinelotto365.com\/pt-pt\/#website","url":"https:\/\/onlinelotto365.com\/pt-pt\/","name":"OnlineLotto365","description":"","potentialAction":[{"@type":"SearchAction","target":{"@type":"EntryPoint","urlTemplate":"https:\/\/onlinelotto365.com\/pt-pt\/?s={search_term_string}"},"query-input":{"@type":"PropertyValueSpecification","valueRequired":true,"valueName":"search_term_string"}}],"inLanguage":"pt-PT"}]}},"_links":{"self":[{"href":"https:\/\/onlinelotto365.com\/pt-pt\/wp-json\/wp\/v2\/pages\/8002","targetHints":{"allow":["GET"]}}],"collection":[{"href":"https:\/\/onlinelotto365.com\/pt-pt\/wp-json\/wp\/v2\/pages"}],"about":[{"href":"https:\/\/onlinelotto365.com\/pt-pt\/wp-json\/wp\/v2\/types\/page"}],"author":[{"embeddable":true,"href":"https:\/\/onlinelotto365.com\/pt-pt\/wp-json\/wp\/v2\/users\/1"}],"replies":[{"embeddable":true,"href":"https:\/\/onlinelotto365.com\/pt-pt\/wp-json\/wp\/v2\/comments?post=8002"}],"version-history":[{"count":0,"href":"https:\/\/onlinelotto365.com\/pt-pt\/wp-json\/wp\/v2\/pages\/8002\/revisions"}],"up":[{"embeddable":true,"href":"https:\/\/onlinelotto365.com\/pt-pt\/wp-json\/wp\/v2\/pages\/4965"}],"wp:attachment":[{"href":"https:\/\/onlinelotto365.com\/pt-pt\/wp-json\/wp\/v2\/media?parent=8002"}],"curies":[{"name":"wp","href":"https:\/\/api.w.org\/{rel}","templated":true}]}}