{"id":8028,"date":"2020-12-08T14:52:33","date_gmt":"2020-12-08T13:52:33","guid":{"rendered":"http:\/\/onlinelotto365.net\/?page_id=8028"},"modified":"2021-01-06T14:33:08","modified_gmt":"2021-01-06T13:33:08","slug":"mega-sena","status":"publish","type":"page","link":"https:\/\/onlinelotto365.com\/pt-pt\/numeros-vencedores\/mega-sena\/","title":{"rendered":"Mega-Sena do Brasil &#8211; \u00faltimos n\u00fameros vencedores"},"content":{"rendered":"<p>Existem muitos jogos diferentes por a\u00ed e pretende certificar-se de que consegue encontrar os n\u00fameros vencedores o mais depressa poss\u00edvel. Bem, \u00e9 poss\u00edvel de v\u00e1rias maneiras diferentes, se souber onde procurar. Os n\u00fameros vencedores est\u00e3o por vezes dispon\u00edveis no jornal, se viver numa \u00e1rea onde se trate de um jogo local. Isto pode significar que <strong>os resultados da Mega-Sena n\u00e3o est\u00e3o dispon\u00edveis na sua \u00e1rea<\/strong>. Al\u00e9m disso, algumas \u00e1reas mostram os n\u00fameros vencedores na TV, o que s\u00f3 vai acontecer se viver em certas \u00e1reas.<\/p>\n<p>Outra op\u00e7\u00e3o \u00e9 olhar para o website da lotaria Mega-Sena para ver se t\u00eam uma <a href=\"https:\/\/onlinelotto365.com\/pt-pt\/news\/loteria-ao-vivo\">transmiss\u00e3o da transmiss\u00e3o ao vivo<\/a> quando o jogo \u00e9 sorteado. Nem todos os jogos fazem isto, mas para aqueles que o fazem pode ser uma experi\u00eancia emocionante para qualquer pessoa que esteja a assistir. Especialmente se for realmente um vencedor e estiver a assistir ao sorteio dos seus n\u00fameros.<\/p>\n<p>H\u00e1 tamb\u00e9m a op\u00e7\u00e3o de ir para o YouTube. Por vezes, as pessoas carregam v\u00eddeos ao vivo do desenho em linha e talvez se possa ver o \u00faltimo desenho da Mega Sena.<br \/>\n<a href=\"https:\/\/redfoxlotto.com\/pt\/mega-sena\/?ref=a8564250a2&amp;medium=ol365\" target=\"_blank\" rel=\"noopener noreferrer\"><img decoding=\"async\" class=\"aligncenter\" src=\"https:\/\/redfoxlotto.com\/image?size=8&amp;lottery=mega-sena\" alt=\"mega-sena\" \/><\/a><\/p>\n<p>A forma mais f\u00e1cil de <a href=\"https:\/\/onlinelotto365.com\/pt-pt\/numeros-vencedores\">obter os n\u00fameros vencedores<\/a>, no entanto, ser\u00e1 consultando o nosso website. Podemos dar-lhe acesso a todos os n\u00fameros vencedores da Mega Sena, bem como a qualquer outro jogo que queira que tenhamos \u00e0 nossa disposi\u00e7\u00e3o. Isso facilita-lhe a obten\u00e7\u00e3o dos resultados que deseja.<\/p>\n<h2>Como saber se o seu bilhete online ganhou<\/h2>\n<p><img loading=\"lazy\" decoding=\"async\" class=\"alignright wp-image-3640\" src=\"https:\/\/onlinelotto365.com\/wp-content\/uploads\/2020\/11\/lottery_balls1-300x160.jpg\" alt=\"mega-sena results\" width=\"249\" height=\"133\" srcset=\"https:\/\/onlinelotto365.com\/wp-content\/uploads\/2020\/11\/lottery_balls1-300x160.jpg 300w, https:\/\/onlinelotto365.com\/wp-content\/uploads\/2020\/11\/lottery_balls1.jpg 472w\" sizes=\"auto, (max-width: 249px) 100vw, 249px\" \/> O que \u00e9 ainda melhor \u00e9 que pode entrar directamente na sua conta e encontrar os resultados de qualquer jogo para o qual tamb\u00e9m tenha adquirido bilhetes. Basta ir \u00e0 sec\u00e7\u00e3o do website que tem os seus bilhetes guardados e encontrar os n\u00fameros vencedores que se aplicam a esses bilhetes.<\/p>\n<p>Depois pode at\u00e9 ver quais s\u00e3o os n\u00fameros vencedores que correspondem aos seus n\u00fameros actuais para poder ver o quanto j\u00e1 ganhou. Se for menos de 2500 euros, trataremos de colocar esse dinheiro directamente na sua conta, para que possa come\u00e7ar a gast\u00e1-lo ou retir\u00e1-lo para a sua pr\u00f3pria conta. Tudo o que tem de fazer \u00e9 certificar-se de que retira o dinheiro para uma conta que j\u00e1 tenha utilizado connosco.<\/p>\n<h2>Arquivo de resultados da Mega-Sena<\/h2>\n<p>Para aqueles que querem ter acesso a n\u00fameros mais antigos para a Mega-Sena, v\u00e3o querer ver de perto as p\u00e1ginas web que j\u00e1 oferecem os \u00faltimos n\u00fameros. Tamb\u00e9m pode encontrar todos os n\u00fameros antigos dispon\u00edveis, para n\u00e3o ter de se preocupar em perder algumas das melhores informa\u00e7\u00f5es para escolher o seu pr\u00f3ximo conjunto de n\u00fameros.<\/p>\n","protected":false},"excerpt":{"rendered":"<p>Existem muitos jogos diferentes por a\u00ed e pretende certificar-se de que consegue encontrar os n\u00fameros vencedores o mais depressa poss\u00edvel. Bem, \u00e9 poss\u00edvel de v\u00e1rias maneiras diferentes, se souber onde procurar. Os n\u00fameros vencedores est\u00e3o por vezes dispon\u00edveis no jornal, se viver numa \u00e1rea onde se trate de um jogo local. Isto pode significar que [&hellip;]<\/p>\n","protected":false},"author":1,"featured_media":0,"parent":4965,"menu_order":12,"comment_status":"closed","ping_status":"closed","template":"megasena-results.php","meta":{"_et_pb_use_builder":"","_et_pb_old_content":"","_et_gb_content_width":"","exclude_from_search":false,"footnotes":""},"class_list":["post-8028","page","type-page","status-publish","hentry"],"yoast_head":"<!-- This site is optimized with the Yoast SEO plugin v23.4 - https:\/\/yoast.com\/wordpress\/plugins\/seo\/ -->\n<title>\u00daltimos resultados do sorteio e pr\u00e9mios para a Mega-Sena<\/title>\n<meta name=\"description\" content=\"Resultados para Mega-Sena Brasil e muitas outras lotarias mundiais encontrados aqui\" \/>\n<meta name=\"robots\" content=\"index, follow, max-snippet:-1, max-image-preview:large, max-video-preview:-1\" \/>\n<link rel=\"canonical\" href=\"https:\/\/onlinelotto365.com\/pt-pt\/numeros-vencedores\/mega-sena\/\" \/>\n<meta property=\"og:locale\" content=\"pt_PT\" \/>\n<meta property=\"og:type\" content=\"article\" \/>\n<meta property=\"og:title\" content=\"\u00daltimos resultados do sorteio e pr\u00e9mios para a Mega-Sena\" \/>\n<meta property=\"og:description\" content=\"Resultados para Mega-Sena Brasil e muitas outras lotarias mundiais encontrados aqui\" \/>\n<meta property=\"og:url\" content=\"https:\/\/onlinelotto365.com\/pt-pt\/numeros-vencedores\/mega-sena\/\" \/>\n<meta property=\"og:site_name\" content=\"OnlineLotto365\" \/>\n<meta property=\"article:modified_time\" content=\"2021-01-06T13:33:08+00:00\" \/>\n<meta property=\"og:image\" content=\"https:\/\/redfoxlotto.com\/image?size=8&amp;lottery=mega-sena\" \/>\n<meta name=\"twitter:card\" content=\"summary_large_image\" \/>\n<meta name=\"twitter:label1\" content=\"Tempo estimado de leitura\" \/>\n\t<meta name=\"twitter:data1\" content=\"2 minutos\" \/>\n<script type=\"application\/ld+json\" class=\"yoast-schema-graph\">{\"@context\":\"https:\/\/schema.org\",\"@graph\":[{\"@type\":\"WebPage\",\"@id\":\"https:\/\/onlinelotto365.com\/pt-pt\/numeros-vencedores\/mega-sena\/\",\"url\":\"https:\/\/onlinelotto365.com\/pt-pt\/numeros-vencedores\/mega-sena\/\",\"name\":\"\u00daltimos resultados do sorteio e pr\u00e9mios para a Mega-Sena\",\"isPartOf\":{\"@id\":\"https:\/\/onlinelotto365.com\/pt-pt\/#website\"},\"primaryImageOfPage\":{\"@id\":\"https:\/\/onlinelotto365.com\/pt-pt\/numeros-vencedores\/mega-sena\/#primaryimage\"},\"image\":{\"@id\":\"https:\/\/onlinelotto365.com\/pt-pt\/numeros-vencedores\/mega-sena\/#primaryimage\"},\"thumbnailUrl\":\"https:\/\/redfoxlotto.com\/image?size=8&amp;lottery=mega-sena\",\"datePublished\":\"2020-12-08T13:52:33+00:00\",\"dateModified\":\"2021-01-06T13:33:08+00:00\",\"description\":\"Resultados para Mega-Sena Brasil e muitas outras lotarias mundiais encontrados aqui\",\"breadcrumb\":{\"@id\":\"https:\/\/onlinelotto365.com\/pt-pt\/numeros-vencedores\/mega-sena\/#breadcrumb\"},\"inLanguage\":\"pt-PT\",\"potentialAction\":[{\"@type\":\"ReadAction\",\"target\":[\"https:\/\/onlinelotto365.com\/pt-pt\/numeros-vencedores\/mega-sena\/\"]}]},{\"@type\":\"ImageObject\",\"inLanguage\":\"pt-PT\",\"@id\":\"https:\/\/onlinelotto365.com\/pt-pt\/numeros-vencedores\/mega-sena\/#primaryimage\",\"url\":\"https:\/\/redfoxlotto.com\/image?size=8&amp;lottery=mega-sena\",\"contentUrl\":\"https:\/\/redfoxlotto.com\/image?size=8&amp;lottery=mega-sena\"},{\"@type\":\"BreadcrumbList\",\"@id\":\"https:\/\/onlinelotto365.com\/pt-pt\/numeros-vencedores\/mega-sena\/#breadcrumb\",\"itemListElement\":[{\"@type\":\"ListItem\",\"position\":1,\"name\":\"Home\",\"item\":\"https:\/\/onlinelotto365.com\/pt-pt\/\"},{\"@type\":\"ListItem\",\"position\":2,\"name\":\"Encontrar n\u00fameros e resultados vencedores para os \u00faltimos sorteios do loto\",\"item\":\"https:\/\/onlinelotto365.com\/pt-pt\/winning-numbers\/\"},{\"@type\":\"ListItem\",\"position\":3,\"name\":\"Mega-Sena do Brasil &#8211; \u00faltimos n\u00fameros vencedores\"}]},{\"@type\":\"WebSite\",\"@id\":\"https:\/\/onlinelotto365.com\/pt-pt\/#website\",\"url\":\"https:\/\/onlinelotto365.com\/pt-pt\/\",\"name\":\"OnlineLotto365\",\"description\":\"\",\"potentialAction\":[{\"@type\":\"SearchAction\",\"target\":{\"@type\":\"EntryPoint\",\"urlTemplate\":\"https:\/\/onlinelotto365.com\/pt-pt\/?s={search_term_string}\"},\"query-input\":{\"@type\":\"PropertyValueSpecification\",\"valueRequired\":true,\"valueName\":\"search_term_string\"}}],\"inLanguage\":\"pt-PT\"}]}<\/script>\n<!-- \/ Yoast SEO plugin. -->","yoast_head_json":{"title":"\u00daltimos resultados do sorteio e pr\u00e9mios para a Mega-Sena","description":"Resultados para Mega-Sena Brasil e muitas outras lotarias mundiais encontrados aqui","robots":{"index":"index","follow":"follow","max-snippet":"max-snippet:-1","max-image-preview":"max-image-preview:large","max-video-preview":"max-video-preview:-1"},"canonical":"https:\/\/onlinelotto365.com\/pt-pt\/numeros-vencedores\/mega-sena\/","og_locale":"pt_PT","og_type":"article","og_title":"\u00daltimos resultados do sorteio e pr\u00e9mios para a Mega-Sena","og_description":"Resultados para Mega-Sena Brasil e muitas outras lotarias mundiais encontrados aqui","og_url":"https:\/\/onlinelotto365.com\/pt-pt\/numeros-vencedores\/mega-sena\/","og_site_name":"OnlineLotto365","article_modified_time":"2021-01-06T13:33:08+00:00","og_image":[{"url":"https:\/\/redfoxlotto.com\/image?size=8&amp;lottery=mega-sena"}],"twitter_card":"summary_large_image","twitter_misc":{"Tempo estimado de leitura":"2 minutos"},"schema":{"@context":"https:\/\/schema.org","@graph":[{"@type":"WebPage","@id":"https:\/\/onlinelotto365.com\/pt-pt\/numeros-vencedores\/mega-sena\/","url":"https:\/\/onlinelotto365.com\/pt-pt\/numeros-vencedores\/mega-sena\/","name":"\u00daltimos resultados do sorteio e pr\u00e9mios para a Mega-Sena","isPartOf":{"@id":"https:\/\/onlinelotto365.com\/pt-pt\/#website"},"primaryImageOfPage":{"@id":"https:\/\/onlinelotto365.com\/pt-pt\/numeros-vencedores\/mega-sena\/#primaryimage"},"image":{"@id":"https:\/\/onlinelotto365.com\/pt-pt\/numeros-vencedores\/mega-sena\/#primaryimage"},"thumbnailUrl":"https:\/\/redfoxlotto.com\/image?size=8&amp;lottery=mega-sena","datePublished":"2020-12-08T13:52:33+00:00","dateModified":"2021-01-06T13:33:08+00:00","description":"Resultados para Mega-Sena Brasil e muitas outras lotarias mundiais encontrados aqui","breadcrumb":{"@id":"https:\/\/onlinelotto365.com\/pt-pt\/numeros-vencedores\/mega-sena\/#breadcrumb"},"inLanguage":"pt-PT","potentialAction":[{"@type":"ReadAction","target":["https:\/\/onlinelotto365.com\/pt-pt\/numeros-vencedores\/mega-sena\/"]}]},{"@type":"ImageObject","inLanguage":"pt-PT","@id":"https:\/\/onlinelotto365.com\/pt-pt\/numeros-vencedores\/mega-sena\/#primaryimage","url":"https:\/\/redfoxlotto.com\/image?size=8&amp;lottery=mega-sena","contentUrl":"https:\/\/redfoxlotto.com\/image?size=8&amp;lottery=mega-sena"},{"@type":"BreadcrumbList","@id":"https:\/\/onlinelotto365.com\/pt-pt\/numeros-vencedores\/mega-sena\/#breadcrumb","itemListElement":[{"@type":"ListItem","position":1,"name":"Home","item":"https:\/\/onlinelotto365.com\/pt-pt\/"},{"@type":"ListItem","position":2,"name":"Encontrar n\u00fameros e resultados vencedores para os \u00faltimos sorteios do loto","item":"https:\/\/onlinelotto365.com\/pt-pt\/winning-numbers\/"},{"@type":"ListItem","position":3,"name":"Mega-Sena do Brasil &#8211; \u00faltimos n\u00fameros vencedores"}]},{"@type":"WebSite","@id":"https:\/\/onlinelotto365.com\/pt-pt\/#website","url":"https:\/\/onlinelotto365.com\/pt-pt\/","name":"OnlineLotto365","description":"","potentialAction":[{"@type":"SearchAction","target":{"@type":"EntryPoint","urlTemplate":"https:\/\/onlinelotto365.com\/pt-pt\/?s={search_term_string}"},"query-input":{"@type":"PropertyValueSpecification","valueRequired":true,"valueName":"search_term_string"}}],"inLanguage":"pt-PT"}]}},"_links":{"self":[{"href":"https:\/\/onlinelotto365.com\/pt-pt\/wp-json\/wp\/v2\/pages\/8028","targetHints":{"allow":["GET"]}}],"collection":[{"href":"https:\/\/onlinelotto365.com\/pt-pt\/wp-json\/wp\/v2\/pages"}],"about":[{"href":"https:\/\/onlinelotto365.com\/pt-pt\/wp-json\/wp\/v2\/types\/page"}],"author":[{"embeddable":true,"href":"https:\/\/onlinelotto365.com\/pt-pt\/wp-json\/wp\/v2\/users\/1"}],"replies":[{"embeddable":true,"href":"https:\/\/onlinelotto365.com\/pt-pt\/wp-json\/wp\/v2\/comments?post=8028"}],"version-history":[{"count":0,"href":"https:\/\/onlinelotto365.com\/pt-pt\/wp-json\/wp\/v2\/pages\/8028\/revisions"}],"up":[{"embeddable":true,"href":"https:\/\/onlinelotto365.com\/pt-pt\/wp-json\/wp\/v2\/pages\/4965"}],"wp:attachment":[{"href":"https:\/\/onlinelotto365.com\/pt-pt\/wp-json\/wp\/v2\/media?parent=8028"}],"curies":[{"name":"wp","href":"https:\/\/api.w.org\/{rel}","templated":true}]}}