{"id":80406,"date":"2022-11-17T12:14:05","date_gmt":"2022-11-17T11:14:05","guid":{"rendered":"https:\/\/onlinelotto365.com\/?page_id=80406"},"modified":"2022-11-17T12:14:05","modified_gmt":"2022-11-17T11:14:05","slug":"set-for-life-2","status":"publish","type":"page","link":"https:\/\/onlinelotto365.com\/pt-pt\/comprar-bilhetes\/set-for-life-2\/","title":{"rendered":"Como comprar online o Set para a vida"},"content":{"rendered":"<p>Se quiser comprar os seus bilhetes para o Set for Life agora vai precisar de saber como o fazer. Se vive em Portugal, \u00e9 f\u00e1cil para si e provavelmente j\u00e1 saber\u00e1 como obter bilhetes. Mas e os jogadores de loto de outros pa\u00edses, como da Austr\u00e1lia? Bem, \u00e9 um processo muito simples e podemos p\u00f4-lo em marcha num instante. S\u00f3 tem de seguir os passos que lhe apresentamos a seguir. A partir da\u00ed, pode obter os bilhetes que deseja para o pr\u00f3ximo sorteio.<br \/>\n<a href=\"https:\/\/redfoxlotto.com\/play\/set-for-life-uk\/?ref=a8564250a2&amp;medium=ol365\" target=\"_blank\" rel=\"noopener noreferrer\"><img decoding=\"async\" class=\"aligncenter\" src=\"https:\/\/redfoxlotto.com\/image?size=8&amp;lottery=set-for-life-uk\" alt=\"&amp;quot;Conjunto\" \/><\/a><\/p>\n<ul>\n<li>V\u00e1 \u00e0 p\u00e1gina da lotaria Set for Life e escolha o n\u00famero de bilhetes que deseja e seleccione os n\u00fameros que deseja para cada um desses bilhetes<\/li>\n<li>Escolha bilhetes adicionais para Set for Life ou outros jogos de loto para encher o seu carrinho<\/li>\n<li>Escolha a op\u00e7\u00e3o para pagar agora<\/li>\n<li>Siga as instru\u00e7\u00f5es para entrar na sua conta ou passar pelo processo de cria\u00e7\u00e3o de uma nova conta<\/li>\n<li>Complete o processo de verifica\u00e7\u00e3o entrando na sua conta e clicando no link no seu e-mail<\/li>\n<li>Verifique a sua pasta de spam se o e-mail n\u00e3o aparecer na sua caixa de entrada para ter a certeza de que o recebeu<\/li>\n<li>Uma vez verificada a sua conta, entre no carrinho de compras no website<\/li>\n<li>Escolha o seu m\u00e9todo de pagamento preferido e passe pelo processo de pagamento<\/li>\n<\/ul>\n<h2>Como pagar online o seu Set para o bilhete vital\u00edcio<\/h2>\n<p>Quando se trata de pagar os seus bilhetes, descobrir\u00e1 que n\u00e3o s\u00f3 \u00e9 f\u00e1cil como completamente seguro e oferece-lhe muitas op\u00e7\u00f5es.<br \/>\nOpte por pagar os seus bilhetes at\u00e9:<\/p>\n<p>Fazendo uma compra directa com o m\u00e9todo de pagamento por si escolhido<br \/>\nColocar dinheiro na sua conta e utiliz\u00e1-lo para fazer uma compra<\/p>\n<p>Certifique-se de que se optar por depositar dinheiro na sua conta, tamb\u00e9m deposita um pouco mais para que a sua escolha de pagamento seja aprovada.<\/p>\n<h2>Mais informa\u00e7\u00f5es sobre Set for life<\/h2>\n<ul>\n<li>Pa\u00eds: Portugal<\/li>\n<li>Gama de n\u00fameros principais: 45<\/li>\n<li>Escolhe: 5<\/li>\n<li>Gama de n\u00fameros extra: 10<\/li>\n<li>Escolhe: 1<\/li>\n<li>Desenhar dias, horas: Segunda-feira, Quinta-feira, 20:00 GMT, 21:00 CET<\/li>\n<li>Jackpot m\u00ednimo:<\/li>\n<li>Jackpot m\u00e1ximo:<\/li>\n<li>Probabilidade de ganhar o jackpot: 1 em 15339390<\/li>\n<li>Probabilidade de uma vit\u00f3ria de n\u00edvel 2: 1 em 1704377<\/li>\n<li>Probabilidade de ganhar em qualquer n\u00edvel: 1 em 12,4<\/li>\n<li>N\u00famero de n\u00edveis de pr\u00e9mios: 8<\/li>\n<\/ul>\n<h2>Vantagens de comprar online o Set para bilhetes vital\u00edcios<\/h2>\n<ul>\n<li>Nunca deixe a sua casa para comprar os seus bilhetes<\/li>\n<li>N\u00e3o est\u00e1 limitado a jogar em lotarias da Austr\u00e1lia<\/li>\n<li>Escolha entre uma gama de diferentes lotarias de todo o mundo<\/li>\n<li>Escolha os jogos com os jackpots mais altos para aumentar as suas hip\u00f3teses<\/li>\n<li>Utilize o saldo da sua conta para comprar os bilhetes que deseja<\/li>\n<li>Mantenha-se sempre a par dos seus bilhetes<\/li>\n<li>Receba uma notifica\u00e7\u00e3o se o seu bilhete for um vencedor<\/li>\n<li>N\u00e3o se preocupe em escolher op\u00e7\u00f5es de bilhetes com escolhas r\u00e1pidas<\/li>\n<\/ul>\n<h2>\u00c9 legal comprar online o Set para bilhetes vital\u00edcios?<\/h2>\n<p>N\u00e3o precisa de se preocupar com a legalidade de comprar os seus bilhetes online ou da forma tradicional. Pode sentar-se e relaxar e confiar em que vamos tratar de seguir todos os regulamentos do pa\u00eds de onde estes jogos v\u00eam. Tudo o que tem de fazer \u00e9 comprar um bilhete e n\u00f3s garantimos que se tiver direito a um pr\u00e9mio, incluindo o jackpot, vai receb\u00ea-lo.<br \/>\nTem de ter pelo menos 18 anos de idade para poder utilizar o nosso website.<\/p>\n<h2>Como \u00e9 que sou pago se ganhar o Set para toda a vida online?<\/h2>\n<p>Quer ser pago cada c\u00eantimo que lhe \u00e9 devido quando ganha alguma coisa e \u00e9 exactamente isso que fazemos. Garantimos que recebe sempre todo o dinheiro sem comiss\u00e3o e sem taxas cobradas sobre os seus ganhos.<br \/>\nA \u00fanica vez que tem de pagar alguma coisa \u00e9 se decidir fazer uma transfer\u00eancia banc\u00e1ria. Se o banco nos cobrar dinheiro, o que pode acontecer com transfer\u00eancias internacionais, ent\u00e3o cobramos a sua conta pela taxa. Esta \u00e9 a \u00fanica raz\u00e3o pela qual retiramos o que quer que seja dos seus ganhos.<br \/>\nE se ganhar, receber\u00e1 o seu dinheiro de uma de apenas algumas formas:<\/p>\n<p>Qualquer montante inferior a 2500 euros \u00e9 f\u00e1cil porque a nossa equipa de apoio ir\u00e1 depositar o dinheiro directamente na sua conta para si<br \/>\nQualquer montante superior a 2500 euros vai continuar a ser f\u00e1cil para si porque a nossa equipa de apoio ir\u00e1 ajud\u00e1-lo ao longo do processo. Receber-lhe-emos o formul\u00e1rio de reclama\u00e7\u00e3o para que possa preench\u00ea-lo e informar-nos se deseja que o seu dinheiro seja transferido para o seu banco ou enviado como cheque.<\/p>\n","protected":false},"excerpt":{"rendered":"<p>Se quiser comprar os seus bilhetes para o Set for Life agora vai precisar de saber como o fazer. Se vive em Portugal, \u00e9 f\u00e1cil para si e provavelmente j\u00e1 saber\u00e1 como obter bilhetes. Mas e os jogadores de loto de outros pa\u00edses, como da Austr\u00e1lia? Bem, \u00e9 um processo muito simples e podemos p\u00f4-lo [&hellip;]<\/p>\n","protected":false},"author":1,"featured_media":0,"parent":4636,"menu_order":10,"comment_status":"closed","ping_status":"closed","template":"set-for-life-info.php","meta":{"_et_pb_use_builder":"","_et_pb_old_content":"","_et_gb_content_width":"","exclude_from_search":false,"footnotes":""},"class_list":["post-80406","page","type-page","status-publish","hentry"],"yoast_head":"<!-- This site is optimized with the Yoast SEO plugin v23.4 - https:\/\/yoast.com\/wordpress\/plugins\/seo\/ -->\n<title>Comprar bilhetes para Set for life online da Austr\u00e1lia | Set for life lottery info, como comprar bilhetes<\/title>\n<meta name=\"description\" content=\"O Set for Life lottery pode ser ganho a partir da Austr\u00e1lia - compre bilhetes online aqui\" \/>\n<meta name=\"robots\" content=\"index, follow, max-snippet:-1, max-image-preview:large, max-video-preview:-1\" \/>\n<link rel=\"canonical\" href=\"https:\/\/onlinelotto365.com\/pt-pt\/comprar-bilhetes\/set-for-life-2\/\" \/>\n<meta property=\"og:locale\" content=\"pt_PT\" \/>\n<meta property=\"og:type\" content=\"article\" \/>\n<meta property=\"og:title\" content=\"Comprar bilhetes para Set for life online da Austr\u00e1lia | Set for life lottery info, como comprar bilhetes\" \/>\n<meta property=\"og:description\" content=\"O Set for Life lottery pode ser ganho a partir da Austr\u00e1lia - compre bilhetes online aqui\" \/>\n<meta property=\"og:url\" content=\"https:\/\/onlinelotto365.com\/pt-pt\/comprar-bilhetes\/set-for-life-2\/\" \/>\n<meta property=\"og:site_name\" content=\"OnlineLotto365\" \/>\n<meta property=\"og:image\" content=\"https:\/\/redfoxlotto.com\/image?size=8&amp;lottery=set-for-life-uk\" \/>\n<meta name=\"twitter:card\" content=\"summary_large_image\" \/>\n<meta name=\"twitter:label1\" content=\"Tempo estimado de leitura\" \/>\n\t<meta name=\"twitter:data1\" content=\"4 minutos\" \/>\n<script type=\"application\/ld+json\" class=\"yoast-schema-graph\">{\"@context\":\"https:\/\/schema.org\",\"@graph\":[{\"@type\":\"WebPage\",\"@id\":\"https:\/\/onlinelotto365.com\/pt-pt\/comprar-bilhetes\/set-for-life-2\/\",\"url\":\"https:\/\/onlinelotto365.com\/pt-pt\/comprar-bilhetes\/set-for-life-2\/\",\"name\":\"Comprar bilhetes para Set for life online da Austr\u00e1lia | Set for life lottery info, como comprar bilhetes\",\"isPartOf\":{\"@id\":\"https:\/\/onlinelotto365.com\/pt-pt\/#website\"},\"primaryImageOfPage\":{\"@id\":\"https:\/\/onlinelotto365.com\/pt-pt\/comprar-bilhetes\/set-for-life-2\/#primaryimage\"},\"image\":{\"@id\":\"https:\/\/onlinelotto365.com\/pt-pt\/comprar-bilhetes\/set-for-life-2\/#primaryimage\"},\"thumbnailUrl\":\"https:\/\/redfoxlotto.com\/image?size=8&amp;lottery=set-for-life-uk\",\"datePublished\":\"2022-11-17T11:14:05+00:00\",\"dateModified\":\"2022-11-17T11:14:05+00:00\",\"description\":\"O Set for Life lottery pode ser ganho a partir da Austr\u00e1lia - compre bilhetes online aqui\",\"breadcrumb\":{\"@id\":\"https:\/\/onlinelotto365.com\/pt-pt\/comprar-bilhetes\/set-for-life-2\/#breadcrumb\"},\"inLanguage\":\"pt-PT\",\"potentialAction\":[{\"@type\":\"ReadAction\",\"target\":[\"https:\/\/onlinelotto365.com\/pt-pt\/comprar-bilhetes\/set-for-life-2\/\"]}]},{\"@type\":\"ImageObject\",\"inLanguage\":\"pt-PT\",\"@id\":\"https:\/\/onlinelotto365.com\/pt-pt\/comprar-bilhetes\/set-for-life-2\/#primaryimage\",\"url\":\"https:\/\/redfoxlotto.com\/image?size=8&amp;lottery=set-for-life-uk\",\"contentUrl\":\"https:\/\/redfoxlotto.com\/image?size=8&amp;lottery=set-for-life-uk\"},{\"@type\":\"BreadcrumbList\",\"@id\":\"https:\/\/onlinelotto365.com\/pt-pt\/comprar-bilhetes\/set-for-life-2\/#breadcrumb\",\"itemListElement\":[{\"@type\":\"ListItem\",\"position\":1,\"name\":\"Home\",\"item\":\"https:\/\/onlinelotto365.com\/pt-pt\/\"},{\"@type\":\"ListItem\",\"position\":2,\"name\":\"Porque \u00e9 que faz mais sentido comprar bilhetes de lotaria online\",\"item\":\"https:\/\/onlinelotto365.com\/pt-pt\/buy-tickets\/\"},{\"@type\":\"ListItem\",\"position\":3,\"name\":\"Como comprar online o Set para a vida\"}]},{\"@type\":\"WebSite\",\"@id\":\"https:\/\/onlinelotto365.com\/pt-pt\/#website\",\"url\":\"https:\/\/onlinelotto365.com\/pt-pt\/\",\"name\":\"OnlineLotto365\",\"description\":\"\",\"potentialAction\":[{\"@type\":\"SearchAction\",\"target\":{\"@type\":\"EntryPoint\",\"urlTemplate\":\"https:\/\/onlinelotto365.com\/pt-pt\/?s={search_term_string}\"},\"query-input\":{\"@type\":\"PropertyValueSpecification\",\"valueRequired\":true,\"valueName\":\"search_term_string\"}}],\"inLanguage\":\"pt-PT\"}]}<\/script>\n<!-- \/ Yoast SEO plugin. -->","yoast_head_json":{"title":"Comprar bilhetes para Set for life online da Austr\u00e1lia | Set for life lottery info, como comprar bilhetes","description":"O Set for Life lottery pode ser ganho a partir da Austr\u00e1lia - compre bilhetes online aqui","robots":{"index":"index","follow":"follow","max-snippet":"max-snippet:-1","max-image-preview":"max-image-preview:large","max-video-preview":"max-video-preview:-1"},"canonical":"https:\/\/onlinelotto365.com\/pt-pt\/comprar-bilhetes\/set-for-life-2\/","og_locale":"pt_PT","og_type":"article","og_title":"Comprar bilhetes para Set for life online da Austr\u00e1lia | Set for life lottery info, como comprar bilhetes","og_description":"O Set for Life lottery pode ser ganho a partir da Austr\u00e1lia - compre bilhetes online aqui","og_url":"https:\/\/onlinelotto365.com\/pt-pt\/comprar-bilhetes\/set-for-life-2\/","og_site_name":"OnlineLotto365","og_image":[{"url":"https:\/\/redfoxlotto.com\/image?size=8&amp;lottery=set-for-life-uk"}],"twitter_card":"summary_large_image","twitter_misc":{"Tempo estimado de leitura":"4 minutos"},"schema":{"@context":"https:\/\/schema.org","@graph":[{"@type":"WebPage","@id":"https:\/\/onlinelotto365.com\/pt-pt\/comprar-bilhetes\/set-for-life-2\/","url":"https:\/\/onlinelotto365.com\/pt-pt\/comprar-bilhetes\/set-for-life-2\/","name":"Comprar bilhetes para Set for life online da Austr\u00e1lia | Set for life lottery info, como comprar bilhetes","isPartOf":{"@id":"https:\/\/onlinelotto365.com\/pt-pt\/#website"},"primaryImageOfPage":{"@id":"https:\/\/onlinelotto365.com\/pt-pt\/comprar-bilhetes\/set-for-life-2\/#primaryimage"},"image":{"@id":"https:\/\/onlinelotto365.com\/pt-pt\/comprar-bilhetes\/set-for-life-2\/#primaryimage"},"thumbnailUrl":"https:\/\/redfoxlotto.com\/image?size=8&amp;lottery=set-for-life-uk","datePublished":"2022-11-17T11:14:05+00:00","dateModified":"2022-11-17T11:14:05+00:00","description":"O Set for Life lottery pode ser ganho a partir da Austr\u00e1lia - compre bilhetes online aqui","breadcrumb":{"@id":"https:\/\/onlinelotto365.com\/pt-pt\/comprar-bilhetes\/set-for-life-2\/#breadcrumb"},"inLanguage":"pt-PT","potentialAction":[{"@type":"ReadAction","target":["https:\/\/onlinelotto365.com\/pt-pt\/comprar-bilhetes\/set-for-life-2\/"]}]},{"@type":"ImageObject","inLanguage":"pt-PT","@id":"https:\/\/onlinelotto365.com\/pt-pt\/comprar-bilhetes\/set-for-life-2\/#primaryimage","url":"https:\/\/redfoxlotto.com\/image?size=8&amp;lottery=set-for-life-uk","contentUrl":"https:\/\/redfoxlotto.com\/image?size=8&amp;lottery=set-for-life-uk"},{"@type":"BreadcrumbList","@id":"https:\/\/onlinelotto365.com\/pt-pt\/comprar-bilhetes\/set-for-life-2\/#breadcrumb","itemListElement":[{"@type":"ListItem","position":1,"name":"Home","item":"https:\/\/onlinelotto365.com\/pt-pt\/"},{"@type":"ListItem","position":2,"name":"Porque \u00e9 que faz mais sentido comprar bilhetes de lotaria online","item":"https:\/\/onlinelotto365.com\/pt-pt\/buy-tickets\/"},{"@type":"ListItem","position":3,"name":"Como comprar online o Set para a vida"}]},{"@type":"WebSite","@id":"https:\/\/onlinelotto365.com\/pt-pt\/#website","url":"https:\/\/onlinelotto365.com\/pt-pt\/","name":"OnlineLotto365","description":"","potentialAction":[{"@type":"SearchAction","target":{"@type":"EntryPoint","urlTemplate":"https:\/\/onlinelotto365.com\/pt-pt\/?s={search_term_string}"},"query-input":{"@type":"PropertyValueSpecification","valueRequired":true,"valueName":"search_term_string"}}],"inLanguage":"pt-PT"}]}},"_links":{"self":[{"href":"https:\/\/onlinelotto365.com\/pt-pt\/wp-json\/wp\/v2\/pages\/80406","targetHints":{"allow":["GET"]}}],"collection":[{"href":"https:\/\/onlinelotto365.com\/pt-pt\/wp-json\/wp\/v2\/pages"}],"about":[{"href":"https:\/\/onlinelotto365.com\/pt-pt\/wp-json\/wp\/v2\/types\/page"}],"author":[{"embeddable":true,"href":"https:\/\/onlinelotto365.com\/pt-pt\/wp-json\/wp\/v2\/users\/1"}],"replies":[{"embeddable":true,"href":"https:\/\/onlinelotto365.com\/pt-pt\/wp-json\/wp\/v2\/comments?post=80406"}],"version-history":[{"count":0,"href":"https:\/\/onlinelotto365.com\/pt-pt\/wp-json\/wp\/v2\/pages\/80406\/revisions"}],"up":[{"embeddable":true,"href":"https:\/\/onlinelotto365.com\/pt-pt\/wp-json\/wp\/v2\/pages\/4636"}],"wp:attachment":[{"href":"https:\/\/onlinelotto365.com\/pt-pt\/wp-json\/wp\/v2\/media?parent=80406"}],"curies":[{"name":"wp","href":"https:\/\/api.w.org\/{rel}","templated":true}]}}