{"id":8052,"date":"2020-12-08T14:56:21","date_gmt":"2020-12-08T13:56:21","guid":{"rendered":"http:\/\/onlinelotto365.net\/?page_id=8052"},"modified":"2021-01-06T14:33:19","modified_gmt":"2021-01-06T13:33:19","slug":"powerball-australia","status":"publish","type":"page","link":"https:\/\/onlinelotto365.com\/pt-pt\/numeros-vencedores\/powerball-australia\/","title":{"rendered":"Powerball Australia &#8211; \u00faltimos e anteriores n\u00fameros vencedores, resultados"},"content":{"rendered":"<p>Com lotarias internacionais, pode tentar verificar os resultados no jornal, mas \u00e9 <strong>pouco prov\u00e1vel que encontre os n\u00fameros vencedores do Powerball Australia no seu jornal local<\/strong>. Pode tamb\u00e9m n\u00e3o o encontrar em nenhum dos seus canais de televis\u00e3o locais. Se o fizer, vai demorar algum tempo e esfor\u00e7o para conseguir o canal certo.<\/p>\n<p>Outra op\u00e7\u00e3o \u00e9 verificar o website da Powerball Australia para ver se oferecem uma op\u00e7\u00e3o de desenho ao vivo. Se o fizerem, talvez possa assistir e desfrutar plenamente de ver os seus n\u00fameros desenhados ao vivo. Mas nem todos os jogos oferecem esta op\u00e7\u00e3o e poder\u00e1 dar por si a perder completamente a experi\u00eancia.<br \/>\nTamb\u00e9m pode olhar no YouTube para ver se h\u00e1 uma <a href=\"https:\/\/onlinelotto365.com\/pt-pt\/news\/loteria-ao-vivo\">grava\u00e7\u00e3o do desenho ao vivo<\/a> para a Powerball Australia. Esta pode ser uma boa maneira de encontrar os resultados depois de o desenho ter sido feito.<br \/>\n<a href=\"https:\/\/redfoxlotto.com\/pt\/powerball-au\/?ref=a8564250a2&amp;medium=ol365\" target=\"_blank\" rel=\"noopener noreferrer\"><img decoding=\"async\" class=\"aligncenter\" src=\"https:\/\/redfoxlotto.com\/image?size=8&amp;lottery=powerball-au\" alt=\"Powerball Australia\" \/><\/a><\/p>\n<p>A melhor maneira de encontrar os resultados da Powerball Australia \u00e9, no entanto, verificar o nosso website. Poder\u00e1 encontrar os resultados para este e qualquer outro jogo que temos dispon\u00edvel, para que n\u00e3o tenha de se preocupar em n\u00e3o perder nada.<\/p>\n<h2>Como saber se o seu bilhete online ganhou<\/h2>\n<p>E se j\u00e1 tiver comprado os seus pr\u00f3prios bilhetes para a Powerball Australia? Bem, ent\u00e3o \u00e9 ainda mais f\u00e1cil para si verificar os n\u00fameros vencedores. Em vez de verificar a p\u00e1gina regular de resultados da lotaria, pode verificar a p\u00e1gina de bilhetes na sua conta. Isto ir\u00e1 permitir-lhe ver os n\u00fameros vencedores em compara\u00e7\u00e3o com os seus, o que ser\u00e1 ainda melhor para as suas necessidades.<\/p>\n<p>Pode procurar quaisquer n\u00fameros no seu bilhete que estejam destacados, o que significa que correspondem aos n\u00fameros vencedores. Depois, pode ver o quanto ganhou. E se for inferior a 2500 euros, ser\u00e1 creditado na sua conta, sem mais nem menos.<\/p>\n<h2>Arquivo de resultados do Powerball Australia<\/h2>\n<p>No nosso website, facilitamos-lhe a verifica\u00e7\u00e3o n\u00e3o s\u00f3 dos <a href=\"https:\/\/onlinelotto365.com\/pt-pt\/numeros-vencedores\">n\u00fameros actuais da lotaria<\/a> Powerball Australia e muito mais, mas tamb\u00e9m dos n\u00fameros antigos. Uma das formas mais populares de as pessoas escolherem os seus n\u00fameros \u00e9 atrav\u00e9s da consulta de alguns dos n\u00fameros mais antigos, por isso certificamo-nos de que pode encontrar esses n\u00fameros em qualquer p\u00e1gina onde oferecemos os n\u00fameros vencedores actuais.<\/p>\n<h2>O meu bilhete j\u00e1 ganhou, o que acontece a seguir?<\/h2>\n<p>Se o seu bilhete for um vencedor, basta sentar-se e deixar-nos ajud\u00e1-lo a obter o dinheiro a que tem direito. Se ganhou menos de 2500 euros, credit\u00e1-lo-emos na sua conta de jogador assim que os resultados forem verificados. Ent\u00e3o poder\u00e1 levantar o dinheiro desde que haja 10 euros na sua conta.<\/p>\n","protected":false},"excerpt":{"rendered":"<p>Com lotarias internacionais, pode tentar verificar os resultados no jornal, mas \u00e9 pouco prov\u00e1vel que encontre os n\u00fameros vencedores do Powerball Australia no seu jornal local. Pode tamb\u00e9m n\u00e3o o encontrar em nenhum dos seus canais de televis\u00e3o locais. Se o fizer, vai demorar algum tempo e esfor\u00e7o para conseguir o canal certo. Outra op\u00e7\u00e3o [&hellip;]<\/p>\n","protected":false},"author":1,"featured_media":0,"parent":4965,"menu_order":13,"comment_status":"closed","ping_status":"closed","template":"powerball-au-results.php","meta":{"_et_pb_use_builder":"","_et_pb_old_content":"","_et_gb_content_width":"","exclude_from_search":false,"footnotes":""},"class_list":["post-8052","page","type-page","status-publish","hentry"],"yoast_head":"<!-- This site is optimized with the Yoast SEO plugin v23.4 - https:\/\/yoast.com\/wordpress\/plugins\/seo\/ -->\n<title>\u00daltimos e passados resultados do sorteio e n\u00fameros vencedores para a Powerball Australia<\/title>\n<meta name=\"description\" content=\"Publicamos os n\u00fameros vencedores da Powerball Australia logo ap\u00f3s o sorteio\" \/>\n<meta name=\"robots\" content=\"index, follow, max-snippet:-1, max-image-preview:large, max-video-preview:-1\" \/>\n<link rel=\"canonical\" href=\"https:\/\/onlinelotto365.com\/pt-pt\/numeros-vencedores\/powerball-australia\/\" \/>\n<meta property=\"og:locale\" content=\"pt_PT\" \/>\n<meta property=\"og:type\" content=\"article\" \/>\n<meta property=\"og:title\" content=\"\u00daltimos e passados resultados do sorteio e n\u00fameros vencedores para a Powerball Australia\" \/>\n<meta property=\"og:description\" content=\"Publicamos os n\u00fameros vencedores da Powerball Australia logo ap\u00f3s o sorteio\" \/>\n<meta property=\"og:url\" content=\"https:\/\/onlinelotto365.com\/pt-pt\/numeros-vencedores\/powerball-australia\/\" \/>\n<meta property=\"og:site_name\" content=\"OnlineLotto365\" \/>\n<meta property=\"article:modified_time\" content=\"2021-01-06T13:33:19+00:00\" \/>\n<meta property=\"og:image\" content=\"https:\/\/redfoxlotto.com\/image?size=8&amp;lottery=powerball-au\" \/>\n<meta name=\"twitter:card\" content=\"summary_large_image\" \/>\n<meta name=\"twitter:label1\" content=\"Tempo estimado de leitura\" \/>\n\t<meta name=\"twitter:data1\" content=\"2 minutos\" \/>\n<script type=\"application\/ld+json\" class=\"yoast-schema-graph\">{\"@context\":\"https:\/\/schema.org\",\"@graph\":[{\"@type\":\"WebPage\",\"@id\":\"https:\/\/onlinelotto365.com\/pt-pt\/numeros-vencedores\/powerball-australia\/\",\"url\":\"https:\/\/onlinelotto365.com\/pt-pt\/numeros-vencedores\/powerball-australia\/\",\"name\":\"\u00daltimos e passados resultados do sorteio e n\u00fameros vencedores para a Powerball Australia\",\"isPartOf\":{\"@id\":\"https:\/\/onlinelotto365.com\/pt-pt\/#website\"},\"primaryImageOfPage\":{\"@id\":\"https:\/\/onlinelotto365.com\/pt-pt\/numeros-vencedores\/powerball-australia\/#primaryimage\"},\"image\":{\"@id\":\"https:\/\/onlinelotto365.com\/pt-pt\/numeros-vencedores\/powerball-australia\/#primaryimage\"},\"thumbnailUrl\":\"https:\/\/redfoxlotto.com\/image?size=8&amp;lottery=powerball-au\",\"datePublished\":\"2020-12-08T13:56:21+00:00\",\"dateModified\":\"2021-01-06T13:33:19+00:00\",\"description\":\"Publicamos os n\u00fameros vencedores da Powerball Australia logo ap\u00f3s o sorteio\",\"breadcrumb\":{\"@id\":\"https:\/\/onlinelotto365.com\/pt-pt\/numeros-vencedores\/powerball-australia\/#breadcrumb\"},\"inLanguage\":\"pt-PT\",\"potentialAction\":[{\"@type\":\"ReadAction\",\"target\":[\"https:\/\/onlinelotto365.com\/pt-pt\/numeros-vencedores\/powerball-australia\/\"]}]},{\"@type\":\"ImageObject\",\"inLanguage\":\"pt-PT\",\"@id\":\"https:\/\/onlinelotto365.com\/pt-pt\/numeros-vencedores\/powerball-australia\/#primaryimage\",\"url\":\"https:\/\/redfoxlotto.com\/image?size=8&amp;lottery=powerball-au\",\"contentUrl\":\"https:\/\/redfoxlotto.com\/image?size=8&amp;lottery=powerball-au\"},{\"@type\":\"BreadcrumbList\",\"@id\":\"https:\/\/onlinelotto365.com\/pt-pt\/numeros-vencedores\/powerball-australia\/#breadcrumb\",\"itemListElement\":[{\"@type\":\"ListItem\",\"position\":1,\"name\":\"Home\",\"item\":\"https:\/\/onlinelotto365.com\/pt-pt\/\"},{\"@type\":\"ListItem\",\"position\":2,\"name\":\"Encontrar n\u00fameros e resultados vencedores para os \u00faltimos sorteios do loto\",\"item\":\"https:\/\/onlinelotto365.com\/pt-pt\/winning-numbers\/\"},{\"@type\":\"ListItem\",\"position\":3,\"name\":\"Powerball Australia &#8211; \u00faltimos e anteriores n\u00fameros vencedores, resultados\"}]},{\"@type\":\"WebSite\",\"@id\":\"https:\/\/onlinelotto365.com\/pt-pt\/#website\",\"url\":\"https:\/\/onlinelotto365.com\/pt-pt\/\",\"name\":\"OnlineLotto365\",\"description\":\"\",\"potentialAction\":[{\"@type\":\"SearchAction\",\"target\":{\"@type\":\"EntryPoint\",\"urlTemplate\":\"https:\/\/onlinelotto365.com\/pt-pt\/?s={search_term_string}\"},\"query-input\":{\"@type\":\"PropertyValueSpecification\",\"valueRequired\":true,\"valueName\":\"search_term_string\"}}],\"inLanguage\":\"pt-PT\"}]}<\/script>\n<!-- \/ Yoast SEO plugin. -->","yoast_head_json":{"title":"\u00daltimos e passados resultados do sorteio e n\u00fameros vencedores para a Powerball Australia","description":"Publicamos os n\u00fameros vencedores da Powerball Australia logo ap\u00f3s o sorteio","robots":{"index":"index","follow":"follow","max-snippet":"max-snippet:-1","max-image-preview":"max-image-preview:large","max-video-preview":"max-video-preview:-1"},"canonical":"https:\/\/onlinelotto365.com\/pt-pt\/numeros-vencedores\/powerball-australia\/","og_locale":"pt_PT","og_type":"article","og_title":"\u00daltimos e passados resultados do sorteio e n\u00fameros vencedores para a Powerball Australia","og_description":"Publicamos os n\u00fameros vencedores da Powerball Australia logo ap\u00f3s o sorteio","og_url":"https:\/\/onlinelotto365.com\/pt-pt\/numeros-vencedores\/powerball-australia\/","og_site_name":"OnlineLotto365","article_modified_time":"2021-01-06T13:33:19+00:00","og_image":[{"url":"https:\/\/redfoxlotto.com\/image?size=8&amp;lottery=powerball-au"}],"twitter_card":"summary_large_image","twitter_misc":{"Tempo estimado de leitura":"2 minutos"},"schema":{"@context":"https:\/\/schema.org","@graph":[{"@type":"WebPage","@id":"https:\/\/onlinelotto365.com\/pt-pt\/numeros-vencedores\/powerball-australia\/","url":"https:\/\/onlinelotto365.com\/pt-pt\/numeros-vencedores\/powerball-australia\/","name":"\u00daltimos e passados resultados do sorteio e n\u00fameros vencedores para a Powerball Australia","isPartOf":{"@id":"https:\/\/onlinelotto365.com\/pt-pt\/#website"},"primaryImageOfPage":{"@id":"https:\/\/onlinelotto365.com\/pt-pt\/numeros-vencedores\/powerball-australia\/#primaryimage"},"image":{"@id":"https:\/\/onlinelotto365.com\/pt-pt\/numeros-vencedores\/powerball-australia\/#primaryimage"},"thumbnailUrl":"https:\/\/redfoxlotto.com\/image?size=8&amp;lottery=powerball-au","datePublished":"2020-12-08T13:56:21+00:00","dateModified":"2021-01-06T13:33:19+00:00","description":"Publicamos os n\u00fameros vencedores da Powerball Australia logo ap\u00f3s o sorteio","breadcrumb":{"@id":"https:\/\/onlinelotto365.com\/pt-pt\/numeros-vencedores\/powerball-australia\/#breadcrumb"},"inLanguage":"pt-PT","potentialAction":[{"@type":"ReadAction","target":["https:\/\/onlinelotto365.com\/pt-pt\/numeros-vencedores\/powerball-australia\/"]}]},{"@type":"ImageObject","inLanguage":"pt-PT","@id":"https:\/\/onlinelotto365.com\/pt-pt\/numeros-vencedores\/powerball-australia\/#primaryimage","url":"https:\/\/redfoxlotto.com\/image?size=8&amp;lottery=powerball-au","contentUrl":"https:\/\/redfoxlotto.com\/image?size=8&amp;lottery=powerball-au"},{"@type":"BreadcrumbList","@id":"https:\/\/onlinelotto365.com\/pt-pt\/numeros-vencedores\/powerball-australia\/#breadcrumb","itemListElement":[{"@type":"ListItem","position":1,"name":"Home","item":"https:\/\/onlinelotto365.com\/pt-pt\/"},{"@type":"ListItem","position":2,"name":"Encontrar n\u00fameros e resultados vencedores para os \u00faltimos sorteios do loto","item":"https:\/\/onlinelotto365.com\/pt-pt\/winning-numbers\/"},{"@type":"ListItem","position":3,"name":"Powerball Australia &#8211; \u00faltimos e anteriores n\u00fameros vencedores, resultados"}]},{"@type":"WebSite","@id":"https:\/\/onlinelotto365.com\/pt-pt\/#website","url":"https:\/\/onlinelotto365.com\/pt-pt\/","name":"OnlineLotto365","description":"","potentialAction":[{"@type":"SearchAction","target":{"@type":"EntryPoint","urlTemplate":"https:\/\/onlinelotto365.com\/pt-pt\/?s={search_term_string}"},"query-input":{"@type":"PropertyValueSpecification","valueRequired":true,"valueName":"search_term_string"}}],"inLanguage":"pt-PT"}]}},"_links":{"self":[{"href":"https:\/\/onlinelotto365.com\/pt-pt\/wp-json\/wp\/v2\/pages\/8052","targetHints":{"allow":["GET"]}}],"collection":[{"href":"https:\/\/onlinelotto365.com\/pt-pt\/wp-json\/wp\/v2\/pages"}],"about":[{"href":"https:\/\/onlinelotto365.com\/pt-pt\/wp-json\/wp\/v2\/types\/page"}],"author":[{"embeddable":true,"href":"https:\/\/onlinelotto365.com\/pt-pt\/wp-json\/wp\/v2\/users\/1"}],"replies":[{"embeddable":true,"href":"https:\/\/onlinelotto365.com\/pt-pt\/wp-json\/wp\/v2\/comments?post=8052"}],"version-history":[{"count":0,"href":"https:\/\/onlinelotto365.com\/pt-pt\/wp-json\/wp\/v2\/pages\/8052\/revisions"}],"up":[{"embeddable":true,"href":"https:\/\/onlinelotto365.com\/pt-pt\/wp-json\/wp\/v2\/pages\/4965"}],"wp:attachment":[{"href":"https:\/\/onlinelotto365.com\/pt-pt\/wp-json\/wp\/v2\/media?parent=8052"}],"curies":[{"name":"wp","href":"https:\/\/api.w.org\/{rel}","templated":true}]}}