{"id":8084,"date":"2020-12-08T14:58:53","date_gmt":"2020-12-08T13:58:53","guid":{"rendered":"http:\/\/onlinelotto365.net\/?page_id=8084"},"modified":"2021-01-10T11:07:03","modified_gmt":"2021-01-10T10:07:03","slug":"oz-lotto","status":"publish","type":"page","link":"https:\/\/onlinelotto365.com\/pt-pt\/numeros-vencedores\/oz-lotto\/","title":{"rendered":"N\u00fameros vencedores da Oz Lotto"},"content":{"rendered":"<p>H\u00e1 muitas op\u00e7\u00f5es de lotaria internacional dispon\u00edveis no nosso website e quando estiver a jogar estes jogos pretende certificar-se de que consegue verificar os n\u00fameros vencedores. Uma forma \u00e9 atrav\u00e9s de um jornal, mas <strong>encontrar os resultados do Oz Lotto no jornal pode ser dif\u00edcil<\/strong>. Outra op\u00e7\u00e3o \u00e9 na televis\u00e3o, mas encontrar o canal certo para ver o desenho ou ver os resultados tamb\u00e9m pode ser uma situa\u00e7\u00e3o dif\u00edcil para a maioria das pessoas.<\/p>\n<p>A seguir, pode consultar o site oficial da Oz Lotto e ver se pode obter os resultados l\u00e1. Alguns jogos v\u00e3o permitir-lhe assistir ao desenho em directo no seu s\u00edtio web. Mas tenha em mente que isto n\u00e3o \u00e9 poss\u00edvel com todos os jogos de loto e poder\u00e1 ver-se sem essa oportunidade.<\/p>\n<p>Ap\u00f3s a realiza\u00e7\u00e3o do desenho pode por vezes fazer uma pesquisa no YouTube para obter os <strong>resultados do \u00faltimo desenho da Oz Lotto<\/strong>. Estes tamb\u00e9m nem sempre est\u00e3o dispon\u00edveis, mas por vezes algu\u00e9m ir\u00e1 publicar um v\u00eddeo do desenho ou n\u00fameros ao vivo.<br \/>\n<a href=\"https:\/\/redfoxlotto.com\/pt\/oz-lotto\/?ref=a8564250a2&amp;medium=ol365\" target=\"_blank\" rel=\"noopener noreferrer\"><img decoding=\"async\" class=\"aligncenter\" src=\"https:\/\/redfoxlotto.com\/image?size=8&amp;lottery=oz-lotto\" alt=\"Oz Lotto\" \/><\/a><\/p>\n<p>A melhor coisa que pode fazer, contudo, se quiser obter os \u00faltimos n\u00fameros vencedores, \u00e9 consultar o nosso website e a nossa p\u00e1gina de resultados da lotaria. \u00c9 a\u00ed que colocamos os resultados de <a href=\"https:\/\/onlinelotto365.com\/pt-pt\/comprar-bilhetes\">cada jogo de lotaria que pode comprar no nosso website<\/a>, para saber onde procurar.<\/p>\n<h2>Como saber se o seu bilhete de lotaria on-line ganhou<img loading=\"lazy\" decoding=\"async\" class=\"alignright wp-image-3624\" src=\"https:\/\/onlinelotto365.com\/wp-content\/uploads\/2020\/11\/online_lottery-74-200x300.jpg\" alt=\"oz lotto winning numbers\" width=\"123\" height=\"185\" srcset=\"https:\/\/onlinelotto365.com\/wp-content\/uploads\/2020\/11\/online_lottery-74-200x300.jpg 200w, https:\/\/onlinelotto365.com\/wp-content\/uploads\/2020\/11\/online_lottery-74.jpg 320w\" sizes=\"auto, (max-width: 123px) 100vw, 123px\" \/><\/h2>\n<p>Para aqueles que compraram bilhetes para qualquer um dos jogos que lhe oferecemos, pode entrar na sua conta e ir para a p\u00e1gina onde os seus bilhetes s\u00e3o guardados. Esta p\u00e1gina dar-lhe-\u00e1 toda a informa\u00e7\u00e3o de que necessita. Poder\u00e1 ver os seus bilhetes de lotaria, assim como os n\u00fameros vencedores.<br \/>\nSe tiver a sorte de corresponder a quaisquer n\u00fameros, ver\u00e1 tamb\u00e9m os n\u00fameros que corresponderem destacados no seu ecr\u00e3. E poder\u00e1 verificar a quantidade de n\u00fameros correspondentes e o pr\u00e9mio que ganhou. Se for inferior a 2500 euros, pode olhar para a sua conta e encontr\u00e1-la na sua conta de jogador assim que os resultados forem verificados.<\/p>\n<h2>Arquivo de resultados da Oz Lotto<\/h2>\n<p>Para aqueles que querem olhar para n\u00fameros mais antigos do Oz Lotto ou <a href=\"https:\/\/onlinelotto365.com\/pt-pt\">outros jogos de lotaria<\/a>, podem facilmente encontrar os arquivos ligados a qualquer p\u00e1gina onde os n\u00fameros actuais s\u00e3o mostrados. Isto torna mais f\u00e1cil para si encontrar os n\u00fameros que procura para o ajudar com as futuras selec\u00e7\u00f5es.<\/p>\n<h2>O meu bilhete j\u00e1 ganhou, o que acontece a seguir?<\/h2>\n<p>J\u00e1 fal\u00e1mos sobre como pode ganhar se o seu bilhete corresponder aos n\u00fameros vencedores, mas vamos tamb\u00e9m dar uma vista de olhos um pouco mais atenta. Se tiver um bilhete de valor inferior a 2500 euros, encontrar\u00e1 o dinheiro automaticamente adicionado \u00e0 sua conta assim que os n\u00fameros vencedores tiverem sido verificados.<\/p>\n<p>Ent\u00e3o, se tiver pelo menos 10 euros na sua conta, pode levantar esse dinheiro utilizando qualquer m\u00e9todo de pagamento que j\u00e1 tenha utilizado na sua conta. Basta preencher alguns formul\u00e1rios para verificar a sua identidade e o seu dinheiro estar\u00e1 na sua conta num piscar de olhos. Ou pode deix\u00e1-lo onde est\u00e1 e utiliz\u00e1-lo para comprar ainda mais bilhetes mais tarde.<\/p>\n","protected":false},"excerpt":{"rendered":"<p>H\u00e1 muitas op\u00e7\u00f5es de lotaria internacional dispon\u00edveis no nosso website e quando estiver a jogar estes jogos pretende certificar-se de que consegue verificar os n\u00fameros vencedores. Uma forma \u00e9 atrav\u00e9s de um jornal, mas encontrar os resultados do Oz Lotto no jornal pode ser dif\u00edcil. Outra op\u00e7\u00e3o \u00e9 na televis\u00e3o, mas encontrar o canal certo [&hellip;]<\/p>\n","protected":false},"author":1,"featured_media":0,"parent":4965,"menu_order":14,"comment_status":"closed","ping_status":"closed","template":"template-rightsidebar.php","meta":{"_et_pb_use_builder":"","_et_pb_old_content":"","_et_gb_content_width":"","exclude_from_search":false,"footnotes":""},"class_list":["post-8084","page","type-page","status-publish","hentry"],"yoast_head":"<!-- This site is optimized with the Yoast SEO plugin v23.4 - https:\/\/yoast.com\/wordpress\/plugins\/seo\/ -->\n<title>Resultados e pr\u00e9mios do sorteio do Oz Lotto<\/title>\n<meta name=\"description\" content=\"\u00c0 procura dos resultados do sorteio da Oz Lotto? Aqui est\u00e3o os n\u00fameros vencedores\" \/>\n<meta name=\"robots\" content=\"index, follow, max-snippet:-1, max-image-preview:large, max-video-preview:-1\" \/>\n<link rel=\"canonical\" href=\"https:\/\/onlinelotto365.com\/pt-pt\/numeros-vencedores\/oz-lotto\/\" \/>\n<meta property=\"og:locale\" content=\"pt_PT\" \/>\n<meta property=\"og:type\" content=\"article\" \/>\n<meta property=\"og:title\" content=\"Resultados e pr\u00e9mios do sorteio do Oz Lotto\" \/>\n<meta property=\"og:description\" content=\"\u00c0 procura dos resultados do sorteio da Oz Lotto? Aqui est\u00e3o os n\u00fameros vencedores\" \/>\n<meta property=\"og:url\" content=\"https:\/\/onlinelotto365.com\/pt-pt\/numeros-vencedores\/oz-lotto\/\" \/>\n<meta property=\"og:site_name\" content=\"OnlineLotto365\" \/>\n<meta property=\"article:modified_time\" content=\"2021-01-10T10:07:03+00:00\" \/>\n<meta property=\"og:image\" content=\"https:\/\/redfoxlotto.com\/image?size=8&amp;lottery=oz-lotto\" \/>\n<meta name=\"twitter:card\" content=\"summary_large_image\" \/>\n<meta name=\"twitter:label1\" content=\"Tempo estimado de leitura\" \/>\n\t<meta name=\"twitter:data1\" content=\"3 minutos\" \/>\n<script type=\"application\/ld+json\" class=\"yoast-schema-graph\">{\"@context\":\"https:\/\/schema.org\",\"@graph\":[{\"@type\":\"WebPage\",\"@id\":\"https:\/\/onlinelotto365.com\/pt-pt\/numeros-vencedores\/oz-lotto\/\",\"url\":\"https:\/\/onlinelotto365.com\/pt-pt\/numeros-vencedores\/oz-lotto\/\",\"name\":\"Resultados e pr\u00e9mios do sorteio do Oz Lotto\",\"isPartOf\":{\"@id\":\"https:\/\/onlinelotto365.com\/pt-pt\/#website\"},\"primaryImageOfPage\":{\"@id\":\"https:\/\/onlinelotto365.com\/pt-pt\/numeros-vencedores\/oz-lotto\/#primaryimage\"},\"image\":{\"@id\":\"https:\/\/onlinelotto365.com\/pt-pt\/numeros-vencedores\/oz-lotto\/#primaryimage\"},\"thumbnailUrl\":\"https:\/\/redfoxlotto.com\/image?size=8&amp;lottery=oz-lotto\",\"datePublished\":\"2020-12-08T13:58:53+00:00\",\"dateModified\":\"2021-01-10T10:07:03+00:00\",\"description\":\"\u00c0 procura dos resultados do sorteio da Oz Lotto? Aqui est\u00e3o os n\u00fameros vencedores\",\"breadcrumb\":{\"@id\":\"https:\/\/onlinelotto365.com\/pt-pt\/numeros-vencedores\/oz-lotto\/#breadcrumb\"},\"inLanguage\":\"pt-PT\",\"potentialAction\":[{\"@type\":\"ReadAction\",\"target\":[\"https:\/\/onlinelotto365.com\/pt-pt\/numeros-vencedores\/oz-lotto\/\"]}]},{\"@type\":\"ImageObject\",\"inLanguage\":\"pt-PT\",\"@id\":\"https:\/\/onlinelotto365.com\/pt-pt\/numeros-vencedores\/oz-lotto\/#primaryimage\",\"url\":\"https:\/\/redfoxlotto.com\/image?size=8&amp;lottery=oz-lotto\",\"contentUrl\":\"https:\/\/redfoxlotto.com\/image?size=8&amp;lottery=oz-lotto\"},{\"@type\":\"BreadcrumbList\",\"@id\":\"https:\/\/onlinelotto365.com\/pt-pt\/numeros-vencedores\/oz-lotto\/#breadcrumb\",\"itemListElement\":[{\"@type\":\"ListItem\",\"position\":1,\"name\":\"Home\",\"item\":\"https:\/\/onlinelotto365.com\/pt-pt\/\"},{\"@type\":\"ListItem\",\"position\":2,\"name\":\"Encontrar n\u00fameros e resultados vencedores para os \u00faltimos sorteios do loto\",\"item\":\"https:\/\/onlinelotto365.com\/pt-pt\/winning-numbers\/\"},{\"@type\":\"ListItem\",\"position\":3,\"name\":\"N\u00fameros vencedores da Oz Lotto\"}]},{\"@type\":\"WebSite\",\"@id\":\"https:\/\/onlinelotto365.com\/pt-pt\/#website\",\"url\":\"https:\/\/onlinelotto365.com\/pt-pt\/\",\"name\":\"OnlineLotto365\",\"description\":\"\",\"potentialAction\":[{\"@type\":\"SearchAction\",\"target\":{\"@type\":\"EntryPoint\",\"urlTemplate\":\"https:\/\/onlinelotto365.com\/pt-pt\/?s={search_term_string}\"},\"query-input\":{\"@type\":\"PropertyValueSpecification\",\"valueRequired\":true,\"valueName\":\"search_term_string\"}}],\"inLanguage\":\"pt-PT\"}]}<\/script>\n<!-- \/ Yoast SEO plugin. -->","yoast_head_json":{"title":"Resultados e pr\u00e9mios do sorteio do Oz Lotto","description":"\u00c0 procura dos resultados do sorteio da Oz Lotto? Aqui est\u00e3o os n\u00fameros vencedores","robots":{"index":"index","follow":"follow","max-snippet":"max-snippet:-1","max-image-preview":"max-image-preview:large","max-video-preview":"max-video-preview:-1"},"canonical":"https:\/\/onlinelotto365.com\/pt-pt\/numeros-vencedores\/oz-lotto\/","og_locale":"pt_PT","og_type":"article","og_title":"Resultados e pr\u00e9mios do sorteio do Oz Lotto","og_description":"\u00c0 procura dos resultados do sorteio da Oz Lotto? Aqui est\u00e3o os n\u00fameros vencedores","og_url":"https:\/\/onlinelotto365.com\/pt-pt\/numeros-vencedores\/oz-lotto\/","og_site_name":"OnlineLotto365","article_modified_time":"2021-01-10T10:07:03+00:00","og_image":[{"url":"https:\/\/redfoxlotto.com\/image?size=8&amp;lottery=oz-lotto"}],"twitter_card":"summary_large_image","twitter_misc":{"Tempo estimado de leitura":"3 minutos"},"schema":{"@context":"https:\/\/schema.org","@graph":[{"@type":"WebPage","@id":"https:\/\/onlinelotto365.com\/pt-pt\/numeros-vencedores\/oz-lotto\/","url":"https:\/\/onlinelotto365.com\/pt-pt\/numeros-vencedores\/oz-lotto\/","name":"Resultados e pr\u00e9mios do sorteio do Oz Lotto","isPartOf":{"@id":"https:\/\/onlinelotto365.com\/pt-pt\/#website"},"primaryImageOfPage":{"@id":"https:\/\/onlinelotto365.com\/pt-pt\/numeros-vencedores\/oz-lotto\/#primaryimage"},"image":{"@id":"https:\/\/onlinelotto365.com\/pt-pt\/numeros-vencedores\/oz-lotto\/#primaryimage"},"thumbnailUrl":"https:\/\/redfoxlotto.com\/image?size=8&amp;lottery=oz-lotto","datePublished":"2020-12-08T13:58:53+00:00","dateModified":"2021-01-10T10:07:03+00:00","description":"\u00c0 procura dos resultados do sorteio da Oz Lotto? Aqui est\u00e3o os n\u00fameros vencedores","breadcrumb":{"@id":"https:\/\/onlinelotto365.com\/pt-pt\/numeros-vencedores\/oz-lotto\/#breadcrumb"},"inLanguage":"pt-PT","potentialAction":[{"@type":"ReadAction","target":["https:\/\/onlinelotto365.com\/pt-pt\/numeros-vencedores\/oz-lotto\/"]}]},{"@type":"ImageObject","inLanguage":"pt-PT","@id":"https:\/\/onlinelotto365.com\/pt-pt\/numeros-vencedores\/oz-lotto\/#primaryimage","url":"https:\/\/redfoxlotto.com\/image?size=8&amp;lottery=oz-lotto","contentUrl":"https:\/\/redfoxlotto.com\/image?size=8&amp;lottery=oz-lotto"},{"@type":"BreadcrumbList","@id":"https:\/\/onlinelotto365.com\/pt-pt\/numeros-vencedores\/oz-lotto\/#breadcrumb","itemListElement":[{"@type":"ListItem","position":1,"name":"Home","item":"https:\/\/onlinelotto365.com\/pt-pt\/"},{"@type":"ListItem","position":2,"name":"Encontrar n\u00fameros e resultados vencedores para os \u00faltimos sorteios do loto","item":"https:\/\/onlinelotto365.com\/pt-pt\/winning-numbers\/"},{"@type":"ListItem","position":3,"name":"N\u00fameros vencedores da Oz Lotto"}]},{"@type":"WebSite","@id":"https:\/\/onlinelotto365.com\/pt-pt\/#website","url":"https:\/\/onlinelotto365.com\/pt-pt\/","name":"OnlineLotto365","description":"","potentialAction":[{"@type":"SearchAction","target":{"@type":"EntryPoint","urlTemplate":"https:\/\/onlinelotto365.com\/pt-pt\/?s={search_term_string}"},"query-input":{"@type":"PropertyValueSpecification","valueRequired":true,"valueName":"search_term_string"}}],"inLanguage":"pt-PT"}]}},"_links":{"self":[{"href":"https:\/\/onlinelotto365.com\/pt-pt\/wp-json\/wp\/v2\/pages\/8084","targetHints":{"allow":["GET"]}}],"collection":[{"href":"https:\/\/onlinelotto365.com\/pt-pt\/wp-json\/wp\/v2\/pages"}],"about":[{"href":"https:\/\/onlinelotto365.com\/pt-pt\/wp-json\/wp\/v2\/types\/page"}],"author":[{"embeddable":true,"href":"https:\/\/onlinelotto365.com\/pt-pt\/wp-json\/wp\/v2\/users\/1"}],"replies":[{"embeddable":true,"href":"https:\/\/onlinelotto365.com\/pt-pt\/wp-json\/wp\/v2\/comments?post=8084"}],"version-history":[{"count":0,"href":"https:\/\/onlinelotto365.com\/pt-pt\/wp-json\/wp\/v2\/pages\/8084\/revisions"}],"up":[{"embeddable":true,"href":"https:\/\/onlinelotto365.com\/pt-pt\/wp-json\/wp\/v2\/pages\/4965"}],"wp:attachment":[{"href":"https:\/\/onlinelotto365.com\/pt-pt\/wp-json\/wp\/v2\/media?parent=8084"}],"curies":[{"name":"wp","href":"https:\/\/api.w.org\/{rel}","templated":true}]}}