{"id":8115,"date":"2020-12-08T15:01:46","date_gmt":"2020-12-08T14:01:46","guid":{"rendered":"http:\/\/onlinelotto365.net\/?page_id=8115"},"modified":"2021-01-10T11:07:04","modified_gmt":"2021-01-10T10:07:04","slug":"saturday-lotto-australia","status":"publish","type":"page","link":"https:\/\/onlinelotto365.com\/pt-pt\/numeros-vencedores\/saturday-lotto-australia\/","title":{"rendered":"Verificar n\u00fameros e montantes vencedores para o Saturday Lotto Australia"},"content":{"rendered":"<p>H\u00e1 muitos <a href=\"https:\/\/onlinelotto365.com\/pt-pt\">jogos internacionais diferentes dispon\u00edveis no nosso s\u00edtio web<\/a> e sabemos que quer poder <strong>obter os n\u00fameros vencedores o mais rapidamente<\/strong> poss\u00edvel. O jornal n\u00e3o \u00e9 geralmente um <strong>bom local para encontrar n\u00fameros vencedores para o Saturday Lotto Australia<\/strong>. Tamb\u00e9m n\u00e3o \u00e9 muito bom olhar para os canais de televis\u00e3o e esperar encontrar o correcto para este jogo. Ent\u00e3o, onde vai para obter os seus resultados?<\/p>\n<p>O website da lotaria \u00e9 um local a procurar. Alguns jogos de lotaria oferecem transmiss\u00f5es ao vivo dos seus desenhos, mas a Lotaria de S\u00e1bado da Austr\u00e1lia pode n\u00e3o ser um deles. \u00c9 preciso verificar o website para ter a certeza e depois certificar-se de que est\u00e1 a assistir na altura certa se oferecerem o sorteio ao vivo.<br \/>\nFinalmente, se o desenho j\u00e1 tiver sido completado, talvez possa <strong>fazer uma pesquisa no YouTube<\/strong> para encontrar os resultados que algu\u00e9m j\u00e1 tenha publicado. Podem ter um v\u00eddeo do desenho ao vivo para passar.<br \/>\n<a href=\"https:\/\/redfoxlotto.com\/pt\/saturday-lotto-au\/?ref=a8564250a2&amp;medium=ol365\" target=\"_blank\" rel=\"noopener noreferrer\"><img decoding=\"async\" class=\"aligncenter\" src=\"https:\/\/redfoxlotto.com\/image?size=8&amp;lottery=saturday-lotto-au\" alt=\"Saturday Lotto Australia\" \/><\/a><\/p>\n<p>A forma mais f\u00e1cil de obter os resultados que procura, no entanto, \u00e9 voltar directamente ao nosso website. \u00c9 a\u00ed que vai encontrar todos os n\u00fameros para o Saturday Lotto Australia, bem como quaisquer outros jogos que queira jogar. Os <a href=\"https:\/\/onlinelotto365.com\/pt-pt\/numeros-vencedores\">n\u00fameros est\u00e3o dispon\u00edveis na nossa p\u00e1gina de resultados da lotaria<\/a> e s\u00e3o f\u00e1ceis de encontrar.<\/p>\n<h2>Como saber se o seu bilhete online ganhou<\/h2>\n<p><img loading=\"lazy\" decoding=\"async\" class=\"alignright wp-image-3649\" src=\"https:\/\/onlinelotto365.com\/wp-content\/uploads\/2020\/11\/online_lottery-90-300x225.jpg\" alt=\"winning numbers saturday lotto australia\" width=\"207\" height=\"155\" srcset=\"https:\/\/onlinelotto365.com\/wp-content\/uploads\/2020\/11\/online_lottery-90-300x225.jpg 300w, https:\/\/onlinelotto365.com\/wp-content\/uploads\/2020\/11\/online_lottery-90.jpg 320w\" sizes=\"auto, (max-width: 207px) 100vw, 207px\" \/> Qualquer pessoa que j\u00e1 tenha <a href=\"https:\/\/onlinelotto365.com\/pt-pt\/comprar-bilhetes\">comprado bilhetes<\/a> para o Saturday Lotto Australia no nosso website ter\u00e1 um tempo ainda mais f\u00e1cil porque pode simplesmente entrar na sua conta. Inicie sess\u00e3o e consulte a p\u00e1gina onde os seus bilhetes est\u00e3o armazenados. Encontrar\u00e1 n\u00e3o s\u00f3 os n\u00fameros dos seus bilhetes, mas tamb\u00e9m os n\u00fameros vencedores de qualquer jogo que tenha jogado.<\/p>\n<p>A partir da\u00ed, pode procurar f\u00f3sforos, que marcaremos para si em cores diferentes. Dessa forma, poder\u00e1 ver quanto ganhou e ver onde est\u00e1 o dinheiro na sua conta. Se for menos de 2500 euros, j\u00e1 o colocamos na conta para si, para que n\u00e3o tenha de fazer nada.<\/p>\n<h2>Arquivo de resultados do Saturday Lotto Australia<\/h2>\n<p>Para aqueles que querem procurar n\u00fameros mais antigos para o Saturday Lotto Australia, n\u00e3o t\u00eam de se preocupar com nada. Certificamo-nos de que os arquivos s\u00e3o f\u00e1ceis de encontrar, anexando-os a qualquer p\u00e1gina onde mostramos os resultados actuais da lotaria. Assim, pode verificar os n\u00fameros que quiser, mesmo de h\u00e1 muito tempo atr\u00e1s.<\/p>\n<h2>O meu bilhete j\u00e1 ganhou, o que acontece a seguir?<\/h2>\n<p>J\u00e1 fal\u00e1mos sobre os ganhos que poder\u00e1 obter dos seus bilhetes de lotaria. Se esses pr\u00e9mios forem inferiores a 2500 euros, n\u00e3o ter\u00e1 de fazer nada para os reclamar. Colocaremos o dinheiro na sua conta de jogador por si de imediato. Se os pr\u00e9mios forem superiores a 2500 euros, ajud\u00e1-lo-emos no processo de reclama\u00e7\u00e3o dos mesmos.<\/p>\n<p>Tenha tamb\u00e9m em mente que pode levantar qualquer dinheiro na sua conta desde que haja pelo menos 10 euros. Tudo o que precisa de fazer \u00e9 escolher um m\u00e9todo de pagamento que j\u00e1 tenha utilizado na conta antes e preencher alguns formul\u00e1rios de verifica\u00e7\u00e3o para o nosso processador de pagamento.<\/p>\n","protected":false},"excerpt":{"rendered":"<p>H\u00e1 muitos jogos internacionais diferentes dispon\u00edveis no nosso s\u00edtio web e sabemos que quer poder obter os n\u00fameros vencedores o mais rapidamente poss\u00edvel. O jornal n\u00e3o \u00e9 geralmente um bom local para encontrar n\u00fameros vencedores para o Saturday Lotto Australia. Tamb\u00e9m n\u00e3o \u00e9 muito bom olhar para os canais de televis\u00e3o e esperar encontrar o [&hellip;]<\/p>\n","protected":false},"author":1,"featured_media":0,"parent":4965,"menu_order":15,"comment_status":"closed","ping_status":"closed","template":"saturday-lotto-results.php","meta":{"_et_pb_use_builder":"","_et_pb_old_content":"","_et_gb_content_width":"","exclude_from_search":false,"footnotes":""},"class_list":["post-8115","page","type-page","status-publish","hentry"],"yoast_head":"<!-- This site is optimized with the Yoast SEO plugin v23.4 - https:\/\/yoast.com\/wordpress\/plugins\/seo\/ -->\n<title>Verificar n\u00fameros e montantes vencedores para o Saturday Lotto Australia<\/title>\n<meta name=\"description\" content=\"Resultados do sorteio, n\u00fameros vencedores da lotaria de s\u00e1bado na Austr\u00e1lia, mais o arquivo de resultados\" \/>\n<meta name=\"robots\" content=\"index, follow, max-snippet:-1, max-image-preview:large, max-video-preview:-1\" \/>\n<link rel=\"canonical\" href=\"https:\/\/onlinelotto365.com\/pt-pt\/numeros-vencedores\/saturday-lotto-australia\/\" \/>\n<meta property=\"og:locale\" content=\"pt_PT\" \/>\n<meta property=\"og:type\" content=\"article\" \/>\n<meta property=\"og:title\" content=\"Verificar n\u00fameros e montantes vencedores para o Saturday Lotto Australia\" \/>\n<meta property=\"og:description\" content=\"Resultados do sorteio, n\u00fameros vencedores da lotaria de s\u00e1bado na Austr\u00e1lia, mais o arquivo de resultados\" \/>\n<meta property=\"og:url\" content=\"https:\/\/onlinelotto365.com\/pt-pt\/numeros-vencedores\/saturday-lotto-australia\/\" \/>\n<meta property=\"og:site_name\" content=\"OnlineLotto365\" \/>\n<meta property=\"article:modified_time\" content=\"2021-01-10T10:07:04+00:00\" \/>\n<meta property=\"og:image\" content=\"https:\/\/redfoxlotto.com\/image?size=8&amp;lottery=saturday-lotto-au\" \/>\n<meta name=\"twitter:card\" content=\"summary_large_image\" \/>\n<meta name=\"twitter:label1\" content=\"Tempo estimado de leitura\" \/>\n\t<meta name=\"twitter:data1\" content=\"3 minutos\" \/>\n<script type=\"application\/ld+json\" class=\"yoast-schema-graph\">{\"@context\":\"https:\/\/schema.org\",\"@graph\":[{\"@type\":\"WebPage\",\"@id\":\"https:\/\/onlinelotto365.com\/pt-pt\/numeros-vencedores\/saturday-lotto-australia\/\",\"url\":\"https:\/\/onlinelotto365.com\/pt-pt\/numeros-vencedores\/saturday-lotto-australia\/\",\"name\":\"Verificar n\u00fameros e montantes vencedores para o Saturday Lotto Australia\",\"isPartOf\":{\"@id\":\"https:\/\/onlinelotto365.com\/pt-pt\/#website\"},\"primaryImageOfPage\":{\"@id\":\"https:\/\/onlinelotto365.com\/pt-pt\/numeros-vencedores\/saturday-lotto-australia\/#primaryimage\"},\"image\":{\"@id\":\"https:\/\/onlinelotto365.com\/pt-pt\/numeros-vencedores\/saturday-lotto-australia\/#primaryimage\"},\"thumbnailUrl\":\"https:\/\/redfoxlotto.com\/image?size=8&amp;lottery=saturday-lotto-au\",\"datePublished\":\"2020-12-08T14:01:46+00:00\",\"dateModified\":\"2021-01-10T10:07:04+00:00\",\"description\":\"Resultados do sorteio, n\u00fameros vencedores da lotaria de s\u00e1bado na Austr\u00e1lia, mais o arquivo de resultados\",\"breadcrumb\":{\"@id\":\"https:\/\/onlinelotto365.com\/pt-pt\/numeros-vencedores\/saturday-lotto-australia\/#breadcrumb\"},\"inLanguage\":\"pt-PT\",\"potentialAction\":[{\"@type\":\"ReadAction\",\"target\":[\"https:\/\/onlinelotto365.com\/pt-pt\/numeros-vencedores\/saturday-lotto-australia\/\"]}]},{\"@type\":\"ImageObject\",\"inLanguage\":\"pt-PT\",\"@id\":\"https:\/\/onlinelotto365.com\/pt-pt\/numeros-vencedores\/saturday-lotto-australia\/#primaryimage\",\"url\":\"https:\/\/redfoxlotto.com\/image?size=8&amp;lottery=saturday-lotto-au\",\"contentUrl\":\"https:\/\/redfoxlotto.com\/image?size=8&amp;lottery=saturday-lotto-au\"},{\"@type\":\"BreadcrumbList\",\"@id\":\"https:\/\/onlinelotto365.com\/pt-pt\/numeros-vencedores\/saturday-lotto-australia\/#breadcrumb\",\"itemListElement\":[{\"@type\":\"ListItem\",\"position\":1,\"name\":\"Home\",\"item\":\"https:\/\/onlinelotto365.com\/pt-pt\/\"},{\"@type\":\"ListItem\",\"position\":2,\"name\":\"Encontrar n\u00fameros e resultados vencedores para os \u00faltimos sorteios do loto\",\"item\":\"https:\/\/onlinelotto365.com\/pt-pt\/winning-numbers\/\"},{\"@type\":\"ListItem\",\"position\":3,\"name\":\"Verificar n\u00fameros e montantes vencedores para o Saturday Lotto Australia\"}]},{\"@type\":\"WebSite\",\"@id\":\"https:\/\/onlinelotto365.com\/pt-pt\/#website\",\"url\":\"https:\/\/onlinelotto365.com\/pt-pt\/\",\"name\":\"OnlineLotto365\",\"description\":\"\",\"potentialAction\":[{\"@type\":\"SearchAction\",\"target\":{\"@type\":\"EntryPoint\",\"urlTemplate\":\"https:\/\/onlinelotto365.com\/pt-pt\/?s={search_term_string}\"},\"query-input\":{\"@type\":\"PropertyValueSpecification\",\"valueRequired\":true,\"valueName\":\"search_term_string\"}}],\"inLanguage\":\"pt-PT\"}]}<\/script>\n<!-- \/ Yoast SEO plugin. -->","yoast_head_json":{"title":"Verificar n\u00fameros e montantes vencedores para o Saturday Lotto Australia","description":"Resultados do sorteio, n\u00fameros vencedores da lotaria de s\u00e1bado na Austr\u00e1lia, mais o arquivo de resultados","robots":{"index":"index","follow":"follow","max-snippet":"max-snippet:-1","max-image-preview":"max-image-preview:large","max-video-preview":"max-video-preview:-1"},"canonical":"https:\/\/onlinelotto365.com\/pt-pt\/numeros-vencedores\/saturday-lotto-australia\/","og_locale":"pt_PT","og_type":"article","og_title":"Verificar n\u00fameros e montantes vencedores para o Saturday Lotto Australia","og_description":"Resultados do sorteio, n\u00fameros vencedores da lotaria de s\u00e1bado na Austr\u00e1lia, mais o arquivo de resultados","og_url":"https:\/\/onlinelotto365.com\/pt-pt\/numeros-vencedores\/saturday-lotto-australia\/","og_site_name":"OnlineLotto365","article_modified_time":"2021-01-10T10:07:04+00:00","og_image":[{"url":"https:\/\/redfoxlotto.com\/image?size=8&amp;lottery=saturday-lotto-au"}],"twitter_card":"summary_large_image","twitter_misc":{"Tempo estimado de leitura":"3 minutos"},"schema":{"@context":"https:\/\/schema.org","@graph":[{"@type":"WebPage","@id":"https:\/\/onlinelotto365.com\/pt-pt\/numeros-vencedores\/saturday-lotto-australia\/","url":"https:\/\/onlinelotto365.com\/pt-pt\/numeros-vencedores\/saturday-lotto-australia\/","name":"Verificar n\u00fameros e montantes vencedores para o Saturday Lotto Australia","isPartOf":{"@id":"https:\/\/onlinelotto365.com\/pt-pt\/#website"},"primaryImageOfPage":{"@id":"https:\/\/onlinelotto365.com\/pt-pt\/numeros-vencedores\/saturday-lotto-australia\/#primaryimage"},"image":{"@id":"https:\/\/onlinelotto365.com\/pt-pt\/numeros-vencedores\/saturday-lotto-australia\/#primaryimage"},"thumbnailUrl":"https:\/\/redfoxlotto.com\/image?size=8&amp;lottery=saturday-lotto-au","datePublished":"2020-12-08T14:01:46+00:00","dateModified":"2021-01-10T10:07:04+00:00","description":"Resultados do sorteio, n\u00fameros vencedores da lotaria de s\u00e1bado na Austr\u00e1lia, mais o arquivo de resultados","breadcrumb":{"@id":"https:\/\/onlinelotto365.com\/pt-pt\/numeros-vencedores\/saturday-lotto-australia\/#breadcrumb"},"inLanguage":"pt-PT","potentialAction":[{"@type":"ReadAction","target":["https:\/\/onlinelotto365.com\/pt-pt\/numeros-vencedores\/saturday-lotto-australia\/"]}]},{"@type":"ImageObject","inLanguage":"pt-PT","@id":"https:\/\/onlinelotto365.com\/pt-pt\/numeros-vencedores\/saturday-lotto-australia\/#primaryimage","url":"https:\/\/redfoxlotto.com\/image?size=8&amp;lottery=saturday-lotto-au","contentUrl":"https:\/\/redfoxlotto.com\/image?size=8&amp;lottery=saturday-lotto-au"},{"@type":"BreadcrumbList","@id":"https:\/\/onlinelotto365.com\/pt-pt\/numeros-vencedores\/saturday-lotto-australia\/#breadcrumb","itemListElement":[{"@type":"ListItem","position":1,"name":"Home","item":"https:\/\/onlinelotto365.com\/pt-pt\/"},{"@type":"ListItem","position":2,"name":"Encontrar n\u00fameros e resultados vencedores para os \u00faltimos sorteios do loto","item":"https:\/\/onlinelotto365.com\/pt-pt\/winning-numbers\/"},{"@type":"ListItem","position":3,"name":"Verificar n\u00fameros e montantes vencedores para o Saturday Lotto Australia"}]},{"@type":"WebSite","@id":"https:\/\/onlinelotto365.com\/pt-pt\/#website","url":"https:\/\/onlinelotto365.com\/pt-pt\/","name":"OnlineLotto365","description":"","potentialAction":[{"@type":"SearchAction","target":{"@type":"EntryPoint","urlTemplate":"https:\/\/onlinelotto365.com\/pt-pt\/?s={search_term_string}"},"query-input":{"@type":"PropertyValueSpecification","valueRequired":true,"valueName":"search_term_string"}}],"inLanguage":"pt-PT"}]}},"_links":{"self":[{"href":"https:\/\/onlinelotto365.com\/pt-pt\/wp-json\/wp\/v2\/pages\/8115","targetHints":{"allow":["GET"]}}],"collection":[{"href":"https:\/\/onlinelotto365.com\/pt-pt\/wp-json\/wp\/v2\/pages"}],"about":[{"href":"https:\/\/onlinelotto365.com\/pt-pt\/wp-json\/wp\/v2\/types\/page"}],"author":[{"embeddable":true,"href":"https:\/\/onlinelotto365.com\/pt-pt\/wp-json\/wp\/v2\/users\/1"}],"replies":[{"embeddable":true,"href":"https:\/\/onlinelotto365.com\/pt-pt\/wp-json\/wp\/v2\/comments?post=8115"}],"version-history":[{"count":0,"href":"https:\/\/onlinelotto365.com\/pt-pt\/wp-json\/wp\/v2\/pages\/8115\/revisions"}],"up":[{"embeddable":true,"href":"https:\/\/onlinelotto365.com\/pt-pt\/wp-json\/wp\/v2\/pages\/4965"}],"wp:attachment":[{"href":"https:\/\/onlinelotto365.com\/pt-pt\/wp-json\/wp\/v2\/media?parent=8115"}],"curies":[{"name":"wp","href":"https:\/\/api.w.org\/{rel}","templated":true}]}}