{"id":8141,"date":"2020-12-08T15:04:42","date_gmt":"2020-12-08T14:04:42","guid":{"rendered":"http:\/\/onlinelotto365.net\/?page_id=8141"},"modified":"2021-01-06T14:33:52","modified_gmt":"2021-01-06T13:33:52","slug":"mon-wed-lotto","status":"publish","type":"page","link":"https:\/\/onlinelotto365.com\/pt-pt\/numeros-vencedores\/mon-wed-lotto\/","title":{"rendered":"Todos os resultados da Mon &amp; Wed Lotto Australia"},"content":{"rendered":"<p>H\u00e1 muitos jogos internacionais diferentes por a\u00ed que se podem jogar quando se trata da lotaria. E quer ser capaz de obter os resultados para eles o mais rapidamente poss\u00edvel. Uma maneira de o fazer \u00e9 procurar um jornal que ofere\u00e7a <strong>n\u00fameros vencedores da Mon &amp; Wed Lotto Australia<\/strong>. Mas esses podem ser dif\u00edceis de encontrar. Outra op\u00e7\u00e3o \u00e9 a televis\u00e3o, mas esses canais tamb\u00e9m podem ser dif\u00edceis. Ent\u00e3o, e se n\u00e3o quiser fazer muita pesquisa?<\/p>\n<p>Consulte o website Mon &amp; Wed Lotto Australia para ver se eles oferecem desenhos ao vivo. Os desenhos ao vivo para qualquer jogo podem ser muito divertidos porque lhe d\u00e3o muita excita\u00e7\u00e3o instant\u00e2nea enquanto est\u00e1 a ver. Mas nem todos os jogos oferecem estes tipos de desenhos. Ter\u00e1 de se certificar de que o Mon &amp; Wed Lotto \u00e9 um deles que o tem dispon\u00edvel.<\/p>\n<p>A seguir, pode optar por visitar o YouTube para ver se os resultados podem ser l\u00e1 encontrados. Poder\u00e1 ficar surpreendido com a forma como algumas pessoas publicam os resultados dos desenhos ou mesmo v\u00eddeos ao vivo dos desenhos para praticamente qualquer jogo.<br \/>\n<a href=\"https:\/\/redfoxlotto.com\/pt\/monday-wednesday-lotto-au\/?ref=a8564250a2&amp;medium=ol365\" target=\"_blank\" rel=\"noopener noreferrer\"><img decoding=\"async\" class=\"aligncenter\" src=\"https:\/\/redfoxlotto.com\/image?size=8&amp;lottery=monday-wednesday-lotto-au\" alt=\"Mon &amp; Wed Lotto Australia\" \/><\/a><\/p>\n<p>No entanto, de longe a op\u00e7\u00e3o mais f\u00e1cil para si, ser\u00e1 olhar para o nosso website. Oferecemos todos os n\u00fameros vencedores e os montantes dos pr\u00e9mios para cada jogo que pode comprar no nosso s\u00edtio web. Isso torna muito mais f\u00e1cil para si obter resultados num \u00fanico local e t\u00e3o rapidamente quanto desejar.<\/p>\n<h2>Como saber se o seu bilhete online ganhou<\/h2>\n<p><img loading=\"lazy\" decoding=\"async\" class=\"alignright wp-image-3542\" src=\"https:\/\/onlinelotto365.com\/wp-content\/uploads\/2020\/11\/online_lottery-154-300x200.jpg\" alt=\"Mon &amp; Wed Lotto winning numbers\" width=\"197\" height=\"131\" srcset=\"https:\/\/onlinelotto365.com\/wp-content\/uploads\/2020\/11\/online_lottery-154-300x200.jpg 300w, https:\/\/onlinelotto365.com\/wp-content\/uploads\/2020\/11\/online_lottery-154.jpg 320w\" sizes=\"auto, (max-width: 197px) 100vw, 197px\" \/> A not\u00edcia ainda melhor \u00e9 que se tiver comprado connosco um bilhete para a Mon &amp; Wed Lotto Australia pode ir <strong>directamente \u00e0 sua conta de jogador para obter os resultados<\/strong>. Encontrar\u00e1 a\u00ed os bilhetes que comprou, bem como os n\u00fameros vencedores de quaisquer jogos que tenha escolhido para jogar.<\/p>\n<p>Poder\u00e1 ver os n\u00fameros que escolheu que correspondem aos n\u00fameros que foram sorteados e qualquer dinheiro que tenha ganho que seja inferior a 2500 euros ser\u00e1 automaticamente adicionado \u00e0 sua conta. O que poder\u00e1 ser mais f\u00e1cil do que isso?<\/p>\n<h2>Arquivo de resultados Mon &amp; Wed Lotto Australia<\/h2>\n<p>Qualquer p\u00e1gina no nosso website que mostre os \u00faltimos resultados da Mon &amp; Wed Lotto Australia tamb\u00e9m lhe mostrar\u00e1 n\u00fameros mais antigos que poder\u00e1 querer consultar. Estes podem ajud\u00e1-lo a escolher os n\u00fameros que quer jogar na pr\u00f3xima vez que comprar um bilhete.<\/p>\n<h2>O meu bilhete j\u00e1 ganhou, o que acontece a seguir?<\/h2>\n<p>Se ganhou no seu bilhete s\u00f3 precisa de dar uma vista de olhos ao valor a que tem direito. Se for menos de 2.500 euros, trataremos de o obter confirmado e na sua conta o mais rapidamente poss\u00edvel. Depois, se tiver pelo menos 10 euros na sua conta, poder\u00e1 retir\u00e1-lo para qualquer m\u00e9todo de pagamento que tenha utilizado anteriormente com a sua conta. S\u00f3 precisa de tratar de alguns documentos que permitir\u00e3o ao nosso processador de pagamento saber quem voc\u00ea \u00e9 e que tem direito ao dinheiro. Se tiver menos de 10 euros ou optar por deixar o dinheiro na sua conta, pode <a href=\"https:\/\/onlinelotto365.com\/pt-pt\/comprar-bilhetes\">utiliz\u00e1-lo para comprar mais bilhetes <\/a><\/p>\n","protected":false},"excerpt":{"rendered":"<p>H\u00e1 muitos jogos internacionais diferentes por a\u00ed que se podem jogar quando se trata da lotaria. E quer ser capaz de obter os resultados para eles o mais rapidamente poss\u00edvel. Uma maneira de o fazer \u00e9 procurar um jornal que ofere\u00e7a n\u00fameros vencedores da Mon &amp; Wed Lotto Australia. Mas esses podem ser dif\u00edceis de [&hellip;]<\/p>\n","protected":false},"author":1,"featured_media":0,"parent":4965,"menu_order":16,"comment_status":"closed","ping_status":"closed","template":"template-rightsidebar.php","meta":{"_et_pb_use_builder":"","_et_pb_old_content":"","_et_gb_content_width":"","exclude_from_search":false,"footnotes":""},"class_list":["post-8141","page","type-page","status-publish","hentry"],"yoast_head":"<!-- This site is optimized with the Yoast SEO plugin v23.4 - https:\/\/yoast.com\/wordpress\/plugins\/seo\/ -->\n<title>N\u00fameros vencedores do Mon &amp; Wed Lotto<\/title>\n<meta name=\"description\" content=\"O nosso site traz-lhe os \u00faltimos n\u00fameros vencedores e os montantes ganhos para a lotaria Mon &amp; Wed\" \/>\n<meta name=\"robots\" content=\"index, follow, max-snippet:-1, max-image-preview:large, max-video-preview:-1\" \/>\n<link rel=\"canonical\" href=\"https:\/\/onlinelotto365.com\/pt-pt\/numeros-vencedores\/mon-wed-lotto\/\" \/>\n<meta property=\"og:locale\" content=\"pt_PT\" \/>\n<meta property=\"og:type\" content=\"article\" \/>\n<meta property=\"og:title\" content=\"N\u00fameros vencedores do Mon &amp; Wed Lotto\" \/>\n<meta property=\"og:description\" content=\"O nosso site traz-lhe os \u00faltimos n\u00fameros vencedores e os montantes ganhos para a lotaria Mon &amp; Wed\" \/>\n<meta property=\"og:url\" content=\"https:\/\/onlinelotto365.com\/pt-pt\/numeros-vencedores\/mon-wed-lotto\/\" \/>\n<meta property=\"og:site_name\" content=\"OnlineLotto365\" \/>\n<meta property=\"article:modified_time\" content=\"2021-01-06T13:33:52+00:00\" \/>\n<meta property=\"og:image\" content=\"https:\/\/redfoxlotto.com\/image?size=8&amp;lottery=monday-wednesday-lotto-au\" \/>\n<meta name=\"twitter:card\" content=\"summary_large_image\" \/>\n<meta name=\"twitter:label1\" content=\"Tempo estimado de leitura\" \/>\n\t<meta name=\"twitter:data1\" content=\"3 minutos\" \/>\n<script type=\"application\/ld+json\" class=\"yoast-schema-graph\">{\"@context\":\"https:\/\/schema.org\",\"@graph\":[{\"@type\":\"WebPage\",\"@id\":\"https:\/\/onlinelotto365.com\/pt-pt\/numeros-vencedores\/mon-wed-lotto\/\",\"url\":\"https:\/\/onlinelotto365.com\/pt-pt\/numeros-vencedores\/mon-wed-lotto\/\",\"name\":\"N\u00fameros vencedores do Mon & Wed Lotto\",\"isPartOf\":{\"@id\":\"https:\/\/onlinelotto365.com\/pt-pt\/#website\"},\"primaryImageOfPage\":{\"@id\":\"https:\/\/onlinelotto365.com\/pt-pt\/numeros-vencedores\/mon-wed-lotto\/#primaryimage\"},\"image\":{\"@id\":\"https:\/\/onlinelotto365.com\/pt-pt\/numeros-vencedores\/mon-wed-lotto\/#primaryimage\"},\"thumbnailUrl\":\"https:\/\/redfoxlotto.com\/image?size=8&amp;lottery=monday-wednesday-lotto-au\",\"datePublished\":\"2020-12-08T14:04:42+00:00\",\"dateModified\":\"2021-01-06T13:33:52+00:00\",\"description\":\"O nosso site traz-lhe os \u00faltimos n\u00fameros vencedores e os montantes ganhos para a lotaria Mon & Wed\",\"breadcrumb\":{\"@id\":\"https:\/\/onlinelotto365.com\/pt-pt\/numeros-vencedores\/mon-wed-lotto\/#breadcrumb\"},\"inLanguage\":\"pt-PT\",\"potentialAction\":[{\"@type\":\"ReadAction\",\"target\":[\"https:\/\/onlinelotto365.com\/pt-pt\/numeros-vencedores\/mon-wed-lotto\/\"]}]},{\"@type\":\"ImageObject\",\"inLanguage\":\"pt-PT\",\"@id\":\"https:\/\/onlinelotto365.com\/pt-pt\/numeros-vencedores\/mon-wed-lotto\/#primaryimage\",\"url\":\"https:\/\/redfoxlotto.com\/image?size=8&amp;lottery=monday-wednesday-lotto-au\",\"contentUrl\":\"https:\/\/redfoxlotto.com\/image?size=8&amp;lottery=monday-wednesday-lotto-au\"},{\"@type\":\"BreadcrumbList\",\"@id\":\"https:\/\/onlinelotto365.com\/pt-pt\/numeros-vencedores\/mon-wed-lotto\/#breadcrumb\",\"itemListElement\":[{\"@type\":\"ListItem\",\"position\":1,\"name\":\"Home\",\"item\":\"https:\/\/onlinelotto365.com\/pt-pt\/\"},{\"@type\":\"ListItem\",\"position\":2,\"name\":\"Encontrar n\u00fameros e resultados vencedores para os \u00faltimos sorteios do loto\",\"item\":\"https:\/\/onlinelotto365.com\/pt-pt\/winning-numbers\/\"},{\"@type\":\"ListItem\",\"position\":3,\"name\":\"Todos os resultados da Mon &amp; Wed Lotto Australia\"}]},{\"@type\":\"WebSite\",\"@id\":\"https:\/\/onlinelotto365.com\/pt-pt\/#website\",\"url\":\"https:\/\/onlinelotto365.com\/pt-pt\/\",\"name\":\"OnlineLotto365\",\"description\":\"\",\"potentialAction\":[{\"@type\":\"SearchAction\",\"target\":{\"@type\":\"EntryPoint\",\"urlTemplate\":\"https:\/\/onlinelotto365.com\/pt-pt\/?s={search_term_string}\"},\"query-input\":{\"@type\":\"PropertyValueSpecification\",\"valueRequired\":true,\"valueName\":\"search_term_string\"}}],\"inLanguage\":\"pt-PT\"}]}<\/script>\n<!-- \/ Yoast SEO plugin. -->","yoast_head_json":{"title":"N\u00fameros vencedores do Mon & Wed Lotto","description":"O nosso site traz-lhe os \u00faltimos n\u00fameros vencedores e os montantes ganhos para a lotaria Mon & Wed","robots":{"index":"index","follow":"follow","max-snippet":"max-snippet:-1","max-image-preview":"max-image-preview:large","max-video-preview":"max-video-preview:-1"},"canonical":"https:\/\/onlinelotto365.com\/pt-pt\/numeros-vencedores\/mon-wed-lotto\/","og_locale":"pt_PT","og_type":"article","og_title":"N\u00fameros vencedores do Mon & Wed Lotto","og_description":"O nosso site traz-lhe os \u00faltimos n\u00fameros vencedores e os montantes ganhos para a lotaria Mon & Wed","og_url":"https:\/\/onlinelotto365.com\/pt-pt\/numeros-vencedores\/mon-wed-lotto\/","og_site_name":"OnlineLotto365","article_modified_time":"2021-01-06T13:33:52+00:00","og_image":[{"url":"https:\/\/redfoxlotto.com\/image?size=8&amp;lottery=monday-wednesday-lotto-au"}],"twitter_card":"summary_large_image","twitter_misc":{"Tempo estimado de leitura":"3 minutos"},"schema":{"@context":"https:\/\/schema.org","@graph":[{"@type":"WebPage","@id":"https:\/\/onlinelotto365.com\/pt-pt\/numeros-vencedores\/mon-wed-lotto\/","url":"https:\/\/onlinelotto365.com\/pt-pt\/numeros-vencedores\/mon-wed-lotto\/","name":"N\u00fameros vencedores do Mon & Wed Lotto","isPartOf":{"@id":"https:\/\/onlinelotto365.com\/pt-pt\/#website"},"primaryImageOfPage":{"@id":"https:\/\/onlinelotto365.com\/pt-pt\/numeros-vencedores\/mon-wed-lotto\/#primaryimage"},"image":{"@id":"https:\/\/onlinelotto365.com\/pt-pt\/numeros-vencedores\/mon-wed-lotto\/#primaryimage"},"thumbnailUrl":"https:\/\/redfoxlotto.com\/image?size=8&amp;lottery=monday-wednesday-lotto-au","datePublished":"2020-12-08T14:04:42+00:00","dateModified":"2021-01-06T13:33:52+00:00","description":"O nosso site traz-lhe os \u00faltimos n\u00fameros vencedores e os montantes ganhos para a lotaria Mon & Wed","breadcrumb":{"@id":"https:\/\/onlinelotto365.com\/pt-pt\/numeros-vencedores\/mon-wed-lotto\/#breadcrumb"},"inLanguage":"pt-PT","potentialAction":[{"@type":"ReadAction","target":["https:\/\/onlinelotto365.com\/pt-pt\/numeros-vencedores\/mon-wed-lotto\/"]}]},{"@type":"ImageObject","inLanguage":"pt-PT","@id":"https:\/\/onlinelotto365.com\/pt-pt\/numeros-vencedores\/mon-wed-lotto\/#primaryimage","url":"https:\/\/redfoxlotto.com\/image?size=8&amp;lottery=monday-wednesday-lotto-au","contentUrl":"https:\/\/redfoxlotto.com\/image?size=8&amp;lottery=monday-wednesday-lotto-au"},{"@type":"BreadcrumbList","@id":"https:\/\/onlinelotto365.com\/pt-pt\/numeros-vencedores\/mon-wed-lotto\/#breadcrumb","itemListElement":[{"@type":"ListItem","position":1,"name":"Home","item":"https:\/\/onlinelotto365.com\/pt-pt\/"},{"@type":"ListItem","position":2,"name":"Encontrar n\u00fameros e resultados vencedores para os \u00faltimos sorteios do loto","item":"https:\/\/onlinelotto365.com\/pt-pt\/winning-numbers\/"},{"@type":"ListItem","position":3,"name":"Todos os resultados da Mon &amp; Wed Lotto Australia"}]},{"@type":"WebSite","@id":"https:\/\/onlinelotto365.com\/pt-pt\/#website","url":"https:\/\/onlinelotto365.com\/pt-pt\/","name":"OnlineLotto365","description":"","potentialAction":[{"@type":"SearchAction","target":{"@type":"EntryPoint","urlTemplate":"https:\/\/onlinelotto365.com\/pt-pt\/?s={search_term_string}"},"query-input":{"@type":"PropertyValueSpecification","valueRequired":true,"valueName":"search_term_string"}}],"inLanguage":"pt-PT"}]}},"_links":{"self":[{"href":"https:\/\/onlinelotto365.com\/pt-pt\/wp-json\/wp\/v2\/pages\/8141","targetHints":{"allow":["GET"]}}],"collection":[{"href":"https:\/\/onlinelotto365.com\/pt-pt\/wp-json\/wp\/v2\/pages"}],"about":[{"href":"https:\/\/onlinelotto365.com\/pt-pt\/wp-json\/wp\/v2\/types\/page"}],"author":[{"embeddable":true,"href":"https:\/\/onlinelotto365.com\/pt-pt\/wp-json\/wp\/v2\/users\/1"}],"replies":[{"embeddable":true,"href":"https:\/\/onlinelotto365.com\/pt-pt\/wp-json\/wp\/v2\/comments?post=8141"}],"version-history":[{"count":0,"href":"https:\/\/onlinelotto365.com\/pt-pt\/wp-json\/wp\/v2\/pages\/8141\/revisions"}],"up":[{"embeddable":true,"href":"https:\/\/onlinelotto365.com\/pt-pt\/wp-json\/wp\/v2\/pages\/4965"}],"wp:attachment":[{"href":"https:\/\/onlinelotto365.com\/pt-pt\/wp-json\/wp\/v2\/media?parent=8141"}],"curies":[{"name":"wp","href":"https:\/\/api.w.org\/{rel}","templated":true}]}}