{"id":84226,"date":"2023-09-28T08:41:49","date_gmt":"2023-09-28T07:41:49","guid":{"rendered":"https:\/\/onlinelotto365.com\/numeros-vencedores\/verificar-os-numeros-vencedores-do-eurojackpot-aqui"},"modified":"2023-09-28T08:41:49","modified_gmt":"2023-09-28T07:41:49","slug":"verificar-os-numeros-vencedores-do-eurojackpot-aqui","status":"publish","type":"page","link":"https:\/\/onlinelotto365.com\/pt-pt\/numeros-vencedores\/verificar-os-numeros-vencedores-do-eurojackpot-aqui\/","title":{"rendered":"Verificar os n\u00fameros vencedores do Eurojackpot aqui"},"content":{"rendered":"<p>Existem muitas lotarias internacionais diferentes dispon\u00edveis no nosso site, o que significa que encontrar os n\u00fameros e os resultados pode ser dif\u00edcil para alguns. E quando se trata de encontrar os n\u00fameros noutros locais, as coisas podem ser ainda piores. Provavelmente n\u00e3o encontrar\u00e1 os resultados do Eurojackpot no seu jornal local e tamb\u00e9m pode ser dif\u00edcil encontr\u00e1-los na televis\u00e3o. Especialmente porque muitas vezes n\u00e3o s\u00e3o transmitidos em direto.<\/p>\n<p>Tamb\u00e9m podes consultar o site da lotaria Eurojackpot, que te d\u00e1 acesso a uma transmiss\u00e3o em direto dos resultados e do sorteio. Isto pode ser muito divertido e permite-lhe saber se ganhou muito mais rapidamente. Mas isto nem sempre \u00e9 poss\u00edvel e ter\u00e1s de ter o timing certo.<\/p>\n<p>Se estiveres \u00e0 procura dos n\u00fameros depois do sorteio, podes sempre consultar o YouTube para ver se o sorteio est\u00e1 dispon\u00edvel ou se algu\u00e9m tem um v\u00eddeo com os n\u00fameros vencedores.<\/p>\n<p>A forma mais f\u00e1cil de encontrar os n\u00fameros vencedores, e mesmo de ver todos os pr\u00e9mios e resultados, \u00e9 visitar o nosso website na p\u00e1gina de resultados da lotaria na nossa p\u00e1gina de resultados da lotaria. A\u00ed encontrar\u00e1s todos os n\u00fameros vencedores do Eurojackpot e de todos os outros jogos que oferecemos.<\/p>\n<h2>Como saber se ganhaste<\/h2>\n<p><img decoding=\"async\" class=\"aligncenter\" src=\"https:\/\/redfoxlotto.com\/image?size=8&amp;lottery=eurojackpot\" alt=\"eurojackpot\" \/><br \/>\nCompraste um bilhete para o Eurojackpot? Se o fez, n\u00e3o precisa de ir \u00e0 p\u00e1gina de resultados. Basta ires \u00e0 tua conta e ver\u00e1s os n\u00fameros vencedores mesmo ao lado do teu bilhete. Poder\u00e1s at\u00e9 ver quais os n\u00fameros que estavam correctos e quais n\u00e3o estavam e ver quanto ganhaste como resultado. Se tiver ganho menos de 2.500 euros, o dinheiro ser\u00e1 depositado na sua conta imediatamente, assim que os n\u00fameros da lotaria forem confirmados.<\/p>\n<p>O nosso website mostra-te os resultados do \u00faltimo Eurojackpot, mas tamb\u00e9m te d\u00e1 muitas op\u00e7\u00f5es para verificares sorteios mais antigos. Assim, pode verificar bilhetes mais antigos ou se estiver \u00e0 procura dos melhores n\u00fameros para experimentar da pr\u00f3xima vez que comprar um bilhete. De facto, esta \u00e9 uma das estrat\u00e9gias de lotaria mais populares que as pessoas utilizam.<\/p>\n<h2>O meu bilhete ganhou, o que acontece a seguir?<\/h2>\n<p><img loading=\"lazy\" decoding=\"async\" class=\"alignright wp-image-25127\" src=\"https:\/\/onlinelotto365.com\/wp-content\/uploads\/2021\/01\/lottery_balls1-300x160-1.jpg\" alt=\"Eurojackpot winning numbers\" width=\"265\" height=\"142\" \/><br \/>\nJ\u00e1 fal\u00e1mos sobre os pr\u00e9mios inferiores a 2.500 euros. Esses pr\u00e9mios s\u00e3o imediatamente depositados na sua conta e pode ent\u00e3o optar por comprar mais bilhetes ou levantar a totalidade ou parte do dinheiro. Tudo o que precisa de fazer \u00e9 certificar-se de que tem pelo menos 10 euros na sua conta para poder levant\u00e1-los atrav\u00e9s do m\u00e9todo que escolher.<\/p>\n<p>Pode optar por levantar o dinheiro para a sua conta banc\u00e1ria ou para o seu cart\u00e3o de cr\u00e9dito, e n\u00f3s tamb\u00e9m facilitamos as coisas para si. Queremos que possa levantar o seu dinheiro, mas temos de dar alguns passos para que o dinheiro entre na sua conta. Afinal de contas, as transfer\u00eancias de dinheiro online est\u00e3o sujeitas a regulamentos rigorosos.<\/p>\n","protected":false},"excerpt":{"rendered":"<p>Existem muitas lotarias internacionais diferentes dispon\u00edveis no nosso site, o que significa que encontrar os n\u00fameros e os resultados pode ser dif\u00edcil para alguns. E quando se trata de encontrar os n\u00fameros noutros locais, as coisas podem ser ainda piores. Provavelmente n\u00e3o encontrar\u00e1 os resultados do Eurojackpot no seu jornal local e tamb\u00e9m pode ser [&hellip;]<\/p>\n","protected":false},"author":1,"featured_media":0,"parent":4965,"menu_order":4,"comment_status":"closed","ping_status":"closed","template":"eurojackpot-results.php","meta":{"_et_pb_use_builder":"","_et_pb_old_content":"","_et_gb_content_width":"","exclude_from_search":false,"footnotes":""},"class_list":["post-84226","page","type-page","status-publish","hentry"],"yoast_head":"<!-- This site is optimized with the Yoast SEO plugin v23.4 - https:\/\/yoast.com\/wordpress\/plugins\/seo\/ -->\n<title>N\u00fameros vencedores do Eurojackpot | Verificar os resultados dos sorteios e os pr\u00e9mios do Eurojackpot aqui<\/title>\n<meta name=\"description\" content=\"Publicamos os resultados e os n\u00fameros vencedores do Eurojackpot, bem como um arquivo dos sorteios anteriores\" \/>\n<meta name=\"robots\" content=\"index, follow, max-snippet:-1, max-image-preview:large, max-video-preview:-1\" \/>\n<link rel=\"canonical\" href=\"https:\/\/onlinelotto365.com\/pt-pt\/numeros-vencedores\/verificar-os-numeros-vencedores-do-eurojackpot-aqui\/\" \/>\n<meta property=\"og:locale\" content=\"pt_PT\" \/>\n<meta property=\"og:type\" content=\"article\" \/>\n<meta property=\"og:title\" content=\"N\u00fameros vencedores do Eurojackpot | Verificar os resultados dos sorteios e os pr\u00e9mios do Eurojackpot aqui\" \/>\n<meta property=\"og:description\" content=\"Publicamos os resultados e os n\u00fameros vencedores do Eurojackpot, bem como um arquivo dos sorteios anteriores\" \/>\n<meta property=\"og:url\" content=\"https:\/\/onlinelotto365.com\/pt-pt\/numeros-vencedores\/verificar-os-numeros-vencedores-do-eurojackpot-aqui\/\" \/>\n<meta property=\"og:site_name\" content=\"OnlineLotto365\" \/>\n<meta property=\"og:image\" content=\"https:\/\/redfoxlotto.com\/image?size=8&amp;lottery=eurojackpot\" \/>\n<meta name=\"twitter:card\" content=\"summary_large_image\" \/>\n<meta name=\"twitter:label1\" content=\"Tempo estimado de leitura\" \/>\n\t<meta name=\"twitter:data1\" content=\"3 minutos\" \/>\n<script type=\"application\/ld+json\" class=\"yoast-schema-graph\">{\"@context\":\"https:\/\/schema.org\",\"@graph\":[{\"@type\":\"WebPage\",\"@id\":\"https:\/\/onlinelotto365.com\/pt-pt\/numeros-vencedores\/verificar-os-numeros-vencedores-do-eurojackpot-aqui\/\",\"url\":\"https:\/\/onlinelotto365.com\/pt-pt\/numeros-vencedores\/verificar-os-numeros-vencedores-do-eurojackpot-aqui\/\",\"name\":\"N\u00fameros vencedores do Eurojackpot | Verificar os resultados dos sorteios e os pr\u00e9mios do Eurojackpot aqui\",\"isPartOf\":{\"@id\":\"https:\/\/onlinelotto365.com\/pt-pt\/#website\"},\"primaryImageOfPage\":{\"@id\":\"https:\/\/onlinelotto365.com\/pt-pt\/numeros-vencedores\/verificar-os-numeros-vencedores-do-eurojackpot-aqui\/#primaryimage\"},\"image\":{\"@id\":\"https:\/\/onlinelotto365.com\/pt-pt\/numeros-vencedores\/verificar-os-numeros-vencedores-do-eurojackpot-aqui\/#primaryimage\"},\"thumbnailUrl\":\"https:\/\/redfoxlotto.com\/image?size=8&amp;lottery=eurojackpot\",\"datePublished\":\"2023-09-28T07:41:49+00:00\",\"dateModified\":\"2023-09-28T07:41:49+00:00\",\"description\":\"Publicamos os resultados e os n\u00fameros vencedores do Eurojackpot, bem como um arquivo dos sorteios anteriores\",\"breadcrumb\":{\"@id\":\"https:\/\/onlinelotto365.com\/pt-pt\/numeros-vencedores\/verificar-os-numeros-vencedores-do-eurojackpot-aqui\/#breadcrumb\"},\"inLanguage\":\"pt-PT\",\"potentialAction\":[{\"@type\":\"ReadAction\",\"target\":[\"https:\/\/onlinelotto365.com\/pt-pt\/numeros-vencedores\/verificar-os-numeros-vencedores-do-eurojackpot-aqui\/\"]}]},{\"@type\":\"ImageObject\",\"inLanguage\":\"pt-PT\",\"@id\":\"https:\/\/onlinelotto365.com\/pt-pt\/numeros-vencedores\/verificar-os-numeros-vencedores-do-eurojackpot-aqui\/#primaryimage\",\"url\":\"https:\/\/redfoxlotto.com\/image?size=8&amp;lottery=eurojackpot\",\"contentUrl\":\"https:\/\/redfoxlotto.com\/image?size=8&amp;lottery=eurojackpot\"},{\"@type\":\"BreadcrumbList\",\"@id\":\"https:\/\/onlinelotto365.com\/pt-pt\/numeros-vencedores\/verificar-os-numeros-vencedores-do-eurojackpot-aqui\/#breadcrumb\",\"itemListElement\":[{\"@type\":\"ListItem\",\"position\":1,\"name\":\"Home\",\"item\":\"https:\/\/onlinelotto365.com\/pt-pt\/\"},{\"@type\":\"ListItem\",\"position\":2,\"name\":\"Encontrar n\u00fameros e resultados vencedores para os \u00faltimos sorteios do loto\",\"item\":\"https:\/\/onlinelotto365.com\/pt-pt\/winning-numbers\/\"},{\"@type\":\"ListItem\",\"position\":3,\"name\":\"Verificar os n\u00fameros vencedores do Eurojackpot aqui\"}]},{\"@type\":\"WebSite\",\"@id\":\"https:\/\/onlinelotto365.com\/pt-pt\/#website\",\"url\":\"https:\/\/onlinelotto365.com\/pt-pt\/\",\"name\":\"OnlineLotto365\",\"description\":\"\",\"potentialAction\":[{\"@type\":\"SearchAction\",\"target\":{\"@type\":\"EntryPoint\",\"urlTemplate\":\"https:\/\/onlinelotto365.com\/pt-pt\/?s={search_term_string}\"},\"query-input\":{\"@type\":\"PropertyValueSpecification\",\"valueRequired\":true,\"valueName\":\"search_term_string\"}}],\"inLanguage\":\"pt-PT\"}]}<\/script>\n<!-- \/ Yoast SEO plugin. -->","yoast_head_json":{"title":"N\u00fameros vencedores do Eurojackpot | Verificar os resultados dos sorteios e os pr\u00e9mios do Eurojackpot aqui","description":"Publicamos os resultados e os n\u00fameros vencedores do Eurojackpot, bem como um arquivo dos sorteios anteriores","robots":{"index":"index","follow":"follow","max-snippet":"max-snippet:-1","max-image-preview":"max-image-preview:large","max-video-preview":"max-video-preview:-1"},"canonical":"https:\/\/onlinelotto365.com\/pt-pt\/numeros-vencedores\/verificar-os-numeros-vencedores-do-eurojackpot-aqui\/","og_locale":"pt_PT","og_type":"article","og_title":"N\u00fameros vencedores do Eurojackpot | Verificar os resultados dos sorteios e os pr\u00e9mios do Eurojackpot aqui","og_description":"Publicamos os resultados e os n\u00fameros vencedores do Eurojackpot, bem como um arquivo dos sorteios anteriores","og_url":"https:\/\/onlinelotto365.com\/pt-pt\/numeros-vencedores\/verificar-os-numeros-vencedores-do-eurojackpot-aqui\/","og_site_name":"OnlineLotto365","og_image":[{"url":"https:\/\/redfoxlotto.com\/image?size=8&amp;lottery=eurojackpot"}],"twitter_card":"summary_large_image","twitter_misc":{"Tempo estimado de leitura":"3 minutos"},"schema":{"@context":"https:\/\/schema.org","@graph":[{"@type":"WebPage","@id":"https:\/\/onlinelotto365.com\/pt-pt\/numeros-vencedores\/verificar-os-numeros-vencedores-do-eurojackpot-aqui\/","url":"https:\/\/onlinelotto365.com\/pt-pt\/numeros-vencedores\/verificar-os-numeros-vencedores-do-eurojackpot-aqui\/","name":"N\u00fameros vencedores do Eurojackpot | Verificar os resultados dos sorteios e os pr\u00e9mios do Eurojackpot aqui","isPartOf":{"@id":"https:\/\/onlinelotto365.com\/pt-pt\/#website"},"primaryImageOfPage":{"@id":"https:\/\/onlinelotto365.com\/pt-pt\/numeros-vencedores\/verificar-os-numeros-vencedores-do-eurojackpot-aqui\/#primaryimage"},"image":{"@id":"https:\/\/onlinelotto365.com\/pt-pt\/numeros-vencedores\/verificar-os-numeros-vencedores-do-eurojackpot-aqui\/#primaryimage"},"thumbnailUrl":"https:\/\/redfoxlotto.com\/image?size=8&amp;lottery=eurojackpot","datePublished":"2023-09-28T07:41:49+00:00","dateModified":"2023-09-28T07:41:49+00:00","description":"Publicamos os resultados e os n\u00fameros vencedores do Eurojackpot, bem como um arquivo dos sorteios anteriores","breadcrumb":{"@id":"https:\/\/onlinelotto365.com\/pt-pt\/numeros-vencedores\/verificar-os-numeros-vencedores-do-eurojackpot-aqui\/#breadcrumb"},"inLanguage":"pt-PT","potentialAction":[{"@type":"ReadAction","target":["https:\/\/onlinelotto365.com\/pt-pt\/numeros-vencedores\/verificar-os-numeros-vencedores-do-eurojackpot-aqui\/"]}]},{"@type":"ImageObject","inLanguage":"pt-PT","@id":"https:\/\/onlinelotto365.com\/pt-pt\/numeros-vencedores\/verificar-os-numeros-vencedores-do-eurojackpot-aqui\/#primaryimage","url":"https:\/\/redfoxlotto.com\/image?size=8&amp;lottery=eurojackpot","contentUrl":"https:\/\/redfoxlotto.com\/image?size=8&amp;lottery=eurojackpot"},{"@type":"BreadcrumbList","@id":"https:\/\/onlinelotto365.com\/pt-pt\/numeros-vencedores\/verificar-os-numeros-vencedores-do-eurojackpot-aqui\/#breadcrumb","itemListElement":[{"@type":"ListItem","position":1,"name":"Home","item":"https:\/\/onlinelotto365.com\/pt-pt\/"},{"@type":"ListItem","position":2,"name":"Encontrar n\u00fameros e resultados vencedores para os \u00faltimos sorteios do loto","item":"https:\/\/onlinelotto365.com\/pt-pt\/winning-numbers\/"},{"@type":"ListItem","position":3,"name":"Verificar os n\u00fameros vencedores do Eurojackpot aqui"}]},{"@type":"WebSite","@id":"https:\/\/onlinelotto365.com\/pt-pt\/#website","url":"https:\/\/onlinelotto365.com\/pt-pt\/","name":"OnlineLotto365","description":"","potentialAction":[{"@type":"SearchAction","target":{"@type":"EntryPoint","urlTemplate":"https:\/\/onlinelotto365.com\/pt-pt\/?s={search_term_string}"},"query-input":{"@type":"PropertyValueSpecification","valueRequired":true,"valueName":"search_term_string"}}],"inLanguage":"pt-PT"}]}},"_links":{"self":[{"href":"https:\/\/onlinelotto365.com\/pt-pt\/wp-json\/wp\/v2\/pages\/84226","targetHints":{"allow":["GET"]}}],"collection":[{"href":"https:\/\/onlinelotto365.com\/pt-pt\/wp-json\/wp\/v2\/pages"}],"about":[{"href":"https:\/\/onlinelotto365.com\/pt-pt\/wp-json\/wp\/v2\/types\/page"}],"author":[{"embeddable":true,"href":"https:\/\/onlinelotto365.com\/pt-pt\/wp-json\/wp\/v2\/users\/1"}],"replies":[{"embeddable":true,"href":"https:\/\/onlinelotto365.com\/pt-pt\/wp-json\/wp\/v2\/comments?post=84226"}],"version-history":[{"count":0,"href":"https:\/\/onlinelotto365.com\/pt-pt\/wp-json\/wp\/v2\/pages\/84226\/revisions"}],"up":[{"embeddable":true,"href":"https:\/\/onlinelotto365.com\/pt-pt\/wp-json\/wp\/v2\/pages\/4965"}],"wp:attachment":[{"href":"https:\/\/onlinelotto365.com\/pt-pt\/wp-json\/wp\/v2\/media?parent=84226"}],"curies":[{"name":"wp","href":"https:\/\/api.w.org\/{rel}","templated":true}]}}