{"id":84449,"date":"2023-10-03T13:10:07","date_gmt":"2023-10-03T12:10:07","guid":{"rendered":"https:\/\/onlinelotto365.com\/perguntas-frequentes"},"modified":"2023-10-03T13:10:07","modified_gmt":"2023-10-03T12:10:07","slug":"perguntas-frequentes","status":"publish","type":"page","link":"https:\/\/onlinelotto365.com\/pt-pt\/perguntas-frequentes\/","title":{"rendered":"PERGUNTAS FREQUENTES"},"content":{"rendered":"<h1>FAQ da Lotaria Online<\/h1>\n<p>Aqui pode encontrar as respostas \u00e0s perguntas mais frequentes sobre o funcionamento do servi\u00e7o de lotaria online.<\/p>\n<p>Como \u00e9 que recebo os meus bilhetes?<\/p>\n<p>Em seguida, um dos nossos agentes no local compra o bilhete em seu nome e por sua conta. Em seguida, o bilhete \u00e9 digitalizado e transferido para a sua conta de cliente. Enviar-lhe-emos um e-mail quando ganhar, e o nosso servi\u00e7o inclui a entrega do seu pr\u00e9mio (ver detalhes abaixo).<\/p>\n<p>Quais s\u00e3o as vantagens de apostar em lotarias internacionais online atrav\u00e9s de n\u00f3s?<\/p>\n<ul>\n<li>pode escolher entre muitas lotarias e h\u00e1 sempre um grande jackpot \u00e0 espera<\/li>\n<li>recebe um bilhete efetivo<\/li>\n<li>pode jogar onde quer que esteja<\/li>\n<li>pode pagar confortavelmente online, temos uma s\u00e9rie de op\u00e7\u00f5es, incluindo cart\u00e3o de cr\u00e9dito<\/li>\n<li>os seus ganhos mais pequenos, at\u00e9 2500 euros, ser\u00e3o imediatamente creditados na sua conta de jogador<\/li>\n<li>para pr\u00e9mios superiores a 2500 euros, trataremos do seu pagamento diretamente da lotaria, sem qualquer custo<\/li>\n<\/ul>\n<p>Quem pode jogar nas lotarias?<\/p>\n<p>Qualquer pessoa pode jogar &#8211; mas tem de ter mais de 18 anos para jogar na lotaria.<\/p>\n<p>Posso jogar numa lotaria de um pa\u00eds estrangeiro?<\/p>\n<p>Sim. Independentemente do pa\u00eds em que vive, pode participar em todas as lotarias apresentadas no nosso s\u00edtio Web.<\/p>\n<p>Posso escolher os meus pr\u00f3prios n\u00fameros da lotaria?<\/p>\n<p>Sim. Pode escolher os n\u00fameros manualmente ou pode utilizar a fun\u00e7\u00e3o &#8220;Quick Pick&#8221; e gerar n\u00fameros aleatoriamente.<\/p>\n<p>Como \u00e9 que vou receber o meu bilhete de lotaria?<\/p>\n<p>Ap\u00f3s o pagamento bem sucedido, recebe um e-mail com a confirma\u00e7\u00e3o da compra. Os n\u00fameros que seleccionou estar\u00e3o vis\u00edveis na sua conta. Obviamente, o processo de compra e digitaliza\u00e7\u00e3o demora algum tempo, mas 2 ou 3 horas mais tarde, poder\u00e1 encontrar o bilhete digitalizado depois de iniciar sess\u00e3o na sua conta.<\/p>\n<p>Como posso pagar os meus bilhetes de lotaria?<\/p>\n<p>Temos v\u00e1rias op\u00e7\u00f5es de pagamento para si, incluindo pagamento por cart\u00e3o de cr\u00e9dito, transfer\u00eancia banc\u00e1ria instant\u00e2nea, v\u00e1rias criptomoedas e muito mais.<br \/>\nTamb\u00e9m pode depositar dinheiro na sua conta de jogador primeiro, e depois utilizar o seu novo saldo para comprar bilhetes sempre que quiser. Ter um saldo torna o processo de pagamento muito mais r\u00e1pido!<\/p>\n<p>Voc\u00eas cobram uma comiss\u00e3o se eu ganhar?<\/p>\n<p>N\u00e3o, n\u00e3o cobramos. Todos os seus ganhos ser\u00e3o pagos na \u00edntegra, sem cobran\u00e7a de qualquer taxa, exceto as taxas de transfer\u00eancia banc\u00e1ria em alguns casos.<\/p>\n<p>Como \u00e9 que posso saber se ganhei?<\/p>\n<p>Em primeiro lugar, enviar-lhe-emos um e-mail a inform\u00e1-lo do seu pr\u00e9mio. Al\u00e9m disso, pode sempre entrar na sua conta e consultar a sec\u00e7\u00e3o &#8220;Os meus bilhetes&#8221; e verificar o estado dos seus bilhetes. As actualiza\u00e7\u00f5es com os n\u00fameros vencedores de todas as lotarias podem ser consultadas no nosso site.<\/p>\n<p>Como \u00e9 que me pagam se eu ganhar?<\/p>\n<p>Se ganhar um pr\u00e9mio at\u00e9 2500 euros, este ser\u00e1 imediatamente creditado na sua conta de jogador. Para pr\u00e9mios superiores, enviamos-te um formul\u00e1rio de reclama\u00e7\u00e3o por e-mail. Tens de te identificar e fornecer algumas informa\u00e7\u00f5es b\u00e1sicas, como a forma como gostarias de ser pago. Em seguida, apresentamos o seu pedido \u00e0 empresa de lotaria. A empresa de lotaria paga-lhe diretamente.<br \/>\nSe preferir, tamb\u00e9m pode levantar o seu bilhete num dos escrit\u00f3rios dos nossos agentes e apresent\u00e1-lo pessoalmente \u00e0 lotaria.<\/p>\n<p>O vosso servi\u00e7o \u00e9 realmente legal?<\/p>\n<p>Sim, sem d\u00favida. \u00c9 como se estivesse de f\u00e9rias no pa\u00eds da lotaria e comprasse um bilhete. Se esse bilhete for premiado, tem o mesmo direito de receber o pr\u00e9mio que qualquer outra pessoa.<\/p>\n<p>Como posso saber se um bilhete de lotaria est\u00e1 a ser comprado em meu nome?<\/p>\n<p>Depois de ter pago o seu bilhete de lotaria, receber\u00e1 primeiro uma confirma\u00e7\u00e3o de pagamento. Um pouco mais tarde, poder\u00e1 ver a digitaliza\u00e7\u00e3o do seu bilhete na \u00e1rea do cliente no nosso s\u00edtio Web.<\/p>\n","protected":false},"excerpt":{"rendered":"<p>FAQ da Lotaria Online Aqui pode encontrar as respostas \u00e0s perguntas mais frequentes sobre o funcionamento do servi\u00e7o de lotaria online. Como \u00e9 que recebo os meus bilhetes? Em seguida, um dos nossos agentes no local compra o bilhete em seu nome e por sua conta. Em seguida, o bilhete \u00e9 digitalizado e transferido para [&hellip;]<\/p>\n","protected":false},"author":1,"featured_media":0,"parent":0,"menu_order":50,"comment_status":"closed","ping_status":"closed","template":"","meta":{"_et_pb_use_builder":"","_et_pb_old_content":"","_et_gb_content_width":"","exclude_from_search":false,"footnotes":""},"class_list":["post-84449","page","type-page","status-publish","hentry"],"yoast_head":"<!-- This site is optimized with the Yoast SEO plugin v23.4 - https:\/\/yoast.com\/wordpress\/plugins\/seo\/ -->\n<title>Respostas \u00e0s perguntas mais comuns sobre o nosso servi\u00e7o de lotaria online<\/title>\n<meta name=\"description\" content=\"Quer saber mais sobre como funciona o nosso servi\u00e7o de mensagens de bilhetes de lotaria online? Encontre aqui as respostas para as perguntas mais comuns\" \/>\n<meta name=\"robots\" content=\"index, follow, max-snippet:-1, max-image-preview:large, max-video-preview:-1\" \/>\n<link rel=\"canonical\" href=\"https:\/\/onlinelotto365.com\/pt-pt\/perguntas-frequentes\/\" \/>\n<meta property=\"og:locale\" content=\"pt_PT\" \/>\n<meta property=\"og:type\" content=\"article\" \/>\n<meta property=\"og:title\" content=\"Respostas \u00e0s perguntas mais comuns sobre o nosso servi\u00e7o de lotaria online\" \/>\n<meta property=\"og:description\" content=\"Quer saber mais sobre como funciona o nosso servi\u00e7o de mensagens de bilhetes de lotaria online? Encontre aqui as respostas para as perguntas mais comuns\" \/>\n<meta property=\"og:url\" content=\"https:\/\/onlinelotto365.com\/pt-pt\/perguntas-frequentes\/\" \/>\n<meta property=\"og:site_name\" content=\"OnlineLotto365\" \/>\n<meta name=\"twitter:card\" content=\"summary_large_image\" \/>\n<meta name=\"twitter:label1\" content=\"Tempo estimado de leitura\" \/>\n\t<meta name=\"twitter:data1\" content=\"3 minutos\" \/>\n<script type=\"application\/ld+json\" class=\"yoast-schema-graph\">{\"@context\":\"https:\/\/schema.org\",\"@graph\":[{\"@type\":\"WebPage\",\"@id\":\"https:\/\/onlinelotto365.com\/pt-pt\/perguntas-frequentes\/\",\"url\":\"https:\/\/onlinelotto365.com\/pt-pt\/perguntas-frequentes\/\",\"name\":\"Respostas \u00e0s perguntas mais comuns sobre o nosso servi\u00e7o de lotaria online\",\"isPartOf\":{\"@id\":\"https:\/\/onlinelotto365.com\/pt-pt\/#website\"},\"datePublished\":\"2023-10-03T12:10:07+00:00\",\"dateModified\":\"2023-10-03T12:10:07+00:00\",\"description\":\"Quer saber mais sobre como funciona o nosso servi\u00e7o de mensagens de bilhetes de lotaria online? Encontre aqui as respostas para as perguntas mais comuns\",\"breadcrumb\":{\"@id\":\"https:\/\/onlinelotto365.com\/pt-pt\/perguntas-frequentes\/#breadcrumb\"},\"inLanguage\":\"pt-PT\",\"potentialAction\":[{\"@type\":\"ReadAction\",\"target\":[\"https:\/\/onlinelotto365.com\/pt-pt\/perguntas-frequentes\/\"]}]},{\"@type\":\"BreadcrumbList\",\"@id\":\"https:\/\/onlinelotto365.com\/pt-pt\/perguntas-frequentes\/#breadcrumb\",\"itemListElement\":[{\"@type\":\"ListItem\",\"position\":1,\"name\":\"Home\",\"item\":\"https:\/\/onlinelotto365.com\/pt-pt\/\"},{\"@type\":\"ListItem\",\"position\":2,\"name\":\"PERGUNTAS FREQUENTES\"}]},{\"@type\":\"WebSite\",\"@id\":\"https:\/\/onlinelotto365.com\/pt-pt\/#website\",\"url\":\"https:\/\/onlinelotto365.com\/pt-pt\/\",\"name\":\"OnlineLotto365\",\"description\":\"\",\"potentialAction\":[{\"@type\":\"SearchAction\",\"target\":{\"@type\":\"EntryPoint\",\"urlTemplate\":\"https:\/\/onlinelotto365.com\/pt-pt\/?s={search_term_string}\"},\"query-input\":{\"@type\":\"PropertyValueSpecification\",\"valueRequired\":true,\"valueName\":\"search_term_string\"}}],\"inLanguage\":\"pt-PT\"}]}<\/script>\n<!-- \/ Yoast SEO plugin. -->","yoast_head_json":{"title":"Respostas \u00e0s perguntas mais comuns sobre o nosso servi\u00e7o de lotaria online","description":"Quer saber mais sobre como funciona o nosso servi\u00e7o de mensagens de bilhetes de lotaria online? Encontre aqui as respostas para as perguntas mais comuns","robots":{"index":"index","follow":"follow","max-snippet":"max-snippet:-1","max-image-preview":"max-image-preview:large","max-video-preview":"max-video-preview:-1"},"canonical":"https:\/\/onlinelotto365.com\/pt-pt\/perguntas-frequentes\/","og_locale":"pt_PT","og_type":"article","og_title":"Respostas \u00e0s perguntas mais comuns sobre o nosso servi\u00e7o de lotaria online","og_description":"Quer saber mais sobre como funciona o nosso servi\u00e7o de mensagens de bilhetes de lotaria online? Encontre aqui as respostas para as perguntas mais comuns","og_url":"https:\/\/onlinelotto365.com\/pt-pt\/perguntas-frequentes\/","og_site_name":"OnlineLotto365","twitter_card":"summary_large_image","twitter_misc":{"Tempo estimado de leitura":"3 minutos"},"schema":{"@context":"https:\/\/schema.org","@graph":[{"@type":"WebPage","@id":"https:\/\/onlinelotto365.com\/pt-pt\/perguntas-frequentes\/","url":"https:\/\/onlinelotto365.com\/pt-pt\/perguntas-frequentes\/","name":"Respostas \u00e0s perguntas mais comuns sobre o nosso servi\u00e7o de lotaria online","isPartOf":{"@id":"https:\/\/onlinelotto365.com\/pt-pt\/#website"},"datePublished":"2023-10-03T12:10:07+00:00","dateModified":"2023-10-03T12:10:07+00:00","description":"Quer saber mais sobre como funciona o nosso servi\u00e7o de mensagens de bilhetes de lotaria online? Encontre aqui as respostas para as perguntas mais comuns","breadcrumb":{"@id":"https:\/\/onlinelotto365.com\/pt-pt\/perguntas-frequentes\/#breadcrumb"},"inLanguage":"pt-PT","potentialAction":[{"@type":"ReadAction","target":["https:\/\/onlinelotto365.com\/pt-pt\/perguntas-frequentes\/"]}]},{"@type":"BreadcrumbList","@id":"https:\/\/onlinelotto365.com\/pt-pt\/perguntas-frequentes\/#breadcrumb","itemListElement":[{"@type":"ListItem","position":1,"name":"Home","item":"https:\/\/onlinelotto365.com\/pt-pt\/"},{"@type":"ListItem","position":2,"name":"PERGUNTAS FREQUENTES"}]},{"@type":"WebSite","@id":"https:\/\/onlinelotto365.com\/pt-pt\/#website","url":"https:\/\/onlinelotto365.com\/pt-pt\/","name":"OnlineLotto365","description":"","potentialAction":[{"@type":"SearchAction","target":{"@type":"EntryPoint","urlTemplate":"https:\/\/onlinelotto365.com\/pt-pt\/?s={search_term_string}"},"query-input":{"@type":"PropertyValueSpecification","valueRequired":true,"valueName":"search_term_string"}}],"inLanguage":"pt-PT"}]}},"_links":{"self":[{"href":"https:\/\/onlinelotto365.com\/pt-pt\/wp-json\/wp\/v2\/pages\/84449","targetHints":{"allow":["GET"]}}],"collection":[{"href":"https:\/\/onlinelotto365.com\/pt-pt\/wp-json\/wp\/v2\/pages"}],"about":[{"href":"https:\/\/onlinelotto365.com\/pt-pt\/wp-json\/wp\/v2\/types\/page"}],"author":[{"embeddable":true,"href":"https:\/\/onlinelotto365.com\/pt-pt\/wp-json\/wp\/v2\/users\/1"}],"replies":[{"embeddable":true,"href":"https:\/\/onlinelotto365.com\/pt-pt\/wp-json\/wp\/v2\/comments?post=84449"}],"version-history":[{"count":0,"href":"https:\/\/onlinelotto365.com\/pt-pt\/wp-json\/wp\/v2\/pages\/84449\/revisions"}],"wp:attachment":[{"href":"https:\/\/onlinelotto365.com\/pt-pt\/wp-json\/wp\/v2\/media?parent=84449"}],"curies":[{"name":"wp","href":"https:\/\/api.w.org\/{rel}","templated":true}]}}