{"id":11599,"date":"2020-12-20T11:26:08","date_gmt":"2020-12-20T10:26:08","guid":{"rendered":"http:\/\/onlinelotto365.net\/?page_id=11599"},"modified":"2022-11-09T10:29:45","modified_gmt":"2022-11-09T09:29:45","slug":"el-gordo","status":"publish","type":"page","link":"https:\/\/onlinelotto365.com\/ro\/joaca\/el-gordo\/","title":{"rendered":"Cum pot participa la El Gordo reziden\u021bii din Rom\u00e2nia?"},"content":{"rendered":"<p>Dac\u0103 locui\u021bi \u00een Spania, atunci nu trebuie s\u0103 v\u0103 spun c\u00e2t de interesant este Loto El Gordo. Cu toate acestea, cei mai mul\u021bi juc\u0103tori de loterie nu locuiesc acolo \u0219i majoritatea nu au auzit niciodat\u0103 de cea mai mare loterie din Spania. P\u00e2n\u0103 de cur\u00e2nd, acest lucru nu conta deloc, deoarece oricum nu puteai juca la ea, deoarece Spania era singurul loc \u00een care puteai cump\u0103ra bilete la ea.<\/p>\n<p>Prin magia internetului, \u00een aceste zile, peste 150.000 de juc\u0103tori din peste 140 de \u021b\u0103ri, inclusiv din Rom\u00e2nia, se pot bucura s\u0103 joace El Gordo online. Tot ce trebuie s\u0103 faci acum pentru a cump\u0103ra bilete este s\u0103 \u0219tii de unde s\u0103 le cumperi online. Aici suntem aici pentru a te ajuta.<\/p>\n<p>Noul nostru serviciu grozav nu numai c\u0103 v\u0103 d\u0103 posibilitatea s\u0103 cump\u0103ra\u021bi bilete la Loto El Gordo online, dar pute\u021bi cump\u0103ra online \u0219i bilete la toate celelalte loterii mari din lume. Facem ca toate acestea s\u0103 fie incredibil de u\u0219oare pentru dumneavoastr\u0103, iar \u00een c\u00e2teva minute scurte pute\u021bi lua oric\u00e2te bilete dori\u021bi pentru urm\u0103toarea extragere, pe l\u00e2ng\u0103 orice alt bilet de loterie mare pe care \u00eel dori\u021bi.<\/p>\n<p><a href=\"https:\/\/redfoxlotto.com\/play\/el-gordo-primitiva\/?ref=a8564250a2&amp;medium=ol365\" target=\"_blank\" rel=\"noopener noreferrer\"><img decoding=\"async\" class=\"aligncenter\" src=\"https:\/\/redfoxlotto.com\/image?size=8&amp;lottery=el-gordo-primitiva\" alt=\"el gordo la primitiva\" \/><\/a><\/p>\n<p>A\u0219adar, prin intermediul serviciului nostru online, entuziasmul de a juca la loterie a crescut la propor\u021bii epice. Lua\u021bi c\u00e2t de mult v\u0103 bucura\u021bi de loto acum \u0219i \u00eenmul\u021bi\u021bi\u021bi acest lucru de zece sau dou\u0103zeci de ori \u0219i imagina\u021bi-v\u0103 cum ar fi. Apoi, doar \u00eenregistra\u021bi-v\u0103 un cont aici \u0219i preg\u0103ti\u021bi-v\u0103 s\u0103 face\u021bi totul s\u0103 se \u00eent\u00e2mple.<\/p>\n<h2>El Gordo \u00eenseamn\u0103 &#8222;The Big One<\/h2>\n<p>Jackpoturile de la El Gordo sunt toate uria\u0219e, ceea ce este un lucru pe care to\u021bi juc\u0103torii de loto \u00eel iubesc la nebunie. S-au dus zilele \u00een care trebuia s\u0103 a\u0219tep\u021bi destul de mult timp, \u00een speran\u021ba c\u0103 jackpot-ul loteriei tale preferate va cre\u0219te \u0219i cre\u0219te p\u00e2n\u0103 c\u00e2nd, \u00een sf\u00e2r\u0219it, devine suficient de enorm \u00eenc\u00e2t oamenii s\u0103 se pr\u0103bu\u0219easc\u0103 s\u0103 cumpere bilete. Acum, exist\u0103 multe loterii \u00een \u00eentreaga lume care \u00eencep cu jackpoturi enorme \u0219i care devin din ce \u00een ce mai enorme. Aceast\u0103 loterie este cu siguran\u021b\u0103 una dintre ele. De exemplu, \u00een momentul \u00een care scriu aceste r\u00e2nduri, jackpotul actual este de 23 de milioane de euro.<\/p>\n<p>\u00cen plus, dac\u0103 v\u0103 plac jackpoturile mari ca acesta, a\u0219a cum sunt sigur c\u0103 ne plac tuturor, exist\u0103 mult mai multe pentru dvs. de unde a venit acesta, cu unele jackpoturi chiar mult mai mari. Cu toate acestea, nu este o chestiune de a juca doar una, ve\u021bi dori s\u0103 juca\u021bi cel pu\u021bin c\u00e2teva dintre aceste loterii, iar El Gordo este cu siguran\u021b\u0103 una care merit\u0103 jucat\u0103.<\/p>\n<h2>Despre El Gordo<\/h2>\n<ul>\n<li>\u021aar\u0103: Spania<\/li>\n<li>Intervalul principal de numere principale: 54<\/li>\n<li>Tu alegi: 5<\/li>\n<li>Numere suplimentare: nici unul<\/li>\n<li>Tu alegi: niciunul<\/li>\n<li>Zilele \u0219i orele de extragere: Duminic\u0103, 21:30 CET, 21:30 CET<\/li>\n<li>Jackpot minim: 4 milioane de euro<\/li>\n<li>Jackpot plafonat la maxim: f\u0103r\u0103 maxim<\/li>\n<li>Probabilitatea de a c\u00e2\u0219tiga jackpotul: 1 la 31.625.100<\/li>\n<li>Probabilitatea unui c\u00e2\u0219tig de nivel 2: 1 la 3.513.900<\/li>\n<li>Probabilitatea de a c\u00e2\u0219tiga \u00een orice nivel: 1 la 6,16<\/li>\n<li>Evenimente speciale pentru El Gordo: Christmas Special<\/li>\n<\/ul>\n<p>La fel ca la multe loterii mari, extragerea are dou\u0103 p\u0103r\u021bi. Prima implic\u0103 alegerea a 5 numere din 54 de numere. Dac\u0103 reu\u0219i\u021bi acest lucru, v\u0103 a\u0219teapt\u0103 deja un premiu foarte mare. Apoi, dac\u0103 at\u00e2t cele 5 numere c\u00e2t \u0219i num\u0103rul cheie \u00eentre 1 \u0219i 9 se potrivesc, a\u021bi reu\u0219it \u0219i a\u021bi c\u00e2\u0219tigat marele premiu.<\/p>\n<p>Exist\u0103 un total de 9 categorii de premii diferite cu El Gordo, \u00eencep\u00e2nd doar cu potrivirea num\u0103rului critic \u00eentre 1 \u0219i 9, p\u00e2n\u0103 la cel mare. A\u0219adar, de\u0219i cu to\u021bii ne dorim cu adev\u0103rat s\u0103 c\u00e2\u0219tig\u0103m jackpoturile, este cu siguran\u021b\u0103 pl\u0103cut atunci c\u00e2nd c\u00e2\u0219tigi un premiu de orice valoare, iar cea mai popular\u0103 loterie din Spania \u00ee\u021bi ofer\u0103 o \u0219ans\u0103 \u0219i mai bun\u0103 de a reu\u0219i acest lucru dec\u00e2t alte loterii.<\/p>\n<p>De asemenea, spre deosebire de unele \u021b\u0103ri, c\u00e2\u0219tigurile la loto \u00een Spania sunt scutite de taxe. Este posibil s\u0103 trebuiasc\u0103 sau nu s\u0103 v\u0103 declara\u021bi c\u00e2\u0219tigurile la guvern, \u00een func\u021bie de locul \u00een care locui\u021bi, dar unele locuri re\u021bin impozite cu c\u00e2\u0219tigurile la loterie, chiar dac\u0103 c\u00e2\u0219tigurile la loterie pot fi scutite de impozite \u00een \u021bara dumneavoastr\u0103. De\u0219i pute\u021bi recupera ace\u0219ti bani, este un inconvenient pentru care nu trebuie s\u0103 v\u0103 face\u021bi griji cu El Gordo.<\/p>\n<p>Cu toate acestea, chiar \u0219i \u00een \u021b\u0103rile care fac acest lucru, ori de c\u00e2te ori ve\u021bi c\u00e2\u0219tiga jackpot-ul, banii pe care \u00eei ve\u021bi primi \u00een avans cu sau f\u0103r\u0103 re\u021binere de taxe v\u0103 vor ajunge oricum cu siguran\u021b\u0103 pentru o perioad\u0103 lung\u0103 de timp, a\u0219a c\u0103 acest lucru nu ar trebui s\u0103 v\u0103 preocupe cu adev\u0103rat. \u0218i nici nu ar trebui s\u0103 trebuiasc\u0103 s\u0103 face\u021bi o c\u0103l\u0103torie \u00een Spania pentru a v\u0103 ridica milioanele. Probabil c\u0103 ve\u021bi c\u0103l\u0103tori mult mai mult dec\u00e2t at\u00e2t \u0219i a\u021bi putea la fel de bine s\u0103 v\u0103 \u00eencepe\u021bi cariera de jet-setter cu aceast\u0103 c\u0103l\u0103torie.<\/p>\n<h2>De ce s\u0103 ratezi El Gordo din moment ce nu trebuie s\u0103 o faci acum?<\/h2>\n<p>Ani de zile ai avut o scuz\u0103 bun\u0103 s\u0103 nu joci la Loto El Gordo pentru c\u0103 locuie\u0219ti \u00een Rom\u00e2nia \u0219i nu \u00een Spania. Din fericire, \u00eens\u0103, acest lucru nu mai este cazul. Cine \u0219tie c\u00e2\u021bi bani ai fi putut c\u00e2\u0219tiga dac\u0103 ai fi jucat tot timpul la aceast\u0103 loterie \u0219i la toate celelalte mari loterii din lume?<\/p>\n<p>Ei bine, nu trebuie s\u0103 v\u0103 mai \u00eentreba\u021bi acest lucru, deoarece acum v\u0103 aducem El Gordo chiar la dumneavoastr\u0103 acas\u0103, chiar acolo unde sta\u021bi chiar acum. \u0218tiu c\u0103 v\u0103 place s\u0103 juca\u021bi la loto, altfel nu a\u021bi fi citit aceste r\u00e2nduri. De ce s\u0103 nu v\u0103 r\u0103sf\u0103\u021ba\u021bi cu un bilet de loterie El Gordo chiar acum? \u00cen timp ce sunte\u021bi la el, de ce nu verifica\u021bi tot ceea ce mai avem de oferit?<\/p>\n<h2>Cum s\u0103 verifica\u021bi rezultatele la El Gordo<\/h2>\n<p>V\u0103 pute\u021bi \u00eentoarce aici pentru a verifica numerele c\u00e2\u0219tig\u0103toare \u0219i pentru a le compara cu biletele El Gordo. \u00ce\u021bi vom ar\u0103ta cele mai recente numere c\u00e2\u0219tig\u0103toare al\u0103turi de numerele din biletul t\u0103u. Bine\u00een\u021beles, pute\u021bi vedea \u0219i c\u00e2t a\u021bi c\u00e2\u0219tigat, dac\u0103 a\u021bi c\u00e2\u0219tigat.<\/p>\n<p>Primirea c\u00e2\u0219tigurilor \u00een contul dvs. face, de asemenea, parte din serviciul nostru. Modul \u00een care ve\u021bi fi pl\u0103tit depinde de c\u00e2t de mult a\u021bi c\u00e2\u0219tigat. Noi nu lu\u0103m niciun ban din c\u00e2\u0219tigurile dumneavoastr\u0103 pentru acest serviciu.<\/p>\n","protected":false},"excerpt":{"rendered":"<p>Dac\u0103 locui\u021bi \u00een Spania, atunci nu trebuie s\u0103 v\u0103 spun c\u00e2t de interesant este Loto El Gordo. Cu toate acestea, cei mai mul\u021bi juc\u0103tori de loterie nu locuiesc acolo \u0219i majoritatea nu au auzit niciodat\u0103 de cea mai mare loterie din Spania. P\u00e2n\u0103 de cur\u00e2nd, acest lucru nu conta deloc, deoarece oricum nu puteai juca [&hellip;]<\/p>\n","protected":false},"author":1,"featured_media":0,"parent":5032,"menu_order":6,"comment_status":"closed","ping_status":"closed","template":"el-gordo.php","meta":{"_et_pb_use_builder":"","_et_pb_old_content":"","_et_gb_content_width":"","exclude_from_search":false,"footnotes":""},"class_list":["post-11599","page","type-page","status-publish","hentry"],"yoast_head":"<!-- This site is optimized with the Yoast SEO plugin v23.4 - https:\/\/yoast.com\/wordpress\/plugins\/seo\/ -->\n<title>Joac\u0103 El Gordo online din Rom\u00e2nia | Pot s\u0103 particip la El Gordo dac\u0103 locuiesc \u00een Rom\u00e2nia?<\/title>\n<meta name=\"description\" content=\"Joac\u0103 la El Gordo Lotto aici - cea mai mare loterie din Spania, disponibil\u0103 online din orice \u021bar\u0103\" \/>\n<meta name=\"robots\" content=\"index, follow, max-snippet:-1, max-image-preview:large, max-video-preview:-1\" \/>\n<link rel=\"canonical\" href=\"https:\/\/onlinelotto365.com\/ro\/joaca\/el-gordo\/\" \/>\n<meta property=\"og:locale\" content=\"ro_RO\" \/>\n<meta property=\"og:type\" content=\"article\" \/>\n<meta property=\"og:title\" content=\"Joac\u0103 El Gordo online din Rom\u00e2nia | Pot s\u0103 particip la El Gordo dac\u0103 locuiesc \u00een Rom\u00e2nia?\" \/>\n<meta property=\"og:description\" content=\"Joac\u0103 la El Gordo Lotto aici - cea mai mare loterie din Spania, disponibil\u0103 online din orice \u021bar\u0103\" \/>\n<meta property=\"og:url\" content=\"https:\/\/onlinelotto365.com\/ro\/joaca\/el-gordo\/\" \/>\n<meta property=\"og:site_name\" content=\"OnlineLotto365\" \/>\n<meta property=\"article:modified_time\" content=\"2022-11-09T09:29:45+00:00\" \/>\n<meta property=\"og:image\" content=\"https:\/\/redfoxlotto.com\/image?size=8&amp;lottery=el-gordo-primitiva\" \/>\n<meta name=\"twitter:card\" content=\"summary_large_image\" \/>\n<meta name=\"twitter:label1\" content=\"Timp estimat pentru citire\" \/>\n\t<meta name=\"twitter:data1\" content=\"5 minute\" \/>\n<script type=\"application\/ld+json\" class=\"yoast-schema-graph\">{\"@context\":\"https:\/\/schema.org\",\"@graph\":[{\"@type\":\"WebPage\",\"@id\":\"https:\/\/onlinelotto365.com\/ro\/joaca\/el-gordo\/\",\"url\":\"https:\/\/onlinelotto365.com\/ro\/joaca\/el-gordo\/\",\"name\":\"Joac\u0103 El Gordo online din Rom\u00e2nia | Pot s\u0103 particip la El Gordo dac\u0103 locuiesc \u00een Rom\u00e2nia?\",\"isPartOf\":{\"@id\":\"https:\/\/onlinelotto365.com\/ro\/#website\"},\"primaryImageOfPage\":{\"@id\":\"https:\/\/onlinelotto365.com\/ro\/joaca\/el-gordo\/#primaryimage\"},\"image\":{\"@id\":\"https:\/\/onlinelotto365.com\/ro\/joaca\/el-gordo\/#primaryimage\"},\"thumbnailUrl\":\"https:\/\/redfoxlotto.com\/image?size=8&amp;lottery=el-gordo-primitiva\",\"datePublished\":\"2020-12-20T10:26:08+00:00\",\"dateModified\":\"2022-11-09T09:29:45+00:00\",\"description\":\"Joac\u0103 la El Gordo Lotto aici - cea mai mare loterie din Spania, disponibil\u0103 online din orice \u021bar\u0103\",\"breadcrumb\":{\"@id\":\"https:\/\/onlinelotto365.com\/ro\/joaca\/el-gordo\/#breadcrumb\"},\"inLanguage\":\"ro-RO\",\"potentialAction\":[{\"@type\":\"ReadAction\",\"target\":[\"https:\/\/onlinelotto365.com\/ro\/joaca\/el-gordo\/\"]}]},{\"@type\":\"ImageObject\",\"inLanguage\":\"ro-RO\",\"@id\":\"https:\/\/onlinelotto365.com\/ro\/joaca\/el-gordo\/#primaryimage\",\"url\":\"https:\/\/redfoxlotto.com\/image?size=8&amp;lottery=el-gordo-primitiva\",\"contentUrl\":\"https:\/\/redfoxlotto.com\/image?size=8&amp;lottery=el-gordo-primitiva\"},{\"@type\":\"BreadcrumbList\",\"@id\":\"https:\/\/onlinelotto365.com\/ro\/joaca\/el-gordo\/#breadcrumb\",\"itemListElement\":[{\"@type\":\"ListItem\",\"position\":1,\"name\":\"Home\",\"item\":\"https:\/\/onlinelotto365.com\/ro\/\"},{\"@type\":\"ListItem\",\"position\":2,\"name\":\"Tot ceea ce trebuie s\u0103 \u0219tii despre op\u021biunile tale de a juca la cele mai bune loterii online.\",\"item\":\"https:\/\/onlinelotto365.com\/ro\/joaca\/\"},{\"@type\":\"ListItem\",\"position\":3,\"name\":\"Cum pot participa la El Gordo reziden\u021bii din Rom\u00e2nia?\"}]},{\"@type\":\"WebSite\",\"@id\":\"https:\/\/onlinelotto365.com\/ro\/#website\",\"url\":\"https:\/\/onlinelotto365.com\/ro\/\",\"name\":\"OnlineLotto365\",\"description\":\"\",\"potentialAction\":[{\"@type\":\"SearchAction\",\"target\":{\"@type\":\"EntryPoint\",\"urlTemplate\":\"https:\/\/onlinelotto365.com\/ro\/?s={search_term_string}\"},\"query-input\":{\"@type\":\"PropertyValueSpecification\",\"valueRequired\":true,\"valueName\":\"search_term_string\"}}],\"inLanguage\":\"ro-RO\"}]}<\/script>\n<!-- \/ Yoast SEO plugin. -->","yoast_head_json":{"title":"Joac\u0103 El Gordo online din Rom\u00e2nia | Pot s\u0103 particip la El Gordo dac\u0103 locuiesc \u00een Rom\u00e2nia?","description":"Joac\u0103 la El Gordo Lotto aici - cea mai mare loterie din Spania, disponibil\u0103 online din orice \u021bar\u0103","robots":{"index":"index","follow":"follow","max-snippet":"max-snippet:-1","max-image-preview":"max-image-preview:large","max-video-preview":"max-video-preview:-1"},"canonical":"https:\/\/onlinelotto365.com\/ro\/joaca\/el-gordo\/","og_locale":"ro_RO","og_type":"article","og_title":"Joac\u0103 El Gordo online din Rom\u00e2nia | Pot s\u0103 particip la El Gordo dac\u0103 locuiesc \u00een Rom\u00e2nia?","og_description":"Joac\u0103 la El Gordo Lotto aici - cea mai mare loterie din Spania, disponibil\u0103 online din orice \u021bar\u0103","og_url":"https:\/\/onlinelotto365.com\/ro\/joaca\/el-gordo\/","og_site_name":"OnlineLotto365","article_modified_time":"2022-11-09T09:29:45+00:00","og_image":[{"url":"https:\/\/redfoxlotto.com\/image?size=8&amp;lottery=el-gordo-primitiva"}],"twitter_card":"summary_large_image","twitter_misc":{"Timp estimat pentru citire":"5 minute"},"schema":{"@context":"https:\/\/schema.org","@graph":[{"@type":"WebPage","@id":"https:\/\/onlinelotto365.com\/ro\/joaca\/el-gordo\/","url":"https:\/\/onlinelotto365.com\/ro\/joaca\/el-gordo\/","name":"Joac\u0103 El Gordo online din Rom\u00e2nia | Pot s\u0103 particip la El Gordo dac\u0103 locuiesc \u00een Rom\u00e2nia?","isPartOf":{"@id":"https:\/\/onlinelotto365.com\/ro\/#website"},"primaryImageOfPage":{"@id":"https:\/\/onlinelotto365.com\/ro\/joaca\/el-gordo\/#primaryimage"},"image":{"@id":"https:\/\/onlinelotto365.com\/ro\/joaca\/el-gordo\/#primaryimage"},"thumbnailUrl":"https:\/\/redfoxlotto.com\/image?size=8&amp;lottery=el-gordo-primitiva","datePublished":"2020-12-20T10:26:08+00:00","dateModified":"2022-11-09T09:29:45+00:00","description":"Joac\u0103 la El Gordo Lotto aici - cea mai mare loterie din Spania, disponibil\u0103 online din orice \u021bar\u0103","breadcrumb":{"@id":"https:\/\/onlinelotto365.com\/ro\/joaca\/el-gordo\/#breadcrumb"},"inLanguage":"ro-RO","potentialAction":[{"@type":"ReadAction","target":["https:\/\/onlinelotto365.com\/ro\/joaca\/el-gordo\/"]}]},{"@type":"ImageObject","inLanguage":"ro-RO","@id":"https:\/\/onlinelotto365.com\/ro\/joaca\/el-gordo\/#primaryimage","url":"https:\/\/redfoxlotto.com\/image?size=8&amp;lottery=el-gordo-primitiva","contentUrl":"https:\/\/redfoxlotto.com\/image?size=8&amp;lottery=el-gordo-primitiva"},{"@type":"BreadcrumbList","@id":"https:\/\/onlinelotto365.com\/ro\/joaca\/el-gordo\/#breadcrumb","itemListElement":[{"@type":"ListItem","position":1,"name":"Home","item":"https:\/\/onlinelotto365.com\/ro\/"},{"@type":"ListItem","position":2,"name":"Tot ceea ce trebuie s\u0103 \u0219tii despre op\u021biunile tale de a juca la cele mai bune loterii online.","item":"https:\/\/onlinelotto365.com\/ro\/joaca\/"},{"@type":"ListItem","position":3,"name":"Cum pot participa la El Gordo reziden\u021bii din Rom\u00e2nia?"}]},{"@type":"WebSite","@id":"https:\/\/onlinelotto365.com\/ro\/#website","url":"https:\/\/onlinelotto365.com\/ro\/","name":"OnlineLotto365","description":"","potentialAction":[{"@type":"SearchAction","target":{"@type":"EntryPoint","urlTemplate":"https:\/\/onlinelotto365.com\/ro\/?s={search_term_string}"},"query-input":{"@type":"PropertyValueSpecification","valueRequired":true,"valueName":"search_term_string"}}],"inLanguage":"ro-RO"}]}},"_links":{"self":[{"href":"https:\/\/onlinelotto365.com\/ro\/wp-json\/wp\/v2\/pages\/11599","targetHints":{"allow":["GET"]}}],"collection":[{"href":"https:\/\/onlinelotto365.com\/ro\/wp-json\/wp\/v2\/pages"}],"about":[{"href":"https:\/\/onlinelotto365.com\/ro\/wp-json\/wp\/v2\/types\/page"}],"author":[{"embeddable":true,"href":"https:\/\/onlinelotto365.com\/ro\/wp-json\/wp\/v2\/users\/1"}],"replies":[{"embeddable":true,"href":"https:\/\/onlinelotto365.com\/ro\/wp-json\/wp\/v2\/comments?post=11599"}],"version-history":[{"count":0,"href":"https:\/\/onlinelotto365.com\/ro\/wp-json\/wp\/v2\/pages\/11599\/revisions"}],"up":[{"embeddable":true,"href":"https:\/\/onlinelotto365.com\/ro\/wp-json\/wp\/v2\/pages\/5032"}],"wp:attachment":[{"href":"https:\/\/onlinelotto365.com\/ro\/wp-json\/wp\/v2\/media?parent=11599"}],"curies":[{"name":"wp","href":"https:\/\/api.w.org\/{rel}","templated":true}]}}