{"id":11622,"date":"2020-12-20T11:39:02","date_gmt":"2020-12-20T10:39:02","guid":{"rendered":"http:\/\/onlinelotto365.net\/?page_id=11622"},"modified":"2022-11-10T11:55:25","modified_gmt":"2022-11-10T10:55:25","slug":"powerball","status":"publish","type":"page","link":"https:\/\/onlinelotto365.com\/ro\/cumpara-bilete\/powerball\/","title":{"rendered":"Cum s\u0103 cumperi bilete Powerball online din Rom\u00e2nia"},"content":{"rendered":"<p>Evident, internetul este cel care v\u0103 permite s\u0103 ob\u021bine\u021bi online un bilet la marile loterii americane. Nu trebuie s\u0103 locui\u021bi \u00een SUA pentru a participa \u0219i a avea \u0219ansa de a c\u00e2\u0219tiga acele jackpoturi incredibile. V\u0103 pute\u021bi cump\u0103ra biletul din Rom\u00e2nia, folosind serviciul nostru online.<\/p>\n<p>Pute\u021bi s\u0103 v\u0103 \u00eenregistra\u021bi mai \u00eent\u00e2i un cont la noi, apoi s\u0103 selecta\u021bi oricare dintre loteriile noastre \u0219i s\u0103 v\u0103 alege\u021bi numerele. Sau, pute\u021bi doar s\u0103 verifica\u021bi mai \u00eent\u00e2i loteriile \u0219i s\u0103 crea\u021bi bilete cu numerele dumneavoastr\u0103. C\u00e2nd sunte\u021bi mul\u021bumit de alegerea dvs., pute\u021bi face checkout. \u00cen acel moment, vi se va cere s\u0103 v\u0103 crea\u021bi un cont.<\/p>\n<p>\u00cen ambele cazuri, dup\u0103 ce v\u0103 \u00eenregistra\u021bi noul cont, va trebui s\u0103 v\u0103 verifica\u021bi c\u0103su\u021ba de e-mail. Ve\u021bi primi un e-mail de verificare cu un link \u00een el. Face\u021bi clic pe acel link pentru a v\u0103 verifica adresa de e-mail. Dup\u0103 ce a\u021bi f\u0103cut acest lucru, contul dvs. este activat. Dac\u0103 nu g\u0103si\u021bi e-mailul de verificare, v\u0103 rug\u0103m s\u0103 verifica\u021bi dosarul de spam. Dup\u0103 ce a\u021bi g\u0103sit e-mailul, este important s\u0103 \u00eel marca\u021bi ca &#8222;not spam&#8221; sau &#8222;not junk&#8221; (nu este spam). Acest lucru asigur\u0103 faptul c\u0103 viitoarele e-mailuri de la noi nu vor ajunge \u00een dosarul dvs. de spam. Imagina\u021bi-v\u0103 c\u0103 rata\u021bi un c\u00e2\u0219tig pentru c\u0103 nu a\u021bi primit notificarea prin e-mail despre acesta!<br \/>\n<a href=\"https:\/\/redfoxlotto.com\/play\/powerball\/?ref=a8564250a2&amp;medium=ol365\" target=\"_blank\" rel=\"noopener noreferrer\"><img loading=\"lazy\" decoding=\"async\" class=\"aligncenter\" src=\"https:\/\/redfoxlotto.com\/image?size=8&amp;lottery=powerball\" alt=\"powerball\" width=\"793\" height=\"98\" \/><\/a><\/p>\n<h2>Cum s\u0103 pl\u0103ti\u021bi biletul Powerball online<\/h2>\n<p>Exist\u0103 dou\u0103 modalit\u0103\u021bi de a pl\u0103ti biletele de loterie online pe care le dori\u021bi.<\/p>\n<p>\u00cen primul r\u00e2nd, pute\u021bi face o depunere \u00een contul dumneavoastr\u0103. Dup\u0103 aceea, pute\u021bi cump\u0103ra c\u00e2te bilete dori\u021bi \u0219i v\u0103 pute\u021bi folosi soldul pentru a le pl\u0103ti.<br \/>\n\u00cen al doilea r\u00e2nd, v\u0103 alege\u021bi mai \u00eent\u00e2i biletele \u0219i apoi pl\u0103ti\u021bi pentru valoarea comenzii.<\/p>\n<p>Ave\u021bi la dispozi\u021bie o serie de op\u021biuni de plat\u0103, iar toate sunt criptate \u00een siguran\u021b\u0103. Cele mai populare metode sunt cardul de credit \u0219i Bitcoin.<\/p>\n<h2>Mai multe informa\u021bii despre Powerball<\/h2>\n<ul>\n<li>Loteria are loc unde: SUA<\/li>\n<li>Din c\u00e2te numere principale pute\u021bi alege: 69<\/li>\n<li>Trebuie s\u0103 selecta\u021bi: 5<\/li>\n<li>C\u00e2te numere suplimentare pute\u021bi alege: 26<\/li>\n<li>Trebuie s\u0103 selecta\u021bi: 1<\/li>\n<li>Extrage\u021bi zile, ore: Miercuri, s\u00e2mb\u0103t\u0103, 21:00 EST, +1 zi 3:00 CET<\/li>\n<li>Jackpotul minim: 40 de milioane de dolari<\/li>\n<li>Valoarea maxim\u0103 a jackpotului: niciunul<\/li>\n<li>Combina\u021bie de numere posibile pentru un c\u00e2\u0219tig de jackpot: 1 \u00een 175.223.510<\/li>\n<li>Combina\u021bie posibil\u0103 de numere pentru un c\u00e2\u0219tig de nivel 2: 1 \u00een 5.006.386<\/li>\n<li>Probabilitatea de a c\u00e2\u0219tiga \u00een orice nivel: 1 la 24,87<\/li>\n<li>C\u00e2te niveluri de premii: 9<\/li>\n<\/ul>\n<p>Cu pu\u021bin timp \u00een urm\u0103, pe 13 februarie 2016, cel mai mare jackpot al loteriei americane din istorie a fost c\u00e2\u0219tigat de trei juc\u0103tori noroco\u0219i. Cu o dimensiune incredibil\u0103 a jackpotului, \u00een valoare total\u0103 de 1,5 miliarde de dolari americani, fanii loto din \u00eentreaga SUA au stat ore \u00eentregi la coad\u0103 pentru un bilet. Dar ce se \u00eent\u00e2mpl\u0103 cu juc\u0103torii de loto din Rom\u00e2nia? Au fost ei exclu\u0219i de la ob\u021binerea unui bilet Powerball dac\u0103 nu se aflau efectiv \u00een SUA \u00een acel moment? Nu, nu au fost exclu\u0219i &#8211; dac\u0103 ar fi \u0219tiut c\u0103 se poate juca la Powerball sau Mega Millions din Rom\u00e2nia!<\/p>\n<h2>Avantajele cump\u0103r\u0103rii biletelor Powerball online<\/h2>\n<p>Prin intermediul acestui serviciu de curierat online de bilete de loterie, pute\u021bi cump\u0103ra bilete la peste 20 dintre cele mai mari loterii de pe aceast\u0103 planet\u0103. Chiar dac\u0103 locui\u021bi \u00een Rom\u00e2nia, pute\u021bi alege loterii care se trag \u00een alte \u021b\u0103ri. Bine\u00een\u021beles, dac\u0103 nu locui\u021bi \u00een Rom\u00e2nia, dar dori\u021bi s\u0103 ob\u021bine\u021bi un bilet pentru loteria din Rom\u00e2nia, pute\u021bi face \u0219i acest lucru online!<\/p>\n<h2>Este legal s\u0103 cumperi bilete Powerball online?<\/h2>\n<p><img loading=\"lazy\" decoding=\"async\" class=\"size-medium wp-image-1356 alignright\" src=\"https:\/\/onlinelotto365.com\/wp-content\/uploads\/2020\/11\/online_lottery-117-300x217.jpg\" alt=\"juca\u021bi Powerball online\" width=\"300\" height=\"217\" \/><br \/>\nEste important de \u0219tiut c\u0103 acesta este un serviciu de mesagerie de bilete legal \u0219i de \u00eencredere. Cump\u0103r\u00e2nd un bilet de loto online, ajunge\u021bi s\u0103 ave\u021bi un contract cu loteria \u00eens\u0103\u0219i &#8211; ceea ce v\u0103 asigur\u0103 c\u0103 banii pe care \u00eei pute\u021bi c\u00e2\u0219tiga vor veni de la ei!<\/p>\n<h2>Cum sunt pl\u0103tit dac\u0103 c\u00e2\u0219tig Powerball online?<\/h2>\n<p>\u00cen cazul \u00een care c\u00e2\u0219tiga\u021bi, procedura de plat\u0103 depinde de suma pe care a\u021bi c\u00e2\u0219tigat-o. Sumele mai mici, sub 2500 \u20ac, vor fi creditate \u00een contul dvs. online. Pute\u021bi fie s\u0103 \u00eencasa\u021bi ace\u0219ti bani, fie s\u0103 \u00eei folosi\u021bi pentru a cump\u0103ra mai multe bilete de loto online. Dac\u0103 ve\u021bi c\u00e2\u0219tiga o sum\u0103 mai mare, atunci v\u0103 vom trimite un formular pe care trebuie s\u0103-l completa\u021bi \u0219i s\u0103 ni-l trimite\u021bi prin e-mail. Noi trimitem apoi formularul la comisia de loterie \u0219i ei v\u0103 vor pl\u0103ti. Acest serviciu este gratuit pentru dumneavoastr\u0103.<\/p>\n<p>Dac\u0103 c\u00e2\u0219tiga\u021bi jackpotul Powerball cu biletul dvs. online, va trebui s\u0103 face\u021bi o alegere. Pute\u021bi primi fie o plat\u0103 unic\u0103, care va fi mai mic\u0103 dec\u00e2t jackpotul real, fie pute\u021bi fi pl\u0103tit \u00een 30 de rate anuale plus dob\u00e2nda.<\/p>\n","protected":false},"excerpt":{"rendered":"<p>Evident, internetul este cel care v\u0103 permite s\u0103 ob\u021bine\u021bi online un bilet la marile loterii americane. Nu trebuie s\u0103 locui\u021bi \u00een SUA pentru a participa \u0219i a avea \u0219ansa de a c\u00e2\u0219tiga acele jackpoturi incredibile. V\u0103 pute\u021bi cump\u0103ra biletul din Rom\u00e2nia, folosind serviciul nostru online. Pute\u021bi s\u0103 v\u0103 \u00eenregistra\u021bi mai \u00eent\u00e2i un cont la noi, [&hellip;]<\/p>\n","protected":false},"author":1,"featured_media":0,"parent":5673,"menu_order":0,"comment_status":"closed","ping_status":"closed","template":"powerball-usa-info.php","meta":{"_et_pb_use_builder":"","_et_pb_old_content":"","_et_gb_content_width":"","exclude_from_search":false,"footnotes":""},"class_list":["post-11622","page","type-page","status-publish","hentry"],"yoast_head":"<!-- This site is optimized with the Yoast SEO plugin v23.4 - https:\/\/yoast.com\/wordpress\/plugins\/seo\/ -->\n<title>Cumpara bilete pentru Powerball online din Rom\u00e2nia | Despre Powerball, cum s\u0103 cumperi bilete online<\/title>\n<meta name=\"description\" content=\"Cump\u0103rarea biletelor pentru celebra loterie Powerball este acum foarte simpl\u0103, ob\u021bine\u021bi-le online din Rom\u00e2nia \u0219i din alte \u021b\u0103ri\" \/>\n<meta name=\"robots\" content=\"index, follow, max-snippet:-1, max-image-preview:large, max-video-preview:-1\" \/>\n<link rel=\"canonical\" href=\"https:\/\/onlinelotto365.com\/ro\/cumpara-bilete\/powerball\/\" \/>\n<meta property=\"og:locale\" content=\"ro_RO\" \/>\n<meta property=\"og:type\" content=\"article\" \/>\n<meta property=\"og:title\" content=\"Cumpara bilete pentru Powerball online din Rom\u00e2nia | Despre Powerball, cum s\u0103 cumperi bilete online\" \/>\n<meta property=\"og:description\" content=\"Cump\u0103rarea biletelor pentru celebra loterie Powerball este acum foarte simpl\u0103, ob\u021bine\u021bi-le online din Rom\u00e2nia \u0219i din alte \u021b\u0103ri\" \/>\n<meta property=\"og:url\" content=\"https:\/\/onlinelotto365.com\/ro\/cumpara-bilete\/powerball\/\" \/>\n<meta property=\"og:site_name\" content=\"OnlineLotto365\" \/>\n<meta property=\"article:modified_time\" content=\"2022-11-10T10:55:25+00:00\" \/>\n<meta property=\"og:image\" content=\"https:\/\/redfoxlotto.com\/image?size=8&amp;lottery=powerball\" \/>\n<meta name=\"twitter:card\" content=\"summary_large_image\" \/>\n<meta name=\"twitter:label1\" content=\"Timp estimat pentru citire\" \/>\n\t<meta name=\"twitter:data1\" content=\"4 minute\" \/>\n<script type=\"application\/ld+json\" class=\"yoast-schema-graph\">{\"@context\":\"https:\/\/schema.org\",\"@graph\":[{\"@type\":\"WebPage\",\"@id\":\"https:\/\/onlinelotto365.com\/ro\/cumpara-bilete\/powerball\/\",\"url\":\"https:\/\/onlinelotto365.com\/ro\/cumpara-bilete\/powerball\/\",\"name\":\"Cumpara bilete pentru Powerball online din Rom\u00e2nia | Despre Powerball, cum s\u0103 cumperi bilete online\",\"isPartOf\":{\"@id\":\"https:\/\/onlinelotto365.com\/ro\/#website\"},\"primaryImageOfPage\":{\"@id\":\"https:\/\/onlinelotto365.com\/ro\/cumpara-bilete\/powerball\/#primaryimage\"},\"image\":{\"@id\":\"https:\/\/onlinelotto365.com\/ro\/cumpara-bilete\/powerball\/#primaryimage\"},\"thumbnailUrl\":\"https:\/\/redfoxlotto.com\/image?size=8&amp;lottery=powerball\",\"datePublished\":\"2020-12-20T10:39:02+00:00\",\"dateModified\":\"2022-11-10T10:55:25+00:00\",\"description\":\"Cump\u0103rarea biletelor pentru celebra loterie Powerball este acum foarte simpl\u0103, ob\u021bine\u021bi-le online din Rom\u00e2nia \u0219i din alte \u021b\u0103ri\",\"breadcrumb\":{\"@id\":\"https:\/\/onlinelotto365.com\/ro\/cumpara-bilete\/powerball\/#breadcrumb\"},\"inLanguage\":\"ro-RO\",\"potentialAction\":[{\"@type\":\"ReadAction\",\"target\":[\"https:\/\/onlinelotto365.com\/ro\/cumpara-bilete\/powerball\/\"]}]},{\"@type\":\"ImageObject\",\"inLanguage\":\"ro-RO\",\"@id\":\"https:\/\/onlinelotto365.com\/ro\/cumpara-bilete\/powerball\/#primaryimage\",\"url\":\"https:\/\/redfoxlotto.com\/image?size=8&amp;lottery=powerball\",\"contentUrl\":\"https:\/\/redfoxlotto.com\/image?size=8&amp;lottery=powerball\"},{\"@type\":\"BreadcrumbList\",\"@id\":\"https:\/\/onlinelotto365.com\/ro\/cumpara-bilete\/powerball\/#breadcrumb\",\"itemListElement\":[{\"@type\":\"ListItem\",\"position\":1,\"name\":\"Home\",\"item\":\"https:\/\/onlinelotto365.com\/ro\/\"},{\"@type\":\"ListItem\",\"position\":2,\"name\":\"De ce are mai mult sens s\u0103 cumperi bilete la loterie online.\",\"item\":\"https:\/\/onlinelotto365.com\/ro\/cumpara-bilete\/\"},{\"@type\":\"ListItem\",\"position\":3,\"name\":\"Cum s\u0103 cumperi bilete Powerball online din Rom\u00e2nia\"}]},{\"@type\":\"WebSite\",\"@id\":\"https:\/\/onlinelotto365.com\/ro\/#website\",\"url\":\"https:\/\/onlinelotto365.com\/ro\/\",\"name\":\"OnlineLotto365\",\"description\":\"\",\"potentialAction\":[{\"@type\":\"SearchAction\",\"target\":{\"@type\":\"EntryPoint\",\"urlTemplate\":\"https:\/\/onlinelotto365.com\/ro\/?s={search_term_string}\"},\"query-input\":{\"@type\":\"PropertyValueSpecification\",\"valueRequired\":true,\"valueName\":\"search_term_string\"}}],\"inLanguage\":\"ro-RO\"}]}<\/script>\n<!-- \/ Yoast SEO plugin. -->","yoast_head_json":{"title":"Cumpara bilete pentru Powerball online din Rom\u00e2nia | Despre Powerball, cum s\u0103 cumperi bilete online","description":"Cump\u0103rarea biletelor pentru celebra loterie Powerball este acum foarte simpl\u0103, ob\u021bine\u021bi-le online din Rom\u00e2nia \u0219i din alte \u021b\u0103ri","robots":{"index":"index","follow":"follow","max-snippet":"max-snippet:-1","max-image-preview":"max-image-preview:large","max-video-preview":"max-video-preview:-1"},"canonical":"https:\/\/onlinelotto365.com\/ro\/cumpara-bilete\/powerball\/","og_locale":"ro_RO","og_type":"article","og_title":"Cumpara bilete pentru Powerball online din Rom\u00e2nia | Despre Powerball, cum s\u0103 cumperi bilete online","og_description":"Cump\u0103rarea biletelor pentru celebra loterie Powerball este acum foarte simpl\u0103, ob\u021bine\u021bi-le online din Rom\u00e2nia \u0219i din alte \u021b\u0103ri","og_url":"https:\/\/onlinelotto365.com\/ro\/cumpara-bilete\/powerball\/","og_site_name":"OnlineLotto365","article_modified_time":"2022-11-10T10:55:25+00:00","og_image":[{"url":"https:\/\/redfoxlotto.com\/image?size=8&amp;lottery=powerball"}],"twitter_card":"summary_large_image","twitter_misc":{"Timp estimat pentru citire":"4 minute"},"schema":{"@context":"https:\/\/schema.org","@graph":[{"@type":"WebPage","@id":"https:\/\/onlinelotto365.com\/ro\/cumpara-bilete\/powerball\/","url":"https:\/\/onlinelotto365.com\/ro\/cumpara-bilete\/powerball\/","name":"Cumpara bilete pentru Powerball online din Rom\u00e2nia | Despre Powerball, cum s\u0103 cumperi bilete online","isPartOf":{"@id":"https:\/\/onlinelotto365.com\/ro\/#website"},"primaryImageOfPage":{"@id":"https:\/\/onlinelotto365.com\/ro\/cumpara-bilete\/powerball\/#primaryimage"},"image":{"@id":"https:\/\/onlinelotto365.com\/ro\/cumpara-bilete\/powerball\/#primaryimage"},"thumbnailUrl":"https:\/\/redfoxlotto.com\/image?size=8&amp;lottery=powerball","datePublished":"2020-12-20T10:39:02+00:00","dateModified":"2022-11-10T10:55:25+00:00","description":"Cump\u0103rarea biletelor pentru celebra loterie Powerball este acum foarte simpl\u0103, ob\u021bine\u021bi-le online din Rom\u00e2nia \u0219i din alte \u021b\u0103ri","breadcrumb":{"@id":"https:\/\/onlinelotto365.com\/ro\/cumpara-bilete\/powerball\/#breadcrumb"},"inLanguage":"ro-RO","potentialAction":[{"@type":"ReadAction","target":["https:\/\/onlinelotto365.com\/ro\/cumpara-bilete\/powerball\/"]}]},{"@type":"ImageObject","inLanguage":"ro-RO","@id":"https:\/\/onlinelotto365.com\/ro\/cumpara-bilete\/powerball\/#primaryimage","url":"https:\/\/redfoxlotto.com\/image?size=8&amp;lottery=powerball","contentUrl":"https:\/\/redfoxlotto.com\/image?size=8&amp;lottery=powerball"},{"@type":"BreadcrumbList","@id":"https:\/\/onlinelotto365.com\/ro\/cumpara-bilete\/powerball\/#breadcrumb","itemListElement":[{"@type":"ListItem","position":1,"name":"Home","item":"https:\/\/onlinelotto365.com\/ro\/"},{"@type":"ListItem","position":2,"name":"De ce are mai mult sens s\u0103 cumperi bilete la loterie online.","item":"https:\/\/onlinelotto365.com\/ro\/cumpara-bilete\/"},{"@type":"ListItem","position":3,"name":"Cum s\u0103 cumperi bilete Powerball online din Rom\u00e2nia"}]},{"@type":"WebSite","@id":"https:\/\/onlinelotto365.com\/ro\/#website","url":"https:\/\/onlinelotto365.com\/ro\/","name":"OnlineLotto365","description":"","potentialAction":[{"@type":"SearchAction","target":{"@type":"EntryPoint","urlTemplate":"https:\/\/onlinelotto365.com\/ro\/?s={search_term_string}"},"query-input":{"@type":"PropertyValueSpecification","valueRequired":true,"valueName":"search_term_string"}}],"inLanguage":"ro-RO"}]}},"_links":{"self":[{"href":"https:\/\/onlinelotto365.com\/ro\/wp-json\/wp\/v2\/pages\/11622","targetHints":{"allow":["GET"]}}],"collection":[{"href":"https:\/\/onlinelotto365.com\/ro\/wp-json\/wp\/v2\/pages"}],"about":[{"href":"https:\/\/onlinelotto365.com\/ro\/wp-json\/wp\/v2\/types\/page"}],"author":[{"embeddable":true,"href":"https:\/\/onlinelotto365.com\/ro\/wp-json\/wp\/v2\/users\/1"}],"replies":[{"embeddable":true,"href":"https:\/\/onlinelotto365.com\/ro\/wp-json\/wp\/v2\/comments?post=11622"}],"version-history":[{"count":0,"href":"https:\/\/onlinelotto365.com\/ro\/wp-json\/wp\/v2\/pages\/11622\/revisions"}],"up":[{"embeddable":true,"href":"https:\/\/onlinelotto365.com\/ro\/wp-json\/wp\/v2\/pages\/5673"}],"wp:attachment":[{"href":"https:\/\/onlinelotto365.com\/ro\/wp-json\/wp\/v2\/media?parent=11622"}],"curies":[{"name":"wp","href":"https:\/\/api.w.org\/{rel}","templated":true}]}}