{"id":11631,"date":"2020-12-20T11:42:02","date_gmt":"2020-12-20T10:42:02","guid":{"rendered":"http:\/\/onlinelotto365.net\/?page_id=11631"},"modified":"2021-03-02T08:37:53","modified_gmt":"2021-03-02T07:37:53","slug":"mega-millions","status":"publish","type":"page","link":"https:\/\/onlinelotto365.com\/ro\/cumpara-bilete\/mega-millions\/","title":{"rendered":"Nu degeaba se nume\u0219te MegaMillions"},"content":{"rendered":"<p>MegaMillions a \u00eenceput cu un jackpot mai mic dec\u00e2t loteria sor\u0103 din SUA, Powerball, dar jackpotul pe care \u00eel pute\u021bi nimeri cu acest joc este incredibil de mare \u0219i poate s\u0103 concureze cu orice alt\u0103 loterie mondial\u0103.<br \/>\nMegaMillions de\u021bine recordul de cel mai mare jackpot din istoria Statelor Unite, unde c\u00e2\u0219tig\u0103torii noroco\u0219i au \u00eemp\u0103r\u021bit un jackpot de 1,6 miliarde de dolari. MegaMillions a pl\u0103tit de fapt cele mai mari trei jackpoturi din istoria Statelor Unite.<\/p>\n<p><a href=\"https:\/\/redfoxlotto.com\/ro\/?ref=A8564250A2&amp;medium=ol365\">Acesta este link-ul c\u0103tre site-ul de unde pute\u021bi cump\u0103ra bilete online pentru MegaMillions!<\/a><\/p>\n<h2>Formatul MegaMillions<\/h2>\n<p>MegaMillions are dou\u0103 extrageri pe s\u0103pt\u0103m\u00e2n\u0103, mar\u021bea \u0219i vinerea. La fel ca \u0219i Powerball, juc\u0103torii aleg 5 numere principale, \u00eens\u0103 \u00een loc de cele 59 de numere din care trebuie s\u0103 alege\u021bi pentru loteria Powerball, MegaMillions are doar 56 de bile, ceea ce \u00eenseamn\u0103 c\u0103 \u0219ansele de a nimeri toate cele 5 numere sunt mai mari.<\/p>\n<p>Exist\u0103 o bil\u0103 \u00een plus \u00een cadrul acestei loterii numit\u0103 Mega Ball pe care o alege\u021bi din 46 de numere. Dac\u0103 nimeri\u021bi toate cele 5 numere plus bila Mega Ball, atunci a\u021bi c\u00e2\u0219tigat jackpotul uria\u0219 pe care MegaMillions \u00eel ofer\u0103 mereu.<\/p>\n<h2>Mai multe informa\u021bii despre Mega Millions<\/h2>\n<p><img loading=\"lazy\" decoding=\"async\" class=\" wp-image-1785 alignright\" src=\"https:\/\/onlinelotto365.com\/wp-content\/uploads\/2020\/11\/online_lottery-159-300x300.jpg\" alt=\"cump\u0103ra mega millions online\" width=\"204\" height=\"204\" \/><\/p>\n<ul>\n<li>Loteria are loc \u00een: SUA<\/li>\n<li>C\u00e2te numere principale din care s\u0103 alege\u021bi: 70<\/li>\n<li>Trebuie s\u0103 selecta\u021bi: 5<\/li>\n<li>C\u00e2te numere suplimentare pentru a alege: 25<\/li>\n<li>Trebuie s\u0103 selecta\u021bi: 1<\/li>\n<li>Extrage\u021bi zile, ore: mar\u021bi, vineri, 21:00 EST, +1 zi 3:00 CET<\/li>\n<li>Jackpot minim: 40 milioane USD<\/li>\n<li>Suma maxim\u0103 a jackpotului: niciuna<\/li>\n<li>Combina\u021bie posibil\u0103 de numere pentru un c\u00e2\u0219tig la jackpot: 1 din 175.711.536<\/li>\n<li>Combina\u021bie posibil\u0103 de numere pentru o victorie de nivelul 2: 1 \u00een 3.819.816<\/li>\n<li>Probabilitatea de a c\u00e2\u0219tiga \u00een orice nivel: 1 din 24,12<\/li>\n<li>C\u00e2te niveluri de premii: 9<\/li>\n<\/ul>\n<p>La fel ca toate loteriile, dac\u0103 nu c\u00e2\u0219tig\u0103 nimeni, jackpotul cre\u0219te. A\u0219a c\u0103 asta doar cre\u0219te bucuria juc\u0103torilor, pe l\u00e2ng\u0103 faptul c\u0103 valoarea total\u0103 a loteriei cre\u0219te de fiecare dat\u0103 c\u00e2nd jackpotul cre\u0219te. Biletele cost\u0103 la fel de mult, dar cu c\u00e2t depune\u021bi mai mul\u021bi bani, cu at\u00e2t mai multe \u0219anse ave\u021bi de a c\u00e2\u0219tiga. Oamenii stau la coad\u0103 doar pentru a-\u0219i cump\u0103ra biletele Powerball deoarece jackpot-urile sunt at\u00e2t de mari.<br \/>\n<a href=\"https:\/\/redfoxlotto.com\/play\/mega-millions\/?ref=a8564250a2&amp;medium=ol365\" target=\"_blank\" rel=\"noopener noreferrer\"><img decoding=\"async\" class=\"aligncenter\" src=\"https:\/\/redfoxlotto.com\/image?size=8&amp;lottery=mega-millions\" alt=\"mega millions\" \/><\/a><\/p>\n<p>A\u0219adar, acesta este unul dintre motivele pentru care at\u00e2t de mul\u021bi oameni joac\u0103 la lotto c\u00e2nd jackpot-urile cresc. Un alt motiv este bine\u00een\u021beles faptul c\u0103 este mai incitant s\u0103 joci c\u00e2nd ai \u0219ansa de a c\u00e2\u0219tiga o sum\u0103 uria\u0219\u0103 de bani. Loteriile precum MegaMillions \u0219i Powerball se asigur\u0103 c\u0103 p\u00e2n\u0103 \u0219i cel mai mic jackpot este uria\u0219 pentru ca juc\u0103torii s\u0103 nu trebuiasc\u0103 s\u0103 a\u0219tepte pentru a se bucura de sentimentul de a juca la loterie.<\/p>\n<h2>Pute\u021bi acum s\u0103 cump\u0103ra\u021bi bilete online pentru loteria MegaMillions<\/h2>\n<p>Nu mai trebuie s\u0103 merge\u021bi afar\u0103 s\u0103 cump\u0103ra\u021bi bilete lotto pentru MegaMillions. Mul\u021bumit\u0103 comodit\u0103\u021bii oferite de internet, pute\u021bi s\u0103 cump\u0103ra\u021bi c\u00e2te bilete vre\u021bi la aceast\u0103 loterie chiar acum sau oric\u00e2nd chiar de pe computerul dvs.<\/p>\n<p>Nu trebuie s\u0103 locui\u021bi \u00een Statele Unite, deoarece oamenii din toate \u021b\u0103rile lumii pot s\u0103 beneficieze de acest serviciu superb. Dup\u0103 ani \u0219i ani \u00een care juc\u0103torii la loterie au fost limita\u021bi la loteriile locale, internetul a deschis loteriile \u00eentregii lumi \u0219i serios acum, era \u0219i timpul.<\/p>\n<p>RedFoxLotto ofer\u0103 de asemenea tuturor juc\u0103torilor posibilitatea de a cump\u0103ra bilete online nu numai de la MegaMillions, ci \u0219i pentru multe alte loterii din \u00eentreaga lume. Tot ceea ce trebuie s\u0103 face\u021bi este s\u0103 crea\u021bi un cont gratuit, s\u0103 alege\u021bi numerele pe care dori\u021bi s\u0103 le juca\u021bi sau s\u0103 l\u0103sa\u021bi computerul s\u0103 vi le aleag\u0103, s\u0103 pl\u0103ti\u021bi pentru bilete prin modalitatea de plat\u0103 care v\u0103 convine \u0219i apoi pute\u021bi juca.<\/p>\n<p>Dup\u0103 ce a\u021bi cump\u0103rat biletele la loteria sau loteriile alese, RedFoxLotto apoi intr\u0103 \u00een ac\u021biune \u0219i cump\u0103r\u0103 biletele pentru dvs apoi le p\u0103streaz\u0103 pentru orice eventualitate, dar v\u0103 trimite o copie pe email.<br \/>\nNu trebuie s\u0103 \u021bine\u021bi cont de alegeri deoarece v\u0103 notific\u0103 atunci c\u00e2nd a\u021bi c\u00e2\u0219tigat \u0219i v\u0103 spune \u0219i c\u00e2t a\u021bi c\u00e2\u0219tigat.<\/p>\n<p>Odat\u0103 ce a\u021bi c\u00e2\u0219tigat, RedFoxLotto v\u0103 ajut\u0103 s\u0103 v\u0103 ob\u021bine\u021bi premiul. Dac\u0103 este o sum\u0103 mai mic\u0103, v\u0103 va trimite banii direct \u00een contul de pe site-ul lor. Pentru premii mai mari, v\u0103 vor ajuta s\u0103 completa\u021bi formularele \u0219i pentru premiile uria\u0219e, s-ar putea s\u0103 trebuiasc\u0103 s\u0103 c\u0103l\u0103tori\u021bi \u00een acea \u021bar\u0103 pentru a v\u0103 primi premiul, dar suntem convin\u0219i c\u0103 nu v-a\u021bi sup\u0103ra prea tare dac\u0103 a\u021bi fi \u00een situa\u021bia aceasta.<\/p>\n","protected":false},"excerpt":{"rendered":"<p>MegaMillions a \u00eenceput cu un jackpot mai mic dec\u00e2t loteria sor\u0103 din SUA, Powerball, dar jackpotul pe care \u00eel pute\u021bi nimeri cu acest joc este incredibil de mare \u0219i poate s\u0103 concureze cu orice alt\u0103 loterie mondial\u0103. MegaMillions de\u021bine recordul de cel mai mare jackpot din istoria Statelor Unite, unde c\u00e2\u0219tig\u0103torii noroco\u0219i au \u00eemp\u0103r\u021bit un [&hellip;]<\/p>\n","protected":false},"author":1,"featured_media":0,"parent":5673,"menu_order":2,"comment_status":"closed","ping_status":"closed","template":"megamillion-info.php","meta":{"_et_pb_use_builder":"","_et_pb_old_content":"","_et_gb_content_width":"","exclude_from_search":false,"footnotes":""},"class_list":["post-11631","page","type-page","status-publish","hentry"],"yoast_head":"<!-- This site is optimized with the Yoast SEO plugin v23.4 - https:\/\/yoast.com\/wordpress\/plugins\/seo\/ -->\n<title>MegaMillions Lotto Online | Cump\u0103r\u0103 un bilet pentru loteria MegaMillions acum<\/title>\n<meta name=\"description\" content=\"Loteria uria\u0219\u0103 MegaMillions este gata s\u0103 primeasc\u0103 participan\u021bi dinafara Statelor Unite \u2013 bilete online loteria MegaMillions doar aici\" \/>\n<meta name=\"robots\" content=\"index, follow, max-snippet:-1, max-image-preview:large, max-video-preview:-1\" \/>\n<link rel=\"canonical\" href=\"https:\/\/onlinelotto365.com\/ro\/cumpara-bilete\/mega-millions\/\" \/>\n<meta property=\"og:locale\" content=\"ro_RO\" \/>\n<meta property=\"og:type\" content=\"article\" \/>\n<meta property=\"og:title\" content=\"MegaMillions Lotto Online | Cump\u0103r\u0103 un bilet pentru loteria MegaMillions acum\" \/>\n<meta property=\"og:description\" content=\"Loteria uria\u0219\u0103 MegaMillions este gata s\u0103 primeasc\u0103 participan\u021bi dinafara Statelor Unite \u2013 bilete online loteria MegaMillions doar aici\" \/>\n<meta property=\"og:url\" content=\"https:\/\/onlinelotto365.com\/ro\/cumpara-bilete\/mega-millions\/\" \/>\n<meta property=\"og:site_name\" content=\"OnlineLotto365\" \/>\n<meta property=\"article:modified_time\" content=\"2021-03-02T07:37:53+00:00\" \/>\n<meta property=\"og:image\" content=\"https:\/\/onlinelotto365.com\/wp-content\/uploads\/2020\/11\/online_lottery-159-300x300.jpg\" \/>\n<meta name=\"twitter:card\" content=\"summary_large_image\" \/>\n<meta name=\"twitter:label1\" content=\"Timp estimat pentru citire\" \/>\n\t<meta name=\"twitter:data1\" content=\"4 minute\" \/>\n<script type=\"application\/ld+json\" class=\"yoast-schema-graph\">{\"@context\":\"https:\/\/schema.org\",\"@graph\":[{\"@type\":\"WebPage\",\"@id\":\"https:\/\/onlinelotto365.com\/ro\/cumpara-bilete\/mega-millions\/\",\"url\":\"https:\/\/onlinelotto365.com\/ro\/cumpara-bilete\/mega-millions\/\",\"name\":\"MegaMillions Lotto Online | Cump\u0103r\u0103 un bilet pentru loteria MegaMillions acum\",\"isPartOf\":{\"@id\":\"https:\/\/onlinelotto365.com\/ro\/#website\"},\"primaryImageOfPage\":{\"@id\":\"https:\/\/onlinelotto365.com\/ro\/cumpara-bilete\/mega-millions\/#primaryimage\"},\"image\":{\"@id\":\"https:\/\/onlinelotto365.com\/ro\/cumpara-bilete\/mega-millions\/#primaryimage\"},\"thumbnailUrl\":\"https:\/\/onlinelotto365.com\/wp-content\/uploads\/2020\/11\/online_lottery-159-300x300.jpg\",\"datePublished\":\"2020-12-20T10:42:02+00:00\",\"dateModified\":\"2021-03-02T07:37:53+00:00\",\"description\":\"Loteria uria\u0219\u0103 MegaMillions este gata s\u0103 primeasc\u0103 participan\u021bi dinafara Statelor Unite \u2013 bilete online loteria MegaMillions doar aici\",\"breadcrumb\":{\"@id\":\"https:\/\/onlinelotto365.com\/ro\/cumpara-bilete\/mega-millions\/#breadcrumb\"},\"inLanguage\":\"ro-RO\",\"potentialAction\":[{\"@type\":\"ReadAction\",\"target\":[\"https:\/\/onlinelotto365.com\/ro\/cumpara-bilete\/mega-millions\/\"]}]},{\"@type\":\"ImageObject\",\"inLanguage\":\"ro-RO\",\"@id\":\"https:\/\/onlinelotto365.com\/ro\/cumpara-bilete\/mega-millions\/#primaryimage\",\"url\":\"https:\/\/onlinelotto365.com\/wp-content\/uploads\/2020\/11\/online_lottery-159-300x300.jpg\",\"contentUrl\":\"https:\/\/onlinelotto365.com\/wp-content\/uploads\/2020\/11\/online_lottery-159-300x300.jpg\"},{\"@type\":\"BreadcrumbList\",\"@id\":\"https:\/\/onlinelotto365.com\/ro\/cumpara-bilete\/mega-millions\/#breadcrumb\",\"itemListElement\":[{\"@type\":\"ListItem\",\"position\":1,\"name\":\"Home\",\"item\":\"https:\/\/onlinelotto365.com\/ro\/\"},{\"@type\":\"ListItem\",\"position\":2,\"name\":\"De ce are mai mult sens s\u0103 cumperi bilete la loterie online.\",\"item\":\"https:\/\/onlinelotto365.com\/ro\/cumpara-bilete\/\"},{\"@type\":\"ListItem\",\"position\":3,\"name\":\"Nu degeaba se nume\u0219te MegaMillions\"}]},{\"@type\":\"WebSite\",\"@id\":\"https:\/\/onlinelotto365.com\/ro\/#website\",\"url\":\"https:\/\/onlinelotto365.com\/ro\/\",\"name\":\"OnlineLotto365\",\"description\":\"\",\"potentialAction\":[{\"@type\":\"SearchAction\",\"target\":{\"@type\":\"EntryPoint\",\"urlTemplate\":\"https:\/\/onlinelotto365.com\/ro\/?s={search_term_string}\"},\"query-input\":{\"@type\":\"PropertyValueSpecification\",\"valueRequired\":true,\"valueName\":\"search_term_string\"}}],\"inLanguage\":\"ro-RO\"}]}<\/script>\n<!-- \/ Yoast SEO plugin. -->","yoast_head_json":{"title":"MegaMillions Lotto Online | Cump\u0103r\u0103 un bilet pentru loteria MegaMillions acum","description":"Loteria uria\u0219\u0103 MegaMillions este gata s\u0103 primeasc\u0103 participan\u021bi dinafara Statelor Unite \u2013 bilete online loteria MegaMillions doar aici","robots":{"index":"index","follow":"follow","max-snippet":"max-snippet:-1","max-image-preview":"max-image-preview:large","max-video-preview":"max-video-preview:-1"},"canonical":"https:\/\/onlinelotto365.com\/ro\/cumpara-bilete\/mega-millions\/","og_locale":"ro_RO","og_type":"article","og_title":"MegaMillions Lotto Online | Cump\u0103r\u0103 un bilet pentru loteria MegaMillions acum","og_description":"Loteria uria\u0219\u0103 MegaMillions este gata s\u0103 primeasc\u0103 participan\u021bi dinafara Statelor Unite \u2013 bilete online loteria MegaMillions doar aici","og_url":"https:\/\/onlinelotto365.com\/ro\/cumpara-bilete\/mega-millions\/","og_site_name":"OnlineLotto365","article_modified_time":"2021-03-02T07:37:53+00:00","og_image":[{"url":"https:\/\/onlinelotto365.com\/wp-content\/uploads\/2020\/11\/online_lottery-159-300x300.jpg"}],"twitter_card":"summary_large_image","twitter_misc":{"Timp estimat pentru citire":"4 minute"},"schema":{"@context":"https:\/\/schema.org","@graph":[{"@type":"WebPage","@id":"https:\/\/onlinelotto365.com\/ro\/cumpara-bilete\/mega-millions\/","url":"https:\/\/onlinelotto365.com\/ro\/cumpara-bilete\/mega-millions\/","name":"MegaMillions Lotto Online | Cump\u0103r\u0103 un bilet pentru loteria MegaMillions acum","isPartOf":{"@id":"https:\/\/onlinelotto365.com\/ro\/#website"},"primaryImageOfPage":{"@id":"https:\/\/onlinelotto365.com\/ro\/cumpara-bilete\/mega-millions\/#primaryimage"},"image":{"@id":"https:\/\/onlinelotto365.com\/ro\/cumpara-bilete\/mega-millions\/#primaryimage"},"thumbnailUrl":"https:\/\/onlinelotto365.com\/wp-content\/uploads\/2020\/11\/online_lottery-159-300x300.jpg","datePublished":"2020-12-20T10:42:02+00:00","dateModified":"2021-03-02T07:37:53+00:00","description":"Loteria uria\u0219\u0103 MegaMillions este gata s\u0103 primeasc\u0103 participan\u021bi dinafara Statelor Unite \u2013 bilete online loteria MegaMillions doar aici","breadcrumb":{"@id":"https:\/\/onlinelotto365.com\/ro\/cumpara-bilete\/mega-millions\/#breadcrumb"},"inLanguage":"ro-RO","potentialAction":[{"@type":"ReadAction","target":["https:\/\/onlinelotto365.com\/ro\/cumpara-bilete\/mega-millions\/"]}]},{"@type":"ImageObject","inLanguage":"ro-RO","@id":"https:\/\/onlinelotto365.com\/ro\/cumpara-bilete\/mega-millions\/#primaryimage","url":"https:\/\/onlinelotto365.com\/wp-content\/uploads\/2020\/11\/online_lottery-159-300x300.jpg","contentUrl":"https:\/\/onlinelotto365.com\/wp-content\/uploads\/2020\/11\/online_lottery-159-300x300.jpg"},{"@type":"BreadcrumbList","@id":"https:\/\/onlinelotto365.com\/ro\/cumpara-bilete\/mega-millions\/#breadcrumb","itemListElement":[{"@type":"ListItem","position":1,"name":"Home","item":"https:\/\/onlinelotto365.com\/ro\/"},{"@type":"ListItem","position":2,"name":"De ce are mai mult sens s\u0103 cumperi bilete la loterie online.","item":"https:\/\/onlinelotto365.com\/ro\/cumpara-bilete\/"},{"@type":"ListItem","position":3,"name":"Nu degeaba se nume\u0219te MegaMillions"}]},{"@type":"WebSite","@id":"https:\/\/onlinelotto365.com\/ro\/#website","url":"https:\/\/onlinelotto365.com\/ro\/","name":"OnlineLotto365","description":"","potentialAction":[{"@type":"SearchAction","target":{"@type":"EntryPoint","urlTemplate":"https:\/\/onlinelotto365.com\/ro\/?s={search_term_string}"},"query-input":{"@type":"PropertyValueSpecification","valueRequired":true,"valueName":"search_term_string"}}],"inLanguage":"ro-RO"}]}},"_links":{"self":[{"href":"https:\/\/onlinelotto365.com\/ro\/wp-json\/wp\/v2\/pages\/11631","targetHints":{"allow":["GET"]}}],"collection":[{"href":"https:\/\/onlinelotto365.com\/ro\/wp-json\/wp\/v2\/pages"}],"about":[{"href":"https:\/\/onlinelotto365.com\/ro\/wp-json\/wp\/v2\/types\/page"}],"author":[{"embeddable":true,"href":"https:\/\/onlinelotto365.com\/ro\/wp-json\/wp\/v2\/users\/1"}],"replies":[{"embeddable":true,"href":"https:\/\/onlinelotto365.com\/ro\/wp-json\/wp\/v2\/comments?post=11631"}],"version-history":[{"count":0,"href":"https:\/\/onlinelotto365.com\/ro\/wp-json\/wp\/v2\/pages\/11631\/revisions"}],"up":[{"embeddable":true,"href":"https:\/\/onlinelotto365.com\/ro\/wp-json\/wp\/v2\/pages\/5673"}],"wp:attachment":[{"href":"https:\/\/onlinelotto365.com\/ro\/wp-json\/wp\/v2\/media?parent=11631"}],"curies":[{"name":"wp","href":"https:\/\/api.w.org\/{rel}","templated":true}]}}