{"id":11634,"date":"2020-12-20T11:43:56","date_gmt":"2020-12-20T10:43:56","guid":{"rendered":"http:\/\/onlinelotto365.net\/?page_id=11634"},"modified":"2021-03-02T08:24:41","modified_gmt":"2021-03-02T07:24:41","slug":"euromillions","status":"publish","type":"page","link":"https:\/\/onlinelotto365.com\/ro\/cumpara-bilete\/euromillions\/","title":{"rendered":"Cump\u0103ra\u021bi acum biletul online Euromillions"},"content":{"rendered":"<h2>Euromillions este una dintre cele mai mari loterii ale lumii<\/h2>\n<p>Euromillions a \u00eenceput \u00een 2004 ca un efort al loteriilor na\u021bionale din Fran\u021ba, Spania \u0219i Marea Britanie. A fost nevoie de 10 ani p\u00e2n\u0103 ce operatorii de loterii din aceste \u021b\u0103ri s-au pus de acord dar odat\u0103 ce a \u00eenceput, a fost foarte bine organizat \u0219i r\u0103m\u00e2ne a\u0219a \u0219i ast\u0103zi.<\/p>\n<p>Planul era s\u0103 ofere juc\u0103torilor la loterie din aceste \u021b\u0103ri posibilitatea de a juca la jackpoturi mai mari dec\u00e2t \u00een trecut. Din moment ce jackpoturile uria\u0219e cresc adrenalina juc\u0103torilor, ne a\u0219tept\u0103m ca urm\u0103torul lotto s\u0103 aib\u0103 un succes uria\u0219 \u0219i s\u0103 genereze jackpoturi fantastice \u00een fiecare s\u0103pt\u0103m\u00e2n\u0103. \u0218i fix asta s-a \u0219i \u00eent\u00e2mplat.<br \/>\n<a href=\"https:\/\/redfoxlotto.com\/play\/euromillions\/?ref=a8564250a2&amp;medium=ol365\" target=\"_blank\" rel=\"noopener noreferrer\"><img decoding=\"async\" class=\"aligncenter\" src=\"https:\/\/redfoxlotto.com\/image?size=8&amp;lottery=euromillions\" alt=\"euromillions\" \/><\/a><\/p>\n<p>Odat\u0103 ce succesul loteriei a crescut, din ce \u00een ce mai multe \u021b\u0103ri s-au al\u0103turat parteneriatului \u0219i ast\u0103zi avem 9 \u021b\u0103ri \u00een total care particip\u0103. Jackpoturile sunt printre cele mai mari din lume \u0219i \u00eencep de la 15 milioane de euro.<\/p>\n<p>Odat\u0103 ce jackpotul ajunge la 190 de milioane de euro, acesta se opre\u0219te, iar celelalte premii mai mici \u00eencep s\u0103 creasc\u0103. Organizatorii loteriei consider\u0103 c\u0103 aceast\u0103 sum\u0103 este destul de mare \u0219i cu siguran\u021b\u0103 c\u0103 banii ace\u0219tia sunt destui pentru a ne satisface pe to\u021bi. Ei se g\u00e2ndesc c\u0103 jackpotul este destul de mare pentru toat\u0103 lumea \u0219i pot s\u0103 creasc\u0103 \u0219i celelalte premii.<\/p>\n<h2>Nu trebuie s\u0103 mai locui\u021bi \u00een aceste \u021b\u0103ri dac\u0103 dori\u021bi s\u0103 juca\u021bi la aceste loterii<\/h2>\n<p>Din moment ce Euromillions a fost oferit \u00een doar 9 \u021b\u0103ri europene, mul\u021bi dintre noi nu am putut s\u0103 cump\u0103r\u0103m bilete pentru Euromillions. De fapt, majoritatea dintre noi nici nu ne-am g\u00e2ndit s\u0103 juc\u0103m la aceast\u0103 loterie p\u00e2n\u0103 acum recent.<\/p>\n<p>Juc\u0103torii la loterie experimenta\u021bi, cei dintre noi care \u0219tim cum merge jocul, realiz\u0103m acum c\u0103 barierele fizice ale lumii nu mai exist\u0103. Exist\u0103 totu\u0219i \u00een alte feluri, deoarece tot trebuie s\u0103 cump\u0103ra\u021bi anumite bilete la loteria Euromillions \u0219i la alte loterii din \u00eentreaga lume. Bine\u00een\u021beles, nu va trebui s\u0103 c\u0103l\u0103tori\u021bi \u00een aceste \u021b\u0103ri de dou\u0103 ori pe s\u0103pt\u0103m\u00e2n\u0103 pentru a v\u0103 cump\u0103ra biletele, deoarece acest lucru v\u0103 va costa mult timp \u0219i bani.<br \/>\n<img loading=\"lazy\" decoding=\"async\" class=\"alignright size-medium wp-image-3672\" src=\"https:\/\/onlinelotto365.com\/wp-content\/uploads\/2020\/11\/online_lottery-161-300x207.jpg\" alt=\"cump\u0103r\u0103 Euromillions Romania\" width=\"300\" height=\"207\" srcset=\"https:\/\/onlinelotto365.com\/wp-content\/uploads\/2020\/11\/online_lottery-161-300x207.jpg 300w, https:\/\/onlinelotto365.com\/wp-content\/uploads\/2020\/11\/online_lottery-161.jpg 320w\" sizes=\"auto, (max-width: 300px) 100vw, 300px\" \/><\/p>\n<p>A\u021bi putea s\u0103 angaja\u021bi pe cineva care locuie\u0219te \u00een \u021b\u0103rile de unde dori\u021bi s\u0103 cump\u0103ra\u021bi biletele pentru loterie, dar acest lucru necesit\u0103 prea mult timp, efort \u0219i cuno\u0219tin\u021be \u0219i mul\u021bi prefer\u0103 s\u0103 nu fac\u0103 asta. A\u0219adar, cum pute\u021bi s\u0103 cump\u0103ra\u021bi bilete pentru Euromillions?<\/p>\n<p>R\u0103spunsul este simplu: cump\u0103ra\u021bi bilete pentru Euromillions online, chiar de acas\u0103 \u0219i ve\u021bi avea parte de un serviciu de \u00eencredere care va avea grij\u0103 de toate nevoile dvs., care v\u0103 va cump\u0103ra biletele \u00een numele dvs., care v\u0103 va trimite o copie scanat\u0103 a biletului prin email, care v\u0103 va p\u0103stra biletele \u00eentr-un loc sigur, care v\u0103 va verifica numerele \u0219i v\u0103 va notifica dac\u0103 ve\u021bi c\u00e2\u0219tiga \u0219i care v\u0103 va ajuta s\u0103 v\u0103 primi\u021bi premiul.<\/p>\n<p>Acest serviciu nou se cheam\u0103 RedFoxLotto, iar visul oamenilor de a cump\u0103ra bilete la loterie online \u0219i de a avea un serviciu care se ocup\u0103 de tot a devenit realitate. Nu numai c\u0103 pute\u021bi cump\u0103ra oric\u00e2te bilete la Euromillions dori\u021bi, pute\u021bi cump\u0103ra bilete online la orice alte loterii mondiale.<\/p>\n<p><a href=\"https:\/\/redfoxlotto.com\/ro\/?ref=A8564250A2&amp;medium=ol365\">Da\u021bi click aici pentru a le vizita site-ul \u0219i pentru a v\u0103 ob\u021bine biletele Euromillions!<\/a><\/p>\n<h2>Cum func\u021bioneaz\u0103 loteria Euromillions<\/h2>\n<p>Exist\u0103 \u00een total 13 premii diferite la aceast\u0103 loterie care \u00eencep de la ghicirea a dou\u0103 numere p\u00e2n\u0103 la maximul de 5. Dac\u0103 le ghici\u021bi pe toate cele 5 \u0219i num\u0103rul norocos, a\u021bi c\u00e2\u0219tigat jackpotul. Pe l\u00e2ng\u0103 jackpoturile uria\u0219e, Euromillions ofer\u0103 juc\u0103torilor \u0219i o \u0219ans\u0103 mai mare de a c\u00e2\u0219tiga dec\u00e2t alte loterii.<\/p>\n<p>Extragerile au loc de dou\u0103 ori pe s\u0103pt\u0103m\u00e2n\u0103, mar\u021bea \u0219i vinerea, la ora 9 seara, ora Marii Britanii. RedFoxLotto are un cronometru pentru asta \u0219i orice alte loterii din lume pentru ca dvs. s\u0103 \u0219ti\u021bi exact c\u00e2t timp a mai r\u0103mas p\u00e2n\u0103 la urm\u0103toarea extragere. Juc\u0103torii aleg 5 numere de la 1 la 50 \u0219i 2 numere norocoase de la 1 la 11. La fel ca \u0219i locurile de unde cump\u0103ra\u021bi biletele, RedFoxLotto ofer\u0103 juc\u0103torilor posibilitatea de a-\u0219i alege propriile numere sau de a l\u0103sa computerul s\u0103 aleag\u0103 numerele pentru ei.<\/p>\n<p>Pute\u021bi cump\u0103ra oric\u00e2te bilete dori\u021bi. Apoi, pute\u021bi intra pe site-ul RedFoxLotto pentru a verifica biletele sau, dac\u0103 dori\u021bi, pute\u021bi a\u0219tepta un email de la RedFoxLotto care s\u0103 v\u0103 anun\u021be c\u0103 a\u021bi c\u00e2\u0219tigat. \u00cen func\u021bie de c\u00e2t ve\u021bi c\u00e2\u0219tiga, ei v\u0103 vor ajuta s\u0103 v\u0103 colecta\u021bi banii.<\/p>\n<h2>Acum c\u0103 \u0219ti\u021bi totul, toat\u0103 puterea e \u00een m\u00e2inile dvs<\/h2>\n<p>A trecut vremea c\u00e2nd nu aveam acces la loterii precum Euromillions pentru c\u0103 nu locuiam \u00eentr-o anumit\u0103 zon\u0103. Acum, pute\u021bi cump\u0103ra bilete la orice loterie dori\u021bi \u0219i nimeni nu v\u0103 poate opri. Internetul a deschis multe u\u0219i \u00een lume \u0219i acum avem acces la multe loterii. A\u0219teptarea a luat sf\u00e2r\u0219it.<\/p>\n<p>A\u0219adar, acum c\u0103 avem parte de at\u00e2ta adrenalin\u0103, nu mai trebuie s\u0103 ne refuz\u0103m toat\u0103 aceast\u0103 distrac\u021bie.<\/p>\n","protected":false},"excerpt":{"rendered":"<p>Euromillions este una dintre cele mai mari loterii ale lumii Euromillions a \u00eenceput \u00een 2004 ca un efort al loteriilor na\u021bionale din Fran\u021ba, Spania \u0219i Marea Britanie. A fost nevoie de 10 ani p\u00e2n\u0103 ce operatorii de loterii din aceste \u021b\u0103ri s-au pus de acord dar odat\u0103 ce a \u00eenceput, a fost foarte bine organizat [&hellip;]<\/p>\n","protected":false},"author":1,"featured_media":0,"parent":5673,"menu_order":3,"comment_status":"closed","ping_status":"closed","template":"euromillions-info.php","meta":{"_et_pb_use_builder":"","_et_pb_old_content":"","_et_gb_content_width":"","exclude_from_search":false,"footnotes":""},"class_list":["post-11634","page","type-page","status-publish","hentry"],"yoast_head":"<!-- This site is optimized with the Yoast SEO plugin v23.4 - https:\/\/yoast.com\/wordpress\/plugins\/seo\/ -->\n<title>Euromillions Lotto Online | Bilete pentru Euromillions prin intermediul serviciului international online<\/title>\n<meta name=\"description\" content=\"Ob\u021bine\u021bi acum un bilet online pentru loteria Euromillions, chiar \u0219i dinafara Europei. Participa\u021bi la loterii interna\u021bionale chiar acum!\" \/>\n<meta name=\"robots\" content=\"index, follow, max-snippet:-1, max-image-preview:large, max-video-preview:-1\" \/>\n<link rel=\"canonical\" href=\"https:\/\/onlinelotto365.com\/ro\/cumpara-bilete\/euromillions\/\" \/>\n<meta property=\"og:locale\" content=\"ro_RO\" \/>\n<meta property=\"og:type\" content=\"article\" \/>\n<meta property=\"og:title\" content=\"Euromillions Lotto Online | Bilete pentru Euromillions prin intermediul serviciului international online\" \/>\n<meta property=\"og:description\" content=\"Ob\u021bine\u021bi acum un bilet online pentru loteria Euromillions, chiar \u0219i dinafara Europei. Participa\u021bi la loterii interna\u021bionale chiar acum!\" \/>\n<meta property=\"og:url\" content=\"https:\/\/onlinelotto365.com\/ro\/cumpara-bilete\/euromillions\/\" \/>\n<meta property=\"og:site_name\" content=\"OnlineLotto365\" \/>\n<meta property=\"article:modified_time\" content=\"2021-03-02T07:24:41+00:00\" \/>\n<meta property=\"og:image\" content=\"https:\/\/redfoxlotto.com\/image?size=8&amp;lottery=euromillions\" \/>\n<meta name=\"twitter:card\" content=\"summary_large_image\" \/>\n<meta name=\"twitter:label1\" content=\"Timp estimat pentru citire\" \/>\n\t<meta name=\"twitter:data1\" content=\"4 minute\" \/>\n<script type=\"application\/ld+json\" class=\"yoast-schema-graph\">{\"@context\":\"https:\/\/schema.org\",\"@graph\":[{\"@type\":\"WebPage\",\"@id\":\"https:\/\/onlinelotto365.com\/ro\/cumpara-bilete\/euromillions\/\",\"url\":\"https:\/\/onlinelotto365.com\/ro\/cumpara-bilete\/euromillions\/\",\"name\":\"Euromillions Lotto Online | Bilete pentru Euromillions prin intermediul serviciului international online\",\"isPartOf\":{\"@id\":\"https:\/\/onlinelotto365.com\/ro\/#website\"},\"primaryImageOfPage\":{\"@id\":\"https:\/\/onlinelotto365.com\/ro\/cumpara-bilete\/euromillions\/#primaryimage\"},\"image\":{\"@id\":\"https:\/\/onlinelotto365.com\/ro\/cumpara-bilete\/euromillions\/#primaryimage\"},\"thumbnailUrl\":\"https:\/\/redfoxlotto.com\/image?size=8&amp;lottery=euromillions\",\"datePublished\":\"2020-12-20T10:43:56+00:00\",\"dateModified\":\"2021-03-02T07:24:41+00:00\",\"description\":\"Ob\u021bine\u021bi acum un bilet online pentru loteria Euromillions, chiar \u0219i dinafara Europei. Participa\u021bi la loterii interna\u021bionale chiar acum!\",\"breadcrumb\":{\"@id\":\"https:\/\/onlinelotto365.com\/ro\/cumpara-bilete\/euromillions\/#breadcrumb\"},\"inLanguage\":\"ro-RO\",\"potentialAction\":[{\"@type\":\"ReadAction\",\"target\":[\"https:\/\/onlinelotto365.com\/ro\/cumpara-bilete\/euromillions\/\"]}]},{\"@type\":\"ImageObject\",\"inLanguage\":\"ro-RO\",\"@id\":\"https:\/\/onlinelotto365.com\/ro\/cumpara-bilete\/euromillions\/#primaryimage\",\"url\":\"https:\/\/redfoxlotto.com\/image?size=8&amp;lottery=euromillions\",\"contentUrl\":\"https:\/\/redfoxlotto.com\/image?size=8&amp;lottery=euromillions\"},{\"@type\":\"BreadcrumbList\",\"@id\":\"https:\/\/onlinelotto365.com\/ro\/cumpara-bilete\/euromillions\/#breadcrumb\",\"itemListElement\":[{\"@type\":\"ListItem\",\"position\":1,\"name\":\"Home\",\"item\":\"https:\/\/onlinelotto365.com\/ro\/\"},{\"@type\":\"ListItem\",\"position\":2,\"name\":\"De ce are mai mult sens s\u0103 cumperi bilete la loterie online.\",\"item\":\"https:\/\/onlinelotto365.com\/ro\/cumpara-bilete\/\"},{\"@type\":\"ListItem\",\"position\":3,\"name\":\"Cump\u0103ra\u021bi acum biletul online Euromillions\"}]},{\"@type\":\"WebSite\",\"@id\":\"https:\/\/onlinelotto365.com\/ro\/#website\",\"url\":\"https:\/\/onlinelotto365.com\/ro\/\",\"name\":\"OnlineLotto365\",\"description\":\"\",\"potentialAction\":[{\"@type\":\"SearchAction\",\"target\":{\"@type\":\"EntryPoint\",\"urlTemplate\":\"https:\/\/onlinelotto365.com\/ro\/?s={search_term_string}\"},\"query-input\":{\"@type\":\"PropertyValueSpecification\",\"valueRequired\":true,\"valueName\":\"search_term_string\"}}],\"inLanguage\":\"ro-RO\"}]}<\/script>\n<!-- \/ Yoast SEO plugin. -->","yoast_head_json":{"title":"Euromillions Lotto Online | Bilete pentru Euromillions prin intermediul serviciului international online","description":"Ob\u021bine\u021bi acum un bilet online pentru loteria Euromillions, chiar \u0219i dinafara Europei. Participa\u021bi la loterii interna\u021bionale chiar acum!","robots":{"index":"index","follow":"follow","max-snippet":"max-snippet:-1","max-image-preview":"max-image-preview:large","max-video-preview":"max-video-preview:-1"},"canonical":"https:\/\/onlinelotto365.com\/ro\/cumpara-bilete\/euromillions\/","og_locale":"ro_RO","og_type":"article","og_title":"Euromillions Lotto Online | Bilete pentru Euromillions prin intermediul serviciului international online","og_description":"Ob\u021bine\u021bi acum un bilet online pentru loteria Euromillions, chiar \u0219i dinafara Europei. Participa\u021bi la loterii interna\u021bionale chiar acum!","og_url":"https:\/\/onlinelotto365.com\/ro\/cumpara-bilete\/euromillions\/","og_site_name":"OnlineLotto365","article_modified_time":"2021-03-02T07:24:41+00:00","og_image":[{"url":"https:\/\/redfoxlotto.com\/image?size=8&amp;lottery=euromillions"}],"twitter_card":"summary_large_image","twitter_misc":{"Timp estimat pentru citire":"4 minute"},"schema":{"@context":"https:\/\/schema.org","@graph":[{"@type":"WebPage","@id":"https:\/\/onlinelotto365.com\/ro\/cumpara-bilete\/euromillions\/","url":"https:\/\/onlinelotto365.com\/ro\/cumpara-bilete\/euromillions\/","name":"Euromillions Lotto Online | Bilete pentru Euromillions prin intermediul serviciului international online","isPartOf":{"@id":"https:\/\/onlinelotto365.com\/ro\/#website"},"primaryImageOfPage":{"@id":"https:\/\/onlinelotto365.com\/ro\/cumpara-bilete\/euromillions\/#primaryimage"},"image":{"@id":"https:\/\/onlinelotto365.com\/ro\/cumpara-bilete\/euromillions\/#primaryimage"},"thumbnailUrl":"https:\/\/redfoxlotto.com\/image?size=8&amp;lottery=euromillions","datePublished":"2020-12-20T10:43:56+00:00","dateModified":"2021-03-02T07:24:41+00:00","description":"Ob\u021bine\u021bi acum un bilet online pentru loteria Euromillions, chiar \u0219i dinafara Europei. Participa\u021bi la loterii interna\u021bionale chiar acum!","breadcrumb":{"@id":"https:\/\/onlinelotto365.com\/ro\/cumpara-bilete\/euromillions\/#breadcrumb"},"inLanguage":"ro-RO","potentialAction":[{"@type":"ReadAction","target":["https:\/\/onlinelotto365.com\/ro\/cumpara-bilete\/euromillions\/"]}]},{"@type":"ImageObject","inLanguage":"ro-RO","@id":"https:\/\/onlinelotto365.com\/ro\/cumpara-bilete\/euromillions\/#primaryimage","url":"https:\/\/redfoxlotto.com\/image?size=8&amp;lottery=euromillions","contentUrl":"https:\/\/redfoxlotto.com\/image?size=8&amp;lottery=euromillions"},{"@type":"BreadcrumbList","@id":"https:\/\/onlinelotto365.com\/ro\/cumpara-bilete\/euromillions\/#breadcrumb","itemListElement":[{"@type":"ListItem","position":1,"name":"Home","item":"https:\/\/onlinelotto365.com\/ro\/"},{"@type":"ListItem","position":2,"name":"De ce are mai mult sens s\u0103 cumperi bilete la loterie online.","item":"https:\/\/onlinelotto365.com\/ro\/cumpara-bilete\/"},{"@type":"ListItem","position":3,"name":"Cump\u0103ra\u021bi acum biletul online Euromillions"}]},{"@type":"WebSite","@id":"https:\/\/onlinelotto365.com\/ro\/#website","url":"https:\/\/onlinelotto365.com\/ro\/","name":"OnlineLotto365","description":"","potentialAction":[{"@type":"SearchAction","target":{"@type":"EntryPoint","urlTemplate":"https:\/\/onlinelotto365.com\/ro\/?s={search_term_string}"},"query-input":{"@type":"PropertyValueSpecification","valueRequired":true,"valueName":"search_term_string"}}],"inLanguage":"ro-RO"}]}},"_links":{"self":[{"href":"https:\/\/onlinelotto365.com\/ro\/wp-json\/wp\/v2\/pages\/11634","targetHints":{"allow":["GET"]}}],"collection":[{"href":"https:\/\/onlinelotto365.com\/ro\/wp-json\/wp\/v2\/pages"}],"about":[{"href":"https:\/\/onlinelotto365.com\/ro\/wp-json\/wp\/v2\/types\/page"}],"author":[{"embeddable":true,"href":"https:\/\/onlinelotto365.com\/ro\/wp-json\/wp\/v2\/users\/1"}],"replies":[{"embeddable":true,"href":"https:\/\/onlinelotto365.com\/ro\/wp-json\/wp\/v2\/comments?post=11634"}],"version-history":[{"count":0,"href":"https:\/\/onlinelotto365.com\/ro\/wp-json\/wp\/v2\/pages\/11634\/revisions"}],"up":[{"embeddable":true,"href":"https:\/\/onlinelotto365.com\/ro\/wp-json\/wp\/v2\/pages\/5673"}],"wp:attachment":[{"href":"https:\/\/onlinelotto365.com\/ro\/wp-json\/wp\/v2\/media?parent=11634"}],"curies":[{"name":"wp","href":"https:\/\/api.w.org\/{rel}","templated":true}]}}