{"id":11637,"date":"2020-12-20T11:45:04","date_gmt":"2020-12-20T10:45:04","guid":{"rendered":"http:\/\/onlinelotto365.net\/?page_id=11637"},"modified":"2021-03-02T08:28:31","modified_gmt":"2021-03-02T07:28:31","slug":"eurojackpot","status":"publish","type":"page","link":"https:\/\/onlinelotto365.com\/ro\/cumpara-bilete\/eurojackpot\/","title":{"rendered":"Pot s\u0103 particip la Eurojackpot online?"},"content":{"rendered":"<p>Dac\u0103, din orice motiv, nu pute\u021bi cump\u0103ra un bilet la loteria Eurojackpot de la un magazin din zon\u0103, ave\u021bi acum posibilitatea de a juca Eurojackpot online.<br \/>\nTot ceea ce trebuie s\u0103 face\u021bi este s\u0103 <a href=\"https:\/\/redfoxlotto.com\/ro\/?ref=A8564250A2&amp;medium=ol365\">da\u021bi click pe acest link c\u0103tre site-ul RedFoxLotto<\/a>. RedFoxLotto este un serviciu online care v\u0103 permite s\u0103 participa\u021bi la mai mult de 20 dintre cele mai mari loterii din lume, indiferent de unde locui\u021bi.<\/p>\n<p>Acest lucru este posibil printr-o re\u021bea de angaja\u021bi ce lucreaz\u0103 pentru aceast\u0103 companie care vor cump\u0103ra biletele la loterie care au fost achizi\u021bionate online. Biletele comandate pot fi pl\u0103tite cu cardul (exist\u0103 o gam\u0103 variat\u0103 de metode de plat\u0103) \u0219i mai apoi, clientul va primi un email de confirmare care este valid imediat pentru urm\u0103toarea extragere a acelei loterii.<br \/>\n<a href=\"https:\/\/redfoxlotto.com\/play\/eurojackpot\/?ref=a8564250a2&amp;medium=ol365\" target=\"_blank\" rel=\"noopener noreferrer\"> <img decoding=\"async\" class=\"aligncenter\" src=\"https:\/\/redfoxlotto.com\/image?size=8&amp;lottery=eurojackpot\" alt=\"eurojackpot\" \/> <\/a><br \/>\nParticiparea la Eurojackpot sau la oricare dintre cele 20 de loterii oferite online este complet legal\u0103 \u0219i odat\u0103 ce a\u021bi achizi\u021bionat un bilet, ave\u021bi tot dreptul la premiul respective. C\u00e2\u0219tigurile mici de p\u00e2n\u0103 la \u20ac2500 vor fi disponibile imediat \u00een contul RedFoxLotto. C\u00e2\u0219tigurile mai mari vor fi disponibile dup\u0103 c\u00e2teva zile, iar RedFoxLotto v\u0103 va oferi procesa c\u00e2\u0219tigurile (gratuit) deoarece ei vor discuta cu loteria respectiv\u0103.<\/p>\n<p>Loteriile \u0219i jackpoturile disponibile momentan se g\u0103sesc \u00een partea dreapt\u0103 (sau sub acest text, \u00een caz c\u0103 \u00eel citi\u021bi de pe un telefon mobil).<\/p>\n<h2>Cum func\u021bioneaz\u0103 Eurojackpot?<\/h2>\n<p>Aceast\u0103 loterie este oferit\u0103 de c\u00e2teva \u021b\u0103ri europene (Germania, Spania, Italia, Olanda, Estonia, Finlanda, Danemarca, Islanda, Croa\u021bia, Ungaria, Letonia, Lituania, Norvegia, Polonia, Suedia, Slovacia, Republica Ceh\u0103). Dac\u0103 nu locui\u021bi \u00een una dintre aceste \u021b\u0103ri, pute\u021bi participa la Eurojackpot prin intermediul acestui serviciu online pentru bilete la loterie.<\/p>\n<p>Jackpotul \u00eencepe mereu de la cel pu\u021bin 10 milioane de euro. Juc\u0103torul alege din 50 de numere principale, iar dintre acestea poate alege 5. Exist\u0103 \u0219i dou\u0103 numere care trebuiesc alese (\u00eentre 1 \u0219i 10). Jackpotul este oferit c\u00e2nd juc\u0103torul a ghicit corect 5 + 2 numere. Dac\u0103 jackpotul trece de 90 de milioane de euro, surplusul trece la premiul 2. Acest lucru cre\u0219te premiul pe care \u00eel pute\u021bi c\u00e2\u0219tiga dac\u0103 nimeri\u021bi cele 5 numere corect. Jackpotul cel mare de 90 de milioane de euro va r\u0103m\u00e2na valabil p\u00e2n\u0103 c\u00e2nd cineva \u00eel c\u00e2\u0219tig\u0103.<\/p>\n<p>\u00cen trecut, jackpotul a fost c\u00e2\u0219tigat o singur\u0103 dat\u0103. Destul de rar \u00eens\u0103, jackpotul este \u00eemp\u0103r\u021bit \u00eentre mai mul\u021bi juc\u0103tori.<br \/>\nProbabilitatea matematic\u0103 de a c\u00e2\u0219tiga jackpotul este de 1:95 de milioane \u2013 un num\u0103r destul de mare, dar \u0219ansele sunt mai mari dec\u00e2t la loteriile uria\u0219e din Statele Unite precum Powerball \u0219i MegaMillions.<\/p>\n<p>Ob\u021bine\u021bi biletele Eurojackpot acum \u0219i participa\u021bi la una dintre cele mai mari loterii din lume \u2013 poate c\u0103 actualul Eurojackpot v\u0103 a\u0219teapt\u0103 pe dvs s\u0103 \u00eel c\u00e2\u0219tiga\u021bi!<\/p>\n<h2>Mai multe informa\u021bii despre Eurojackpot<\/h2>\n<ul>\n<li style=\"list-style-type: none;\">\n<ul>\n<li style=\"list-style-type: none;\"><\/li>\n<li>\u021aar\u0103: diverse \u021b\u0103ri europene<img loading=\"lazy\" decoding=\"async\" class=\"alignright wp-image-49246\" src=\"https:\/\/onlinelotto365.com\/wp-content\/uploads\/2021\/01\/online_lottery-119-300x200.jpg\" alt=\"cump\u0103ra\u021bi eurojackpot online\" width=\"251\" height=\"167\" srcset=\"https:\/\/onlinelotto365.com\/wp-content\/uploads\/2021\/01\/online_lottery-119-300x200.jpg 300w, https:\/\/onlinelotto365.com\/wp-content\/uploads\/2021\/01\/online_lottery-119.jpg 320w\" sizes=\"auto, (max-width: 251px) 100vw, 251px\" \/><\/li>\n<li>Gama de numere principale: 50<\/li>\n<li>Alege\u021bi: 5<\/li>\n<li>Gama de numere suplimentare: 10<\/li>\n<li>Alege\u021bi: 2<\/li>\n<li>Extrage\u021bi zile, ore: vineri, 21:00 CET<\/li>\n<li>Jackpot minim: 10 milioane EUR<\/li>\n<li>Jackpot maxim: 90 milioane EUR<\/li>\n<li>Probabilitatea de a c\u00e2\u0219tiga jackpot-ul: 1 din 135.600.640<\/li>\n<li>Probabilitatea unei victorii de nivelul 2: 1 \u00een 2.118.760<\/li>\n<li>Probabilitatea de a c\u00e2\u0219tiga \u00een orice nivel: 1 din 26,39<\/li>\n<li>Num\u0103rul nivelurilor de premii: 12<\/li>\n<\/ul>\n<\/li>\n<\/ul>\n","protected":false},"excerpt":{"rendered":"<p>Dac\u0103, din orice motiv, nu pute\u021bi cump\u0103ra un bilet la loteria Eurojackpot de la un magazin din zon\u0103, ave\u021bi acum posibilitatea de a juca Eurojackpot online. Tot ceea ce trebuie s\u0103 face\u021bi este s\u0103 da\u021bi click pe acest link c\u0103tre site-ul RedFoxLotto. RedFoxLotto este un serviciu online care v\u0103 permite s\u0103 participa\u021bi la mai mult [&hellip;]<\/p>\n","protected":false},"author":1,"featured_media":0,"parent":5673,"menu_order":4,"comment_status":"closed","ping_status":"closed","template":"eurojackpot-info.php","meta":{"_et_pb_use_builder":"","_et_pb_old_content":"","_et_gb_content_width":"","exclude_from_search":false,"footnotes":""},"class_list":["post-11637","page","type-page","status-publish","hentry"],"yoast_head":"<!-- This site is optimized with the Yoast SEO plugin v23.4 - https:\/\/yoast.com\/wordpress\/plugins\/seo\/ -->\n<title>Pot s\u0103 particip la Eurojackpot online? | Eurojackpot online<\/title>\n<meta name=\"description\" content=\"Tr\u0103ie\u0219ti \u00een Rom\u00e2nia, dar vrei s\u0103 cumperi bilete pentru Eurojackpot? Cump\u0103ra\u021bi-le online aici!\" \/>\n<meta name=\"robots\" content=\"index, follow, max-snippet:-1, max-image-preview:large, max-video-preview:-1\" \/>\n<link rel=\"canonical\" href=\"https:\/\/onlinelotto365.com\/ro\/cumpara-bilete\/eurojackpot\/\" \/>\n<meta property=\"og:locale\" content=\"ro_RO\" \/>\n<meta property=\"og:type\" content=\"article\" \/>\n<meta property=\"og:title\" content=\"Pot s\u0103 particip la Eurojackpot online? | Eurojackpot online\" \/>\n<meta property=\"og:description\" content=\"Tr\u0103ie\u0219ti \u00een Rom\u00e2nia, dar vrei s\u0103 cumperi bilete pentru Eurojackpot? Cump\u0103ra\u021bi-le online aici!\" \/>\n<meta property=\"og:url\" content=\"https:\/\/onlinelotto365.com\/ro\/cumpara-bilete\/eurojackpot\/\" \/>\n<meta property=\"og:site_name\" content=\"OnlineLotto365\" \/>\n<meta property=\"article:modified_time\" content=\"2021-03-02T07:28:31+00:00\" \/>\n<meta property=\"og:image\" content=\"https:\/\/redfoxlotto.com\/image?size=8&amp;lottery=eurojackpot\" \/>\n<meta name=\"twitter:card\" content=\"summary_large_image\" \/>\n<meta name=\"twitter:label1\" content=\"Timp estimat pentru citire\" \/>\n\t<meta name=\"twitter:data1\" content=\"3 minute\" \/>\n<script type=\"application\/ld+json\" class=\"yoast-schema-graph\">{\"@context\":\"https:\/\/schema.org\",\"@graph\":[{\"@type\":\"WebPage\",\"@id\":\"https:\/\/onlinelotto365.com\/ro\/cumpara-bilete\/eurojackpot\/\",\"url\":\"https:\/\/onlinelotto365.com\/ro\/cumpara-bilete\/eurojackpot\/\",\"name\":\"Pot s\u0103 particip la Eurojackpot online? | Eurojackpot online\",\"isPartOf\":{\"@id\":\"https:\/\/onlinelotto365.com\/ro\/#website\"},\"primaryImageOfPage\":{\"@id\":\"https:\/\/onlinelotto365.com\/ro\/cumpara-bilete\/eurojackpot\/#primaryimage\"},\"image\":{\"@id\":\"https:\/\/onlinelotto365.com\/ro\/cumpara-bilete\/eurojackpot\/#primaryimage\"},\"thumbnailUrl\":\"https:\/\/redfoxlotto.com\/image?size=8&amp;lottery=eurojackpot\",\"datePublished\":\"2020-12-20T10:45:04+00:00\",\"dateModified\":\"2021-03-02T07:28:31+00:00\",\"description\":\"Tr\u0103ie\u0219ti \u00een Rom\u00e2nia, dar vrei s\u0103 cumperi bilete pentru Eurojackpot? Cump\u0103ra\u021bi-le online aici!\",\"breadcrumb\":{\"@id\":\"https:\/\/onlinelotto365.com\/ro\/cumpara-bilete\/eurojackpot\/#breadcrumb\"},\"inLanguage\":\"ro-RO\",\"potentialAction\":[{\"@type\":\"ReadAction\",\"target\":[\"https:\/\/onlinelotto365.com\/ro\/cumpara-bilete\/eurojackpot\/\"]}]},{\"@type\":\"ImageObject\",\"inLanguage\":\"ro-RO\",\"@id\":\"https:\/\/onlinelotto365.com\/ro\/cumpara-bilete\/eurojackpot\/#primaryimage\",\"url\":\"https:\/\/redfoxlotto.com\/image?size=8&amp;lottery=eurojackpot\",\"contentUrl\":\"https:\/\/redfoxlotto.com\/image?size=8&amp;lottery=eurojackpot\"},{\"@type\":\"BreadcrumbList\",\"@id\":\"https:\/\/onlinelotto365.com\/ro\/cumpara-bilete\/eurojackpot\/#breadcrumb\",\"itemListElement\":[{\"@type\":\"ListItem\",\"position\":1,\"name\":\"Home\",\"item\":\"https:\/\/onlinelotto365.com\/ro\/\"},{\"@type\":\"ListItem\",\"position\":2,\"name\":\"De ce are mai mult sens s\u0103 cumperi bilete la loterie online.\",\"item\":\"https:\/\/onlinelotto365.com\/ro\/cumpara-bilete\/\"},{\"@type\":\"ListItem\",\"position\":3,\"name\":\"Pot s\u0103 particip la Eurojackpot online?\"}]},{\"@type\":\"WebSite\",\"@id\":\"https:\/\/onlinelotto365.com\/ro\/#website\",\"url\":\"https:\/\/onlinelotto365.com\/ro\/\",\"name\":\"OnlineLotto365\",\"description\":\"\",\"potentialAction\":[{\"@type\":\"SearchAction\",\"target\":{\"@type\":\"EntryPoint\",\"urlTemplate\":\"https:\/\/onlinelotto365.com\/ro\/?s={search_term_string}\"},\"query-input\":{\"@type\":\"PropertyValueSpecification\",\"valueRequired\":true,\"valueName\":\"search_term_string\"}}],\"inLanguage\":\"ro-RO\"}]}<\/script>\n<!-- \/ Yoast SEO plugin. -->","yoast_head_json":{"title":"Pot s\u0103 particip la Eurojackpot online? | Eurojackpot online","description":"Tr\u0103ie\u0219ti \u00een Rom\u00e2nia, dar vrei s\u0103 cumperi bilete pentru Eurojackpot? Cump\u0103ra\u021bi-le online aici!","robots":{"index":"index","follow":"follow","max-snippet":"max-snippet:-1","max-image-preview":"max-image-preview:large","max-video-preview":"max-video-preview:-1"},"canonical":"https:\/\/onlinelotto365.com\/ro\/cumpara-bilete\/eurojackpot\/","og_locale":"ro_RO","og_type":"article","og_title":"Pot s\u0103 particip la Eurojackpot online? | Eurojackpot online","og_description":"Tr\u0103ie\u0219ti \u00een Rom\u00e2nia, dar vrei s\u0103 cumperi bilete pentru Eurojackpot? Cump\u0103ra\u021bi-le online aici!","og_url":"https:\/\/onlinelotto365.com\/ro\/cumpara-bilete\/eurojackpot\/","og_site_name":"OnlineLotto365","article_modified_time":"2021-03-02T07:28:31+00:00","og_image":[{"url":"https:\/\/redfoxlotto.com\/image?size=8&amp;lottery=eurojackpot"}],"twitter_card":"summary_large_image","twitter_misc":{"Timp estimat pentru citire":"3 minute"},"schema":{"@context":"https:\/\/schema.org","@graph":[{"@type":"WebPage","@id":"https:\/\/onlinelotto365.com\/ro\/cumpara-bilete\/eurojackpot\/","url":"https:\/\/onlinelotto365.com\/ro\/cumpara-bilete\/eurojackpot\/","name":"Pot s\u0103 particip la Eurojackpot online? | Eurojackpot online","isPartOf":{"@id":"https:\/\/onlinelotto365.com\/ro\/#website"},"primaryImageOfPage":{"@id":"https:\/\/onlinelotto365.com\/ro\/cumpara-bilete\/eurojackpot\/#primaryimage"},"image":{"@id":"https:\/\/onlinelotto365.com\/ro\/cumpara-bilete\/eurojackpot\/#primaryimage"},"thumbnailUrl":"https:\/\/redfoxlotto.com\/image?size=8&amp;lottery=eurojackpot","datePublished":"2020-12-20T10:45:04+00:00","dateModified":"2021-03-02T07:28:31+00:00","description":"Tr\u0103ie\u0219ti \u00een Rom\u00e2nia, dar vrei s\u0103 cumperi bilete pentru Eurojackpot? Cump\u0103ra\u021bi-le online aici!","breadcrumb":{"@id":"https:\/\/onlinelotto365.com\/ro\/cumpara-bilete\/eurojackpot\/#breadcrumb"},"inLanguage":"ro-RO","potentialAction":[{"@type":"ReadAction","target":["https:\/\/onlinelotto365.com\/ro\/cumpara-bilete\/eurojackpot\/"]}]},{"@type":"ImageObject","inLanguage":"ro-RO","@id":"https:\/\/onlinelotto365.com\/ro\/cumpara-bilete\/eurojackpot\/#primaryimage","url":"https:\/\/redfoxlotto.com\/image?size=8&amp;lottery=eurojackpot","contentUrl":"https:\/\/redfoxlotto.com\/image?size=8&amp;lottery=eurojackpot"},{"@type":"BreadcrumbList","@id":"https:\/\/onlinelotto365.com\/ro\/cumpara-bilete\/eurojackpot\/#breadcrumb","itemListElement":[{"@type":"ListItem","position":1,"name":"Home","item":"https:\/\/onlinelotto365.com\/ro\/"},{"@type":"ListItem","position":2,"name":"De ce are mai mult sens s\u0103 cumperi bilete la loterie online.","item":"https:\/\/onlinelotto365.com\/ro\/cumpara-bilete\/"},{"@type":"ListItem","position":3,"name":"Pot s\u0103 particip la Eurojackpot online?"}]},{"@type":"WebSite","@id":"https:\/\/onlinelotto365.com\/ro\/#website","url":"https:\/\/onlinelotto365.com\/ro\/","name":"OnlineLotto365","description":"","potentialAction":[{"@type":"SearchAction","target":{"@type":"EntryPoint","urlTemplate":"https:\/\/onlinelotto365.com\/ro\/?s={search_term_string}"},"query-input":{"@type":"PropertyValueSpecification","valueRequired":true,"valueName":"search_term_string"}}],"inLanguage":"ro-RO"}]}},"_links":{"self":[{"href":"https:\/\/onlinelotto365.com\/ro\/wp-json\/wp\/v2\/pages\/11637","targetHints":{"allow":["GET"]}}],"collection":[{"href":"https:\/\/onlinelotto365.com\/ro\/wp-json\/wp\/v2\/pages"}],"about":[{"href":"https:\/\/onlinelotto365.com\/ro\/wp-json\/wp\/v2\/types\/page"}],"author":[{"embeddable":true,"href":"https:\/\/onlinelotto365.com\/ro\/wp-json\/wp\/v2\/users\/1"}],"replies":[{"embeddable":true,"href":"https:\/\/onlinelotto365.com\/ro\/wp-json\/wp\/v2\/comments?post=11637"}],"version-history":[{"count":0,"href":"https:\/\/onlinelotto365.com\/ro\/wp-json\/wp\/v2\/pages\/11637\/revisions"}],"up":[{"embeddable":true,"href":"https:\/\/onlinelotto365.com\/ro\/wp-json\/wp\/v2\/pages\/5673"}],"wp:attachment":[{"href":"https:\/\/onlinelotto365.com\/ro\/wp-json\/wp\/v2\/media?parent=11637"}],"curies":[{"name":"wp","href":"https:\/\/api.w.org\/{rel}","templated":true}]}}