{"id":4496,"date":"2020-11-30T12:01:10","date_gmt":"2020-11-30T11:01:10","guid":{"rendered":"http:\/\/onlinelotto365.net\/bine-ati-venit-la-onlinelotto365"},"modified":"2023-10-04T09:18:16","modified_gmt":"2023-10-04T08:18:16","slug":"home","status":"publish","type":"page","link":"https:\/\/onlinelotto365.com\/ro\/","title":{"rendered":"Bine ai venit la OnlineLotto365!"},"content":{"rendered":"<p>P\u00e2n\u0103 de cur\u00e2nd, noi, fanii loteriei, eram limita\u021bi la a juca la loterie doar din propria \u021bar\u0103 sau regiune. Auzeam de jackpoturile mari \u0219i interesante din alt\u0103 parte, \u00een valoare de zeci sau sute de milioane de dolari sau euro \u0219i doream s\u0103 locuim \u00een zonele de unde puteai s\u0103 cumperi bilete pentru astfel de mine de aur.<\/p>\n<p><a href=\"https:\/\/redfoxlotto.com\/ro\/?ref=a8564250a2&amp;medium=ol365\" target=\"_blank\" rel=\"noopener noreferrer\"><img loading=\"lazy\" decoding=\"async\" class=\"aligncenter\" src=\"https:\/\/redfoxlotto.com\/ro\/image?size=8&amp;lottery=mega-millions\" alt=\"Mega Millions\" width=\"728\" height=\"90\" \/><\/a><\/p>\n<p>\u0218tiu c\u0103 \u021bi-ai dorit s\u0103 po\u021bi participa la aceast\u0103 mare ac\u021biune la fel de multe ori ca \u0219i mine. \u00cei tot vedem pe acei oameni care \u00eencaseaz\u0103 aceste mega premii \u0219i ne doream s\u0103 fim noi \u00een locul lor. Nici m\u0103car nu am putut s\u0103 juc\u0103m, a\u0219a c\u0103 ce s\u0103 mai vorbim de c\u00e2\u0219tiguri.<\/p>\n<p>Ei bine, toate acestea se vor schimba. Acum, prin intermediul noului nostru serviciu de bilete la loto, nu mai conteaz\u0103 dac\u0103 locuie\u0219ti \u00eentr-o \u021bar\u0103 unde se desf\u0103\u0219oar\u0103 sau nu extrageri loto. \u00cen cele din urm\u0103, persoanele care conduc aceste loterii realizeaz\u0103 faptul c\u0103 exist\u0103 foarte mul\u021bi clien\u021bi poten\u021biali \u00een alte \u021b\u0103ri care \u00ee\u0219i doresc pu\u021bin mai mult\u0103 ac\u021biune.<\/p>\n<h2>Acum po\u021bi comanda bilete online<\/h2>\n<p>Nu mai tr\u0103im vremurile vechi \u0219i, dup\u0103 cum \u0219tim cu to\u021bii, internetul ne-a adus lumea la picioare, totul fiind acum disponibil online. A\u0219a c\u0103 de ce s\u0103 nu ai acces la marile loterii din \u00eentreaga lume? Este o ideea pe care o a\u0219teptam cu to\u021bii entuziasma\u021bi, iar acum a\u0219teptarea s-a \u00eencheiat.<\/p>\n<p>Am f\u0103cut ca accesul la toate acestea s\u0103 fie pe c\u00e2t de simplu posibil. Tot ce trebuie s\u0103 faci este s\u0103 faci click pe una dintre loterii, pentru a avea acces rapid la at\u00e2tea premii extravagante. \u00cen continuare nu trebuie dec\u00e2t s\u0103 urmezi instruc\u021biunile simple care \u00ee\u021bi sunt oferite, s\u0103 \u00ee\u021bi alegi numerele \u0219i s\u0103-\u021bi cumperi biletele.<\/p>\n<h2>Pla\u021bi sigure pentru loteriile online<img loading=\"lazy\" decoding=\"async\" class=\"alignright wp-image-1840\" src=\"https:\/\/onlinelotto365.com\/wp-content\/uploads\/2023\/10\/online_lottery-164-300x250-1.jpg\" alt=\"serviciu de loterie online\" width=\"248\" height=\"207\" \/><\/h2>\n<p>Acest serviciu online excelent ofer\u0103 c\u00e2teva metode de plat\u0103 foarte convenabile, prin intermediul unui procesor de pl\u0103\u021bi 100% sigur \u0219i de ultim\u0103 genera\u021bie. Dup\u0103 achizi\u021bionarea biletelor, vei primi un email de confirmare \u0219i vei putea vizualiza biletele din contul de client. \u00ce\u021bi vom oferi asisten\u021b\u0103 gratuit\u0103 atunci c\u00e2nt va trebui s\u0103 \u00ee\u021bi colectezi c\u00e2\u0219tigurile, lucru de care vei avea nevoie cu siguran\u021b\u0103, din moment ce nu locuie\u0219ti \u00een \u021bara \u00een care are loc extragerea loto. Nu trebuie s\u0103 ne facem griji din niciun punct de vedere deoarece ne-am ocupat de toate aspectele, p\u00e2n\u0103 \u00een cele mai mici detalii, pentru clien\u021bii no\u0219tri.<\/p>\n<p>Cu c\u00e2t sunt mai mari jackpoturile, cu at\u00e2t \u0219ansele tale sunt mai mari<\/p>\n<p>Nu este niciun secret asupra faptului c\u0103 num\u0103rul celor care joac\u0103 la loterie cre\u0219te foarte mult atunci c\u00e2nd jackpoturile cresc. A\u0219adar, dac\u0103 te-ai blocat \u00een a\u0219teptarea marii loterii din \u021bara \u00een care locuie\u0219ti, s-ar putea s\u0103 a\u0219tep\u021bi mult \u0219i bine. Desigur c\u0103 este foarte distractiv s\u0103 joci \u0219i pentru jackpoturile mai mici, dar acestea nu se compar\u0103 deloc cu cele substan\u021biale. Nu este doar mult mai distractiv s\u0103 ne imagin\u0103m cum c\u00e2\u0219tig\u0103m acele premii uria\u0219e, de care se bucur\u0103 cei noroco\u0219i, dar \u0219ansele de c\u00e2\u0219tig cresc foarte mult \u00een favoarea noastr\u0103 atunci c\u00e2nd jackpoturile sunt mari.<br \/>\n<a href=\"https:\/\/redfoxlotto.com\/?ref=a8564250a2&amp;medium=ol365\" target=\"_blank\" rel=\"noopener noreferrer\"><img loading=\"lazy\" decoding=\"async\" class=\"aligncenter\" src=\"https:\/\/redfoxlotto.com\/image?size=8&amp;lottery=powerball\" alt=\"Powerball\" width=\"728\" height=\"90\" \/><\/a><br \/>\nEste nevoie de timp pentru ca premiile s\u0103 creasc\u0103 p\u00e2n\u0103 la dimensiuni monumentale, ceea ce \u00eenseamn\u0103 c\u0103 trec perioade foarte mari de timp f\u0103r\u0103 niciun c\u00e2\u0219tig\u0103tor la loterie. A\u0219adar, pe m\u0103sur\u0103 ce timpul trece, toate aceste premii mai mici care nu au fost revendicate de nimeni, continu\u0103 s\u0103 se acumuleze.<\/p>\n<p>Consider c\u0103 nu mai este necesar s\u0103 intr\u0103m \u00een detalii despre c\u00e2t de potrivite sunt jackpoturile mari pentru tine. Deci, cu c\u00e2t ai mai mult acces la premiile mari, cu at\u00e2t mai bine. Cu alte cuvinte, atunci c\u00e2nd apare un astfel de serviciu de internet, care te poate introduce \u00een jocul cu jackpoturile mari, lucrul acesta este foarte bun pentru tine din punct de vedere al c\u00e2\u0219tigurilor la loterie.<\/p>\n<p>Acum ai acces la toate marile loterii, inclusiv U.S. Powerball \u0219i Mega Millions, El Gordo din Spania, Superenalotto din Italia, EuroMillions, Eurojackpot, Loteria britanic\u0103, diverse loterii australiene \u0219i multe altele.<\/p>\n<p>Chiar dac\u0103 e\u0219ti un fan ocazional al loteriei, de ce s\u0103 te limitezi la cele pentru care po\u021bi cump\u0103ra bilete de la o gheret\u0103, c\u00e2nd po\u021bi s\u0103 \u00ee\u021bi extinzi orizonturile pentru a cuprinde \u00eentreaga lume prin intermediul acestui serviciu online excelent? \u00cenc\u0103 o dat\u0103, noi furniz\u0103m toate aceste servicii pentru un pre\u021b, dar nu va fi dedus nimic din c\u00e2\u0219tigurile noastre.<\/p>\n<h2>Cele mai mari zile de plat\u0103 din istorie<\/h2>\n<p>Iat\u0103 o list\u0103 cu cele mai mari premii c\u00e2\u0219tigate de-a lungul ultimilor ani. Nu este surprinz\u0103tor faptul c\u0103 acestea au avut loc \u00een SUA. Marile loterii americane Powerball \u0219i Mega Millions genereaz\u0103 pl\u0103\u021bi imense \u00een mod regulat. A\u0219adar nu trebuie s\u0103 fim surprin\u0219i dac\u0103 majoritatea achizi\u021biilor online sunt pentru bilete la Powerball \u0219i Mega Millions.<\/p>\n<ul>\n<li>1568 de milioane de dolari, jackpotul Powerball c\u00e2\u0219tigat pe 13 ianuarie 2016. Acest premiu a fost \u00eemp\u0103r\u021bit de 3 c\u00e2\u0219tig\u0103tori.<\/li>\n<li>1537 de milioane de dolari, jackpotul Mega Millions c\u00e2\u0219tigat de o singur\u0103 persoan\u0103 pe 23 octombrie 2018.<\/li>\n<li>1000 de milioane de dolari, jackpotul Mega Millions c\u00e2\u0219tigat de o singur\u0103 persoan\u0103 pe 22 ianuarie 2021.<\/li>\n<li>768 de milioane de dolari, jackpotul c\u00e2\u0219tigat la Powerball pe 27 martie 2019.<\/li>\n<li>758 de milioane de dolari, jackpotul c\u00e2\u0219tigat la Powerball de o singur\u0103 persoan\u0103 \u00een august 2017.<\/li>\n<li>730 de milioane de dolari, jackpotul c\u00e2\u0219tigat la Powerball de o singur\u0103 persoan\u0103 pe 20 ianuarie 2021.<\/li>\n<li>687 de milioane de dolari, premiu \u00eemp\u0103r\u021bit de dou\u0103 persoane la Powerball pe 27 octombrie 2018.<\/li>\n<li>656 de milioane de dolari, un premiu Mega Millions \u00eemp\u0103r\u021bit de trei persoane \u00een martie 2016.<\/li>\n<\/ul>\n<p>Acum \u0219i tu ai \u0219ansa s\u0103 c\u00e2\u0219tigi premiul cel mare la aceste loterii. Fii gata pentru a te expune celor mai bune c\u00e2\u0219tiguri pe care le are lumea de oferit \u0219i, chiar mai important, \u0219ansele de a c\u00e2\u0219tiga bog\u0103\u021bii neimaginate sporesc foarte mult.<\/p>\n<h2>Evolu\u021bia loteriei<\/h2>\n<p>Din punct de vedere istoric, se pare c\u0103 primele loterii au avut loc \u00een China \u0219i chiar \u0219i atunci, aceste loterii serveau mai ales finan\u021barea proiectelor publice. Se prea poate ca li Marele Zid Chinezesc s\u0103 fie unul dintre aceste proiecte. \u00cen Roma antic\u0103, loteriile aveau loc \u00een timpul evenimentelor pentru cet\u0103\u021benii boga\u021bi, iar veniturile erau utilizate pentru a finan\u021ba lucr\u0103rile de repara\u021bii ale ora\u0219ului. \u00cen ianuarie 1449, un r\u0103zboi \u00eentre Milano \u0219i Vene\u021bia a fost finan\u021bat de o loterie.<\/p>\n<p>De-a lungul secolelor, au fost \u00een mare parte sanc\u021bionate \u0219i conduse de state li guverne pentru a str\u00e2nge fonduri. \u00centr-un fel, acele loterii serveau ca o form\u0103 de impozitare voluntar\u0103 a mul\u021bimii. Din acest motiv, procentul veniturilor generate de v\u00e2nz\u0103rile biletelor fa\u021b\u0103 de plata premiilor este \u0219i a fost adesea destul de redus.<\/p>\n<h2>Loteria \u00een timpurile moderne<\/h2>\n<p>Din momentul \u00een care internetul a u\u0219urat foarte mult lucrurile pentru mul\u021bi dintre noi, majoritatea loteriilor na\u021bionale au \u00eenceput s\u0103 ofere op\u021biunea achizi\u021bion\u0103rii online a biletelor. Dar cump\u0103rarea biletelor la loterie online prin intermediul site-urilor web ale loteriilor na\u021bionale a fost limitat\u0103 la juc\u0103torii din \u021bara unde se afl\u0103 loteria. \u00cen timp ce cump\u0103rarea online a devenit mai convenabil\u0103, faptul acesta nu a \u00eembun\u0103t\u0103\u021bit deloc \u0219ansele de a c\u00e2\u0219tiga. Acest lucru ar putea fi realizat doar prin urm\u0103torul pas \u00een evolu\u021bia loteriei.<\/p>\n<h2>Mai multe op\u021biuni \u00ee\u021bi ofer\u0103 \u0219anse mai mari<\/h2>\n<p>Ideea unui serviciu ca al nostru, care permite fanilor loto s\u0103 participe la loterii din alte jurisdic\u021bii a fost urm\u0103torul pas logic al dezvolt\u0103rii. Acum juc\u0103torii la loto pot alege dintr-o gam\u0103 larg\u0103 de loterii. \u021aintind premiul cel mare \u00een prezent, ace\u0219tia \u00ee\u0219i pot \u00eembun\u0103t\u0103\u021bi considerabil a\u0219tept\u0103rile la c\u00e2\u0219tig. Pentru loteriile precum Mega Millions, Powerball \u0219i Euromillions, procentul achizi\u021biilor de bilete online de c\u0103tre juc\u0103torii din \u00eentreaga lume cre\u0219te lun\u0103 de lun\u0103.<\/p>\n","protected":false},"excerpt":{"rendered":"<p>P\u00e2n\u0103 de cur\u00e2nd, noi, fanii loteriei, eram limita\u021bi la a juca la loterie doar din propria \u021bar\u0103 sau regiune. Auzeam de jackpoturile mari \u0219i interesante din alt\u0103 parte, \u00een valoare de zeci sau sute de milioane de dolari sau euro \u0219i doream s\u0103 locuim \u00een zonele de unde puteai s\u0103 cumperi bilete pentru astfel de [&hellip;]<\/p>\n","protected":false},"author":1,"featured_media":0,"parent":0,"menu_order":1,"comment_status":"closed","ping_status":"closed","template":"lotto.php","meta":{"_et_pb_use_builder":"","_et_pb_old_content":"","_et_gb_content_width":"","exclude_from_search":false,"footnotes":""},"class_list":["post-4496","page","type-page","status-publish","hentry"],"yoast_head":"<!-- This site is optimized with the Yoast SEO plugin v23.4 - https:\/\/yoast.com\/wordpress\/plugins\/seo\/ -->\n<title>Loto Online | Toate jackpoturile de loterie din lume accesibile online.<\/title>\n<meta name=\"description\" content=\"Serviciu de bilete loto online pentru orice jackpot interna\u021bional. Ob\u021bine bilete pentru orice loterie din lume, indiferent unde locuie\u0219ti.\" \/>\n<meta name=\"robots\" content=\"index, follow, max-snippet:-1, max-image-preview:large, max-video-preview:-1\" \/>\n<link rel=\"canonical\" href=\"https:\/\/onlinelotto365.com\/ro\/\" \/>\n<meta property=\"og:locale\" content=\"ro_RO\" \/>\n<meta property=\"og:type\" content=\"article\" \/>\n<meta property=\"og:title\" content=\"Loto Online | Toate jackpoturile de loterie din lume accesibile online.\" \/>\n<meta property=\"og:description\" content=\"Serviciu de bilete loto online pentru orice jackpot interna\u021bional. Ob\u021bine bilete pentru orice loterie din lume, indiferent unde locuie\u0219ti.\" \/>\n<meta property=\"og:url\" content=\"https:\/\/onlinelotto365.com\/ro\/\" \/>\n<meta property=\"og:site_name\" content=\"OnlineLotto365\" \/>\n<meta property=\"article:modified_time\" content=\"2023-10-04T08:18:16+00:00\" \/>\n<meta property=\"og:image\" content=\"https:\/\/redfoxlotto.com\/ro\/image?size=8&amp;lottery=mega-millions\" \/>\n<meta name=\"twitter:card\" content=\"summary_large_image\" \/>\n<meta name=\"twitter:label1\" content=\"Timp estimat pentru citire\" \/>\n\t<meta name=\"twitter:data1\" content=\"7 minute\" \/>\n<script type=\"application\/ld+json\" class=\"yoast-schema-graph\">{\"@context\":\"https:\/\/schema.org\",\"@graph\":[{\"@type\":\"WebPage\",\"@id\":\"https:\/\/onlinelotto365.com\/ro\/\",\"url\":\"https:\/\/onlinelotto365.com\/ro\/\",\"name\":\"Loto Online | Toate jackpoturile de loterie din lume accesibile online.\",\"isPartOf\":{\"@id\":\"https:\/\/onlinelotto365.com\/ro\/#website\"},\"primaryImageOfPage\":{\"@id\":\"https:\/\/onlinelotto365.com\/ro\/#primaryimage\"},\"image\":{\"@id\":\"https:\/\/onlinelotto365.com\/ro\/#primaryimage\"},\"thumbnailUrl\":\"https:\/\/redfoxlotto.com\/ro\/image?size=8&amp;lottery=mega-millions\",\"datePublished\":\"2020-11-30T11:01:10+00:00\",\"dateModified\":\"2023-10-04T08:18:16+00:00\",\"description\":\"Serviciu de bilete loto online pentru orice jackpot interna\u021bional. Ob\u021bine bilete pentru orice loterie din lume, indiferent unde locuie\u0219ti.\",\"breadcrumb\":{\"@id\":\"https:\/\/onlinelotto365.com\/ro\/#breadcrumb\"},\"inLanguage\":\"ro-RO\",\"potentialAction\":[{\"@type\":\"ReadAction\",\"target\":[\"https:\/\/onlinelotto365.com\/ro\/\"]}]},{\"@type\":\"ImageObject\",\"inLanguage\":\"ro-RO\",\"@id\":\"https:\/\/onlinelotto365.com\/ro\/#primaryimage\",\"url\":\"https:\/\/redfoxlotto.com\/ro\/image?size=8&amp;lottery=mega-millions\",\"contentUrl\":\"https:\/\/redfoxlotto.com\/ro\/image?size=8&amp;lottery=mega-millions\"},{\"@type\":\"BreadcrumbList\",\"@id\":\"https:\/\/onlinelotto365.com\/ro\/#breadcrumb\",\"itemListElement\":[{\"@type\":\"ListItem\",\"position\":1,\"name\":\"Home\",\"item\":\"https:\/\/onlinelotto365.com\/ro\/\"},{\"@type\":\"ListItem\",\"position\":2,\"name\":\"Bine ai venit la OnlineLotto365!\"}]},{\"@type\":\"WebSite\",\"@id\":\"https:\/\/onlinelotto365.com\/ro\/#website\",\"url\":\"https:\/\/onlinelotto365.com\/ro\/\",\"name\":\"OnlineLotto365\",\"description\":\"\",\"potentialAction\":[{\"@type\":\"SearchAction\",\"target\":{\"@type\":\"EntryPoint\",\"urlTemplate\":\"https:\/\/onlinelotto365.com\/ro\/?s={search_term_string}\"},\"query-input\":{\"@type\":\"PropertyValueSpecification\",\"valueRequired\":true,\"valueName\":\"search_term_string\"}}],\"inLanguage\":\"ro-RO\"}]}<\/script>\n<!-- \/ Yoast SEO plugin. -->","yoast_head_json":{"title":"Loto Online | Toate jackpoturile de loterie din lume accesibile online.","description":"Serviciu de bilete loto online pentru orice jackpot interna\u021bional. Ob\u021bine bilete pentru orice loterie din lume, indiferent unde locuie\u0219ti.","robots":{"index":"index","follow":"follow","max-snippet":"max-snippet:-1","max-image-preview":"max-image-preview:large","max-video-preview":"max-video-preview:-1"},"canonical":"https:\/\/onlinelotto365.com\/ro\/","og_locale":"ro_RO","og_type":"article","og_title":"Loto Online | Toate jackpoturile de loterie din lume accesibile online.","og_description":"Serviciu de bilete loto online pentru orice jackpot interna\u021bional. Ob\u021bine bilete pentru orice loterie din lume, indiferent unde locuie\u0219ti.","og_url":"https:\/\/onlinelotto365.com\/ro\/","og_site_name":"OnlineLotto365","article_modified_time":"2023-10-04T08:18:16+00:00","og_image":[{"url":"https:\/\/redfoxlotto.com\/ro\/image?size=8&amp;lottery=mega-millions"}],"twitter_card":"summary_large_image","twitter_misc":{"Timp estimat pentru citire":"7 minute"},"schema":{"@context":"https:\/\/schema.org","@graph":[{"@type":"WebPage","@id":"https:\/\/onlinelotto365.com\/ro\/","url":"https:\/\/onlinelotto365.com\/ro\/","name":"Loto Online | Toate jackpoturile de loterie din lume accesibile online.","isPartOf":{"@id":"https:\/\/onlinelotto365.com\/ro\/#website"},"primaryImageOfPage":{"@id":"https:\/\/onlinelotto365.com\/ro\/#primaryimage"},"image":{"@id":"https:\/\/onlinelotto365.com\/ro\/#primaryimage"},"thumbnailUrl":"https:\/\/redfoxlotto.com\/ro\/image?size=8&amp;lottery=mega-millions","datePublished":"2020-11-30T11:01:10+00:00","dateModified":"2023-10-04T08:18:16+00:00","description":"Serviciu de bilete loto online pentru orice jackpot interna\u021bional. Ob\u021bine bilete pentru orice loterie din lume, indiferent unde locuie\u0219ti.","breadcrumb":{"@id":"https:\/\/onlinelotto365.com\/ro\/#breadcrumb"},"inLanguage":"ro-RO","potentialAction":[{"@type":"ReadAction","target":["https:\/\/onlinelotto365.com\/ro\/"]}]},{"@type":"ImageObject","inLanguage":"ro-RO","@id":"https:\/\/onlinelotto365.com\/ro\/#primaryimage","url":"https:\/\/redfoxlotto.com\/ro\/image?size=8&amp;lottery=mega-millions","contentUrl":"https:\/\/redfoxlotto.com\/ro\/image?size=8&amp;lottery=mega-millions"},{"@type":"BreadcrumbList","@id":"https:\/\/onlinelotto365.com\/ro\/#breadcrumb","itemListElement":[{"@type":"ListItem","position":1,"name":"Home","item":"https:\/\/onlinelotto365.com\/ro\/"},{"@type":"ListItem","position":2,"name":"Bine ai venit la OnlineLotto365!"}]},{"@type":"WebSite","@id":"https:\/\/onlinelotto365.com\/ro\/#website","url":"https:\/\/onlinelotto365.com\/ro\/","name":"OnlineLotto365","description":"","potentialAction":[{"@type":"SearchAction","target":{"@type":"EntryPoint","urlTemplate":"https:\/\/onlinelotto365.com\/ro\/?s={search_term_string}"},"query-input":{"@type":"PropertyValueSpecification","valueRequired":true,"valueName":"search_term_string"}}],"inLanguage":"ro-RO"}]}},"_links":{"self":[{"href":"https:\/\/onlinelotto365.com\/ro\/wp-json\/wp\/v2\/pages\/4496","targetHints":{"allow":["GET"]}}],"collection":[{"href":"https:\/\/onlinelotto365.com\/ro\/wp-json\/wp\/v2\/pages"}],"about":[{"href":"https:\/\/onlinelotto365.com\/ro\/wp-json\/wp\/v2\/types\/page"}],"author":[{"embeddable":true,"href":"https:\/\/onlinelotto365.com\/ro\/wp-json\/wp\/v2\/users\/1"}],"replies":[{"embeddable":true,"href":"https:\/\/onlinelotto365.com\/ro\/wp-json\/wp\/v2\/comments?post=4496"}],"version-history":[{"count":0,"href":"https:\/\/onlinelotto365.com\/ro\/wp-json\/wp\/v2\/pages\/4496\/revisions"}],"wp:attachment":[{"href":"https:\/\/onlinelotto365.com\/ro\/wp-json\/wp\/v2\/media?parent=4496"}],"curies":[{"name":"wp","href":"https:\/\/api.w.org\/{rel}","templated":true}]}}