{"id":5032,"date":"2020-12-03T09:49:09","date_gmt":"2020-12-03T08:49:09","guid":{"rendered":"http:\/\/onlinelotto365.net\/?page_id=5032"},"modified":"2022-11-08T11:54:03","modified_gmt":"2022-11-08T10:54:03","slug":"joaca","status":"publish","type":"page","link":"https:\/\/onlinelotto365.com\/ro\/joaca\/","title":{"rendered":"Tot ceea ce trebuie s\u0103 \u0219tii despre op\u021biunile tale de a juca la cele mai bune loterii online."},"content":{"rendered":"<p>E\u0219ti \u00eenc\u00e2ntat s\u0103 \u00eencepi s\u0103 joci la loterie? Ei bine, dac\u0103 a\u0219a stau lucrurile, cu siguran\u021b\u0103 c\u0103 vei vrea s\u0103 \u0219tii care sunt op\u021biunile tale online. Toate marile jocuri de loterie, de aproape oriunde \u00een lume, sunt disponibile pentru ca tu s\u0103 le po\u021bi juca online. Nu trebuie dec\u00e2t s\u0103 \u0219tii unde anume s\u0103 cau\u021bi \u0219i de unde s\u0103 \u00eencepi. Din fericire pentru tine, toate acestea sunt foarte u\u0219or de f\u0103cut. Nu trebuie dec\u00e2t s\u0103 marchezi site-ul nostru \u0219i s\u0103 verifici apoi informa\u021biile actualizate. Vei g\u0103si foarte multe op\u021biuni pentru a juca fiecare joc de loterie pe care \u00eel vezi, din oricare dintre \u021b\u0103rile afi\u0219ate.<br \/>\n<a href=\"https:\/\/redfoxlotto.com\/play\/mega-millions\/?ref=a8564250a2&amp;medium=ol365\" target=\"_blank\" rel=\"noopener noreferrer\"><img loading=\"lazy\" decoding=\"async\" class=\"aligncenter\" src=\"https:\/\/redfoxlotto.com\/image?size=7&amp;lottery=mega-millions\" alt=\"joac\u0103 mega millions\" width=\"841\" height=\"108\" \/><\/a><br \/>\nCe este minunat la op\u021biunile online este faptul c\u0103 ai posibilitatea de a juca jocuri care se afl\u0103 pe \u00eentreg mapamondul. Nu mai e\u0219ti deloc limitat la jocurile pe care le po\u021bi juca doar \u00een magazinul local. \u00cen schimb, vei putea vedea cum anume sunt jucate jocurile \u00een diferite \u021b\u0103ri \u0219i \u00ee\u021bi po\u021bi \u00eencerca norocul la acestea.<\/p>\n<h2>Jocul la loteriile online \u00ee\u021bi ofer\u0103 mai multe op\u021biuni<\/h2>\n<p>Cea mai bun\u0103 latur\u0103 la a juca online la loterii este faptul c\u0103 oric\u00e2nd exist\u0103 un premiu mare disponibil care poate fi c\u00e2\u0219tigat. Dac\u0103 vei juca doar la loteriile locale, va trebui s\u0103 a\u0219tep\u021bi foarte mult pentru ca jackpotul s\u0103 creasc\u0103 p\u00e2n\u0103 la punctul \u00een care are sens s\u0103 \u00eenveste\u0219ti bani \u00een bilete.<\/p>\n<p>Este clar faptul c\u0103 dimensiunea marelui premiu conteaz\u0103 pentru decizia ta. Un premiu mai mare \u00eenseamnc\u0103 c\u0103 \u0219ansele tale matematice de a c\u00e2\u0219tiga sunt mai mari. Acesta este motivul pentru care majoritatea clien\u021bilor no\u0219tri \u00ee\u021bi cheltuiesc banii la loto pe jackpotul care este cel mai mare \u00een prezent.<\/p>\n<h2><img loading=\"lazy\" decoding=\"async\" class=\"alignright wp-image-1862\" src=\"https:\/\/onlinelotto365.com\/wp-content\/uploads\/2020\/11\/online_lottery-166-200x300.jpg\" alt=\"joac\u0103 loto online\" width=\"141\" height=\"211\" \/>Cum func\u021bioneaz\u0103 serviciul de loto online?<\/h2>\n<p>Cea mai rapid\u0103 modalitate de a \u00eencepe s\u0103 joci online la loterie este s\u0103 faci clic pe unul dintre butoanele sau bannerele loteriei \u0219i s\u0103-\u021bi alegi numerele pentru a crea un bilet. Po\u021bi juca la mai multe loterii dac\u0103 \u00ee\u021bi dore\u0219ti acest lucru. Adaug\u0103 \u00een co\u0219 c\u00e2t de multe bilete dore\u0219ti. Apoi f\u0103 clic pentru a continua cu finalizarea comenzii. Va trebui s\u0103-\u021bi creezi un cont la noi. Nu uita s\u0103-\u021bi verifici contul \u2013 caut\u0103 email-ul de verificare din inbox. Dac\u0103 nu vei g\u0103si acolo email-ul, \u00eel vei g\u0103si \u00een dosarul cu expeditori necunoscu\u021bi sau \u00een c\u0103su\u021ba de spam.<\/p>\n<h2>Pot juca din \u021bara mea de re\u0219edin\u021b\u0103?<\/h2>\n<p>Chiar nu conteaz\u0103 unde anume locuie\u0219ti. Jocul la loterie online func\u021bioneaz\u0103 de (aproape) oriunde. Singurele excep\u021bii sunt c\u0103 nu putem s\u0103 accept\u0103m clien\u021bi din SUA \u0219i Olanda.<\/p>\n<h2>Cum intru \u00een posesia c\u00e2\u0219tigurilor?<\/h2>\n<p>Serviciul nostru de bilete la loterie include asisten\u021b\u0103 atunci c\u00e2nd vine vorba de \u00eencas\u0103rile c\u00e2\u0219tigurilor. Exist\u0103 dou\u0103 proceduri diferite pentru a face aceasta:<\/p>\n<ul>\n<li>C\u00e2\u0219tiguri mai mici de 2500 de euro: suma c\u00e2\u0219tigat\u0103 va fi creditat\u0103 \u00een soldul utilizatorului de pe site-ul nostru web. Po\u021bi retrage banii de acolo, pe cardul de credit sau \u00een contul bancar.<\/li>\n<li>C\u00e2\u0219tiguri mai mari de 2500 de euro: pl\u0103\u021bile cu sume mai mari vor fi efectuate direct de loterie. \u00cel completezi \u0219i s\u0103 ni-l trimi\u021bi \u00eenapoi. Formularul con\u021bine instruc\u021biuni pentru plat\u0103, care poate fi un transfer bancar sau un cec. Toate acestea se vor face online. Vom trimite formularul loteriei, iar ace\u0219tia vor trimite banii \u00een contul t\u0103u bancar sau \u00ee\u021bi vor trimite un cec &#8211; \u00een func\u021bie de preferin\u021bele personale.<\/li>\n<\/ul>\n","protected":false},"excerpt":{"rendered":"<p>E\u0219ti \u00eenc\u00e2ntat s\u0103 \u00eencepi s\u0103 joci la loterie? Ei bine, dac\u0103 a\u0219a stau lucrurile, cu siguran\u021b\u0103 c\u0103 vei vrea s\u0103 \u0219tii care sunt op\u021biunile tale online. Toate marile jocuri de loterie, de aproape oriunde \u00een lume, sunt disponibile pentru ca tu s\u0103 le po\u021bi juca online. Nu trebuie dec\u00e2t s\u0103 \u0219tii unde anume s\u0103 cau\u021bi [&hellip;]<\/p>\n","protected":false},"author":1,"featured_media":0,"parent":0,"menu_order":2,"comment_status":"closed","ping_status":"closed","template":"Play-all.php","meta":{"_et_pb_use_builder":"","_et_pb_old_content":"","_et_gb_content_width":"","exclude_from_search":false,"footnotes":""},"class_list":["post-5032","page","type-page","status-publish","hentry"],"yoast_head":"<!-- This site is optimized with the Yoast SEO plugin v23.4 - https:\/\/yoast.com\/wordpress\/plugins\/seo\/ -->\n<title>Joac\u0103 la loto online - mai multe jackpoturi pentru fanii loteriei din lumea \u00eentreag\u0103.<\/title>\n<meta name=\"description\" content=\"Noi \u00ee\u021bi facilit\u0103m jocul la loteriile str\u0103ine online - toate marile jackpoturi sunt aici.\" \/>\n<meta name=\"robots\" content=\"index, follow, max-snippet:-1, max-image-preview:large, max-video-preview:-1\" \/>\n<link rel=\"canonical\" href=\"https:\/\/onlinelotto365.com\/ro\/joaca\/\" \/>\n<meta property=\"og:locale\" content=\"ro_RO\" \/>\n<meta property=\"og:type\" content=\"article\" \/>\n<meta property=\"og:title\" content=\"Joac\u0103 la loto online - mai multe jackpoturi pentru fanii loteriei din lumea \u00eentreag\u0103.\" \/>\n<meta property=\"og:description\" content=\"Noi \u00ee\u021bi facilit\u0103m jocul la loteriile str\u0103ine online - toate marile jackpoturi sunt aici.\" \/>\n<meta property=\"og:url\" content=\"https:\/\/onlinelotto365.com\/ro\/joaca\/\" \/>\n<meta property=\"og:site_name\" content=\"OnlineLotto365\" \/>\n<meta property=\"article:modified_time\" content=\"2022-11-08T10:54:03+00:00\" \/>\n<meta property=\"og:image\" content=\"https:\/\/redfoxlotto.com\/image?size=7&amp;lottery=mega-millions\" \/>\n<meta name=\"twitter:card\" content=\"summary_large_image\" \/>\n<meta name=\"twitter:label1\" content=\"Timp estimat pentru citire\" \/>\n\t<meta name=\"twitter:data1\" content=\"3 minute\" \/>\n<script type=\"application\/ld+json\" class=\"yoast-schema-graph\">{\"@context\":\"https:\/\/schema.org\",\"@graph\":[{\"@type\":\"WebPage\",\"@id\":\"https:\/\/onlinelotto365.com\/ro\/joaca\/\",\"url\":\"https:\/\/onlinelotto365.com\/ro\/joaca\/\",\"name\":\"Joac\u0103 la loto online - mai multe jackpoturi pentru fanii loteriei din lumea \u00eentreag\u0103.\",\"isPartOf\":{\"@id\":\"https:\/\/onlinelotto365.com\/ro\/#website\"},\"primaryImageOfPage\":{\"@id\":\"https:\/\/onlinelotto365.com\/ro\/joaca\/#primaryimage\"},\"image\":{\"@id\":\"https:\/\/onlinelotto365.com\/ro\/joaca\/#primaryimage\"},\"thumbnailUrl\":\"https:\/\/redfoxlotto.com\/image?size=7&amp;lottery=mega-millions\",\"datePublished\":\"2020-12-03T08:49:09+00:00\",\"dateModified\":\"2022-11-08T10:54:03+00:00\",\"description\":\"Noi \u00ee\u021bi facilit\u0103m jocul la loteriile str\u0103ine online - toate marile jackpoturi sunt aici.\",\"breadcrumb\":{\"@id\":\"https:\/\/onlinelotto365.com\/ro\/joaca\/#breadcrumb\"},\"inLanguage\":\"ro-RO\",\"potentialAction\":[{\"@type\":\"ReadAction\",\"target\":[\"https:\/\/onlinelotto365.com\/ro\/joaca\/\"]}]},{\"@type\":\"ImageObject\",\"inLanguage\":\"ro-RO\",\"@id\":\"https:\/\/onlinelotto365.com\/ro\/joaca\/#primaryimage\",\"url\":\"https:\/\/redfoxlotto.com\/image?size=7&amp;lottery=mega-millions\",\"contentUrl\":\"https:\/\/redfoxlotto.com\/image?size=7&amp;lottery=mega-millions\"},{\"@type\":\"BreadcrumbList\",\"@id\":\"https:\/\/onlinelotto365.com\/ro\/joaca\/#breadcrumb\",\"itemListElement\":[{\"@type\":\"ListItem\",\"position\":1,\"name\":\"Home\",\"item\":\"https:\/\/onlinelotto365.com\/ro\/\"},{\"@type\":\"ListItem\",\"position\":2,\"name\":\"Tot ceea ce trebuie s\u0103 \u0219tii despre op\u021biunile tale de a juca la cele mai bune loterii online.\"}]},{\"@type\":\"WebSite\",\"@id\":\"https:\/\/onlinelotto365.com\/ro\/#website\",\"url\":\"https:\/\/onlinelotto365.com\/ro\/\",\"name\":\"OnlineLotto365\",\"description\":\"\",\"potentialAction\":[{\"@type\":\"SearchAction\",\"target\":{\"@type\":\"EntryPoint\",\"urlTemplate\":\"https:\/\/onlinelotto365.com\/ro\/?s={search_term_string}\"},\"query-input\":{\"@type\":\"PropertyValueSpecification\",\"valueRequired\":true,\"valueName\":\"search_term_string\"}}],\"inLanguage\":\"ro-RO\"}]}<\/script>\n<!-- \/ Yoast SEO plugin. -->","yoast_head_json":{"title":"Joac\u0103 la loto online - mai multe jackpoturi pentru fanii loteriei din lumea \u00eentreag\u0103.","description":"Noi \u00ee\u021bi facilit\u0103m jocul la loteriile str\u0103ine online - toate marile jackpoturi sunt aici.","robots":{"index":"index","follow":"follow","max-snippet":"max-snippet:-1","max-image-preview":"max-image-preview:large","max-video-preview":"max-video-preview:-1"},"canonical":"https:\/\/onlinelotto365.com\/ro\/joaca\/","og_locale":"ro_RO","og_type":"article","og_title":"Joac\u0103 la loto online - mai multe jackpoturi pentru fanii loteriei din lumea \u00eentreag\u0103.","og_description":"Noi \u00ee\u021bi facilit\u0103m jocul la loteriile str\u0103ine online - toate marile jackpoturi sunt aici.","og_url":"https:\/\/onlinelotto365.com\/ro\/joaca\/","og_site_name":"OnlineLotto365","article_modified_time":"2022-11-08T10:54:03+00:00","og_image":[{"url":"https:\/\/redfoxlotto.com\/image?size=7&amp;lottery=mega-millions"}],"twitter_card":"summary_large_image","twitter_misc":{"Timp estimat pentru citire":"3 minute"},"schema":{"@context":"https:\/\/schema.org","@graph":[{"@type":"WebPage","@id":"https:\/\/onlinelotto365.com\/ro\/joaca\/","url":"https:\/\/onlinelotto365.com\/ro\/joaca\/","name":"Joac\u0103 la loto online - mai multe jackpoturi pentru fanii loteriei din lumea \u00eentreag\u0103.","isPartOf":{"@id":"https:\/\/onlinelotto365.com\/ro\/#website"},"primaryImageOfPage":{"@id":"https:\/\/onlinelotto365.com\/ro\/joaca\/#primaryimage"},"image":{"@id":"https:\/\/onlinelotto365.com\/ro\/joaca\/#primaryimage"},"thumbnailUrl":"https:\/\/redfoxlotto.com\/image?size=7&amp;lottery=mega-millions","datePublished":"2020-12-03T08:49:09+00:00","dateModified":"2022-11-08T10:54:03+00:00","description":"Noi \u00ee\u021bi facilit\u0103m jocul la loteriile str\u0103ine online - toate marile jackpoturi sunt aici.","breadcrumb":{"@id":"https:\/\/onlinelotto365.com\/ro\/joaca\/#breadcrumb"},"inLanguage":"ro-RO","potentialAction":[{"@type":"ReadAction","target":["https:\/\/onlinelotto365.com\/ro\/joaca\/"]}]},{"@type":"ImageObject","inLanguage":"ro-RO","@id":"https:\/\/onlinelotto365.com\/ro\/joaca\/#primaryimage","url":"https:\/\/redfoxlotto.com\/image?size=7&amp;lottery=mega-millions","contentUrl":"https:\/\/redfoxlotto.com\/image?size=7&amp;lottery=mega-millions"},{"@type":"BreadcrumbList","@id":"https:\/\/onlinelotto365.com\/ro\/joaca\/#breadcrumb","itemListElement":[{"@type":"ListItem","position":1,"name":"Home","item":"https:\/\/onlinelotto365.com\/ro\/"},{"@type":"ListItem","position":2,"name":"Tot ceea ce trebuie s\u0103 \u0219tii despre op\u021biunile tale de a juca la cele mai bune loterii online."}]},{"@type":"WebSite","@id":"https:\/\/onlinelotto365.com\/ro\/#website","url":"https:\/\/onlinelotto365.com\/ro\/","name":"OnlineLotto365","description":"","potentialAction":[{"@type":"SearchAction","target":{"@type":"EntryPoint","urlTemplate":"https:\/\/onlinelotto365.com\/ro\/?s={search_term_string}"},"query-input":{"@type":"PropertyValueSpecification","valueRequired":true,"valueName":"search_term_string"}}],"inLanguage":"ro-RO"}]}},"_links":{"self":[{"href":"https:\/\/onlinelotto365.com\/ro\/wp-json\/wp\/v2\/pages\/5032","targetHints":{"allow":["GET"]}}],"collection":[{"href":"https:\/\/onlinelotto365.com\/ro\/wp-json\/wp\/v2\/pages"}],"about":[{"href":"https:\/\/onlinelotto365.com\/ro\/wp-json\/wp\/v2\/types\/page"}],"author":[{"embeddable":true,"href":"https:\/\/onlinelotto365.com\/ro\/wp-json\/wp\/v2\/users\/1"}],"replies":[{"embeddable":true,"href":"https:\/\/onlinelotto365.com\/ro\/wp-json\/wp\/v2\/comments?post=5032"}],"version-history":[{"count":0,"href":"https:\/\/onlinelotto365.com\/ro\/wp-json\/wp\/v2\/pages\/5032\/revisions"}],"wp:attachment":[{"href":"https:\/\/onlinelotto365.com\/ro\/wp-json\/wp\/v2\/media?parent=5032"}],"curies":[{"name":"wp","href":"https:\/\/api.w.org\/{rel}","templated":true}]}}