{"id":5673,"date":"2020-12-04T18:59:23","date_gmt":"2020-12-04T17:59:23","guid":{"rendered":"http:\/\/onlinelotto365.net\/?page_id=5673"},"modified":"2021-03-02T08:17:07","modified_gmt":"2021-03-02T07:17:07","slug":"cumpara-bilete","status":"publish","type":"page","link":"https:\/\/onlinelotto365.com\/ro\/cumpara-bilete\/","title":{"rendered":"De ce are mai mult sens s\u0103 cumperi bilete la loterie online."},"content":{"rendered":"<p>\u00cen general, s\u0103 cumperi lucruri online este mult mai convenabil. Acest lucru func\u021bioneaz\u0103 \u0219i pentru achizi\u021bionarea biletelor la loterie. Nu trebuie s\u0103 ie\u0219i din cas\u0103, s\u0103 cheltui bani pe carburant sau s\u0103 a\u0219tep\u021bi la coad\u0103 \u00een magazinul de loto.<\/p>\n<p>Totu\u0219i, ceea ce este mai important este faptul c\u0103 nu mai e\u0219ti limitat la loteria local\u0103. Toate acele premii \u0219i loterii din \u021b\u0103ri \u00eendep\u0103rtate sunt la dispozi\u021bia ta, online, prin intermediul serviciului nostru. Nu trebuie s\u0103 te mul\u021bume\u0219ti cu jackpoturile mici. Nu va mai trebui s\u0103 a\u0219tep\u021bi p\u00e2n\u0103 c\u00e2nd jackpotul local este suficient de mare.<br \/>\n<a href=\"https:\/\/redfoxlotto.com\/?ref=a8564250a2&amp;medium=ol365\" target=\"_blank\" rel=\"noopener noreferrer\"><img loading=\"lazy\" decoding=\"async\" class=\"aligncenter\" src=\"https:\/\/redfoxlotto.com\/image?size=8&amp;lottery=euromillions\" alt=\"Euromillions\" width=\"720\" height=\"90\" \/><\/a><br \/>\nLoteriile precum Mega Millions, Powerball, Euromillions, Eurojackpot \u0219i Superenalotto (doar s\u0103 enum\u0103r c\u00e2teva) sunt mult mai atractive dec\u00e2t premiile loteriilor na\u021bionale obi\u0219nuite. Cump\u0103r\u0103 bilete online pentru una sau mai multe loterii, particip\u0103 la una sau la mai multe extrageri \u2013 aici totul este posibil. Acesta este un serviciu complet legal \u2013 practic, este un serviciu de mesagerie pentru biletele de loterie.<\/p>\n<h2>Cum func\u021bioneaz\u0103 procesul de cump\u0103rare al biletelor de loterie?<\/h2>\n<p>Am \u00eencercat s\u0103 facem ca \u00eentreg procesul s\u0103 fie c\u00e2t mai simplu \u0219i mai rapid pentru tine. Platforma noastr\u0103 te va ghida prin etapele pe care trebuie s\u0103 le parcurgi pentru a cump\u0103ra bilete, pentru a \u00eenregistra un cont de client \u0219i, \u00een cele din urm\u0103, pentru a pl\u0103ti online. Dac\u0103 ai \u00eentreb\u0103ri, \u00ee\u021bi recomand\u0103m ca mai \u00eent\u00e2i s\u0103 analizezi sec\u021biunea de \u00ceF. Cele mai frecvente probleme vor fi rezolvate dac\u0103 cite\u0219ti aceste comentarii. Dac\u0103 \u00een continuare ai probleme, po\u021bi contacta echipa noastr\u0103 de asisten\u021b\u0103. Ace\u0219tia vor r\u0103spunde la \u00eentreb\u0103rile tale \u00een decurs de 24 de ore.<\/p>\n<h2>Verific\u0103 rezultatele \u00eentr-un mod simplu<\/h2>\n<p><img loading=\"lazy\" decoding=\"async\" class=\" wp-image-729 alignright\" src=\"https:\/\/onlinelotto365.com\/wp-content\/uploads\/2020\/11\/online_lottery-52-300x169.jpg\" alt=\"cump\u0103r\u0103 bilete loterie online\" width=\"210\" height=\"119\" \/><br \/>\nAtunci c\u00e2nd cumperi un bilet online, va fi mai u\u0219or s\u0103 verifici rezultatele ulterior. Nu trebuie dec\u00e2t s\u0103 revii aici, s\u0103 te conectezi la cont \u0219i s\u0103 arunci o privire la biletele pe care le ai. Numerele c\u00e2\u0219tig\u0103toare vor fi eviden\u021biate iar rezultatele extragerii vor fi afi\u0219ate chiar l\u00e2ng\u0103 bilet. Tot noi \u00ee\u021bi vom spune \u0219i care este suma pe care ai c\u00e2\u0219tigat-o.<br \/>\nPo\u021bi g\u0103si aici \u0219i o arhiv\u0103 a rezultatelor extragerilor anterioare. Multora dintre juc\u0103torii no\u0219tri le place s\u0103 verifice rezultatele anterioare \u0219i s\u0103 aleag\u0103 numere pentru biletul urm\u0103tor, \u00een func\u021bie de numerele c\u00e2\u0219tig\u0103toare anterioare.<\/p>\n<h2>Cump\u0103rarea \u0219i plata biletelor de loterie \u00een cel mai sigur mod<\/h2>\n<p>Nu trebuie s\u0103 te \u00eengrijorezi cu privire la securitatea detaliilor pentru plat\u0103, cum ar fi datele cardului de credit sau numerele contului bancar. Pe parcursul procesului de plat\u0103, folosim cea mai nou\u0103 \u0219i mai sigur\u0103 tehnologie de criptare. Oferim \u0219i o serie de op\u021biuni de plat\u0103. Cea mai popular\u0103 op\u021biune este de a pl\u0103ti cu card de credit, dar po\u021bi folosi Bitcoin, transfer bancar (din unele \u021b\u0103ri) \u0219i alte c\u00e2teva op\u021biuni pentru a cump\u0103ra bilete.<\/p>\n","protected":false},"excerpt":{"rendered":"<p>\u00cen general, s\u0103 cumperi lucruri online este mult mai convenabil. Acest lucru func\u021bioneaz\u0103 \u0219i pentru achizi\u021bionarea biletelor la loterie. Nu trebuie s\u0103 ie\u0219i din cas\u0103, s\u0103 cheltui bani pe carburant sau s\u0103 a\u0219tep\u021bi la coad\u0103 \u00een magazinul de loto. Totu\u0219i, ceea ce este mai important este faptul c\u0103 nu mai e\u0219ti limitat la loteria local\u0103. [&hellip;]<\/p>\n","protected":false},"author":1,"featured_media":0,"parent":0,"menu_order":3,"comment_status":"closed","ping_status":"closed","template":"Information.php","meta":{"_et_pb_use_builder":"","_et_pb_old_content":"","_et_gb_content_width":"","exclude_from_search":false,"footnotes":""},"class_list":["post-5673","page","type-page","status-publish","hentry"],"yoast_head":"<!-- This site is optimized with the Yoast SEO plugin v23.4 - https:\/\/yoast.com\/wordpress\/plugins\/seo\/ -->\n<title>Cump\u0103r\u0103 bilete online pentru cele mai mari jackpoturi de pe planet\u0103<\/title>\n<meta name=\"description\" content=\"\u00cenc\u0103 achizi\u021bionezi bilete pentru loteria local\u0103? Exist\u0103 jackpoturi de loterie mai bune - doar cump\u0103r\u0103-\u021bi biletele online!\" \/>\n<meta name=\"robots\" content=\"index, follow, max-snippet:-1, max-image-preview:large, max-video-preview:-1\" \/>\n<link rel=\"canonical\" href=\"https:\/\/onlinelotto365.com\/ro\/cumpara-bilete\/\" \/>\n<meta property=\"og:locale\" content=\"ro_RO\" \/>\n<meta property=\"og:type\" content=\"article\" \/>\n<meta property=\"og:title\" content=\"Cump\u0103r\u0103 bilete online pentru cele mai mari jackpoturi de pe planet\u0103\" \/>\n<meta property=\"og:description\" content=\"\u00cenc\u0103 achizi\u021bionezi bilete pentru loteria local\u0103? Exist\u0103 jackpoturi de loterie mai bune - doar cump\u0103r\u0103-\u021bi biletele online!\" \/>\n<meta property=\"og:url\" content=\"https:\/\/onlinelotto365.com\/ro\/cumpara-bilete\/\" \/>\n<meta property=\"og:site_name\" content=\"OnlineLotto365\" \/>\n<meta property=\"article:modified_time\" content=\"2021-03-02T07:17:07+00:00\" \/>\n<meta property=\"og:image\" content=\"https:\/\/redfoxlotto.com\/image?size=8&amp;lottery=euromillions\" \/>\n<meta name=\"twitter:card\" content=\"summary_large_image\" \/>\n<meta name=\"twitter:label1\" content=\"Timp estimat pentru citire\" \/>\n\t<meta name=\"twitter:data1\" content=\"3 minute\" \/>\n<script type=\"application\/ld+json\" class=\"yoast-schema-graph\">{\"@context\":\"https:\/\/schema.org\",\"@graph\":[{\"@type\":\"WebPage\",\"@id\":\"https:\/\/onlinelotto365.com\/ro\/cumpara-bilete\/\",\"url\":\"https:\/\/onlinelotto365.com\/ro\/cumpara-bilete\/\",\"name\":\"Cump\u0103r\u0103 bilete online pentru cele mai mari jackpoturi de pe planet\u0103\",\"isPartOf\":{\"@id\":\"https:\/\/onlinelotto365.com\/ro\/#website\"},\"primaryImageOfPage\":{\"@id\":\"https:\/\/onlinelotto365.com\/ro\/cumpara-bilete\/#primaryimage\"},\"image\":{\"@id\":\"https:\/\/onlinelotto365.com\/ro\/cumpara-bilete\/#primaryimage\"},\"thumbnailUrl\":\"https:\/\/redfoxlotto.com\/image?size=8&amp;lottery=euromillions\",\"datePublished\":\"2020-12-04T17:59:23+00:00\",\"dateModified\":\"2021-03-02T07:17:07+00:00\",\"description\":\"\u00cenc\u0103 achizi\u021bionezi bilete pentru loteria local\u0103? Exist\u0103 jackpoturi de loterie mai bune - doar cump\u0103r\u0103-\u021bi biletele online!\",\"breadcrumb\":{\"@id\":\"https:\/\/onlinelotto365.com\/ro\/cumpara-bilete\/#breadcrumb\"},\"inLanguage\":\"ro-RO\",\"potentialAction\":[{\"@type\":\"ReadAction\",\"target\":[\"https:\/\/onlinelotto365.com\/ro\/cumpara-bilete\/\"]}]},{\"@type\":\"ImageObject\",\"inLanguage\":\"ro-RO\",\"@id\":\"https:\/\/onlinelotto365.com\/ro\/cumpara-bilete\/#primaryimage\",\"url\":\"https:\/\/redfoxlotto.com\/image?size=8&amp;lottery=euromillions\",\"contentUrl\":\"https:\/\/redfoxlotto.com\/image?size=8&amp;lottery=euromillions\"},{\"@type\":\"BreadcrumbList\",\"@id\":\"https:\/\/onlinelotto365.com\/ro\/cumpara-bilete\/#breadcrumb\",\"itemListElement\":[{\"@type\":\"ListItem\",\"position\":1,\"name\":\"Home\",\"item\":\"https:\/\/onlinelotto365.com\/ro\/\"},{\"@type\":\"ListItem\",\"position\":2,\"name\":\"De ce are mai mult sens s\u0103 cumperi bilete la loterie online.\"}]},{\"@type\":\"WebSite\",\"@id\":\"https:\/\/onlinelotto365.com\/ro\/#website\",\"url\":\"https:\/\/onlinelotto365.com\/ro\/\",\"name\":\"OnlineLotto365\",\"description\":\"\",\"potentialAction\":[{\"@type\":\"SearchAction\",\"target\":{\"@type\":\"EntryPoint\",\"urlTemplate\":\"https:\/\/onlinelotto365.com\/ro\/?s={search_term_string}\"},\"query-input\":{\"@type\":\"PropertyValueSpecification\",\"valueRequired\":true,\"valueName\":\"search_term_string\"}}],\"inLanguage\":\"ro-RO\"}]}<\/script>\n<!-- \/ Yoast SEO plugin. -->","yoast_head_json":{"title":"Cump\u0103r\u0103 bilete online pentru cele mai mari jackpoturi de pe planet\u0103","description":"\u00cenc\u0103 achizi\u021bionezi bilete pentru loteria local\u0103? Exist\u0103 jackpoturi de loterie mai bune - doar cump\u0103r\u0103-\u021bi biletele online!","robots":{"index":"index","follow":"follow","max-snippet":"max-snippet:-1","max-image-preview":"max-image-preview:large","max-video-preview":"max-video-preview:-1"},"canonical":"https:\/\/onlinelotto365.com\/ro\/cumpara-bilete\/","og_locale":"ro_RO","og_type":"article","og_title":"Cump\u0103r\u0103 bilete online pentru cele mai mari jackpoturi de pe planet\u0103","og_description":"\u00cenc\u0103 achizi\u021bionezi bilete pentru loteria local\u0103? Exist\u0103 jackpoturi de loterie mai bune - doar cump\u0103r\u0103-\u021bi biletele online!","og_url":"https:\/\/onlinelotto365.com\/ro\/cumpara-bilete\/","og_site_name":"OnlineLotto365","article_modified_time":"2021-03-02T07:17:07+00:00","og_image":[{"url":"https:\/\/redfoxlotto.com\/image?size=8&amp;lottery=euromillions"}],"twitter_card":"summary_large_image","twitter_misc":{"Timp estimat pentru citire":"3 minute"},"schema":{"@context":"https:\/\/schema.org","@graph":[{"@type":"WebPage","@id":"https:\/\/onlinelotto365.com\/ro\/cumpara-bilete\/","url":"https:\/\/onlinelotto365.com\/ro\/cumpara-bilete\/","name":"Cump\u0103r\u0103 bilete online pentru cele mai mari jackpoturi de pe planet\u0103","isPartOf":{"@id":"https:\/\/onlinelotto365.com\/ro\/#website"},"primaryImageOfPage":{"@id":"https:\/\/onlinelotto365.com\/ro\/cumpara-bilete\/#primaryimage"},"image":{"@id":"https:\/\/onlinelotto365.com\/ro\/cumpara-bilete\/#primaryimage"},"thumbnailUrl":"https:\/\/redfoxlotto.com\/image?size=8&amp;lottery=euromillions","datePublished":"2020-12-04T17:59:23+00:00","dateModified":"2021-03-02T07:17:07+00:00","description":"\u00cenc\u0103 achizi\u021bionezi bilete pentru loteria local\u0103? Exist\u0103 jackpoturi de loterie mai bune - doar cump\u0103r\u0103-\u021bi biletele online!","breadcrumb":{"@id":"https:\/\/onlinelotto365.com\/ro\/cumpara-bilete\/#breadcrumb"},"inLanguage":"ro-RO","potentialAction":[{"@type":"ReadAction","target":["https:\/\/onlinelotto365.com\/ro\/cumpara-bilete\/"]}]},{"@type":"ImageObject","inLanguage":"ro-RO","@id":"https:\/\/onlinelotto365.com\/ro\/cumpara-bilete\/#primaryimage","url":"https:\/\/redfoxlotto.com\/image?size=8&amp;lottery=euromillions","contentUrl":"https:\/\/redfoxlotto.com\/image?size=8&amp;lottery=euromillions"},{"@type":"BreadcrumbList","@id":"https:\/\/onlinelotto365.com\/ro\/cumpara-bilete\/#breadcrumb","itemListElement":[{"@type":"ListItem","position":1,"name":"Home","item":"https:\/\/onlinelotto365.com\/ro\/"},{"@type":"ListItem","position":2,"name":"De ce are mai mult sens s\u0103 cumperi bilete la loterie online."}]},{"@type":"WebSite","@id":"https:\/\/onlinelotto365.com\/ro\/#website","url":"https:\/\/onlinelotto365.com\/ro\/","name":"OnlineLotto365","description":"","potentialAction":[{"@type":"SearchAction","target":{"@type":"EntryPoint","urlTemplate":"https:\/\/onlinelotto365.com\/ro\/?s={search_term_string}"},"query-input":{"@type":"PropertyValueSpecification","valueRequired":true,"valueName":"search_term_string"}}],"inLanguage":"ro-RO"}]}},"_links":{"self":[{"href":"https:\/\/onlinelotto365.com\/ro\/wp-json\/wp\/v2\/pages\/5673","targetHints":{"allow":["GET"]}}],"collection":[{"href":"https:\/\/onlinelotto365.com\/ro\/wp-json\/wp\/v2\/pages"}],"about":[{"href":"https:\/\/onlinelotto365.com\/ro\/wp-json\/wp\/v2\/types\/page"}],"author":[{"embeddable":true,"href":"https:\/\/onlinelotto365.com\/ro\/wp-json\/wp\/v2\/users\/1"}],"replies":[{"embeddable":true,"href":"https:\/\/onlinelotto365.com\/ro\/wp-json\/wp\/v2\/comments?post=5673"}],"version-history":[{"count":0,"href":"https:\/\/onlinelotto365.com\/ro\/wp-json\/wp\/v2\/pages\/5673\/revisions"}],"wp:attachment":[{"href":"https:\/\/onlinelotto365.com\/ro\/wp-json\/wp\/v2\/media?parent=5673"}],"curies":[{"name":"wp","href":"https:\/\/api.w.org\/{rel}","templated":true}]}}