{"id":58285,"date":"2021-03-09T11:55:42","date_gmt":"2021-03-09T10:55:42","guid":{"rendered":"https:\/\/onlinelotto365.com\/?page_id=58285"},"modified":"2021-03-09T11:55:42","modified_gmt":"2021-03-09T10:55:42","slug":"powerball","status":"publish","type":"page","link":"https:\/\/onlinelotto365.com\/ro\/joaca\/powerball\/","title":{"rendered":"Cum pot reziden\u021bii din Rom\u00e2nia s\u0103 joace Powerball online?"},"content":{"rendered":"<p>Este chiar simplu s\u0103 joci Powerball online, chiar dac\u0103 e\u0219ti \u00een Rom\u00e2nia. \u0218i este foarte convenabil.<\/p>\n<p>Asigur\u0103-te c\u0103 alegi loteria potrivit\u0103, adic\u0103 Powerball. Apoi alegi numerele.<\/p>\n<p>Exist\u0103 \u0219i o metod\u0103 pe care mul\u021bi juc\u0103tori o folosesc &#8211; func\u021bia de alegere rapid\u0103. Tot ce trebuie s\u0103 faci este s\u0103 dai click pe butonul de alegere \u0219i site-ul va alege c\u00e2teva numere la \u00eent\u00e2mplare.<br \/>\n<a href=\"https:\/\/redfoxlotto.com\/play\/powerball\/?ref=a8564250a2&amp;medium=ol365\" target=\"_blank\" rel=\"noopener noreferrer\"><img loading=\"lazy\" decoding=\"async\" class=\"aligncenter\" src=\"https:\/\/redfoxlotto.com\/image?size=8&amp;lottery=powerball\" alt=\"powerball\" width=\"793\" height=\"98\" \/><\/a><br \/>\nOdat\u0103 ce ai ales numerele pentru Powerball, po\u021bi alege alt\u0103 loterie, juca mai multe bilete la loterie \u0219i le po\u021bi ad\u0103uga la comanda ta. Odat\u0103 ce ai terminat, d\u0103 click pentru a finaliza comanda \u0219i pl\u0103te\u0219te biletele. Acum va trebui s\u0103 creezi un cont. Bine\u00een\u021beles. po\u021bi crea contul prima dat\u0103 \u0219i apoi po\u021bi comanda biletele.<\/p>\n<p>Dup\u0103 ce ai creat contul, \u00eenregistrarea pe site trebuie verificat\u0103. \u00ce\u021bi vom trimite o notificare pe email cu un link. Ar fi o idee bun\u0103 s\u0103 marchezi adresa noastr\u0103 de email ca una de \u00eencredere pentru a te asigura c\u0103 prime\u0219ti mesajele importante cum ar fi notific\u0103rile de c\u00e2\u0219tig. Acesta este unul din avantajele de a juca Powerball online &#8211; nu vei rata niciodat\u0103 un c\u00e2\u0219tig pentru c\u0103 \u00ee\u021bi vom trimite mereu o notificare.<\/p>\n<p>Serviciul nostru a adus jocul la loterie la standardele secolului 21 \u0219i acesta este cel mai bun lucru care s-a \u00eent\u00e2mplat pentru loterii de c\u00e2nd s-au pus biletele \u00een v\u00e2nzare. Dac\u0103 nu profi\u021bi de acest serviciu online, ratezi o mul\u021bime de beneficii pe care loteria \u021bi le pune la dispozi\u021bie.<\/p>\n<h2>Despre Powerball<\/h2>\n<p><img loading=\"lazy\" decoding=\"async\" class=\"size-medium wp-image-1356 alignright\" src=\"https:\/\/onlinelotto365.com\/wp-content\/uploads\/2020\/11\/online_lottery-117-300x217.jpg\" alt=\"Joac\u0103 powerball online\" width=\"300\" height=\"217\" \/><\/p>\n<ul>\n<li>\u021aara: SUA<\/li>\n<li>Numere principale: 69<\/li>\n<li>Alegi: 5<\/li>\n<li>Numere extra: 26<\/li>\n<li>Alegi: 1<\/li>\n<li>Zile, ore extrageri: Miercuri, S\u00e2mb\u0103t\u0103, 21:00 EST, +1 zi 3:00 CET<\/li>\n<li>Potul cel mare minim: 40 milioane de dolari<\/li>\n<li>Potul cel mare limitat la maxim: niciunul<\/li>\n<li>Probabilitatea de a c\u00e2\u0219tiga potul cel mare Powerball: 1 din 175.223.510<\/li>\n<li>Probabilitatea unui c\u00e2\u0219tig de nivelul 2: 1 din 5.006.386<\/li>\n<li>Probabilitatea de a c\u00e2\u0219tiga \u00een orice nivel: 1 din 24,87<\/li>\n<li>Niveluri de c\u00e2\u0219tig: 9<\/li>\n<\/ul>\n<h2>Cele mai bune caracteristici ale Powerball<\/h2>\n<p><img loading=\"lazy\" decoding=\"async\" class=\"size-medium wp-image-1521 alignright\" src=\"https:\/\/onlinelotto365.com\/wp-content\/uploads\/2020\/11\/online_lottery-133-300x212.jpg\" alt=\"powerball sua din Romania\" width=\"300\" height=\"212\" \/><br \/>\nIndiferent de c\u00e2t de mari sunt visele tale, loteria Powerball are puterea de a \u021bi le satisface. Cu poturi ce con\u021bin sute de milioane de dolari, este cu siguran\u021b\u0103 o sum\u0103 uria\u0219\u0103 c\u00e2nd vine vorba de c\u00e2\u0219tiguri.<\/p>\n<p>De fiecare dat\u0103 c\u00e2nd nu exist\u0103 un c\u00e2\u0219tig\u0103tori, potul cel mare cre\u0219te, adesea cu o sut\u0103 sau dou\u0103 sute de milioane, sau chiar trei sute de milioane odat\u0103. Cred c\u0103 ai fi de acord c\u0103 \u0219i 40 de milioane de dolari este suficient s\u0103 putem s\u0103 ne \u00eendeplinim toate visele dar atunci c\u00e2nd vine vorba de loterii, cu c\u00e2t mai mult, cu at\u00e2t mai bine a\u0219a c\u0103 dac\u0103 e\u0219ti ca majoritatea \u0219i vrei s\u0103 joci \u00een liga cea mare, acest joc este pentru tine.<\/p>\n<h2>Ce mai trebuie s\u0103 \u0219tii despre Powerball online<\/h2>\n<p>Powerball ofer\u0103 c\u00e2\u0219tig\u0103torilor dou\u0103 metode de a primi c\u00e2\u0219tigurile. Po\u021bi alege s\u0103 prime\u0219ti o singur\u0103 plat\u0103 acum sau po\u021bi primi \u0219i mai mul\u021bi bani \u00een 30 de rate.<\/p>\n<h2>Cum s\u0103 verifici rezultatele la Powerball din Rom\u00e2nia<\/h2>\n<p>Exist\u0103 o modalitate de a verifica numerele c\u00e2\u0219tig\u0103toare \u0219i rezultatele Powerball din Rom\u00e2nia dar dac\u0103 ai jucat Powerball online, cea mai u\u0219oar\u0103 variant\u0103 este s\u0103 te \u00eentorci de unde ai cump\u0103rat biletul. \u00cen contul t\u0103u po\u021bi compara numerele cu cele de la ultima extragere. De asemenea, vei primi un email de fiecare dat\u0103 c\u00e2nd biletele tale au fost c\u00e2\u0219tig\u0103toare.<\/p>\n<h2>Ai jucat Powerball online \u0219i ai c\u00e2\u0219tigat &#8211; ce se \u00eent\u00e2mpl\u0103 \u00een continuare?<\/h2>\n<p>Ne ocup\u0103m de pl\u0103\u021bi pentru tine a\u0219a c\u0103 nu trebuie s\u0103-\u021bi faci griji \u00een privin\u021ba primirii pl\u0103\u021bilor. \u0218i nu lu\u0103m nici un comision din c\u00e2\u0219tiguri.<\/p>\n","protected":false},"excerpt":{"rendered":"<p>Este chiar simplu s\u0103 joci Powerball online, chiar dac\u0103 e\u0219ti \u00een Rom\u00e2nia. \u0218i este foarte convenabil. Asigur\u0103-te c\u0103 alegi loteria potrivit\u0103, adic\u0103 Powerball. Apoi alegi numerele. Exist\u0103 \u0219i o metod\u0103 pe care mul\u021bi juc\u0103tori o folosesc &#8211; func\u021bia de alegere rapid\u0103. Tot ce trebuie s\u0103 faci este s\u0103 dai click pe butonul de alegere \u0219i [&hellip;]<\/p>\n","protected":false},"author":1,"featured_media":0,"parent":5032,"menu_order":1,"comment_status":"closed","ping_status":"closed","template":"template-rightsidebar.php","meta":{"_et_pb_use_builder":"","_et_pb_old_content":"","_et_gb_content_width":"","exclude_from_search":false,"footnotes":""},"class_list":["post-58285","page","type-page","status-publish","hentry"],"yoast_head":"<!-- This site is optimized with the Yoast SEO plugin v23.4 - https:\/\/yoast.com\/wordpress\/plugins\/seo\/ -->\n<title>Joac\u0103 Powerball online din Rom\u00e2nia | Pot s\u0103 c\u00e2\u0219tig Powerball din Rom\u00e2nia<\/title>\n<meta name=\"description\" content=\"Joac\u0103 la loteria Powerball aici - cea mai mare loterie din SUA, disponibil\u0103 online din Romania sau orice alt\u0103 \u021bar\u0103\" \/>\n<meta name=\"robots\" content=\"index, follow, max-snippet:-1, max-image-preview:large, max-video-preview:-1\" \/>\n<link rel=\"canonical\" href=\"https:\/\/onlinelotto365.com\/ro\/joaca\/powerball\/\" \/>\n<meta property=\"og:locale\" content=\"ro_RO\" \/>\n<meta property=\"og:type\" content=\"article\" \/>\n<meta property=\"og:title\" content=\"Joac\u0103 Powerball online din Rom\u00e2nia | Pot s\u0103 c\u00e2\u0219tig Powerball din Rom\u00e2nia\" \/>\n<meta property=\"og:description\" content=\"Joac\u0103 la loteria Powerball aici - cea mai mare loterie din SUA, disponibil\u0103 online din Romania sau orice alt\u0103 \u021bar\u0103\" \/>\n<meta property=\"og:url\" content=\"https:\/\/onlinelotto365.com\/ro\/joaca\/powerball\/\" \/>\n<meta property=\"og:site_name\" content=\"OnlineLotto365\" \/>\n<meta property=\"og:image\" content=\"https:\/\/redfoxlotto.com\/image?size=8&amp;lottery=powerball\" \/>\n<meta name=\"twitter:card\" content=\"summary_large_image\" \/>\n<meta name=\"twitter:label1\" content=\"Timp estimat pentru citire\" \/>\n\t<meta name=\"twitter:data1\" content=\"4 minute\" \/>\n<script type=\"application\/ld+json\" class=\"yoast-schema-graph\">{\"@context\":\"https:\/\/schema.org\",\"@graph\":[{\"@type\":\"WebPage\",\"@id\":\"https:\/\/onlinelotto365.com\/ro\/joaca\/powerball\/\",\"url\":\"https:\/\/onlinelotto365.com\/ro\/joaca\/powerball\/\",\"name\":\"Joac\u0103 Powerball online din Rom\u00e2nia | Pot s\u0103 c\u00e2\u0219tig Powerball din Rom\u00e2nia\",\"isPartOf\":{\"@id\":\"https:\/\/onlinelotto365.com\/ro\/#website\"},\"primaryImageOfPage\":{\"@id\":\"https:\/\/onlinelotto365.com\/ro\/joaca\/powerball\/#primaryimage\"},\"image\":{\"@id\":\"https:\/\/onlinelotto365.com\/ro\/joaca\/powerball\/#primaryimage\"},\"thumbnailUrl\":\"https:\/\/redfoxlotto.com\/image?size=8&amp;lottery=powerball\",\"datePublished\":\"2021-03-09T10:55:42+00:00\",\"dateModified\":\"2021-03-09T10:55:42+00:00\",\"description\":\"Joac\u0103 la loteria Powerball aici - cea mai mare loterie din SUA, disponibil\u0103 online din Romania sau orice alt\u0103 \u021bar\u0103\",\"breadcrumb\":{\"@id\":\"https:\/\/onlinelotto365.com\/ro\/joaca\/powerball\/#breadcrumb\"},\"inLanguage\":\"ro-RO\",\"potentialAction\":[{\"@type\":\"ReadAction\",\"target\":[\"https:\/\/onlinelotto365.com\/ro\/joaca\/powerball\/\"]}]},{\"@type\":\"ImageObject\",\"inLanguage\":\"ro-RO\",\"@id\":\"https:\/\/onlinelotto365.com\/ro\/joaca\/powerball\/#primaryimage\",\"url\":\"https:\/\/redfoxlotto.com\/image?size=8&amp;lottery=powerball\",\"contentUrl\":\"https:\/\/redfoxlotto.com\/image?size=8&amp;lottery=powerball\"},{\"@type\":\"BreadcrumbList\",\"@id\":\"https:\/\/onlinelotto365.com\/ro\/joaca\/powerball\/#breadcrumb\",\"itemListElement\":[{\"@type\":\"ListItem\",\"position\":1,\"name\":\"Home\",\"item\":\"https:\/\/onlinelotto365.com\/ro\/\"},{\"@type\":\"ListItem\",\"position\":2,\"name\":\"Tot ceea ce trebuie s\u0103 \u0219tii despre op\u021biunile tale de a juca la cele mai bune loterii online.\",\"item\":\"https:\/\/onlinelotto365.com\/ro\/joaca\/\"},{\"@type\":\"ListItem\",\"position\":3,\"name\":\"Cum pot reziden\u021bii din Rom\u00e2nia s\u0103 joace Powerball online?\"}]},{\"@type\":\"WebSite\",\"@id\":\"https:\/\/onlinelotto365.com\/ro\/#website\",\"url\":\"https:\/\/onlinelotto365.com\/ro\/\",\"name\":\"OnlineLotto365\",\"description\":\"\",\"potentialAction\":[{\"@type\":\"SearchAction\",\"target\":{\"@type\":\"EntryPoint\",\"urlTemplate\":\"https:\/\/onlinelotto365.com\/ro\/?s={search_term_string}\"},\"query-input\":{\"@type\":\"PropertyValueSpecification\",\"valueRequired\":true,\"valueName\":\"search_term_string\"}}],\"inLanguage\":\"ro-RO\"}]}<\/script>\n<!-- \/ Yoast SEO plugin. -->","yoast_head_json":{"title":"Joac\u0103 Powerball online din Rom\u00e2nia | Pot s\u0103 c\u00e2\u0219tig Powerball din Rom\u00e2nia","description":"Joac\u0103 la loteria Powerball aici - cea mai mare loterie din SUA, disponibil\u0103 online din Romania sau orice alt\u0103 \u021bar\u0103","robots":{"index":"index","follow":"follow","max-snippet":"max-snippet:-1","max-image-preview":"max-image-preview:large","max-video-preview":"max-video-preview:-1"},"canonical":"https:\/\/onlinelotto365.com\/ro\/joaca\/powerball\/","og_locale":"ro_RO","og_type":"article","og_title":"Joac\u0103 Powerball online din Rom\u00e2nia | Pot s\u0103 c\u00e2\u0219tig Powerball din Rom\u00e2nia","og_description":"Joac\u0103 la loteria Powerball aici - cea mai mare loterie din SUA, disponibil\u0103 online din Romania sau orice alt\u0103 \u021bar\u0103","og_url":"https:\/\/onlinelotto365.com\/ro\/joaca\/powerball\/","og_site_name":"OnlineLotto365","og_image":[{"url":"https:\/\/redfoxlotto.com\/image?size=8&amp;lottery=powerball"}],"twitter_card":"summary_large_image","twitter_misc":{"Timp estimat pentru citire":"4 minute"},"schema":{"@context":"https:\/\/schema.org","@graph":[{"@type":"WebPage","@id":"https:\/\/onlinelotto365.com\/ro\/joaca\/powerball\/","url":"https:\/\/onlinelotto365.com\/ro\/joaca\/powerball\/","name":"Joac\u0103 Powerball online din Rom\u00e2nia | Pot s\u0103 c\u00e2\u0219tig Powerball din Rom\u00e2nia","isPartOf":{"@id":"https:\/\/onlinelotto365.com\/ro\/#website"},"primaryImageOfPage":{"@id":"https:\/\/onlinelotto365.com\/ro\/joaca\/powerball\/#primaryimage"},"image":{"@id":"https:\/\/onlinelotto365.com\/ro\/joaca\/powerball\/#primaryimage"},"thumbnailUrl":"https:\/\/redfoxlotto.com\/image?size=8&amp;lottery=powerball","datePublished":"2021-03-09T10:55:42+00:00","dateModified":"2021-03-09T10:55:42+00:00","description":"Joac\u0103 la loteria Powerball aici - cea mai mare loterie din SUA, disponibil\u0103 online din Romania sau orice alt\u0103 \u021bar\u0103","breadcrumb":{"@id":"https:\/\/onlinelotto365.com\/ro\/joaca\/powerball\/#breadcrumb"},"inLanguage":"ro-RO","potentialAction":[{"@type":"ReadAction","target":["https:\/\/onlinelotto365.com\/ro\/joaca\/powerball\/"]}]},{"@type":"ImageObject","inLanguage":"ro-RO","@id":"https:\/\/onlinelotto365.com\/ro\/joaca\/powerball\/#primaryimage","url":"https:\/\/redfoxlotto.com\/image?size=8&amp;lottery=powerball","contentUrl":"https:\/\/redfoxlotto.com\/image?size=8&amp;lottery=powerball"},{"@type":"BreadcrumbList","@id":"https:\/\/onlinelotto365.com\/ro\/joaca\/powerball\/#breadcrumb","itemListElement":[{"@type":"ListItem","position":1,"name":"Home","item":"https:\/\/onlinelotto365.com\/ro\/"},{"@type":"ListItem","position":2,"name":"Tot ceea ce trebuie s\u0103 \u0219tii despre op\u021biunile tale de a juca la cele mai bune loterii online.","item":"https:\/\/onlinelotto365.com\/ro\/joaca\/"},{"@type":"ListItem","position":3,"name":"Cum pot reziden\u021bii din Rom\u00e2nia s\u0103 joace Powerball online?"}]},{"@type":"WebSite","@id":"https:\/\/onlinelotto365.com\/ro\/#website","url":"https:\/\/onlinelotto365.com\/ro\/","name":"OnlineLotto365","description":"","potentialAction":[{"@type":"SearchAction","target":{"@type":"EntryPoint","urlTemplate":"https:\/\/onlinelotto365.com\/ro\/?s={search_term_string}"},"query-input":{"@type":"PropertyValueSpecification","valueRequired":true,"valueName":"search_term_string"}}],"inLanguage":"ro-RO"}]}},"_links":{"self":[{"href":"https:\/\/onlinelotto365.com\/ro\/wp-json\/wp\/v2\/pages\/58285","targetHints":{"allow":["GET"]}}],"collection":[{"href":"https:\/\/onlinelotto365.com\/ro\/wp-json\/wp\/v2\/pages"}],"about":[{"href":"https:\/\/onlinelotto365.com\/ro\/wp-json\/wp\/v2\/types\/page"}],"author":[{"embeddable":true,"href":"https:\/\/onlinelotto365.com\/ro\/wp-json\/wp\/v2\/users\/1"}],"replies":[{"embeddable":true,"href":"https:\/\/onlinelotto365.com\/ro\/wp-json\/wp\/v2\/comments?post=58285"}],"version-history":[{"count":0,"href":"https:\/\/onlinelotto365.com\/ro\/wp-json\/wp\/v2\/pages\/58285\/revisions"}],"up":[{"embeddable":true,"href":"https:\/\/onlinelotto365.com\/ro\/wp-json\/wp\/v2\/pages\/5032"}],"wp:attachment":[{"href":"https:\/\/onlinelotto365.com\/ro\/wp-json\/wp\/v2\/media?parent=58285"}],"curies":[{"name":"wp","href":"https:\/\/api.w.org\/{rel}","templated":true}]}}